{"id":1704,"date":"2021-06-21T22:15:14","date_gmt":"2021-06-21T22:15:14","guid":{"rendered":"https:\/\/bozita.com\/se\/?page_id=1704"},"modified":"2021-08-26T20:58:13","modified_gmt":"2021-08-26T20:58:13","slug":"kan-man-trana-sin-katt-eller-kattunge","status":"publish","type":"page","link":"https:\/\/bozita.com\/se\/katt\/kattens-utveckling\/kan-man-trana-sin-katt-eller-kattunge\/","title":{"rendered":"Kan man tr\u00e4na sin katt eller kattunge?"},"content":{"rendered":"\t\t<section class=\"small-hero\">\n\t\t\t<div class=\"container\">\n\t\t\t\t<h1 class=\"small-hero-title\">Kan man tr\u00e4na sin katt eller kattunge?<\/h1>\t\t\t<\/div>\n\t\t\t<\/div>\n\t\t<\/section>\n\t\n\n\t<div class=\"text-box-warp\">\n\t\t<div class=\"container\">\n\t\t\t<div class=\"text-content\">\n\t\t\t\t<p><strong>Dags att \u00e5ka till veterin\u00e4ren eller sommarstugan? F\u00f6r m\u00e5nga katter, och katt\u00e4gare, inneb\u00e4r detta en stress d\u00e5 katter \u00e4r vanedjur och finner trygghet i sin k\u00e4nda milj\u00f6. Men resor eller veterin\u00e4rbes\u00f6k beh\u00f6ver inte n\u00f6dv\u00e4ndigtvis kopplas till oro och stress. Det finns metoder som du kan ta hj\u00e4lp av f\u00f6r att tr\u00e4na din katt och kattunge att v\u00e4nja den vid nya saker. P\u00e5 s\u00e5 s\u00e4tt minskar du risken f\u00f6r att dessa situationer upplevs negativt av katten.<\/strong><\/p>\n<h2>TR\u00c4NA DIN KATT MED BEL\u00d6NINGAR<\/h2>\n<p>Som djur\u00e4gare f\u00f6rv\u00e4ntar vi oss att katter ska hantera ett flertal vardagliga situationer som f\u00f6r katter kan vara onaturliga. T.ex. biltransporter, bes\u00f6k hos veterin\u00e4ren eller daglig sk\u00f6tsel s\u00e5som klov\u00e5rd och tandborstning. Som djur\u00e4gare kan du hj\u00e4lpa din kattunge att hantera dessa och andra ok\u00e4nda situationer genom att tr\u00e4na din katt. Katter svara bra p\u00e5 bel\u00f6ningsbaserad tr\u00e4ning. Detta \u00e4r tr\u00e4ning d\u00e4r \u00f6nskade beteenden f\u00f6rst\u00e4rks genom n\u00e5got som katten uppfattar som bel\u00f6nande och d\u00e4r beteenden du som djur\u00e4gare inte vill se ignoreras. Uppl\u00e4gget kallas positiv f\u00f6rst\u00e4rkning. Vad en bel\u00f6ning \u00e4r kan skilja sig mellan olika individer. Det kan till exempel vara en godbit, lek eller att bli klappad\/borstad. Det viktiga \u00e4r att katten uppfattar det som positivt, det vill s\u00e4ga bel\u00f6nande.<\/p>\n<h2>TR\u00c4NA KATTEN OCH KATTUNGEN STEGVIS<\/h2>\n<p>Ett s\u00e4tt att arbeta med positiv f\u00f6rst\u00e4rkning \u00e4r genom att dela upp det \u00f6nskade slutbeteendet i mindre delar och tr\u00e4na in dem stegvis. Delar som sedan tillsammans bygger upp det \u00f6nskade beteendet. Denna metod kan du anv\u00e4nda n\u00e4r katten st\u00e4lls inf\u00f6r en ny situation till exempel att borsta t\u00e4nderna, klippa klorna eller v\u00e4nja sig vid att vara i en transportbur. Att inte bara v\u00e4nja kattungen vid sin transportbur utan \u00e4ven skapa en positiv koppling till den kan underl\u00e4tta i flera vardagliga situationer.<\/p>\n<h2>S\u00c5 G\u00c5R DU TILLV\u00c4GA N\u00c4R DU TR\u00c4NAR DIN KATT<\/h2>\n<p>H\u00e4r \u00e4r ett exempel p\u00e5 hur du kan tr\u00e4na din kattunge s\u00e5 att den b\u00e5de v\u00e4njer sig vid sin transportbur och tycker om den. Liknande uppl\u00e4gg, d\u00e4r det slutliga beteendet delas upp i mindre steg, kan anv\u00e4ndas f\u00f6r att tr\u00e4na kattungen p\u00e5 allt fr\u00e5n kloklippning till att l\u00e4ra katten g\u00e5 i koppel. I exemplet anv\u00e4nds godbitar som bel\u00f6ning, men detta kan bytas ut mot till exempel lek eller gos utefter vad kattungen f\u00f6redrar. Om kattungen vid n\u00e5got tillf\u00e4lle verkar obekv\u00e4m beh\u00f6ver du backa din tr\u00e4ning n\u00e5got eller n\u00e5gra steg.<\/p>\n<ol>\n<li><strong>Tr\u00e4na kattungen i att v\u00e4nja sig vid transportburen.<\/strong><br \/>\nSkapa en positiv koppling till transportburen genom att l\u00e5ta den st\u00e5 framme (utan d\u00f6rr) och mata kattungen med godbitar, till en b\u00f6rjan i n\u00e4rheten av buren och sedan i buren.<\/li>\n<li><strong>Tr\u00e4na kattungen p\u00e5 att vistas i buren.<br \/>\n<\/strong>N\u00e4r kattungen \u00e4r bekv\u00e4m med att vistas i buren, och frivilligt g\u00e5r in i den, kan du s\u00e4tta p\u00e5 d\u00f6rren. B\u00f6rja med att bara st\u00e4nga d\u00f6rren, bel\u00f6na och \u00f6ppna igen. \u00d6ka tiden d\u00f6rren \u00e4r st\u00e4ngd l\u00e5ngsamt, till exempel under 3 sekunder, ge bel\u00f6ning och \u00f6ppna. Forts\u00e4tt \u00f6ka tiden l\u00e5ngsamt baserat p\u00e5 hur kattungen reagerar.<\/li>\n<li><strong>V\u00e4nj kattungen vid r\u00f6relse av transportburen.<\/strong><br \/>\nN\u00e4r kattungen \u00e4r bekv\u00e4m med att vara en l\u00e4ngre tid i buren (ca 3 minuter) kan du b\u00f6rja med att lyfta buren och st\u00e4lla ner den och bel\u00f6na kattungen. Sen kan du b\u00f6rja flytta transportburen kortare str\u00e4ckor. F\u00f6rst inom hemmet och sedan ner till bilen och tillbaka. Hela tiden med fortsatt bel\u00f6ning.<\/li>\n<li><strong>V\u00e4nj katten vid resor i transportburen.<\/strong><br \/>\nN\u00e4r kattungen hanterar detta, vilket du kan se genom att den fortsatt h\u00e5ller sig lugn och tar emot sina bel\u00f6ningar, kan du b\u00f6rja med att starta bilen och efter detta \u00e5ka kortare str\u00e4ckor med kattungen. Hela tiden med fortsatt bel\u00f6ning. Det \u00e4r \u00e4ven bra om de f\u00f6rsta resorna resulterar i n\u00e5got som kattungen upplever som positivt s\u00e5 som att komma ut ur buren och \u00e4ta lite favoritmat.<\/li>\n<li><strong>Bevara kattungens positiva bild av transportburen.<\/strong><br \/>\nBeh\u00e5ll g\u00e4rna transportburen (utan d\u00f6rr) som en del av hemmets inredning f\u00f6r att kattungen fortsatt ska k\u00e4nna sig bekv\u00e4m i den. Det \u00e4r bra att fortsatt bel\u00f6na kattungen i buren lite d\u00e5 och d\u00e5.<\/li>\n<\/ol>\n<h2>TR\u00c4NA DIN KATT MED POSITIVA UPPLEVELSER<\/h2>\n<p>Det \u00e4r alltid b\u00e4ttre att en kattunge f\u00e5r en f\u00f6rsta positiv upplevelse av en ny situation \u00e4n att t\u00e4nka att detta kan fixas i efterhand genom att bel\u00f6na kommande tillf\u00e4llen. D\u00e4rf\u00f6r \u00e4r det bra ifall f\u00f6rsta bes\u00f6ket hos veterin\u00e4ren inte resulterar i en vaccinationsspruta eller unders\u00f6kning utan bara i att f\u00e5 n\u00e5gra favoritgodisar. M\u00e5nga kliniker erbjuder m\u00f6jligheten att komma p\u00e5 bes\u00f6k bara f\u00f6r att f\u00e5 komma ut ur transportburen, bli klappad och f\u00e5 en godbit. Att katten f\u00e5r en positiv erfarenhet vid sitt f\u00f6rsta bes\u00f6k p\u00e5 kliniken kommer underl\u00e4tta f\u00f6r djurh\u00e4lsopersonalen vid framtida bes\u00f6k och behandlingar.<\/p>\n<h2>N\u00c4R KATTEN TR\u00c4NAR OSS<\/h2>\n<p>Men det \u00e4r inte bara vi som tr\u00e4nar katter, katter \u201dtr\u00e4nar\u201d \u00e4ven oss. Katter l\u00e4r sig v\u00e4ldigt snabbt att koppla ihop sitt beteende (agerande) och \u00f6nskv\u00e4rda f\u00f6ljder som upplevs som bel\u00f6nande. Detta kan vara allt fr\u00e5n att jamanden under natten resulterar i mer mat (bel\u00f6ningen) till att kl\u00f6sa p\u00e5 en ytterd\u00f6rr resulterar i att n\u00e5gon \u00f6ppnar d\u00f6rren (bel\u00f6ningen). D\u00e4rf\u00f6r \u00e4r det bra att t\u00e4nka igenom vilka beteenden du som katt\u00e4gare kan acceptera och enbart bel\u00f6na dessa. Har du redan r\u00e5kat bel\u00f6na ett beteende som du \u00e5ngrar \u00e4r det bra att k\u00e4nna till att det \u00e4r enklare att byta ut beteendet mot n\u00e5got som upplevs som acceptabelt \u00e4n att tr\u00e4na bort det (sl\u00e4cka ut det). Kl\u00f6ser katten till exempel p\u00e5 d\u00f6rren f\u00f6r att signalera att den vill ut och detta inte upplevs som \u00f6nskv\u00e4rt \u00e4r det enklare att hitta ett acceptabelt beteende s\u00e5som att h\u00e4nga upp en pingla f\u00f6r katten att sl\u00e5 p\u00e5 \u00e4n att ignorera katten i ett f\u00f6rs\u00f6k att sl\u00e4cka ut beteendet.<\/p>\n<p><strong>Artikel av:<\/strong> Elin Hirsch, Bozitas egen kattexpert, doktor i etologi med inriktning katters beteende.<\/p>\n\t\t\t<\/div>\n\t\t<\/div>\n\t<\/div>\n\n\n\n\t<section class=\"block related-articles\">\n\t\t<div class=\"container\">\n\t\t\t<h2>Relaterade artiklar<\/h2>\n\t\t\t<div class=\"row justify-content-center\">\n\t\t\t\t\t\t\t\t\t\t<div class=\"col-sm-6 col-md-6 col-lg-3\">\n\t\t\t\t\t\t\t\t\t\t\t\t\t\t<div class=\"card \">\n\t\t\t\t\t\t\t\t\t\t\t\t\t\t\t\t\t<img decoding=\"async\"  src=\"https:\/\/bozita.com\/se\/wp-content\/uploads\/sites\/5\/2021\/08\/bozita-socialisera-kattunge-e1736760698959.jpg\" alt=\"\">\n\t\t\t\t\t\t\t\t\t\t\t\t\t\t\t\t\t<!-- <img decoding=\"async\" src=\"\n\t\t\t\t\t\t\t\t\t\t\t\t\t\t\t\t\t\t\t\t\" alt=\"\n\t\t\t\t\t\t\t\t\t\t\t\t\t\t\t\t\t\t\t\t\t\t\t\t\t\t\t\"> -->\n\t\t\t\t\t\t\t\t<div class=\"card-body\">\n\t\t\t\t\t\t\t\t\t\t\t\t\t\t\t\t\t\t\t<h6>Kattungar &#8211; utveckling och socialisering<\/h6>\n\t\t\t\t\t\t\t\t\t\t\t\t\t\t\t\t\t\t\t<a href=\"https:\/\/bozita.com\/se\/katt\/kattens-utveckling\/socialisering-under-kattungetiden-har-stor-betydelse-for-den-vuxna-kattens-beteende-och-relationen-till-manniskor\/\">L\u00e4s mer &nbsp; ><\/a>\n\t\t\t\t\t\t\t\t<\/div>\n\t\t\t\t\t\t\t<\/div>\n\t\t\t\t\t\t<\/div>\n\n\t\t\t\t\t\t\t\t\t\t\t<div class=\"col-sm-6 col-md-6 col-lg-3\">\n\t\t\t\t\t\t\t\t\t\t\t\t\t\t<div class=\"card \">\n\t\t\t\t\t\t\t\t\t\t\t\t\t\t\t\t\t<img decoding=\"async\"  src=\"https:\/\/bozita.com\/se\/wp-content\/uploads\/sites\/5\/2021\/08\/bozita-introducera-katter-for-varandra-elin-hirsch.jpg\" alt=\"\">\n\t\t\t\t\t\t\t\t\t\t\t\t\t\t\t\t\t<!-- <img decoding=\"async\" src=\"\n\t\t\t\t\t\t\t\t\t\t\t\t\t\t\t\t\t\t\t\t\" alt=\"\n\t\t\t\t\t\t\t\t\t\t\t\t\t\t\t\t\t\t\t\t\t\t\t\t\t\t\t\"> -->\n\t\t\t\t\t\t\t\t<div class=\"card-body\">\n\t\t\t\t\t\t\t\t\t\t\t\t\t\t\t\t\t\t\t<h6>Introducera en ny katt f\u00f6r andra katter<\/h6>\n\t\t\t\t\t\t\t\t\t\t\t\t\t\t\t\t\t\t\t<a href=\"https:\/\/bozita.com\/se\/katt\/kattens-utveckling\/introducera-en-ny-katt-for-andra-katter\/\">L\u00e4s mer &nbsp; ><\/a>\n\t\t\t\t\t\t\t\t<\/div>\n\t\t\t\t\t\t\t<\/div>\n\t\t\t\t\t\t<\/div>\n\n\t\t\t\t\t\t\t\t\t\t\t<div class=\"col-sm-6 col-md-6 col-lg-3\">\n\t\t\t\t\t\t\t\t\t\t\t\t\t\t<div class=\"card \">\n\t\t\t\t\t\t\t\t\t\t\t\t\t\t\t\t\t<img decoding=\"async\"  src=\"https:\/\/bozita.com\/se\/wp-content\/uploads\/sites\/5\/2021\/08\/bozita-introducera-katt-hund.jpg\" alt=\"\">\n\t\t\t\t\t\t\t\t\t\t\t\t\t\t\t\t\t<!-- <img decoding=\"async\" src=\"\n\t\t\t\t\t\t\t\t\t\t\t\t\t\t\t\t\t\t\t\t\" alt=\"\n\t\t\t\t\t\t\t\t\t\t\t\t\t\t\t\t\t\t\t\t\t\t\t\t\t\t\t\"> -->\n\t\t\t\t\t\t\t\t<div class=\"card-body\">\n\t\t\t\t\t\t\t\t\t\t\t\t\t\t\t\t\t\t\t<h6>Introducera din katt f\u00f6r en hund i tre steg<\/h6>\n\t\t\t\t\t\t\t\t\t\t\t\t\t\t\t\t\t\t\t<a href=\"https:\/\/bozita.com\/se\/katt\/kattens-utveckling\/introducera-din-katt-for-en-hund-i-tre-enkla-steg\/\">L\u00e4s mer &nbsp; ><\/a>\n\t\t\t\t\t\t\t\t<\/div>\n\t\t\t\t\t\t\t<\/div>\n\t\t\t\t\t\t<\/div>\n\n\t\t\t\t\t\t\t\t\t\t\t\t<\/div>\n\t\t<\/div>\n\t<\/section>\n","protected":false},"excerpt":{"rendered":"","protected":false},"author":1,"featured_media":3561,"parent":79,"menu_order":0,"comment_status":"closed","ping_status":"closed","template":"guternberg.php","meta":{"footnotes":""},"acf":[],"yoast_head":"<!-- This site is optimized with the Yoast SEO plugin v21.3 - https:\/\/yoast.com\/wordpress\/plugins\/seo\/ -->\n<title>Kan man tr\u00e4na sin katt eller kattunge? | Bozita<\/title>\n<meta name=\"description\" content=\"Det g\u00e5r att tr\u00e4na din katt. Katter svarar bra p\u00e5 bel\u00f6ningsbaserad tr\u00e4ning. Tr\u00e4na tex din kattunge s\u00e5 att den v\u00e4njer sig vid transportburen. S\u00e5h\u00e4r g\u00f6r du.\" \/>\n<meta name=\"robots\" content=\"index, follow, max-snippet:-1, max-image-preview:large, max-video-preview:-1\" \/>\n<link rel=\"canonical\" href=\"https:\/\/bozita.com\/se\/katt\/kattens-utveckling\/kan-man-trana-sin-katt-eller-kattunge\/\" \/>\n<meta property=\"og:locale\" content=\"sv_SE\" \/>\n<meta property=\"og:type\" content=\"article\" \/>\n<meta property=\"og:title\" content=\"Kan man tr\u00e4na sin katt eller kattunge? | Bozita\" \/>\n<meta property=\"og:description\" content=\"Det g\u00e5r att tr\u00e4na din katt. Katter svarar bra p\u00e5 bel\u00f6ningsbaserad tr\u00e4ning. Tr\u00e4na tex din kattunge s\u00e5 att den v\u00e4njer sig vid transportburen. S\u00e5h\u00e4r g\u00f6r du.\" \/>\n<meta property=\"og:url\" content=\"https:\/\/bozita.com\/se\/katt\/kattens-utveckling\/kan-man-trana-sin-katt-eller-kattunge\/\" \/>\n<meta property=\"og:site_name\" content=\"Bozita Sverige\" \/>\n<meta property=\"article:modified_time\" content=\"2021-08-26T20:58:13+00:00\" \/>\n<meta property=\"og:image\" content=\"https:\/\/bozita.com\/se\/wp-content\/uploads\/sites\/5\/2021\/08\/bozita-trana-katt-kattunge.jpg\" \/>\n\t<meta property=\"og:image:width\" content=\"800\" \/>\n\t<meta property=\"og:image:height\" content=\"534\" \/>\n\t<meta property=\"og:image:type\" content=\"image\/jpeg\" \/>\n<meta name=\"twitter:card\" content=\"summary_large_image\" \/>\n<!-- \/ Yoast SEO plugin. -->","yoast_head_json":{"title":"Kan man tr\u00e4na sin katt eller kattunge? | Bozita","description":"Det g\u00e5r att tr\u00e4na din katt. Katter svarar bra p\u00e5 bel\u00f6ningsbaserad tr\u00e4ning. Tr\u00e4na tex din kattunge s\u00e5 att den v\u00e4njer sig vid transportburen. S\u00e5h\u00e4r g\u00f6r du.","robots":{"index":"index","follow":"follow","max-snippet":"max-snippet:-1","max-image-preview":"max-image-preview:large","max-video-preview":"max-video-preview:-1"},"canonical":"https:\/\/bozita.com\/se\/katt\/kattens-utveckling\/kan-man-trana-sin-katt-eller-kattunge\/","og_locale":"sv_SE","og_type":"article","og_title":"Kan man tr\u00e4na sin katt eller kattunge? | Bozita","og_description":"Det g\u00e5r att tr\u00e4na din katt. Katter svarar bra p\u00e5 bel\u00f6ningsbaserad tr\u00e4ning. Tr\u00e4na tex din kattunge s\u00e5 att den v\u00e4njer sig vid transportburen. S\u00e5h\u00e4r g\u00f6r du.","og_url":"https:\/\/bozita.com\/se\/katt\/kattens-utveckling\/kan-man-trana-sin-katt-eller-kattunge\/","og_site_name":"Bozita Sverige","article_modified_time":"2021-08-26T20:58:13+00:00","og_image":[{"width":800,"height":534,"url":"https:\/\/bozita.com\/se\/wp-content\/uploads\/sites\/5\/2021\/08\/bozita-trana-katt-kattunge.jpg","type":"image\/jpeg"}],"twitter_card":"summary_large_image","schema":{"@context":"https:\/\/schema.org","@graph":[{"@type":"WebPage","@id":"https:\/\/bozita.com\/se\/katt\/kattens-utveckling\/kan-man-trana-sin-katt-eller-kattunge\/","url":"https:\/\/bozita.com\/se\/katt\/kattens-utveckling\/kan-man-trana-sin-katt-eller-kattunge\/","name":"Kan man tr\u00e4na sin katt eller kattunge? | Bozita","isPartOf":{"@id":"https:\/\/bozita.com\/se\/#website"},"datePublished":"2021-06-21T22:15:14+00:00","dateModified":"2021-08-26T20:58:13+00:00","description":"Det g\u00e5r att tr\u00e4na din katt. Katter svarar bra p\u00e5 bel\u00f6ningsbaserad tr\u00e4ning. Tr\u00e4na tex din kattunge s\u00e5 att den v\u00e4njer sig vid transportburen. S\u00e5h\u00e4r g\u00f6r du.","breadcrumb":{"@id":"https:\/\/bozita.com\/se\/katt\/kattens-utveckling\/kan-man-trana-sin-katt-eller-kattunge\/#breadcrumb"},"inLanguage":"sv-SE","potentialAction":[{"@type":"ReadAction","target":["https:\/\/bozita.com\/se\/katt\/kattens-utveckling\/kan-man-trana-sin-katt-eller-kattunge\/"]}]},{"@type":"BreadcrumbList","@id":"https:\/\/bozita.com\/se\/katt\/kattens-utveckling\/kan-man-trana-sin-katt-eller-kattunge\/#breadcrumb","itemListElement":[{"@type":"ListItem","position":1,"name":"Home","item":"https:\/\/bozita.com\/se\/"},{"@type":"ListItem","position":2,"name":"Livet med katt","item":"https:\/\/bozita.com\/se\/katt\/"},{"@type":"ListItem","position":3,"name":"Kattens utveckling","item":"https:\/\/bozita.com\/se\/katt\/kattens-utveckling\/"},{"@type":"ListItem","position":4,"name":"Kan man tr\u00e4na sin katt eller kattunge?"}]},{"@type":"WebSite","@id":"https:\/\/bozita.com\/se\/#website","url":"https:\/\/bozita.com\/se\/","name":"Bozita Sverige","description":"","potentialAction":[{"@type":"SearchAction","target":{"@type":"EntryPoint","urlTemplate":"https:\/\/bozita.com\/se\/?s={search_term_string}"},"query-input":"required name=search_term_string"}],"inLanguage":"sv-SE"}]}},"_links":{"self":[{"href":"https:\/\/bozita.com\/se\/wp-json\/wp\/v2\/pages\/1704"}],"collection":[{"href":"https:\/\/bozita.com\/se\/wp-json\/wp\/v2\/pages"}],"about":[{"href":"https:\/\/bozita.com\/se\/wp-json\/wp\/v2\/types\/page"}],"author":[{"embeddable":true,"href":"https:\/\/bozita.com\/se\/wp-json\/wp\/v2\/users\/1"}],"replies":[{"embeddable":true,"href":"https:\/\/bozita.com\/se\/wp-json\/wp\/v2\/comments?post=1704"}],"version-history":[{"count":7,"href":"https:\/\/bozita.com\/se\/wp-json\/wp\/v2\/pages\/1704\/revisions"}],"predecessor-version":[{"id":4043,"href":"https:\/\/bozita.com\/se\/wp-json\/wp\/v2\/pages\/1704\/revisions\/4043"}],"up":[{"embeddable":true,"href":"https:\/\/bozita.com\/se\/wp-json\/wp\/v2\/pages\/79"}],"wp:featuredmedia":[{"embeddable":true,"href":"https:\/\/bozita.com\/se\/wp-json\/wp\/v2\/media\/3561"}],"wp:attachment":[{"href":"https:\/\/bozita.com\/se\/wp-json\/wp\/v2\/media?parent=1704"}],"curies":[{"name":"wp","href":"https:\/\/api.w.org\/{rel}","templated":true}]}}