{"id":1729,"date":"2021-06-22T21:25:34","date_gmt":"2021-06-22T21:25:34","guid":{"rendered":"https:\/\/bozita.com\/se\/?page_id=1729"},"modified":"2021-08-26T21:00:24","modified_gmt":"2021-08-26T21:00:24","slug":"socialisering-under-kattungetiden-har-stor-betydelse-for-den-vuxna-kattens-beteende-och-relationen-till-manniskor","status":"publish","type":"page","link":"https:\/\/bozita.com\/se\/katt\/kattens-utveckling\/socialisering-under-kattungetiden-har-stor-betydelse-for-den-vuxna-kattens-beteende-och-relationen-till-manniskor\/","title":{"rendered":"Kattungar &#8211; utveckling och socialisering"},"content":{"rendered":"\t\t<section class=\"small-hero\">\n\t\t\t<div class=\"container\">\n\t\t\t\t<h1 class=\"small-hero-title\">Kattungar &#8211; utveckling och socialisering<\/h1>\t\t\t<\/div>\n\t\t\t<\/div>\n\t\t<\/section>\n\t\n\n\t<div class=\"text-box-warp\">\n\t\t<div class=\"container\">\n\t\t\t<div class=\"text-content\">\n\t\t\t\t<p><strong>N\u00e4r man skaffar katt \u00e4r det mycket man ska t\u00e4nka p\u00e5 f\u00f6rsta tiden. Framf\u00f6rallt vad g\u00e4ller kattungar och deras utveckling. Upplevelser under kattungens f\u00f6rsta tid i livet har stor betydelse f\u00f6r kattens utveckling, hur den kommer bete sig som vuxen, dess stresst\u00e5lighet och dess f\u00f6rm\u00e5ga att hantera nya situationer. Framf\u00f6rallt h\u00e4ndelser som kattungen upplever under den s\u00e5 kallade socialiseringsperioden har en stark p\u00e5verkan p\u00e5 dess sociala beteende senare i livet. F\u00f6r kattungens utveckling \u00e4r det d\u00e4rf\u00f6r viktigt att denna period omfattar s\u00e5 mycket positiva upplevelser som m\u00f6jligt, \u00e4ven om kattungens relation till m\u00e4nniskor forts\u00e4tter att utvecklas tills den \u00e4r fyra m\u00e5nader gammal.<\/strong><\/p>\n<h2>KATTUNGENS OLIKA UTVECKLINGSSTADIER<\/h2>\n<p>En kattunges beteendeutveckling kan delas in i tre perioder; den neonatala perioden, socialiseringsperioden och den juvenila perioden.<\/p>\n<h3>DEN NEONATALA PERIODEN<\/h3>\n<p>En kattunge f\u00f6ds blind och d\u00f6v s\u00e5 under den neonatala perioden \u2013 fr\u00e5n f\u00f6dsel till cirka tv\u00e5 veckors \u00e5lder \u2013 f\u00f6rlitar den sig p\u00e5 sin k\u00e4nsel, v\u00e4rmesinnet och luktsinnet. Under denna period av kattungens utveckling \u00e4r den \u00e4r helt beroende av honan f\u00f6r sin \u00f6verlevnad. Vid ungef\u00e4r tv\u00e5 veckors \u00e5lder \u00f6ppnar kattungen sina \u00f6gon och det \u00e4r d\u00e5 socialiseringsperioden b\u00f6rjar.<\/p>\n<h3>SOCIALISERINGSPERIODEN<\/h3>\n<p>Socialiseringsperioden \u2013 mellan tv\u00e5 och sju veckors \u00e5lder \u2013 \u00e4r en k\u00e4nslig tid i kattungens utveckling. H\u00f6rseln och balansen utvecklas, den leker med sina kullsyskon och l\u00e4r sig vad det inneb\u00e4r att samspela med andra individer, och b\u00f6rjar ocks\u00e5 sakta men s\u00e4kert \u00e4ta fast f\u00f6da.<\/p>\n<p>Under socialiseringsperioden \u00e4r kattungen s\u00e4rskilt mottaglig f\u00f6r nya upplevelser s\u00e5som social kontakt. Det \u00e4r nu mycket viktigt att den f\u00e5r uppleva regelbunden positiv kontakt med flertalet m\u00e4nniskor, det vill s\u00e4ga socialiseras, f\u00f6r att senare i livet uppskatta kontakt med m\u00e4nniskor. Detsamma g\u00e4ller kontakt med andra djurarter s\u00e5som hundar.<\/p>\n<p><strong>Vidare l\u00e4sning<\/strong><\/p>\n<ul>\n<li><a title=\"Introducera din katt f\u00f6r en hund i tre enkla steg\" href=\"https:\/\/bozita.com\/se\/katt\/kattens-utveckling\/introducera-din-katt-for-en-hund-i-tre-enkla-steg\/\" >Introducera din katt f\u00f6r en hund i tre enkla steg<\/a><\/li>\n<\/ul>\n<h3>DEN JUVENILA PERIODEN<\/h3>\n<p>Den juvenila perioden tar vid n\u00e4r kattungen \u00e4r runt \u00e5tta veckor gammal och forts\u00e4tter fram tills den har blivit k\u00f6nsmogen (det sker oftast runt 5\u20136 m\u00e5naders \u00e5lder, \u00e4ven om det kan variera lite mellan olika raser). Det \u00e4r under denna tid kattungen utvecklas till att bli en sj\u00e4lvst\u00e4ndig individ som klarar sig utan sin mamma (det \u00e4r till exempel nu avv\u00e4njningen sker och kattungen slutar dia och \u00f6verg\u00e5r till att \u00e4ta fast f\u00f6da).<\/p>\n<p>Kattungar f\u00e5r separeras fr\u00e5n sin mamma tidigast vid 12 veckors \u00e5lder i Sverige. Vid denna \u00e5lder verkar separationen fr\u00e5n modern inte orsaka n\u00e5gra separationsrelaterade problem, utan kattungarna v\u00e4xer upp till att fungera v\u00e4l i sociala sammanhang.<\/p>\n<h2>KATTUNGENS UTVECKLING I DET NYA HEMMET<\/h2>\n<p>N\u00e4r kattungen kommer till sitt nya hem \u00e4r det viktigt att dess sociala f\u00f6rm\u00e5ga fortsatt utvecklas.<\/p>\n<p>\u00c4ven om socialiseringsperioden \u00e4r den tid d\u00e5 kattungen \u00e4r som mest mottaglig f\u00f6r sociala kontakter forts\u00e4tter dess relation till m\u00e4nniskor att utvecklas tills den \u00e4r runt 4 m\u00e5nader. F\u00f6r att bygga en god relation er emellan \u00e4r det d\u00e4rf\u00f6r viktigt att du skapar positiva associationer (kopplingar) \u00e4ven till dig och kattungens nya familj. Det kan du bland annat g\u00f6ra genom att leka med kattungen, ge den mat eller andra godbitar, och interagera med den p\u00e5 ett s\u00e4tt som den gillar.<\/p>\n<p><strong>Kom ih\u00e5g:<\/strong><\/p>\n<ul>\n<li>T\u00e4nk p\u00e5 att minimera skador under lek genom att anv\u00e4nda s\u00e4kra leksaker som kattungen inte kan skada sig p\u00e5. Uppmuntra inte lek med h\u00e4nder och f\u00f6tter direkt utan lek med hj\u00e4lp av leksaker bort ifr\u00e5n din kropp.<\/li>\n<li>Att ge godbitar \u00e4r ocks\u00e5 ett s\u00e4tt att skapa en positiv k\u00e4nsla hos katten, men t\u00e4nk p\u00e5 att r\u00e4kna in detta i fodergivan, framf\u00f6rallt n\u00e4r katten blir \u00e4ldre.<\/li>\n<\/ul>\n\t\t\t<\/div>\n\t\t<\/div>\n\t<\/div>\n\n\n\n\t<section class=\"block related-articles\">\n\t\t<div class=\"container\">\n\t\t\t<h2>Relaterade artiklar<\/h2>\n\t\t\t<div class=\"row justify-content-center\">\n\t\t\t\t\t\t\t\t\t\t<div class=\"col-sm-6 col-md-6 col-lg-3\">\n\t\t\t\t\t\t\t\t\t\t\t\t\t\t<div class=\"card \">\n\t\t\t\t\t\t\t\t\t\t\t\t\t\t\t\t\t<img decoding=\"async\"  src=\"https:\/\/bozita.com\/se\/wp-content\/uploads\/sites\/5\/2021\/08\/bozita_swedish-natural-quality.jpg\" alt=\"\">\n\t\t\t\t\t\t\t\t\t\t\t\t\t\t\t\t\t<!-- <img decoding=\"async\" src=\"\n\t\t\t\t\t\t\t\t\t\t\t\t\t\t\t\t\t\t\t\t\" alt=\"\n\t\t\t\t\t\t\t\t\t\t\t\t\t\t\t\t\t\t\t\t\t\t\t\t\t\t\t\"> -->\n\t\t\t\t\t\t\t\t<div class=\"card-body\">\n\t\t\t\t\t\t\t\t\t\t\t\t\t\t\t\t\t\t\t<h6>Kattens anatomi och fysiologi<\/h6>\n\t\t\t\t\t\t\t\t\t\t\t\t\t\t\t\t\t\t\t<a href=\"https:\/\/bozita.com\/se\/katt\/kattens-utveckling\/nagra-snabba-fakta-om-kattens-anatomi-och-fysiologi\/\">L\u00e4s mer &nbsp; ><\/a>\n\t\t\t\t\t\t\t\t<\/div>\n\t\t\t\t\t\t\t<\/div>\n\t\t\t\t\t\t<\/div>\n\n\t\t\t\t\t\t\t\t\t\t\t<div class=\"col-sm-6 col-md-6 col-lg-3\">\n\t\t\t\t\t\t\t\t\t\t\t\t\t\t<div class=\"card \">\n\t\t\t\t\t\t\t\t\t\t\t\t\t\t\t\t\t<img decoding=\"async\"  src=\"https:\/\/bozita.com\/se\/wp-content\/uploads\/sites\/5\/2021\/08\/bozita-kattens-kroppssprak.jpg\" alt=\"\">\n\t\t\t\t\t\t\t\t\t\t\t\t\t\t\t\t\t<!-- <img decoding=\"async\" src=\"\n\t\t\t\t\t\t\t\t\t\t\t\t\t\t\t\t\t\t\t\t\" alt=\"\n\t\t\t\t\t\t\t\t\t\t\t\t\t\t\t\t\t\t\t\t\t\t\t\t\t\t\t\"> -->\n\t\t\t\t\t\t\t\t<div class=\"card-body\">\n\t\t\t\t\t\t\t\t\t\t\t\t\t\t\t\t\t\t\t<h6>Katters beteende och kroppsspr\u00e5k<\/h6>\n\t\t\t\t\t\t\t\t\t\t\t\t\t\t\t\t\t\t\t<a href=\"https:\/\/bozita.com\/se\/katt\/kattens-utveckling\/lar-dig-tolka-din-katts-kroppssprak-och-beteenden\/\">L\u00e4s mer &nbsp; ><\/a>\n\t\t\t\t\t\t\t\t<\/div>\n\t\t\t\t\t\t\t<\/div>\n\t\t\t\t\t\t<\/div>\n\n\t\t\t\t\t\t\t\t\t\t\t<div class=\"col-sm-6 col-md-6 col-lg-3\">\n\t\t\t\t\t\t\t\t\t\t\t\t\t\t<div class=\"card \">\n\t\t\t\t\t\t\t\t\t\t\t\t\t\t\t\t\t<img decoding=\"async\"  src=\"https:\/\/bozita.com\/se\/wp-content\/uploads\/sites\/5\/2021\/08\/bozita-introducera-katter-for-varandra-elin-hirsch.jpg\" alt=\"\">\n\t\t\t\t\t\t\t\t\t\t\t\t\t\t\t\t\t<!-- <img decoding=\"async\" src=\"\n\t\t\t\t\t\t\t\t\t\t\t\t\t\t\t\t\t\t\t\t\" alt=\"\n\t\t\t\t\t\t\t\t\t\t\t\t\t\t\t\t\t\t\t\t\t\t\t\t\t\t\t\"> -->\n\t\t\t\t\t\t\t\t<div class=\"card-body\">\n\t\t\t\t\t\t\t\t\t\t\t\t\t\t\t\t\t\t\t<h6>Introducera en ny katt f\u00f6r andra katter<\/h6>\n\t\t\t\t\t\t\t\t\t\t\t\t\t\t\t\t\t\t\t<a href=\"https:\/\/bozita.com\/se\/katt\/kattens-utveckling\/introducera-en-ny-katt-for-andra-katter\/\">L\u00e4s mer &nbsp; ><\/a>\n\t\t\t\t\t\t\t\t<\/div>\n\t\t\t\t\t\t\t<\/div>\n\t\t\t\t\t\t<\/div>\n\n\t\t\t\t\t\t\t\t\t\t\t\t<\/div>\n\t\t<\/div>\n\t<\/section>\n","protected":false},"excerpt":{"rendered":"","protected":false},"author":1,"featured_media":3522,"parent":79,"menu_order":0,"comment_status":"closed","ping_status":"closed","template":"guternberg.php","meta":{"footnotes":""},"acf":[],"yoast_head":"<!-- This site is optimized with the Yoast SEO plugin v21.3 - https:\/\/yoast.com\/wordpress\/plugins\/seo\/ -->\n<title>Kattungars utveckling - f\u00f6rsta tiden med katt | Bozita<\/title>\n<meta name=\"description\" content=\"L\u00e4s mer om kattungen och katten utveckling f\u00f6r att f\u00f6rst\u00e5 hur du b\u00e4st ger den ett bra liv, med en god relation till m\u00e4nniskov\u00e4rlden.\" \/>\n<meta name=\"robots\" content=\"index, follow, max-snippet:-1, max-image-preview:large, max-video-preview:-1\" \/>\n<link rel=\"canonical\" href=\"https:\/\/bozita.com\/se\/katt\/kattens-utveckling\/socialisering-under-kattungetiden-har-stor-betydelse-for-den-vuxna-kattens-beteende-och-relationen-till-manniskor\/\" \/>\n<meta property=\"og:locale\" content=\"sv_SE\" \/>\n<meta property=\"og:type\" content=\"article\" \/>\n<meta property=\"og:title\" content=\"Kattungars utveckling - f\u00f6rsta tiden med katt | Bozita\" \/>\n<meta property=\"og:description\" content=\"L\u00e4s mer om kattungen och katten utveckling f\u00f6r att f\u00f6rst\u00e5 hur du b\u00e4st ger den ett bra liv, med en god relation till m\u00e4nniskov\u00e4rlden.\" \/>\n<meta property=\"og:url\" content=\"https:\/\/bozita.com\/se\/katt\/kattens-utveckling\/socialisering-under-kattungetiden-har-stor-betydelse-for-den-vuxna-kattens-beteende-och-relationen-till-manniskor\/\" \/>\n<meta property=\"og:site_name\" content=\"Bozita Sverige\" \/>\n<meta property=\"article:modified_time\" content=\"2021-08-26T21:00:24+00:00\" \/>\n<meta property=\"og:image\" content=\"https:\/\/bozita.com\/se\/wp-content\/uploads\/sites\/5\/2021\/08\/bozita-socialisera-kattunge.jpg\" \/>\n\t<meta property=\"og:image:width\" content=\"800\" \/>\n\t<meta property=\"og:image:height\" content=\"535\" \/>\n\t<meta property=\"og:image:type\" content=\"image\/jpeg\" \/>\n<meta name=\"twitter:card\" content=\"summary_large_image\" \/>\n<!-- \/ Yoast SEO plugin. -->","yoast_head_json":{"title":"Kattungars utveckling - f\u00f6rsta tiden med katt | Bozita","description":"L\u00e4s mer om kattungen och katten utveckling f\u00f6r att f\u00f6rst\u00e5 hur du b\u00e4st ger den ett bra liv, med en god relation till m\u00e4nniskov\u00e4rlden.","robots":{"index":"index","follow":"follow","max-snippet":"max-snippet:-1","max-image-preview":"max-image-preview:large","max-video-preview":"max-video-preview:-1"},"canonical":"https:\/\/bozita.com\/se\/katt\/kattens-utveckling\/socialisering-under-kattungetiden-har-stor-betydelse-for-den-vuxna-kattens-beteende-och-relationen-till-manniskor\/","og_locale":"sv_SE","og_type":"article","og_title":"Kattungars utveckling - f\u00f6rsta tiden med katt | Bozita","og_description":"L\u00e4s mer om kattungen och katten utveckling f\u00f6r att f\u00f6rst\u00e5 hur du b\u00e4st ger den ett bra liv, med en god relation till m\u00e4nniskov\u00e4rlden.","og_url":"https:\/\/bozita.com\/se\/katt\/kattens-utveckling\/socialisering-under-kattungetiden-har-stor-betydelse-for-den-vuxna-kattens-beteende-och-relationen-till-manniskor\/","og_site_name":"Bozita Sverige","article_modified_time":"2021-08-26T21:00:24+00:00","og_image":[{"width":800,"height":535,"url":"https:\/\/bozita.com\/se\/wp-content\/uploads\/sites\/5\/2021\/08\/bozita-socialisera-kattunge.jpg","type":"image\/jpeg"}],"twitter_card":"summary_large_image","schema":{"@context":"https:\/\/schema.org","@graph":[{"@type":"WebPage","@id":"https:\/\/bozita.com\/se\/katt\/kattens-utveckling\/socialisering-under-kattungetiden-har-stor-betydelse-for-den-vuxna-kattens-beteende-och-relationen-till-manniskor\/","url":"https:\/\/bozita.com\/se\/katt\/kattens-utveckling\/socialisering-under-kattungetiden-har-stor-betydelse-for-den-vuxna-kattens-beteende-och-relationen-till-manniskor\/","name":"Kattungars utveckling - f\u00f6rsta tiden med katt | Bozita","isPartOf":{"@id":"https:\/\/bozita.com\/se\/#website"},"datePublished":"2021-06-22T21:25:34+00:00","dateModified":"2021-08-26T21:00:24+00:00","description":"L\u00e4s mer om kattungen och katten utveckling f\u00f6r att f\u00f6rst\u00e5 hur du b\u00e4st ger den ett bra liv, med en god relation till m\u00e4nniskov\u00e4rlden.","breadcrumb":{"@id":"https:\/\/bozita.com\/se\/katt\/kattens-utveckling\/socialisering-under-kattungetiden-har-stor-betydelse-for-den-vuxna-kattens-beteende-och-relationen-till-manniskor\/#breadcrumb"},"inLanguage":"sv-SE","potentialAction":[{"@type":"ReadAction","target":["https:\/\/bozita.com\/se\/katt\/kattens-utveckling\/socialisering-under-kattungetiden-har-stor-betydelse-for-den-vuxna-kattens-beteende-och-relationen-till-manniskor\/"]}]},{"@type":"BreadcrumbList","@id":"https:\/\/bozita.com\/se\/katt\/kattens-utveckling\/socialisering-under-kattungetiden-har-stor-betydelse-for-den-vuxna-kattens-beteende-och-relationen-till-manniskor\/#breadcrumb","itemListElement":[{"@type":"ListItem","position":1,"name":"Home","item":"https:\/\/bozita.com\/se\/"},{"@type":"ListItem","position":2,"name":"Livet med katt","item":"https:\/\/bozita.com\/se\/katt\/"},{"@type":"ListItem","position":3,"name":"Kattens utveckling","item":"https:\/\/bozita.com\/se\/katt\/kattens-utveckling\/"},{"@type":"ListItem","position":4,"name":"Kattungar &#8211; utveckling och socialisering"}]},{"@type":"WebSite","@id":"https:\/\/bozita.com\/se\/#website","url":"https:\/\/bozita.com\/se\/","name":"Bozita Sverige","description":"","potentialAction":[{"@type":"SearchAction","target":{"@type":"EntryPoint","urlTemplate":"https:\/\/bozita.com\/se\/?s={search_term_string}"},"query-input":"required name=search_term_string"}],"inLanguage":"sv-SE"}]}},"_links":{"self":[{"href":"https:\/\/bozita.com\/se\/wp-json\/wp\/v2\/pages\/1729"}],"collection":[{"href":"https:\/\/bozita.com\/se\/wp-json\/wp\/v2\/pages"}],"about":[{"href":"https:\/\/bozita.com\/se\/wp-json\/wp\/v2\/types\/page"}],"author":[{"embeddable":true,"href":"https:\/\/bozita.com\/se\/wp-json\/wp\/v2\/users\/1"}],"replies":[{"embeddable":true,"href":"https:\/\/bozita.com\/se\/wp-json\/wp\/v2\/comments?post=1729"}],"version-history":[{"count":9,"href":"https:\/\/bozita.com\/se\/wp-json\/wp\/v2\/pages\/1729\/revisions"}],"predecessor-version":[{"id":4053,"href":"https:\/\/bozita.com\/se\/wp-json\/wp\/v2\/pages\/1729\/revisions\/4053"}],"up":[{"embeddable":true,"href":"https:\/\/bozita.com\/se\/wp-json\/wp\/v2\/pages\/79"}],"wp:featuredmedia":[{"embeddable":true,"href":"https:\/\/bozita.com\/se\/wp-json\/wp\/v2\/media\/3522"}],"wp:attachment":[{"href":"https:\/\/bozita.com\/se\/wp-json\/wp\/v2\/media?parent=1729"}],"curies":[{"name":"wp","href":"https:\/\/api.w.org\/{rel}","templated":true}]}}