{"id":1737,"date":"2021-06-22T21:28:26","date_gmt":"2021-06-22T21:28:26","guid":{"rendered":"https:\/\/bozita.com\/se\/?page_id=1737"},"modified":"2021-08-26T20:57:48","modified_gmt":"2021-08-26T20:57:48","slug":"introducera-en-ny-katt-for-andra-katter","status":"publish","type":"page","link":"https:\/\/bozita.com\/se\/katt\/kattens-utveckling\/introducera-en-ny-katt-for-andra-katter\/","title":{"rendered":"Introducera en ny katt f\u00f6r andra katter"},"content":{"rendered":"\t\t<section class=\"small-hero\">\n\t\t\t<div class=\"container\">\n\t\t\t\t<h1 class=\"small-hero-title\">Introducera en ny katt f\u00f6r andra katter<\/h1>\t\t\t<\/div>\n\t\t\t<\/div>\n\t\t<\/section>\n\t\n\n\t<div class=\"text-box-warp\">\n\t\t<div class=\"container\">\n\t\t\t<div class=\"text-content\">\n\t\t\t\t<p><strong>Bozitas egen kattexpert Elin Hirsch \u00e4r doktor i etologi med inriktning katters beteende. Ska du skaffa en till katt? I den h\u00e4r artikeln f\u00e5r du tips och r\u00e5d kring hur du lyckas med introduktionen av en ny katt.<\/strong><\/p>\n<p>Trots att katten haft en relation till m\u00e4nniskan i n\u00e4stan 10\u00a0000 \u00e5r \u00e4r den i grunden fortfarande ett ensamlevande och revirh\u00e4vdande djur. Katter kan absolut skapa stabila relationer till andra katter, men att introducera dem f\u00f6r varandra kr\u00e4ver lite planering och t\u00e5lamod. Det g\u00e4ller b\u00e5de om du skaffar en till vuxen katt, eller om du skaffar en kattunge n\u00e4r du redan har en katt hemma.<\/p>\n<h2>INTRODUCERA DEN NYA KATTEN GRADVIS<\/h2>\n<p>Grunden till att skapa en stabil relation mellan katter l\u00e4ggs vid f\u00f6rsta m\u00f6tet. Hj\u00e4lp katterna genom att erbjuda goda f\u00f6ruts\u00e4ttningar. Genom att introducerar dem f\u00f6r varandra gradvis g\u00f6r du det m\u00f6jligt f\u00f6r dem att bygga en trygg relation. Det \u00e4r genom gradvis introduktion som grupper av katter skapas och bibeh\u00e5lls under fria f\u00f6rh\u00e5llanden, s\u00e5 som i kattkolonier. Beroende p\u00e5 individerna kan det ta allt fr\u00e5n n\u00e5gra dagar till flera m\u00e5nader att introducera en ny katt. Den gyllene regeln f\u00f6r att skapa en harmonisk relation \u00e4r \u201dl\u00e5ngsamt \u00e4r snabbt och snabbt \u00e4r l\u00e5ngsamt\u201d.<\/p>\n<h2>INTRODUCERA NY KATT STEG 1 \u2013 EGET UTRYMME<\/h2>\n<p>N\u00e4r man t\u00e4nker skaffa en till katt ska man b\u00f6rja med att se till att den nya katten har ett eget rum att landa i. Detta \u00e4r viktigt eftersom den nya katten \u00e4ven ska v\u00e4nja sig vid en ny fysisk milj\u00f6, vilket alltid medf\u00f6r en stress f\u00f6r katter. Utrymmet ska inneh\u00e5lla<\/p>\n<ul>\n<li>kattl\u00e5da,<\/li>\n<li>mjuk liggplats,<\/li>\n<li>plats att g\u00f6mma sig och<\/li>\n<li>vatten och matsk\u00e5l.<\/li>\n<\/ul>\n<p>Katter finner trygghet i sin egen doft. Rummet ska d\u00e4rf\u00f6r inneh\u00e5lla n\u00e5got med kattens egen doft, till exempel en tidigare anv\u00e4nd filt eller handduk.<\/p>\n<p>N\u00e4r den nya katten vant sig vid detta rum kan sj\u00e4lva introduktionen p\u00e5b\u00f6rjas.<\/p>\n<h2>STEG 2 \u2013 SAMLA IN OCH BLANDA DOFTER<\/h2>\n<p>Katter kommunicerar till stor del genom doft. Samla in doft fr\u00e5n b\u00e5de den nya och den befintliga katten p\u00e5 till exempel handdukar. Enklast s\u00e4ttet att samla in doft \u00e4r genom att placera handdukarna p\u00e5 den plats d\u00e4r katten brukar vila. Introducera sedan dofterna mellan katterna genom att byta handdukarna. Placera dem i n\u00e4rheten av platsen d\u00e4r katterna \u00e4ter. Detta kommer att koppla samman doften av den andra katten med n\u00e5got positivt. Bel\u00f6na katterna n\u00e4r de \u00e4r lugna vid den andres doft, till exempel med hj\u00e4lp av kattgodis. Om katten fr\u00e4ser eller undviker den andres doft, flytta handduken l\u00e4ngre ifr\u00e5n kattmaten och flytta den sedan gradvis n\u00e4rmare.<\/p>\n<p>Kattgrupper skapar en \u201dgruppdoft\u201d genom att stryka sig mot varandra. Blanda katternas doft genom att f\u00f6rvara handdukarna du anv\u00e4nt tillsammans och placera sedan en hos varje katt. N\u00e4r katterna reagerar positivt eller ignorerar den andres doft kan du g\u00e5 vidare med att introducera den nya katten. Hj\u00e4lp sedan katterna att blanda dofter tills de b\u00f6rjar stryka sig mot varandra.<\/p>\n<h2>STEG 3 \u2013 INTRODUCERA NY KATT I HEMMET<\/h2>\n<p>L\u00e5t den nya katten p\u00e5 egen hand l\u00e4ra k\u00e4nna den nya milj\u00f6n genom att utforska hemmet. F\u00f6rvara d\u00e5 befintlig katt\/katter avskilt. Detta steg \u00e4r viktigt d\u00e5 den nya katten \u00e4ven beh\u00f6ver l\u00e4ra k\u00e4nna sitt nya hem.<\/p>\n<h2>STEG 4 \u2013 ANSIKTE MOT ANSIKTE<\/h2>\n<p>P\u00e5b\u00f6rja en begr\u00e4nsad ansikte mot ansikte-introduktion d\u00e4r katterna kan se varandra men inte skada varandra fysiskt.\u00a0 H\u00e4r kan du anv\u00e4nda en barngrind eller gl\u00e4nta p\u00e5 d\u00f6rren. Mata och lek med katterna vid d\u00f6rren s\u00e5 att de f\u00f6rknippar varandra med n\u00e5got positivt. N\u00e4r katterna reagerar lugnt \u00e4r det dags att l\u00e5ta dem tr\u00e4ffas. Till en b\u00f6rjan b\u00f6r katterna enbart f\u00e5 interagera med varandra under uppsikt.<\/p>\n<p>F\u00f6r att undvika konflikter eller konkurrens \u00e4r det bra att katterna inte m\u00e5ste dela resurser s\u00e5som kattl\u00e5da, mat- och vattensk\u00e5l samt liggplats. Alla katter b\u00f6r ha en egen matsk\u00e5l d\u00e5 utfodringen annars kan leda till br\u00e5k.<\/p>\n<p>Lycka till med ditt arbete att introducera din nya katt. Att skaffa en katt eller kattunge till n\u00e4r du redan har katt kr\u00e4ver som du f\u00f6rst\u00e5r en del t\u00e5lamod. Men om introduktionen sker p\u00e5 ett bra s\u00e4tt s\u00e5 kan dina katter l\u00e4ra sig att leva ihop och uppskatta varandra.<\/p>\n\t\t\t<\/div>\n\t\t<\/div>\n\t<\/div>\n\n\n\n\t<section class=\"block related-articles\">\n\t\t<div class=\"container\">\n\t\t\t<h2>Relaterade artiklar<\/h2>\n\t\t\t<div class=\"row justify-content-center\">\n\t\t\t\t\t\t\t\t\t\t<div class=\"col-sm-6 col-md-6 col-lg-3\">\n\t\t\t\t\t\t\t\t\t\t\t\t\t\t<div class=\"card \">\n\t\t\t\t\t\t\t\t\t\t\t\t\t\t\t\t\t<img decoding=\"async\"  src=\"https:\/\/bozita.com\/se\/wp-content\/uploads\/sites\/5\/2021\/08\/bozita-kattens-historia-domesticering.jpg\" alt=\"\">\n\t\t\t\t\t\t\t\t\t\t\t\t\t\t\t\t\t<!-- <img decoding=\"async\" src=\"\n\t\t\t\t\t\t\t\t\t\t\t\t\t\t\t\t\t\t\t\t\" alt=\"\n\t\t\t\t\t\t\t\t\t\t\t\t\t\t\t\t\t\t\t\t\t\t\t\t\t\t\t\"> -->\n\t\t\t\t\t\t\t\t<div class=\"card-body\">\n\t\t\t\t\t\t\t\t\t\t\t\t\t\t\t\t\t\t\t<h6>Kattens historia<\/h6>\n\t\t\t\t\t\t\t\t\t\t\t\t\t\t\t\t\t\t\t<a href=\"https:\/\/bozita.com\/se\/katt\/kattens-utveckling\/kattens-historia\/\">L\u00e4s mer &nbsp; ><\/a>\n\t\t\t\t\t\t\t\t<\/div>\n\t\t\t\t\t\t\t<\/div>\n\t\t\t\t\t\t<\/div>\n\n\t\t\t\t\t\t\t\t\t\t\t<div class=\"col-sm-6 col-md-6 col-lg-3\">\n\t\t\t\t\t\t\t\t\t\t\t\t\t\t<div class=\"card \">\n\t\t\t\t\t\t\t\t\t\t\t\t\t\t\t\t\t<img decoding=\"async\"  src=\"https:\/\/bozita.com\/se\/wp-content\/uploads\/sites\/5\/2021\/08\/bozita-introducera-katt-till-nytt-hem.jpg\" alt=\"\">\n\t\t\t\t\t\t\t\t\t\t\t\t\t\t\t\t\t<!-- <img decoding=\"async\" src=\"\n\t\t\t\t\t\t\t\t\t\t\t\t\t\t\t\t\t\t\t\t\" alt=\"\n\t\t\t\t\t\t\t\t\t\t\t\t\t\t\t\t\t\t\t\t\t\t\t\t\t\t\t\"> -->\n\t\t\t\t\t\t\t\t<div class=\"card-body\">\n\t\t\t\t\t\t\t\t\t\t\t\t\t\t\t\t\t\t\t<h6>Introducera en katt till ett nytt hem<\/h6>\n\t\t\t\t\t\t\t\t\t\t\t\t\t\t\t\t\t\t\t<a href=\"https:\/\/bozita.com\/se\/katt\/kopa-katt\/introducera-en-kattunge-eller-vuxen-katt-till-ett-nytt-hem\/\">L\u00e4s mer &nbsp; ><\/a>\n\t\t\t\t\t\t\t\t<\/div>\n\t\t\t\t\t\t\t<\/div>\n\t\t\t\t\t\t<\/div>\n\n\t\t\t\t\t\t\t\t\t\t\t<div class=\"col-sm-6 col-md-6 col-lg-3\">\n\t\t\t\t\t\t\t\t\t\t\t\t\t\t<div class=\"card \">\n\t\t\t\t\t\t\t\t\t\t\t\t\t\t\t\t\t<img decoding=\"async\"  src=\"https:\/\/bozita.com\/se\/wp-content\/uploads\/sites\/5\/2021\/08\/bozita-kattens-kroppssprak.jpg\" alt=\"\">\n\t\t\t\t\t\t\t\t\t\t\t\t\t\t\t\t\t<!-- <img decoding=\"async\" src=\"\n\t\t\t\t\t\t\t\t\t\t\t\t\t\t\t\t\t\t\t\t\" alt=\"\n\t\t\t\t\t\t\t\t\t\t\t\t\t\t\t\t\t\t\t\t\t\t\t\t\t\t\t\"> -->\n\t\t\t\t\t\t\t\t<div class=\"card-body\">\n\t\t\t\t\t\t\t\t\t\t\t\t\t\t\t\t\t\t\t<h6>Katters beteende och kroppsspr\u00e5k<\/h6>\n\t\t\t\t\t\t\t\t\t\t\t\t\t\t\t\t\t\t\t<a href=\"https:\/\/bozita.com\/se\/katt\/kattens-utveckling\/lar-dig-tolka-din-katts-kroppssprak-och-beteenden\/\">L\u00e4s mer &nbsp; ><\/a>\n\t\t\t\t\t\t\t\t<\/div>\n\t\t\t\t\t\t\t<\/div>\n\t\t\t\t\t\t<\/div>\n\n\t\t\t\t\t\t\t\t\t\t\t\t<\/div>\n\t\t<\/div>\n\t<\/section>\n","protected":false},"excerpt":{"rendered":"","protected":false},"author":1,"featured_media":3530,"parent":79,"menu_order":0,"comment_status":"closed","ping_status":"closed","template":"guternberg.php","meta":{"footnotes":""},"acf":[],"yoast_head":"<!-- This site is optimized with the Yoast SEO plugin v21.3 - https:\/\/yoast.com\/wordpress\/plugins\/seo\/ -->\n<title>Introducera en ny katt f\u00f6r din nuvarande katt | Bozita<\/title>\n<meta name=\"description\" content=\"Tips och r\u00e5d n\u00e4r du skaffar en katt eller kattunge och redan har katt. Introducera en nya katt p\u00e5 ett bra s\u00e4tt s\u00e5 att de kan l\u00e4ra sig att leva ihop.\" \/>\n<meta name=\"robots\" content=\"index, follow, max-snippet:-1, max-image-preview:large, max-video-preview:-1\" \/>\n<link rel=\"canonical\" href=\"https:\/\/bozita.com\/se\/katt\/kattens-utveckling\/introducera-en-ny-katt-for-andra-katter\/\" \/>\n<meta property=\"og:locale\" content=\"sv_SE\" \/>\n<meta property=\"og:type\" content=\"article\" \/>\n<meta property=\"og:title\" content=\"Introducera en ny katt f\u00f6r din nuvarande katt | Bozita\" \/>\n<meta property=\"og:description\" content=\"Tips och r\u00e5d n\u00e4r du skaffar en katt eller kattunge och redan har katt. Introducera en nya katt p\u00e5 ett bra s\u00e4tt s\u00e5 att de kan l\u00e4ra sig att leva ihop.\" \/>\n<meta property=\"og:url\" content=\"https:\/\/bozita.com\/se\/katt\/kattens-utveckling\/introducera-en-ny-katt-for-andra-katter\/\" \/>\n<meta property=\"og:site_name\" content=\"Bozita Sverige\" \/>\n<meta property=\"article:modified_time\" content=\"2021-08-26T20:57:48+00:00\" \/>\n<meta property=\"og:image\" content=\"https:\/\/bozita.com\/se\/wp-content\/uploads\/sites\/5\/2021\/08\/bozita-introducera-katter-for-varandra-elin-hirsch.jpg\" \/>\n\t<meta property=\"og:image:width\" content=\"800\" \/>\n\t<meta property=\"og:image:height\" content=\"533\" \/>\n\t<meta property=\"og:image:type\" content=\"image\/jpeg\" \/>\n<meta name=\"twitter:card\" content=\"summary_large_image\" \/>\n<!-- \/ Yoast SEO plugin. -->","yoast_head_json":{"title":"Introducera en ny katt f\u00f6r din nuvarande katt | Bozita","description":"Tips och r\u00e5d n\u00e4r du skaffar en katt eller kattunge och redan har katt. Introducera en nya katt p\u00e5 ett bra s\u00e4tt s\u00e5 att de kan l\u00e4ra sig att leva ihop.","robots":{"index":"index","follow":"follow","max-snippet":"max-snippet:-1","max-image-preview":"max-image-preview:large","max-video-preview":"max-video-preview:-1"},"canonical":"https:\/\/bozita.com\/se\/katt\/kattens-utveckling\/introducera-en-ny-katt-for-andra-katter\/","og_locale":"sv_SE","og_type":"article","og_title":"Introducera en ny katt f\u00f6r din nuvarande katt | Bozita","og_description":"Tips och r\u00e5d n\u00e4r du skaffar en katt eller kattunge och redan har katt. Introducera en nya katt p\u00e5 ett bra s\u00e4tt s\u00e5 att de kan l\u00e4ra sig att leva ihop.","og_url":"https:\/\/bozita.com\/se\/katt\/kattens-utveckling\/introducera-en-ny-katt-for-andra-katter\/","og_site_name":"Bozita Sverige","article_modified_time":"2021-08-26T20:57:48+00:00","og_image":[{"width":800,"height":533,"url":"https:\/\/bozita.com\/se\/wp-content\/uploads\/sites\/5\/2021\/08\/bozita-introducera-katter-for-varandra-elin-hirsch.jpg","type":"image\/jpeg"}],"twitter_card":"summary_large_image","schema":{"@context":"https:\/\/schema.org","@graph":[{"@type":"WebPage","@id":"https:\/\/bozita.com\/se\/katt\/kattens-utveckling\/introducera-en-ny-katt-for-andra-katter\/","url":"https:\/\/bozita.com\/se\/katt\/kattens-utveckling\/introducera-en-ny-katt-for-andra-katter\/","name":"Introducera en ny katt f\u00f6r din nuvarande katt | Bozita","isPartOf":{"@id":"https:\/\/bozita.com\/se\/#website"},"datePublished":"2021-06-22T21:28:26+00:00","dateModified":"2021-08-26T20:57:48+00:00","description":"Tips och r\u00e5d n\u00e4r du skaffar en katt eller kattunge och redan har katt. Introducera en nya katt p\u00e5 ett bra s\u00e4tt s\u00e5 att de kan l\u00e4ra sig att leva ihop.","breadcrumb":{"@id":"https:\/\/bozita.com\/se\/katt\/kattens-utveckling\/introducera-en-ny-katt-for-andra-katter\/#breadcrumb"},"inLanguage":"sv-SE","potentialAction":[{"@type":"ReadAction","target":["https:\/\/bozita.com\/se\/katt\/kattens-utveckling\/introducera-en-ny-katt-for-andra-katter\/"]}]},{"@type":"BreadcrumbList","@id":"https:\/\/bozita.com\/se\/katt\/kattens-utveckling\/introducera-en-ny-katt-for-andra-katter\/#breadcrumb","itemListElement":[{"@type":"ListItem","position":1,"name":"Home","item":"https:\/\/bozita.com\/se\/"},{"@type":"ListItem","position":2,"name":"Livet med katt","item":"https:\/\/bozita.com\/se\/katt\/"},{"@type":"ListItem","position":3,"name":"Kattens utveckling","item":"https:\/\/bozita.com\/se\/katt\/kattens-utveckling\/"},{"@type":"ListItem","position":4,"name":"Introducera en ny katt f\u00f6r andra katter"}]},{"@type":"WebSite","@id":"https:\/\/bozita.com\/se\/#website","url":"https:\/\/bozita.com\/se\/","name":"Bozita Sverige","description":"","potentialAction":[{"@type":"SearchAction","target":{"@type":"EntryPoint","urlTemplate":"https:\/\/bozita.com\/se\/?s={search_term_string}"},"query-input":"required name=search_term_string"}],"inLanguage":"sv-SE"}]}},"_links":{"self":[{"href":"https:\/\/bozita.com\/se\/wp-json\/wp\/v2\/pages\/1737"}],"collection":[{"href":"https:\/\/bozita.com\/se\/wp-json\/wp\/v2\/pages"}],"about":[{"href":"https:\/\/bozita.com\/se\/wp-json\/wp\/v2\/types\/page"}],"author":[{"embeddable":true,"href":"https:\/\/bozita.com\/se\/wp-json\/wp\/v2\/users\/1"}],"replies":[{"embeddable":true,"href":"https:\/\/bozita.com\/se\/wp-json\/wp\/v2\/comments?post=1737"}],"version-history":[{"count":8,"href":"https:\/\/bozita.com\/se\/wp-json\/wp\/v2\/pages\/1737\/revisions"}],"predecessor-version":[{"id":4040,"href":"https:\/\/bozita.com\/se\/wp-json\/wp\/v2\/pages\/1737\/revisions\/4040"}],"up":[{"embeddable":true,"href":"https:\/\/bozita.com\/se\/wp-json\/wp\/v2\/pages\/79"}],"wp:featuredmedia":[{"embeddable":true,"href":"https:\/\/bozita.com\/se\/wp-json\/wp\/v2\/media\/3530"}],"wp:attachment":[{"href":"https:\/\/bozita.com\/se\/wp-json\/wp\/v2\/media?parent=1737"}],"curies":[{"name":"wp","href":"https:\/\/api.w.org\/{rel}","templated":true}]}}