{"id":1741,"date":"2021-06-22T21:30:39","date_gmt":"2021-06-22T21:30:39","guid":{"rendered":"https:\/\/bozita.com\/se\/?page_id=1741"},"modified":"2021-08-26T20:57:23","modified_gmt":"2021-08-26T20:57:23","slug":"introducera-din-katt-for-en-hund-i-tre-enkla-steg","status":"publish","type":"page","link":"https:\/\/bozita.com\/se\/katt\/kattens-utveckling\/introducera-din-katt-for-en-hund-i-tre-enkla-steg\/","title":{"rendered":"Introducera din katt f\u00f6r en hund i tre steg"},"content":{"rendered":"\t\t<section class=\"small-hero\">\n\t\t\t<div class=\"container\">\n\t\t\t\t<h1 class=\"small-hero-title\">Introducera din katt f\u00f6r en hund i tre steg<\/h1>\t\t\t<\/div>\n\t\t\t<\/div>\n\t\t<\/section>\n\t\n\n\t<div class=\"text-box-warp\">\n\t\t<div class=\"container\">\n\t\t\t<div class=\"text-content\">\n\t\t\t\t<p><strong>Att introducera hund f\u00f6r katt och tv\u00e4rt om s\u00e5 att de kan trivas ihop och leva tillsammans brukar oftast g\u00e5 bra, men det kr\u00e4ver tr\u00e4ning och t\u00e5lamod. Det viktigaste du beh\u00f6ver t\u00e4nka p\u00e5 \u00e4r s\u00e4kerheten och att de f\u00e5r r\u00e4tt f\u00f6ruts\u00e4ttningar s\u00e5 att m\u00f6tet blir en s\u00e5 positiv upplevelse som m\u00f6jligt och att de slutligen accepterar varandra. H\u00e4r f\u00f6ljer tre enkla steg du kan f\u00f6lja om du t\u00e4nker skaffa katt och redan har hund.<\/strong><\/p>\n<h2>STEG 1 \u2013 V\u00c4NJ KATTEN OCH HUNDEN VID VARANDRAS DOFTER<\/h2>\n<p>B\u00e5de hundar och katter kommunicerar genom doftmarkering och det \u00e4r d\u00e4rf\u00f6r viktigt att b\u00f6rja med att introducera hunden och katten f\u00f6r varandras dofter. Placera dem i tv\u00e5 olika rum och l\u00e5t katten f\u00e5 nosa p\u00e5 hundens filt eller leksak och vice versa. N\u00e4r detta \u00e4r gjort blir steget till det f\u00f6rsta m\u00f6tet inte lika chockerande.<\/p>\n<p>Om n\u00e5gon skulle reagera negativt p\u00e5 f\u00f6rem\u00e5let tar du lugnt bort det, avbryter tr\u00e4ningen och g\u00f6r ett nytt f\u00f6rs\u00f6k senare. Tvinga inte fram n\u00e5got. L\u00e5t dem byta rum med varandra och g\u00f6r p\u00e5 det h\u00e4r s\u00e4ttet under en tid tills b\u00e5da reagerar neutralt eller positivt p\u00e5 den andres doft. Om de lugnt nosar p\u00e5 f\u00f6rem\u00e5let eller struntar i det bel\u00f6nar du med godis och ber\u00f6m.<\/p>\n<h2>STEG 2 \u2013 L\u00c5T KATTEN OCH HUNDEN L\u00c4RA K\u00c4NNA VARANDRA P\u00c5 AVST\u00c5ND<\/h2>\n<p>N\u00e4r det f\u00f6rsta steget \u00e4r gjort och katten och hunden vant sig vid att ha den andres doft i sitt egna revir kan du l\u00e5ta dem introduceras f\u00f6r varandra \u00f6ga mot \u00f6ga. Se till att det finns n\u00e5got som avskiljer till en b\u00f6rjan, exempelvis ett galler eller en barngrind. N\u00e4r du introducerar en hund f\u00f6r din katt \u00e4r det bra om du \u00e4ven har hunden kopplad s\u00e5 att du har kontroll om den skulle bli f\u00f6r upphetsad eller aggressiv.<\/p>\n<p>Bel\u00f6na \u00e4ven h\u00e4r de b\u00e5das positiva och neutrala reaktioner med godis och ber\u00f6m och upprepa hellre tr\u00e4ningen flera men kortare tillf\u00e4llen \u00e4n l\u00e4ngre stunder. Det kan ta tid f\u00f6r en katt och en hund att k\u00e4nna sig trygga i varandras s\u00e4llskap och det \u00e4r v\u00e4ldigt viktigt att det blir en positiv upplevelse f\u00f6r b\u00e5da parter.<\/p>\n<h2>STEG 3 \u2013 L\u00c5T KATTEN OCH HUNDEN VISTAS I SAMMA RUM<\/h2>\n<p>N\u00e4r de introducerats p\u00e5 avst\u00e5nd \u00e4r det dags att de f\u00e5r nosa p\u00e5 varandra p\u00e5 riktigt. B\u00f6rja med att l\u00e5ta dem f\u00e5 vara i samma rum och forts\u00e4tt att ha koppel eller sele p\u00e5 din hund. Ska du introducera en mindre hund eller valp f\u00f6r din katt kan de beh\u00f6va skyddas fr\u00e5n katten om den blir aggressiv. Se till att din katt har en flyktv\u00e4g om den k\u00e4nner att det blir f\u00f6r jobbigt, och l\u00e5t d\u00e4rf\u00f6r eventuella d\u00f6rrar till det aktuella rummet vara \u00f6ppna. Forts\u00e4tt \u00e4ven h\u00e4r att bel\u00f6na ett bra beteende s\u00e5 att de f\u00f6rknippar varandras n\u00e4rvaro med n\u00e5got positivt.<\/p>\n<p>L\u00e5t introduktionen mellan hund och katt ske i lugn och ro och l\u00e4mna dem inte helt ensamma tillsammans den f\u00f6rsta tiden. \u00c4ven h\u00e4r kr\u00e4vs det tr\u00e4ning och upprepning, och f\u00f6rst n\u00e4r de kan vistas i samma rum under l\u00e4ngre perioder utan att bli obekv\u00e4ma \u00e4r de redo att bli kompisar p\u00e5 riktigt.<\/p>\n<p>Lycka till i arbetet med att introducera din hund f\u00f6r din nya katt, och tv\u00e4rt om.<\/p>\n\t\t\t<\/div>\n\t\t<\/div>\n\t<\/div>\n\n\n\n\t<section class=\"block related-articles\">\n\t\t<div class=\"container\">\n\t\t\t<h2>Relaterade artiklar<\/h2>\n\t\t\t<div class=\"row justify-content-center\">\n\t\t\t\t\t\t\t\t\t\t<div class=\"col-sm-6 col-md-6 col-lg-3\">\n\t\t\t\t\t\t\t\t\t\t\t\t\t\t<div class=\"card \">\n\t\t\t\t\t\t\t\t\t\t\t\t\t\t\t\t\t<img decoding=\"async\"  src=\"https:\/\/bozita.com\/se\/wp-content\/uploads\/sites\/5\/2021\/08\/bozita-socialisera-kattunge-e1736760698959.jpg\" alt=\"\">\n\t\t\t\t\t\t\t\t\t\t\t\t\t\t\t\t\t<!-- <img decoding=\"async\" src=\"\n\t\t\t\t\t\t\t\t\t\t\t\t\t\t\t\t\t\t\t\t\" alt=\"\n\t\t\t\t\t\t\t\t\t\t\t\t\t\t\t\t\t\t\t\t\t\t\t\t\t\t\t\"> -->\n\t\t\t\t\t\t\t\t<div class=\"card-body\">\n\t\t\t\t\t\t\t\t\t\t\t\t\t\t\t\t\t\t\t<h6>Kattungar &#8211; utveckling och socialisering<\/h6>\n\t\t\t\t\t\t\t\t\t\t\t\t\t\t\t\t\t\t\t<a href=\"https:\/\/bozita.com\/se\/katt\/kattens-utveckling\/socialisering-under-kattungetiden-har-stor-betydelse-for-den-vuxna-kattens-beteende-och-relationen-till-manniskor\/\">L\u00e4s mer &nbsp; ><\/a>\n\t\t\t\t\t\t\t\t<\/div>\n\t\t\t\t\t\t\t<\/div>\n\t\t\t\t\t\t<\/div>\n\n\t\t\t\t\t\t\t\t\t\t\t<div class=\"col-sm-6 col-md-6 col-lg-3\">\n\t\t\t\t\t\t\t\t\t\t\t\t\t\t<div class=\"card \">\n\t\t\t\t\t\t\t\t\t\t\t\t\t\t\t\t\t<img decoding=\"async\"  src=\"https:\/\/bozita.com\/se\/wp-content\/uploads\/sites\/5\/2021\/08\/bozita_swedish-natural-quality.jpg\" alt=\"\">\n\t\t\t\t\t\t\t\t\t\t\t\t\t\t\t\t\t<!-- <img decoding=\"async\" src=\"\n\t\t\t\t\t\t\t\t\t\t\t\t\t\t\t\t\t\t\t\t\" alt=\"\n\t\t\t\t\t\t\t\t\t\t\t\t\t\t\t\t\t\t\t\t\t\t\t\t\t\t\t\"> -->\n\t\t\t\t\t\t\t\t<div class=\"card-body\">\n\t\t\t\t\t\t\t\t\t\t\t\t\t\t\t\t\t\t\t<h6>Kattens anatomi och fysiologi<\/h6>\n\t\t\t\t\t\t\t\t\t\t\t\t\t\t\t\t\t\t\t<a href=\"https:\/\/bozita.com\/se\/katt\/kattens-utveckling\/nagra-snabba-fakta-om-kattens-anatomi-och-fysiologi\/\">L\u00e4s mer &nbsp; ><\/a>\n\t\t\t\t\t\t\t\t<\/div>\n\t\t\t\t\t\t\t<\/div>\n\t\t\t\t\t\t<\/div>\n\n\t\t\t\t\t\t\t\t\t\t\t<div class=\"col-sm-6 col-md-6 col-lg-3\">\n\t\t\t\t\t\t\t\t\t\t\t\t\t\t<div class=\"card \">\n\t\t\t\t\t\t\t\t\t\t\t\t\t\t\t\t\t<img decoding=\"async\"  src=\"https:\/\/bozita.com\/se\/wp-content\/uploads\/sites\/5\/2021\/08\/bozita-kattens-kroppssprak.jpg\" alt=\"\">\n\t\t\t\t\t\t\t\t\t\t\t\t\t\t\t\t\t<!-- <img decoding=\"async\" src=\"\n\t\t\t\t\t\t\t\t\t\t\t\t\t\t\t\t\t\t\t\t\" alt=\"\n\t\t\t\t\t\t\t\t\t\t\t\t\t\t\t\t\t\t\t\t\t\t\t\t\t\t\t\"> -->\n\t\t\t\t\t\t\t\t<div class=\"card-body\">\n\t\t\t\t\t\t\t\t\t\t\t\t\t\t\t\t\t\t\t<h6>Katters beteende och kroppsspr\u00e5k<\/h6>\n\t\t\t\t\t\t\t\t\t\t\t\t\t\t\t\t\t\t\t<a href=\"https:\/\/bozita.com\/se\/katt\/kattens-utveckling\/lar-dig-tolka-din-katts-kroppssprak-och-beteenden\/\">L\u00e4s mer &nbsp; ><\/a>\n\t\t\t\t\t\t\t\t<\/div>\n\t\t\t\t\t\t\t<\/div>\n\t\t\t\t\t\t<\/div>\n\n\t\t\t\t\t\t\t\t\t\t\t\t<\/div>\n\t\t<\/div>\n\t<\/section>\n","protected":false},"excerpt":{"rendered":"","protected":false},"author":1,"featured_media":3553,"parent":79,"menu_order":0,"comment_status":"closed","ping_status":"closed","template":"guternberg.php","meta":{"footnotes":""},"acf":[],"yoast_head":"<!-- This site is optimized with the Yoast SEO plugin v21.3 - https:\/\/yoast.com\/wordpress\/plugins\/seo\/ -->\n<title>Introducera hund f\u00f6r katt - s\u00e5h\u00e4r g\u00f6r du | Bozita<\/title>\n<meta name=\"description\" content=\"Det brukar oftast fungera bra f\u00f6r katt och hund att leva ihop, men det kr\u00e4vs lite tr\u00e4ning. Ta hj\u00e4lp av Bozitas 3-stegsguide f\u00f6r ett lyckat resultat\" \/>\n<meta name=\"robots\" content=\"index, follow, max-snippet:-1, max-image-preview:large, max-video-preview:-1\" \/>\n<link rel=\"canonical\" href=\"https:\/\/bozita.com\/se\/katt\/kattens-utveckling\/introducera-din-katt-for-en-hund-i-tre-enkla-steg\/\" \/>\n<meta property=\"og:locale\" content=\"sv_SE\" \/>\n<meta property=\"og:type\" content=\"article\" \/>\n<meta property=\"og:title\" content=\"Introducera hund f\u00f6r katt - s\u00e5h\u00e4r g\u00f6r du | Bozita\" \/>\n<meta property=\"og:description\" content=\"Det brukar oftast fungera bra f\u00f6r katt och hund att leva ihop, men det kr\u00e4vs lite tr\u00e4ning. Ta hj\u00e4lp av Bozitas 3-stegsguide f\u00f6r ett lyckat resultat\" \/>\n<meta property=\"og:url\" content=\"https:\/\/bozita.com\/se\/katt\/kattens-utveckling\/introducera-din-katt-for-en-hund-i-tre-enkla-steg\/\" \/>\n<meta property=\"og:site_name\" content=\"Bozita Sverige\" \/>\n<meta property=\"article:modified_time\" content=\"2021-08-26T20:57:23+00:00\" \/>\n<meta property=\"og:image\" content=\"https:\/\/bozita.com\/se\/wp-content\/uploads\/sites\/5\/2021\/08\/bozita-introducera-katt-hund.jpg\" \/>\n\t<meta property=\"og:image:width\" content=\"800\" \/>\n\t<meta property=\"og:image:height\" content=\"533\" \/>\n\t<meta property=\"og:image:type\" content=\"image\/jpeg\" \/>\n<meta name=\"twitter:card\" content=\"summary_large_image\" \/>\n<!-- \/ Yoast SEO plugin. -->","yoast_head_json":{"title":"Introducera hund f\u00f6r katt - s\u00e5h\u00e4r g\u00f6r du | Bozita","description":"Det brukar oftast fungera bra f\u00f6r katt och hund att leva ihop, men det kr\u00e4vs lite tr\u00e4ning. Ta hj\u00e4lp av Bozitas 3-stegsguide f\u00f6r ett lyckat resultat","robots":{"index":"index","follow":"follow","max-snippet":"max-snippet:-1","max-image-preview":"max-image-preview:large","max-video-preview":"max-video-preview:-1"},"canonical":"https:\/\/bozita.com\/se\/katt\/kattens-utveckling\/introducera-din-katt-for-en-hund-i-tre-enkla-steg\/","og_locale":"sv_SE","og_type":"article","og_title":"Introducera hund f\u00f6r katt - s\u00e5h\u00e4r g\u00f6r du | Bozita","og_description":"Det brukar oftast fungera bra f\u00f6r katt och hund att leva ihop, men det kr\u00e4vs lite tr\u00e4ning. Ta hj\u00e4lp av Bozitas 3-stegsguide f\u00f6r ett lyckat resultat","og_url":"https:\/\/bozita.com\/se\/katt\/kattens-utveckling\/introducera-din-katt-for-en-hund-i-tre-enkla-steg\/","og_site_name":"Bozita Sverige","article_modified_time":"2021-08-26T20:57:23+00:00","og_image":[{"width":800,"height":533,"url":"https:\/\/bozita.com\/se\/wp-content\/uploads\/sites\/5\/2021\/08\/bozita-introducera-katt-hund.jpg","type":"image\/jpeg"}],"twitter_card":"summary_large_image","schema":{"@context":"https:\/\/schema.org","@graph":[{"@type":"WebPage","@id":"https:\/\/bozita.com\/se\/katt\/kattens-utveckling\/introducera-din-katt-for-en-hund-i-tre-enkla-steg\/","url":"https:\/\/bozita.com\/se\/katt\/kattens-utveckling\/introducera-din-katt-for-en-hund-i-tre-enkla-steg\/","name":"Introducera hund f\u00f6r katt - s\u00e5h\u00e4r g\u00f6r du | Bozita","isPartOf":{"@id":"https:\/\/bozita.com\/se\/#website"},"datePublished":"2021-06-22T21:30:39+00:00","dateModified":"2021-08-26T20:57:23+00:00","description":"Det brukar oftast fungera bra f\u00f6r katt och hund att leva ihop, men det kr\u00e4vs lite tr\u00e4ning. Ta hj\u00e4lp av Bozitas 3-stegsguide f\u00f6r ett lyckat resultat","breadcrumb":{"@id":"https:\/\/bozita.com\/se\/katt\/kattens-utveckling\/introducera-din-katt-for-en-hund-i-tre-enkla-steg\/#breadcrumb"},"inLanguage":"sv-SE","potentialAction":[{"@type":"ReadAction","target":["https:\/\/bozita.com\/se\/katt\/kattens-utveckling\/introducera-din-katt-for-en-hund-i-tre-enkla-steg\/"]}]},{"@type":"BreadcrumbList","@id":"https:\/\/bozita.com\/se\/katt\/kattens-utveckling\/introducera-din-katt-for-en-hund-i-tre-enkla-steg\/#breadcrumb","itemListElement":[{"@type":"ListItem","position":1,"name":"Home","item":"https:\/\/bozita.com\/se\/"},{"@type":"ListItem","position":2,"name":"Livet med katt","item":"https:\/\/bozita.com\/se\/katt\/"},{"@type":"ListItem","position":3,"name":"Kattens utveckling","item":"https:\/\/bozita.com\/se\/katt\/kattens-utveckling\/"},{"@type":"ListItem","position":4,"name":"Introducera din katt f\u00f6r en hund i tre steg"}]},{"@type":"WebSite","@id":"https:\/\/bozita.com\/se\/#website","url":"https:\/\/bozita.com\/se\/","name":"Bozita Sverige","description":"","potentialAction":[{"@type":"SearchAction","target":{"@type":"EntryPoint","urlTemplate":"https:\/\/bozita.com\/se\/?s={search_term_string}"},"query-input":"required name=search_term_string"}],"inLanguage":"sv-SE"}]}},"_links":{"self":[{"href":"https:\/\/bozita.com\/se\/wp-json\/wp\/v2\/pages\/1741"}],"collection":[{"href":"https:\/\/bozita.com\/se\/wp-json\/wp\/v2\/pages"}],"about":[{"href":"https:\/\/bozita.com\/se\/wp-json\/wp\/v2\/types\/page"}],"author":[{"embeddable":true,"href":"https:\/\/bozita.com\/se\/wp-json\/wp\/v2\/users\/1"}],"replies":[{"embeddable":true,"href":"https:\/\/bozita.com\/se\/wp-json\/wp\/v2\/comments?post=1741"}],"version-history":[{"count":7,"href":"https:\/\/bozita.com\/se\/wp-json\/wp\/v2\/pages\/1741\/revisions"}],"predecessor-version":[{"id":4038,"href":"https:\/\/bozita.com\/se\/wp-json\/wp\/v2\/pages\/1741\/revisions\/4038"}],"up":[{"embeddable":true,"href":"https:\/\/bozita.com\/se\/wp-json\/wp\/v2\/pages\/79"}],"wp:featuredmedia":[{"embeddable":true,"href":"https:\/\/bozita.com\/se\/wp-json\/wp\/v2\/media\/3553"}],"wp:attachment":[{"href":"https:\/\/bozita.com\/se\/wp-json\/wp\/v2\/media?parent=1741"}],"curies":[{"name":"wp","href":"https:\/\/api.w.org\/{rel}","templated":true}]}}