{"id":1745,"date":"2021-06-22T21:31:59","date_gmt":"2021-06-22T21:31:59","guid":{"rendered":"https:\/\/bozita.com\/se\/?page_id=1745"},"modified":"2021-08-26T20:59:40","modified_gmt":"2021-08-26T20:59:40","slug":"lar-dig-tolka-din-katts-kroppssprak-och-beteenden","status":"publish","type":"page","link":"https:\/\/bozita.com\/se\/katt\/kattens-utveckling\/lar-dig-tolka-din-katts-kroppssprak-och-beteenden\/","title":{"rendered":"Katters beteende och kroppsspr\u00e5k"},"content":{"rendered":"\t\t<section class=\"small-hero\">\n\t\t\t<div class=\"container\">\n\t\t\t\t<h5>Kunskap<\/h5><h1 class=\"small-hero-title\">Katters beteende och kroppsspr\u00e5k<\/h1><p><p>Som katt\u00e4gare \u00e4r det alltid roligt att l\u00e4ra dig tolka din katts kroppsspr\u00e5k och beteende. Kattens kroppsspr\u00e5k s\u00e4ger mer \u00e4n tusen ord och en katt har m\u00e5nga olika sinnesst\u00e4mningar.<\/p>\n<\/p>\t\t\t<\/div>\n\t\t\t<\/div>\n\t\t<\/section>\n\t\n\n\t<div class=\"text-box-warp\">\n\t\t<div class=\"container\">\n\t\t\t<div class=\"text-content\">\n\t\t\t\t<p><strong>Oavsett om du \u00e4r en rutinerad eller ny katt\u00e4gare kan det vara sv\u00e5rt att tolka vad din katt k\u00e4nner och t\u00e4nker \u2013 vissa tecken \u00e4r tydliga medan andra \u00e4r mer subtila. Du kan genom att titta p\u00e5 din katts svans, \u00f6ron och ansikte f\u00f6rst\u00e5 dess signaler och hur den uppfattar vissa situationer.<\/strong><\/p>\n<h2>KATTERS BETEENDE &#8211; N\u00d6JD OCH AVSLAPPNAD<\/h2>\n<p>Att din katt \u00e4r n\u00f6jd med tillvaron g\u00e5r ofta att se p\u00e5 l\u00e5nga v\u00e4gar. Kattens beteende och kroppsspr\u00e5k k\u00e4nnetecknas av att \u00f6ronen h\u00e5lls uppr\u00e4tta och fram\u00e5triktade och morrh\u00e5ren \u00e4r avslappnade. \u00d6gonen \u00e4r ofta halvt st\u00e4ngda och blinkar de sakta visar det att katten m\u00e5r bra och k\u00e4nner sig trygg. St\u00e5r din katt upp h\u00e5lls svansen ofta h\u00f6gt med en l\u00e4tt b\u00f6jning p\u00e5 tippen och ligger den ner har den ofta tassarna instoppade under sig.<\/p>\n<h2>KATTENS KROPPSSPR\u00c5K N\u00c4R DEN \u00c4R ARG<\/h2>\n<p>Hur din katts beteende ter sig n\u00e4r den \u00e4r arg beror p\u00e5 hur ilsken den \u00e4r. Ofta b\u00f6rjar den att v\u00e4sa men den kan \u00e4ven vara helt tyst. Munnen \u00e4r \u00f6ppen och katten visar t\u00e4nderna med uppsp\u00e4rrade \u00f6gon och tunna pupiller.<\/p>\n<p>Kattens \u00f6ron l\u00e4gger sig mot huvudet och pekar bak\u00e5t och morrh\u00e5ren riktar sig bort fr\u00e5n ansiktet. Svansen st\u00e5r antingen rakt ut eller lindar sig runt eller under kroppen. Den kommer antingen att st\u00e5 upp och g\u00f6ra sig s\u00e5 stor som m\u00f6jligt f\u00f6r att se hotfull ut, eller ligga l\u00e5gt f\u00f6r att vara redo f\u00f6r attack.<\/p>\n<h2>S\u00c5 SER DU ATT KATTEN \u00c4R OROLIG<\/h2>\n<p>Katter \u00e4r k\u00e4nsliga f\u00f6r f\u00f6r\u00e4ndringar och nya situationer. Om din katt s\u00e4nker huvudet och kurar ihop sig samt h\u00f6jer ryggen kan det vara ett tecken p\u00e5 att den k\u00e4nner sig \u00e4ngslig.<\/p>\n<p>Katten sv\u00e4nger ofta svansen fr\u00e5n sida till sida och morrh\u00e5ren sveps antingen mot sidan eller rakt fram. N\u00e4r din katt \u00e4r orolig \u00e4r \u00f6gonen helt \u00f6ppna och pupillerna f\u00f6rstorade. \u00d6ronen r\u00f6r sig antingen fr\u00e5n det avslappnade l\u00e4get f\u00f6r att skanna av omgivningen, och \u00e4r den riktigt orolig kan den f\u00e4lla ner \u00f6ronen mot huvudet.<\/p>\n<h2>KATTENS BETEENDE N\u00c4R DEN \u00c4R R\u00c4DD<\/h2>\n<p>En r\u00e4dd katt s\u00e4nker huvudet med \u00f6ron och morrh\u00e5r platt mot huvudet. Antingen sl\u00e5r den svansen fr\u00e5n sida till sida eller s\u00e5 l\u00e4gger den svansen under sig och den sp\u00e4rrar upp \u00f6gonen.<\/p>\n<p>Ibland b\u00f6rjar den v\u00e4sa och h\u00f6jer ryggen f\u00f6r att g\u00f6ra sig stor och skr\u00e4mmande men den kan i vissa fall ocks\u00e5 dra sig undan. Oavsett hur den reagerar \u00e4r det viktigt att ta bort det eventuella hotet och inte f\u00f6rs\u00f6ker r\u00f6ra dig f\u00f6r snabbt f\u00f6r att tr\u00f6sta den. D\u00e5 kan det h\u00e4nda att den ser dig som ett ytterligare hot.<\/p>\n<h2>N\u00c4R DIN KATT K\u00c4NNER L\u00c4TTNAD<\/h2>\n<p>Om din katt varit r\u00e4dd eller orolig kan det vara bra att veta hur kattens kroppsspr\u00e5k ser ut n\u00e4r den k\u00e4nner sig trygg igen.<\/p>\n<p>N\u00e4r katten k\u00e4nner l\u00e4ttnad brukar \u00f6ron, \u00f6gon, morrh\u00e5r, kropp och svans tydligt slappna av igen och ofta b\u00f6rjar den att stretcha kroppen f\u00f6r att sl\u00e4ppa p\u00e5 sp\u00e4nningen. Vissa katter b\u00f6rjar \u00e4ven att g\u00e4spa och tv\u00e4tta sig samt v\u00e4nder sig om och st\u00e4nger \u00f6gonen till h\u00e4lften p\u00e5 samma s\u00e4tt som n\u00e4r den \u00e4r avslappnad.<\/p>\n\t\t\t<\/div>\n\t\t<\/div>\n\t<\/div>\n\n\n\n\t<section class=\"block related-articles\">\n\t\t<div class=\"container\">\n\t\t\t<h2>Relaterade artiklar<\/h2>\n\t\t\t<div class=\"row justify-content-center\">\n\t\t\t\t\t\t\t\t\t\t<div class=\"col-sm-6 col-md-6 col-lg-3\">\n\t\t\t\t\t\t\t\t\t\t\t\t\t\t<div class=\"card \">\n\t\t\t\t\t\t\t\t\t\t\t\t\t\t\t\t\t<img decoding=\"async\"  src=\"https:\/\/bozita.com\/se\/wp-content\/uploads\/sites\/5\/2021\/08\/bozita-socialisera-kattunge-e1736760698959.jpg\" alt=\"\">\n\t\t\t\t\t\t\t\t\t\t\t\t\t\t\t\t\t<!-- <img decoding=\"async\" src=\"\n\t\t\t\t\t\t\t\t\t\t\t\t\t\t\t\t\t\t\t\t\" alt=\"\n\t\t\t\t\t\t\t\t\t\t\t\t\t\t\t\t\t\t\t\t\t\t\t\t\t\t\t\"> -->\n\t\t\t\t\t\t\t\t<div class=\"card-body\">\n\t\t\t\t\t\t\t\t\t\t\t\t\t\t\t\t\t\t\t<h6>Kattungar &#8211; utveckling och socialisering<\/h6>\n\t\t\t\t\t\t\t\t\t\t\t\t\t\t\t\t\t\t\t<a href=\"https:\/\/bozita.com\/se\/katt\/kattens-utveckling\/socialisering-under-kattungetiden-har-stor-betydelse-for-den-vuxna-kattens-beteende-och-relationen-till-manniskor\/\">L\u00e4s mer &nbsp; ><\/a>\n\t\t\t\t\t\t\t\t<\/div>\n\t\t\t\t\t\t\t<\/div>\n\t\t\t\t\t\t<\/div>\n\n\t\t\t\t\t\t\t\t\t\t\t<div class=\"col-sm-6 col-md-6 col-lg-3\">\n\t\t\t\t\t\t\t\t\t\t\t\t\t\t<div class=\"card \">\n\t\t\t\t\t\t\t\t\t\t\t\t\t\t\t\t\t<img decoding=\"async\"  src=\"https:\/\/bozita.com\/se\/wp-content\/uploads\/sites\/5\/2021\/08\/bozita_swedish-natural-quality.jpg\" alt=\"\">\n\t\t\t\t\t\t\t\t\t\t\t\t\t\t\t\t\t<!-- <img decoding=\"async\" src=\"\n\t\t\t\t\t\t\t\t\t\t\t\t\t\t\t\t\t\t\t\t\" alt=\"\n\t\t\t\t\t\t\t\t\t\t\t\t\t\t\t\t\t\t\t\t\t\t\t\t\t\t\t\"> -->\n\t\t\t\t\t\t\t\t<div class=\"card-body\">\n\t\t\t\t\t\t\t\t\t\t\t\t\t\t\t\t\t\t\t<h6>Kattens anatomi och fysiologi<\/h6>\n\t\t\t\t\t\t\t\t\t\t\t\t\t\t\t\t\t\t\t<a href=\"https:\/\/bozita.com\/se\/katt\/kattens-utveckling\/nagra-snabba-fakta-om-kattens-anatomi-och-fysiologi\/\">L\u00e4s mer &nbsp; ><\/a>\n\t\t\t\t\t\t\t\t<\/div>\n\t\t\t\t\t\t\t<\/div>\n\t\t\t\t\t\t<\/div>\n\n\t\t\t\t\t\t\t\t\t\t\t<div class=\"col-sm-6 col-md-6 col-lg-3\">\n\t\t\t\t\t\t\t\t\t\t\t\t\t\t<div class=\"card \">\n\t\t\t\t\t\t\t\t\t\t\t\t\t\t\t\t\t<img decoding=\"async\"  src=\"https:\/\/bozita.com\/se\/wp-content\/uploads\/sites\/5\/2021\/08\/bozita-kattens-historia-domesticering.jpg\" alt=\"\">\n\t\t\t\t\t\t\t\t\t\t\t\t\t\t\t\t\t<!-- <img decoding=\"async\" src=\"\n\t\t\t\t\t\t\t\t\t\t\t\t\t\t\t\t\t\t\t\t\" alt=\"\n\t\t\t\t\t\t\t\t\t\t\t\t\t\t\t\t\t\t\t\t\t\t\t\t\t\t\t\"> -->\n\t\t\t\t\t\t\t\t<div class=\"card-body\">\n\t\t\t\t\t\t\t\t\t\t\t\t\t\t\t\t\t\t\t<h6>Kattens historia<\/h6>\n\t\t\t\t\t\t\t\t\t\t\t\t\t\t\t\t\t\t\t<a href=\"https:\/\/bozita.com\/se\/katt\/kattens-utveckling\/kattens-historia\/\">L\u00e4s mer &nbsp; ><\/a>\n\t\t\t\t\t\t\t\t<\/div>\n\t\t\t\t\t\t\t<\/div>\n\t\t\t\t\t\t<\/div>\n\n\t\t\t\t\t\t\t\t\t\t\t\t<\/div>\n\t\t<\/div>\n\t<\/section>\n","protected":false},"excerpt":{"rendered":"","protected":false},"author":1,"featured_media":3509,"parent":79,"menu_order":0,"comment_status":"closed","ping_status":"closed","template":"guternberg.php","meta":{"footnotes":""},"acf":[],"yoast_head":"<!-- This site is optimized with the Yoast SEO plugin v21.3 - https:\/\/yoast.com\/wordpress\/plugins\/seo\/ -->\n<title>Katters beteende och kroppsspr\u00e5k - l\u00e4r dig tolka | Bozita<\/title>\n<meta name=\"description\" content=\"L\u00e4r dig att tyda kattens kroppsspr\u00e5k och beteende. F\u00f6rst\u00e5 hur katten k\u00e4nner sig och om den \u00e4r n\u00f6jd, avslappnad, orolig, r\u00e4dd, l\u00e4ttad.\" \/>\n<meta name=\"robots\" content=\"index, follow, max-snippet:-1, max-image-preview:large, max-video-preview:-1\" \/>\n<link rel=\"canonical\" href=\"https:\/\/bozita.com\/se\/katt\/kattens-utveckling\/lar-dig-tolka-din-katts-kroppssprak-och-beteenden\/\" \/>\n<meta property=\"og:locale\" content=\"sv_SE\" \/>\n<meta property=\"og:type\" content=\"article\" \/>\n<meta property=\"og:title\" content=\"Katters beteende och kroppsspr\u00e5k - l\u00e4r dig tolka | Bozita\" \/>\n<meta property=\"og:description\" content=\"L\u00e4r dig att tyda kattens kroppsspr\u00e5k och beteende. F\u00f6rst\u00e5 hur katten k\u00e4nner sig och om den \u00e4r n\u00f6jd, avslappnad, orolig, r\u00e4dd, l\u00e4ttad.\" \/>\n<meta property=\"og:url\" content=\"https:\/\/bozita.com\/se\/katt\/kattens-utveckling\/lar-dig-tolka-din-katts-kroppssprak-och-beteenden\/\" \/>\n<meta property=\"og:site_name\" content=\"Bozita Sverige\" \/>\n<meta property=\"article:modified_time\" content=\"2021-08-26T20:59:40+00:00\" \/>\n<meta property=\"og:image\" content=\"https:\/\/bozita.com\/se\/wp-content\/uploads\/sites\/5\/2021\/08\/bozita-kattens-kroppssprak.jpg\" \/>\n\t<meta property=\"og:image:width\" content=\"800\" \/>\n\t<meta property=\"og:image:height\" content=\"533\" \/>\n\t<meta property=\"og:image:type\" content=\"image\/jpeg\" \/>\n<meta name=\"twitter:card\" content=\"summary_large_image\" \/>\n<!-- \/ Yoast SEO plugin. -->","yoast_head_json":{"title":"Katters beteende och kroppsspr\u00e5k - l\u00e4r dig tolka | Bozita","description":"L\u00e4r dig att tyda kattens kroppsspr\u00e5k och beteende. F\u00f6rst\u00e5 hur katten k\u00e4nner sig och om den \u00e4r n\u00f6jd, avslappnad, orolig, r\u00e4dd, l\u00e4ttad.","robots":{"index":"index","follow":"follow","max-snippet":"max-snippet:-1","max-image-preview":"max-image-preview:large","max-video-preview":"max-video-preview:-1"},"canonical":"https:\/\/bozita.com\/se\/katt\/kattens-utveckling\/lar-dig-tolka-din-katts-kroppssprak-och-beteenden\/","og_locale":"sv_SE","og_type":"article","og_title":"Katters beteende och kroppsspr\u00e5k - l\u00e4r dig tolka | Bozita","og_description":"L\u00e4r dig att tyda kattens kroppsspr\u00e5k och beteende. F\u00f6rst\u00e5 hur katten k\u00e4nner sig och om den \u00e4r n\u00f6jd, avslappnad, orolig, r\u00e4dd, l\u00e4ttad.","og_url":"https:\/\/bozita.com\/se\/katt\/kattens-utveckling\/lar-dig-tolka-din-katts-kroppssprak-och-beteenden\/","og_site_name":"Bozita Sverige","article_modified_time":"2021-08-26T20:59:40+00:00","og_image":[{"width":800,"height":533,"url":"https:\/\/bozita.com\/se\/wp-content\/uploads\/sites\/5\/2021\/08\/bozita-kattens-kroppssprak.jpg","type":"image\/jpeg"}],"twitter_card":"summary_large_image","schema":{"@context":"https:\/\/schema.org","@graph":[{"@type":"WebPage","@id":"https:\/\/bozita.com\/se\/katt\/kattens-utveckling\/lar-dig-tolka-din-katts-kroppssprak-och-beteenden\/","url":"https:\/\/bozita.com\/se\/katt\/kattens-utveckling\/lar-dig-tolka-din-katts-kroppssprak-och-beteenden\/","name":"Katters beteende och kroppsspr\u00e5k - l\u00e4r dig tolka | Bozita","isPartOf":{"@id":"https:\/\/bozita.com\/se\/#website"},"datePublished":"2021-06-22T21:31:59+00:00","dateModified":"2021-08-26T20:59:40+00:00","description":"L\u00e4r dig att tyda kattens kroppsspr\u00e5k och beteende. F\u00f6rst\u00e5 hur katten k\u00e4nner sig och om den \u00e4r n\u00f6jd, avslappnad, orolig, r\u00e4dd, l\u00e4ttad.","breadcrumb":{"@id":"https:\/\/bozita.com\/se\/katt\/kattens-utveckling\/lar-dig-tolka-din-katts-kroppssprak-och-beteenden\/#breadcrumb"},"inLanguage":"sv-SE","potentialAction":[{"@type":"ReadAction","target":["https:\/\/bozita.com\/se\/katt\/kattens-utveckling\/lar-dig-tolka-din-katts-kroppssprak-och-beteenden\/"]}]},{"@type":"BreadcrumbList","@id":"https:\/\/bozita.com\/se\/katt\/kattens-utveckling\/lar-dig-tolka-din-katts-kroppssprak-och-beteenden\/#breadcrumb","itemListElement":[{"@type":"ListItem","position":1,"name":"Home","item":"https:\/\/bozita.com\/se\/"},{"@type":"ListItem","position":2,"name":"Livet med katt","item":"https:\/\/bozita.com\/se\/katt\/"},{"@type":"ListItem","position":3,"name":"Kattens utveckling","item":"https:\/\/bozita.com\/se\/katt\/kattens-utveckling\/"},{"@type":"ListItem","position":4,"name":"Katters beteende och kroppsspr\u00e5k"}]},{"@type":"WebSite","@id":"https:\/\/bozita.com\/se\/#website","url":"https:\/\/bozita.com\/se\/","name":"Bozita Sverige","description":"","potentialAction":[{"@type":"SearchAction","target":{"@type":"EntryPoint","urlTemplate":"https:\/\/bozita.com\/se\/?s={search_term_string}"},"query-input":"required name=search_term_string"}],"inLanguage":"sv-SE"}]}},"_links":{"self":[{"href":"https:\/\/bozita.com\/se\/wp-json\/wp\/v2\/pages\/1745"}],"collection":[{"href":"https:\/\/bozita.com\/se\/wp-json\/wp\/v2\/pages"}],"about":[{"href":"https:\/\/bozita.com\/se\/wp-json\/wp\/v2\/types\/page"}],"author":[{"embeddable":true,"href":"https:\/\/bozita.com\/se\/wp-json\/wp\/v2\/users\/1"}],"replies":[{"embeddable":true,"href":"https:\/\/bozita.com\/se\/wp-json\/wp\/v2\/comments?post=1745"}],"version-history":[{"count":6,"href":"https:\/\/bozita.com\/se\/wp-json\/wp\/v2\/pages\/1745\/revisions"}],"predecessor-version":[{"id":4051,"href":"https:\/\/bozita.com\/se\/wp-json\/wp\/v2\/pages\/1745\/revisions\/4051"}],"up":[{"embeddable":true,"href":"https:\/\/bozita.com\/se\/wp-json\/wp\/v2\/pages\/79"}],"wp:featuredmedia":[{"embeddable":true,"href":"https:\/\/bozita.com\/se\/wp-json\/wp\/v2\/media\/3509"}],"wp:attachment":[{"href":"https:\/\/bozita.com\/se\/wp-json\/wp\/v2\/media?parent=1745"}],"curies":[{"name":"wp","href":"https:\/\/api.w.org\/{rel}","templated":true}]}}