{"id":1749,"date":"2021-06-22T21:33:08","date_gmt":"2021-06-22T21:33:08","guid":{"rendered":"https:\/\/bozita.com\/se\/?page_id=1749"},"modified":"2021-08-26T20:58:36","modified_gmt":"2021-08-26T20:58:36","slug":"kattens-historia","status":"publish","type":"page","link":"https:\/\/bozita.com\/se\/katt\/kattens-utveckling\/kattens-historia\/","title":{"rendered":"Kattens historia"},"content":{"rendered":"\t\t<section class=\"small-hero\">\n\t\t\t<div class=\"container\">\n\t\t\t\t<h1 class=\"small-hero-title\">Kattens historia<\/h1>\t\t\t<\/div>\n\t\t\t<\/div>\n\t\t<\/section>\n\t\n\n\t<div class=\"text-box-warp\">\n\t\t<div class=\"container\">\n\t\t\t<div class=\"text-content\">\n\t\t\t\t<p><strong>Katten har varit domesticerad i flera tusen \u00e5r och har med tiden g\u00e5tt fr\u00e5n att vara skadedjursbek\u00e4mpare till att bli en h\u00f6gt uppskattad familjemedlem.<\/strong><\/p>\n<h2>FR\u00c5N SKADEDJURSBEK\u00c4MPARE TILL S\u00c4LLSKAPSDJUR<\/h2>\n<p>Dagens tamkatt domesticerades fr\u00e5n vildkatten f\u00f6r flera tusen \u00e5r sedan. Anledningen till kattens domesticering tror forskare berodde p\u00e5 deras f\u00f6rm\u00e5ga att h\u00e5lla undan skadedjur och framf\u00f6rallt gnagare fr\u00e5n f\u00f6rvarad mat.<\/p>\n<p>Katten har en sp\u00e4nnande historia. Katter var h\u00f6gt v\u00e4rderade i Egypten m\u00e5nga \u00e5r f\u00f6re Kristus, men det tog l\u00e5ng tid innan den blev lika uppskattad i Europa. Det \u00e4r f\u00f6rst fr\u00e5n 1800-talet och fram\u00e5t som kattens popularitet har \u00f6kat och idag finns det fler katter i Sverige och i m\u00e5nga andra Europeiska l\u00e4nder \u00e4n vad det finns hundar. Katten har ocks\u00e5 p\u00e5 senare tid g\u00e5tt mer och mer fr\u00e5n skadedjursbek\u00e4mpare till ett h\u00f6gt uppskattat s\u00e4llskapsdjur.<\/p>\n<h2>KATTENS JAKTINSTINKT BEST\u00c5R<\/h2>\n<p>Trots att katten anv\u00e4nds mer som s\u00e4llskapsdjur och trots avelsf\u00f6rs\u00f6k s\u00e5 har det varit sv\u00e5rt att f\u00e5 bort jaktinstinkten ur katten, vilket de flesta katt\u00e4gare vet. Anledningen till det tros vara att kattens nutritionella behov bara p\u00e5 senare tid har kunnat tillgodoses av m\u00e4nniskan, det vill s\u00e4ga via v\u00e4l balanserade foder s\u00e5som <a title=\"v\u00e5tfoder\" href=\"https:\/\/bozita.com\/se\/kattfoder\/vatfoder\/\" >v\u00e5tfoder<\/a> och <a title=\"Torrfoder\" href=\"https:\/\/bozita.com\/se\/kattfoder\/torrfoder\/\" >torrfoder<\/a>. Tidigare under kattens historia har katten beh\u00f6vt f\u00e5nga egna byten f\u00f6r att f\u00e5 i sig alla livsn\u00f6dv\u00e4ndiga n\u00e4rings\u00e4mnen, trots att m\u00e4nniskan f\u00f6rsett den med mat.<\/p>\n<h2>\u00c4R KATTEN DOMESTICERAD ELLER INTE?<\/h2>\n<p>En intressant fr\u00e5ga m\u00e5nga forskare st\u00e4llt sig under kattens historia, och m\u00e4nniskor st\u00e4ller sig \u00e4n idag, \u00e4r dock om katten faktiskt kan r\u00e4knas som domesticerad. Anledningen \u00e4r att katter \u00e4r l\u00e5ngt fr\u00e5n lika beroende av m\u00e4nniskor som hundar \u00e4r och deras beteende mot m\u00e4nniskor skiljer sig m\u00e4rkv\u00e4rt. Olikt hundar erbjuder katter oftast inte mer tj\u00e4nster \u00e4n sig sj\u00e4lva. I fr\u00e5gan g\u00e5r d\u00e4remot forskarnas meningar is\u00e4r och vissa anser katten helt klart domesticerad och andra att den snarare skulle kallas \u201dsemi\u201d-domesticerad.<\/p>\n<p>I vilket fall tycker vi p\u00e5 Bozita att katter \u00e4r s\u00e4llskapsdjur i v\u00e4rldsklass, \u00e4ven om de inte alltid tackar f\u00f6r l\u00e5ng och trogen tj\u00e4nst.<\/p>\n\t\t\t<\/div>\n\t\t<\/div>\n\t<\/div>\n\n\n\n\t<section class=\"block related-articles\">\n\t\t<div class=\"container\">\n\t\t\t<h2>Relaterade artiklar<\/h2>\n\t\t\t<div class=\"row justify-content-center\">\n\t\t\t\t\t\t\t\t\t\t<div class=\"col-sm-6 col-md-6 col-lg-3\">\n\t\t\t\t\t\t\t\t\t\t\t\t\t\t<div class=\"card \">\n\t\t\t\t\t\t\t\t\t\t\t\t\t\t\t\t\t<img decoding=\"async\"  src=\"https:\/\/bozita.com\/se\/wp-content\/uploads\/sites\/5\/2021\/08\/bozita-introducera-katter-for-varandra-elin-hirsch.jpg\" alt=\"\">\n\t\t\t\t\t\t\t\t\t\t\t\t\t\t\t\t\t<!-- <img decoding=\"async\" src=\"\n\t\t\t\t\t\t\t\t\t\t\t\t\t\t\t\t\t\t\t\t\" alt=\"\n\t\t\t\t\t\t\t\t\t\t\t\t\t\t\t\t\t\t\t\t\t\t\t\t\t\t\t\"> -->\n\t\t\t\t\t\t\t\t<div class=\"card-body\">\n\t\t\t\t\t\t\t\t\t\t\t\t\t\t\t\t\t\t\t<h6>Introducera en ny katt f\u00f6r andra katter<\/h6>\n\t\t\t\t\t\t\t\t\t\t\t\t\t\t\t\t\t\t\t<a href=\"https:\/\/bozita.com\/se\/katt\/kattens-utveckling\/introducera-en-ny-katt-for-andra-katter\/\">L\u00e4s mer &nbsp; ><\/a>\n\t\t\t\t\t\t\t\t<\/div>\n\t\t\t\t\t\t\t<\/div>\n\t\t\t\t\t\t<\/div>\n\n\t\t\t\t\t\t\t\t\t\t\t<div class=\"col-sm-6 col-md-6 col-lg-3\">\n\t\t\t\t\t\t\t\t\t\t\t\t\t\t<div class=\"card \">\n\t\t\t\t\t\t\t\t\t\t\t\t\t\t\t\t\t<img decoding=\"async\"  src=\"https:\/\/bozita.com\/se\/wp-content\/uploads\/sites\/5\/2021\/08\/bozita-introducera-katt-till-nytt-hem.jpg\" alt=\"\">\n\t\t\t\t\t\t\t\t\t\t\t\t\t\t\t\t\t<!-- <img decoding=\"async\" src=\"\n\t\t\t\t\t\t\t\t\t\t\t\t\t\t\t\t\t\t\t\t\" alt=\"\n\t\t\t\t\t\t\t\t\t\t\t\t\t\t\t\t\t\t\t\t\t\t\t\t\t\t\t\"> -->\n\t\t\t\t\t\t\t\t<div class=\"card-body\">\n\t\t\t\t\t\t\t\t\t\t\t\t\t\t\t\t\t\t\t<h6>Introducera en katt till ett nytt hem<\/h6>\n\t\t\t\t\t\t\t\t\t\t\t\t\t\t\t\t\t\t\t<a href=\"https:\/\/bozita.com\/se\/katt\/kopa-katt\/introducera-en-kattunge-eller-vuxen-katt-till-ett-nytt-hem\/\">L\u00e4s mer &nbsp; ><\/a>\n\t\t\t\t\t\t\t\t<\/div>\n\t\t\t\t\t\t\t<\/div>\n\t\t\t\t\t\t<\/div>\n\n\t\t\t\t\t\t\t\t\t\t\t<div class=\"col-sm-6 col-md-6 col-lg-3\">\n\t\t\t\t\t\t\t\t\t\t\t\t\t\t<div class=\"card \">\n\t\t\t\t\t\t\t\t\t\t\t\t\t\t\t\t\t<img decoding=\"async\"  src=\"https:\/\/bozita.com\/se\/wp-content\/uploads\/sites\/5\/2021\/08\/bozita-katter-ar-kottatare.jpg\" alt=\"\">\n\t\t\t\t\t\t\t\t\t\t\t\t\t\t\t\t\t<!-- <img decoding=\"async\" src=\"\n\t\t\t\t\t\t\t\t\t\t\t\t\t\t\t\t\t\t\t\t\" alt=\"\n\t\t\t\t\t\t\t\t\t\t\t\t\t\t\t\t\t\t\t\t\t\t\t\t\t\t\t\"> -->\n\t\t\t\t\t\t\t\t<div class=\"card-body\">\n\t\t\t\t\t\t\t\t\t\t\t\t\t\t\t\t\t\t\t<h6>Vad \u00e4ter katter?<\/h6>\n\t\t\t\t\t\t\t\t\t\t\t\t\t\t\t\t\t\t\t<a href=\"https:\/\/bozita.com\/se\/kattfoder\/nutrition-och-kost\/protein-och-starkelse-ar-viktiga-komponenter-i-en-katts-diet\/\">L\u00e4s mer &nbsp; ><\/a>\n\t\t\t\t\t\t\t\t<\/div>\n\t\t\t\t\t\t\t<\/div>\n\t\t\t\t\t\t<\/div>\n\n\t\t\t\t\t\t\t\t\t\t\t\t<\/div>\n\t\t<\/div>\n\t<\/section>\n","protected":false},"excerpt":{"rendered":"","protected":false},"author":1,"featured_media":3536,"parent":79,"menu_order":0,"comment_status":"closed","ping_status":"closed","template":"guternberg.php","meta":{"footnotes":""},"acf":[],"yoast_head":"<!-- This site is optimized with the Yoast SEO plugin v21.3 - https:\/\/yoast.com\/wordpress\/plugins\/seo\/ -->\n<title>Kattens historia som husdjur till m\u00e4nniskan | Bozita<\/title>\n<meta name=\"description\" content=\"Katter och m\u00e4nniskor har levt ihop i tusentals \u00e5r - men hur domesticerad \u00e4r den egentligen? L\u00e4r dig mer om kattens sp\u00e4nnande historia.\" \/>\n<meta name=\"robots\" content=\"index, follow, max-snippet:-1, max-image-preview:large, max-video-preview:-1\" \/>\n<link rel=\"canonical\" href=\"https:\/\/bozita.com\/se\/katt\/kattens-utveckling\/kattens-historia\/\" \/>\n<meta property=\"og:locale\" content=\"sv_SE\" \/>\n<meta property=\"og:type\" content=\"article\" \/>\n<meta property=\"og:title\" content=\"Kattens historia som husdjur till m\u00e4nniskan | Bozita\" \/>\n<meta property=\"og:description\" content=\"Katter och m\u00e4nniskor har levt ihop i tusentals \u00e5r - men hur domesticerad \u00e4r den egentligen? L\u00e4r dig mer om kattens sp\u00e4nnande historia.\" \/>\n<meta property=\"og:url\" content=\"https:\/\/bozita.com\/se\/katt\/kattens-utveckling\/kattens-historia\/\" \/>\n<meta property=\"og:site_name\" content=\"Bozita Sverige\" \/>\n<meta property=\"article:modified_time\" content=\"2021-08-26T20:58:36+00:00\" \/>\n<meta property=\"og:image\" content=\"https:\/\/bozita.com\/se\/wp-content\/uploads\/sites\/5\/2021\/08\/bozita-kattens-historia-domesticering.jpg\" \/>\n\t<meta property=\"og:image:width\" content=\"800\" \/>\n\t<meta property=\"og:image:height\" content=\"532\" \/>\n\t<meta property=\"og:image:type\" content=\"image\/jpeg\" \/>\n<meta name=\"twitter:card\" content=\"summary_large_image\" \/>\n<!-- \/ Yoast SEO plugin. -->","yoast_head_json":{"title":"Kattens historia som husdjur till m\u00e4nniskan | Bozita","description":"Katter och m\u00e4nniskor har levt ihop i tusentals \u00e5r - men hur domesticerad \u00e4r den egentligen? L\u00e4r dig mer om kattens sp\u00e4nnande historia.","robots":{"index":"index","follow":"follow","max-snippet":"max-snippet:-1","max-image-preview":"max-image-preview:large","max-video-preview":"max-video-preview:-1"},"canonical":"https:\/\/bozita.com\/se\/katt\/kattens-utveckling\/kattens-historia\/","og_locale":"sv_SE","og_type":"article","og_title":"Kattens historia som husdjur till m\u00e4nniskan | Bozita","og_description":"Katter och m\u00e4nniskor har levt ihop i tusentals \u00e5r - men hur domesticerad \u00e4r den egentligen? L\u00e4r dig mer om kattens sp\u00e4nnande historia.","og_url":"https:\/\/bozita.com\/se\/katt\/kattens-utveckling\/kattens-historia\/","og_site_name":"Bozita Sverige","article_modified_time":"2021-08-26T20:58:36+00:00","og_image":[{"width":800,"height":532,"url":"https:\/\/bozita.com\/se\/wp-content\/uploads\/sites\/5\/2021\/08\/bozita-kattens-historia-domesticering.jpg","type":"image\/jpeg"}],"twitter_card":"summary_large_image","schema":{"@context":"https:\/\/schema.org","@graph":[{"@type":"WebPage","@id":"https:\/\/bozita.com\/se\/katt\/kattens-utveckling\/kattens-historia\/","url":"https:\/\/bozita.com\/se\/katt\/kattens-utveckling\/kattens-historia\/","name":"Kattens historia som husdjur till m\u00e4nniskan | Bozita","isPartOf":{"@id":"https:\/\/bozita.com\/se\/#website"},"datePublished":"2021-06-22T21:33:08+00:00","dateModified":"2021-08-26T20:58:36+00:00","description":"Katter och m\u00e4nniskor har levt ihop i tusentals \u00e5r - men hur domesticerad \u00e4r den egentligen? L\u00e4r dig mer om kattens sp\u00e4nnande historia.","breadcrumb":{"@id":"https:\/\/bozita.com\/se\/katt\/kattens-utveckling\/kattens-historia\/#breadcrumb"},"inLanguage":"sv-SE","potentialAction":[{"@type":"ReadAction","target":["https:\/\/bozita.com\/se\/katt\/kattens-utveckling\/kattens-historia\/"]}]},{"@type":"BreadcrumbList","@id":"https:\/\/bozita.com\/se\/katt\/kattens-utveckling\/kattens-historia\/#breadcrumb","itemListElement":[{"@type":"ListItem","position":1,"name":"Home","item":"https:\/\/bozita.com\/se\/"},{"@type":"ListItem","position":2,"name":"Livet med katt","item":"https:\/\/bozita.com\/se\/katt\/"},{"@type":"ListItem","position":3,"name":"Kattens utveckling","item":"https:\/\/bozita.com\/se\/katt\/kattens-utveckling\/"},{"@type":"ListItem","position":4,"name":"Kattens historia"}]},{"@type":"WebSite","@id":"https:\/\/bozita.com\/se\/#website","url":"https:\/\/bozita.com\/se\/","name":"Bozita Sverige","description":"","potentialAction":[{"@type":"SearchAction","target":{"@type":"EntryPoint","urlTemplate":"https:\/\/bozita.com\/se\/?s={search_term_string}"},"query-input":"required name=search_term_string"}],"inLanguage":"sv-SE"}]}},"_links":{"self":[{"href":"https:\/\/bozita.com\/se\/wp-json\/wp\/v2\/pages\/1749"}],"collection":[{"href":"https:\/\/bozita.com\/se\/wp-json\/wp\/v2\/pages"}],"about":[{"href":"https:\/\/bozita.com\/se\/wp-json\/wp\/v2\/types\/page"}],"author":[{"embeddable":true,"href":"https:\/\/bozita.com\/se\/wp-json\/wp\/v2\/users\/1"}],"replies":[{"embeddable":true,"href":"https:\/\/bozita.com\/se\/wp-json\/wp\/v2\/comments?post=1749"}],"version-history":[{"count":8,"href":"https:\/\/bozita.com\/se\/wp-json\/wp\/v2\/pages\/1749\/revisions"}],"predecessor-version":[{"id":4047,"href":"https:\/\/bozita.com\/se\/wp-json\/wp\/v2\/pages\/1749\/revisions\/4047"}],"up":[{"embeddable":true,"href":"https:\/\/bozita.com\/se\/wp-json\/wp\/v2\/pages\/79"}],"wp:featuredmedia":[{"embeddable":true,"href":"https:\/\/bozita.com\/se\/wp-json\/wp\/v2\/media\/3536"}],"wp:attachment":[{"href":"https:\/\/bozita.com\/se\/wp-json\/wp\/v2\/media?parent=1749"}],"curies":[{"name":"wp","href":"https:\/\/api.w.org\/{rel}","templated":true}]}}