{"id":1753,"date":"2021-06-22T21:34:47","date_gmt":"2021-06-22T21:34:47","guid":{"rendered":"https:\/\/bozita.com\/se\/?page_id=1753"},"modified":"2021-08-26T21:00:02","modified_gmt":"2021-08-26T21:00:02","slug":"nagra-snabba-fakta-om-kattens-anatomi-och-fysiologi","status":"publish","type":"page","link":"https:\/\/bozita.com\/se\/katt\/kattens-utveckling\/nagra-snabba-fakta-om-kattens-anatomi-och-fysiologi\/","title":{"rendered":"Kattens anatomi och fysiologi"},"content":{"rendered":"\t\t<section class=\"small-hero\">\n\t\t\t<div class=\"container\">\n\t\t\t\t<h1 class=\"small-hero-title\">Kattens anatomi och fysiologi<\/h1>\t\t\t<\/div>\n\t\t\t<\/div>\n\t\t<\/section>\n\t\n\n\t<div class=\"text-box-warp\">\n\t\t<div class=\"container\">\n\t\t\t<div class=\"text-content\">\n\t\t\t\t<p><strong>Katter finns i flera olika raser och typer, men trots detta fungerar deras kroppar p\u00e5 ungef\u00e4r samma s\u00e4tt. De \u00e4r uppbyggda som andra rovdjur med snabba reflexer och smidiga kroppar f\u00f6r att l\u00e4tt kunna smita undan farliga djur eller f\u00e5nga sitt byte under jakt. F\u00f6r att f\u00f6rst\u00e5 din katts beteende och hur kroppen fungerar \u00e4r det bra att ta reda p\u00e5 fakta om kattens anatomi (hur den \u00e4r uppbyggd) och fysiologi (hur den fungerar).<\/strong><\/p>\n<h2>KATTER SER BRA I M\u00d6RKER<\/h2>\n<p>\u00d6gats konstruktion g\u00f6r att katter ser bra i m\u00f6rker, en viktig del av kattens anatomi. Katter har ett synf\u00e4lt p\u00e5 285 grader d\u00e4r ungef\u00e4r h\u00e4lften av de b\u00e5da \u00f6gonens synf\u00e4lt t\u00e4cker varandra. De \u00e4r k\u00e4nda f\u00f6r att ha bra syn och framf\u00f6rallt ett f\u00f6rdelaktigt m\u00f6rkerseende. Forskare har kommit fram till att \u00f6gonen hos nattlevande d\u00e4ggdjur \u00e4r annorlunda j\u00e4mf\u00f6rt med oss daglevande djur, vilket g\u00f6r att de ser sex g\u00e5nger b\u00e4ttre \u00e4n m\u00e4nniskor i m\u00f6rker.<\/p>\n<p>Anledningen \u00e4r att de har miljontals sm\u00e5 linser i \u00f6gat som f\u00e5ngar upp ljuset och det kr\u00e4vs d\u00e4rf\u00f6r endast en liten m\u00e4ngd ljus f\u00f6r att de ska kunna se. I totalt m\u00f6rker ser de d\u00e4remot inte med \u00f6gonen utan anv\u00e4nder d\u00e5 sina k\u00e4nselh\u00e5r samt h\u00f6rsel- och luktsinne.<\/p>\n<p>Katters \u00f6gon har \u00e4ven en ljusreflekterande yta bakom n\u00e4thinnan och det \u00e4r d\u00e4rf\u00f6r deras \u00f6gon kan upplevas som att de lyser n\u00e4r man riktar en lampa mot dem i m\u00f6rkret.<\/p>\n<h2>KATTENS ANATOMI &#8211; SKELETT OCH MUSKLER<\/h2>\n<p>Kattens skelett och muskler \u00e4r uppbyggda f\u00f6r att jaga. Kattkroppen best\u00e5r av brosk och skelettet inneh\u00e5ller upp till 282 ben samt fungerar som en mineraldep\u00e5 f\u00f6r fosfor och kalcium.<\/p>\n<p>Kattens anatomi och fysiologi g\u00f6r dem till framg\u00e5ngsrika j\u00e4gare. Katten har v\u00e4lutvecklade muskler i framf\u00f6rallt k\u00e4ke, ben och rygg som hj\u00e4lper dem i jakten. Katter har \u00e4ven en v\u00e4ldigt r\u00f6rlig ryggrad vilket g\u00f6r dem flexibla. Svansen \u00e4r en f\u00f6rl\u00e4ngning av ryggraden och hj\u00e4lper till att h\u00e5lla balansen. R\u00f6rligheten g\u00f6r att de l\u00e4ttare kan smyga fram n\u00e4r de ska f\u00e5nga sitt byte, samt underl\u00e4ttar n\u00e4r de ska ta sig \u00f6ver och under eller mellan hinder.<\/p>\n<p>Det \u00e4r \u00e4ven tack vare starka muskler i rygg och bakben som katter med enkelhet kan kl\u00e4ttra rakt upp\u00e5t, i till exempel tr\u00e4d, med sina klor som hj\u00e4lpmedel. Klorna \u00e4r d\u00e4remot inte utformade att anv\u00e4ndas rakt ned\u00e5t, och det \u00e4r d\u00e4rf\u00f6r katter ofta fastnar i tr\u00e4d.<\/p>\n<h2>HUDEN OCH P\u00c4LSEN SKYDDAR OCH V\u00c4RMER<\/h2>\n<p>Huden och p\u00e4lsen fungerar fr\u00e4mst som ett skydd mot yttre skador. K\u00f6rtlarna i huden uts\u00f6ndrar dessutom ett \u00e4mne som heter feromoner som anv\u00e4nds f\u00f6r att markera revir. D\u00e4rf\u00f6r kan man ofta m\u00e4rka att katter stryker sig mot ens ben eller mot m\u00f6bler i hemmet.<\/p>\n<p>Katters p\u00e4ls \u00e4r v\u00e4ldigt t\u00e4t och n\u00e4r h\u00e5rstr\u00e5et n\u00e5r sin fulla l\u00e4ngd v\u00e4xer det inte mer. P\u00e4lsen best\u00e5r av tre olika typer av h\u00e5rstr\u00e5n, oavsett om din katt \u00e4r korth\u00e5rig eller l\u00e5ngh\u00e5rig, som alla har olika funktioner.<\/p>\n<ul>\n<li><strong>T\u00e4ckh\u00e5r<\/strong>\u00a0\u00e4r det \u00f6versta lagret med h\u00e5rstr\u00e5n som \u00e4r raka och j\u00e4mntjocka. De ger katten sin huvudsakliga f\u00e4rg och skyddar fr\u00e5n v\u00e4ta.<\/li>\n<li><strong>Mellanp\u00e4lsen<\/strong>\u00a0finns under t\u00e4ckh\u00e5ren och utg\u00f6r tillsammans med dem ett skydd mot yttre p\u00e5frestningar. Mellanp\u00e4lsen best\u00e5r av mellanh\u00e5r, mellanull och ullh\u00e5r.<\/li>\n<li><strong>Underullen<\/strong> ligger n\u00e4rmast kroppen med h\u00e5rstr\u00e5n som \u00e4r tunna och mjuka. Dessa finns till f\u00f6r att katten ska h\u00e5lla v\u00e4rmen.<\/li>\n<\/ul>\n<h2>KATTENS ANATOMI &#8211; MAGE OCH TARM<\/h2>\n<p>Att magen och tarmen fungerar som den ska kr\u00e4vs f\u00f6r att din katt ska kunna ta upp n\u00e4ringen i fodret. Saliven inneh\u00e5ller inga spj\u00e4lkande enzymer som hos oss m\u00e4nniskor och d\u00e4rf\u00f6r tuggar inte katter maten lika l\u00e4nge som vi g\u00f6r. Katters matsm\u00e4ltning b\u00f6rjar i st\u00e4llet f\u00f6rst i mags\u00e4cken.<\/p>\n<p>I mag-tarmkanalen bryts fodret ner s\u00e5 att n\u00e4rings\u00e4mnena kan tas upp ordentligt. Enzymerna \u00e4r anpassade f\u00f6r att sm\u00e4lta proteiner och fetter och har inte alls lika l\u00e4tt att sm\u00e4lta kolhydrater. D\u00e4rf\u00f6r rekommenderar man inte att katter \u00e4ter f\u00f6r stora m\u00e4ngder kolhydrater.<\/p>\n<p>Magens pH-v\u00e4rde \u00e4r mycket surt vilket underl\u00e4ttar i reningsprocessen och ger ett naturligt skydd mot infektioner i matsm\u00e4ltningskanalen.<\/p>\n\t\t\t<\/div>\n\t\t<\/div>\n\t<\/div>\n\n\n\n\t<section class=\"block related-articles\">\n\t\t<div class=\"container\">\n\t\t\t<h2>Relaterade artiklar<\/h2>\n\t\t\t<div class=\"row justify-content-center\">\n\t\t\t\t\t\t\t\t\t\t<div class=\"col-sm-6 col-md-6 col-lg-3\">\n\t\t\t\t\t\t\t\t\t\t\t\t\t\t<div class=\"card \">\n\t\t\t\t\t\t\t\t\t\t\t\t\t\t\t\t\t<img decoding=\"async\"  src=\"https:\/\/bozita.com\/se\/wp-content\/uploads\/sites\/5\/2021\/08\/bozita-kattens-historia-domesticering.jpg\" alt=\"\">\n\t\t\t\t\t\t\t\t\t\t\t\t\t\t\t\t\t<!-- <img decoding=\"async\" src=\"\n\t\t\t\t\t\t\t\t\t\t\t\t\t\t\t\t\t\t\t\t\" alt=\"\n\t\t\t\t\t\t\t\t\t\t\t\t\t\t\t\t\t\t\t\t\t\t\t\t\t\t\t\"> -->\n\t\t\t\t\t\t\t\t<div class=\"card-body\">\n\t\t\t\t\t\t\t\t\t\t\t\t\t\t\t\t\t\t\t<h6>Kattens historia<\/h6>\n\t\t\t\t\t\t\t\t\t\t\t\t\t\t\t\t\t\t\t<a href=\"https:\/\/bozita.com\/se\/katt\/kattens-utveckling\/kattens-historia\/\">L\u00e4s mer &nbsp; ><\/a>\n\t\t\t\t\t\t\t\t<\/div>\n\t\t\t\t\t\t\t<\/div>\n\t\t\t\t\t\t<\/div>\n\n\t\t\t\t\t\t\t\t\t\t\t<div class=\"col-sm-6 col-md-6 col-lg-3\">\n\t\t\t\t\t\t\t\t\t\t\t\t\t\t<div class=\"card \">\n\t\t\t\t\t\t\t\t\t\t\t\t\t\t\t\t\t<img decoding=\"async\"  src=\"https:\/\/bozita.com\/se\/wp-content\/uploads\/sites\/5\/2021\/08\/bozita-kattens-kroppssprak.jpg\" alt=\"\">\n\t\t\t\t\t\t\t\t\t\t\t\t\t\t\t\t\t<!-- <img decoding=\"async\" src=\"\n\t\t\t\t\t\t\t\t\t\t\t\t\t\t\t\t\t\t\t\t\" alt=\"\n\t\t\t\t\t\t\t\t\t\t\t\t\t\t\t\t\t\t\t\t\t\t\t\t\t\t\t\"> -->\n\t\t\t\t\t\t\t\t<div class=\"card-body\">\n\t\t\t\t\t\t\t\t\t\t\t\t\t\t\t\t\t\t\t<h6>Katters beteende och kroppsspr\u00e5k<\/h6>\n\t\t\t\t\t\t\t\t\t\t\t\t\t\t\t\t\t\t\t<a href=\"https:\/\/bozita.com\/se\/katt\/kattens-utveckling\/lar-dig-tolka-din-katts-kroppssprak-och-beteenden\/\">L\u00e4s mer &nbsp; ><\/a>\n\t\t\t\t\t\t\t\t<\/div>\n\t\t\t\t\t\t\t<\/div>\n\t\t\t\t\t\t<\/div>\n\n\t\t\t\t\t\t\t\t\t\t\t<div class=\"col-sm-6 col-md-6 col-lg-3\">\n\t\t\t\t\t\t\t\t\t\t\t\t\t\t<div class=\"card \">\n\t\t\t\t\t\t\t\t\t\t\t\t\t\t\t\t\t<img decoding=\"async\"  src=\"https:\/\/bozita.com\/se\/wp-content\/uploads\/sites\/5\/2021\/08\/bozita-aktivera-innekatt.jpg\" alt=\"\">\n\t\t\t\t\t\t\t\t\t\t\t\t\t\t\t\t\t<!-- <img decoding=\"async\" src=\"\n\t\t\t\t\t\t\t\t\t\t\t\t\t\t\t\t\t\t\t\t\" alt=\"\n\t\t\t\t\t\t\t\t\t\t\t\t\t\t\t\t\t\t\t\t\t\t\t\t\t\t\t\"> -->\n\t\t\t\t\t\t\t\t<div class=\"card-body\">\n\t\t\t\t\t\t\t\t\t\t\t\t\t\t\t\t\t\t\t<h6>Aktivera din katt<\/h6>\n\t\t\t\t\t\t\t\t\t\t\t\t\t\t\t\t\t\t\t<a href=\"https:\/\/bozita.com\/se\/katt\/aktivera-katten\/aktivera-katten-for-att-den-ska-ma-bra\/\">L\u00e4s mer &nbsp; ><\/a>\n\t\t\t\t\t\t\t\t<\/div>\n\t\t\t\t\t\t\t<\/div>\n\t\t\t\t\t\t<\/div>\n\n\t\t\t\t\t\t\t\t\t\t\t\t<\/div>\n\t\t<\/div>\n\t<\/section>\n","protected":false},"excerpt":{"rendered":"","protected":false},"author":1,"featured_media":3497,"parent":79,"menu_order":0,"comment_status":"closed","ping_status":"closed","template":"guternberg.php","meta":{"footnotes":""},"acf":[],"yoast_head":"<!-- This site is optimized with the Yoast SEO plugin v21.3 - https:\/\/yoast.com\/wordpress\/plugins\/seo\/ -->\n<title>Kattens anatomi och fysiologi | Bozita<\/title>\n<meta name=\"description\" content=\"En introduktion till kattens anatomi (hur den \u00e4r uppbyggd) och fysiologi (hur den fungerar): kattens skelett, muskler, hud, p\u00e4ls, mage, tarmar\" \/>\n<meta name=\"robots\" content=\"index, follow, max-snippet:-1, max-image-preview:large, max-video-preview:-1\" \/>\n<link rel=\"canonical\" href=\"https:\/\/bozita.com\/se\/katt\/kattens-utveckling\/nagra-snabba-fakta-om-kattens-anatomi-och-fysiologi\/\" \/>\n<meta property=\"og:locale\" content=\"sv_SE\" \/>\n<meta property=\"og:type\" content=\"article\" \/>\n<meta property=\"og:title\" content=\"Kattens anatomi och fysiologi | Bozita\" \/>\n<meta property=\"og:description\" content=\"En introduktion till kattens anatomi (hur den \u00e4r uppbyggd) och fysiologi (hur den fungerar): kattens skelett, muskler, hud, p\u00e4ls, mage, tarmar\" \/>\n<meta property=\"og:url\" content=\"https:\/\/bozita.com\/se\/katt\/kattens-utveckling\/nagra-snabba-fakta-om-kattens-anatomi-och-fysiologi\/\" \/>\n<meta property=\"og:site_name\" content=\"Bozita Sverige\" \/>\n<meta property=\"article:modified_time\" content=\"2021-08-26T21:00:02+00:00\" \/>\n<meta property=\"og:image\" content=\"https:\/\/bozita.com\/se\/wp-content\/uploads\/sites\/5\/2021\/08\/bozita_swedish-natural-quality.jpg\" \/>\n\t<meta property=\"og:image:width\" content=\"800\" \/>\n\t<meta property=\"og:image:height\" content=\"533\" \/>\n\t<meta property=\"og:image:type\" content=\"image\/jpeg\" \/>\n<meta name=\"twitter:card\" content=\"summary_large_image\" \/>\n<!-- \/ Yoast SEO plugin. -->","yoast_head_json":{"title":"Kattens anatomi och fysiologi | Bozita","description":"En introduktion till kattens anatomi (hur den \u00e4r uppbyggd) och fysiologi (hur den fungerar): kattens skelett, muskler, hud, p\u00e4ls, mage, tarmar","robots":{"index":"index","follow":"follow","max-snippet":"max-snippet:-1","max-image-preview":"max-image-preview:large","max-video-preview":"max-video-preview:-1"},"canonical":"https:\/\/bozita.com\/se\/katt\/kattens-utveckling\/nagra-snabba-fakta-om-kattens-anatomi-och-fysiologi\/","og_locale":"sv_SE","og_type":"article","og_title":"Kattens anatomi och fysiologi | Bozita","og_description":"En introduktion till kattens anatomi (hur den \u00e4r uppbyggd) och fysiologi (hur den fungerar): kattens skelett, muskler, hud, p\u00e4ls, mage, tarmar","og_url":"https:\/\/bozita.com\/se\/katt\/kattens-utveckling\/nagra-snabba-fakta-om-kattens-anatomi-och-fysiologi\/","og_site_name":"Bozita Sverige","article_modified_time":"2021-08-26T21:00:02+00:00","og_image":[{"width":800,"height":533,"url":"https:\/\/bozita.com\/se\/wp-content\/uploads\/sites\/5\/2021\/08\/bozita_swedish-natural-quality.jpg","type":"image\/jpeg"}],"twitter_card":"summary_large_image","schema":{"@context":"https:\/\/schema.org","@graph":[{"@type":"WebPage","@id":"https:\/\/bozita.com\/se\/katt\/kattens-utveckling\/nagra-snabba-fakta-om-kattens-anatomi-och-fysiologi\/","url":"https:\/\/bozita.com\/se\/katt\/kattens-utveckling\/nagra-snabba-fakta-om-kattens-anatomi-och-fysiologi\/","name":"Kattens anatomi och fysiologi | Bozita","isPartOf":{"@id":"https:\/\/bozita.com\/se\/#website"},"datePublished":"2021-06-22T21:34:47+00:00","dateModified":"2021-08-26T21:00:02+00:00","description":"En introduktion till kattens anatomi (hur den \u00e4r uppbyggd) och fysiologi (hur den fungerar): kattens skelett, muskler, hud, p\u00e4ls, mage, tarmar","breadcrumb":{"@id":"https:\/\/bozita.com\/se\/katt\/kattens-utveckling\/nagra-snabba-fakta-om-kattens-anatomi-och-fysiologi\/#breadcrumb"},"inLanguage":"sv-SE","potentialAction":[{"@type":"ReadAction","target":["https:\/\/bozita.com\/se\/katt\/kattens-utveckling\/nagra-snabba-fakta-om-kattens-anatomi-och-fysiologi\/"]}]},{"@type":"BreadcrumbList","@id":"https:\/\/bozita.com\/se\/katt\/kattens-utveckling\/nagra-snabba-fakta-om-kattens-anatomi-och-fysiologi\/#breadcrumb","itemListElement":[{"@type":"ListItem","position":1,"name":"Home","item":"https:\/\/bozita.com\/se\/"},{"@type":"ListItem","position":2,"name":"Livet med katt","item":"https:\/\/bozita.com\/se\/katt\/"},{"@type":"ListItem","position":3,"name":"Kattens utveckling","item":"https:\/\/bozita.com\/se\/katt\/kattens-utveckling\/"},{"@type":"ListItem","position":4,"name":"Kattens anatomi och fysiologi"}]},{"@type":"WebSite","@id":"https:\/\/bozita.com\/se\/#website","url":"https:\/\/bozita.com\/se\/","name":"Bozita Sverige","description":"","potentialAction":[{"@type":"SearchAction","target":{"@type":"EntryPoint","urlTemplate":"https:\/\/bozita.com\/se\/?s={search_term_string}"},"query-input":"required name=search_term_string"}],"inLanguage":"sv-SE"}]}},"_links":{"self":[{"href":"https:\/\/bozita.com\/se\/wp-json\/wp\/v2\/pages\/1753"}],"collection":[{"href":"https:\/\/bozita.com\/se\/wp-json\/wp\/v2\/pages"}],"about":[{"href":"https:\/\/bozita.com\/se\/wp-json\/wp\/v2\/types\/page"}],"author":[{"embeddable":true,"href":"https:\/\/bozita.com\/se\/wp-json\/wp\/v2\/users\/1"}],"replies":[{"embeddable":true,"href":"https:\/\/bozita.com\/se\/wp-json\/wp\/v2\/comments?post=1753"}],"version-history":[{"count":8,"href":"https:\/\/bozita.com\/se\/wp-json\/wp\/v2\/pages\/1753\/revisions"}],"predecessor-version":[{"id":4045,"href":"https:\/\/bozita.com\/se\/wp-json\/wp\/v2\/pages\/1753\/revisions\/4045"}],"up":[{"embeddable":true,"href":"https:\/\/bozita.com\/se\/wp-json\/wp\/v2\/pages\/79"}],"wp:featuredmedia":[{"embeddable":true,"href":"https:\/\/bozita.com\/se\/wp-json\/wp\/v2\/media\/3497"}],"wp:attachment":[{"href":"https:\/\/bozita.com\/se\/wp-json\/wp\/v2\/media?parent=1753"}],"curies":[{"name":"wp","href":"https:\/\/api.w.org\/{rel}","templated":true}]}}