{"id":1759,"date":"2021-06-22T21:37:02","date_gmt":"2021-06-22T21:37:02","guid":{"rendered":"https:\/\/bozita.com\/se\/?page_id=1759"},"modified":"2021-08-26T20:59:01","modified_gmt":"2021-08-26T20:59:01","slug":"kattens-utveckling-pa-vag-mot-vuxenlivet","status":"publish","type":"page","link":"https:\/\/bozita.com\/se\/katt\/kattens-utveckling\/kattens-utveckling-pa-vag-mot-vuxenlivet\/","title":{"rendered":"Kattens utveckling p\u00e5 v\u00e4g mot vuxenlivet"},"content":{"rendered":"\t\t<section class=\"small-hero\">\n\t\t\t<div class=\"container\">\n\t\t\t\t<h1 class=\"small-hero-title\">Kattens utveckling p\u00e5 v\u00e4g mot vuxenlivet<\/h1>\t\t\t<\/div>\n\t\t\t<\/div>\n\t\t<\/section>\n\t\n\n\t<div class=\"text-box-warp\">\n\t\t<div class=\"container\">\n\t\t\t<div class=\"text-content\">\n\t\t\t\t<p>Genom att k\u00e4nna till viktiga delar i kattungens utveckling p\u00e5 v\u00e4g mot vuxenlivet kan du som djur\u00e4gare f\u00f6rbereda dig p\u00e5 f\u00f6r\u00e4ndringar som kan ske och anpassa kattens milj\u00f6 efter detta. F\u00f6rberedelser av kattens milj\u00f6 och att se till att denna \u00e4r anpassad efter kattens aktuella behov kommer \u00e4ven \u00f6ka chansen f\u00f6r en fortsatt god relation.<\/p>\n<h2>KATTUNGE VECKA F\u00d6R VECKA<\/h2>\n<p>Kattungar \u00e4r nyfikna och aktiva djur. Lek och att uppt\u00e4cka v\u00e4rlden upptar en stor del av kattungens vakna tid.<\/p>\n<h3>KATTUNGE VECKA F\u00d6R VECKA:<\/h3>\n<ul>\n<li><strong>2 veckor<\/strong> \u2013 kattungen \u00f6ppnar sina \u00f6gon.<\/li>\n<li><strong>2- ca 9 veckor<\/strong> \u2013 kattungen kan skapa sociala relationer kopplade till familjaritet. Kattungens relation till m\u00e4nniskor forts\u00e4tter utvecklas fram till ca 4 m\u00e5naders \u00e5lder. Social lek uppkommer successivt (topp vid 12 &#8211; 14 veckor).<\/li>\n<li><strong>4 veckor<\/strong> \u2013 kattungen b\u00f6rjar \u00e4ta fast f\u00f6da. Katten kan l\u00e4ra sig genom att enbart observera.<\/li>\n<li><strong>5-6 veckor<\/strong> \u2013 frivillig eliminering (kattungen beh\u00f6ver inte hj\u00e4lp med att kissa och bajsa).<\/li>\n<li><strong>7-8 veckor<\/strong> \u2013 s\u00f6mncykeln b\u00f6rjar anta vuxen form. Objektlek uppkommer.<\/li>\n<li><strong>7-9 veckor<\/strong> \u2013 f\u00f6rsta vaccinationen, andra vaccinationen ges 3-4 veckor senare vid ca 12 veckor.<\/li>\n<\/ul>\n<p>Den f\u00f6rsta tiden efter att kattungen \u00f6ppnat sina \u00f6gon \u00e4r leken fr\u00e4mst kopplad till kullsyskon och honan. N\u00e4r kattungen blir \u00e4ldre \u00f6verg\u00e5r leken till att manipulera objekt s\u00e5som leksaker. Det \u00e4r genom lek som kattungen skaffar sig den erfarenhet och de f\u00e4rdigheter som kr\u00e4vs f\u00f6r ett liv som vuxen katt, till exempel n\u00e4r det kommer till samspel med andra katter. Leken tr\u00e4nar \u00e4ven kattungen fysiskt och omfattar ofta samma sekvenser som vid jakt. Katter leker hela livet och d\u00e4rf\u00f6r \u00e4r det viktigt att se till att kattens milj\u00f6 omfattar m\u00f6jlighet till lek \u00e4ven n\u00e4r den blir \u00e4ldre.<\/p>\n<p>Vid fyra veckors \u00e5lder b\u00f6rjar kattungen \u00e4ta fast f\u00f6da. Under denna period kommer kattungen skapa preferenser f\u00f6r bland annat smaker och strukturer p\u00e5 foder. Detta kommer p\u00e5verka vilken typ av foder katten f\u00f6redrar under livet. Det \u00e4r d\u00e4rf\u00f6r viktigt att k\u00e4nna till vad kattungen \u00e4tit f\u00f6r foder under sin uppv\u00e4xt samt att vid foderbyten gradvis introducera ett nytt foder sida vid sida med det gamla.<\/p>\n<h4>Vidare l\u00e4sning:<\/h4>\n<ul>\n<li><a href=\"https:\/\/bozita.com\/se\/kattfoder\/nutrition-och-kost\/hur-byter-man-foder-till-en-vuxen-katt\/\" >Hur byter man foder till sin katt<\/a><\/li>\n<\/ul>\n<h2>FR\u00c5N KATTUNGE TILL VUXEN KATT<\/h2>\n<p>Fr\u00e5n att ungkatten \u00e4r cirka fyra m\u00e5nader n\u00e5r den k\u00f6nsmognad.<\/p>\n<h3>FR\u00c5N UNGKATT TILL VUXEN KATT:<\/h3>\n<ul>\n<li><strong>4 m\u00e5nader<\/strong> \u2013 kattungens sociala f\u00f6rm\u00e5ga stabiliseras.<\/li>\n<li><strong>4 &#8211; 10 m\u00e5nader<\/strong> \u2013 k\u00f6nsmognad, honor n\u00e5r k\u00f6nsmognad tidigare \u00e4n hanar. Som djur\u00e4gare ansvarar du f\u00f6r att din katt inte f\u00f6r\u00f6kar sig oplanerat.<\/li>\n<li><strong>1 \u00e5r<\/strong> \u2013 f\u00f6rsta boostervaccinationen, d\u00e4refter ges vaccination med 1-3 \u00e5rs mellanrum beroende p\u00e5 vaccin och kattens levnadsmilj\u00f6.<\/li>\n<li><strong>2-4 \u00e5r<\/strong> \u2013 social mognad, tidpunkt d\u00e5 frilevande katter skulle b\u00f6rja f\u00f6rsvara egna revir.<\/li>\n<li><strong>3 \u00e5r<\/strong> \u2013 katten r\u00e4knas nu som vuxen.<\/li>\n<\/ul>\n<p>\u00c4ven ungkatten har ett stort aktivitetsbehov. Den vakna tiden spenderas genom att kl\u00e4ttra, rusa runt och leka. Ett hem beh\u00f6ver d\u00e4rf\u00f6r omfatta m\u00f6jlighet f\u00f6r ungkatten att vara aktiv utan att riskera att skada sig sj\u00e4lv. Med tiden minskar denna generella aktivitet f\u00f6r att bli mer m\u00e5linriktad.<\/p>\n<p>Ytterligare en f\u00f6r\u00e4ndring i nu ungkattens liv som kan p\u00e5verka dess relation till andra, framf\u00f6rallt andra katter, \u00e4r den sociala mognaden. Denna infaller n\u00e4r katten b\u00f6rjar r\u00e4knas som vuxen vid cirka tv\u00e5 till fyra \u00e5r. Den sociala mognaden \u00e4r den tidpunkt d\u00e5 en frilevande katt skulle b\u00f6rja f\u00f6rsvara ett eget revir. F\u00f6r s\u00e4llskapskatter kan detta resultera i att tidigare v\u00e4lfungerande par eller grupper av katter b\u00f6rjar konkurrera om resurser och utrymmen. P\u00e5 grund av att den sociala mognaden infaller s\u00e5 pass sent hos katten finns det tyv\u00e4rr aldrig n\u00e5gra garantier f\u00f6r att kattungar som fungerar v\u00e4l tillsammans \u00e4ven g\u00f6r det som vuxna. Men genom att aktivt arbeta f\u00f6r att minska uppkomst av konkurrens och konflikt kring hemmets resurser kan du som katt\u00e4gare minska risken f\u00f6r problem vid vuxen \u00e5lder. Det viktigaste \u00e4r d\u00e5 att se till att alla katter har tillg\u00e5ng till de utrymmen och resurser som de kr\u00e4ver f\u00f6r att m\u00e5 bra.<\/p>\n<p><strong>Artikel av:<\/strong> Elin Hirsch, Bozitas egen kattexpert, doktor i etologi med inriktning katters beteende.<\/p>\n\t\t\t<\/div>\n\t\t<\/div>\n\t<\/div>\n\n\n\n\t<section class=\"block related-articles\">\n\t\t<div class=\"container\">\n\t\t\t<h2>Relaterade artiklar<\/h2>\n\t\t\t<div class=\"row justify-content-center\">\n\t\t\t\t\t\t\t\t\t\t<div class=\"col-sm-6 col-md-6 col-lg-3\">\n\t\t\t\t\t\t\t\t\t\t\t\t\t\t<div class=\"card \">\n\t\t\t\t\t\t\t\t\t\t\t\t\t\t\t\t\t<img decoding=\"async\"  src=\"https:\/\/bozita.com\/se\/wp-content\/uploads\/sites\/5\/2021\/08\/bozita-kattens-kroppssprak.jpg\" alt=\"\">\n\t\t\t\t\t\t\t\t\t\t\t\t\t\t\t\t\t<!-- <img decoding=\"async\" src=\"\n\t\t\t\t\t\t\t\t\t\t\t\t\t\t\t\t\t\t\t\t\" alt=\"\n\t\t\t\t\t\t\t\t\t\t\t\t\t\t\t\t\t\t\t\t\t\t\t\t\t\t\t\"> -->\n\t\t\t\t\t\t\t\t<div class=\"card-body\">\n\t\t\t\t\t\t\t\t\t\t\t\t\t\t\t\t\t\t\t<h6>Katters beteende och kroppsspr\u00e5k<\/h6>\n\t\t\t\t\t\t\t\t\t\t\t\t\t\t\t\t\t\t\t<a href=\"https:\/\/bozita.com\/se\/katt\/kattens-utveckling\/lar-dig-tolka-din-katts-kroppssprak-och-beteenden\/\">L\u00e4s mer &nbsp; ><\/a>\n\t\t\t\t\t\t\t\t<\/div>\n\t\t\t\t\t\t\t<\/div>\n\t\t\t\t\t\t<\/div>\n\n\t\t\t\t\t\t\t\t\t\t\t<div class=\"col-sm-6 col-md-6 col-lg-3\">\n\t\t\t\t\t\t\t\t\t\t\t\t\t\t<div class=\"card \">\n\t\t\t\t\t\t\t\t\t\t\t\t\t\t\t\t\t<img decoding=\"async\"  src=\"https:\/\/bozita.com\/se\/wp-content\/uploads\/sites\/5\/2021\/08\/bozita-introducera-katt-till-nytt-hem.jpg\" alt=\"\">\n\t\t\t\t\t\t\t\t\t\t\t\t\t\t\t\t\t<!-- <img decoding=\"async\" src=\"\n\t\t\t\t\t\t\t\t\t\t\t\t\t\t\t\t\t\t\t\t\" alt=\"\n\t\t\t\t\t\t\t\t\t\t\t\t\t\t\t\t\t\t\t\t\t\t\t\t\t\t\t\"> -->\n\t\t\t\t\t\t\t\t<div class=\"card-body\">\n\t\t\t\t\t\t\t\t\t\t\t\t\t\t\t\t\t\t\t<h6>Introducera en katt till ett nytt hem<\/h6>\n\t\t\t\t\t\t\t\t\t\t\t\t\t\t\t\t\t\t\t<a href=\"https:\/\/bozita.com\/se\/katt\/kopa-katt\/introducera-en-kattunge-eller-vuxen-katt-till-ett-nytt-hem\/\">L\u00e4s mer &nbsp; ><\/a>\n\t\t\t\t\t\t\t\t<\/div>\n\t\t\t\t\t\t\t<\/div>\n\t\t\t\t\t\t<\/div>\n\n\t\t\t\t\t\t\t\t\t\t\t<div class=\"col-sm-6 col-md-6 col-lg-3\">\n\t\t\t\t\t\t\t\t\t\t\t\t\t\t<div class=\"card \">\n\t\t\t\t\t\t\t\t\t\t\t\t\t\t\t\t\t<img decoding=\"async\"  src=\"https:\/\/bozita.com\/se\/wp-content\/uploads\/sites\/5\/2021\/08\/bozita-kattens-historia-domesticering.jpg\" alt=\"\">\n\t\t\t\t\t\t\t\t\t\t\t\t\t\t\t\t\t<!-- <img decoding=\"async\" src=\"\n\t\t\t\t\t\t\t\t\t\t\t\t\t\t\t\t\t\t\t\t\" alt=\"\n\t\t\t\t\t\t\t\t\t\t\t\t\t\t\t\t\t\t\t\t\t\t\t\t\t\t\t\"> -->\n\t\t\t\t\t\t\t\t<div class=\"card-body\">\n\t\t\t\t\t\t\t\t\t\t\t\t\t\t\t\t\t\t\t<h6>Kattens historia<\/h6>\n\t\t\t\t\t\t\t\t\t\t\t\t\t\t\t\t\t\t\t<a href=\"https:\/\/bozita.com\/se\/katt\/kattens-utveckling\/kattens-historia\/\">L\u00e4s mer &nbsp; ><\/a>\n\t\t\t\t\t\t\t\t<\/div>\n\t\t\t\t\t\t\t<\/div>\n\t\t\t\t\t\t<\/div>\n\n\t\t\t\t\t\t\t\t\t\t\t\t<\/div>\n\t\t<\/div>\n\t<\/section>\n","protected":false},"excerpt":{"rendered":"","protected":false},"author":1,"featured_media":3568,"parent":79,"menu_order":0,"comment_status":"closed","ping_status":"closed","template":"guternberg.php","meta":{"footnotes":""},"acf":[],"yoast_head":"<!-- This site is optimized with the Yoast SEO plugin v21.3 - https:\/\/yoast.com\/wordpress\/plugins\/seo\/ -->\n<title>Kattunge vecka f\u00f6r vecka och n\u00e4r \u00e4r katten vuxen | Bozita<\/title>\n<meta name=\"description\" content=\"Kattens utveckling fr\u00e5n kattunge till vuxen katt. Kattungens utveckling vecka f\u00f6r vecka. Vad h\u00e4nder sedan och n\u00e4r \u00e4r katten vuxen? Bozita har svaren.\" \/>\n<meta name=\"robots\" content=\"index, follow, max-snippet:-1, max-image-preview:large, max-video-preview:-1\" \/>\n<link rel=\"canonical\" href=\"https:\/\/bozita.com\/se\/katt\/kattens-utveckling\/kattens-utveckling-pa-vag-mot-vuxenlivet\/\" \/>\n<meta property=\"og:locale\" content=\"sv_SE\" \/>\n<meta property=\"og:type\" content=\"article\" \/>\n<meta property=\"og:title\" content=\"Kattunge vecka f\u00f6r vecka och n\u00e4r \u00e4r katten vuxen | Bozita\" \/>\n<meta property=\"og:description\" content=\"Kattens utveckling fr\u00e5n kattunge till vuxen katt. Kattungens utveckling vecka f\u00f6r vecka. Vad h\u00e4nder sedan och n\u00e4r \u00e4r katten vuxen? Bozita har svaren.\" \/>\n<meta property=\"og:url\" content=\"https:\/\/bozita.com\/se\/katt\/kattens-utveckling\/kattens-utveckling-pa-vag-mot-vuxenlivet\/\" \/>\n<meta property=\"og:site_name\" content=\"Bozita Sverige\" \/>\n<meta property=\"article:modified_time\" content=\"2021-08-26T20:59:01+00:00\" \/>\n<meta property=\"og:image\" content=\"https:\/\/bozita.com\/se\/wp-content\/uploads\/sites\/5\/2021\/08\/bozita-kattens-utveckling-vuxenlivet.jpg\" \/>\n\t<meta property=\"og:image:width\" content=\"800\" \/>\n\t<meta property=\"og:image:height\" content=\"534\" \/>\n\t<meta property=\"og:image:type\" content=\"image\/jpeg\" \/>\n<meta name=\"twitter:card\" content=\"summary_large_image\" \/>\n<!-- \/ Yoast SEO plugin. -->","yoast_head_json":{"title":"Kattunge vecka f\u00f6r vecka och n\u00e4r \u00e4r katten vuxen | Bozita","description":"Kattens utveckling fr\u00e5n kattunge till vuxen katt. Kattungens utveckling vecka f\u00f6r vecka. Vad h\u00e4nder sedan och n\u00e4r \u00e4r katten vuxen? Bozita har svaren.","robots":{"index":"index","follow":"follow","max-snippet":"max-snippet:-1","max-image-preview":"max-image-preview:large","max-video-preview":"max-video-preview:-1"},"canonical":"https:\/\/bozita.com\/se\/katt\/kattens-utveckling\/kattens-utveckling-pa-vag-mot-vuxenlivet\/","og_locale":"sv_SE","og_type":"article","og_title":"Kattunge vecka f\u00f6r vecka och n\u00e4r \u00e4r katten vuxen | Bozita","og_description":"Kattens utveckling fr\u00e5n kattunge till vuxen katt. Kattungens utveckling vecka f\u00f6r vecka. Vad h\u00e4nder sedan och n\u00e4r \u00e4r katten vuxen? Bozita har svaren.","og_url":"https:\/\/bozita.com\/se\/katt\/kattens-utveckling\/kattens-utveckling-pa-vag-mot-vuxenlivet\/","og_site_name":"Bozita Sverige","article_modified_time":"2021-08-26T20:59:01+00:00","og_image":[{"width":800,"height":534,"url":"https:\/\/bozita.com\/se\/wp-content\/uploads\/sites\/5\/2021\/08\/bozita-kattens-utveckling-vuxenlivet.jpg","type":"image\/jpeg"}],"twitter_card":"summary_large_image","schema":{"@context":"https:\/\/schema.org","@graph":[{"@type":"WebPage","@id":"https:\/\/bozita.com\/se\/katt\/kattens-utveckling\/kattens-utveckling-pa-vag-mot-vuxenlivet\/","url":"https:\/\/bozita.com\/se\/katt\/kattens-utveckling\/kattens-utveckling-pa-vag-mot-vuxenlivet\/","name":"Kattunge vecka f\u00f6r vecka och n\u00e4r \u00e4r katten vuxen | Bozita","isPartOf":{"@id":"https:\/\/bozita.com\/se\/#website"},"datePublished":"2021-06-22T21:37:02+00:00","dateModified":"2021-08-26T20:59:01+00:00","description":"Kattens utveckling fr\u00e5n kattunge till vuxen katt. Kattungens utveckling vecka f\u00f6r vecka. Vad h\u00e4nder sedan och n\u00e4r \u00e4r katten vuxen? Bozita har svaren.","breadcrumb":{"@id":"https:\/\/bozita.com\/se\/katt\/kattens-utveckling\/kattens-utveckling-pa-vag-mot-vuxenlivet\/#breadcrumb"},"inLanguage":"sv-SE","potentialAction":[{"@type":"ReadAction","target":["https:\/\/bozita.com\/se\/katt\/kattens-utveckling\/kattens-utveckling-pa-vag-mot-vuxenlivet\/"]}]},{"@type":"BreadcrumbList","@id":"https:\/\/bozita.com\/se\/katt\/kattens-utveckling\/kattens-utveckling-pa-vag-mot-vuxenlivet\/#breadcrumb","itemListElement":[{"@type":"ListItem","position":1,"name":"Home","item":"https:\/\/bozita.com\/se\/"},{"@type":"ListItem","position":2,"name":"Livet med katt","item":"https:\/\/bozita.com\/se\/katt\/"},{"@type":"ListItem","position":3,"name":"Kattens utveckling","item":"https:\/\/bozita.com\/se\/katt\/kattens-utveckling\/"},{"@type":"ListItem","position":4,"name":"Kattens utveckling p\u00e5 v\u00e4g mot vuxenlivet"}]},{"@type":"WebSite","@id":"https:\/\/bozita.com\/se\/#website","url":"https:\/\/bozita.com\/se\/","name":"Bozita Sverige","description":"","potentialAction":[{"@type":"SearchAction","target":{"@type":"EntryPoint","urlTemplate":"https:\/\/bozita.com\/se\/?s={search_term_string}"},"query-input":"required name=search_term_string"}],"inLanguage":"sv-SE"}]}},"_links":{"self":[{"href":"https:\/\/bozita.com\/se\/wp-json\/wp\/v2\/pages\/1759"}],"collection":[{"href":"https:\/\/bozita.com\/se\/wp-json\/wp\/v2\/pages"}],"about":[{"href":"https:\/\/bozita.com\/se\/wp-json\/wp\/v2\/types\/page"}],"author":[{"embeddable":true,"href":"https:\/\/bozita.com\/se\/wp-json\/wp\/v2\/users\/1"}],"replies":[{"embeddable":true,"href":"https:\/\/bozita.com\/se\/wp-json\/wp\/v2\/comments?post=1759"}],"version-history":[{"count":11,"href":"https:\/\/bozita.com\/se\/wp-json\/wp\/v2\/pages\/1759\/revisions"}],"predecessor-version":[{"id":4049,"href":"https:\/\/bozita.com\/se\/wp-json\/wp\/v2\/pages\/1759\/revisions\/4049"}],"up":[{"embeddable":true,"href":"https:\/\/bozita.com\/se\/wp-json\/wp\/v2\/pages\/79"}],"wp:featuredmedia":[{"embeddable":true,"href":"https:\/\/bozita.com\/se\/wp-json\/wp\/v2\/media\/3568"}],"wp:attachment":[{"href":"https:\/\/bozita.com\/se\/wp-json\/wp\/v2\/media?parent=1759"}],"curies":[{"name":"wp","href":"https:\/\/api.w.org\/{rel}","templated":true}]}}