{"id":1763,"date":"2021-06-22T21:38:29","date_gmt":"2021-06-22T21:38:29","guid":{"rendered":"https:\/\/bozita.com\/se\/?page_id=1763"},"modified":"2023-08-11T12:13:12","modified_gmt":"2023-08-11T12:13:12","slug":"hur-ska-jag-bast-resa-med-min-katt","status":"publish","type":"page","link":"https:\/\/bozita.com\/se\/katt\/kattens-utveckling\/hur-ska-jag-bast-resa-med-min-katt\/","title":{"rendered":"Hur ska jag b\u00e4st resa med min katt?"},"content":{"rendered":"\t\t<section class=\"small-hero\">\n\t\t\t<div class=\"container\">\n\t\t\t\t<h1 class=\"small-hero-title\">Hur ska jag b\u00e4st resa med min katt?<\/h1>\t\t\t<\/div>\n\t\t\t<\/div>\n\t\t<\/section>\n\t\n\n\t<div class=\"text-box-warp\">\n\t\t<div class=\"container\">\n\t\t\t<div class=\"text-content\">\n\t\t\t\t<p>Att resa med en katt kr\u00e4ver f\u00f6rberedelser oavsett hur l\u00e5ng str\u00e4ckan \u00e4r, hur l\u00e4nge ni ska vara borta och om ni ska resa med bil, t\u00e5g, buss eller flyg. Om du ska resa utomlands med din katt m\u00e5ste du ocks\u00e5 ha koll vilka regler som g\u00e4ller i det land ni ska resa till, till exempel vilka vaccinationer din katt m\u00e5ste ha.<\/p>\n<h2>RESA MED KATT &#8211; ATT T\u00c4NKA P\u00c5 INNAN RESAN<\/h2>\n<p>Katter \u00e4r k\u00e4nsliga f\u00f6r f\u00f6r\u00e4ndringar och att ta med katten p\u00e5 semester eller en l\u00e4ngre resa \u00e4r inte alltid l\u00e4mpligt. Kattens m\u00e5ende m\u00e5ste alltid g\u00e5 f\u00f6rst. Om du tror att din katt inte kommer att m\u00e5 bra av ett milj\u00f6ombyte \u00e4r det b\u00e4ttre att l\u00e4mna katten d\u00e4r den k\u00e4nner sig trygg.<\/p>\n<p>Katter klarar sig inte sj\u00e4lva s\u00e5 du kan inte l\u00e4mna katten ensam n\u00e4r du \u00e5ker p\u00e5 semester. Det finns regler f\u00f6r hur l\u00e4nge en katt f\u00e5r l\u00e4mnas utan tillsyn &#8211; och d\u00e5 \u00e4ven social kontakt, inte bara mat och vatten.<\/p>\n<p><strong>Vidare l\u00e4sning<\/strong><\/p>\n<ul>\n<li><a title=\"Hur l\u00e4nge kan man l\u00e4mna en katt ensam\" href=\"https:\/\/bozita.com\/se\/katt\/kopa-katt\/hur-lange-kan-man-lamna-en-katt-ensam\/\">S\u00e5 l\u00e4nge kan du l\u00e4mna en katt ensam<\/a><\/li>\n<\/ul>\n<h2>RESA UTOMLANDS MED KATT<\/h2>\n<p>N\u00e4r du ska resa utomlands med katt b\u00f6r du t\u00e4nka p\u00e5 att inf\u00f6rselreglerna och vaccineringskraven ser olika ut f\u00f6r olika l\u00e4nder. Det tar ocks\u00e5 tid f\u00f6r vaccineringar att ge fullgott skydd s\u00e5 var ute i god tid.<\/p>\n<p>Att resa med katt inom EU \u00e4r relativt enkelt. Alla EU-l\u00e4nder kr\u00e4ver att katten har en giltig vaccination mot rabies, att den \u00e4r id-m\u00e4rkt med mikrochip (\u00f6rontatuering fungerar endast f\u00f6r resor inom Sverige) och att den har ett giltigt EU-pass f\u00f6r s\u00e4llskapsdjur. EU-pass f\u00f6r katt utf\u00e4rdas av veterin\u00e4r om den uppfyller alla krav. Ut\u00f6ver det finns specifika regler f\u00f6r l\u00e4nder d\u00e4r r\u00e4vens dv\u00e4rgbandmask \u00e4r vanlig.<\/p>\n<p>N\u00e4r du reser tillbaka till Sverige ska du komma ih\u00e5g att anm\u00e4la din katt till Tullverket. Reser du fr\u00e5n ett annat EU-land kan du anv\u00e4nda en e-tj\u00e4nst f\u00f6r att anm\u00e4la din katt innan resan. Information om hur du anm\u00e4ler ditt djurs resa hittar du p\u00e5 Tullverkets webbplats, <a href=\"https:\/\/www.tullverket.se\/privat\/paresan\/resa\/resameddjur\/resamedhundellerkatt.4.7df61c5915510cfe9e7107ce.html\">Resa med hund eller katt.<\/a><\/p>\n<p>Fullst\u00e4ndiga regler f\u00f6r utlandsresa med katt hittar du alltid p\u00e5 Jordbruksverkets webbplats.<\/p>\n<ul>\n<li><a title=\"Resa med hundar, katter eller illrar inom EU\" href=\"https:\/\/djur.jordbruksverket.se\/amnesomraden\/djur\/resorochtransporter\/hundarkatterochillrar\/hundarkatterochillrarutforselochexport\/resamedhundarkatterochillrarinomeu.4.3d562bc1346a4603d78000337.html\" target=\"_blank\" rel=\"noopener\">L\u00e4s mer om kraven f\u00f6r att resa med katten inom EU hos Jordbruksverket<\/a><\/li>\n<li><a title=\"Resa med hundar, katter och illrar till ett land utanf\u00f6r EU\" href=\"https:\/\/djur.jordbruksverket.se\/amnesomraden\/djur\/resorochtransporter\/hundarkatterochillrar\/hundarkatterochillrarutforselochexport\/resamedhundarkatterochillrartillnorgeellerannatlandutanforeu.4.3d562bc1346a4603d78000325.html\" target=\"_blank\" rel=\"noopener\">L\u00e4s mer om kraven f\u00f6r att f\u00e5 resa med katten utanf\u00f6r EU hos Jordbruksverket<\/a><\/li>\n<\/ul>\n<p><strong>Vidare l\u00e4sning<\/strong><\/p>\n<ul>\n<li><a title=\"D\u00e4rf\u00f6r b\u00f6r du ha id-m\u00e4rkning p\u00e5 din katt\" href=\"https:\/\/bozita.com\/se\/katt\/kopa-katt\/darfor-bor-du-ha-id-markning-pa-din-katt\/\">D\u00e4rf\u00f6r b\u00f6r du ha id-m\u00e4rkning p\u00e5 din katt<\/a><\/li>\n<\/ul>\n<h2>FLYGA MED KATT KR\u00c4VER F\u00d6RBEREDELSER<\/h2>\n<p>\u00d6verv\u00e4g noga innan du beslutar dig f\u00f6r att flyga med en katt. Katter \u00e4r k\u00e4nsliga djur och det \u00e4r inte s\u00e4kert att den m\u00e5r bra av en l\u00e5ng flygning.<\/p>\n<p>Man brukar avr\u00e5da fr\u00e5n att inte att ge en katt lugnande medicin och det finns till och med flygbolag som har f\u00f6rbud mot detta. D\u00e4remot finns det andra metoder du kan anv\u00e4nda dig av f\u00f6r att katten ska vara lugn, till exempel feromonsprayer.<\/p>\n<p>F\u00f6r att f\u00e5 flyga m\u00e5ste katten ha en speciell flygbiljett. De allra flesta flygbolagen till\u00e5ter att du tar med katten in i kabinen, men det finns ocks\u00e5 de som endast till\u00e5ter djur i fraktutrymmet. Det finns ocks\u00e5 restriktioner f\u00f6r hur mycket din katt f\u00e5r v\u00e4ga och vilka m\u00e5tt transportburen den sitter i ska ha.<\/p>\n<p>L\u00e4s p\u00e5 i god tid och kontakta g\u00e4rna ditt flygbolag om du \u00e4r os\u00e4ker.<\/p>\n<h2>\u00c5KA BIL, T\u00c5G ELLER BUSS MED KATT<\/h2>\n<p>N\u00e4r du ska \u00e5ka bil, t\u00e5g eller buss med katt b\u00f6r du se till att den f\u00e4rdas i en s\u00e4ker bur med bra luftgenomstr\u00f6mning. Buren ska ge katten tillr\u00e4ckligt med utrymme f\u00f6r att kunna ligga p\u00e5 ett naturligt s\u00e4tt. Den ska ocks\u00e5 kunna st\u00e5 upp och v\u00e4nda sig om i buren.<\/p>\n<p>Om det \u00e4r m\u00f6jligt \u00e4r det b\u00e4sta alternativet att l\u00e5ta katten ha tillg\u00e5ng till f\u00e4rskt vatten under hela f\u00e4rden. Det finns speciella resesk\u00e5lar som \u00e4r utformade s\u00e5 att vattnet inte skv\u00e4tter utanf\u00f6r. Om inte det \u00e4r m\u00f6jligt b\u00f6r katten erbjudas m\u00f6jlighet att dricka minst var sj\u00e4tte timme. Undvik d\u00e4remot att mata katten precis innan avf\u00e4rd d\u00e5 m\u00e5nga katter kr\u00e4ks av \u00e5ksjuka eller nervositet n\u00e4r de reser.<\/p>\n<p>En del katter kan uppleva de ovana ljuden fr\u00e5n bilen, t\u00e5get eller bussen som obehagliga. Om m\u00f6jligt kan du placera buren med \u00f6ppningen mot dig s\u00e5 att katten kan titta p\u00e5 dig under resans g\u00e5ng. Du kan ocks\u00e5 l\u00e4gga en favoritfilt, en leksak eller n\u00e5gonting annat som luktar hemma i buren s\u00e5 att katten k\u00e4nner sig mer trygg.<\/p>\n<p>N\u00e4r du ska \u00e5ka bil med katt \u00e4r det bra att ta regelbundna pauser s\u00e5 att ni b\u00e5da f\u00e5r m\u00f6jlighet att andas lite frisk luft d\u00e5 och d\u00e5. L\u00e4mna inte katten ensam i bilen, s\u00e4rskilt inte om det \u00e4r en varm dag. Temperaturen inuti bilen kan d\u00e5 stiga snabbt vilket \u00e4r direkt farligt.<\/p>\n<p>Om du ska resa utomlands med katten i bil m\u00e5ste du kontrollera vilka regler som g\u00e4ller f\u00f6r hur katten f\u00e5r f\u00e4rdas i bilen i det aktuella landet. Det kan till exempel finnas regler f\u00f6r hur buren ska vara utformad.<\/p>\n\t\t\t<\/div>\n\t\t<\/div>\n\t<\/div>\n\n\n\n\t<section class=\"block related-articles\">\n\t\t<div class=\"container\">\n\t\t\t<h2>Relaterade artiklar<\/h2>\n\t\t\t<div class=\"row justify-content-center\">\n\t\t\t\t\t\t\t\t\t\t<div class=\"col-sm-6 col-md-6 col-lg-3\">\n\t\t\t\t\t\t\t\t\t\t\t\t\t\t<div class=\"card \">\n\t\t\t\t\t\t\t\t\t\t\t\t\t\t\t\t\t<img decoding=\"async\"  src=\"https:\/\/bozita.com\/se\/wp-content\/uploads\/sites\/5\/2021\/08\/bozita-kattens-kroppssprak.jpg\" alt=\"\">\n\t\t\t\t\t\t\t\t\t\t\t\t\t\t\t\t\t<!-- <img decoding=\"async\" src=\"\n\t\t\t\t\t\t\t\t\t\t\t\t\t\t\t\t\t\t\t\t\" alt=\"\n\t\t\t\t\t\t\t\t\t\t\t\t\t\t\t\t\t\t\t\t\t\t\t\t\t\t\t\"> -->\n\t\t\t\t\t\t\t\t<div class=\"card-body\">\n\t\t\t\t\t\t\t\t\t\t\t\t\t\t\t\t\t\t\t<h6>Katters beteende och kroppsspr\u00e5k<\/h6>\n\t\t\t\t\t\t\t\t\t\t\t\t\t\t\t\t\t\t\t<a href=\"https:\/\/bozita.com\/se\/katt\/kattens-utveckling\/lar-dig-tolka-din-katts-kroppssprak-och-beteenden\/\">L\u00e4s mer &nbsp; ><\/a>\n\t\t\t\t\t\t\t\t<\/div>\n\t\t\t\t\t\t\t<\/div>\n\t\t\t\t\t\t<\/div>\n\n\t\t\t\t\t\t\t\t\t\t\t<div class=\"col-sm-6 col-md-6 col-lg-3\">\n\t\t\t\t\t\t\t\t\t\t\t\t\t\t<div class=\"card \">\n\t\t\t\t\t\t\t\t\t\t\t\t\t\t\t\t\t<img decoding=\"async\"  src=\"https:\/\/bozita.com\/se\/wp-content\/uploads\/sites\/5\/2021\/08\/bozita-vaccinera-katt.jpg\" alt=\"\">\n\t\t\t\t\t\t\t\t\t\t\t\t\t\t\t\t\t<!-- <img decoding=\"async\" src=\"\n\t\t\t\t\t\t\t\t\t\t\t\t\t\t\t\t\t\t\t\t\" alt=\"\n\t\t\t\t\t\t\t\t\t\t\t\t\t\t\t\t\t\t\t\t\t\t\t\t\t\t\t\"> -->\n\t\t\t\t\t\t\t\t<div class=\"card-body\">\n\t\t\t\t\t\t\t\t\t\t\t\t\t\t\t\t\t\t\t<h6>Vaccinera din katt<\/h6>\n\t\t\t\t\t\t\t\t\t\t\t\t\t\t\t\t\t\t\t<a href=\"https:\/\/bozita.com\/se\/katt\/kattens-halsa\/vaccinera-din-katt-for-att-minska-risken-for-vanliga-sjukdomar\/\">L\u00e4s mer &nbsp; ><\/a>\n\t\t\t\t\t\t\t\t<\/div>\n\t\t\t\t\t\t\t<\/div>\n\t\t\t\t\t\t<\/div>\n\n\t\t\t\t\t\t\t\t\t\t\t<div class=\"col-sm-6 col-md-6 col-lg-3\">\n\t\t\t\t\t\t\t\t\t\t\t\t\t\t<div class=\"card \">\n\t\t\t\t\t\t\t\t\t\t\t\t\t\t\t\t\t<img decoding=\"async\"  src=\"https:\/\/bozita.com\/se\/wp-content\/uploads\/sites\/5\/2021\/08\/bozita-trana-katt-kattunge.jpg\" alt=\"\">\n\t\t\t\t\t\t\t\t\t\t\t\t\t\t\t\t\t<!-- <img decoding=\"async\" src=\"\n\t\t\t\t\t\t\t\t\t\t\t\t\t\t\t\t\t\t\t\t\" alt=\"\n\t\t\t\t\t\t\t\t\t\t\t\t\t\t\t\t\t\t\t\t\t\t\t\t\t\t\t\"> -->\n\t\t\t\t\t\t\t\t<div class=\"card-body\">\n\t\t\t\t\t\t\t\t\t\t\t\t\t\t\t\t\t\t\t<h6>Kan man tr\u00e4na sin katt eller kattunge?<\/h6>\n\t\t\t\t\t\t\t\t\t\t\t\t\t\t\t\t\t\t\t<a href=\"https:\/\/bozita.com\/se\/katt\/kattens-utveckling\/kan-man-trana-sin-katt-eller-kattunge\/\">L\u00e4s mer &nbsp; ><\/a>\n\t\t\t\t\t\t\t\t<\/div>\n\t\t\t\t\t\t\t<\/div>\n\t\t\t\t\t\t<\/div>\n\n\t\t\t\t\t\t\t\t\t\t\t\t<\/div>\n\t\t<\/div>\n\t<\/section>\n","protected":false},"excerpt":{"rendered":"","protected":false},"author":1,"featured_media":3497,"parent":79,"menu_order":0,"comment_status":"closed","ping_status":"closed","template":"guternberg.php","meta":{"footnotes":""},"acf":[],"yoast_head":"<!-- This site is optimized with the Yoast SEO plugin v21.3 - https:\/\/yoast.com\/wordpress\/plugins\/seo\/ -->\n<title>Resa med katt, flyga med katt - det beh\u00f6ver du veta | Bozita<\/title>\n<meta name=\"description\" content=\"Tips, r\u00e5d och regler f\u00f6r att resa med katt. Flyga med katt, \u00e5ka bil, buss eller t\u00e5g med katt - inom Sverige, inom EU eller utanf\u00f6r EU. Det h\u00e4r g\u00e4ller.\" \/>\n<meta name=\"robots\" content=\"index, follow, max-snippet:-1, max-image-preview:large, max-video-preview:-1\" \/>\n<link rel=\"canonical\" href=\"https:\/\/bozita.com\/se\/katt\/kattens-utveckling\/hur-ska-jag-bast-resa-med-min-katt\/\" \/>\n<meta property=\"og:locale\" content=\"sv_SE\" \/>\n<meta property=\"og:type\" content=\"article\" \/>\n<meta property=\"og:title\" content=\"Resa med katt, flyga med katt - det beh\u00f6ver du veta | Bozita\" \/>\n<meta property=\"og:description\" content=\"Tips, r\u00e5d och regler f\u00f6r att resa med katt. Flyga med katt, \u00e5ka bil, buss eller t\u00e5g med katt - inom Sverige, inom EU eller utanf\u00f6r EU. Det h\u00e4r g\u00e4ller.\" \/>\n<meta property=\"og:url\" content=\"https:\/\/bozita.com\/se\/katt\/kattens-utveckling\/hur-ska-jag-bast-resa-med-min-katt\/\" \/>\n<meta property=\"og:site_name\" content=\"Bozita Sverige\" \/>\n<meta property=\"article:modified_time\" content=\"2023-08-11T12:13:12+00:00\" \/>\n<meta property=\"og:image\" content=\"https:\/\/bozita.com\/se\/wp-content\/uploads\/sites\/5\/2021\/08\/bozita_swedish-natural-quality.jpg\" \/>\n\t<meta property=\"og:image:width\" content=\"800\" \/>\n\t<meta property=\"og:image:height\" content=\"533\" \/>\n\t<meta property=\"og:image:type\" content=\"image\/jpeg\" \/>\n<meta name=\"twitter:card\" content=\"summary_large_image\" \/>\n<!-- \/ Yoast SEO plugin. -->","yoast_head_json":{"title":"Resa med katt, flyga med katt - det beh\u00f6ver du veta | Bozita","description":"Tips, r\u00e5d och regler f\u00f6r att resa med katt. Flyga med katt, \u00e5ka bil, buss eller t\u00e5g med katt - inom Sverige, inom EU eller utanf\u00f6r EU. Det h\u00e4r g\u00e4ller.","robots":{"index":"index","follow":"follow","max-snippet":"max-snippet:-1","max-image-preview":"max-image-preview:large","max-video-preview":"max-video-preview:-1"},"canonical":"https:\/\/bozita.com\/se\/katt\/kattens-utveckling\/hur-ska-jag-bast-resa-med-min-katt\/","og_locale":"sv_SE","og_type":"article","og_title":"Resa med katt, flyga med katt - det beh\u00f6ver du veta | Bozita","og_description":"Tips, r\u00e5d och regler f\u00f6r att resa med katt. Flyga med katt, \u00e5ka bil, buss eller t\u00e5g med katt - inom Sverige, inom EU eller utanf\u00f6r EU. Det h\u00e4r g\u00e4ller.","og_url":"https:\/\/bozita.com\/se\/katt\/kattens-utveckling\/hur-ska-jag-bast-resa-med-min-katt\/","og_site_name":"Bozita Sverige","article_modified_time":"2023-08-11T12:13:12+00:00","og_image":[{"width":800,"height":533,"url":"https:\/\/bozita.com\/se\/wp-content\/uploads\/sites\/5\/2021\/08\/bozita_swedish-natural-quality.jpg","type":"image\/jpeg"}],"twitter_card":"summary_large_image","schema":{"@context":"https:\/\/schema.org","@graph":[{"@type":"WebPage","@id":"https:\/\/bozita.com\/se\/katt\/kattens-utveckling\/hur-ska-jag-bast-resa-med-min-katt\/","url":"https:\/\/bozita.com\/se\/katt\/kattens-utveckling\/hur-ska-jag-bast-resa-med-min-katt\/","name":"Resa med katt, flyga med katt - det beh\u00f6ver du veta | Bozita","isPartOf":{"@id":"https:\/\/bozita.com\/se\/#website"},"datePublished":"2021-06-22T21:38:29+00:00","dateModified":"2023-08-11T12:13:12+00:00","description":"Tips, r\u00e5d och regler f\u00f6r att resa med katt. Flyga med katt, \u00e5ka bil, buss eller t\u00e5g med katt - inom Sverige, inom EU eller utanf\u00f6r EU. Det h\u00e4r g\u00e4ller.","breadcrumb":{"@id":"https:\/\/bozita.com\/se\/katt\/kattens-utveckling\/hur-ska-jag-bast-resa-med-min-katt\/#breadcrumb"},"inLanguage":"sv-SE","potentialAction":[{"@type":"ReadAction","target":["https:\/\/bozita.com\/se\/katt\/kattens-utveckling\/hur-ska-jag-bast-resa-med-min-katt\/"]}]},{"@type":"BreadcrumbList","@id":"https:\/\/bozita.com\/se\/katt\/kattens-utveckling\/hur-ska-jag-bast-resa-med-min-katt\/#breadcrumb","itemListElement":[{"@type":"ListItem","position":1,"name":"Home","item":"https:\/\/bozita.com\/se\/"},{"@type":"ListItem","position":2,"name":"Livet med katt","item":"https:\/\/bozita.com\/se\/katt\/"},{"@type":"ListItem","position":3,"name":"Kattens utveckling","item":"https:\/\/bozita.com\/se\/katt\/kattens-utveckling\/"},{"@type":"ListItem","position":4,"name":"Hur ska jag b\u00e4st resa med min katt?"}]},{"@type":"WebSite","@id":"https:\/\/bozita.com\/se\/#website","url":"https:\/\/bozita.com\/se\/","name":"Bozita Sverige","description":"","potentialAction":[{"@type":"SearchAction","target":{"@type":"EntryPoint","urlTemplate":"https:\/\/bozita.com\/se\/?s={search_term_string}"},"query-input":"required name=search_term_string"}],"inLanguage":"sv-SE"}]}},"_links":{"self":[{"href":"https:\/\/bozita.com\/se\/wp-json\/wp\/v2\/pages\/1763"}],"collection":[{"href":"https:\/\/bozita.com\/se\/wp-json\/wp\/v2\/pages"}],"about":[{"href":"https:\/\/bozita.com\/se\/wp-json\/wp\/v2\/types\/page"}],"author":[{"embeddable":true,"href":"https:\/\/bozita.com\/se\/wp-json\/wp\/v2\/users\/1"}],"replies":[{"embeddable":true,"href":"https:\/\/bozita.com\/se\/wp-json\/wp\/v2\/comments?post=1763"}],"version-history":[{"count":16,"href":"https:\/\/bozita.com\/se\/wp-json\/wp\/v2\/pages\/1763\/revisions"}],"predecessor-version":[{"id":9472,"href":"https:\/\/bozita.com\/se\/wp-json\/wp\/v2\/pages\/1763\/revisions\/9472"}],"up":[{"embeddable":true,"href":"https:\/\/bozita.com\/se\/wp-json\/wp\/v2\/pages\/79"}],"wp:featuredmedia":[{"embeddable":true,"href":"https:\/\/bozita.com\/se\/wp-json\/wp\/v2\/media\/3497"}],"wp:attachment":[{"href":"https:\/\/bozita.com\/se\/wp-json\/wp\/v2\/media?parent=1763"}],"curies":[{"name":"wp","href":"https:\/\/api.w.org\/{rel}","templated":true}]}}