{"id":1767,"date":"2021-06-22T21:39:39","date_gmt":"2021-06-22T21:39:39","guid":{"rendered":"https:\/\/bozita.com\/se\/?page_id=1767"},"modified":"2021-08-26T20:56:36","modified_gmt":"2021-08-26T20:56:36","slug":"hur-mycket-sover-en-katt","status":"publish","type":"page","link":"https:\/\/bozita.com\/se\/katt\/kattens-utveckling\/hur-mycket-sover-en-katt\/","title":{"rendered":"Hyr mycket sover en katt?"},"content":{"rendered":"\t\t<section class=\"small-hero\">\n\t\t\t<div class=\"container\">\n\t\t\t\t<h1 class=\"small-hero-title\">Hyr mycket sover en katt?<\/h1>\t\t\t<\/div>\n\t\t\t<\/div>\n\t\t<\/section>\n\t\n\n\t<div class=\"text-box-warp\">\n\t\t<div class=\"container\">\n\t\t\t<div class=\"text-content\">\n\t\t\t\t<p><strong>Hur m\u00e5nga timmar en katt sover per dygn \u00e4r individuellt och beror p\u00e5 faktorer som \u00e5lder, aktivitetsniv\u00e5 och personlighet. En \u00e4ldre katt och en aktiv kattunge kan till exempel beh\u00f6va mer s\u00f6mn \u00e4n en stillsam innekatt. M\u00e5nga \u00e4r oroliga f\u00f6r att deras katt sover f\u00f6r l\u00e4nge eller f\u00f6r mycket, men faktum \u00e4r att det \u00e4r v\u00e4ldigt ovanligt att en katt sover f\u00f6r mycket.<\/strong><\/p>\n<h2>VARF\u00d6R SOVER KATTER S\u00c5 MYCKET?<\/h2>\n<p>Hur mycket din katt sover beror p\u00e5 hur gammal den \u00e4r, hur aktiv den \u00e4r n\u00e4r den \u00e4r vaken och p\u00e5 vilken personlighet den har, men man brukar s\u00e4ga att en katt kan sova upp till 16-18 timmar per dygn. Av dessa timmar \u00e4r st\u00f6rsta delen d\u00e4remot en ytlig vila och inte djups\u00f6mn och det \u00e4r d\u00e4rf\u00f6r katter ofta kan upplevas som l\u00e4ttv\u00e4ckta.<\/p>\n<p>Du har s\u00e4kert m\u00e4rkt att din katt vilar p\u00e5 dagarna och \u00e4r vaken om n\u00e4tterna &#8211; det \u00e4r helt normalt. Det ligger i kattens natur att vila upp sig tills det \u00e4r dags f\u00f6r jakt. D\u00e4rf\u00f6r \u00e4r katter som mest aktiva i skymning och gryning eftersom det \u00e4r l\u00e4ttare att f\u00e5nga ett byte i m\u00f6rker.<\/p>\n<h2>HUR MYCKET SOVER EN KATTUNGE?<\/h2>\n<p>En liten kattunge sover betydligt mycket mer \u00e4n genomsnittet f\u00f6r en vuxen katt. N\u00e4r katten \u00e4r nyf\u00f6dd \u00e4r det inte ovanligt att den sover hela tiden eftersom den beh\u00f6ver s\u00f6mnen f\u00f6r att orka vara aktiv och h\u00e5lla sig frisk.<\/p>\n<p>En kattunge beh\u00f6ver dessutom s\u00f6mn f\u00f6r att v\u00e4xa &#8211; tillv\u00e4xthormon frig\u00f6rs n\u00e4mligen under tiden den sover. D\u00e4rf\u00f6r \u00e4r det extra viktigt att l\u00e5ta en kattunge vara ifred n\u00e4r den sover.<\/p>\n<h2>OM KATTEN BUSAR P\u00c5 NATTEN<\/h2>\n<p>Att ha en katt som \u00e4r vaken och v\u00e4snas mycket om n\u00e4tterna kan vara frustrerande. Om du har problem med en v\u00e4ldigt nattaktiv katt kan du f\u00f6rs\u00f6ka aktivera den lite extra p\u00e5 kv\u00e4llen. D\u00e5 \u00f6kar chansen att den sover hela natten.<\/p>\n<p><strong>Vidare l\u00e4sning<\/strong><\/p>\n<ul>\n<li><a title=\"Aktivera katten f\u00f6r att den ska m\u00e5 bra\" href=\"https:\/\/bozita.com\/se\/katt\/aktivera-katten\/aktivera-katten-for-att-den-ska-ma-bra\/\" >S\u00e5 aktiverar du din katt<\/a><\/li>\n<\/ul>\n<h2>OM KATTEN SOVER MER \u00c4N VANLIGT<\/h2>\n<p>Det \u00e4r vanligt att katter, precis som m\u00e4nniskor, p\u00e5verkas av temperaturf\u00f6r\u00e4ndringar. M\u00e5nga upplever att deras katter, f\u00f6rutom att de stannar inomhus i st\u00f6rre utstr\u00e4ckning, blir mindre aktiva och sover mer p\u00e5 vintern \u00e4n \u00f6vriga delen av \u00e5ret.<\/p>\n<p>Ett f\u00f6r\u00e4ndrat s\u00f6mnm\u00f6nster beh\u00f6ver inte vara ett tecken p\u00e5 att n\u00e5got \u00e4r fel, men om du m\u00e4rker att din katt sover mer \u00e4n vad den brukar g\u00f6ra och \u00e4r orkesl\u00f6s i \u00f6vrigt kan det vara tecken p\u00e5 att den inte m\u00e5r bra. Om den dessutom slutar \u00e4ta mat och dricka vatten i kombination med \u00f6kad s\u00f6mn b\u00f6r du upps\u00f6ka veterin\u00e4r f\u00f6r att s\u00e4kerst\u00e4lla att allt \u00e4r som det ska.<\/p>\n<p><strong>Vidare l\u00e4sning<\/strong><\/p>\n<ul>\n<li><a title=\"Vad ska man g\u00f6ra med en katt som inte \u00e4ter eller dricker\" href=\"https:\/\/bozita.com\/se\/kattfoder\/nutrition-och-kost\/vad-ska-man-gora-med-en-katt-som-inte-ater-eller-dricker\/\" >Katt som inte vill \u00e4ta eller dricka? Tips p\u00e5 vad du kan g\u00f6ra<\/a><\/li>\n<\/ul>\n\t\t\t<\/div>\n\t\t<\/div>\n\t<\/div>\n\n\n\n\t<section class=\"block related-articles\">\n\t\t<div class=\"container\">\n\t\t\t<h2>Relaterade artiklar<\/h2>\n\t\t\t<div class=\"row justify-content-center\">\n\t\t\t\t\t\t\t\t\t\t<div class=\"col-sm-6 col-md-6 col-lg-3\">\n\t\t\t\t\t\t\t\t\t\t\t\t\t\t<div class=\"card \">\n\t\t\t\t\t\t\t\t\t\t\t\t\t\t\t\t\t<img decoding=\"async\"  src=\"https:\/\/bozita.com\/se\/wp-content\/uploads\/sites\/5\/2021\/08\/bozita-kattens-utveckling-vuxenlivet.jpg\" alt=\"\">\n\t\t\t\t\t\t\t\t\t\t\t\t\t\t\t\t\t<!-- <img decoding=\"async\" src=\"\n\t\t\t\t\t\t\t\t\t\t\t\t\t\t\t\t\t\t\t\t\" alt=\"\n\t\t\t\t\t\t\t\t\t\t\t\t\t\t\t\t\t\t\t\t\t\t\t\t\t\t\t\"> -->\n\t\t\t\t\t\t\t\t<div class=\"card-body\">\n\t\t\t\t\t\t\t\t\t\t\t\t\t\t\t\t\t\t\t<h6>Kattens utveckling p\u00e5 v\u00e4g mot vuxenlivet<\/h6>\n\t\t\t\t\t\t\t\t\t\t\t\t\t\t\t\t\t\t\t<a href=\"https:\/\/bozita.com\/se\/katt\/kattens-utveckling\/kattens-utveckling-pa-vag-mot-vuxenlivet\/\">L\u00e4s mer &nbsp; ><\/a>\n\t\t\t\t\t\t\t\t<\/div>\n\t\t\t\t\t\t\t<\/div>\n\t\t\t\t\t\t<\/div>\n\n\t\t\t\t\t\t\t\t\t\t\t<div class=\"col-sm-6 col-md-6 col-lg-3\">\n\t\t\t\t\t\t\t\t\t\t\t\t\t\t<div class=\"card \">\n\t\t\t\t\t\t\t\t\t\t\t\t\t\t\t\t\t<img decoding=\"async\"  src=\"https:\/\/bozita.com\/se\/wp-content\/uploads\/sites\/5\/2021\/08\/bozita-kattens-kroppssprak.jpg\" alt=\"\">\n\t\t\t\t\t\t\t\t\t\t\t\t\t\t\t\t\t<!-- <img decoding=\"async\" src=\"\n\t\t\t\t\t\t\t\t\t\t\t\t\t\t\t\t\t\t\t\t\" alt=\"\n\t\t\t\t\t\t\t\t\t\t\t\t\t\t\t\t\t\t\t\t\t\t\t\t\t\t\t\"> -->\n\t\t\t\t\t\t\t\t<div class=\"card-body\">\n\t\t\t\t\t\t\t\t\t\t\t\t\t\t\t\t\t\t\t<h6>Katters beteende och kroppsspr\u00e5k<\/h6>\n\t\t\t\t\t\t\t\t\t\t\t\t\t\t\t\t\t\t\t<a href=\"https:\/\/bozita.com\/se\/katt\/kattens-utveckling\/lar-dig-tolka-din-katts-kroppssprak-och-beteenden\/\">L\u00e4s mer &nbsp; ><\/a>\n\t\t\t\t\t\t\t\t<\/div>\n\t\t\t\t\t\t\t<\/div>\n\t\t\t\t\t\t<\/div>\n\n\t\t\t\t\t\t\t\t\t\t\t<div class=\"col-sm-6 col-md-6 col-lg-3\">\n\t\t\t\t\t\t\t\t\t\t\t\t\t\t<div class=\"card \">\n\t\t\t\t\t\t\t\t\t\t\t\t\t\t\t\t\t<img decoding=\"async\"  src=\"https:\/\/bozita.com\/se\/wp-content\/uploads\/sites\/5\/2021\/08\/bozita_swedish-natural-quality.jpg\" alt=\"\">\n\t\t\t\t\t\t\t\t\t\t\t\t\t\t\t\t\t<!-- <img decoding=\"async\" src=\"\n\t\t\t\t\t\t\t\t\t\t\t\t\t\t\t\t\t\t\t\t\" alt=\"\n\t\t\t\t\t\t\t\t\t\t\t\t\t\t\t\t\t\t\t\t\t\t\t\t\t\t\t\"> -->\n\t\t\t\t\t\t\t\t<div class=\"card-body\">\n\t\t\t\t\t\t\t\t\t\t\t\t\t\t\t\t\t\t\t<h6>Kattens anatomi och fysiologi<\/h6>\n\t\t\t\t\t\t\t\t\t\t\t\t\t\t\t\t\t\t\t<a href=\"https:\/\/bozita.com\/se\/katt\/kattens-utveckling\/nagra-snabba-fakta-om-kattens-anatomi-och-fysiologi\/\">L\u00e4s mer &nbsp; ><\/a>\n\t\t\t\t\t\t\t\t<\/div>\n\t\t\t\t\t\t\t<\/div>\n\t\t\t\t\t\t<\/div>\n\n\t\t\t\t\t\t\t\t\t\t\t\t<\/div>\n\t\t<\/div>\n\t<\/section>\n","protected":false},"excerpt":{"rendered":"","protected":false},"author":1,"featured_media":3497,"parent":79,"menu_order":0,"comment_status":"closed","ping_status":"closed","template":"guternberg.php","meta":{"footnotes":""},"acf":[],"yoast_head":"<!-- This site is optimized with the Yoast SEO plugin v21.3 - https:\/\/yoast.com\/wordpress\/plugins\/seo\/ -->\n<title>Katter och s\u00f6mn - hur mycket sover en katt? | Bozita<\/title>\n<meta name=\"description\" content=\"Varf\u00f6r sover katter s\u00e5 mycket och hur mycket sover en katt eller kattunge egentligen? Ta reda p\u00e5 det och vad du ska g\u00f6ra om din katt sover mer \u00e4n vanligt.\" \/>\n<meta name=\"robots\" content=\"index, follow, max-snippet:-1, max-image-preview:large, max-video-preview:-1\" \/>\n<link rel=\"canonical\" href=\"https:\/\/bozita.com\/se\/katt\/kattens-utveckling\/hur-mycket-sover-en-katt\/\" \/>\n<meta property=\"og:locale\" content=\"sv_SE\" \/>\n<meta property=\"og:type\" content=\"article\" \/>\n<meta property=\"og:title\" content=\"Katter och s\u00f6mn - hur mycket sover en katt? | Bozita\" \/>\n<meta property=\"og:description\" content=\"Varf\u00f6r sover katter s\u00e5 mycket och hur mycket sover en katt eller kattunge egentligen? Ta reda p\u00e5 det och vad du ska g\u00f6ra om din katt sover mer \u00e4n vanligt.\" \/>\n<meta property=\"og:url\" content=\"https:\/\/bozita.com\/se\/katt\/kattens-utveckling\/hur-mycket-sover-en-katt\/\" \/>\n<meta property=\"og:site_name\" content=\"Bozita Sverige\" \/>\n<meta property=\"article:modified_time\" content=\"2021-08-26T20:56:36+00:00\" \/>\n<meta property=\"og:image\" content=\"https:\/\/bozita.com\/se\/wp-content\/uploads\/sites\/5\/2021\/08\/bozita_swedish-natural-quality.jpg\" \/>\n\t<meta property=\"og:image:width\" content=\"800\" \/>\n\t<meta property=\"og:image:height\" content=\"533\" \/>\n\t<meta property=\"og:image:type\" content=\"image\/jpeg\" \/>\n<meta name=\"twitter:card\" content=\"summary_large_image\" \/>\n<!-- \/ Yoast SEO plugin. -->","yoast_head_json":{"title":"Katter och s\u00f6mn - hur mycket sover en katt? | Bozita","description":"Varf\u00f6r sover katter s\u00e5 mycket och hur mycket sover en katt eller kattunge egentligen? Ta reda p\u00e5 det och vad du ska g\u00f6ra om din katt sover mer \u00e4n vanligt.","robots":{"index":"index","follow":"follow","max-snippet":"max-snippet:-1","max-image-preview":"max-image-preview:large","max-video-preview":"max-video-preview:-1"},"canonical":"https:\/\/bozita.com\/se\/katt\/kattens-utveckling\/hur-mycket-sover-en-katt\/","og_locale":"sv_SE","og_type":"article","og_title":"Katter och s\u00f6mn - hur mycket sover en katt? | Bozita","og_description":"Varf\u00f6r sover katter s\u00e5 mycket och hur mycket sover en katt eller kattunge egentligen? Ta reda p\u00e5 det och vad du ska g\u00f6ra om din katt sover mer \u00e4n vanligt.","og_url":"https:\/\/bozita.com\/se\/katt\/kattens-utveckling\/hur-mycket-sover-en-katt\/","og_site_name":"Bozita Sverige","article_modified_time":"2021-08-26T20:56:36+00:00","og_image":[{"width":800,"height":533,"url":"https:\/\/bozita.com\/se\/wp-content\/uploads\/sites\/5\/2021\/08\/bozita_swedish-natural-quality.jpg","type":"image\/jpeg"}],"twitter_card":"summary_large_image","schema":{"@context":"https:\/\/schema.org","@graph":[{"@type":"WebPage","@id":"https:\/\/bozita.com\/se\/katt\/kattens-utveckling\/hur-mycket-sover-en-katt\/","url":"https:\/\/bozita.com\/se\/katt\/kattens-utveckling\/hur-mycket-sover-en-katt\/","name":"Katter och s\u00f6mn - hur mycket sover en katt? | Bozita","isPartOf":{"@id":"https:\/\/bozita.com\/se\/#website"},"datePublished":"2021-06-22T21:39:39+00:00","dateModified":"2021-08-26T20:56:36+00:00","description":"Varf\u00f6r sover katter s\u00e5 mycket och hur mycket sover en katt eller kattunge egentligen? Ta reda p\u00e5 det och vad du ska g\u00f6ra om din katt sover mer \u00e4n vanligt.","breadcrumb":{"@id":"https:\/\/bozita.com\/se\/katt\/kattens-utveckling\/hur-mycket-sover-en-katt\/#breadcrumb"},"inLanguage":"sv-SE","potentialAction":[{"@type":"ReadAction","target":["https:\/\/bozita.com\/se\/katt\/kattens-utveckling\/hur-mycket-sover-en-katt\/"]}]},{"@type":"BreadcrumbList","@id":"https:\/\/bozita.com\/se\/katt\/kattens-utveckling\/hur-mycket-sover-en-katt\/#breadcrumb","itemListElement":[{"@type":"ListItem","position":1,"name":"Home","item":"https:\/\/bozita.com\/se\/"},{"@type":"ListItem","position":2,"name":"Livet med katt","item":"https:\/\/bozita.com\/se\/katt\/"},{"@type":"ListItem","position":3,"name":"Kattens utveckling","item":"https:\/\/bozita.com\/se\/katt\/kattens-utveckling\/"},{"@type":"ListItem","position":4,"name":"Hyr mycket sover en katt?"}]},{"@type":"WebSite","@id":"https:\/\/bozita.com\/se\/#website","url":"https:\/\/bozita.com\/se\/","name":"Bozita Sverige","description":"","potentialAction":[{"@type":"SearchAction","target":{"@type":"EntryPoint","urlTemplate":"https:\/\/bozita.com\/se\/?s={search_term_string}"},"query-input":"required name=search_term_string"}],"inLanguage":"sv-SE"}]}},"_links":{"self":[{"href":"https:\/\/bozita.com\/se\/wp-json\/wp\/v2\/pages\/1767"}],"collection":[{"href":"https:\/\/bozita.com\/se\/wp-json\/wp\/v2\/pages"}],"about":[{"href":"https:\/\/bozita.com\/se\/wp-json\/wp\/v2\/types\/page"}],"author":[{"embeddable":true,"href":"https:\/\/bozita.com\/se\/wp-json\/wp\/v2\/users\/1"}],"replies":[{"embeddable":true,"href":"https:\/\/bozita.com\/se\/wp-json\/wp\/v2\/comments?post=1767"}],"version-history":[{"count":7,"href":"https:\/\/bozita.com\/se\/wp-json\/wp\/v2\/pages\/1767\/revisions"}],"predecessor-version":[{"id":4036,"href":"https:\/\/bozita.com\/se\/wp-json\/wp\/v2\/pages\/1767\/revisions\/4036"}],"up":[{"embeddable":true,"href":"https:\/\/bozita.com\/se\/wp-json\/wp\/v2\/pages\/79"}],"wp:featuredmedia":[{"embeddable":true,"href":"https:\/\/bozita.com\/se\/wp-json\/wp\/v2\/media\/3497"}],"wp:attachment":[{"href":"https:\/\/bozita.com\/se\/wp-json\/wp\/v2\/media?parent=1767"}],"curies":[{"name":"wp","href":"https:\/\/api.w.org\/{rel}","templated":true}]}}