{"id":1779,"date":"2021-06-22T21:45:10","date_gmt":"2021-06-22T21:45:10","guid":{"rendered":"https:\/\/bozita.com\/se\/?page_id=1779"},"modified":"2025-03-13T13:07:03","modified_gmt":"2025-03-13T13:07:03","slug":"hur-lange-kan-man-lamna-en-katt-ensam","status":"publish","type":"page","link":"https:\/\/bozita.com\/se\/katt\/kopa-katt\/hur-lange-kan-man-lamna-en-katt-ensam\/","title":{"rendered":"Hur l\u00e4nge kan man l\u00e4mna en katt ensam?"},"content":{"rendered":"\t\t<section class=\"small-hero\">\n\t\t\t<div class=\"container\">\n\t\t\t\t<h1 class=\"small-hero-title\">Hur l\u00e4nge f\u00e5r man l\u00e4mna en katt ensam?<\/h1>\t\t\t<\/div>\n\t\t\t<\/div>\n\t\t<\/section>\n\t\n\n\t<div class=\"text-box-warp\">\n\t\t<div class=\"container\">\n\t\t\t<div class=\"text-content\">\n\t\t\t\t<p><strong>Ibland kan du som katt\u00e4gare beh\u00f6va l\u00e4mna din katt ensam n\u00e4r du ska resa bort p\u00e5 till exempel semester, men en katt klarar sig inte sj\u00e4lv i f\u00f6r l\u00e5nga perioder. Faktum \u00e4r att tillsyn \u00e4r reglerat i svensk lag och att det d\u00e4rmed \u00e4r olagligt att l\u00e4mna sin katt ensam utan omsorg f\u00f6r l\u00e4nge. En frisk katt ska ses till minst tv\u00e5 g\u00e5nger per dygn och beh\u00f6ver d\u00e5 inte bara mat och vatten utan \u00e4ven social kontakt.<\/strong><\/p>\n<h2>HUR L\u00c4NGE F\u00c5R EN KATT VARA ENSAM?<\/h2>\n<p>Varje katt \u00e4r \u2013 precis som vi m\u00e4nniskor \u2013 unik och har sin egen personlighet. Hur l\u00e4nge du kan l\u00e4mna din katt ensam beror delvis p\u00e5 personlighet, men ocks\u00e5 p\u00e5 faktorer som \u00e5lder, h\u00e4lsa, ras och storlek.<\/p>\n<p>En kattunge som beh\u00f6ver omv\u00e5rdnad och mat fr\u00e5n sin mamma f\u00e5r de inte skiljas fr\u00e5n henne om det inte \u00e4r absolut n\u00f6dv\u00e4ndigt, och d\u00e5 enbart tillf\u00e4lligt. F\u00f6rst n\u00e4r kattungen \u00e4r 12 veckor gammal \u00e4r den redo att skiljas fr\u00e5n sin mamma.<\/p>\n<p>En \u00e4ldre katt har \u00e4ven den s\u00e4rskilda behov och beh\u00f6ver generellt sett mer omv\u00e5rdnad \u00e4n en yngre katt. Har du en katt som \u00e4r skadad eller dr\u00e4ktig beh\u00f6ver \u00e4ven detta tas h\u00e4nsyn till.<\/p>\n<p>Om du beh\u00f6ver l\u00e4mna din katt ensam och har en raskatt ska du t\u00e4nka p\u00e5 att vissa raskatter, som siameser och orientaler, ofta har st\u00f6rre socialt behov \u00e4n andra raser. De kan i st\u00f6rre grad p\u00e5verkas psykiskt negativt av att bli l\u00e4mnade f\u00f6r l\u00e4nge. \u00c4ven raser med mycket energi, som till exempel bengaler, \u00e4r ofta k\u00e4nsligare f\u00f6r psykisk stress vid ensamhet eftersom de kr\u00e4ver en rej\u00e4l dos daglig aktivering f\u00f6r att m\u00e5 bra. L\u00e4s p\u00e5 om just din katts ras innan du l\u00e4mnar den ensam.<\/p>\n<h2>F\u00d6RBEREDELSER INF\u00d6R ATT L\u00c4MNA DIN KATT ENSAM<\/h2>\n<p>Om du n\u00e5gon g\u00e5ng skulle beh\u00f6va l\u00e4mna din katt ensam under en l\u00e4ngre period \u00e4r det viktigt att du ordnar en kattvakt som ser efter din katt.<\/p>\n<h3>MAT, VATTEN OCH KATTL\u00c5DA<\/h3>\n<p>N\u00e4r du l\u00e4mnar din katt ensam ska den ha gott om n\u00e4ringsrikt foder och vatten n\u00e4r du l\u00e4mnar den. En innekatt ska ha fri tillg\u00e5ng till dricksvatten och en utekatt ska ha m\u00f6jlighet att dricka vatten minst tv\u00e5 g\u00e5nger om dagen. Helst ska \u00e4ven utekatten ha fri tillg\u00e5ng till vatten, s\u00e5 st\u00e4ll g\u00e4rna ut flera vattensk\u00e5lar p\u00e5 skuggiga platser s\u00e5 att vattnet inte avdunstar snabbt. S\u00e4kerst\u00e4ll ocks\u00e5 att kattvakten vet var saker som foder och kattsand finns.<\/p>\n<h3>TRYGG SOVPLATS OCH AKTIVERINGSM\u00d6JLIGHETER<\/h3>\n<p>F\u00f6rutom mat, vatten och m\u00f6jlighet att utr\u00e4tta sina behov \u00e4r det ocks\u00e5 viktigt att din katt har en egen liggplats och m\u00f6jlighet att kl\u00f6sa p\u00e5 exempelvis en kl\u00f6sbr\u00e4da eller ett kl\u00f6str\u00e4d. En innekatt beh\u00f6ver dessutom aktivering och d\u00e4rf\u00f6r kan aktiveringsleksaker och aktivitetsmatare vara n\u00f6dv\u00e4ndiga investeringar innan du l\u00e4mnar din katt ensam. F\u00e5r den inte stimulera sina sinnen kan det leda till f\u00f6rs\u00e4mrat v\u00e4lm\u00e5ende.<\/p>\n<h2>DJURSKYDDSREGLER FINNS F\u00d6R ATT SKYDDA KATTER<\/h2>\n<p>Det finns djurskyddsbest\u00e4mmelser som skyddar katters v\u00e4lm\u00e5ende s\u00e5 att alla katter ska ha b\u00e4sta f\u00f6ruts\u00e4ttningar f\u00f6r att m\u00e5 s\u00e5 bra som m\u00f6jligt. Dessa talar om vad som minst ska uppfyllas f\u00f6r att en katt ska m\u00e5 bra, b\u00e5de fysiskt och psykiskt. Lagen om tillsyn av hundar och katter \u00e4r en del av dessa och kan ge b\u00f6ter om den inte f\u00f6ljs.<\/p>\n<p><strong>Vidare l\u00e4sning<\/strong><\/p>\n<ul>\n<li><a title=\"L\u00e4s mer om djurskyddsbest\u00e4mmelser p\u00e5 Jordbruksverkets hemsida\" href=\"https:\/\/djur.jordbruksverket.se\/amnesomraden\/djur\/olikaslagsdjur\/hundarochkatter\/skotselavhundochkatt\/saskoterdudinkatt.4.207049b811dd8a513dc80001987.html\" target=\"_blank\" rel=\"noopener\">L\u00e4s mer om djurskyddsbest\u00e4mmelser p\u00e5 Jordbruksverkets hemsida<\/a><\/li>\n<\/ul>\n\t\t\t<\/div>\n\t\t<\/div>\n\t<\/div>\n\n\n\n\t<section class=\"block related-articles\">\n\t\t<div class=\"container\">\n\t\t\t<h2>Relaterade artiklar<\/h2>\n\t\t\t<div class=\"row justify-content-center\">\n\t\t\t\t\t\t\t\t\t\t<div class=\"col-sm-6 col-md-6 col-lg-3\">\n\t\t\t\t\t\t\t\t\t\t\t\t\t\t<div class=\"card \">\n\t\t\t\t\t\t\t\t\t\t\t\t\t\t\t\t\t<img decoding=\"async\"  src=\"https:\/\/bozita.com\/se\/wp-content\/uploads\/sites\/5\/2021\/08\/bozita-introducera-katt-till-nytt-hem.jpg\" alt=\"\">\n\t\t\t\t\t\t\t\t\t\t\t\t\t\t\t\t\t<!-- <img decoding=\"async\" src=\"\n\t\t\t\t\t\t\t\t\t\t\t\t\t\t\t\t\t\t\t\t\" alt=\"\n\t\t\t\t\t\t\t\t\t\t\t\t\t\t\t\t\t\t\t\t\t\t\t\t\t\t\t\"> -->\n\t\t\t\t\t\t\t\t<div class=\"card-body\">\n\t\t\t\t\t\t\t\t\t\t\t\t\t\t\t\t\t\t\t<h6>Introducera en katt till ett nytt hem<\/h6>\n\t\t\t\t\t\t\t\t\t\t\t\t\t\t\t\t\t\t\t<a href=\"https:\/\/bozita.com\/se\/katt\/kopa-katt\/introducera-en-kattunge-eller-vuxen-katt-till-ett-nytt-hem\/\">L\u00e4s mer &nbsp; ><\/a>\n\t\t\t\t\t\t\t\t<\/div>\n\t\t\t\t\t\t\t<\/div>\n\t\t\t\t\t\t<\/div>\n\n\t\t\t\t\t\t\t\t\t\t\t<div class=\"col-sm-6 col-md-6 col-lg-3\">\n\t\t\t\t\t\t\t\t\t\t\t\t\t\t<div class=\"card \">\n\t\t\t\t\t\t\t\t\t\t\t\t\t\t\t\t\t<img decoding=\"async\"  src=\"https:\/\/bozita.com\/se\/wp-content\/uploads\/sites\/5\/2021\/08\/bozita-kattens-kroppssprak.jpg\" alt=\"\">\n\t\t\t\t\t\t\t\t\t\t\t\t\t\t\t\t\t<!-- <img decoding=\"async\" src=\"\n\t\t\t\t\t\t\t\t\t\t\t\t\t\t\t\t\t\t\t\t\" alt=\"\n\t\t\t\t\t\t\t\t\t\t\t\t\t\t\t\t\t\t\t\t\t\t\t\t\t\t\t\"> -->\n\t\t\t\t\t\t\t\t<div class=\"card-body\">\n\t\t\t\t\t\t\t\t\t\t\t\t\t\t\t\t\t\t\t<h6>Katters beteende och kroppsspr\u00e5k<\/h6>\n\t\t\t\t\t\t\t\t\t\t\t\t\t\t\t\t\t\t\t<a href=\"https:\/\/bozita.com\/se\/katt\/kattens-utveckling\/lar-dig-tolka-din-katts-kroppssprak-och-beteenden\/\">L\u00e4s mer &nbsp; ><\/a>\n\t\t\t\t\t\t\t\t<\/div>\n\t\t\t\t\t\t\t<\/div>\n\t\t\t\t\t\t<\/div>\n\n\t\t\t\t\t\t\t\t\t\t\t<div class=\"col-sm-6 col-md-6 col-lg-3\">\n\t\t\t\t\t\t\t\t\t\t\t\t\t\t<div class=\"card \">\n\t\t\t\t\t\t\t\t\t\t\t\t\t\t\t\t\t<img decoding=\"async\"  src=\"https:\/\/bozita.com\/se\/wp-content\/uploads\/sites\/5\/2021\/08\/bozita-katt-rumsren-ga-pa-ladan.jpg\" alt=\"\">\n\t\t\t\t\t\t\t\t\t\t\t\t\t\t\t\t\t<!-- <img decoding=\"async\" src=\"\n\t\t\t\t\t\t\t\t\t\t\t\t\t\t\t\t\t\t\t\t\" alt=\"\n\t\t\t\t\t\t\t\t\t\t\t\t\t\t\t\t\t\t\t\t\t\t\t\t\t\t\t\"> -->\n\t\t\t\t\t\t\t\t<div class=\"card-body\">\n\t\t\t\t\t\t\t\t\t\t\t\t\t\t\t\t\t\t\t<h6>Hur f\u00e5r man en katt rumsren?<\/h6>\n\t\t\t\t\t\t\t\t\t\t\t\t\t\t\t\t\t\t\t<a href=\"https:\/\/bozita.com\/se\/katt\/kopa-katt\/hur-far-man-en-katt-rumsren\/\">L\u00e4s mer &nbsp; ><\/a>\n\t\t\t\t\t\t\t\t<\/div>\n\t\t\t\t\t\t\t<\/div>\n\t\t\t\t\t\t<\/div>\n\n\t\t\t\t\t\t\t\t\t\t\t\t<\/div>\n\t\t<\/div>\n\t<\/section>\n","protected":false},"excerpt":{"rendered":"","protected":false},"author":1,"featured_media":3499,"parent":75,"menu_order":0,"comment_status":"closed","ping_status":"closed","template":"guternberg.php","meta":{"footnotes":""},"acf":[],"yoast_head":"<!-- This site is optimized with the Yoast SEO plugin v21.3 - https:\/\/yoast.com\/wordpress\/plugins\/seo\/ -->\n<title>Hur l\u00e4nge f\u00e5r man l\u00e4mna en katt ensam? | Bozita<\/title>\n<meta name=\"description\" content=\"Beh\u00f6ver du l\u00e4mna din katt ensam en stund? Katter klarar att vara ensamma men som katt\u00e4gare har du vissa skyldigheter. Bozita v\u00e4gleder dig.\" \/>\n<meta name=\"robots\" content=\"index, follow, max-snippet:-1, max-image-preview:large, max-video-preview:-1\" \/>\n<link rel=\"canonical\" href=\"https:\/\/bozita.com\/se\/katt\/kopa-katt\/hur-lange-kan-man-lamna-en-katt-ensam\/\" \/>\n<meta property=\"og:locale\" content=\"sv_SE\" \/>\n<meta property=\"og:type\" content=\"article\" \/>\n<meta property=\"og:title\" content=\"Hur l\u00e4nge f\u00e5r man l\u00e4mna en katt ensam? | Bozita\" \/>\n<meta property=\"og:description\" content=\"Beh\u00f6ver du l\u00e4mna din katt ensam en stund? Katter klarar att vara ensamma men som katt\u00e4gare har du vissa skyldigheter. Bozita v\u00e4gleder dig.\" \/>\n<meta property=\"og:url\" content=\"https:\/\/bozita.com\/se\/katt\/kopa-katt\/hur-lange-kan-man-lamna-en-katt-ensam\/\" \/>\n<meta property=\"og:site_name\" content=\"Bozita Sverige\" \/>\n<meta property=\"article:modified_time\" content=\"2025-03-13T13:07:03+00:00\" \/>\n<meta property=\"og:image\" content=\"https:\/\/bozita.com\/se\/wp-content\/uploads\/sites\/5\/2021\/08\/bozita-lamna-katt-ensam.jpg\" \/>\n\t<meta property=\"og:image:width\" content=\"800\" \/>\n\t<meta property=\"og:image:height\" content=\"533\" \/>\n\t<meta property=\"og:image:type\" content=\"image\/jpeg\" \/>\n<meta name=\"twitter:card\" content=\"summary_large_image\" \/>\n<!-- \/ Yoast SEO plugin. -->","yoast_head_json":{"title":"Hur l\u00e4nge f\u00e5r man l\u00e4mna en katt ensam? | Bozita","description":"Beh\u00f6ver du l\u00e4mna din katt ensam en stund? Katter klarar att vara ensamma men som katt\u00e4gare har du vissa skyldigheter. Bozita v\u00e4gleder dig.","robots":{"index":"index","follow":"follow","max-snippet":"max-snippet:-1","max-image-preview":"max-image-preview:large","max-video-preview":"max-video-preview:-1"},"canonical":"https:\/\/bozita.com\/se\/katt\/kopa-katt\/hur-lange-kan-man-lamna-en-katt-ensam\/","og_locale":"sv_SE","og_type":"article","og_title":"Hur l\u00e4nge f\u00e5r man l\u00e4mna en katt ensam? | Bozita","og_description":"Beh\u00f6ver du l\u00e4mna din katt ensam en stund? Katter klarar att vara ensamma men som katt\u00e4gare har du vissa skyldigheter. Bozita v\u00e4gleder dig.","og_url":"https:\/\/bozita.com\/se\/katt\/kopa-katt\/hur-lange-kan-man-lamna-en-katt-ensam\/","og_site_name":"Bozita Sverige","article_modified_time":"2025-03-13T13:07:03+00:00","og_image":[{"width":800,"height":533,"url":"https:\/\/bozita.com\/se\/wp-content\/uploads\/sites\/5\/2021\/08\/bozita-lamna-katt-ensam.jpg","type":"image\/jpeg"}],"twitter_card":"summary_large_image","schema":{"@context":"https:\/\/schema.org","@graph":[{"@type":"WebPage","@id":"https:\/\/bozita.com\/se\/katt\/kopa-katt\/hur-lange-kan-man-lamna-en-katt-ensam\/","url":"https:\/\/bozita.com\/se\/katt\/kopa-katt\/hur-lange-kan-man-lamna-en-katt-ensam\/","name":"Hur l\u00e4nge f\u00e5r man l\u00e4mna en katt ensam? | Bozita","isPartOf":{"@id":"https:\/\/bozita.com\/se\/#website"},"datePublished":"2021-06-22T21:45:10+00:00","dateModified":"2025-03-13T13:07:03+00:00","description":"Beh\u00f6ver du l\u00e4mna din katt ensam en stund? Katter klarar att vara ensamma men som katt\u00e4gare har du vissa skyldigheter. Bozita v\u00e4gleder dig.","breadcrumb":{"@id":"https:\/\/bozita.com\/se\/katt\/kopa-katt\/hur-lange-kan-man-lamna-en-katt-ensam\/#breadcrumb"},"inLanguage":"sv-SE","potentialAction":[{"@type":"ReadAction","target":["https:\/\/bozita.com\/se\/katt\/kopa-katt\/hur-lange-kan-man-lamna-en-katt-ensam\/"]}]},{"@type":"BreadcrumbList","@id":"https:\/\/bozita.com\/se\/katt\/kopa-katt\/hur-lange-kan-man-lamna-en-katt-ensam\/#breadcrumb","itemListElement":[{"@type":"ListItem","position":1,"name":"Home","item":"https:\/\/bozita.com\/se\/"},{"@type":"ListItem","position":2,"name":"Livet med katt","item":"https:\/\/bozita.com\/se\/katt\/"},{"@type":"ListItem","position":3,"name":"Till dig som ska skaffa katt","item":"https:\/\/bozita.com\/se\/katt\/kopa-katt\/"},{"@type":"ListItem","position":4,"name":"Hur l\u00e4nge kan man l\u00e4mna en katt ensam?"}]},{"@type":"WebSite","@id":"https:\/\/bozita.com\/se\/#website","url":"https:\/\/bozita.com\/se\/","name":"Bozita Sverige","description":"","potentialAction":[{"@type":"SearchAction","target":{"@type":"EntryPoint","urlTemplate":"https:\/\/bozita.com\/se\/?s={search_term_string}"},"query-input":"required name=search_term_string"}],"inLanguage":"sv-SE"}]}},"_links":{"self":[{"href":"https:\/\/bozita.com\/se\/wp-json\/wp\/v2\/pages\/1779"}],"collection":[{"href":"https:\/\/bozita.com\/se\/wp-json\/wp\/v2\/pages"}],"about":[{"href":"https:\/\/bozita.com\/se\/wp-json\/wp\/v2\/types\/page"}],"author":[{"embeddable":true,"href":"https:\/\/bozita.com\/se\/wp-json\/wp\/v2\/users\/1"}],"replies":[{"embeddable":true,"href":"https:\/\/bozita.com\/se\/wp-json\/wp\/v2\/comments?post=1779"}],"version-history":[{"count":16,"href":"https:\/\/bozita.com\/se\/wp-json\/wp\/v2\/pages\/1779\/revisions"}],"predecessor-version":[{"id":11196,"href":"https:\/\/bozita.com\/se\/wp-json\/wp\/v2\/pages\/1779\/revisions\/11196"}],"up":[{"embeddable":true,"href":"https:\/\/bozita.com\/se\/wp-json\/wp\/v2\/pages\/75"}],"wp:featuredmedia":[{"embeddable":true,"href":"https:\/\/bozita.com\/se\/wp-json\/wp\/v2\/media\/3499"}],"wp:attachment":[{"href":"https:\/\/bozita.com\/se\/wp-json\/wp\/v2\/media?parent=1779"}],"curies":[{"name":"wp","href":"https:\/\/api.w.org\/{rel}","templated":true}]}}