{"id":1786,"date":"2021-06-22T21:47:04","date_gmt":"2021-06-22T21:47:04","guid":{"rendered":"https:\/\/bozita.com\/se\/?page_id=1786"},"modified":"2023-10-02T13:51:27","modified_gmt":"2023-10-02T13:51:27","slug":"darfor-bor-du-ha-id-markning-pa-din-katt","status":"publish","type":"page","link":"https:\/\/bozita.com\/se\/katt\/kopa-katt\/darfor-bor-du-ha-id-markning-pa-din-katt\/","title":{"rendered":"D\u00e4rf\u00f6r b\u00f6r du ha ID-m\u00e4rkning p\u00e5 din katt"},"content":{"rendered":"\t\t<section class=\"small-hero\">\n\t\t\t<div class=\"container\">\n\t\t\t\t<h1 class=\"small-hero-title\">D\u00e4rf\u00f6r b\u00f6r du ha ID-m\u00e4rkning p\u00e5 din katt<\/h1>\t\t\t<\/div>\n\t\t\t<\/div>\n\t\t<\/section>\n\t\n\n\t<div class=\"text-box-warp\">\n\t\t<div class=\"container\">\n\t\t\t<div class=\"text-content\">\n\t\t\t\t<p>Genom att id-m\u00e4rka din katt med chip eller tatuering och \u00e4garregistrera den \u00f6kar du chansen att katten hittar hem till dig igen om den skulle springa bort eller r\u00e5ka ut f\u00f6r en olycka. B\u00e5da id-m\u00e4rkningsmetoderna har b\u00e5de f\u00f6r- och nackdelar. Om du ska resa utomlands med din katt m\u00e5ste den enligt lag vara chipm\u00e4rkt.<\/p>\n<h2>ID-M\u00c4RKNING AV KATT MED \u00d6RONTATUERING<\/h2>\n<p>\u00d6rontatuering, eller t\u00e5ngm\u00e4rkning som det ocks\u00e5 kallas, utf\u00f6rs av veterin\u00e4r och \u00e4r en metod d\u00e4r man tatuerar in en bokstavs- och\/eller sifferkombination i \u00f6rat. Id-numret g\u00e5r sedan att sp\u00e5ra till just din katt. Kombinationen l\u00e4ses fr\u00e5n huvudet och ut mot \u00f6ronspetsen.<\/p>\n<p>F\u00f6rdelen med id-m\u00e4rkning av din katt genom tatuering \u00e4r att vem som helst enkelt kan sp\u00e5ra \u00e4garen till en bortsprungen katt via <a title=\"djurid.se SKK:s \u00e4garregister\" href=\"https:\/\/hundar.skk.se\/agarreg\/\" target=\"_blank\" rel=\"noopener\">Svenska kennelklubbens \u00e4garregister<\/a>\u00a0eller i <a title=\"Kattf\u00f6rbundet SVERAK:s id-register\" href=\"https:\/\/www.id-registret.se\/\" target=\"_blank\" rel=\"noopener\">kattf\u00f6rbundet SVERAK:s id-register<\/a>. Nackdelen \u00e4r att m\u00e4rkningen har en s\u00e4mre h\u00e5llbarhet d\u00e5 tatueringen bleknar bort med tiden.<\/p>\n<h2>ID-M\u00c4RKNING AV KATT MED MIKROCHIP<\/h2>\n<p>Chipm\u00e4rkning, eller mikrochipm\u00e4rkning, \u00e4r ett snabbt och enkelt ingrepp som inneb\u00e4r att ett litet chip s\u00e4tts in under huden p\u00e5 katten. Chipet kan sedan l\u00e4sas av med hj\u00e4lp av en speciell chipl\u00e4sare som finns hos veterin\u00e4r och polisen. En katt kan chipm\u00e4rkas f\u00f6rst n\u00e4r den hunnit bli sex veckor gammal.<\/p>\n<p>F\u00f6rdelen med chipm\u00e4rkning \u00e4r att den oftast h\u00e5ller hela kattens liv. Planerar du att resa utomlands med din katt \u00e4r det dessutom krav p\u00e5 att den ska vara m\u00e4rkt med mikrochip. Nackdelen \u00e4r att chipet endast kan l\u00e4sas av hos veterin\u00e4r eller polis.<\/p>\n<p><strong>Vidare l\u00e4sning<\/strong><\/p>\n<ul>\n<li><a title=\"Hur ska jag b\u00e4st resa med min katt?\" href=\"https:\/\/bozita.com\/se\/katt\/kattens-utveckling\/hur-ska-jag-bast-resa-med-min-katt\/\">Hur ska jag b\u00e4st resa med min katt?<\/a><\/li>\n<\/ul>\n<h2>\u00c4R DET LAG P\u00c5 ATT ID-M\u00c4RKA SIN KATT?<\/h2>\n<p>Fr\u00e5n och med 2023 ska din katt vara id-m\u00e4rkt och registrerad hos Jordbruksverket. Den ska m\u00e4rkas och registreras innan den \u00e4r 4 m\u00e5nader. Om du k\u00f6per eller tar \u00f6ver en katt som \u00e4r \u00f6ver 3 m\u00e5nader ska du se till att den \u00e4r eller blir id-m\u00e4rkt och du ska registrera dig som \u00e4gare inom 4 veckor. Det g\u00e4ller s\u00e5v\u00e4l innekatter som utekatter. Kravet p\u00e5 registrering g\u00e4ller \u00e4ven om din katt redan \u00e4r registrerad i ett frivilligt register sedan tidigare. L\u00e4s mer om detta p\u00e5 <a href=\"https:\/\/jordbruksverket.se\/djur\/hundar-katter-och-smadjur\/katter\/marka-och-registrera-katter\">jordbruksverket.se<\/a><\/p>\n<h2>KOM IH\u00c5G ATT \u00c4GARREGISTRERA DIG EFTER ATT DU ID-M\u00c4RKT DIN KATT<\/h2>\n<p>Det \u00e4r m\u00e5nga som tror att det r\u00e4cker med id-m\u00e4rkning av sin katt, men det kr\u00e4vs lite mer \u00e4n s\u00e5. F\u00f6r att det ska kunna g\u00e5 att sp\u00e5ra din katt till dig \u00e4r det viktigt att du \u00e4ven \u00e4garregistrerar dig i Svenska kennelklubbens \u00e4garregister\u00a0och i kattf\u00f6rbundet SVERAK:s id-register.<\/p>\n<ul>\n<li><a title=\"Att \u00e4garregistrera katt\" href=\"https:\/\/www.skk.se\/agarregistrera-katt\" target=\"_blank\" rel=\"noopener\">\u00c4garregistrera din katt i Svenska kennelklubbens \u00e4garregister<\/a><\/li>\n<li><a title=\"Registrering av id-m\u00e4rkt katt i id-registret\" href=\"https:\/\/www.id-registret.se\/registrera-katt-i-id-registret\/\" target=\"_blank\" rel=\"noopener\">\u00c4garregistrera din katt i kattf\u00f6rbundet SVERAK:s id-register<\/a><\/li>\n<\/ul>\n<h2>VAD DU SKA G\u00d6RA OM DU HITTAR EN MISST\u00c4NKT BORTSPRUNGEN KATT<\/h2>\n<p>Hittar du en katt som du tycker verkar vilsen eller som du misst\u00e4nker \u00e4r bortsprungen kan du antingen ta med katten till en veterin\u00e4r eller kontakta polisen p\u00e5 114 14 f\u00f6r att ta reda p\u00e5 var n\u00e4rmaste polisstation med chipl\u00e4sare finns.<\/p>\n<p>Har katten en \u00f6rontatuering och du kan tyda sifferkombinationen kan du s\u00f6ka upp \u00e4garen i Svenska kennelklubbens \u00e4garregister\u00a0eller i kattf\u00f6rbundet SVERAK:s id-register.<\/p>\n<ul>\n<li><a title=\"Via DjurID.se \u2013 Svenska Kennelklubbens \u00e4garregister kan du hitta \u00e4garen till alla \u00e4garregistrerade hundar och katter\" href=\"https:\/\/hundar.skk.se\/agarreg\/\" target=\"_blank\" rel=\"noopener\">S\u00f6k upp \u00e4gare till en bortsprungen katt i Svenska kennelklubbens \u00e4garregister<\/a><\/li>\n<li><a title=\"S\u00f6k i id-registret\" href=\"https:\/\/www.id-registret.se\/sok-id-nr\/\" target=\"_blank\" rel=\"noopener\">S\u00f6k upp \u00e4gare till en bortsprungen katt i kattf\u00f6rbundet SVERAK:s id-register<\/a><\/li>\n<\/ul>\n<p>Om kattens \u00e4gare inte gjort n\u00e5gon \u00e4garregistrering eller att id-m\u00e4rkningen av katten \u00e4r s\u00e5 pass ny att det inte hunnit registrerats \u00e4nnu kommer du inte att f\u00e5 n\u00e5got resultat. Du kan d\u00e5 f\u00f6rs\u00f6ka efterlysa \u00e4garen via polisen och olika forum, till exempel i sociala medier.<\/p>\n<p>Om du inte har m\u00f6jlighet att ha katten hemma hos dig under tiden du letar efter \u00e4garen kan du kontakta djurhem i ditt n\u00e4romr\u00e5de som kan inhysa katten s\u00e5 l\u00e4nge.<\/p>\n\t\t\t<\/div>\n\t\t<\/div>\n\t<\/div>\n\n\n\n\t<section class=\"block related-articles\">\n\t\t<div class=\"container\">\n\t\t\t<h2>Relaterade artiklar<\/h2>\n\t\t\t<div class=\"row justify-content-center\">\n\t\t\t\t\t\t\t\t\t\t<div class=\"col-sm-6 col-md-6 col-lg-3\">\n\t\t\t\t\t\t\t\t\t\t\t\t\t\t<div class=\"card \">\n\t\t\t\t\t\t\t\t\t\t\t\t\t\t\t\t\t<img decoding=\"async\"  src=\"https:\/\/bozita.com\/se\/wp-content\/uploads\/sites\/5\/2021\/08\/bozita-introducera-katt-till-nytt-hem.jpg\" alt=\"\">\n\t\t\t\t\t\t\t\t\t\t\t\t\t\t\t\t\t<!-- <img decoding=\"async\" src=\"\n\t\t\t\t\t\t\t\t\t\t\t\t\t\t\t\t\t\t\t\t\" alt=\"\n\t\t\t\t\t\t\t\t\t\t\t\t\t\t\t\t\t\t\t\t\t\t\t\t\t\t\t\"> -->\n\t\t\t\t\t\t\t\t<div class=\"card-body\">\n\t\t\t\t\t\t\t\t\t\t\t\t\t\t\t\t\t\t\t<h6>Introducera en katt till ett nytt hem<\/h6>\n\t\t\t\t\t\t\t\t\t\t\t\t\t\t\t\t\t\t\t<a href=\"https:\/\/bozita.com\/se\/katt\/kopa-katt\/introducera-en-kattunge-eller-vuxen-katt-till-ett-nytt-hem\/\">L\u00e4s mer &nbsp; ><\/a>\n\t\t\t\t\t\t\t\t<\/div>\n\t\t\t\t\t\t\t<\/div>\n\t\t\t\t\t\t<\/div>\n\n\t\t\t\t\t\t\t\t\t\t\t<div class=\"col-sm-6 col-md-6 col-lg-3\">\n\t\t\t\t\t\t\t\t\t\t\t\t\t\t<div class=\"card \">\n\t\t\t\t\t\t\t\t\t\t\t\t\t\t\t\t\t<img decoding=\"async\"  src=\"https:\/\/bozita.com\/se\/wp-content\/uploads\/sites\/5\/2021\/08\/bozita_swedish-natural-quality.jpg\" alt=\"\">\n\t\t\t\t\t\t\t\t\t\t\t\t\t\t\t\t\t<!-- <img decoding=\"async\" src=\"\n\t\t\t\t\t\t\t\t\t\t\t\t\t\t\t\t\t\t\t\t\" alt=\"\n\t\t\t\t\t\t\t\t\t\t\t\t\t\t\t\t\t\t\t\t\t\t\t\t\t\t\t\"> -->\n\t\t\t\t\t\t\t\t<div class=\"card-body\">\n\t\t\t\t\t\t\t\t\t\t\t\t\t\t\t\t\t\t\t<h6>N\u00e4r kan man sl\u00e4ppa ut kattungen f\u00f6rsta g\u00e5ngen?<\/h6>\n\t\t\t\t\t\t\t\t\t\t\t\t\t\t\t\t\t\t\t<a href=\"https:\/\/bozita.com\/se\/katt\/kopa-katt\/nar-kan-man-slappa-ut-kattungen-forsta-gangen\/\">L\u00e4s mer &nbsp; ><\/a>\n\t\t\t\t\t\t\t\t<\/div>\n\t\t\t\t\t\t\t<\/div>\n\t\t\t\t\t\t<\/div>\n\n\t\t\t\t\t\t\t\t\t\t\t<div class=\"col-sm-6 col-md-6 col-lg-3\">\n\t\t\t\t\t\t\t\t\t\t\t\t\t\t<div class=\"card \">\n\t\t\t\t\t\t\t\t\t\t\t\t\t\t\t\t\t<img decoding=\"async\"  src=\"https:\/\/bozita.com\/se\/wp-content\/uploads\/sites\/5\/2021\/08\/bozita-lamna-katt-ensam.jpg\" alt=\"\">\n\t\t\t\t\t\t\t\t\t\t\t\t\t\t\t\t\t<!-- <img decoding=\"async\" src=\"\n\t\t\t\t\t\t\t\t\t\t\t\t\t\t\t\t\t\t\t\t\" alt=\"\n\t\t\t\t\t\t\t\t\t\t\t\t\t\t\t\t\t\t\t\t\t\t\t\t\t\t\t\"> -->\n\t\t\t\t\t\t\t\t<div class=\"card-body\">\n\t\t\t\t\t\t\t\t\t\t\t\t\t\t\t\t\t\t\t<h6>Hur l\u00e4nge kan man l\u00e4mna en katt ensam?<\/h6>\n\t\t\t\t\t\t\t\t\t\t\t\t\t\t\t\t\t\t\t<a href=\"https:\/\/bozita.com\/se\/katt\/kopa-katt\/hur-lange-kan-man-lamna-en-katt-ensam\/\">L\u00e4s mer &nbsp; ><\/a>\n\t\t\t\t\t\t\t\t<\/div>\n\t\t\t\t\t\t\t<\/div>\n\t\t\t\t\t\t<\/div>\n\n\t\t\t\t\t\t\t\t\t\t\t\t<\/div>\n\t\t<\/div>\n\t<\/section>\n","protected":false},"excerpt":{"rendered":"","protected":false},"author":1,"featured_media":3497,"parent":75,"menu_order":0,"comment_status":"closed","ping_status":"closed","template":"guternberg.php","meta":{"footnotes":""},"acf":[],"yoast_head":"<!-- This site is optimized with the Yoast SEO plugin v21.3 - https:\/\/yoast.com\/wordpress\/plugins\/seo\/ -->\n<title>Id-m\u00e4rkning katt och \u00e4garregistrering katt | Bozita<\/title>\n<meta name=\"description\" content=\"Id-m\u00e4rkning av din katt med chip eller tatuering g\u00f6r att den kan sp\u00e5ras till dig som \u00e4gare om den springer bort. B\u00e5da metoderna har f\u00f6r- och nackdelar.\" \/>\n<meta name=\"robots\" content=\"index, follow, max-snippet:-1, max-image-preview:large, max-video-preview:-1\" \/>\n<link rel=\"canonical\" href=\"https:\/\/bozita.com\/se\/katt\/kopa-katt\/darfor-bor-du-ha-id-markning-pa-din-katt\/\" \/>\n<meta property=\"og:locale\" content=\"sv_SE\" \/>\n<meta property=\"og:type\" content=\"article\" \/>\n<meta property=\"og:title\" content=\"Id-m\u00e4rkning katt och \u00e4garregistrering katt | Bozita\" \/>\n<meta property=\"og:description\" content=\"Id-m\u00e4rkning av din katt med chip eller tatuering g\u00f6r att den kan sp\u00e5ras till dig som \u00e4gare om den springer bort. B\u00e5da metoderna har f\u00f6r- och nackdelar.\" \/>\n<meta property=\"og:url\" content=\"https:\/\/bozita.com\/se\/katt\/kopa-katt\/darfor-bor-du-ha-id-markning-pa-din-katt\/\" \/>\n<meta property=\"og:site_name\" content=\"Bozita Sverige\" \/>\n<meta property=\"article:modified_time\" content=\"2023-10-02T13:51:27+00:00\" \/>\n<meta property=\"og:image\" content=\"https:\/\/bozita.com\/se\/wp-content\/uploads\/sites\/5\/2021\/08\/bozita_swedish-natural-quality.jpg\" \/>\n\t<meta property=\"og:image:width\" content=\"800\" \/>\n\t<meta property=\"og:image:height\" content=\"533\" \/>\n\t<meta property=\"og:image:type\" content=\"image\/jpeg\" \/>\n<meta name=\"twitter:card\" content=\"summary_large_image\" \/>\n<!-- \/ Yoast SEO plugin. -->","yoast_head_json":{"title":"Id-m\u00e4rkning katt och \u00e4garregistrering katt | Bozita","description":"Id-m\u00e4rkning av din katt med chip eller tatuering g\u00f6r att den kan sp\u00e5ras till dig som \u00e4gare om den springer bort. B\u00e5da metoderna har f\u00f6r- och nackdelar.","robots":{"index":"index","follow":"follow","max-snippet":"max-snippet:-1","max-image-preview":"max-image-preview:large","max-video-preview":"max-video-preview:-1"},"canonical":"https:\/\/bozita.com\/se\/katt\/kopa-katt\/darfor-bor-du-ha-id-markning-pa-din-katt\/","og_locale":"sv_SE","og_type":"article","og_title":"Id-m\u00e4rkning katt och \u00e4garregistrering katt | Bozita","og_description":"Id-m\u00e4rkning av din katt med chip eller tatuering g\u00f6r att den kan sp\u00e5ras till dig som \u00e4gare om den springer bort. B\u00e5da metoderna har f\u00f6r- och nackdelar.","og_url":"https:\/\/bozita.com\/se\/katt\/kopa-katt\/darfor-bor-du-ha-id-markning-pa-din-katt\/","og_site_name":"Bozita Sverige","article_modified_time":"2023-10-02T13:51:27+00:00","og_image":[{"width":800,"height":533,"url":"https:\/\/bozita.com\/se\/wp-content\/uploads\/sites\/5\/2021\/08\/bozita_swedish-natural-quality.jpg","type":"image\/jpeg"}],"twitter_card":"summary_large_image","schema":{"@context":"https:\/\/schema.org","@graph":[{"@type":"WebPage","@id":"https:\/\/bozita.com\/se\/katt\/kopa-katt\/darfor-bor-du-ha-id-markning-pa-din-katt\/","url":"https:\/\/bozita.com\/se\/katt\/kopa-katt\/darfor-bor-du-ha-id-markning-pa-din-katt\/","name":"Id-m\u00e4rkning katt och \u00e4garregistrering katt | Bozita","isPartOf":{"@id":"https:\/\/bozita.com\/se\/#website"},"datePublished":"2021-06-22T21:47:04+00:00","dateModified":"2023-10-02T13:51:27+00:00","description":"Id-m\u00e4rkning av din katt med chip eller tatuering g\u00f6r att den kan sp\u00e5ras till dig som \u00e4gare om den springer bort. B\u00e5da metoderna har f\u00f6r- och nackdelar.","breadcrumb":{"@id":"https:\/\/bozita.com\/se\/katt\/kopa-katt\/darfor-bor-du-ha-id-markning-pa-din-katt\/#breadcrumb"},"inLanguage":"sv-SE","potentialAction":[{"@type":"ReadAction","target":["https:\/\/bozita.com\/se\/katt\/kopa-katt\/darfor-bor-du-ha-id-markning-pa-din-katt\/"]}]},{"@type":"BreadcrumbList","@id":"https:\/\/bozita.com\/se\/katt\/kopa-katt\/darfor-bor-du-ha-id-markning-pa-din-katt\/#breadcrumb","itemListElement":[{"@type":"ListItem","position":1,"name":"Home","item":"https:\/\/bozita.com\/se\/"},{"@type":"ListItem","position":2,"name":"Livet med katt","item":"https:\/\/bozita.com\/se\/katt\/"},{"@type":"ListItem","position":3,"name":"Till dig som ska skaffa katt","item":"https:\/\/bozita.com\/se\/katt\/kopa-katt\/"},{"@type":"ListItem","position":4,"name":"D\u00e4rf\u00f6r b\u00f6r du ha ID-m\u00e4rkning p\u00e5 din katt"}]},{"@type":"WebSite","@id":"https:\/\/bozita.com\/se\/#website","url":"https:\/\/bozita.com\/se\/","name":"Bozita Sverige","description":"","potentialAction":[{"@type":"SearchAction","target":{"@type":"EntryPoint","urlTemplate":"https:\/\/bozita.com\/se\/?s={search_term_string}"},"query-input":"required name=search_term_string"}],"inLanguage":"sv-SE"}]}},"_links":{"self":[{"href":"https:\/\/bozita.com\/se\/wp-json\/wp\/v2\/pages\/1786"}],"collection":[{"href":"https:\/\/bozita.com\/se\/wp-json\/wp\/v2\/pages"}],"about":[{"href":"https:\/\/bozita.com\/se\/wp-json\/wp\/v2\/types\/page"}],"author":[{"embeddable":true,"href":"https:\/\/bozita.com\/se\/wp-json\/wp\/v2\/users\/1"}],"replies":[{"embeddable":true,"href":"https:\/\/bozita.com\/se\/wp-json\/wp\/v2\/comments?post=1786"}],"version-history":[{"count":14,"href":"https:\/\/bozita.com\/se\/wp-json\/wp\/v2\/pages\/1786\/revisions"}],"predecessor-version":[{"id":9652,"href":"https:\/\/bozita.com\/se\/wp-json\/wp\/v2\/pages\/1786\/revisions\/9652"}],"up":[{"embeddable":true,"href":"https:\/\/bozita.com\/se\/wp-json\/wp\/v2\/pages\/75"}],"wp:featuredmedia":[{"embeddable":true,"href":"https:\/\/bozita.com\/se\/wp-json\/wp\/v2\/media\/3497"}],"wp:attachment":[{"href":"https:\/\/bozita.com\/se\/wp-json\/wp\/v2\/media?parent=1786"}],"curies":[{"name":"wp","href":"https:\/\/api.w.org\/{rel}","templated":true}]}}