{"id":1803,"date":"2021-06-22T21:57:19","date_gmt":"2021-06-22T21:57:19","guid":{"rendered":"https:\/\/bozita.com\/se\/?page_id=1803"},"modified":"2021-08-26T21:33:32","modified_gmt":"2021-08-26T21:33:32","slug":"hur-byter-man-foder-till-en-vuxen-katt","status":"publish","type":"page","link":"https:\/\/bozita.com\/se\/kattfoder\/nutrition-och-kost\/hur-byter-man-foder-till-en-vuxen-katt\/","title":{"rendered":"Hur byter man foder till sin katt?"},"content":{"rendered":"\t\t<section class=\"small-hero\">\n\t\t\t<div class=\"container\">\n\t\t\t\t<h5>Kunskap<\/h5><h1 class=\"small-hero-title\">Hur byter man foder till sin katt?<\/h1><p><p>Av olika anledningar kan det bli aktuellt att byta foder till din katt eller kattunge. Till exempel f\u00f6r att den g\u00e5r in i en ny livsfas eller har blivit kastrerad.<\/p>\n<\/p>\t\t\t<\/div>\n\t\t\t<\/div>\n\t\t<\/section>\n\t\n\n\t<div class=\"text-box-warp\">\n\t\t<div class=\"container\">\n\t\t\t<div class=\"text-content\">\n\t\t\t\t<p>Kanske har din katt f\u00e5tt en diagnos som kr\u00e4ver en annan typ av foder? Oavsett anledning \u00e4r det viktigt att foderbytet g\u00f6rs p\u00e5 r\u00e4tt s\u00e4tt. H\u00e4r f\u00e5r du n\u00e5gra tips fr\u00e5n v\u00e5r expert \u00c5sa L\u00f6fstrand, nutritionist och husdjursagronom.<\/p>\n<h2>ATT BYTA FODER TILL KATTEN SKA G\u00c5 L\u00c5NGSAMT<\/h2>\n<p>Att byta till ett helt nytt foder f\u00f6r din katt b\u00f6r ske gradvis s\u00e5 att kattens mage och bakteriekulturen i den f\u00e5r tid att anpassa sig. Ett f\u00f6r snabbt foderbyte kan orsaka problem f\u00f6r mage och tarm &#8211; s\u00e5som diarr\u00e9, kr\u00e4kningar och f\u00f6rstoppning. Hur snabbt du kan byta foder till din katt beror p\u00e5 hur k\u00e4nslig katten \u00e4r, men v\u00e5r \u00f6vergripande rekommendation \u00e4r att l\u00e5ta foderbytet ske under tv\u00e5 till fyra veckors tid.<\/p>\n<p>B\u00f6rja f\u00f6rsta dagen med att blanda maximalt 1\/4 av det nya fodret med minst 3\/4 befintligt foder och \u00f6ka sedan successivt inblandningen av det nya fodret under \u00e5tminstone tv\u00e5 veckors tid. M\u00e4rker du under de f\u00f6rsta dagarna att katten f\u00e5r problem med exempelvis kr\u00e4kningar eller f\u00f6r\u00e4ndrad avf\u00f6ring g\u00e5r bytet troligtvis f\u00f6r snabbt. D\u00e5 beh\u00f6ver du ha en l\u00e4gre inblandning av det nya fodret fr\u00e5n start och eventuellt l\u00e5ta foderbytet ta l\u00e4ngre tid \u00e4n tv\u00e5 till fyra veckor.<\/p>\n<ul>\n<li><a title=\"Kattfoder\" href=\"https:\/\/bozita.com\/se\/kattfoder\/\">Se Bozitas urval av svenskproducerad kattmat &#8211; torrfoder och bl\u00f6tfoder<\/a><\/li>\n<\/ul>\n<h2>UNDVIK GODSAKER N\u00c4R DU BYTER FODER TILL KATTEN<\/h2>\n<p>Det \u00e4r bra om du undviker att ge din katt annan mat s\u00e5som godis eller matrester under tiden du byter foder. D\u00e5 blir det b\u00e5de lugnare i magen f\u00f6r katten under \u00f6verg\u00e5ngen och l\u00e4ttare f\u00f6r dig att h\u00e5lla koll p\u00e5 vad den f\u00e5r i sig.<\/p>\n<h2>BYTA FODER TILL EN KATTUNGE<\/h2>\n<p>Om du k\u00f6per kattunge av en uppf\u00f6dare \u00e4r det sannolikt att du f\u00e5r med instruktioner om hur kattungen ska \u00e4ta. Vill du \u00e4nd\u00e5 byta foder till kattungen s\u00e5 b\u00f6r du \u00e4ven h\u00e4r genomf\u00f6ra foderbytet l\u00e5ngsamt och stanna upp om kattungen f\u00e5r problem med magen eller reagerar p\u00e5 n\u00e5got annat s\u00e4tt. Kontrollera med uppf\u00f6daren vilket foder som anv\u00e4nts och forts\u00e4tt med det n\u00e4r du tagit hem kattungen, ett nytt hem \u00e4r en tillr\u00e4cklig f\u00f6r\u00e4ndring p\u00e5 en och samma g\u00e5ng. Efter ungef\u00e4r en m\u00e5nads tid, n\u00e4r katten k\u00e4nner sig trygg i sitt nya hem, kan du l\u00e5ngsamt b\u00f6rja bytet till det nya fodret.<\/p>\n<p>Rekommendationen \u00e4r att foderbytet ska ta minst tv\u00e5 veckor, g\u00e4rna fyra. Skulle kattungen matv\u00e4gra ska du inte v\u00e4nta till dess att den b\u00f6rjar \u00e4ta eftersom det kanske aldrig h\u00e4nder. \u00c5terg\u00e5 i st\u00e4llet till det tidigare fodret och f\u00f6rs\u00f6k igen vid ett senare tillf\u00e4lle eller testa en annan smak p\u00e5 det \u00f6nskade nya fodret.<\/p>\n<h2>TIDPLAN N\u00c4R DU BYTER FODER TILL EN KATTUNGE<\/h2>\n<ul>\n<li><strong>Dag 1-3:<\/strong> 20% nytt foder och 80% gammalt foder<\/li>\n<li><strong>Dag 4-7:<\/strong> 40% nytt foder och 60% gammalt foder<\/li>\n<li><strong>Dag 8-10:<\/strong> 60% nytt foder och 40% gammalt foder<\/li>\n<li><strong>Dag 11-14:<\/strong> 80% nytt foder och 20% gammalt foder<\/li>\n<li><strong>Dag 15 och fram\u00e5t:<\/strong> 100% nytt foder i sk\u00e5len<\/li>\n<\/ul>\n<h3>Bra mat till kattungar<\/h3>\n<ul>\n<li>Torrfoder: <a href=\"https:\/\/bozita.com\/se\/products\/bozita-kitten-spannmalsfri-kyckling\/\">Bozita Kitten spannm\u00e5lsfri kyckling<\/a><\/li>\n<li>V\u00e5tfoder: <a href=\"https:\/\/bozita.com\/se\/products\/bozita-kitten-bitar-i-gele\/\">Bozita kitten bitar i gel\u00e9<\/a><\/li>\n<\/ul>\n<p><strong>Bozita expert:\u00a0\u00c5sa L\u00f6fstrand, nutritionist och husdjursagronom<\/strong><\/p>\n\t\t\t<\/div>\n\t\t<\/div>\n\t<\/div>\n\n\n\n\t<section class=\"block related-articles\">\n\t\t<div class=\"container\">\n\t\t\t<h2>Relaterade artiklar<\/h2>\n\t\t\t<div class=\"row justify-content-center\">\n\t\t\t\t\t\t\t\t\t\t<div class=\"col-sm-6 col-md-6 col-lg-3\">\n\t\t\t\t\t\t\t\t\t\t\t\t\t\t<div class=\"card \">\n\t\t\t\t\t\t\t\t\t\t\t\t\t\t\t\t\t<img decoding=\"async\"  src=\"https:\/\/bozita.com\/se\/wp-content\/uploads\/sites\/5\/2021\/08\/bozita-katt-ater-inte-dricker-inte-krasen-dalig-aptit.jpg\" alt=\"\">\n\t\t\t\t\t\t\t\t\t\t\t\t\t\t\t\t\t<!-- <img decoding=\"async\" src=\"\n\t\t\t\t\t\t\t\t\t\t\t\t\t\t\t\t\t\t\t\t\" alt=\"\n\t\t\t\t\t\t\t\t\t\t\t\t\t\t\t\t\t\t\t\t\t\t\t\t\t\t\t\"> -->\n\t\t\t\t\t\t\t\t<div class=\"card-body\">\n\t\t\t\t\t\t\t\t\t\t\t\t\t\t\t\t\t\t\t<h6>Katt som inte \u00e4ter eller dricker?<\/h6>\n\t\t\t\t\t\t\t\t\t\t\t\t\t\t\t\t\t\t\t<a href=\"https:\/\/bozita.com\/se\/kattfoder\/nutrition-och-kost\/vad-ska-man-gora-med-en-katt-som-inte-ater-eller-dricker\/\">L\u00e4s mer &nbsp; ><\/a>\n\t\t\t\t\t\t\t\t<\/div>\n\t\t\t\t\t\t\t<\/div>\n\t\t\t\t\t\t<\/div>\n\n\t\t\t\t\t\t\t\t\t\t\t<div class=\"col-sm-6 col-md-6 col-lg-3\">\n\t\t\t\t\t\t\t\t\t\t\t\t\t\t<div class=\"card \">\n\t\t\t\t\t\t\t\t\t\t\t\t\t\t\t\t\t<img decoding=\"async\"  src=\"https:\/\/bozita.com\/se\/wp-content\/uploads\/sites\/5\/2021\/07\/bozita-katt-ratt-hull-guide.jpeg\" alt=\"\">\n\t\t\t\t\t\t\t\t\t\t\t\t\t\t\t\t\t<!-- <img decoding=\"async\" src=\"\n\t\t\t\t\t\t\t\t\t\t\t\t\t\t\t\t\t\t\t\t\" alt=\"\n\t\t\t\t\t\t\t\t\t\t\t\t\t\t\t\t\t\t\t\t\t\t\t\t\t\t\t\"> -->\n\t\t\t\t\t\t\t\t<div class=\"card-body\">\n\t\t\t\t\t\t\t\t\t\t\t\t\t\t\t\t\t\t\t<h6>Hur mycket ska en katt v\u00e4ga?<\/h6>\n\t\t\t\t\t\t\t\t\t\t\t\t\t\t\t\t\t\t\t<a href=\"https:\/\/bozita.com\/se\/katt\/kattens-halsa\/haller-din-katt-ratt-vikt-ta-hjalp-av-var-bedomningsguide\/\">L\u00e4s mer &nbsp; ><\/a>\n\t\t\t\t\t\t\t\t<\/div>\n\t\t\t\t\t\t\t<\/div>\n\t\t\t\t\t\t<\/div>\n\n\t\t\t\t\t\t\t\t\t\t\t<div class=\"col-sm-6 col-md-6 col-lg-3\">\n\t\t\t\t\t\t\t\t\t\t\t\t\t\t<div class=\"card \">\n\t\t\t\t\t\t\t\t\t\t\t\t\t\t\t\t\t<img decoding=\"async\"  src=\"https:\/\/bozita.com\/se\/wp-content\/uploads\/sites\/5\/2021\/08\/bozita-katter-ar-kottatare.jpg\" alt=\"\">\n\t\t\t\t\t\t\t\t\t\t\t\t\t\t\t\t\t<!-- <img decoding=\"async\" src=\"\n\t\t\t\t\t\t\t\t\t\t\t\t\t\t\t\t\t\t\t\t\" alt=\"\n\t\t\t\t\t\t\t\t\t\t\t\t\t\t\t\t\t\t\t\t\t\t\t\t\t\t\t\"> -->\n\t\t\t\t\t\t\t\t<div class=\"card-body\">\n\t\t\t\t\t\t\t\t\t\t\t\t\t\t\t\t\t\t\t<h6>Vad \u00e4ter katter?<\/h6>\n\t\t\t\t\t\t\t\t\t\t\t\t\t\t\t\t\t\t\t<a href=\"https:\/\/bozita.com\/se\/kattfoder\/nutrition-och-kost\/protein-och-starkelse-ar-viktiga-komponenter-i-en-katts-diet\/\">L\u00e4s mer &nbsp; ><\/a>\n\t\t\t\t\t\t\t\t<\/div>\n\t\t\t\t\t\t\t<\/div>\n\t\t\t\t\t\t<\/div>\n\n\t\t\t\t\t\t\t\t\t\t\t\t<\/div>\n\t\t<\/div>\n\t<\/section>\n","protected":false},"excerpt":{"rendered":"","protected":false},"author":1,"featured_media":3487,"parent":69,"menu_order":0,"comment_status":"closed","ping_status":"closed","template":"guternberg.php","meta":{"footnotes":""},"acf":[],"yoast_head":"<!-- This site is optimized with the Yoast SEO plugin v21.3 - https:\/\/yoast.com\/wordpress\/plugins\/seo\/ -->\n<title>Byta foder till katt eller kattunge. S\u00e5 g\u00f6r du | Bozita<\/title>\n<meta name=\"description\" content=\"Ska du byta foder till din katt eller kattunge, l\u00e5t det ta tid. Att byta kattmat f\u00f6r snabbt kan orsaka diarr\u00e9, kr\u00e4kningar och f\u00f6rstoppning. G\u00f6r s\u00e5 h\u00e4r.\" \/>\n<meta name=\"robots\" content=\"index, follow, max-snippet:-1, max-image-preview:large, max-video-preview:-1\" \/>\n<link rel=\"canonical\" href=\"https:\/\/bozita.com\/se\/kattfoder\/nutrition-och-kost\/hur-byter-man-foder-till-en-vuxen-katt\/\" \/>\n<meta property=\"og:locale\" content=\"sv_SE\" \/>\n<meta property=\"og:type\" content=\"article\" \/>\n<meta property=\"og:title\" content=\"Byta foder till katt eller kattunge. S\u00e5 g\u00f6r du | Bozita\" \/>\n<meta property=\"og:description\" content=\"Ska du byta foder till din katt eller kattunge, l\u00e5t det ta tid. Att byta kattmat f\u00f6r snabbt kan orsaka diarr\u00e9, kr\u00e4kningar och f\u00f6rstoppning. G\u00f6r s\u00e5 h\u00e4r.\" \/>\n<meta property=\"og:url\" content=\"https:\/\/bozita.com\/se\/kattfoder\/nutrition-och-kost\/hur-byter-man-foder-till-en-vuxen-katt\/\" \/>\n<meta property=\"og:site_name\" content=\"Bozita Sverige\" \/>\n<meta property=\"article:modified_time\" content=\"2021-08-26T21:33:32+00:00\" \/>\n<meta property=\"og:image\" content=\"https:\/\/bozita.com\/se\/wp-content\/uploads\/sites\/5\/2021\/08\/bozita-byta-foder-vuxen-katt.jpg\" \/>\n\t<meta property=\"og:image:width\" content=\"800\" \/>\n\t<meta property=\"og:image:height\" content=\"532\" \/>\n\t<meta property=\"og:image:type\" content=\"image\/jpeg\" \/>\n<meta name=\"twitter:card\" content=\"summary_large_image\" \/>\n<!-- \/ Yoast SEO plugin. -->","yoast_head_json":{"title":"Byta foder till katt eller kattunge. S\u00e5 g\u00f6r du | Bozita","description":"Ska du byta foder till din katt eller kattunge, l\u00e5t det ta tid. Att byta kattmat f\u00f6r snabbt kan orsaka diarr\u00e9, kr\u00e4kningar och f\u00f6rstoppning. G\u00f6r s\u00e5 h\u00e4r.","robots":{"index":"index","follow":"follow","max-snippet":"max-snippet:-1","max-image-preview":"max-image-preview:large","max-video-preview":"max-video-preview:-1"},"canonical":"https:\/\/bozita.com\/se\/kattfoder\/nutrition-och-kost\/hur-byter-man-foder-till-en-vuxen-katt\/","og_locale":"sv_SE","og_type":"article","og_title":"Byta foder till katt eller kattunge. S\u00e5 g\u00f6r du | Bozita","og_description":"Ska du byta foder till din katt eller kattunge, l\u00e5t det ta tid. Att byta kattmat f\u00f6r snabbt kan orsaka diarr\u00e9, kr\u00e4kningar och f\u00f6rstoppning. G\u00f6r s\u00e5 h\u00e4r.","og_url":"https:\/\/bozita.com\/se\/kattfoder\/nutrition-och-kost\/hur-byter-man-foder-till-en-vuxen-katt\/","og_site_name":"Bozita Sverige","article_modified_time":"2021-08-26T21:33:32+00:00","og_image":[{"width":800,"height":532,"url":"https:\/\/bozita.com\/se\/wp-content\/uploads\/sites\/5\/2021\/08\/bozita-byta-foder-vuxen-katt.jpg","type":"image\/jpeg"}],"twitter_card":"summary_large_image","schema":{"@context":"https:\/\/schema.org","@graph":[{"@type":"WebPage","@id":"https:\/\/bozita.com\/se\/kattfoder\/nutrition-och-kost\/hur-byter-man-foder-till-en-vuxen-katt\/","url":"https:\/\/bozita.com\/se\/kattfoder\/nutrition-och-kost\/hur-byter-man-foder-till-en-vuxen-katt\/","name":"Byta foder till katt eller kattunge. S\u00e5 g\u00f6r du | Bozita","isPartOf":{"@id":"https:\/\/bozita.com\/se\/#website"},"datePublished":"2021-06-22T21:57:19+00:00","dateModified":"2021-08-26T21:33:32+00:00","description":"Ska du byta foder till din katt eller kattunge, l\u00e5t det ta tid. Att byta kattmat f\u00f6r snabbt kan orsaka diarr\u00e9, kr\u00e4kningar och f\u00f6rstoppning. G\u00f6r s\u00e5 h\u00e4r.","breadcrumb":{"@id":"https:\/\/bozita.com\/se\/kattfoder\/nutrition-och-kost\/hur-byter-man-foder-till-en-vuxen-katt\/#breadcrumb"},"inLanguage":"sv-SE","potentialAction":[{"@type":"ReadAction","target":["https:\/\/bozita.com\/se\/kattfoder\/nutrition-och-kost\/hur-byter-man-foder-till-en-vuxen-katt\/"]}]},{"@type":"BreadcrumbList","@id":"https:\/\/bozita.com\/se\/kattfoder\/nutrition-och-kost\/hur-byter-man-foder-till-en-vuxen-katt\/#breadcrumb","itemListElement":[{"@type":"ListItem","position":1,"name":"Home","item":"https:\/\/bozita.com\/se\/"},{"@type":"ListItem","position":2,"name":"Kattfoder","item":"https:\/\/bozita.com\/se\/kattfoder\/"},{"@type":"ListItem","position":3,"name":"Nutrition och kost","item":"https:\/\/bozita.com\/se\/kattfoder\/nutrition-och-kost\/"},{"@type":"ListItem","position":4,"name":"Hur byter man foder till sin katt?"}]},{"@type":"WebSite","@id":"https:\/\/bozita.com\/se\/#website","url":"https:\/\/bozita.com\/se\/","name":"Bozita Sverige","description":"","potentialAction":[{"@type":"SearchAction","target":{"@type":"EntryPoint","urlTemplate":"https:\/\/bozita.com\/se\/?s={search_term_string}"},"query-input":"required name=search_term_string"}],"inLanguage":"sv-SE"}]}},"_links":{"self":[{"href":"https:\/\/bozita.com\/se\/wp-json\/wp\/v2\/pages\/1803"}],"collection":[{"href":"https:\/\/bozita.com\/se\/wp-json\/wp\/v2\/pages"}],"about":[{"href":"https:\/\/bozita.com\/se\/wp-json\/wp\/v2\/types\/page"}],"author":[{"embeddable":true,"href":"https:\/\/bozita.com\/se\/wp-json\/wp\/v2\/users\/1"}],"replies":[{"embeddable":true,"href":"https:\/\/bozita.com\/se\/wp-json\/wp\/v2\/comments?post=1803"}],"version-history":[{"count":13,"href":"https:\/\/bozita.com\/se\/wp-json\/wp\/v2\/pages\/1803\/revisions"}],"predecessor-version":[{"id":6005,"href":"https:\/\/bozita.com\/se\/wp-json\/wp\/v2\/pages\/1803\/revisions\/6005"}],"up":[{"embeddable":true,"href":"https:\/\/bozita.com\/se\/wp-json\/wp\/v2\/pages\/69"}],"wp:featuredmedia":[{"embeddable":true,"href":"https:\/\/bozita.com\/se\/wp-json\/wp\/v2\/media\/3487"}],"wp:attachment":[{"href":"https:\/\/bozita.com\/se\/wp-json\/wp\/v2\/media?parent=1803"}],"curies":[{"name":"wp","href":"https:\/\/api.w.org\/{rel}","templated":true}]}}