{"id":1834,"date":"2021-06-22T22:20:32","date_gmt":"2021-06-22T22:20:32","guid":{"rendered":"https:\/\/bozita.com\/se\/?page_id=1834"},"modified":"2021-08-26T21:02:18","modified_gmt":"2021-08-26T21:02:18","slug":"introducera-en-kattunge-eller-vuxen-katt-till-ett-nytt-hem","status":"publish","type":"page","link":"https:\/\/bozita.com\/se\/katt\/kopa-katt\/introducera-en-kattunge-eller-vuxen-katt-till-ett-nytt-hem\/","title":{"rendered":"Introducera en katt till ett nytt hem"},"content":{"rendered":"\t\t<section class=\"small-hero\">\n\t\t\t<div class=\"container\">\n\t\t\t\t<h1 class=\"small-hero-title\">Introducera en katt till ett nytt hem<\/h1>\t\t\t<\/div>\n\t\t\t<\/div>\n\t\t<\/section>\n\t\n\n\t<div class=\"text-box-warp\">\n\t\t<div class=\"container\">\n\t\t\t<div class=\"text-content\">\n\t\t\t\t<p>N\u00e4r du planerar f\u00f6r att ta hem din katt eller kattunge \u00e4r det mycket att t\u00e4nka p\u00e5. Som katt\u00e4gare \u00e4r du ansvarig f\u00f6r att ha den kunskap om kattens naturliga beteenden och behov som kr\u00e4vs enligt det djur\u00e4garansvar som finns i Sverige*. F\u00f6r att det ska blir lite enklare att introducera katten till sitt nya hem har vi skapat tv\u00e5 checklistor, en med praktiska f\u00f6rberedelser och en med tips p\u00e5 hur du bem\u00f6ter katten f\u00f6r att f\u00e5 den att k\u00e4nna sig hemma.<\/p>\n<p>N\u00e4r en katt ska introduceras till ett nytt hem \u00e4r det en stor omst\u00e4llning. Det viktigaste att t\u00e4nka p\u00e5 \u00e4r att du som katt\u00e4gare har m\u00f6jlighet att skapa en milj\u00f6 d\u00e4r katten kan k\u00e4nna igen sig och snabbare bli trygg.<\/p>\n<p>F\u00f6rs\u00f6k g\u00e4rna minimera f\u00f6r\u00e4ndringarna som katten uts\u00e4tts f\u00f6r vid sj\u00e4lva flytten. F\u00f6r att minska kattens oro n\u00e4r den introduceras i det nya hemmet b\u00f6r du som djur\u00e4gare ta reda p\u00e5 s\u00e5 mycket som m\u00f6jligt kring kattens tidigare milj\u00f6 och rutiner f\u00f6r att till en b\u00f6rjan efterlikna dessa. Fundera lite \u00f6ver vad katten \u00e4r van vid sedan tidigare och vad den har st\u00f6tt p\u00e5 under sitt liv. \u00c4r katten van vid barn? Har den levt med tillg\u00e5ng till utevistelse eller enbart inomhus? Detta kan skapa en f\u00f6rst\u00e5else f\u00f6r hur katten kommer att reagera.<\/p>\n<h2>INTRODUCERA KATTEN I DET NYA HEMMET &#8211; CHECKLISTA<\/h2>\n<ol>\n<li><strong>Finns alla resurser som katten beh\u00f6ver p\u00e5 plats?<\/strong><br \/>\nAtt ta in nya saker i hemmet kan orsaka stress hos en katt, framf\u00f6rallt i en milj\u00f6 som f\u00f6r \u00f6vrigt \u00e4r ok\u00e4nd och ny. D\u00e4rf\u00f6r \u00e4r det b\u00e4ttre att s\u00e5 mycket som m\u00f6jligt finns p\u00e5 plats redan fr\u00e5n b\u00f6rjan innan du introducerar din katt till sitt nya hem. Se till att du har kattl\u00e5dor, mat- och vattensk\u00e5l med mera p\u00e5 plats. Bra tips \u00e4r ocks\u00e5 att se till att fortsatt utfodra med samma foder, anv\u00e4nda samma kattstr\u00f6 till kattl\u00e5dan och h\u00e5lla rutinerna kring sk\u00f6tsel och hantering som katten \u00e4r van vid.<\/p>\n<p><strong>Vidare l\u00e4sning<\/strong><br \/>\n<a title=\"Hur byter man foder till en vuxen katt?\" href=\"https:\/\/bozita.com\/se\/kattfoder\/nutrition-och-kost\/hur-byter-man-foder-till-en-vuxen-katt\/\" >Byta foder till en katt \u2013 det h\u00e4r b\u00f6r du t\u00e4nka p\u00e5<\/a><\/li>\n<li><strong>Finns saker fr\u00e5n det gamla hemmet f\u00f6r att skapa trygghet?<\/strong><br \/>\nDu kan skapa en trygg milj\u00f6 f\u00f6r katten genom att sprida kattens doft i hemmet. Ta till exempel med en filt, kudde eller leksak fr\u00e5n det gamla hemmet och gnugga mot strategiska platser i hemmet &#8211; platser som katter skulle anv\u00e4nda f\u00f6r att doftmarkera s\u00e5som kanter p\u00e5 m\u00f6bler, h\u00f6rn eller runt ing\u00e5ngar och kattluckor. Anv\u00e4nd \u00e4ven g\u00e4rna produkter som katten k\u00e4nner igen fr\u00e5n sitt tidigare hem s\u00e5som liknande kattl\u00e5da, matsk\u00e5l, vattensk\u00e5l och g\u00f6mst\u00e4lle. Om det inte \u00e4r m\u00f6jligt att f\u00e5 med sig f\u00f6rem\u00e5l fr\u00e5n det tidigare hemmet g\u00e5r det \u00e4ven bra att samla den k\u00e4nda doften p\u00e5 nya f\u00f6rem\u00e5l.<\/p>\n<p>Det \u00e4r viktigt att skapa m\u00f6jligheten f\u00f6r en katt att ta sig h\u00f6gt upp och g\u00e4rna \u00e4ven ta sig runt ovanf\u00f6r golvniv\u00e5. Till en b\u00f6rjan kan det vara bra att plocka undan \u00f6mt\u00e5liga f\u00f6rem\u00e5l som finns p\u00e5 f\u00f6nsterbr\u00e4dor eller i bokhyllor. Detta \u00e4r speciellt viktigt f\u00f6r kattungar och yngre katter som ofta \u00e4ven anv\u00e4nder det tredimensionella utrymmet f\u00f6r aktivitet och lek.<\/li>\n<li><strong>Har hemmet riskbed\u00f6mts f\u00f6r att minska risken f\u00f6r olyckor och skador?<\/strong><br \/>\nAtt plocka undan giftiga v\u00e4xter samt \u00f6mt\u00e5liga f\u00f6rem\u00e5l \u00e4r ett s\u00e4tt att f\u00f6rs\u00f6ka f\u00f6rutsp\u00e5 risker och \u00e5tg\u00e4rda dessa. G\u00f6r detta innan du introducerar din katt i ett nytt hem. Det \u00e4r \u00e4ven bra att fundera p\u00e5 om det finns st\u00e4llen som en katt kan ta sig in av nyfikenhet eller r\u00e4dsla och d\u00e4r den sedan kan fastna, till exempel bakom en frysbox eller tv\u00e4ttmaskin.<\/li>\n<\/ol>\n<h2>\nHUR BEM\u00d6TER DU B\u00c4ST DIN NYA KATT DEN F\u00d6RSTA TIDEN?<\/h2>\n<ol>\n<li><strong>Plan f\u00f6r att introducera katten till hemmet och familjen<\/strong><br \/>\nVid sj\u00e4lva introduktionen \u00e4r det bra om du p\u00e5b\u00f6rjar denna i en begr\u00e4nsad del av hemmet s\u00e5som ett rum. V\u00e4lj ett rum som kan fungera bra som kattens trygga bas \u00e4ven i framtiden och som kan anv\u00e4ndas som utg\u00e5ngspunkt f\u00f6r katten n\u00e4r den l\u00e4r k\u00e4nna resterande delar av hemmet. I detta introduktionsrum ska allt som katten beh\u00f6ver finnas tillg\u00e4ngligt &#8211; kattl\u00e5da, g\u00f6mst\u00e4llen, mjuka sovplatser, mat och vatten, leksaker och vid tillf\u00e4llen m\u00f6jlighet till interaktioner med m\u00e4nniskor.<\/p>\n<p>V\u00e4nj katten h\u00e4r under n\u00e5gra dagar eller tills katten verkar ha lugnat sig. L\u00e5t familjemedlemmar tr\u00e4ffa katten under lugna f\u00f6rh\u00e5llanden i detta rum. T\u00e4nk p\u00e5 att l\u00e5ta katten styra kontakten.<\/p>\n<p>N\u00e4r katten vant sig vid sitt rum och tr\u00e4ffat resterande familj kan du introducera din katt i resten av hemmet. Efter hand kan kattens kattl\u00e5da, mat- och vattensk\u00e5l spridas ut till permanenta platser.<\/li>\n<li><strong>M\u00f6jligg\u00f6r vila, aktivitet och lek och att dra sig undan om den blir r\u00e4dd<\/strong><br \/>\nN\u00e4r man introducerar en katt till ett nytt hem ska man skapa m\u00f6jlighet f\u00f6r vila, aktivitet och lek. Men katten ska ocks\u00e5 ha m\u00f6jlighet att dra sig undan f\u00f6r att vila ost\u00f6rt n\u00e4r den beh\u00f6ver det.<\/p>\n<p><a title=\"Aktivera katten f\u00f6r att den ska m\u00e5 bra\" href=\"https:\/\/bozita.com\/se\/katt\/aktivera-katten\/aktivera-katten-for-att-den-ska-ma-bra\/\" >L\u00e4s mer om hur du aktiverar din katt<\/a><\/p>\n<p>Lek alltid ifr\u00e5n kroppen, till exempel genom att kasta iv\u00e4g en leksak. Lek aldrig direkt med h\u00e4nder eller f\u00f6tter eftersom detta kan skapa problem hos den vuxna katten s\u00e5som att katten b\u00f6rjar uppvisa ett beteende mot m\u00e4nniskor som kan tolkas som aggression.<\/li>\n<li><strong>F\u00e5 katten att lyssna till dig och k\u00e4nna sig trygg<br \/>\n<\/strong>Det kan vara bra att tr\u00e4na inkallning med katten redan n\u00e4r du introducerar katten till sitt nya hem. Det vill s\u00e4ga tr\u00e4na p\u00e5 att katten lyssnar till sitt namn och kommer n\u00e4r du kallar. Detta g\u00f6r du enkelt genom att s\u00e4ga kattens namn och direkt ge en godbit. Upprepa tills du upplever att du f\u00e5r en reaktion n\u00e4r du anv\u00e4nder kommandot, att katten reagerar p\u00e5 sitt namn och letar efter sin bel\u00f6ning.<\/p>\n<p>\u00d6ka avst\u00e5ndet mellan dig och katten efterhand och t\u00e4nk p\u00e5\u00a0att endast tr\u00e4na genom att bel\u00f6na beteenden du \u00f6nskar. Allt annat ignorerar du!<\/li>\n<\/ol>\n<p>N\u00e4r du introducerar en katt i ett nytt hem kommer den att uppleva en viss stress och r\u00e4dsla oavsett hur v\u00e4l f\u00f6rberett hemmet \u00e4r. Det kan inneb\u00e4ra att den kommer g\u00f6mma sig en stor del av tiden. Kom ih\u00e5g att det \u00e4r okej, detta \u00e4r en strategi som katter anv\u00e4nder f\u00f6r att skapa kontroll \u00f6ver situationen.<\/p>\n<p>* Mer information om ditt ansvar som djurh\u00e5llare i Sverige finns p\u00e5 <a href=\"https:\/\/djur.jordbruksverket.se\/amnesomraden\/djur\/djurskydd\/duansvararfordinadjur.4.50fac94e137b6809084800074.html\" target=\"_blank\" rel=\"noopener\">Jordbruksverkets hemsida<\/a>.<\/p>\n\t\t\t<\/div>\n\t\t<\/div>\n\t<\/div>\n\n\n\n\t<section class=\"block related-articles\">\n\t\t<div class=\"container\">\n\t\t\t<h2>Relaterade artiklar<\/h2>\n\t\t\t<div class=\"row justify-content-center\">\n\t\t\t\t\t\t\t\t\t\t<div class=\"col-sm-6 col-md-6 col-lg-3\">\n\t\t\t\t\t\t\t\t\t\t\t\t\t\t<div class=\"card \">\n\t\t\t\t\t\t\t\t\t\t\t\t\t\t\t\t\t<img decoding=\"async\"  src=\"https:\/\/bozita.com\/se\/wp-content\/uploads\/sites\/5\/2021\/08\/bozita-katt-rumsren-ga-pa-ladan.jpg\" alt=\"\">\n\t\t\t\t\t\t\t\t\t\t\t\t\t\t\t\t\t<!-- <img decoding=\"async\" src=\"\n\t\t\t\t\t\t\t\t\t\t\t\t\t\t\t\t\t\t\t\t\" alt=\"\n\t\t\t\t\t\t\t\t\t\t\t\t\t\t\t\t\t\t\t\t\t\t\t\t\t\t\t\"> -->\n\t\t\t\t\t\t\t\t<div class=\"card-body\">\n\t\t\t\t\t\t\t\t\t\t\t\t\t\t\t\t\t\t\t<h6>Hur f\u00e5r man en katt rumsren?<\/h6>\n\t\t\t\t\t\t\t\t\t\t\t\t\t\t\t\t\t\t\t<a href=\"https:\/\/bozita.com\/se\/katt\/kopa-katt\/hur-far-man-en-katt-rumsren\/\">L\u00e4s mer &nbsp; ><\/a>\n\t\t\t\t\t\t\t\t<\/div>\n\t\t\t\t\t\t\t<\/div>\n\t\t\t\t\t\t<\/div>\n\n\t\t\t\t\t\t\t\t\t\t\t<div class=\"col-sm-6 col-md-6 col-lg-3\">\n\t\t\t\t\t\t\t\t\t\t\t\t\t\t<div class=\"card \">\n\t\t\t\t\t\t\t\t\t\t\t\t\t\t\t\t\t<img decoding=\"async\"  src=\"https:\/\/bozita.com\/se\/wp-content\/uploads\/sites\/5\/2021\/08\/bozita-lamna-katt-ensam.jpg\" alt=\"\">\n\t\t\t\t\t\t\t\t\t\t\t\t\t\t\t\t\t<!-- <img decoding=\"async\" src=\"\n\t\t\t\t\t\t\t\t\t\t\t\t\t\t\t\t\t\t\t\t\" alt=\"\n\t\t\t\t\t\t\t\t\t\t\t\t\t\t\t\t\t\t\t\t\t\t\t\t\t\t\t\"> -->\n\t\t\t\t\t\t\t\t<div class=\"card-body\">\n\t\t\t\t\t\t\t\t\t\t\t\t\t\t\t\t\t\t\t<h6>Hur l\u00e4nge kan man l\u00e4mna en katt ensam?<\/h6>\n\t\t\t\t\t\t\t\t\t\t\t\t\t\t\t\t\t\t\t<a href=\"https:\/\/bozita.com\/se\/katt\/kopa-katt\/hur-lange-kan-man-lamna-en-katt-ensam\/\">L\u00e4s mer &nbsp; ><\/a>\n\t\t\t\t\t\t\t\t<\/div>\n\t\t\t\t\t\t\t<\/div>\n\t\t\t\t\t\t<\/div>\n\n\t\t\t\t\t\t\t\t\t\t\t<div class=\"col-sm-6 col-md-6 col-lg-3\">\n\t\t\t\t\t\t\t\t\t\t\t\t\t\t<div class=\"card \">\n\t\t\t\t\t\t\t\t\t\t\t\t\t\t\t\t\t<img decoding=\"async\"  src=\"https:\/\/bozita.com\/se\/wp-content\/uploads\/sites\/5\/2021\/08\/bozita_swedish-natural-quality.jpg\" alt=\"\">\n\t\t\t\t\t\t\t\t\t\t\t\t\t\t\t\t\t<!-- <img decoding=\"async\" src=\"\n\t\t\t\t\t\t\t\t\t\t\t\t\t\t\t\t\t\t\t\t\" alt=\"\n\t\t\t\t\t\t\t\t\t\t\t\t\t\t\t\t\t\t\t\t\t\t\t\t\t\t\t\"> -->\n\t\t\t\t\t\t\t\t<div class=\"card-body\">\n\t\t\t\t\t\t\t\t\t\t\t\t\t\t\t\t\t\t\t<h6>N\u00e4r kan man sl\u00e4ppa ut kattungen f\u00f6rsta g\u00e5ngen?<\/h6>\n\t\t\t\t\t\t\t\t\t\t\t\t\t\t\t\t\t\t\t<a href=\"https:\/\/bozita.com\/se\/katt\/kopa-katt\/nar-kan-man-slappa-ut-kattungen-forsta-gangen\/\">L\u00e4s mer &nbsp; ><\/a>\n\t\t\t\t\t\t\t\t<\/div>\n\t\t\t\t\t\t\t<\/div>\n\t\t\t\t\t\t<\/div>\n\n\t\t\t\t\t\t\t\t\t\t\t\t<\/div>\n\t\t<\/div>\n\t<\/section>\n","protected":false},"excerpt":{"rendered":"","protected":false},"author":1,"featured_media":3511,"parent":75,"menu_order":0,"comment_status":"closed","ping_status":"closed","template":"guternberg.php","meta":{"footnotes":""},"acf":[],"yoast_head":"<!-- This site is optimized with the Yoast SEO plugin v21.3 - https:\/\/yoast.com\/wordpress\/plugins\/seo\/ -->\n<title>Introducera katt till nytt hem och var f\u00f6rberedd | Bozita<\/title>\n<meta name=\"description\" content=\"Var f\u00f6rberedd och redo att introducera en katt i ett nytt hem innan den flyttar in. Stressen blir mindre och katten k\u00e4nner sig hemma. Se checklista.\" \/>\n<meta name=\"robots\" content=\"index, follow, max-snippet:-1, max-image-preview:large, max-video-preview:-1\" \/>\n<link rel=\"canonical\" href=\"https:\/\/bozita.com\/se\/katt\/kopa-katt\/introducera-en-kattunge-eller-vuxen-katt-till-ett-nytt-hem\/\" \/>\n<meta property=\"og:locale\" content=\"sv_SE\" \/>\n<meta property=\"og:type\" content=\"article\" \/>\n<meta property=\"og:title\" content=\"Introducera katt till nytt hem och var f\u00f6rberedd | Bozita\" \/>\n<meta property=\"og:description\" content=\"Var f\u00f6rberedd och redo att introducera en katt i ett nytt hem innan den flyttar in. Stressen blir mindre och katten k\u00e4nner sig hemma. Se checklista.\" \/>\n<meta property=\"og:url\" content=\"https:\/\/bozita.com\/se\/katt\/kopa-katt\/introducera-en-kattunge-eller-vuxen-katt-till-ett-nytt-hem\/\" \/>\n<meta property=\"og:site_name\" content=\"Bozita Sverige\" \/>\n<meta property=\"article:modified_time\" content=\"2021-08-26T21:02:18+00:00\" \/>\n<meta property=\"og:image\" content=\"https:\/\/bozita.com\/se\/wp-content\/uploads\/sites\/5\/2021\/08\/bozita-introducera-katt-till-nytt-hem.jpg\" \/>\n\t<meta property=\"og:image:width\" content=\"800\" \/>\n\t<meta property=\"og:image:height\" content=\"533\" \/>\n\t<meta property=\"og:image:type\" content=\"image\/jpeg\" \/>\n<meta name=\"twitter:card\" content=\"summary_large_image\" \/>\n<!-- \/ Yoast SEO plugin. -->","yoast_head_json":{"title":"Introducera katt till nytt hem och var f\u00f6rberedd | Bozita","description":"Var f\u00f6rberedd och redo att introducera en katt i ett nytt hem innan den flyttar in. Stressen blir mindre och katten k\u00e4nner sig hemma. Se checklista.","robots":{"index":"index","follow":"follow","max-snippet":"max-snippet:-1","max-image-preview":"max-image-preview:large","max-video-preview":"max-video-preview:-1"},"canonical":"https:\/\/bozita.com\/se\/katt\/kopa-katt\/introducera-en-kattunge-eller-vuxen-katt-till-ett-nytt-hem\/","og_locale":"sv_SE","og_type":"article","og_title":"Introducera katt till nytt hem och var f\u00f6rberedd | Bozita","og_description":"Var f\u00f6rberedd och redo att introducera en katt i ett nytt hem innan den flyttar in. Stressen blir mindre och katten k\u00e4nner sig hemma. Se checklista.","og_url":"https:\/\/bozita.com\/se\/katt\/kopa-katt\/introducera-en-kattunge-eller-vuxen-katt-till-ett-nytt-hem\/","og_site_name":"Bozita Sverige","article_modified_time":"2021-08-26T21:02:18+00:00","og_image":[{"width":800,"height":533,"url":"https:\/\/bozita.com\/se\/wp-content\/uploads\/sites\/5\/2021\/08\/bozita-introducera-katt-till-nytt-hem.jpg","type":"image\/jpeg"}],"twitter_card":"summary_large_image","schema":{"@context":"https:\/\/schema.org","@graph":[{"@type":"WebPage","@id":"https:\/\/bozita.com\/se\/katt\/kopa-katt\/introducera-en-kattunge-eller-vuxen-katt-till-ett-nytt-hem\/","url":"https:\/\/bozita.com\/se\/katt\/kopa-katt\/introducera-en-kattunge-eller-vuxen-katt-till-ett-nytt-hem\/","name":"Introducera katt till nytt hem och var f\u00f6rberedd | Bozita","isPartOf":{"@id":"https:\/\/bozita.com\/se\/#website"},"datePublished":"2021-06-22T22:20:32+00:00","dateModified":"2021-08-26T21:02:18+00:00","description":"Var f\u00f6rberedd och redo att introducera en katt i ett nytt hem innan den flyttar in. Stressen blir mindre och katten k\u00e4nner sig hemma. Se checklista.","breadcrumb":{"@id":"https:\/\/bozita.com\/se\/katt\/kopa-katt\/introducera-en-kattunge-eller-vuxen-katt-till-ett-nytt-hem\/#breadcrumb"},"inLanguage":"sv-SE","potentialAction":[{"@type":"ReadAction","target":["https:\/\/bozita.com\/se\/katt\/kopa-katt\/introducera-en-kattunge-eller-vuxen-katt-till-ett-nytt-hem\/"]}]},{"@type":"BreadcrumbList","@id":"https:\/\/bozita.com\/se\/katt\/kopa-katt\/introducera-en-kattunge-eller-vuxen-katt-till-ett-nytt-hem\/#breadcrumb","itemListElement":[{"@type":"ListItem","position":1,"name":"Home","item":"https:\/\/bozita.com\/se\/"},{"@type":"ListItem","position":2,"name":"Livet med katt","item":"https:\/\/bozita.com\/se\/katt\/"},{"@type":"ListItem","position":3,"name":"Till dig som ska skaffa katt","item":"https:\/\/bozita.com\/se\/katt\/kopa-katt\/"},{"@type":"ListItem","position":4,"name":"Introducera en katt till ett nytt hem"}]},{"@type":"WebSite","@id":"https:\/\/bozita.com\/se\/#website","url":"https:\/\/bozita.com\/se\/","name":"Bozita Sverige","description":"","potentialAction":[{"@type":"SearchAction","target":{"@type":"EntryPoint","urlTemplate":"https:\/\/bozita.com\/se\/?s={search_term_string}"},"query-input":"required name=search_term_string"}],"inLanguage":"sv-SE"}]}},"_links":{"self":[{"href":"https:\/\/bozita.com\/se\/wp-json\/wp\/v2\/pages\/1834"}],"collection":[{"href":"https:\/\/bozita.com\/se\/wp-json\/wp\/v2\/pages"}],"about":[{"href":"https:\/\/bozita.com\/se\/wp-json\/wp\/v2\/types\/page"}],"author":[{"embeddable":true,"href":"https:\/\/bozita.com\/se\/wp-json\/wp\/v2\/users\/1"}],"replies":[{"embeddable":true,"href":"https:\/\/bozita.com\/se\/wp-json\/wp\/v2\/comments?post=1834"}],"version-history":[{"count":9,"href":"https:\/\/bozita.com\/se\/wp-json\/wp\/v2\/pages\/1834\/revisions"}],"predecessor-version":[{"id":4061,"href":"https:\/\/bozita.com\/se\/wp-json\/wp\/v2\/pages\/1834\/revisions\/4061"}],"up":[{"embeddable":true,"href":"https:\/\/bozita.com\/se\/wp-json\/wp\/v2\/pages\/75"}],"wp:featuredmedia":[{"embeddable":true,"href":"https:\/\/bozita.com\/se\/wp-json\/wp\/v2\/media\/3511"}],"wp:attachment":[{"href":"https:\/\/bozita.com\/se\/wp-json\/wp\/v2\/media?parent=1834"}],"curies":[{"name":"wp","href":"https:\/\/api.w.org\/{rel}","templated":true}]}}