{"id":1841,"date":"2021-06-22T22:33:04","date_gmt":"2021-06-22T22:33:04","guid":{"rendered":"https:\/\/bozita.com\/se\/?page_id=1841"},"modified":"2021-08-26T21:01:34","modified_gmt":"2021-08-26T21:01:34","slug":"hur-far-man-en-katt-rumsren","status":"publish","type":"page","link":"https:\/\/bozita.com\/se\/katt\/kopa-katt\/hur-far-man-en-katt-rumsren\/","title":{"rendered":"Hur f\u00e5r man en katt rumsren?"},"content":{"rendered":"\t\t<section class=\"small-hero\">\n\t\t\t<div class=\"container\">\n\t\t\t\t<h1 class=\"small-hero-title\">Hur f\u00e5r man en katt rumsren?<\/h1>\t\t\t<\/div>\n\t\t\t<\/div>\n\t\t<\/section>\n\t\n\n\t<div class=\"text-box-warp\">\n\t\t<div class=\"container\">\n\t\t\t<div class=\"text-content\">\n\t\t\t\t<p><strong>Katter \u00e4r k\u00e4nda f\u00f6r att vara renliga djur och att l\u00e4ra sin katt eller kattunge att g\u00e5 p\u00e5 l\u00e5dan brukar d\u00e4rf\u00f6r inte vara alltf\u00f6r sv\u00e5rt. Det finns \u00e4nd\u00e5 n\u00e5gra saker som kan vara bra att t\u00e4nka p\u00e5 f\u00f6r att f\u00e5 en katt rumsren, att anv\u00e4nda kattl\u00e5dan eller att utr\u00e4tta sina behov p\u00e5 r\u00e4tt plats i sitt nya hem.<\/strong><\/p>\n<h2>TR\u00c4NA KATTEN ATT G\u00c5 P\u00c5 L\u00c5DAN<\/h2>\n<p>Att g\u00e5 p\u00e5 l\u00e5dan \u00e4r inte naturligt p\u00e5 samma s\u00e4tt som att utr\u00e4tta behoven utomhus och det kr\u00e4vs d\u00e4rf\u00f6r \u2013 som med s\u00e5 mycket annat \u2013 lite tr\u00e4ning.<\/p>\n<p>Ofta beh\u00f6ver du inte sj\u00e4lv l\u00e4ra kattungar att g\u00e5 p\u00e5 l\u00e5da. En kattunge som du h\u00e4mtat fr\u00e5n en uppf\u00f6dare kan n\u00e4mligen f\u00f6rhoppningsvis redan det d\u00e4r med att g\u00e5 p\u00e5 l\u00e5dan, men till en b\u00f6rjan kan det vara sv\u00e5rt att hitta till r\u00e4tt st\u00e4lle i ett nytt hem. Lyft g\u00e4rna dit kattungen och l\u00e5t den unders\u00f6ka platsen sj\u00e4lv. Ett bra tips \u00e4r att g\u00f6ra det efter att den \u00e4tit. Det \u00e4r oftast d\u00e5 en katt beh\u00f6ver utr\u00e4tta sina behov.<\/p>\n<p>Om kattungen s\u00e4tter sig ner f\u00f6r att kissa p\u00e5 fel st\u00e4lle plockar du f\u00f6rsiktigt upp den och placerar den i kattl\u00e5dan.<\/p>\n<p>Det \u00e4r viktigt att du har t\u00e5lamod n\u00e4r du ska f\u00e5 en katt rumsren. Uppmuntra katten efter att den anv\u00e4nt l\u00e5dan. Se d\u00e4remot till att inte st\u00f6ra katten under tiden den utr\u00e4ttar sina behov. Det kan g\u00f6ra den obekv\u00e4m.<\/p>\n<h2>PLACERA KATTL\u00c5DAN R\u00c4TT<\/h2>\n<p>F\u00f6r att l\u00e4ra din katt att g\u00e5 p\u00e5 l\u00e5dan ska du placera kattl\u00e5dan s\u00e5 att din katt inte beh\u00f6ver leta efter den men samtidigt s\u00e5 pass avsides att den inte k\u00e4nner sig uttittad eller obekv\u00e4m. Katter vill vara ifred n\u00e4r de utr\u00e4ttar sina behov.<\/p>\n<p>Se till att st\u00e4lla kattl\u00e5dan och mat- och vattensk\u00e5l i tv\u00e5 olika rum. Ingen vill g\u00e5 p\u00e5 toaletten i samma rum som man \u00e4ter, inte heller katter.<\/p>\n<h2>OM DIN KATT INTE VILL ANV\u00c4NDA KATTL\u00c5DAN<\/h2>\n<p>Skulle din katt pl\u00f6tsligt b\u00f6rjar utr\u00e4tta sina behov p\u00e5 fel st\u00e4lle finns det f\u00f6rmodligen en naturlig f\u00f6rklaring till att din katt inte h\u00e5ller sig rumsren.<\/p>\n<ul>\n<li><strong>H\u00e5ll rent!<\/strong> \u2013 En av de viktigaste faktorerna f\u00f6r att katten ska vilja anv\u00e4nda kattl\u00e5dan \u00e4r att den \u00e4r ren. En smutsig kattl\u00e5da kan d\u00e4rf\u00f6r vara en stor anledning till att katten ratar den. Ta bort avf\u00f6ring och urin dagligen och byt kattsand ofta. Vid byte av kattsand b\u00f6r l\u00e5dan reng\u00f6ras noggrant med diskmedel eller annat milt reng\u00f6ringsmedel.<\/li>\n<li><strong>Minst en kattl\u00e5da per katt, g\u00e4rna flera<\/strong> \u2013 T\u00e4nk p\u00e5 att ha minst en kattl\u00e5da per katt, g\u00e4rna en extra. Har du en katt kan det d\u00e4rmed vara en god id\u00e9 att ha tv\u00e5 kattl\u00e5dor.<\/li>\n<li><strong>Tillr\u00e4ckligt med kattsand<\/strong> \u2013 Det m\u00e5ste finnas tillr\u00e4ckligt med sand i l\u00e5dan \u2013 g\u00e4rna 8-10 cm djupt s\u00e5 att katten kan gr\u00e4va ordentligt.<\/li>\n<li><strong>Byt typ av kattsand<\/strong>\u00a0\u2013 Testa en annan kattsand. Faktorer som doft eller storlek p\u00e5 sandkornen kan vara avg\u00f6rande.<\/li>\n<li><strong>Byt typ av kattl\u00e5da<\/strong> \u2013 Testa att byta kattl\u00e5da helt. En f\u00f6r liten l\u00e5da d\u00e4r din katt inte kan r\u00f6ra sig ordentligt kan f\u00e5 katten att inte vilja anv\u00e4nda den \u00f6verhuvudtaget.<\/li>\n<li><strong>Har det skett stora f\u00f6r\u00e4ndringar?<\/strong> \u2013 Fundera p\u00e5 om det skett n\u00e5gon f\u00f6r\u00e4ndring i kattens liv eller i hemmet som kan vara orsaken till att den kissar utanf\u00f6r l\u00e5dan.<\/li>\n<\/ul>\n\t\t\t<\/div>\n\t\t<\/div>\n\t<\/div>\n\n\n\n\t<section class=\"block related-articles\">\n\t\t<div class=\"container\">\n\t\t\t<h2>Relaterade artiklar<\/h2>\n\t\t\t<div class=\"row justify-content-center\">\n\t\t\t\t\t\t\t\t\t\t<div class=\"col-sm-6 col-md-6 col-lg-3\">\n\t\t\t\t\t\t\t\t\t\t\t\t\t\t<div class=\"card \">\n\t\t\t\t\t\t\t\t\t\t\t\t\t\t\t\t\t<img decoding=\"async\"  src=\"https:\/\/bozita.com\/se\/wp-content\/uploads\/sites\/5\/2021\/08\/bozita-introducera-katt-till-nytt-hem.jpg\" alt=\"\">\n\t\t\t\t\t\t\t\t\t\t\t\t\t\t\t\t\t<!-- <img decoding=\"async\" src=\"\n\t\t\t\t\t\t\t\t\t\t\t\t\t\t\t\t\t\t\t\t\" alt=\"\n\t\t\t\t\t\t\t\t\t\t\t\t\t\t\t\t\t\t\t\t\t\t\t\t\t\t\t\"> -->\n\t\t\t\t\t\t\t\t<div class=\"card-body\">\n\t\t\t\t\t\t\t\t\t\t\t\t\t\t\t\t\t\t\t<h6>Introducera en katt till ett nytt hem<\/h6>\n\t\t\t\t\t\t\t\t\t\t\t\t\t\t\t\t\t\t\t<a href=\"https:\/\/bozita.com\/se\/katt\/kopa-katt\/introducera-en-kattunge-eller-vuxen-katt-till-ett-nytt-hem\/\">L\u00e4s mer &nbsp; ><\/a>\n\t\t\t\t\t\t\t\t<\/div>\n\t\t\t\t\t\t\t<\/div>\n\t\t\t\t\t\t<\/div>\n\n\t\t\t\t\t\t\t\t\t\t\t<div class=\"col-sm-6 col-md-6 col-lg-3\">\n\t\t\t\t\t\t\t\t\t\t\t\t\t\t<div class=\"card \">\n\t\t\t\t\t\t\t\t\t\t\t\t\t\t\t\t\t<img decoding=\"async\"  src=\"https:\/\/bozita.com\/se\/wp-content\/uploads\/sites\/5\/2021\/08\/bozita-lamna-katt-ensam.jpg\" alt=\"\">\n\t\t\t\t\t\t\t\t\t\t\t\t\t\t\t\t\t<!-- <img decoding=\"async\" src=\"\n\t\t\t\t\t\t\t\t\t\t\t\t\t\t\t\t\t\t\t\t\" alt=\"\n\t\t\t\t\t\t\t\t\t\t\t\t\t\t\t\t\t\t\t\t\t\t\t\t\t\t\t\"> -->\n\t\t\t\t\t\t\t\t<div class=\"card-body\">\n\t\t\t\t\t\t\t\t\t\t\t\t\t\t\t\t\t\t\t<h6>Hur l\u00e4nge kan man l\u00e4mna en katt ensam?<\/h6>\n\t\t\t\t\t\t\t\t\t\t\t\t\t\t\t\t\t\t\t<a href=\"https:\/\/bozita.com\/se\/katt\/kopa-katt\/hur-lange-kan-man-lamna-en-katt-ensam\/\">L\u00e4s mer &nbsp; ><\/a>\n\t\t\t\t\t\t\t\t<\/div>\n\t\t\t\t\t\t\t<\/div>\n\t\t\t\t\t\t<\/div>\n\n\t\t\t\t\t\t\t\t\t\t\t<div class=\"col-sm-6 col-md-6 col-lg-3\">\n\t\t\t\t\t\t\t\t\t\t\t\t\t\t<div class=\"card \">\n\t\t\t\t\t\t\t\t\t\t\t\t\t\t\t\t\t<img decoding=\"async\"  src=\"https:\/\/bozita.com\/se\/wp-content\/uploads\/sites\/5\/2021\/08\/bozita-kattens-kroppssprak.jpg\" alt=\"\">\n\t\t\t\t\t\t\t\t\t\t\t\t\t\t\t\t\t<!-- <img decoding=\"async\" src=\"\n\t\t\t\t\t\t\t\t\t\t\t\t\t\t\t\t\t\t\t\t\" alt=\"\n\t\t\t\t\t\t\t\t\t\t\t\t\t\t\t\t\t\t\t\t\t\t\t\t\t\t\t\"> -->\n\t\t\t\t\t\t\t\t<div class=\"card-body\">\n\t\t\t\t\t\t\t\t\t\t\t\t\t\t\t\t\t\t\t<h6>Katters beteende och kroppsspr\u00e5k<\/h6>\n\t\t\t\t\t\t\t\t\t\t\t\t\t\t\t\t\t\t\t<a href=\"https:\/\/bozita.com\/se\/katt\/kattens-utveckling\/lar-dig-tolka-din-katts-kroppssprak-och-beteenden\/\">L\u00e4s mer &nbsp; ><\/a>\n\t\t\t\t\t\t\t\t<\/div>\n\t\t\t\t\t\t\t<\/div>\n\t\t\t\t\t\t<\/div>\n\n\t\t\t\t\t\t\t\t\t\t\t\t<\/div>\n\t\t<\/div>\n\t<\/section>\n","protected":false},"excerpt":{"rendered":"","protected":false},"author":1,"featured_media":3501,"parent":75,"menu_order":0,"comment_status":"closed","ping_status":"closed","template":"guternberg.php","meta":{"footnotes":""},"acf":[],"yoast_head":"<!-- This site is optimized with the Yoast SEO plugin v21.3 - https:\/\/yoast.com\/wordpress\/plugins\/seo\/ -->\n<title>Hur f\u00e5r man en katt rumsren? L\u00e4r katten g\u00e5 p\u00e5 l\u00e5dan | Bozita<\/title>\n<meta name=\"description\" content=\"Att l\u00e4ra din katt eller kattunge bli rumsren \u00e4r viktigt. Bozita v\u00e4gleder dig i hur du hj\u00e4lper och tr\u00e4nar din katt p\u00e5 b\u00e4sta s\u00e4tt.\" \/>\n<meta name=\"robots\" content=\"index, follow, max-snippet:-1, max-image-preview:large, max-video-preview:-1\" \/>\n<link rel=\"canonical\" href=\"https:\/\/bozita.com\/se\/katt\/kopa-katt\/hur-far-man-en-katt-rumsren\/\" \/>\n<meta property=\"og:locale\" content=\"sv_SE\" \/>\n<meta property=\"og:type\" content=\"article\" \/>\n<meta property=\"og:title\" content=\"Hur f\u00e5r man en katt rumsren? L\u00e4r katten g\u00e5 p\u00e5 l\u00e5dan | Bozita\" \/>\n<meta property=\"og:description\" content=\"Att l\u00e4ra din katt eller kattunge bli rumsren \u00e4r viktigt. Bozita v\u00e4gleder dig i hur du hj\u00e4lper och tr\u00e4nar din katt p\u00e5 b\u00e4sta s\u00e4tt.\" \/>\n<meta property=\"og:url\" content=\"https:\/\/bozita.com\/se\/katt\/kopa-katt\/hur-far-man-en-katt-rumsren\/\" \/>\n<meta property=\"og:site_name\" content=\"Bozita Sverige\" \/>\n<meta property=\"article:modified_time\" content=\"2021-08-26T21:01:34+00:00\" \/>\n<meta property=\"og:image\" content=\"https:\/\/bozita.com\/se\/wp-content\/uploads\/sites\/5\/2021\/08\/bozita-katt-rumsren-ga-pa-ladan.jpg\" \/>\n\t<meta property=\"og:image:width\" content=\"800\" \/>\n\t<meta property=\"og:image:height\" content=\"533\" \/>\n\t<meta property=\"og:image:type\" content=\"image\/jpeg\" \/>\n<meta name=\"twitter:card\" content=\"summary_large_image\" \/>\n<!-- \/ Yoast SEO plugin. -->","yoast_head_json":{"title":"Hur f\u00e5r man en katt rumsren? L\u00e4r katten g\u00e5 p\u00e5 l\u00e5dan | Bozita","description":"Att l\u00e4ra din katt eller kattunge bli rumsren \u00e4r viktigt. Bozita v\u00e4gleder dig i hur du hj\u00e4lper och tr\u00e4nar din katt p\u00e5 b\u00e4sta s\u00e4tt.","robots":{"index":"index","follow":"follow","max-snippet":"max-snippet:-1","max-image-preview":"max-image-preview:large","max-video-preview":"max-video-preview:-1"},"canonical":"https:\/\/bozita.com\/se\/katt\/kopa-katt\/hur-far-man-en-katt-rumsren\/","og_locale":"sv_SE","og_type":"article","og_title":"Hur f\u00e5r man en katt rumsren? L\u00e4r katten g\u00e5 p\u00e5 l\u00e5dan | Bozita","og_description":"Att l\u00e4ra din katt eller kattunge bli rumsren \u00e4r viktigt. Bozita v\u00e4gleder dig i hur du hj\u00e4lper och tr\u00e4nar din katt p\u00e5 b\u00e4sta s\u00e4tt.","og_url":"https:\/\/bozita.com\/se\/katt\/kopa-katt\/hur-far-man-en-katt-rumsren\/","og_site_name":"Bozita Sverige","article_modified_time":"2021-08-26T21:01:34+00:00","og_image":[{"width":800,"height":533,"url":"https:\/\/bozita.com\/se\/wp-content\/uploads\/sites\/5\/2021\/08\/bozita-katt-rumsren-ga-pa-ladan.jpg","type":"image\/jpeg"}],"twitter_card":"summary_large_image","schema":{"@context":"https:\/\/schema.org","@graph":[{"@type":"WebPage","@id":"https:\/\/bozita.com\/se\/katt\/kopa-katt\/hur-far-man-en-katt-rumsren\/","url":"https:\/\/bozita.com\/se\/katt\/kopa-katt\/hur-far-man-en-katt-rumsren\/","name":"Hur f\u00e5r man en katt rumsren? L\u00e4r katten g\u00e5 p\u00e5 l\u00e5dan | Bozita","isPartOf":{"@id":"https:\/\/bozita.com\/se\/#website"},"datePublished":"2021-06-22T22:33:04+00:00","dateModified":"2021-08-26T21:01:34+00:00","description":"Att l\u00e4ra din katt eller kattunge bli rumsren \u00e4r viktigt. Bozita v\u00e4gleder dig i hur du hj\u00e4lper och tr\u00e4nar din katt p\u00e5 b\u00e4sta s\u00e4tt.","breadcrumb":{"@id":"https:\/\/bozita.com\/se\/katt\/kopa-katt\/hur-far-man-en-katt-rumsren\/#breadcrumb"},"inLanguage":"sv-SE","potentialAction":[{"@type":"ReadAction","target":["https:\/\/bozita.com\/se\/katt\/kopa-katt\/hur-far-man-en-katt-rumsren\/"]}]},{"@type":"BreadcrumbList","@id":"https:\/\/bozita.com\/se\/katt\/kopa-katt\/hur-far-man-en-katt-rumsren\/#breadcrumb","itemListElement":[{"@type":"ListItem","position":1,"name":"Home","item":"https:\/\/bozita.com\/se\/"},{"@type":"ListItem","position":2,"name":"Livet med katt","item":"https:\/\/bozita.com\/se\/katt\/"},{"@type":"ListItem","position":3,"name":"Till dig som ska skaffa katt","item":"https:\/\/bozita.com\/se\/katt\/kopa-katt\/"},{"@type":"ListItem","position":4,"name":"Hur f\u00e5r man en katt rumsren?"}]},{"@type":"WebSite","@id":"https:\/\/bozita.com\/se\/#website","url":"https:\/\/bozita.com\/se\/","name":"Bozita Sverige","description":"","potentialAction":[{"@type":"SearchAction","target":{"@type":"EntryPoint","urlTemplate":"https:\/\/bozita.com\/se\/?s={search_term_string}"},"query-input":"required name=search_term_string"}],"inLanguage":"sv-SE"}]}},"_links":{"self":[{"href":"https:\/\/bozita.com\/se\/wp-json\/wp\/v2\/pages\/1841"}],"collection":[{"href":"https:\/\/bozita.com\/se\/wp-json\/wp\/v2\/pages"}],"about":[{"href":"https:\/\/bozita.com\/se\/wp-json\/wp\/v2\/types\/page"}],"author":[{"embeddable":true,"href":"https:\/\/bozita.com\/se\/wp-json\/wp\/v2\/users\/1"}],"replies":[{"embeddable":true,"href":"https:\/\/bozita.com\/se\/wp-json\/wp\/v2\/comments?post=1841"}],"version-history":[{"count":8,"href":"https:\/\/bozita.com\/se\/wp-json\/wp\/v2\/pages\/1841\/revisions"}],"predecessor-version":[{"id":4057,"href":"https:\/\/bozita.com\/se\/wp-json\/wp\/v2\/pages\/1841\/revisions\/4057"}],"up":[{"embeddable":true,"href":"https:\/\/bozita.com\/se\/wp-json\/wp\/v2\/pages\/75"}],"wp:featuredmedia":[{"embeddable":true,"href":"https:\/\/bozita.com\/se\/wp-json\/wp\/v2\/media\/3501"}],"wp:attachment":[{"href":"https:\/\/bozita.com\/se\/wp-json\/wp\/v2\/media?parent=1841"}],"curies":[{"name":"wp","href":"https:\/\/api.w.org\/{rel}","templated":true}]}}