{"id":1855,"date":"2021-06-22T22:40:48","date_gmt":"2021-06-22T22:40:48","guid":{"rendered":"https:\/\/bozita.com\/se\/?page_id=1855"},"modified":"2023-03-02T13:30:10","modified_gmt":"2023-03-02T13:30:10","slug":"nar-kan-man-slappa-ut-kattungen-forsta-gangen","status":"publish","type":"page","link":"https:\/\/bozita.com\/se\/katt\/kopa-katt\/nar-kan-man-slappa-ut-kattungen-forsta-gangen\/","title":{"rendered":"N\u00e4r kan man sl\u00e4ppa ut kattungen f\u00f6rsta g\u00e5ngen?"},"content":{"rendered":"\t\t<section class=\"small-hero\">\n\t\t\t<div class=\"container\">\n\t\t\t\t<h1 class=\"small-hero-title\">N\u00e4r kan man sl\u00e4ppa ut kattungen f\u00f6rsta g\u00e5ngen?<\/h1>\t\t\t<\/div>\n\t\t\t<\/div>\n\t\t<\/section>\n\t\n\n\t<div class=\"text-box-warp\">\n\t\t<div class=\"container\">\n\t\t\t<div class=\"text-content\">\n\t\t\t\t<p><strong>Om du har t\u00e4nkt att din katt ska f\u00e5 vara ute ibland \u00e4r det viktigt att du inte sl\u00e4pper ut den innan den \u00e4r mogen f\u00f6r det och att du s\u00e4kerst\u00e4ller att du bor i en milj\u00f6 d\u00e4r det \u00e4r s\u00e4kert f\u00f6r en katt att vistas ute. L\u00e4r katten att vara ute i l\u00e5ngsam takt.<\/strong><\/p>\n<p>&nbsp;<\/p>\n<h2>SL\u00c4PP INTE UT DIN KATT INNAN DEN \u00c4R ID-M\u00c4RKT, VACCINERAD OCH KASTRERAD<\/h2>\n<p>En katt b\u00f6r vara id-m\u00e4rkt, vaccinerad och kastrerad innan du sl\u00e4pper ut den p\u00e5 egen hand. I de flesta fall inneb\u00e4r det att du kan b\u00f6rja sl\u00e4ppa ut katten n\u00e4r den \u00e4r ungef\u00e4r ett \u00e5r gammal.<\/p>\n<p>Har du id-m\u00e4rkt och registrerat din katt minskar risken f\u00f6r att katten inte hittar hem igen om den skulle springa bort. Den g\u00e5r \u00e4ven att identifiera och kopplas till dig som \u00e4gare om den skulle vara med om en olycka.<\/p>\n<p>Vaccinering eliminerar risken att katten smittas av vanliga sjukdomar. De flesta katter \u00e4r fullt vaccinerade n\u00e4r de \u00e4r 3 m\u00e5nader gamla.<\/p>\n<p><strong>Vidare l\u00e4sning<\/strong><\/p>\n<ul>\n<li><a title=\"D\u00e4rf\u00f6r b\u00f6r du ha id-m\u00e4rkning p\u00e5 din katt\" href=\"https:\/\/bozita.com\/se\/katt\/kopa-katt\/darfor-bor-du-ha-id-markning-pa-din-katt\/\">D\u00e4rf\u00f6r b\u00f6r du ha id-m\u00e4rkning p\u00e5 din katt<\/a><\/li>\n<li><a title=\"Vaccinera din katt f\u00f6r att minska risken f\u00f6r vanliga sjukdomar\" href=\"https:\/\/bozita.com\/se\/katt\/kattens-halsa\/vaccinera-din-katt-for-att-minska-risken-for-vanliga-sjukdomar\/\">Vaccinera din katt f\u00f6r att minska risken f\u00f6r vanliga sjukdomar<\/a><\/li>\n<\/ul>\n<p>Har du inga planer p\u00e5 att anv\u00e4nda din katt till avel b\u00f6r du, i enlighet med Jordbruksverkets nya djurskyddsregler, kastrera den &#8211; s\u00e4rskilt om den ska vara utekatt. Det finns idag alltf\u00f6r m\u00e5nga heml\u00f6sa katter i Sverige och icke-kastrerade utekatter som till\u00e5ts att f\u00f6r\u00f6ka sig okontrollerat g\u00f6r att problemet v\u00e4xer. Man brukar rekommendera att kastrera en katt vid sex m\u00e5naders \u00e5lder, n\u00e4r den precis blivit k\u00f6nsmogen.<\/p>\n<p><strong>Vidare l\u00e4sning<\/strong><\/p>\n<ul>\n<li><a title=\"Att kastrera katten har m\u00e5nga f\u00f6rdelar\" href=\"https:\/\/bozita.com\/se\/katt\/kattens-halsa\/att-kastrera-katten-har-manga-fordelar\/\">Att kastrera katten har m\u00e5nga f\u00f6rdelar<\/a><\/li>\n<\/ul>\n<h2>\u00c4R KATTEN REDO F\u00d6R ATT VARA UTE?<\/h2>\n<p>Att din katt \u00e4r id-m\u00e4rkt, vaccinerad och kastrerad betyder inneb\u00e4r inte n\u00f6dv\u00e4ndigtvis att den \u00e4r redo f\u00f6r v\u00e4rlden utanf\u00f6r. Kanske \u00e4r det \u00e4nd\u00e5 inte dags att sl\u00e4ppa ut din katt \u00e4nnu. Katter som l\u00e4tt blir r\u00e4dda f\u00f6r ov\u00e4ntade ljud kan beh\u00f6va mer tid p\u00e5 sig.<\/p>\n<h2>L\u00c4R KATTEN ATT VARA UTE LITE I TAGET<\/h2>\n<p>Utomhusmilj\u00f6n kryllar av nya intryck. Sl\u00e4pper du ut katten f\u00f6r abrupt finns det risk f\u00f6r att den blir r\u00e4dd f\u00f6r nya f\u00f6reteelser och springer och g\u00f6mmer sig. L\u00e5t i st\u00e4llet katten v\u00e4nja sig steg f\u00f6r steg.<\/p>\n<p>B\u00f6rja med att l\u00e5ta katten f\u00e5 nosa p\u00e5 en gr\u00e4syta i n\u00e4rheten av hemmet i koppel f\u00f6r att v\u00e4nja sig vid v\u00e4rlden utanf\u00f6r.<\/p>\n<p>N\u00e4r den vant sig och trivs med att vara utomhus kan du l\u00e5ta den g\u00e5 p\u00e5 en st\u00f6rre yta, men var ute med den hela tiden.<\/p>\n<p><strong>Vidare l\u00e4sning<\/strong><\/p>\n<ul>\n<li><a title=\"Kan man tr\u00e4na sin katt eller kattunge\" href=\"https:\/\/bozita.com\/se\/katt\/kattens-utveckling\/kan-man-trana-sin-katt-eller-kattunge\/\">Kan man tr\u00e4na sin katt eller kattunge?<\/a><\/li>\n<\/ul>\n\t\t\t<\/div>\n\t\t<\/div>\n\t<\/div>\n\n\n\n\t<section class=\"block related-articles\">\n\t\t<div class=\"container\">\n\t\t\t<h2>Relaterade artiklar<\/h2>\n\t\t\t<div class=\"row justify-content-center\">\n\t\t\t\t\t\t\t\t\t\t<div class=\"col-sm-6 col-md-6 col-lg-3\">\n\t\t\t\t\t\t\t\t\t\t\t\t\t\t<div class=\"card \">\n\t\t\t\t\t\t\t\t\t\t\t\t\t\t\t\t\t<img decoding=\"async\"  src=\"https:\/\/bozita.com\/se\/wp-content\/uploads\/sites\/5\/2021\/08\/bozita_swedish-natural-quality.jpg\" alt=\"\">\n\t\t\t\t\t\t\t\t\t\t\t\t\t\t\t\t\t<!-- <img decoding=\"async\" src=\"\n\t\t\t\t\t\t\t\t\t\t\t\t\t\t\t\t\t\t\t\t\" alt=\"\n\t\t\t\t\t\t\t\t\t\t\t\t\t\t\t\t\t\t\t\t\t\t\t\t\t\t\t\"> -->\n\t\t\t\t\t\t\t\t<div class=\"card-body\">\n\t\t\t\t\t\t\t\t\t\t\t\t\t\t\t\t\t\t\t<h6>D\u00e4rf\u00f6r b\u00f6r du ha ID-m\u00e4rkning p\u00e5 din katt<\/h6>\n\t\t\t\t\t\t\t\t\t\t\t\t\t\t\t\t\t\t\t<a href=\"https:\/\/bozita.com\/se\/katt\/kopa-katt\/darfor-bor-du-ha-id-markning-pa-din-katt\/\">L\u00e4s mer &nbsp; ><\/a>\n\t\t\t\t\t\t\t\t<\/div>\n\t\t\t\t\t\t\t<\/div>\n\t\t\t\t\t\t<\/div>\n\n\t\t\t\t\t\t\t\t\t\t\t<div class=\"col-sm-6 col-md-6 col-lg-3\">\n\t\t\t\t\t\t\t\t\t\t\t\t\t\t<div class=\"card \">\n\t\t\t\t\t\t\t\t\t\t\t\t\t\t\t\t\t<img decoding=\"async\"  src=\"https:\/\/bozita.com\/se\/wp-content\/uploads\/sites\/5\/2021\/07\/bozita_swedish-natural-quality.jpeg\" alt=\"\">\n\t\t\t\t\t\t\t\t\t\t\t\t\t\t\t\t\t<!-- <img decoding=\"async\" src=\"\n\t\t\t\t\t\t\t\t\t\t\t\t\t\t\t\t\t\t\t\t\" alt=\"\n\t\t\t\t\t\t\t\t\t\t\t\t\t\t\t\t\t\t\t\t\t\t\t\t\t\t\t\"> -->\n\t\t\t\t\t\t\t\t<div class=\"card-body\">\n\t\t\t\t\t\t\t\t\t\t\t\t\t\t\t\t\t\t\t<h6>Avmaskning katt och kattunge<\/h6>\n\t\t\t\t\t\t\t\t\t\t\t\t\t\t\t\t\t\t\t<a href=\"https:\/\/bozita.com\/se\/katt\/kattens-halsa\/avmaskning-katt-och-kattunge\/\">L\u00e4s mer &nbsp; ><\/a>\n\t\t\t\t\t\t\t\t<\/div>\n\t\t\t\t\t\t\t<\/div>\n\t\t\t\t\t\t<\/div>\n\n\t\t\t\t\t\t\t\t\t\t\t<div class=\"col-sm-6 col-md-6 col-lg-3\">\n\t\t\t\t\t\t\t\t\t\t\t\t\t\t<div class=\"card \">\n\t\t\t\t\t\t\t\t\t\t\t\t\t\t\t\t\t<img decoding=\"async\"  src=\"https:\/\/bozita.com\/se\/wp-content\/uploads\/sites\/5\/2021\/08\/bozita-socialisera-kattunge-e1736760698959.jpg\" alt=\"\">\n\t\t\t\t\t\t\t\t\t\t\t\t\t\t\t\t\t<!-- <img decoding=\"async\" src=\"\n\t\t\t\t\t\t\t\t\t\t\t\t\t\t\t\t\t\t\t\t\" alt=\"\n\t\t\t\t\t\t\t\t\t\t\t\t\t\t\t\t\t\t\t\t\t\t\t\t\t\t\t\"> -->\n\t\t\t\t\t\t\t\t<div class=\"card-body\">\n\t\t\t\t\t\t\t\t\t\t\t\t\t\t\t\t\t\t\t<h6>Kattungar &#8211; utveckling och socialisering<\/h6>\n\t\t\t\t\t\t\t\t\t\t\t\t\t\t\t\t\t\t\t<a href=\"https:\/\/bozita.com\/se\/katt\/kattens-utveckling\/socialisering-under-kattungetiden-har-stor-betydelse-for-den-vuxna-kattens-beteende-och-relationen-till-manniskor\/\">L\u00e4s mer &nbsp; ><\/a>\n\t\t\t\t\t\t\t\t<\/div>\n\t\t\t\t\t\t\t<\/div>\n\t\t\t\t\t\t<\/div>\n\n\t\t\t\t\t\t\t\t\t\t\t\t<\/div>\n\t\t<\/div>\n\t<\/section>\n","protected":false},"excerpt":{"rendered":"","protected":false},"author":1,"featured_media":3497,"parent":75,"menu_order":0,"comment_status":"closed","ping_status":"closed","template":"guternberg.php","meta":{"footnotes":""},"acf":[],"yoast_head":"<!-- This site is optimized with the Yoast SEO plugin v21.3 - https:\/\/yoast.com\/wordpress\/plugins\/seo\/ -->\n<title>Sl\u00e4ppa ut katt eller kattunge, l\u00e4r katten vara ute | Bozita<\/title>\n<meta name=\"description\" content=\"T\u00e4nk p\u00e5 detta om du ska sl\u00e4ppa ut din katt eller kattunge. Katten ska vara id-m\u00e4rkt, vaccinerad och kastrerad. V\u00e4nj katten vid att vara ute i l\u00e5ngsam takt.\" \/>\n<meta name=\"robots\" content=\"index, follow, max-snippet:-1, max-image-preview:large, max-video-preview:-1\" \/>\n<link rel=\"canonical\" href=\"https:\/\/bozita.com\/se\/katt\/kopa-katt\/nar-kan-man-slappa-ut-kattungen-forsta-gangen\/\" \/>\n<meta property=\"og:locale\" content=\"sv_SE\" \/>\n<meta property=\"og:type\" content=\"article\" \/>\n<meta property=\"og:title\" content=\"Sl\u00e4ppa ut katt eller kattunge, l\u00e4r katten vara ute | Bozita\" \/>\n<meta property=\"og:description\" content=\"T\u00e4nk p\u00e5 detta om du ska sl\u00e4ppa ut din katt eller kattunge. Katten ska vara id-m\u00e4rkt, vaccinerad och kastrerad. V\u00e4nj katten vid att vara ute i l\u00e5ngsam takt.\" \/>\n<meta property=\"og:url\" content=\"https:\/\/bozita.com\/se\/katt\/kopa-katt\/nar-kan-man-slappa-ut-kattungen-forsta-gangen\/\" \/>\n<meta property=\"og:site_name\" content=\"Bozita Sverige\" \/>\n<meta property=\"article:modified_time\" content=\"2023-03-02T13:30:10+00:00\" \/>\n<meta property=\"og:image\" content=\"https:\/\/bozita.com\/se\/wp-content\/uploads\/sites\/5\/2021\/08\/bozita_swedish-natural-quality.jpg\" \/>\n\t<meta property=\"og:image:width\" content=\"800\" \/>\n\t<meta property=\"og:image:height\" content=\"533\" \/>\n\t<meta property=\"og:image:type\" content=\"image\/jpeg\" \/>\n<meta name=\"twitter:card\" content=\"summary_large_image\" \/>\n<!-- \/ Yoast SEO plugin. -->","yoast_head_json":{"title":"Sl\u00e4ppa ut katt eller kattunge, l\u00e4r katten vara ute | Bozita","description":"T\u00e4nk p\u00e5 detta om du ska sl\u00e4ppa ut din katt eller kattunge. Katten ska vara id-m\u00e4rkt, vaccinerad och kastrerad. V\u00e4nj katten vid att vara ute i l\u00e5ngsam takt.","robots":{"index":"index","follow":"follow","max-snippet":"max-snippet:-1","max-image-preview":"max-image-preview:large","max-video-preview":"max-video-preview:-1"},"canonical":"https:\/\/bozita.com\/se\/katt\/kopa-katt\/nar-kan-man-slappa-ut-kattungen-forsta-gangen\/","og_locale":"sv_SE","og_type":"article","og_title":"Sl\u00e4ppa ut katt eller kattunge, l\u00e4r katten vara ute | Bozita","og_description":"T\u00e4nk p\u00e5 detta om du ska sl\u00e4ppa ut din katt eller kattunge. Katten ska vara id-m\u00e4rkt, vaccinerad och kastrerad. V\u00e4nj katten vid att vara ute i l\u00e5ngsam takt.","og_url":"https:\/\/bozita.com\/se\/katt\/kopa-katt\/nar-kan-man-slappa-ut-kattungen-forsta-gangen\/","og_site_name":"Bozita Sverige","article_modified_time":"2023-03-02T13:30:10+00:00","og_image":[{"width":800,"height":533,"url":"https:\/\/bozita.com\/se\/wp-content\/uploads\/sites\/5\/2021\/08\/bozita_swedish-natural-quality.jpg","type":"image\/jpeg"}],"twitter_card":"summary_large_image","schema":{"@context":"https:\/\/schema.org","@graph":[{"@type":"WebPage","@id":"https:\/\/bozita.com\/se\/katt\/kopa-katt\/nar-kan-man-slappa-ut-kattungen-forsta-gangen\/","url":"https:\/\/bozita.com\/se\/katt\/kopa-katt\/nar-kan-man-slappa-ut-kattungen-forsta-gangen\/","name":"Sl\u00e4ppa ut katt eller kattunge, l\u00e4r katten vara ute | Bozita","isPartOf":{"@id":"https:\/\/bozita.com\/se\/#website"},"datePublished":"2021-06-22T22:40:48+00:00","dateModified":"2023-03-02T13:30:10+00:00","description":"T\u00e4nk p\u00e5 detta om du ska sl\u00e4ppa ut din katt eller kattunge. Katten ska vara id-m\u00e4rkt, vaccinerad och kastrerad. V\u00e4nj katten vid att vara ute i l\u00e5ngsam takt.","breadcrumb":{"@id":"https:\/\/bozita.com\/se\/katt\/kopa-katt\/nar-kan-man-slappa-ut-kattungen-forsta-gangen\/#breadcrumb"},"inLanguage":"sv-SE","potentialAction":[{"@type":"ReadAction","target":["https:\/\/bozita.com\/se\/katt\/kopa-katt\/nar-kan-man-slappa-ut-kattungen-forsta-gangen\/"]}]},{"@type":"BreadcrumbList","@id":"https:\/\/bozita.com\/se\/katt\/kopa-katt\/nar-kan-man-slappa-ut-kattungen-forsta-gangen\/#breadcrumb","itemListElement":[{"@type":"ListItem","position":1,"name":"Home","item":"https:\/\/bozita.com\/se\/"},{"@type":"ListItem","position":2,"name":"Livet med katt","item":"https:\/\/bozita.com\/se\/katt\/"},{"@type":"ListItem","position":3,"name":"Till dig som ska skaffa katt","item":"https:\/\/bozita.com\/se\/katt\/kopa-katt\/"},{"@type":"ListItem","position":4,"name":"N\u00e4r kan man sl\u00e4ppa ut kattungen f\u00f6rsta g\u00e5ngen?"}]},{"@type":"WebSite","@id":"https:\/\/bozita.com\/se\/#website","url":"https:\/\/bozita.com\/se\/","name":"Bozita Sverige","description":"","potentialAction":[{"@type":"SearchAction","target":{"@type":"EntryPoint","urlTemplate":"https:\/\/bozita.com\/se\/?s={search_term_string}"},"query-input":"required name=search_term_string"}],"inLanguage":"sv-SE"}]}},"_links":{"self":[{"href":"https:\/\/bozita.com\/se\/wp-json\/wp\/v2\/pages\/1855"}],"collection":[{"href":"https:\/\/bozita.com\/se\/wp-json\/wp\/v2\/pages"}],"about":[{"href":"https:\/\/bozita.com\/se\/wp-json\/wp\/v2\/types\/page"}],"author":[{"embeddable":true,"href":"https:\/\/bozita.com\/se\/wp-json\/wp\/v2\/users\/1"}],"replies":[{"embeddable":true,"href":"https:\/\/bozita.com\/se\/wp-json\/wp\/v2\/comments?post=1855"}],"version-history":[{"count":14,"href":"https:\/\/bozita.com\/se\/wp-json\/wp\/v2\/pages\/1855\/revisions"}],"predecessor-version":[{"id":9225,"href":"https:\/\/bozita.com\/se\/wp-json\/wp\/v2\/pages\/1855\/revisions\/9225"}],"up":[{"embeddable":true,"href":"https:\/\/bozita.com\/se\/wp-json\/wp\/v2\/pages\/75"}],"wp:featuredmedia":[{"embeddable":true,"href":"https:\/\/bozita.com\/se\/wp-json\/wp\/v2\/media\/3497"}],"wp:attachment":[{"href":"https:\/\/bozita.com\/se\/wp-json\/wp\/v2\/media?parent=1855"}],"curies":[{"name":"wp","href":"https:\/\/api.w.org\/{rel}","templated":true}]}}