{"id":1893,"date":"2021-06-22T23:00:27","date_gmt":"2021-06-22T23:00:27","guid":{"rendered":"https:\/\/bozita.com\/se\/?page_id=1893"},"modified":"2021-08-26T21:33:56","modified_gmt":"2021-08-26T21:33:56","slug":"protein-och-starkelse-ar-viktiga-komponenter-i-en-katts-diet","status":"publish","type":"page","link":"https:\/\/bozita.com\/se\/kattfoder\/nutrition-och-kost\/protein-och-starkelse-ar-viktiga-komponenter-i-en-katts-diet\/","title":{"rendered":"Vad \u00e4ter katter?"},"content":{"rendered":"\t\t<section class=\"small-hero\">\n\t\t\t<div class=\"container\">\n\t\t\t\t<h1 class=\"small-hero-title\">Vad \u00e4ter katter?<\/h1>\t\t\t<\/div>\n\t\t\t<\/div>\n\t\t<\/section>\n\t\n\n\t<div class=\"text-box-warp\">\n\t\t<div class=\"container\">\n\t\t\t<div class=\"text-content\">\n\t\t\t\t<p><strong>Katter \u00e4r strikta k\u00f6tt\u00e4tare och beh\u00f6ver en h\u00f6g andel animaliskt protein och animaliskt fett i sin diet f\u00f6r att m\u00e5 bra. Men det betyder inte att de bara m\u00e5ste \u00e4ta k\u00f6tt. St\u00e4rkelse \u00e4r en bra kompletterande energik\u00e4lla som dessutom ger proteinet utrymme att bygga upp och reparera v\u00e4vnad.<\/strong><\/p>\n<h2>VAD \u00c4TER KATTER &#8211; PROTEIN OCH FETT<\/h2>\n<p>Katter beh\u00f6ver mycket protein och med r\u00e4tt aminosyraprofil i sin diet, d\u00e4r en f\u00f6r l\u00e5g halt i fodret kan vara direkt farligt. En enda m\u00e5ltid utan aminosyran arginin kan i v\u00e4rsta fall vara d\u00f6dligt och brist p\u00e5 taurin kan leda till allvarliga f\u00f6ljder s\u00e5som hj\u00e4rtsjukdomar och blindhet. Eftersom b\u00e5de arginin och taurin finns i stora m\u00e4ngder i animaliska produkter b\u00f6r kattmat inneh\u00e5lla just animalier, och det \u00e4r f\u00f6ljaktligen inte l\u00e4mpligt att ge katter en helt vegetarisk kost.<\/p>\n<p>Katter beh\u00f6ver \u00e4ven fett i dieten som dels bidrar med energi, men framf\u00f6rallt med de tre livsn\u00f6dv\u00e4ndiga fettsyrorna. Arakidonsyra som \u00e4r en av dessa h\u00e4rstammar bara fr\u00e5n animaliska fetter som d\u00e4rf\u00f6r alltid beh\u00f6ver ing\u00e5 i kattmat. Omega-3-fettsyrorna EPA och DHA r\u00e4knas d\u00e4remot inte som livsn\u00f6dv\u00e4ndiga f\u00f6r katter, men kan bidra med h\u00e4lsofr\u00e4mjande egenskaper och bidra till en normal utveckling av hj\u00e4rnan. EPA och DHA b\u00f6r d\u00e4rf\u00f6r alltid finnas i foder f\u00f6r kattungar.<\/p>\n<h2>VAD \u00c4TER KATTER &#8211; ST\u00c4RKELSE<\/h2>\n<p>Att katten beh\u00f6ver k\u00f6tt i dieten betyder dock inte att de m\u00e5ste \u00e4ta enbart k\u00f6tt. Katter har en god f\u00f6rm\u00e5ga att bryta ner v\u00e4l tillagade kolhydrater som exempelvis st\u00e4rkelse, vilken fungerar som en utm\u00e4rkt energik\u00e4lla. Genom att anv\u00e4nda st\u00e4rkelse som kompletterande energik\u00e4lla f\u00e5r proteinet utrymme att bygga upp och reparera v\u00e4vnad.<\/p>\n<h2>VIKTIGT MED ETT V\u00c4LBALANSERAT KATTFODER<\/h2>\n<p>Ett bra kattfoder ska vara noga sammansatt f\u00f6r att din katt ska m\u00e5 bra och \u00f6ka m\u00f6jligheterna f\u00f6r ett l\u00e5ngt och friskt liv. <a title=\"Kattfoder\" href=\"https:\/\/bozita.com\/se\/kattfoder\/\" >Bozitas kattmat<\/a> inneh\u00e5ller h\u00f6ga halter animaliskt protein, kompletterat med goda st\u00e4rkelsek\u00e4llor s\u00e5som majs, potatis och ris. Det g\u00f6r fodret l\u00e4ttsm\u00e4lt, smakligt och bra f\u00f6r din katt.<\/p>\n<h2>VAD BEH\u00d6VER KATTEN I FORM AV VITAMINER OCH MINERALER<\/h2>\n<p>Katter har likt m\u00e4nniskor ett livsn\u00f6dv\u00e4ndigt behov av vissa typer av vitaminer och mineraler. En stor skillnad \u00e4r att katter sj\u00e4lva kan producera vitamin C i kroppen och det beh\u00f6ver d\u00e4rf\u00f6r inte adderas i maten. \u00c4ven om r\u00e5varorna bidrar med b\u00e5de vitaminer och mineraler s\u00e5 inneh\u00e5ller all kattmat fr\u00e5n Bozita \u00e4ven speciellt framtagna vitamin- och mineralblandningar f\u00f6r att s\u00e4kerst\u00e4lla att kattens alla behov m\u00f6ts.<\/p>\n<h2>HUR MYCKET SKA EN KATT \u00c4TA?<\/h2>\n<p>Hur mycket foder katten beh\u00f6ver beror bland annat p\u00e5 storlek, ras och livsfas. En kastrerad katt som \u00e4r oaktiv eller innekatt har till exempel ett v\u00e4ldigt l\u00e5gt energibehov j\u00e4mf\u00f6rt med en okastrerad katt eller en aktiv utekatt. M\u00e4ngden foder beror ocks\u00e5 p\u00e5 energiinneh\u00e5llet i fodret. Torrfoder \u00e4r \u00f6verlag v\u00e4ldigt energirikt och d\u00e5 blir doseringen liten om man j\u00e4mf\u00f6r med v\u00e5tfoder d\u00e4r man kan ge betydligt gener\u00f6sare m\u00e4ngder.<\/p>\n<h2>HUR OFTA SKA EN KATT \u00c4TA?<\/h2>\n<p>Det mest naturliga f\u00f6r katter \u00e4r att \u00e4ta ofta och lite, men det \u00e4r inte alla som har ett livspussel som g\u00e5r ihop med den typen av utfodring. I s\u00e5dana fall ska katten utfodras minst tv\u00e5 g\u00e5nger om dagen och vid best\u00e4mda tider. Vill man \u00e4nd\u00e5 leva efter strategin att mata ofta och lite finns det foderautomater att f\u00e5 tag p\u00e5 som portionerar ut fodret vid best\u00e4mda tider under dagens lopp.<\/p>\n<h2>VAD \u00c4TER KATTER &#8211; BOZITAS REKOMMENDATIONER<\/h2>\n<ul>\n<li>Utfodra med ett helfoder anpassat f\u00f6r katt. Undvik vegetarisk kost.<\/li>\n<li>Ge inte katten mat avsedd f\u00f6r andra husdjur. Det \u00e4r viktigt att det katten \u00e4ter \u00e4r anpassat till dess unika n\u00e4ringsbehov.<\/li>\n<li>H\u00e5ll matsk\u00e5lar och matplats rena och fr\u00e4scha och st\u00e4da bort v\u00e5tfoder som katten inte \u00e4tit upp.<\/li>\n<li>Se till att katten alltid har tillg\u00e5ng till f\u00e4rskt vatten. Ge g\u00e4rna <a title=\"V\u00e5tfoder\" href=\"https:\/\/bozita.com\/se\/kattfoder\/vatfoder\/\" >v\u00e5tfoder<\/a> som komplement till <a title=\"Torrfoder\" href=\"https:\/\/bozita.com\/se\/kattfoder\/torrfoder\/\" >torrfoder<\/a>.<\/li>\n<li>H\u00e5ll katten i normal vikt f\u00f6r att undvika viktrelaterade sjukdomar. <a title=\"H\u00e5ller din katt r\u00e4tt vikt Ta hj\u00e4lp av v\u00e5r bed\u00f6mningsguide\" href=\"https:\/\/bozita.com\/se\/katt\/kattens-halsa\/haller-din-katt-ratt-vikt-ta-hjalp-av-var-bedomningsguide\/\" >Ta hj\u00e4lp av Bozitas hullbed\u00f6mningsguide<\/a>.<\/li>\n<li>T\u00e4nk p\u00e5 att en kastrerad katt har l\u00e4tt f\u00f6r att \u00f6ka i vikt. Anv\u00e4nd g\u00e4rna ett foder speciellt anpassat f\u00f6r kastrerade katter.<\/li>\n<li>Ge inte katten mj\u00f6lk eller gr\u00e4dde som inte \u00e4r anpassat f\u00f6r katt. Vuxna katter \u00e4r laktosintoleranta.<\/li>\n<\/ul>\n<p><strong>Vidare l\u00e4sning:<\/strong><\/p>\n<ul>\n<li><a title=\"Hur byter man foder till en vuxen katt?\" href=\"https:\/\/bozita.com\/se\/kattfoder\/nutrition-och-kost\/hur-byter-man-foder-till-en-vuxen-katt\/\" >Att byta foder till katt &#8211; s\u00e5h\u00e4r g\u00f6r du<\/a><\/li>\n<li><a title=\"Vad ska man g\u00f6ra med en katt som inte \u00e4ter eller dricker\" href=\"https:\/\/bozita.com\/se\/kattfoder\/nutrition-och-kost\/vad-ska-man-gora-med-en-katt-som-inte-ater-eller-dricker\/\" >Vad ska man g\u00f6ra med en katt som inte \u00e4ter eller dricker<\/a><\/li>\n<li><a title=\"Kattfoder\" href=\"https:\/\/bozita.com\/se\/kattfoder\/\" >Bozita kattmat: v\u00e5tfoder och torrfoder<\/a><\/li>\n<\/ul>\n\t\t\t<\/div>\n\t\t<\/div>\n\t<\/div>\n\n\n\n\t<section class=\"block related-articles\">\n\t\t<div class=\"container\">\n\t\t\t<h2>Relaterade artiklar<\/h2>\n\t\t\t<div class=\"row justify-content-center\">\n\t\t\t\t\t\t\t\t\t\t<div class=\"col-sm-6 col-md-6 col-lg-3\">\n\t\t\t\t\t\t\t\t\t\t\t\t\t\t<div class=\"card \">\n\t\t\t\t\t\t\t\t\t\t\t\t\t\t\t\t\t<img decoding=\"async\"  src=\"https:\/\/bozita.com\/se\/wp-content\/uploads\/sites\/5\/2021\/08\/bozita-katt-ater-inte-dricker-inte-krasen-dalig-aptit.jpg\" alt=\"\">\n\t\t\t\t\t\t\t\t\t\t\t\t\t\t\t\t\t<!-- <img decoding=\"async\" src=\"\n\t\t\t\t\t\t\t\t\t\t\t\t\t\t\t\t\t\t\t\t\" alt=\"\n\t\t\t\t\t\t\t\t\t\t\t\t\t\t\t\t\t\t\t\t\t\t\t\t\t\t\t\"> -->\n\t\t\t\t\t\t\t\t<div class=\"card-body\">\n\t\t\t\t\t\t\t\t\t\t\t\t\t\t\t\t\t\t\t<h6>Katt som inte \u00e4ter eller dricker?<\/h6>\n\t\t\t\t\t\t\t\t\t\t\t\t\t\t\t\t\t\t\t<a href=\"https:\/\/bozita.com\/se\/kattfoder\/nutrition-och-kost\/vad-ska-man-gora-med-en-katt-som-inte-ater-eller-dricker\/\">L\u00e4s mer &nbsp; ><\/a>\n\t\t\t\t\t\t\t\t<\/div>\n\t\t\t\t\t\t\t<\/div>\n\t\t\t\t\t\t<\/div>\n\n\t\t\t\t\t\t\t\t\t\t\t<div class=\"col-sm-6 col-md-6 col-lg-3\">\n\t\t\t\t\t\t\t\t\t\t\t\t\t\t<div class=\"card \">\n\t\t\t\t\t\t\t\t\t\t\t\t\t\t\t\t\t<img decoding=\"async\"  src=\"https:\/\/bozita.com\/se\/wp-content\/uploads\/sites\/5\/2021\/08\/bozita-palsvard-fibrer-motverkar-harbollar.jpg\" alt=\"\">\n\t\t\t\t\t\t\t\t\t\t\t\t\t\t\t\t\t<!-- <img decoding=\"async\" src=\"\n\t\t\t\t\t\t\t\t\t\t\t\t\t\t\t\t\t\t\t\t\" alt=\"\n\t\t\t\t\t\t\t\t\t\t\t\t\t\t\t\t\t\t\t\t\t\t\t\t\t\t\t\"> -->\n\t\t\t\t\t\t\t\t<div class=\"card-body\">\n\t\t\t\t\t\t\t\t\t\t\t\t\t\t\t\t\t\t\t<h6>Har du en katt som kr\u00e4ks h\u00e5rbollar?<\/h6>\n\t\t\t\t\t\t\t\t\t\t\t\t\t\t\t\t\t\t\t<a href=\"https:\/\/bozita.com\/se\/katt\/kattens-halsa\/fibrer-i-maten-och-palsvard-forebygger-harbollar\/\">L\u00e4s mer &nbsp; ><\/a>\n\t\t\t\t\t\t\t\t<\/div>\n\t\t\t\t\t\t\t<\/div>\n\t\t\t\t\t\t<\/div>\n\n\t\t\t\t\t\t\t\t\t\t\t<div class=\"col-sm-6 col-md-6 col-lg-3\">\n\t\t\t\t\t\t\t\t\t\t\t\t\t\t<div class=\"card \">\n\t\t\t\t\t\t\t\t\t\t\t\t\t\t\t\t\t<img decoding=\"async\"  src=\"https:\/\/bozita.com\/se\/wp-content\/uploads\/sites\/5\/2021\/07\/bozita-katt-ratt-hull-guide.jpeg\" alt=\"\">\n\t\t\t\t\t\t\t\t\t\t\t\t\t\t\t\t\t<!-- <img decoding=\"async\" src=\"\n\t\t\t\t\t\t\t\t\t\t\t\t\t\t\t\t\t\t\t\t\" alt=\"\n\t\t\t\t\t\t\t\t\t\t\t\t\t\t\t\t\t\t\t\t\t\t\t\t\t\t\t\"> -->\n\t\t\t\t\t\t\t\t<div class=\"card-body\">\n\t\t\t\t\t\t\t\t\t\t\t\t\t\t\t\t\t\t\t<h6>Hur mycket ska en katt v\u00e4ga?<\/h6>\n\t\t\t\t\t\t\t\t\t\t\t\t\t\t\t\t\t\t\t<a href=\"https:\/\/bozita.com\/se\/katt\/kattens-halsa\/haller-din-katt-ratt-vikt-ta-hjalp-av-var-bedomningsguide\/\">L\u00e4s mer &nbsp; ><\/a>\n\t\t\t\t\t\t\t\t<\/div>\n\t\t\t\t\t\t\t<\/div>\n\t\t\t\t\t\t<\/div>\n\n\t\t\t\t\t\t\t\t\t\t\t\t<\/div>\n\t\t<\/div>\n\t<\/section>\n","protected":false},"excerpt":{"rendered":"","protected":false},"author":1,"featured_media":3464,"parent":69,"menu_order":0,"comment_status":"closed","ping_status":"closed","template":"guternberg.php","meta":{"footnotes":""},"acf":[],"yoast_head":"<!-- This site is optimized with the Yoast SEO plugin v21.3 - https:\/\/yoast.com\/wordpress\/plugins\/seo\/ -->\n<title>Vad \u00e4ter katter och hur mycket ska en katt \u00e4ta? | Bozita<\/title>\n<meta name=\"description\" content=\"Vad \u00e4ter katter och vad m\u00e5r de b\u00e4st av? Bra balans \u00e4r viktigt f\u00f6r ett l\u00e5ngt, h\u00e4lsosamt liv. L\u00e4s Bozitas r\u00e5d om vad, hur mycket och hur ofta katten ska \u00e4ta.\" \/>\n<meta name=\"robots\" content=\"index, follow, max-snippet:-1, max-image-preview:large, max-video-preview:-1\" \/>\n<link rel=\"canonical\" href=\"https:\/\/bozita.com\/se\/kattfoder\/nutrition-och-kost\/protein-och-starkelse-ar-viktiga-komponenter-i-en-katts-diet\/\" \/>\n<meta property=\"og:locale\" content=\"sv_SE\" \/>\n<meta property=\"og:type\" content=\"article\" \/>\n<meta property=\"og:title\" content=\"Vad \u00e4ter katter och hur mycket ska en katt \u00e4ta? | Bozita\" \/>\n<meta property=\"og:description\" content=\"Vad \u00e4ter katter och vad m\u00e5r de b\u00e4st av? Bra balans \u00e4r viktigt f\u00f6r ett l\u00e5ngt, h\u00e4lsosamt liv. L\u00e4s Bozitas r\u00e5d om vad, hur mycket och hur ofta katten ska \u00e4ta.\" \/>\n<meta property=\"og:url\" content=\"https:\/\/bozita.com\/se\/kattfoder\/nutrition-och-kost\/protein-och-starkelse-ar-viktiga-komponenter-i-en-katts-diet\/\" \/>\n<meta property=\"og:site_name\" content=\"Bozita Sverige\" \/>\n<meta property=\"article:modified_time\" content=\"2021-08-26T21:33:56+00:00\" \/>\n<meta property=\"og:image\" content=\"https:\/\/bozita.com\/se\/wp-content\/uploads\/sites\/5\/2021\/08\/bozita-katter-ar-kottatare.jpg\" \/>\n\t<meta property=\"og:image:width\" content=\"800\" \/>\n\t<meta property=\"og:image:height\" content=\"533\" \/>\n\t<meta property=\"og:image:type\" content=\"image\/jpeg\" \/>\n<meta name=\"twitter:card\" content=\"summary_large_image\" \/>\n<!-- \/ Yoast SEO plugin. -->","yoast_head_json":{"title":"Vad \u00e4ter katter och hur mycket ska en katt \u00e4ta? | Bozita","description":"Vad \u00e4ter katter och vad m\u00e5r de b\u00e4st av? Bra balans \u00e4r viktigt f\u00f6r ett l\u00e5ngt, h\u00e4lsosamt liv. L\u00e4s Bozitas r\u00e5d om vad, hur mycket och hur ofta katten ska \u00e4ta.","robots":{"index":"index","follow":"follow","max-snippet":"max-snippet:-1","max-image-preview":"max-image-preview:large","max-video-preview":"max-video-preview:-1"},"canonical":"https:\/\/bozita.com\/se\/kattfoder\/nutrition-och-kost\/protein-och-starkelse-ar-viktiga-komponenter-i-en-katts-diet\/","og_locale":"sv_SE","og_type":"article","og_title":"Vad \u00e4ter katter och hur mycket ska en katt \u00e4ta? | Bozita","og_description":"Vad \u00e4ter katter och vad m\u00e5r de b\u00e4st av? Bra balans \u00e4r viktigt f\u00f6r ett l\u00e5ngt, h\u00e4lsosamt liv. L\u00e4s Bozitas r\u00e5d om vad, hur mycket och hur ofta katten ska \u00e4ta.","og_url":"https:\/\/bozita.com\/se\/kattfoder\/nutrition-och-kost\/protein-och-starkelse-ar-viktiga-komponenter-i-en-katts-diet\/","og_site_name":"Bozita Sverige","article_modified_time":"2021-08-26T21:33:56+00:00","og_image":[{"width":800,"height":533,"url":"https:\/\/bozita.com\/se\/wp-content\/uploads\/sites\/5\/2021\/08\/bozita-katter-ar-kottatare.jpg","type":"image\/jpeg"}],"twitter_card":"summary_large_image","schema":{"@context":"https:\/\/schema.org","@graph":[{"@type":"WebPage","@id":"https:\/\/bozita.com\/se\/kattfoder\/nutrition-och-kost\/protein-och-starkelse-ar-viktiga-komponenter-i-en-katts-diet\/","url":"https:\/\/bozita.com\/se\/kattfoder\/nutrition-och-kost\/protein-och-starkelse-ar-viktiga-komponenter-i-en-katts-diet\/","name":"Vad \u00e4ter katter och hur mycket ska en katt \u00e4ta? | Bozita","isPartOf":{"@id":"https:\/\/bozita.com\/se\/#website"},"datePublished":"2021-06-22T23:00:27+00:00","dateModified":"2021-08-26T21:33:56+00:00","description":"Vad \u00e4ter katter och vad m\u00e5r de b\u00e4st av? Bra balans \u00e4r viktigt f\u00f6r ett l\u00e5ngt, h\u00e4lsosamt liv. L\u00e4s Bozitas r\u00e5d om vad, hur mycket och hur ofta katten ska \u00e4ta.","breadcrumb":{"@id":"https:\/\/bozita.com\/se\/kattfoder\/nutrition-och-kost\/protein-och-starkelse-ar-viktiga-komponenter-i-en-katts-diet\/#breadcrumb"},"inLanguage":"sv-SE","potentialAction":[{"@type":"ReadAction","target":["https:\/\/bozita.com\/se\/kattfoder\/nutrition-och-kost\/protein-och-starkelse-ar-viktiga-komponenter-i-en-katts-diet\/"]}]},{"@type":"BreadcrumbList","@id":"https:\/\/bozita.com\/se\/kattfoder\/nutrition-och-kost\/protein-och-starkelse-ar-viktiga-komponenter-i-en-katts-diet\/#breadcrumb","itemListElement":[{"@type":"ListItem","position":1,"name":"Home","item":"https:\/\/bozita.com\/se\/"},{"@type":"ListItem","position":2,"name":"Kattfoder","item":"https:\/\/bozita.com\/se\/kattfoder\/"},{"@type":"ListItem","position":3,"name":"Nutrition och kost","item":"https:\/\/bozita.com\/se\/kattfoder\/nutrition-och-kost\/"},{"@type":"ListItem","position":4,"name":"Vad \u00e4ter katter?"}]},{"@type":"WebSite","@id":"https:\/\/bozita.com\/se\/#website","url":"https:\/\/bozita.com\/se\/","name":"Bozita Sverige","description":"","potentialAction":[{"@type":"SearchAction","target":{"@type":"EntryPoint","urlTemplate":"https:\/\/bozita.com\/se\/?s={search_term_string}"},"query-input":"required name=search_term_string"}],"inLanguage":"sv-SE"}]}},"_links":{"self":[{"href":"https:\/\/bozita.com\/se\/wp-json\/wp\/v2\/pages\/1893"}],"collection":[{"href":"https:\/\/bozita.com\/se\/wp-json\/wp\/v2\/pages"}],"about":[{"href":"https:\/\/bozita.com\/se\/wp-json\/wp\/v2\/types\/page"}],"author":[{"embeddable":true,"href":"https:\/\/bozita.com\/se\/wp-json\/wp\/v2\/users\/1"}],"replies":[{"embeddable":true,"href":"https:\/\/bozita.com\/se\/wp-json\/wp\/v2\/comments?post=1893"}],"version-history":[{"count":9,"href":"https:\/\/bozita.com\/se\/wp-json\/wp\/v2\/pages\/1893\/revisions"}],"predecessor-version":[{"id":3975,"href":"https:\/\/bozita.com\/se\/wp-json\/wp\/v2\/pages\/1893\/revisions\/3975"}],"up":[{"embeddable":true,"href":"https:\/\/bozita.com\/se\/wp-json\/wp\/v2\/pages\/69"}],"wp:featuredmedia":[{"embeddable":true,"href":"https:\/\/bozita.com\/se\/wp-json\/wp\/v2\/media\/3464"}],"wp:attachment":[{"href":"https:\/\/bozita.com\/se\/wp-json\/wp\/v2\/media?parent=1893"}],"curies":[{"name":"wp","href":"https:\/\/api.w.org\/{rel}","templated":true}]}}