{"id":1896,"date":"2021-06-22T23:02:08","date_gmt":"2021-06-22T23:02:08","guid":{"rendered":"https:\/\/bozita.com\/se\/?page_id=1896"},"modified":"2021-08-26T21:33:07","modified_gmt":"2021-08-26T21:33:07","slug":"fordelarna-med-att-ge-katten-vatmat-varje-dag","status":"publish","type":"page","link":"https:\/\/bozita.com\/se\/kattfoder\/nutrition-och-kost\/fordelarna-med-att-ge-katten-vatmat-varje-dag\/","title":{"rendered":"F\u00f6rdelarna med att ge katten v\u00e5tmat varje dag"},"content":{"rendered":"\t\t<section class=\"small-hero\">\n\t\t\t<div class=\"container\">\n\t\t\t\t<h1 class=\"small-hero-title\">F\u00f6rdelarna med att ge katten v\u00e5tmat varje dag<\/h1>\t\t\t<\/div>\n\t\t\t<\/div>\n\t\t<\/section>\n\t\n\n\t<div class=\"text-box-warp\">\n\t\t<div class=\"container\">\n\t\t\t<div class=\"text-content\">\n\t\t\t\t<p>Vissa katt\u00e4gare kan dra sig fr\u00e5n att ge sin katt v\u00e5tmat eftersom det kan upplevas kladdigt och besv\u00e4rligt att en \u00f6ppnad f\u00f6rpackning m\u00e5ste f\u00f6rvaras kylt. Dock finns det m\u00e5nga f\u00f6rdelar med att utfodra katten med just v\u00e5tmat. Inte minst \u00e4r det v\u00e4ldigt gott!<\/p>\n<h2>V\u00c5TMAT GER MER V\u00c4TSKA<\/h2>\n<p>Utfodring med v\u00e5tmat eller som ett komplement till torrfoder g\u00f6r att katten f\u00e5r i sig rikliga m\u00e4ngder vatten. Det beror p\u00e5 att de f\u00e4rska animaliska r\u00e5varorna naturligt inneh\u00e5ller mycket v\u00e4tska, samt att vatten \u00e4r en komponent i den bindande gel\u00e9n som h\u00e5ller ihop bitarna eller pat\u00e9n.<\/p>\n<p>Att katten f\u00e5r i sig tillr\u00e4ckligt med v\u00e4tska \u00e4r n\u00f6dv\u00e4ndigt f\u00f6r en m\u00e4ngd funktioner i kroppen och det minskar \u00e4ven risken f\u00f6r urinsten. Katter som endast \u00e4ter torrfoder f\u00e5r ofta i sig f\u00f6r lite v\u00e4tska vilket leder till en \u00f6verdrivet koncentrerad urin och d\u00e4rmed \u00f6kad risk f\u00f6r bildandet av urinstenar.<\/p>\n<h2>V\u00c5TMAT HJ\u00c4LPER KATTEN ATT H\u00c5LLA R\u00c4TT VIKT<\/h2>\n<p>Men det \u00e4r inte bara ur v\u00e4tskesynpunkt som v\u00e5tmat \u00e4r positivt. Det hj\u00e4lper \u00e4ven katten att h\u00e5lla ideal vikt. Torrfoder \u00e4r en v\u00e4ldigt koncentrerad form av energi och 100 gram torrfoder ger ungef\u00e4r fyra g\u00e5nger s\u00e5 mycket energi som 100 gram v\u00e5tmat. Genom att utfodra med v\u00e5tmat ger du d\u00e4rf\u00f6r katten en chans att bli ordentligt m\u00e4tt vid ett l\u00e4gre energiintag, och katten kommer l\u00e4ttare kunna h\u00e5lla normal vikt.<\/p>\n<p>\u00d6vervikt bland katter \u00e4r ett stort problem som f\u00f6rs\u00e4mrar katternas livskvalitet och kan leda till en rad allvarliga sjukdomar. D\u00e4rf\u00f6r m\u00e5ste man som katt\u00e4gare vara noga med att inte \u00f6verutfodra samt att ge katten b\u00e4sta m\u00f6jliga f\u00f6ruts\u00e4ttningar f\u00f6r ett h\u00e4lsosamt liv.<\/p>\n<ul>\n<li><a title=\"V\u00e5tfoder\" href=\"https:\/\/bozita.com\/se\/kattfoder\/vatfoder\/\">Bozita v\u00e5tfoder till katter finns i en m\u00e4ngd olika, sp\u00e4nnande smaker<\/a><\/li>\n<\/ul>\n<h2>TETRA RECART OCH ENPORTIONSF\u00d6RPACKNINGAR G\u00d6R DET ENKELT<\/h2>\n<p>Ett flertal av Bozitas v\u00e5tmatsmaker kommer i en smart <a title=\"Klimatsmart f\u00f6rpackning\" href=\"https:\/\/bozita.com\/se\/darfor-bozita\/klimatsmart-forpackning\/\" data-id=\"6250\">Tetra Recart\u00ae-f\u00f6rpackning<\/a> som \u00e4r l\u00e4tt att b\u00e5de \u00f6ppna och \u00e5terf\u00f6rsluta. Den h\u00e5ller b\u00e5de maten och ditt kylsk\u00e5p fr\u00e4scht. F\u00f6rpackningen \u00e4r dessutom milj\u00f6v\u00e4nlig och l\u00e4tt att \u00e5tervinna.<\/p>\n<p>Numera finns \u00e4ven v\u00e5tmat i enportionsf\u00f6rpackningar som f\u00f6renklar b\u00e5de servering och f\u00f6rvaring. De \u00e4r ocks\u00e5 beh\u00e4ndiga att ta med om du har planer p\u00e5 att resa med din katt.<\/p>\n<p>Unna din katt \u00e5tminstone ett m\u00e5l v\u00e5tmat om dagen \u2013 det \u00e4r inte bara nyttigt f\u00f6r din katt utan ofta v\u00e4ldigt uppskattat!<\/p>\n\t\t\t<\/div>\n\t\t<\/div>\n\t<\/div>\n\n\n<section class=\"block product-promos\">\n\t<div class=\"container\">\n\t\t<div class=\"row align-items-center\">\n\t\t\t<div class=\"col-md-5\">\n\t\t\t\t<div class=\"prdt__promos-heading\">\n\t\t\t\t\t<h3>\n\t\t\t\t\t\tN\u00e5gra v\u00e5tmatfavoriter\t\t\t\t\t<\/h3>\n\t\t\t\t\t\t\t\t\t<\/div>\n\t\t\t<\/div>\n\t\t\t<div class=\"col-md-7\">\n\t\t\t\t\t\t\t\t\t<div class=\"owl-carousel owl-theme product-promo-carousel\">\n\t\t\t\t\t\t\t\t\t\t\t\t\t<a href=\"https:\/\/bozita.com\/se\/kattfoder\/bozita-bitar-i-sas-med-ren-2\/\">\n\t\t\t\t\t\t\t\t<div class=\"blk__prdt-item\">\n\t\t\t\t\t\t\t\t\t<figure>\n\t\t\t\t\t\t\t\t\t\t<img loading=\"lazy\" decoding=\"async\" width=\"600\" height=\"600\" src=\"https:\/\/bozita.com\/se\/wp-content\/uploads\/sites\/5\/2024\/08\/64930_Validoo-Bozita-Reindeer-LoRes-Web.jpg\" class=\"attachment-post-thumbnail size-post-thumbnail wp-post-image\" alt=\"FRITT STR\u00d6VANDE REN I S\u00c5S\" srcset=\"https:\/\/bozita.com\/se\/wp-content\/uploads\/sites\/5\/2024\/08\/64930_Validoo-Bozita-Reindeer-LoRes-Web.jpg 600w, https:\/\/bozita.com\/se\/wp-content\/uploads\/sites\/5\/2024\/08\/64930_Validoo-Bozita-Reindeer-LoRes-Web-300x300.jpg 300w, https:\/\/bozita.com\/se\/wp-content\/uploads\/sites\/5\/2024\/08\/64930_Validoo-Bozita-Reindeer-LoRes-Web-150x150.jpg 150w\" sizes=\"(max-width: 600px) 100vw, 600px\" \/>\t\t\t\t\t\t\t\t\t\t\t\t\t\t\t\t\t\t\t<\/figure>\n\t\t\t\t\t\t\t\t\t<h4 class=\"carousel-title\"><\/h4>\n\t\t\t\t\t\t\t\t\t<span class=\"carousel-category\">FRITT STR\u00d6VANDE REN I S\u00c5S<\/span>\n\t\t\t\t\t\t\t\t\t  \n\t\t\t\t\t\t\t\t\t<ul class=\"category-list\">\n\t\t\t\t\t\t\t\t\t\t\t\t\t\t\t\t\t\t\t\t\t\t\t<li class=\"svg-image\">\n\t\t\t\t\t\t\t\t\t\t\t\t\t\t<img decoding=\"async\" src=\"https:\/\/bozita.com\/se\/wp-content\/uploads\/sites\/5\/2021\/06\/icon-grain-free.svg\" \/>\n\t\t\t\t\t\t\t\t\t\t\t\t\t<\/li>\n\t\t\t\t\t\t\t\t\t\t\t\t\t\t\t\t\t\t\t\t\t\t\t\t\t\t<li class=\"svg-image\">\n\t\t\t\t\t\t\t\t\t\t\t\t\t\t<img decoding=\"async\" src=\"https:\/\/bozita.com\/se\/wp-content\/uploads\/sites\/5\/2021\/06\/icon-wheat-free.svg\" \/>\n\t\t\t\t\t\t\t\t\t\t\t\t\t<\/li>\n\t\t\t\t\t\t\t\t\t\t\t\t\t\t\t\t\t\t\t\t\t\t\t\t\t\t\t\t\t\t\t\t\t\t\t\t<li class=\"svg-image\">\n\t\t\t\t\t\t\t\t\t\t\t\t\t\t<img decoding=\"async\" src=\"https:\/\/bozita.com\/se\/wp-content\/uploads\/sites\/5\/2021\/06\/icon-flavour-reindeer.svg\" \/>\n\t\t\t\t\t\t\t\t\t\t\t\t\t<\/li>\n\t\t\t\t\t\t\t\t\t\t\t\t\t\t\t\t\t\t\t\t\t\t<\/ul>       \n\n\t\t\t\t\t\t\t\t<\/div>\n\t\t\t\t\t\t\t<\/a>\n\t\t\t\t\t\t\t\t\t\t\t\t\t\t\t\t\t\t\t\t<a href=\"https:\/\/bozita.com\/se\/kattfoder\/lamm-i-sas\/\">\n\t\t\t\t\t\t\t\t<div class=\"blk__prdt-item\">\n\t\t\t\t\t\t\t\t\t<figure>\n\t\t\t\t\t\t\t\t\t\t<img loading=\"lazy\" decoding=\"async\" width=\"600\" height=\"600\" src=\"https:\/\/bozita.com\/se\/wp-content\/uploads\/sites\/5\/2021\/06\/Bozita-cat-tetra-fresh-menu-lamb-sauce.jpg\" class=\"attachment-post-thumbnail size-post-thumbnail wp-post-image\" alt=\"V\u00e5tfoder till katt med smak av lamm\" srcset=\"https:\/\/bozita.com\/se\/wp-content\/uploads\/sites\/5\/2021\/06\/Bozita-cat-tetra-fresh-menu-lamb-sauce.jpg 600w, https:\/\/bozita.com\/se\/wp-content\/uploads\/sites\/5\/2021\/06\/Bozita-cat-tetra-fresh-menu-lamb-sauce-300x300.jpg 300w, https:\/\/bozita.com\/se\/wp-content\/uploads\/sites\/5\/2021\/06\/Bozita-cat-tetra-fresh-menu-lamb-sauce-150x150.jpg 150w\" sizes=\"(max-width: 600px) 100vw, 600px\" \/>\t\t\t\t\t\t\t\t\t\t\t\t\t\t\t\t\t\t\t<\/figure>\n\t\t\t\t\t\t\t\t\t<h4 class=\"carousel-title\"><\/h4>\n\t\t\t\t\t\t\t\t\t<span class=\"carousel-category\">Lamm &#8211; i s\u00e5s<\/span>\n\t\t\t\t\t\t\t\t\t  \n\t\t\t\t\t\t\t\t\t<ul class=\"category-list\">\n\t\t\t\t\t\t\t\t\t\t\t\t\t\t\t\t\t\t\t\t\t\t\t<li class=\"svg-image\">\n\t\t\t\t\t\t\t\t\t\t\t\t\t\t<img decoding=\"async\" src=\"https:\/\/bozita.com\/se\/wp-content\/uploads\/sites\/5\/2021\/06\/icon-grain-free.svg\" \/>\n\t\t\t\t\t\t\t\t\t\t\t\t\t<\/li>\n\t\t\t\t\t\t\t\t\t\t\t\t\t\t\t\t\t\t\t\t\t\t\t\t\t\t\t\t\t\t\t\t\t\t\t\t<li class=\"svg-image\">\n\t\t\t\t\t\t\t\t\t\t\t\t\t\t<img decoding=\"async\" src=\"https:\/\/bozita.com\/se\/wp-content\/uploads\/sites\/5\/2021\/06\/icon-flavour-lamb.svg\" \/>\n\t\t\t\t\t\t\t\t\t\t\t\t\t<\/li>\n\t\t\t\t\t\t\t\t\t\t\t\t\t\t\t\t\t\t\t\t\t\t<\/ul>       \n\n\t\t\t\t\t\t\t\t<\/div>\n\t\t\t\t\t\t\t<\/a>\n\t\t\t\t\t\t\t\t\t\t\t\t\t\t\t\t\t\t\t\t\t\t\t\t\t\t\t<a href=\"https:\/\/bozita.com\/se\/kattfoder\/bozita-bitar-i-sas-med-lax-2\/\">\n\t\t\t\t\t\t\t\t<div class=\"blk__prdt-item\">\n\t\t\t\t\t\t\t\t\t<figure>\n\t\t\t\t\t\t\t\t\t\t<img loading=\"lazy\" decoding=\"async\" width=\"600\" height=\"600\" src=\"https:\/\/bozita.com\/se\/wp-content\/uploads\/sites\/5\/2024\/07\/64933_Bozita-Salmon-HiRes-Marknad.jpg\" class=\"attachment-post-thumbnail size-post-thumbnail wp-post-image\" alt=\"NORDISK LAX I S\u00c5S\" srcset=\"https:\/\/bozita.com\/se\/wp-content\/uploads\/sites\/5\/2024\/07\/64933_Bozita-Salmon-HiRes-Marknad.jpg 600w, https:\/\/bozita.com\/se\/wp-content\/uploads\/sites\/5\/2024\/07\/64933_Bozita-Salmon-HiRes-Marknad-300x300.jpg 300w, https:\/\/bozita.com\/se\/wp-content\/uploads\/sites\/5\/2024\/07\/64933_Bozita-Salmon-HiRes-Marknad-150x150.jpg 150w\" sizes=\"(max-width: 600px) 100vw, 600px\" \/>\t\t\t\t\t\t\t\t\t\t\t\t\t\t\t\t\t\t\t<\/figure>\n\t\t\t\t\t\t\t\t\t<h4 class=\"carousel-title\"><\/h4>\n\t\t\t\t\t\t\t\t\t<span class=\"carousel-category\">NORDISK LAX I S\u00c5S<\/span>\n\t\t\t\t\t\t\t\t\t  \n\t\t\t\t\t\t\t\t\t<ul class=\"category-list\">\n\t\t\t\t\t\t\t\t\t\t\t\t\t\t\t\t\t\t\t\t\t\t\t<li class=\"svg-image\">\n\t\t\t\t\t\t\t\t\t\t\t\t\t\t<img decoding=\"async\" src=\"https:\/\/bozita.com\/se\/wp-content\/uploads\/sites\/5\/2021\/06\/icon-grain-free.svg\" \/>\n\t\t\t\t\t\t\t\t\t\t\t\t\t<\/li>\n\t\t\t\t\t\t\t\t\t\t\t\t\t\t\t\t\t\t\t\t\t\t\t\t\t\t<li class=\"svg-image\">\n\t\t\t\t\t\t\t\t\t\t\t\t\t\t<img decoding=\"async\" src=\"https:\/\/bozita.com\/se\/wp-content\/uploads\/sites\/5\/2021\/06\/icon-wheat-free.svg\" \/>\n\t\t\t\t\t\t\t\t\t\t\t\t\t<\/li>\n\t\t\t\t\t\t\t\t\t\t\t\t\t\t\t\t\t\t\t\t\t\t\t\t\t\t\t\t\t\t\t\t\t\t\t\t<li class=\"svg-image\">\n\t\t\t\t\t\t\t\t\t\t\t\t\t\t<img decoding=\"async\" src=\"https:\/\/bozita.com\/se\/wp-content\/uploads\/sites\/5\/2021\/06\/icon-flavour-salmon.svg\" \/>\n\t\t\t\t\t\t\t\t\t\t\t\t\t<\/li>\n\t\t\t\t\t\t\t\t\t\t\t\t\t\t\t\t\t\t\t\t\t\t<\/ul>       \n\n\t\t\t\t\t\t\t\t<\/div>\n\t\t\t\t\t\t\t<\/a>\n\t\t\t\t\t\t\t\t\t\t\t\t\t\t\t\t\t\t\t\t<a href=\"https:\/\/bozita.com\/se\/kattfoder\/bozita-bitar-i-gele-med-alg-3\/\">\n\t\t\t\t\t\t\t\t<div class=\"blk__prdt-item\">\n\t\t\t\t\t\t\t\t\t<figure>\n\t\t\t\t\t\t\t\t\t\t<img loading=\"lazy\" decoding=\"async\" width=\"400\" height=\"400\" src=\"https:\/\/bozita.com\/se\/wp-content\/uploads\/sites\/5\/2021\/06\/4918-bozita-tetra-jelly-elk.png\" class=\"attachment-post-thumbnail size-post-thumbnail wp-post-image\" alt=\"ACTIVE &amp; STERILISERAD MED LAMM\" srcset=\"https:\/\/bozita.com\/se\/wp-content\/uploads\/sites\/5\/2021\/06\/4918-bozita-tetra-jelly-elk.png 400w, https:\/\/bozita.com\/se\/wp-content\/uploads\/sites\/5\/2021\/06\/4918-bozita-tetra-jelly-elk-300x300.png 300w, https:\/\/bozita.com\/se\/wp-content\/uploads\/sites\/5\/2021\/06\/4918-bozita-tetra-jelly-elk-150x150.png 150w\" sizes=\"(max-width: 400px) 100vw, 400px\" \/>\t\t\t\t\t\t\t\t\t\t\t\t\t\t\t\t\t\t\t<\/figure>\n\t\t\t\t\t\t\t\t\t<h4 class=\"carousel-title\"><\/h4>\n\t\t\t\t\t\t\t\t\t<span class=\"carousel-category\">Privat: BITAR I GEL\u00c9 MED \u00c4LG<\/span>\n\t\t\t\t\t\t\t\t\t  \n\t\t\t\t\t\t\t\t\t<ul class=\"category-list\">\n\t\t\t\t\t\t\t\t\t\t\t\t\t\t\t\t\t\t\t\t\t\t\t<li class=\"svg-image\">\n\t\t\t\t\t\t\t\t\t\t\t\t\t\t<img decoding=\"async\" src=\"https:\/\/bozita.com\/se\/wp-content\/uploads\/sites\/5\/2021\/06\/icon-grain-free.svg\" \/>\n\t\t\t\t\t\t\t\t\t\t\t\t\t<\/li>\n\t\t\t\t\t\t\t\t\t\t\t\t\t\t\t\t\t\t\t\t\t\t\t\t\t\t<li class=\"svg-image\">\n\t\t\t\t\t\t\t\t\t\t\t\t\t\t<img decoding=\"async\" src=\"https:\/\/bozita.com\/se\/wp-content\/uploads\/sites\/5\/2021\/06\/icon-wheat-free.svg\" \/>\n\t\t\t\t\t\t\t\t\t\t\t\t\t<\/li>\n\t\t\t\t\t\t\t\t\t\t\t\t\t\t\t\t\t\t\t\t\t\t\t\t\t\t\t\t\t\t\t\t\t\t\t\t<li class=\"svg-image\">\n\t\t\t\t\t\t\t\t\t\t\t\t\t\t<img decoding=\"async\" src=\"https:\/\/bozita.com\/se\/wp-content\/uploads\/sites\/5\/2021\/06\/icon-flavour-elk.svg\" \/>\n\t\t\t\t\t\t\t\t\t\t\t\t\t<\/li>\n\t\t\t\t\t\t\t\t\t\t\t\t\t\t\t\t\t\t\t\t\t\t<\/ul>       \n\n\t\t\t\t\t\t\t\t<\/div>\n\t\t\t\t\t\t\t<\/a>\n\t\t\t\t\t\t\t\t\t\t\t\t\t\t\t\t\t\t<\/div>\n\t\t\t\t\t\t\t<\/div>\n\t\t<\/div>\n\t<\/div>\n<\/section>\n<script>\njQuery(document).ready(function($) {\n\tjQuery('.product-promo-carousel').owlCarousel({\n\tloop: true,\n\tmargin: 10,\n\tresponsiveClass: true,\n\tresponsive: {\n\t\t0: {\n\t\titems: 1,\n\t\tnav: true\n\t\t},\n\t\t600: {\n\t\titems: 1,\n\t\tnav: true\n\t\t},\n\t\t1000: {\n\t\titems: 2,\n\t\tnav: true,\n\t\t}\n\t}\n\t})\n\tjQuery(\".owl-prev\").html('<span><<\/span>');\n\tjQuery(\".owl-next\").html('<span>><\/span>');\n\n\tvar slider = jQuery('.promo-slider-list');\n\tslider.owlCarousel();\n\tjQuery('.nextbtn-a').click(function() {\n\tslider.trigger('next.owl.carousel');\n\t})\n\t\/\/ Go to the previous item\n\tjQuery('.prebtn-a').click(function() {\n\tslider.trigger('prev.owl.carousel', [300]);\n\t})\n});\n<\/script>\n\n\n\n\t<section class=\"block related-articles\">\n\t\t<div class=\"container\">\n\t\t\t<h2>Relaterade artiklar<\/h2>\n\t\t\t<div class=\"row justify-content-center\">\n\t\t\t\t\t\t\t\t\t\t<div class=\"col-sm-6 col-md-6 col-lg-3\">\n\t\t\t\t\t\t\t\t\t\t\t\t\t\t<div class=\"card \">\n\t\t\t\t\t\t\t\t\t\t\t\t\t\t\t\t\t<img decoding=\"async\"  src=\"https:\/\/bozita.com\/se\/wp-content\/uploads\/sites\/5\/2021\/08\/bozita-katter-ar-kottatare.jpg\" alt=\"\">\n\t\t\t\t\t\t\t\t\t\t\t\t\t\t\t\t\t<!-- <img decoding=\"async\" src=\"\n\t\t\t\t\t\t\t\t\t\t\t\t\t\t\t\t\t\t\t\t\" alt=\"\n\t\t\t\t\t\t\t\t\t\t\t\t\t\t\t\t\t\t\t\t\t\t\t\t\t\t\t\"> -->\n\t\t\t\t\t\t\t\t<div class=\"card-body\">\n\t\t\t\t\t\t\t\t\t\t\t\t\t\t\t\t\t\t\t<h6>Vad \u00e4ter katter?<\/h6>\n\t\t\t\t\t\t\t\t\t\t\t\t\t\t\t\t\t\t\t<a href=\"https:\/\/bozita.com\/se\/kattfoder\/nutrition-och-kost\/protein-och-starkelse-ar-viktiga-komponenter-i-en-katts-diet\/\">L\u00e4s mer &nbsp; ><\/a>\n\t\t\t\t\t\t\t\t<\/div>\n\t\t\t\t\t\t\t<\/div>\n\t\t\t\t\t\t<\/div>\n\n\t\t\t\t\t\t\t\t\t\t\t<div class=\"col-sm-6 col-md-6 col-lg-3\">\n\t\t\t\t\t\t\t\t\t\t\t\t\t\t<div class=\"card \">\n\t\t\t\t\t\t\t\t\t\t\t\t\t\t\t\t\t<img decoding=\"async\"  src=\"https:\/\/bozita.com\/se\/wp-content\/uploads\/sites\/5\/2021\/08\/bozita-katt-ater-inte-dricker-inte-krasen-dalig-aptit.jpg\" alt=\"\">\n\t\t\t\t\t\t\t\t\t\t\t\t\t\t\t\t\t<!-- <img decoding=\"async\" src=\"\n\t\t\t\t\t\t\t\t\t\t\t\t\t\t\t\t\t\t\t\t\" alt=\"\n\t\t\t\t\t\t\t\t\t\t\t\t\t\t\t\t\t\t\t\t\t\t\t\t\t\t\t\"> -->\n\t\t\t\t\t\t\t\t<div class=\"card-body\">\n\t\t\t\t\t\t\t\t\t\t\t\t\t\t\t\t\t\t\t<h6>Katt som inte \u00e4ter eller dricker?<\/h6>\n\t\t\t\t\t\t\t\t\t\t\t\t\t\t\t\t\t\t\t<a href=\"https:\/\/bozita.com\/se\/kattfoder\/nutrition-och-kost\/vad-ska-man-gora-med-en-katt-som-inte-ater-eller-dricker\/\">L\u00e4s mer &nbsp; ><\/a>\n\t\t\t\t\t\t\t\t<\/div>\n\t\t\t\t\t\t\t<\/div>\n\t\t\t\t\t\t<\/div>\n\n\t\t\t\t\t\t\t\t\t\t\t<div class=\"col-sm-6 col-md-6 col-lg-3\">\n\t\t\t\t\t\t\t\t\t\t\t\t\t\t<div class=\"card \">\n\t\t\t\t\t\t\t\t\t\t\t\t\t\t\t\t\t<img decoding=\"async\"  src=\"https:\/\/bozita.com\/se\/wp-content\/uploads\/sites\/5\/2021\/07\/bozita-katt-ratt-hull-guide.jpeg\" alt=\"\">\n\t\t\t\t\t\t\t\t\t\t\t\t\t\t\t\t\t<!-- <img decoding=\"async\" src=\"\n\t\t\t\t\t\t\t\t\t\t\t\t\t\t\t\t\t\t\t\t\" alt=\"\n\t\t\t\t\t\t\t\t\t\t\t\t\t\t\t\t\t\t\t\t\t\t\t\t\t\t\t\"> -->\n\t\t\t\t\t\t\t\t<div class=\"card-body\">\n\t\t\t\t\t\t\t\t\t\t\t\t\t\t\t\t\t\t\t<h6>Hur mycket ska en katt v\u00e4ga?<\/h6>\n\t\t\t\t\t\t\t\t\t\t\t\t\t\t\t\t\t\t\t<a href=\"https:\/\/bozita.com\/se\/katt\/kattens-halsa\/haller-din-katt-ratt-vikt-ta-hjalp-av-var-bedomningsguide\/\">L\u00e4s mer &nbsp; ><\/a>\n\t\t\t\t\t\t\t\t<\/div>\n\t\t\t\t\t\t\t<\/div>\n\t\t\t\t\t\t<\/div>\n\n\t\t\t\t\t\t\t\t\t\t\t\t<\/div>\n\t\t<\/div>\n\t<\/section>\n","protected":false},"excerpt":{"rendered":"","protected":false},"author":1,"featured_media":3497,"parent":69,"menu_order":0,"comment_status":"closed","ping_status":"closed","template":"guternberg.php","meta":{"footnotes":""},"acf":[],"yoast_head":"<!-- This site is optimized with the Yoast SEO plugin v21.3 - https:\/\/yoast.com\/wordpress\/plugins\/seo\/ -->\n<title>V\u00e5tmat varje dag ger extra v\u00e4tska och hj\u00e4lper katten h\u00e5lla vikten | Bozita<\/title>\n<meta name=\"description\" content=\"Det finns flera f\u00f6rdelar med att ge en katt v\u00e5tmat varje dag. V\u00e5tmat g\u00f6r att katten f\u00e5r i sig tillr\u00e4ckligt med v\u00e4tska och minskar risken f\u00f6r urinsten. V\u00e5tmat inneh\u00e5ller mindre energi \u00e4n torrfoder. D\u00e5 kan din katt \u00e4ta sig m\u00e4tt utan och f\u00e5 i sig f\u00f6r mycket energi och f\u00e5r l\u00e4ttare att h\u00e5lla r\u00e4tt vikt.\" \/>\n<meta name=\"robots\" content=\"index, follow, max-snippet:-1, max-image-preview:large, max-video-preview:-1\" \/>\n<link rel=\"canonical\" href=\"https:\/\/bozita.com\/se\/kattfoder\/nutrition-och-kost\/fordelarna-med-att-ge-katten-vatmat-varje-dag\/\" \/>\n<meta property=\"og:locale\" content=\"sv_SE\" \/>\n<meta property=\"og:type\" content=\"article\" \/>\n<meta property=\"og:title\" content=\"V\u00e5tmat varje dag ger extra v\u00e4tska och hj\u00e4lper katten h\u00e5lla vikten | Bozita\" \/>\n<meta property=\"og:description\" content=\"Det finns flera f\u00f6rdelar med att ge en katt v\u00e5tmat varje dag. V\u00e5tmat g\u00f6r att katten f\u00e5r i sig tillr\u00e4ckligt med v\u00e4tska och minskar risken f\u00f6r urinsten. V\u00e5tmat inneh\u00e5ller mindre energi \u00e4n torrfoder. D\u00e5 kan din katt \u00e4ta sig m\u00e4tt utan och f\u00e5 i sig f\u00f6r mycket energi och f\u00e5r l\u00e4ttare att h\u00e5lla r\u00e4tt vikt.\" \/>\n<meta property=\"og:url\" content=\"https:\/\/bozita.com\/se\/kattfoder\/nutrition-och-kost\/fordelarna-med-att-ge-katten-vatmat-varje-dag\/\" \/>\n<meta property=\"og:site_name\" content=\"Bozita Sverige\" \/>\n<meta property=\"article:modified_time\" content=\"2021-08-26T21:33:07+00:00\" \/>\n<meta property=\"og:image\" content=\"https:\/\/bozita.com\/se\/wp-content\/uploads\/sites\/5\/2021\/08\/bozita_swedish-natural-quality.jpg\" \/>\n\t<meta property=\"og:image:width\" content=\"800\" \/>\n\t<meta property=\"og:image:height\" content=\"533\" \/>\n\t<meta property=\"og:image:type\" content=\"image\/jpeg\" \/>\n<meta name=\"twitter:card\" content=\"summary_large_image\" \/>\n<!-- \/ Yoast SEO plugin. -->","yoast_head_json":{"title":"V\u00e5tmat varje dag ger extra v\u00e4tska och hj\u00e4lper katten h\u00e5lla vikten | Bozita","description":"Det finns flera f\u00f6rdelar med att ge en katt v\u00e5tmat varje dag. V\u00e5tmat g\u00f6r att katten f\u00e5r i sig tillr\u00e4ckligt med v\u00e4tska och minskar risken f\u00f6r urinsten. V\u00e5tmat inneh\u00e5ller mindre energi \u00e4n torrfoder. D\u00e5 kan din katt \u00e4ta sig m\u00e4tt utan och f\u00e5 i sig f\u00f6r mycket energi och f\u00e5r l\u00e4ttare att h\u00e5lla r\u00e4tt vikt.","robots":{"index":"index","follow":"follow","max-snippet":"max-snippet:-1","max-image-preview":"max-image-preview:large","max-video-preview":"max-video-preview:-1"},"canonical":"https:\/\/bozita.com\/se\/kattfoder\/nutrition-och-kost\/fordelarna-med-att-ge-katten-vatmat-varje-dag\/","og_locale":"sv_SE","og_type":"article","og_title":"V\u00e5tmat varje dag ger extra v\u00e4tska och hj\u00e4lper katten h\u00e5lla vikten | Bozita","og_description":"Det finns flera f\u00f6rdelar med att ge en katt v\u00e5tmat varje dag. V\u00e5tmat g\u00f6r att katten f\u00e5r i sig tillr\u00e4ckligt med v\u00e4tska och minskar risken f\u00f6r urinsten. V\u00e5tmat inneh\u00e5ller mindre energi \u00e4n torrfoder. D\u00e5 kan din katt \u00e4ta sig m\u00e4tt utan och f\u00e5 i sig f\u00f6r mycket energi och f\u00e5r l\u00e4ttare att h\u00e5lla r\u00e4tt vikt.","og_url":"https:\/\/bozita.com\/se\/kattfoder\/nutrition-och-kost\/fordelarna-med-att-ge-katten-vatmat-varje-dag\/","og_site_name":"Bozita Sverige","article_modified_time":"2021-08-26T21:33:07+00:00","og_image":[{"width":800,"height":533,"url":"https:\/\/bozita.com\/se\/wp-content\/uploads\/sites\/5\/2021\/08\/bozita_swedish-natural-quality.jpg","type":"image\/jpeg"}],"twitter_card":"summary_large_image","schema":{"@context":"https:\/\/schema.org","@graph":[{"@type":"WebPage","@id":"https:\/\/bozita.com\/se\/kattfoder\/nutrition-och-kost\/fordelarna-med-att-ge-katten-vatmat-varje-dag\/","url":"https:\/\/bozita.com\/se\/kattfoder\/nutrition-och-kost\/fordelarna-med-att-ge-katten-vatmat-varje-dag\/","name":"V\u00e5tmat varje dag ger extra v\u00e4tska och hj\u00e4lper katten h\u00e5lla vikten | Bozita","isPartOf":{"@id":"https:\/\/bozita.com\/se\/#website"},"datePublished":"2021-06-22T23:02:08+00:00","dateModified":"2021-08-26T21:33:07+00:00","description":"Det finns flera f\u00f6rdelar med att ge en katt v\u00e5tmat varje dag. V\u00e5tmat g\u00f6r att katten f\u00e5r i sig tillr\u00e4ckligt med v\u00e4tska och minskar risken f\u00f6r urinsten. V\u00e5tmat inneh\u00e5ller mindre energi \u00e4n torrfoder. D\u00e5 kan din katt \u00e4ta sig m\u00e4tt utan och f\u00e5 i sig f\u00f6r mycket energi och f\u00e5r l\u00e4ttare att h\u00e5lla r\u00e4tt vikt.","breadcrumb":{"@id":"https:\/\/bozita.com\/se\/kattfoder\/nutrition-och-kost\/fordelarna-med-att-ge-katten-vatmat-varje-dag\/#breadcrumb"},"inLanguage":"sv-SE","potentialAction":[{"@type":"ReadAction","target":["https:\/\/bozita.com\/se\/kattfoder\/nutrition-och-kost\/fordelarna-med-att-ge-katten-vatmat-varje-dag\/"]}]},{"@type":"BreadcrumbList","@id":"https:\/\/bozita.com\/se\/kattfoder\/nutrition-och-kost\/fordelarna-med-att-ge-katten-vatmat-varje-dag\/#breadcrumb","itemListElement":[{"@type":"ListItem","position":1,"name":"Home","item":"https:\/\/bozita.com\/se\/"},{"@type":"ListItem","position":2,"name":"Kattfoder","item":"https:\/\/bozita.com\/se\/kattfoder\/"},{"@type":"ListItem","position":3,"name":"Nutrition och kost","item":"https:\/\/bozita.com\/se\/kattfoder\/nutrition-och-kost\/"},{"@type":"ListItem","position":4,"name":"F\u00f6rdelarna med att ge katten v\u00e5tmat varje dag"}]},{"@type":"WebSite","@id":"https:\/\/bozita.com\/se\/#website","url":"https:\/\/bozita.com\/se\/","name":"Bozita Sverige","description":"","potentialAction":[{"@type":"SearchAction","target":{"@type":"EntryPoint","urlTemplate":"https:\/\/bozita.com\/se\/?s={search_term_string}"},"query-input":"required name=search_term_string"}],"inLanguage":"sv-SE"}]}},"_links":{"self":[{"href":"https:\/\/bozita.com\/se\/wp-json\/wp\/v2\/pages\/1896"}],"collection":[{"href":"https:\/\/bozita.com\/se\/wp-json\/wp\/v2\/pages"}],"about":[{"href":"https:\/\/bozita.com\/se\/wp-json\/wp\/v2\/types\/page"}],"author":[{"embeddable":true,"href":"https:\/\/bozita.com\/se\/wp-json\/wp\/v2\/users\/1"}],"replies":[{"embeddable":true,"href":"https:\/\/bozita.com\/se\/wp-json\/wp\/v2\/comments?post=1896"}],"version-history":[{"count":13,"href":"https:\/\/bozita.com\/se\/wp-json\/wp\/v2\/pages\/1896\/revisions"}],"predecessor-version":[{"id":3960,"href":"https:\/\/bozita.com\/se\/wp-json\/wp\/v2\/pages\/1896\/revisions\/3960"}],"up":[{"embeddable":true,"href":"https:\/\/bozita.com\/se\/wp-json\/wp\/v2\/pages\/69"}],"wp:featuredmedia":[{"embeddable":true,"href":"https:\/\/bozita.com\/se\/wp-json\/wp\/v2\/media\/3497"}],"wp:attachment":[{"href":"https:\/\/bozita.com\/se\/wp-json\/wp\/v2\/media?parent=1896"}],"curies":[{"name":"wp","href":"https:\/\/api.w.org\/{rel}","templated":true}]}}