{"id":1902,"date":"2021-06-22T23:03:52","date_gmt":"2021-06-22T23:03:52","guid":{"rendered":"https:\/\/bozita.com\/se\/?page_id=1902"},"modified":"2023-10-16T12:58:36","modified_gmt":"2023-10-16T12:58:36","slug":"bra-mat-till-kattungar-kattungfoder","status":"publish","type":"page","link":"https:\/\/bozita.com\/se\/kattfoder\/nutrition-och-kost\/bra-mat-till-kattungar-kattungfoder\/","title":{"rendered":"Bra mat till kattungar = kattungefoder"},"content":{"rendered":"\t\t<section class=\"small-hero\">\n\t\t\t<div class=\"container\">\n\t\t\t\t<h1 class=\"small-hero-title\">Bra mat till kattungar = kattungefoder<\/h1>\t\t\t<\/div>\n\t\t\t<\/div>\n\t\t<\/section>\n\t\n\n\t<div class=\"text-box-warp\">\n\t\t<div class=\"container\">\n\t\t\t<div class=\"text-content\">\n\t\t\t\t<p>Vad en katt \u00e4ter har stor betydelse f\u00f6r dess h\u00e4lsa och v\u00e4xande kattungar har ett betydligt st\u00f6rre energibehov \u00e4n vuxna katter. D\u00e4rf\u00f6r \u00e4r det viktigt att du ge din kattunge mat som \u00e4r speciellt framtaget f\u00f6r att t\u00e4cka behoven hos aktiva, v\u00e4xande kattungar. D\u00e5 vet du med s\u00e4kerhet att din kattunge f\u00e5r i sig allt den beh\u00f6ver och i r\u00e4tt m\u00e4ngd.<\/p>\n<p>Kattungens mat ska ha ett h\u00f6gt energi- och proteininneh\u00e5ll f\u00f6r att ge optimala f\u00f6ruts\u00e4ttningar f\u00f6r tillv\u00e4xt och utveckling, och f\u00f6r normal utveckling av skelettet ska det inneh\u00e5lla v\u00e4l balanserade mineralniv\u00e5er.<\/p>\n<p>T\u00e4nk ocks\u00e5 p\u00e5 att din kattunge alltid ska ha tillg\u00e5ng till f\u00e4rskt och rent vatten, g\u00e4rna p\u00e5 flera olika st\u00e4llen. Ge inte kattungen mj\u00f6lk d\u00e5 det kan leda till magst\u00f6rningar.<\/p>\n<h2>SKA KATTUNGEN \u00c4TA TORRFODER ELLER V\u00c5TFODER?<\/h2>\n<p>Det viktigaste \u00e4r att du ger din kattunge mat som \u00e4r speciellt utvecklat f\u00f6r dess \u00e5lder och aktivitetsniv\u00e5. Det finns f\u00f6rdelar med b\u00e5de v\u00e5tfoder och torrfoder f\u00f6r kattungar, men det \u00e4r du sj\u00e4lv och din kattunge som avg\u00f6r om du ska ge det ena eller det andra. Eller en blandning av b\u00e5de v\u00e5tfoder och torrfoder.<\/p>\n<p>F\u00f6rdelarna med torrfoder \u00e4r att det alltid kan st\u00e5 framme och kattungen kan sj\u00e4lv v\u00e4lja n\u00e4r den vill \u00e4ta. Det m\u00f6jligg\u00f6r katters mest naturliga s\u00e4tt att \u00e4ta, det vill s\u00e4ga sm\u00e5 m\u00e5l mat flera g\u00e5nger om dagen. Det \u00e4r dock inte alla kattungar som kan reglera sitt foderintag till en lagom niv\u00e5 och d\u00e5 f\u00e5r man ist\u00e4llet portionera ut fodret vid ett flertal tillf\u00e4llen under dygnet.<\/p>\n<p>F\u00f6rdelarna med v\u00e5tfoder \u00e4r att det tillgodoser v\u00e4tskebehovet, men det kan ocks\u00e5 vara bra f\u00f6r glupska kattungar. \u00c4ven om de beh\u00f6ver mycket energi s\u00e5 ska de inte v\u00e4xa alldeles f\u00f6r snabbt och d\u00e5 kan v\u00e5tfoder vara det b\u00e4sta alternativet. Det ger kattungen en bra m\u00e4ttnadsk\u00e4nsla utan att den f\u00e5r i sig alldeles f\u00f6r mycket energi.<\/p>\n<h2>HUR MYCKET MAT SKA EN KATTUNGE \u00c4TA?<\/h2>\n<p>Hur mycket mat en kattunge ska ha beror lite p\u00e5 hur stor den \u00e4r. F\u00f6lj instruktionerna p\u00e5 f\u00f6rpackningen n\u00e4r du ska ge din kattunge mat.<br \/>\nDet \u00e4r dock viktigt att inte l\u00e5ta tillv\u00e4xten g\u00e5 f\u00f6r snabbt. Under normal tillv\u00e4xt ska kattungen n\u00e5 f\u00f6rv\u00e4ntad vuxenvikt n\u00e4r den \u00e4r 8\u201312 m\u00e5nader. M\u00e4rker du att kattens vikt \u00f6kar i alltf\u00f6r snabb takt ska du minska dagsgivan, allts\u00e5 den m\u00e4ngden mat du ger din kattunge under en dag.<\/p>\n<h2>HUR OFTA SKA EN KATTUNGE \u00c4TA?<\/h2>\n<p>Viktigt att t\u00e4nka p\u00e5 \u00e4r att foder med ett h\u00f6gt energiinneh\u00e5ll \u2013 s\u00e5som kattungefoder \u2013 snabbt ger m\u00e4ttnadsk\u00e4nsla och \u00e4ven om kattungar ofta har stor aptit har de desto mindre magar. Ge din kattunge sm\u00e5 m\u00e4ngder mat vid minst fyra tillf\u00e4llen per dag &#8211; d\u00e5 \u00f6kar chanserna att kattungen f\u00e5r i sig r\u00e4tt m\u00e4ngd foder varje dag.<\/p>\n<p>&nbsp;<\/p>\n<p><strong>Vidare l\u00e4sning<\/strong><\/p>\n<ul>\n<li><a title=\"Vad \u00e4ter katter?\" href=\"https:\/\/bozita.com\/se\/kattfoder\/nutrition-och-kost\/protein-och-starkelse-ar-viktiga-komponenter-i-en-katts-diet\/\">Vad och hur ska katten \u00e4ta n\u00e4r den \u00e4r \u00e4ldre: Vad \u00e4ter katter<\/a><\/li>\n<li><a title=\"Hur byter man foder till en vuxen katt?\" href=\"https:\/\/bozita.com\/se\/kattfoder\/nutrition-och-kost\/hur-byter-man-foder-till-en-vuxen-katt\/\">Att byta foder till katt &#8211; s\u00e5h\u00e4r g\u00f6r du<\/a><\/li>\n<li><a title=\"Vad ska man g\u00f6ra med en katt som inte \u00e4ter eller dricker\" href=\"https:\/\/bozita.com\/se\/kattfoder\/nutrition-och-kost\/vad-ska-man-gora-med-en-katt-som-inte-ater-eller-dricker\/\">Vad ska man g\u00f6ra med en katt som inte \u00e4ter eller dricker<\/a><\/li>\n<\/ul>\n\t\t\t<\/div>\n\t\t<\/div>\n\t<\/div>\n\n\n\n\t<section class=\"block related-articles\">\n\t\t<div class=\"container\">\n\t\t\t<h2>Relaterade artiklar<\/h2>\n\t\t\t<div class=\"row justify-content-center\">\n\t\t\t\t\t\t\t\t\t\t<div class=\"col-sm-6 col-md-6 col-lg-3\">\n\t\t\t\t\t\t\t\t\t\t\t\t\t\t<div class=\"card \">\n\t\t\t\t\t\t\t\t\t\t\t\t\t\t\t\t\t<img decoding=\"async\"  src=\"https:\/\/bozita.com\/se\/wp-content\/uploads\/sites\/5\/2021\/08\/bozita-byta-foder-vuxen-katt.jpg\" alt=\"\">\n\t\t\t\t\t\t\t\t\t\t\t\t\t\t\t\t\t<!-- <img decoding=\"async\" src=\"\n\t\t\t\t\t\t\t\t\t\t\t\t\t\t\t\t\t\t\t\t\" alt=\"\n\t\t\t\t\t\t\t\t\t\t\t\t\t\t\t\t\t\t\t\t\t\t\t\t\t\t\t\"> -->\n\t\t\t\t\t\t\t\t<div class=\"card-body\">\n\t\t\t\t\t\t\t\t\t\t\t\t\t\t\t\t\t\t\t<h6>Hur byter man foder till sin katt?<\/h6>\n\t\t\t\t\t\t\t\t\t\t\t\t\t\t\t\t\t\t\t<a href=\"https:\/\/bozita.com\/se\/kattfoder\/nutrition-och-kost\/hur-byter-man-foder-till-en-vuxen-katt\/\">L\u00e4s mer &nbsp; ><\/a>\n\t\t\t\t\t\t\t\t<\/div>\n\t\t\t\t\t\t\t<\/div>\n\t\t\t\t\t\t<\/div>\n\n\t\t\t\t\t\t\t\t\t\t\t<div class=\"col-sm-6 col-md-6 col-lg-3\">\n\t\t\t\t\t\t\t\t\t\t\t\t\t\t<div class=\"card \">\n\t\t\t\t\t\t\t\t\t\t\t\t\t\t\t\t\t<img decoding=\"async\"  src=\"https:\/\/bozita.com\/se\/wp-content\/uploads\/sites\/5\/2021\/08\/bozita-katt-ater-inte-dricker-inte-krasen-dalig-aptit.jpg\" alt=\"\">\n\t\t\t\t\t\t\t\t\t\t\t\t\t\t\t\t\t<!-- <img decoding=\"async\" src=\"\n\t\t\t\t\t\t\t\t\t\t\t\t\t\t\t\t\t\t\t\t\" alt=\"\n\t\t\t\t\t\t\t\t\t\t\t\t\t\t\t\t\t\t\t\t\t\t\t\t\t\t\t\"> -->\n\t\t\t\t\t\t\t\t<div class=\"card-body\">\n\t\t\t\t\t\t\t\t\t\t\t\t\t\t\t\t\t\t\t<h6>Katt som inte \u00e4ter eller dricker?<\/h6>\n\t\t\t\t\t\t\t\t\t\t\t\t\t\t\t\t\t\t\t<a href=\"https:\/\/bozita.com\/se\/kattfoder\/nutrition-och-kost\/vad-ska-man-gora-med-en-katt-som-inte-ater-eller-dricker\/\">L\u00e4s mer &nbsp; ><\/a>\n\t\t\t\t\t\t\t\t<\/div>\n\t\t\t\t\t\t\t<\/div>\n\t\t\t\t\t\t<\/div>\n\n\t\t\t\t\t\t\t\t\t\t\t<div class=\"col-sm-6 col-md-6 col-lg-3\">\n\t\t\t\t\t\t\t\t\t\t\t\t\t\t<div class=\"card \">\n\t\t\t\t\t\t\t\t\t\t\t\t\t\t\t\t\t<img decoding=\"async\"  src=\"https:\/\/bozita.com\/se\/wp-content\/uploads\/sites\/5\/2021\/08\/bozita-katter-ar-kottatare.jpg\" alt=\"\">\n\t\t\t\t\t\t\t\t\t\t\t\t\t\t\t\t\t<!-- <img decoding=\"async\" src=\"\n\t\t\t\t\t\t\t\t\t\t\t\t\t\t\t\t\t\t\t\t\" alt=\"\n\t\t\t\t\t\t\t\t\t\t\t\t\t\t\t\t\t\t\t\t\t\t\t\t\t\t\t\"> -->\n\t\t\t\t\t\t\t\t<div class=\"card-body\">\n\t\t\t\t\t\t\t\t\t\t\t\t\t\t\t\t\t\t\t<h6>Vad \u00e4ter katter?<\/h6>\n\t\t\t\t\t\t\t\t\t\t\t\t\t\t\t\t\t\t\t<a href=\"https:\/\/bozita.com\/se\/kattfoder\/nutrition-och-kost\/protein-och-starkelse-ar-viktiga-komponenter-i-en-katts-diet\/\">L\u00e4s mer &nbsp; ><\/a>\n\t\t\t\t\t\t\t\t<\/div>\n\t\t\t\t\t\t\t<\/div>\n\t\t\t\t\t\t<\/div>\n\n\t\t\t\t\t\t\t\t\t\t\t\t<\/div>\n\t\t<\/div>\n\t<\/section>\n","protected":false},"excerpt":{"rendered":"","protected":false},"author":1,"featured_media":3497,"parent":69,"menu_order":0,"comment_status":"closed","ping_status":"closed","template":"guternberg.php","meta":{"footnotes":""},"acf":[],"yoast_head":"<!-- This site is optimized with the Yoast SEO plugin v21.3 - https:\/\/yoast.com\/wordpress\/plugins\/seo\/ -->\n<title>Kattunge mat - vad \u00e4r bra mat till kattungar? | Bozita<\/title>\n<meta name=\"description\" content=\"Vad ska du ge din kattunge f\u00f6r mat och hur mycket ska en kattunge \u00e4ta? Bozita hj\u00e4lper dig med vad som \u00e4r bra mat till kattungar och hur ofta de ska \u00e4ta.\" \/>\n<meta name=\"robots\" content=\"index, follow, max-snippet:-1, max-image-preview:large, max-video-preview:-1\" \/>\n<link rel=\"canonical\" href=\"https:\/\/bozita.com\/se\/kattfoder\/nutrition-och-kost\/bra-mat-till-kattungar-kattungfoder\/\" \/>\n<meta property=\"og:locale\" content=\"sv_SE\" \/>\n<meta property=\"og:type\" content=\"article\" \/>\n<meta property=\"og:title\" content=\"Kattunge mat - vad \u00e4r bra mat till kattungar? | Bozita\" \/>\n<meta property=\"og:description\" content=\"Vad ska du ge din kattunge f\u00f6r mat och hur mycket ska en kattunge \u00e4ta? Bozita hj\u00e4lper dig med vad som \u00e4r bra mat till kattungar och hur ofta de ska \u00e4ta.\" \/>\n<meta property=\"og:url\" content=\"https:\/\/bozita.com\/se\/kattfoder\/nutrition-och-kost\/bra-mat-till-kattungar-kattungfoder\/\" \/>\n<meta property=\"og:site_name\" content=\"Bozita Sverige\" \/>\n<meta property=\"article:modified_time\" content=\"2023-10-16T12:58:36+00:00\" \/>\n<meta property=\"og:image\" content=\"https:\/\/bozita.com\/se\/wp-content\/uploads\/sites\/5\/2021\/08\/bozita_swedish-natural-quality.jpg\" \/>\n\t<meta property=\"og:image:width\" content=\"800\" \/>\n\t<meta property=\"og:image:height\" content=\"533\" \/>\n\t<meta property=\"og:image:type\" content=\"image\/jpeg\" \/>\n<meta name=\"twitter:card\" content=\"summary_large_image\" \/>\n<!-- \/ Yoast SEO plugin. -->","yoast_head_json":{"title":"Kattunge mat - vad \u00e4r bra mat till kattungar? | Bozita","description":"Vad ska du ge din kattunge f\u00f6r mat och hur mycket ska en kattunge \u00e4ta? Bozita hj\u00e4lper dig med vad som \u00e4r bra mat till kattungar och hur ofta de ska \u00e4ta.","robots":{"index":"index","follow":"follow","max-snippet":"max-snippet:-1","max-image-preview":"max-image-preview:large","max-video-preview":"max-video-preview:-1"},"canonical":"https:\/\/bozita.com\/se\/kattfoder\/nutrition-och-kost\/bra-mat-till-kattungar-kattungfoder\/","og_locale":"sv_SE","og_type":"article","og_title":"Kattunge mat - vad \u00e4r bra mat till kattungar? | Bozita","og_description":"Vad ska du ge din kattunge f\u00f6r mat och hur mycket ska en kattunge \u00e4ta? Bozita hj\u00e4lper dig med vad som \u00e4r bra mat till kattungar och hur ofta de ska \u00e4ta.","og_url":"https:\/\/bozita.com\/se\/kattfoder\/nutrition-och-kost\/bra-mat-till-kattungar-kattungfoder\/","og_site_name":"Bozita Sverige","article_modified_time":"2023-10-16T12:58:36+00:00","og_image":[{"width":800,"height":533,"url":"https:\/\/bozita.com\/se\/wp-content\/uploads\/sites\/5\/2021\/08\/bozita_swedish-natural-quality.jpg","type":"image\/jpeg"}],"twitter_card":"summary_large_image","schema":{"@context":"https:\/\/schema.org","@graph":[{"@type":"WebPage","@id":"https:\/\/bozita.com\/se\/kattfoder\/nutrition-och-kost\/bra-mat-till-kattungar-kattungfoder\/","url":"https:\/\/bozita.com\/se\/kattfoder\/nutrition-och-kost\/bra-mat-till-kattungar-kattungfoder\/","name":"Kattunge mat - vad \u00e4r bra mat till kattungar? | Bozita","isPartOf":{"@id":"https:\/\/bozita.com\/se\/#website"},"datePublished":"2021-06-22T23:03:52+00:00","dateModified":"2023-10-16T12:58:36+00:00","description":"Vad ska du ge din kattunge f\u00f6r mat och hur mycket ska en kattunge \u00e4ta? Bozita hj\u00e4lper dig med vad som \u00e4r bra mat till kattungar och hur ofta de ska \u00e4ta.","breadcrumb":{"@id":"https:\/\/bozita.com\/se\/kattfoder\/nutrition-och-kost\/bra-mat-till-kattungar-kattungfoder\/#breadcrumb"},"inLanguage":"sv-SE","potentialAction":[{"@type":"ReadAction","target":["https:\/\/bozita.com\/se\/kattfoder\/nutrition-och-kost\/bra-mat-till-kattungar-kattungfoder\/"]}]},{"@type":"BreadcrumbList","@id":"https:\/\/bozita.com\/se\/kattfoder\/nutrition-och-kost\/bra-mat-till-kattungar-kattungfoder\/#breadcrumb","itemListElement":[{"@type":"ListItem","position":1,"name":"Home","item":"https:\/\/bozita.com\/se\/"},{"@type":"ListItem","position":2,"name":"Kattfoder","item":"https:\/\/bozita.com\/se\/kattfoder\/"},{"@type":"ListItem","position":3,"name":"Nutrition och kost","item":"https:\/\/bozita.com\/se\/kattfoder\/nutrition-och-kost\/"},{"@type":"ListItem","position":4,"name":"Bra mat till kattungar = kattungefoder"}]},{"@type":"WebSite","@id":"https:\/\/bozita.com\/se\/#website","url":"https:\/\/bozita.com\/se\/","name":"Bozita Sverige","description":"","potentialAction":[{"@type":"SearchAction","target":{"@type":"EntryPoint","urlTemplate":"https:\/\/bozita.com\/se\/?s={search_term_string}"},"query-input":"required name=search_term_string"}],"inLanguage":"sv-SE"}]}},"_links":{"self":[{"href":"https:\/\/bozita.com\/se\/wp-json\/wp\/v2\/pages\/1902"}],"collection":[{"href":"https:\/\/bozita.com\/se\/wp-json\/wp\/v2\/pages"}],"about":[{"href":"https:\/\/bozita.com\/se\/wp-json\/wp\/v2\/types\/page"}],"author":[{"embeddable":true,"href":"https:\/\/bozita.com\/se\/wp-json\/wp\/v2\/users\/1"}],"replies":[{"embeddable":true,"href":"https:\/\/bozita.com\/se\/wp-json\/wp\/v2\/comments?post=1902"}],"version-history":[{"count":21,"href":"https:\/\/bozita.com\/se\/wp-json\/wp\/v2\/pages\/1902\/revisions"}],"predecessor-version":[{"id":9679,"href":"https:\/\/bozita.com\/se\/wp-json\/wp\/v2\/pages\/1902\/revisions\/9679"}],"up":[{"embeddable":true,"href":"https:\/\/bozita.com\/se\/wp-json\/wp\/v2\/pages\/69"}],"wp:featuredmedia":[{"embeddable":true,"href":"https:\/\/bozita.com\/se\/wp-json\/wp\/v2\/media\/3497"}],"wp:attachment":[{"href":"https:\/\/bozita.com\/se\/wp-json\/wp\/v2\/media?parent=1902"}],"curies":[{"name":"wp","href":"https:\/\/api.w.org\/{rel}","templated":true}]}}