{"id":1938,"date":"2021-06-22T23:46:08","date_gmt":"2021-06-22T23:46:08","guid":{"rendered":"https:\/\/bozita.com\/se\/?page_id=1938"},"modified":"2025-03-24T14:41:33","modified_gmt":"2025-03-24T14:41:33","slug":"tassalyckan","status":"publish","type":"page","link":"https:\/\/bozita.com\/se\/var-filosofi\/tassalyckan\/","title":{"rendered":"Kattg\u00e5rden Tassalyckan st\u00e4ngs"},"content":{"rendered":"\t\t<section class=\"small-hero\">\n\t\t\t<div class=\"container\">\n\t\t\t\t<h5>Bozita<\/h5><h1 class=\"small-hero-title\">Tassalyckans katthem st\u00e4ngs<\/h1><p><p>Kattg\u00e5rden Tassalyckan etablerades 1992 och under \u00e5rens lopp har det unika katthemmet haft flera funktioner. Det har erbjudit en trygg och k\u00e4rleksfull plats f\u00f6r katter i behov av omsorg, samtidigt som katterna har fungerat som smakpanel vid utvecklingen av nya produkter. Efter att Partner in Pet Food f\u00f6rv\u00e4rvade Doggy AB 2020 har produktutvecklingsprocessen genomg\u00e5tt f\u00f6r\u00e4ndringar, vilket inneb\u00e4r att kattmaten numera testas av oberoende unders\u00f6kningsf\u00f6retag i katternas hem.<\/p>\n<p>Beslutet att st\u00e4nga har inte varit l\u00e4tt, men vi g\u00f6r det med k\u00e4rlek och tacksamhet och \u00f6vertygelsen om att vi har gjort en verklig skillnad. D\u00e5 katthemmet Tassalyckan i V\u00e5rg\u00e5rda avvecklas omplaceras katterna till k\u00e4rleksfulla f\u00f6r-alltid-hem. F\u00f6retaget erbjuder st\u00f6ttning genom gratis foder under katternas livstid.<\/p>\n<\/p>\t\t\t<\/div>\n\t\t\t<\/div>\n\t\t<\/section>\n\t\n\n\t<section class=\"media-object-wrap\">\n\t\t<div class=\"container\">\n\t\t\t<div class=\"media-object\">\n\t\t\t\t<div class=\"row row-eq-height align-items-stretch\">\n\t\t\t\t\t<div class=\"col-md-5\">\n\t\t\t\t\t\t\t\t\t\t\t\t\t<img decoding=\"async\" src=\"https:\/\/bozita.com\/se\/wp-content\/uploads\/sites\/5\/2025\/03\/tingeling-scaled.jpg\" alt=\"tassalyckan omplasering katt\">\n\t\t\t\t\t\t\t\t\t\t\t\t<\/div>\n\t\t\t\t\t<div class=\"col-md-7 d-flex align-items-center\">\n\t\t\t\t\t\t<div class=\"media-content\">\n\t\t\t\t\t\t<h3>Den f\u00f6rsta katten att flytta var Tingeling och h\u00e4r ser vi henne i sitt nya hem!<\/h3>\t\t\t\t\t\t<\/div>\n\t\t\t\t\t<\/div>\n\t\t\t\t<\/div>\n\t\t\t<\/div>\n\t\t<\/div>\n\t<\/section>\n   \n\n\n\t<section class=\"block section-promos\">\n\t\t<div class=\"container\">\n\t\t\t<div class=\"row\">\n\t\t\t\t\t\t\t\t\t\t<div class=\"col-md-6 col-lg-4 condensed_V2\">\n\t\t\t\t\t\t\t<div class=\"card\">\n\t\t\t\t\t\t\t\t\t\t\t\t\t\t\t\t\t<img decoding=\"async\" class=\"card-img-top\" src=\"https:\/\/bozita.com\/se\/wp-content\/uploads\/sites\/5\/2021\/06\/bozita-about-us.jpeg\" alt=\"\">\n\t\t\t\t\t\t\t\t\t\t\t\t\t\t\t\t<div class=\"card-body\">\n\t\t\t\t\t\t\t\t\t<h5 class=\"card-title\">Om Bozita<\/h5>\n\t\t\t\t\t\t\t\t\t<p class=\"card-text\">Vi har lagat hund- och kattmat i \u00f6ver 100 \u00e5r! allt foder tillverkas i v\u00e5rg\u00e5rda, med r\u00e5varor av h\u00f6gsta kvalitet.<\/p>\n\t\t\t\t\t\t\t\t\t\t\t\t\t\t\t\t\t\t\t<a target=\"\" href=\"https:\/\/bozita.com\/se\/var-filosofi\/om-oss\/\" class=\"btn btn-white\">Om Bozita<\/a>\n\t\t\t\t\t\t\t\t\t\t\t\t\t\t\t\t\t\t<\/div>\n\t\t\t\t\t\t\t<\/div>\n\t\t\t\t\t\t<\/div>\n\t\t\t\t\t\t\t\t\t\t\t\t<div class=\"col-md-6 col-lg-4 condensed_V2\">\n\t\t\t\t\t\t\t<div class=\"card\">\n\t\t\t\t\t\t\t\t\t\t\t\t\t\t\t\t\t<img decoding=\"async\" class=\"card-img-top\" src=\"https:\/\/bozita.com\/se\/wp-content\/uploads\/sites\/5\/2021\/06\/bozita-breeders-club-dog-cat.jpeg\" alt=\"\">\n\t\t\t\t\t\t\t\t\t\t\t\t\t\t\t\t<div class=\"card-body\">\n\t\t\t\t\t\t\t\t\t<h5 class=\"card-title\">F\u00f6r uppf\u00f6dare<\/h5>\n\t\t\t\t\t\t\t\t\t<p class=\"card-text\">Om du \u00e4r hund- eller kattuppf\u00f6dare med minst en valp-\/kattungekull vart tredje \u00e5r kan du bli medlem i v\u00e5r klubb f\u00f6r uppf\u00f6dare, bozita breeders club.<\/p>\n\t\t\t\t\t\t\t\t\t\t\t\t\t\t\t\t\t\t\t<a target=\"\" href=\"https:\/\/bozita.com\/se\/bozita-breeders-club\/\" class=\"btn btn-white\">Bozita Breeders Club<\/a>\n\t\t\t\t\t\t\t\t\t\t\t\t\t\t\t\t\t\t<\/div>\n\t\t\t\t\t\t\t<\/div>\n\t\t\t\t\t\t<\/div>\n\t\t\t\t\t\t\t\t\t\t\t\t<div class=\"col-md-6 col-lg-4 condensed_V2\">\n\t\t\t\t\t\t\t<div class=\"card\">\n\t\t\t\t\t\t\t\t\t\t\t\t\t\t\t\t\t<img decoding=\"async\" class=\"card-img-top\" src=\"https:\/\/bozita.com\/se\/wp-content\/uploads\/sites\/5\/2021\/06\/bozita-hallbarhet.jpeg\" alt=\"\">\n\t\t\t\t\t\t\t\t\t\t\t\t\t\t\t\t<div class=\"card-body\">\n\t\t\t\t\t\t\t\t\t<h5 class=\"card-title\">H\u00e5llbarhet<\/h5>\n\t\t\t\t\t\t\t\t\t<p class=\"card-text\">V\u00e5rt m\u00e5l \u00e4r att producera den allra b\u00e4sta hund- och kattmaten p\u00e5 b\u00e4sta t\u00e4nkbara s\u00e4tt med h\u00e5llbarhet, milj\u00f6 och v\u00e5r gemensamma framtid i fokus.<\/p>\n\t\t\t\t\t\t\t\t\t\t\t\t\t\t\t\t\t\t\t<a target=\"\" href=\"https:\/\/bozita.com\/se\/var-filosofi\/hallbart-for-djur-och-natur\/\" class=\"btn btn-white\">H\u00e5llbart \u2013 f\u00f6r djuren och naturen<\/a>\n\t\t\t\t\t\t\t\t\t\t\t\t\t\t\t\t\t\t<\/div>\n\t\t\t\t\t\t\t<\/div>\n\t\t\t\t\t\t<\/div>\n\t\t\t\t\t\t\t\t\t\t\t\t<div class=\"col-md-6 col-lg-4 condensed_V2\">\n\t\t\t\t\t\t\t<div class=\"card\">\n\t\t\t\t\t\t\t\t\t\t\t\t\t\t\t\t\t<img decoding=\"async\" class=\"card-img-top\" src=\"https:\/\/bozita.com\/se\/wp-content\/uploads\/sites\/5\/2021\/06\/bozita-miljovanlig-forpackning-tetra-recart-e1742827282745.jpeg\" alt=\"\">\n\t\t\t\t\t\t\t\t\t\t\t\t\t\t\t\t<div class=\"card-body\">\n\t\t\t\t\t\t\t\t\t<h5 class=\"card-title\">F\u00f6rpackningar<\/h5>\n\t\t\t\t\t\t\t\t\t<p class=\"card-text\">M\u00e5nga av v\u00e5ra v\u00e5tfoder kommer i en Tetra Recart \u2013 en klimatsmart f\u00f6rpackning som du kan \u00e5tervinna med dina andra pappersf\u00f6rpackningar<\/p>\n\t\t\t\t\t\t\t\t\t\t\t\t\t\t\t\t\t\t\t<a target=\"\" href=\"https:\/\/bozita.com\/se\/var-filosofi\/klimatsmart-forpackning\/\" class=\"btn btn-white\">Tetra Recart\u00ae \u2013 klimatsmart f\u00f6rpackning f\u00f6r v\u00e5rfoder<\/a>\n\t\t\t\t\t\t\t\t\t\t\t\t\t\t\t\t\t\t<\/div>\n\t\t\t\t\t\t\t<\/div>\n\t\t\t\t\t\t<\/div>\n\t\t\t\t\t\t\t\t\t<\/div>\n\t\t<\/div>\n\t<\/section>\n","protected":false},"excerpt":{"rendered":"","protected":false},"author":1,"featured_media":2013,"parent":8919,"menu_order":0,"comment_status":"closed","ping_status":"closed","template":"guternberg.php","meta":{"footnotes":""},"acf":[],"yoast_head":"<!-- This site is optimized with the Yoast SEO plugin v21.3 - https:\/\/yoast.com\/wordpress\/plugins\/seo\/ -->\n<title>Tassalyckans katthem | Bozita<\/title>\n<meta name=\"description\" content=\"Doggy AB har en egen kattg\u00e5rd, Tassalyckan, som startades redan 1992. H\u00e4r bor ett trettiotal katter som alla arbetar som produktutvecklare. Katterna kommer fr\u00e5n olika milj\u00f6er och p\u00e5 Tassalyckan har de f\u00e5tt ett fint hem och ett bra arbete.\" \/>\n<meta name=\"robots\" content=\"index, follow, max-snippet:-1, max-image-preview:large, max-video-preview:-1\" \/>\n<link rel=\"canonical\" href=\"https:\/\/bozita.com\/se\/var-filosofi\/tassalyckan\/\" \/>\n<meta property=\"og:locale\" content=\"sv_SE\" \/>\n<meta property=\"og:type\" content=\"article\" \/>\n<meta property=\"og:title\" content=\"Tassalyckans katthem | Bozita\" \/>\n<meta property=\"og:description\" content=\"Doggy AB har en egen kattg\u00e5rd, Tassalyckan, som startades redan 1992. H\u00e4r bor ett trettiotal katter som alla arbetar som produktutvecklare. Katterna kommer fr\u00e5n olika milj\u00f6er och p\u00e5 Tassalyckan har de f\u00e5tt ett fint hem och ett bra arbete.\" \/>\n<meta property=\"og:url\" content=\"https:\/\/bozita.com\/se\/var-filosofi\/tassalyckan\/\" \/>\n<meta property=\"og:site_name\" content=\"Bozita Sverige\" \/>\n<meta property=\"article:modified_time\" content=\"2025-03-24T14:41:33+00:00\" \/>\n<meta property=\"og:image\" content=\"https:\/\/bozita.com\/se\/wp-content\/uploads\/sites\/5\/2021\/06\/bozita-tassalyckan-katthem-provsmakare-produktutveckling.jpeg\" \/>\n\t<meta property=\"og:image:width\" content=\"800\" \/>\n\t<meta property=\"og:image:height\" content=\"533\" \/>\n\t<meta property=\"og:image:type\" content=\"image\/jpeg\" \/>\n<meta name=\"twitter:card\" content=\"summary_large_image\" \/>\n<!-- \/ Yoast SEO plugin. -->","yoast_head_json":{"title":"Tassalyckans katthem | Bozita","description":"Doggy AB har en egen kattg\u00e5rd, Tassalyckan, som startades redan 1992. H\u00e4r bor ett trettiotal katter som alla arbetar som produktutvecklare. Katterna kommer fr\u00e5n olika milj\u00f6er och p\u00e5 Tassalyckan har de f\u00e5tt ett fint hem och ett bra arbete.","robots":{"index":"index","follow":"follow","max-snippet":"max-snippet:-1","max-image-preview":"max-image-preview:large","max-video-preview":"max-video-preview:-1"},"canonical":"https:\/\/bozita.com\/se\/var-filosofi\/tassalyckan\/","og_locale":"sv_SE","og_type":"article","og_title":"Tassalyckans katthem | Bozita","og_description":"Doggy AB har en egen kattg\u00e5rd, Tassalyckan, som startades redan 1992. H\u00e4r bor ett trettiotal katter som alla arbetar som produktutvecklare. Katterna kommer fr\u00e5n olika milj\u00f6er och p\u00e5 Tassalyckan har de f\u00e5tt ett fint hem och ett bra arbete.","og_url":"https:\/\/bozita.com\/se\/var-filosofi\/tassalyckan\/","og_site_name":"Bozita Sverige","article_modified_time":"2025-03-24T14:41:33+00:00","og_image":[{"width":800,"height":533,"url":"https:\/\/bozita.com\/se\/wp-content\/uploads\/sites\/5\/2021\/06\/bozita-tassalyckan-katthem-provsmakare-produktutveckling.jpeg","type":"image\/jpeg"}],"twitter_card":"summary_large_image","schema":{"@context":"https:\/\/schema.org","@graph":[{"@type":"WebPage","@id":"https:\/\/bozita.com\/se\/var-filosofi\/tassalyckan\/","url":"https:\/\/bozita.com\/se\/var-filosofi\/tassalyckan\/","name":"Tassalyckans katthem | Bozita","isPartOf":{"@id":"https:\/\/bozita.com\/se\/#website"},"datePublished":"2021-06-22T23:46:08+00:00","dateModified":"2025-03-24T14:41:33+00:00","description":"Doggy AB har en egen kattg\u00e5rd, Tassalyckan, som startades redan 1992. H\u00e4r bor ett trettiotal katter som alla arbetar som produktutvecklare. Katterna kommer fr\u00e5n olika milj\u00f6er och p\u00e5 Tassalyckan har de f\u00e5tt ett fint hem och ett bra arbete.","breadcrumb":{"@id":"https:\/\/bozita.com\/se\/var-filosofi\/tassalyckan\/#breadcrumb"},"inLanguage":"sv-SE","potentialAction":[{"@type":"ReadAction","target":["https:\/\/bozita.com\/se\/var-filosofi\/tassalyckan\/"]}]},{"@type":"BreadcrumbList","@id":"https:\/\/bozita.com\/se\/var-filosofi\/tassalyckan\/#breadcrumb","itemListElement":[{"@type":"ListItem","position":1,"name":"Home","item":"https:\/\/bozita.com\/se\/"},{"@type":"ListItem","position":2,"name":"V\u00e5r filosofi","item":"https:\/\/bozita.com\/se\/var-filosofi\/"},{"@type":"ListItem","position":3,"name":"Kattg\u00e5rden Tassalyckan st\u00e4ngs"}]},{"@type":"WebSite","@id":"https:\/\/bozita.com\/se\/#website","url":"https:\/\/bozita.com\/se\/","name":"Bozita Sverige","description":"","potentialAction":[{"@type":"SearchAction","target":{"@type":"EntryPoint","urlTemplate":"https:\/\/bozita.com\/se\/?s={search_term_string}"},"query-input":"required name=search_term_string"}],"inLanguage":"sv-SE"}]}},"_links":{"self":[{"href":"https:\/\/bozita.com\/se\/wp-json\/wp\/v2\/pages\/1938"}],"collection":[{"href":"https:\/\/bozita.com\/se\/wp-json\/wp\/v2\/pages"}],"about":[{"href":"https:\/\/bozita.com\/se\/wp-json\/wp\/v2\/types\/page"}],"author":[{"embeddable":true,"href":"https:\/\/bozita.com\/se\/wp-json\/wp\/v2\/users\/1"}],"replies":[{"embeddable":true,"href":"https:\/\/bozita.com\/se\/wp-json\/wp\/v2\/comments?post=1938"}],"version-history":[{"count":31,"href":"https:\/\/bozita.com\/se\/wp-json\/wp\/v2\/pages\/1938\/revisions"}],"predecessor-version":[{"id":11254,"href":"https:\/\/bozita.com\/se\/wp-json\/wp\/v2\/pages\/1938\/revisions\/11254"}],"up":[{"embeddable":true,"href":"https:\/\/bozita.com\/se\/wp-json\/wp\/v2\/pages\/8919"}],"wp:featuredmedia":[{"embeddable":true,"href":"https:\/\/bozita.com\/se\/wp-json\/wp\/v2\/media\/2013"}],"wp:attachment":[{"href":"https:\/\/bozita.com\/se\/wp-json\/wp\/v2\/media?parent=1938"}],"curies":[{"name":"wp","href":"https:\/\/api.w.org\/{rel}","templated":true}]}}