{"id":1959,"date":"2021-06-23T15:14:25","date_gmt":"2021-06-23T15:14:25","guid":{"rendered":"https:\/\/bozita.com\/se\/?page_id=1959"},"modified":"2025-03-24T14:53:49","modified_gmt":"2025-03-24T14:53:49","slug":"om-oss","status":"publish","type":"page","link":"https:\/\/bozita.com\/se\/var-filosofi\/om-oss\/","title":{"rendered":"Om Bozita"},"content":{"rendered":"\n\t\t<section class=\"small-hero-with-image\">\n\t\t\t\t\t\t\t<img decoding=\"async\" class=\"background-image\" src=\"https:\/\/bozita.com\/se\/wp-content\/uploads\/sites\/5\/2021\/06\/bozita-om-oss.jpg\" alt=\"\">\n\t\t\t\t\t\t\t<div class=\"overlay-v1 overlay-bg\">\n\t\t\t\t<div class=\"container\">\n\t\t\t\t\t<div class=\"row\">\n\t\t\t\t\t\t<div class=\"col-md-6 col-lg-5\">\n\t\t\t\t\t\t\t<h5>Varf\u00f6r Bozita<\/h5><h1>Om f\u00f6retaget<\/h1><p><p>Vi \u00e4r ett litet f\u00f6retag fr\u00e5n V\u00e5rg\u00e5rda som har lagat hund- och kattmat sedan 1903.<\/p>\n<\/p>\t\t\t\t\t\t<\/div>\n\t\t\t\t\t<\/div>\n\t\t\t\t<\/div>\n\t\t\t<\/div>\n\t\t<\/section>\n\t\t\n\n\t<div class=\"text-box-warp\">\n\t\t<div class=\"container\">\n\t\t\t<div class=\"text-content\">\n\t\t\t\t<p><strong>Vi vill g\u00f6ra saker p\u00e5 ett enkelt och naturligt s\u00e4tt. Vi tillverkar v\u00e5r hund- och kattmat med naturliga r\u00e5varor av h\u00f6g kvalitet utan on\u00f6diga tillsatser.<\/strong><\/p>\n<h2>ALLT STARTADE 1903<\/h2>\n<p>En dag i mitten p\u00e5 1800-talet steg en ung driftig g\u00f6teborgare vid namn Aron Heyman av t\u00e5get i V\u00e5rg\u00e5rda. P\u00e5 den b\u00f6rdiga V\u00e4stg\u00f6tasl\u00e4tten tog han kunskapen han f\u00e5tt fr\u00e5n Skottland att g\u00f6ra \u00e5ngpreparerade havregryn till att ta vara p\u00e5 spillet f\u00f6r att sedan 1903 presentera v\u00e5rt allra f\u00f6rsta hundfoder &#8221;V\u00e5rg\u00e5rda Hundmj\u00f6l&#8221;.<\/p>\n<p>Idag \u00e4r <a href=\"https:\/\/doggyab.se\" target=\"_blank\" rel=\"noopener\">Partner in Pet Food Nordics AB<\/a> den st\u00f6rsta hund- och kattmatsproducenten i Sverige och har\u00a0mer \u00e4n hundra\u00e5rig tradition av djurmatstillverkning. F\u00f6retaget har cirka 160 anst\u00e4llda och en \u00e5rlig oms\u00e4ttning p\u00e5 520 miljoner SEK.<\/p>\n<h2>SVENSK PRODUKTION<\/h2>\n<p>V\u00e5r fabrik tillverkar b\u00e5de torrfoder och v\u00e5tmat och \u00e4r bel\u00e4gen i V\u00e4stsveriges vackra jordbruksbygd i V\u00e5rg\u00e5rda. H\u00e4r \u2013 liksom i \u00f6vriga Sverige \u2013 anv\u00e4nder lantbrukarna mindre kemikalier \u00e4n p\u00e5 andra h\u00e5ll i v\u00e4rlden och den svenska djurh\u00e5llningen har i decennier pr\u00e4glats av l\u00e5ngtg\u00e5ende djurskydd och s\u00e4kerhet, vilket g\u00f6r att v\u00e5ra r\u00e5varor \u00e4r av h\u00f6gsta kvalitet, utan hormoner eller syntetiska tillsatser.<\/p>\n<h2>PRODUKTUTVECKLING<\/h2>\n<p>P\u00e5 <a href=\"https:\/\/doggyab.se\" target=\"_blank\" rel=\"noopener\">Partner in Pet Food Nordics AB<\/a> satsar vi p\u00e5 produktutveckling. Det g\u00f6r vi f\u00f6r att \u00e4ven forts\u00e4ttningsvis kunna vara med och leda utvecklingen i branschen. Produktutveckling inneb\u00e4r bland annat vidareutveckling av befintliga produkter, men framf\u00f6rallt\u00a0framtagning av nya.<\/p>\n<h2>JOBBA HOS OSS<\/h2>\n<p>Klappar ditt hj\u00e4rta lite extra f\u00f6r hundar och katter? Vill du arbeta i en innovativ milj\u00f6 d\u00e4r kvalitet och h\u00e5llbarhet \u00e4r sj\u00e4lvklarheter? D\u00e5 kan vi ha ett jobb f\u00f6r dig!<\/p>\n<p>Se v\u00e5ra lediga tj\u00e4nster p\u00e5 <a title=\"jobb.doggy.se\" href=\"https:\/\/jobb.doggy.se\/\" target=\"_blank\" rel=\"noopener\">jobb.doggy.se<\/a> eller l\u00e4s mer p\u00e5 <a href=\"https:\/\/doggyab.se\" target=\"_blank\" rel=\"noopener\">Partner in Pet Food Nordics AB<\/a>.<\/p>\n\t\t\t<\/div>\n\t\t<\/div>\n\t<\/div>\n\n\n\t<section class=\"block section-promos\">\n\t\t<div class=\"container\">\n\t\t\t<div class=\"row\">\n\t\t\t\t\t\t\t\t\t\t<div class=\"col-md-6 col-lg-4 condensed_V2\">\n\t\t\t\t\t\t\t<div class=\"card\">\n\t\t\t\t\t\t\t\t\t\t\t\t\t\t\t\t\t<img decoding=\"async\" class=\"card-img-top\" src=\"https:\/\/bozita.com\/se\/wp-content\/uploads\/sites\/5\/2021\/06\/bozita-breeders-club-dog-cat.jpeg\" alt=\"\">\n\t\t\t\t\t\t\t\t\t\t\t\t\t\t\t\t<div class=\"card-body\">\n\t\t\t\t\t\t\t\t\t<h5 class=\"card-title\">F\u00f6r uppf\u00f6dare<\/h5>\n\t\t\t\t\t\t\t\t\t<p class=\"card-text\">Om du \u00e4r hund- eller kattuppf\u00f6dare med minst en valp-\/kattungekull vart tredje \u00e5r kan du bli medlem i v\u00e5r klubb f\u00f6r uppf\u00f6dare, bozita breeders club.<\/p>\n\t\t\t\t\t\t\t\t\t\t\t\t\t\t\t\t\t\t\t<a target=\"\" href=\"https:\/\/bozita.com\/se\/bozita-breeders-club\/\" class=\"btn btn-white\">Bozita Breeders Club<\/a>\n\t\t\t\t\t\t\t\t\t\t\t\t\t\t\t\t\t\t<\/div>\n\t\t\t\t\t\t\t<\/div>\n\t\t\t\t\t\t<\/div>\n\t\t\t\t\t\t\t\t\t\t\t\t<div class=\"col-md-6 col-lg-4 condensed_V2\">\n\t\t\t\t\t\t\t<div class=\"card\">\n\t\t\t\t\t\t\t\t\t\t\t\t\t\t\t\t\t<img decoding=\"async\" class=\"card-img-top\" src=\"https:\/\/bozita.com\/se\/wp-content\/uploads\/sites\/5\/2021\/06\/bozita-hallbarhet.jpeg\" alt=\"\">\n\t\t\t\t\t\t\t\t\t\t\t\t\t\t\t\t<div class=\"card-body\">\n\t\t\t\t\t\t\t\t\t<h5 class=\"card-title\">H\u00e5llbarhet<\/h5>\n\t\t\t\t\t\t\t\t\t<p class=\"card-text\">V\u00e5rt m\u00e5l \u00e4r att producera den allra b\u00e4sta hund- och kattmaten p\u00e5 b\u00e4sta t\u00e4nkbara s\u00e4tt med h\u00e5llbarhet, milj\u00f6 och v\u00e5r gemensamma framtid i fokus.<\/p>\n\t\t\t\t\t\t\t\t\t\t\t\t\t\t\t\t\t\t\t<a target=\"\" href=\"https:\/\/bozita.com\/se\/var-filosofi\/hallbart-for-djur-och-natur\/\" class=\"btn btn-white\">H\u00e5llbart \u2013 f\u00f6r djuren och naturen<\/a>\n\t\t\t\t\t\t\t\t\t\t\t\t\t\t\t\t\t\t<\/div>\n\t\t\t\t\t\t\t<\/div>\n\t\t\t\t\t\t<\/div>\n\t\t\t\t\t\t\t\t\t\t\t\t<div class=\"col-md-6 col-lg-4 condensed_V2\">\n\t\t\t\t\t\t\t<div class=\"card\">\n\t\t\t\t\t\t\t\t\t\t\t\t\t\t\t\t\t<img decoding=\"async\" class=\"card-img-top\" src=\"https:\/\/bozita.com\/se\/wp-content\/uploads\/sites\/5\/2021\/06\/bozita-miljovanlig-forpackning-tetra-recart-e1742827282745.jpeg\" alt=\"\">\n\t\t\t\t\t\t\t\t\t\t\t\t\t\t\t\t<div class=\"card-body\">\n\t\t\t\t\t\t\t\t\t<h5 class=\"card-title\">F\u00f6rpackningar<\/h5>\n\t\t\t\t\t\t\t\t\t<p class=\"card-text\">M\u00e5nga av v\u00e5ra v\u00e5tfoder kommer i en Tetra Recart \u2013 en klimatsmart f\u00f6rpackning som du kan \u00e5tervinna med dina andra pappersf\u00f6rpackningar<\/p>\n\t\t\t\t\t\t\t\t\t\t\t\t\t\t\t\t\t\t\t<a target=\"\" href=\"https:\/\/bozita.com\/se\/var-filosofi\/klimatsmart-forpackning\/\" class=\"btn btn-white\">Tetra Recart\u00ae \u2013 klimatsmart f\u00f6rpackning f\u00f6r v\u00e5rfoder<\/a>\n\t\t\t\t\t\t\t\t\t\t\t\t\t\t\t\t\t\t<\/div>\n\t\t\t\t\t\t\t<\/div>\n\t\t\t\t\t\t<\/div>\n\t\t\t\t\t\t\t\t\t<\/div>\n\t\t<\/div>\n\t<\/section>\n","protected":false},"excerpt":{"rendered":"","protected":false},"author":1,"featured_media":2126,"parent":8919,"menu_order":0,"comment_status":"closed","ping_status":"closed","template":"guternberg.php","meta":{"footnotes":""},"acf":[],"yoast_head":"<!-- This site is optimized with the Yoast SEO plugin v21.3 - https:\/\/yoast.com\/wordpress\/plugins\/seo\/ -->\n<title>Om Bozita | Bozita<\/title>\n<meta name=\"description\" content=\"Vi \u00e4r ett litet f\u00f6retag fr\u00e5n V\u00e5rg\u00e5rda som har lagat hund- och kattmat sedan 1903. Vi vill g\u00f6ra saker p\u00e5 ett enkelt och naturligt s\u00e4tt. Vi tillverkar v\u00e5r hund- och kattmat med naturliga r\u00e5varor av h\u00f6g kvalitet utan on\u00f6diga tillsatser.\" \/>\n<meta name=\"robots\" content=\"index, follow, max-snippet:-1, max-image-preview:large, max-video-preview:-1\" \/>\n<link rel=\"canonical\" href=\"https:\/\/bozita.com\/se\/var-filosofi\/om-oss\/\" \/>\n<meta property=\"og:locale\" content=\"sv_SE\" \/>\n<meta property=\"og:type\" content=\"article\" \/>\n<meta property=\"og:title\" content=\"Om Bozita | Bozita\" \/>\n<meta property=\"og:description\" content=\"Vi \u00e4r ett litet f\u00f6retag fr\u00e5n V\u00e5rg\u00e5rda som har lagat hund- och kattmat sedan 1903. Vi vill g\u00f6ra saker p\u00e5 ett enkelt och naturligt s\u00e4tt. Vi tillverkar v\u00e5r hund- och kattmat med naturliga r\u00e5varor av h\u00f6g kvalitet utan on\u00f6diga tillsatser.\" \/>\n<meta property=\"og:url\" content=\"https:\/\/bozita.com\/se\/var-filosofi\/om-oss\/\" \/>\n<meta property=\"og:site_name\" content=\"Bozita Sverige\" \/>\n<meta property=\"article:modified_time\" content=\"2025-03-24T14:53:49+00:00\" \/>\n<meta property=\"og:image\" content=\"https:\/\/bozita.com\/se\/wp-content\/uploads\/sites\/5\/2021\/06\/bozita-om-oss.jpg\" \/>\n\t<meta property=\"og:image:width\" content=\"1600\" \/>\n\t<meta property=\"og:image:height\" content=\"578\" \/>\n\t<meta property=\"og:image:type\" content=\"image\/jpeg\" \/>\n<meta name=\"twitter:card\" content=\"summary_large_image\" \/>\n<!-- \/ Yoast SEO plugin. -->","yoast_head_json":{"title":"Om Bozita | Bozita","description":"Vi \u00e4r ett litet f\u00f6retag fr\u00e5n V\u00e5rg\u00e5rda som har lagat hund- och kattmat sedan 1903. Vi vill g\u00f6ra saker p\u00e5 ett enkelt och naturligt s\u00e4tt. Vi tillverkar v\u00e5r hund- och kattmat med naturliga r\u00e5varor av h\u00f6g kvalitet utan on\u00f6diga tillsatser.","robots":{"index":"index","follow":"follow","max-snippet":"max-snippet:-1","max-image-preview":"max-image-preview:large","max-video-preview":"max-video-preview:-1"},"canonical":"https:\/\/bozita.com\/se\/var-filosofi\/om-oss\/","og_locale":"sv_SE","og_type":"article","og_title":"Om Bozita | Bozita","og_description":"Vi \u00e4r ett litet f\u00f6retag fr\u00e5n V\u00e5rg\u00e5rda som har lagat hund- och kattmat sedan 1903. Vi vill g\u00f6ra saker p\u00e5 ett enkelt och naturligt s\u00e4tt. Vi tillverkar v\u00e5r hund- och kattmat med naturliga r\u00e5varor av h\u00f6g kvalitet utan on\u00f6diga tillsatser.","og_url":"https:\/\/bozita.com\/se\/var-filosofi\/om-oss\/","og_site_name":"Bozita Sverige","article_modified_time":"2025-03-24T14:53:49+00:00","og_image":[{"width":1600,"height":578,"url":"https:\/\/bozita.com\/se\/wp-content\/uploads\/sites\/5\/2021\/06\/bozita-om-oss.jpg","type":"image\/jpeg"}],"twitter_card":"summary_large_image","schema":{"@context":"https:\/\/schema.org","@graph":[{"@type":"WebPage","@id":"https:\/\/bozita.com\/se\/var-filosofi\/om-oss\/","url":"https:\/\/bozita.com\/se\/var-filosofi\/om-oss\/","name":"Om Bozita | Bozita","isPartOf":{"@id":"https:\/\/bozita.com\/se\/#website"},"datePublished":"2021-06-23T15:14:25+00:00","dateModified":"2025-03-24T14:53:49+00:00","description":"Vi \u00e4r ett litet f\u00f6retag fr\u00e5n V\u00e5rg\u00e5rda som har lagat hund- och kattmat sedan 1903. Vi vill g\u00f6ra saker p\u00e5 ett enkelt och naturligt s\u00e4tt. Vi tillverkar v\u00e5r hund- och kattmat med naturliga r\u00e5varor av h\u00f6g kvalitet utan on\u00f6diga tillsatser.","breadcrumb":{"@id":"https:\/\/bozita.com\/se\/var-filosofi\/om-oss\/#breadcrumb"},"inLanguage":"sv-SE","potentialAction":[{"@type":"ReadAction","target":["https:\/\/bozita.com\/se\/var-filosofi\/om-oss\/"]}]},{"@type":"BreadcrumbList","@id":"https:\/\/bozita.com\/se\/var-filosofi\/om-oss\/#breadcrumb","itemListElement":[{"@type":"ListItem","position":1,"name":"Home","item":"https:\/\/bozita.com\/se\/"},{"@type":"ListItem","position":2,"name":"V\u00e5r filosofi","item":"https:\/\/bozita.com\/se\/var-filosofi\/"},{"@type":"ListItem","position":3,"name":"Om Bozita"}]},{"@type":"WebSite","@id":"https:\/\/bozita.com\/se\/#website","url":"https:\/\/bozita.com\/se\/","name":"Bozita Sverige","description":"","potentialAction":[{"@type":"SearchAction","target":{"@type":"EntryPoint","urlTemplate":"https:\/\/bozita.com\/se\/?s={search_term_string}"},"query-input":"required name=search_term_string"}],"inLanguage":"sv-SE"}]}},"_links":{"self":[{"href":"https:\/\/bozita.com\/se\/wp-json\/wp\/v2\/pages\/1959"}],"collection":[{"href":"https:\/\/bozita.com\/se\/wp-json\/wp\/v2\/pages"}],"about":[{"href":"https:\/\/bozita.com\/se\/wp-json\/wp\/v2\/types\/page"}],"author":[{"embeddable":true,"href":"https:\/\/bozita.com\/se\/wp-json\/wp\/v2\/users\/1"}],"replies":[{"embeddable":true,"href":"https:\/\/bozita.com\/se\/wp-json\/wp\/v2\/comments?post=1959"}],"version-history":[{"count":37,"href":"https:\/\/bozita.com\/se\/wp-json\/wp\/v2\/pages\/1959\/revisions"}],"predecessor-version":[{"id":11258,"href":"https:\/\/bozita.com\/se\/wp-json\/wp\/v2\/pages\/1959\/revisions\/11258"}],"up":[{"embeddable":true,"href":"https:\/\/bozita.com\/se\/wp-json\/wp\/v2\/pages\/8919"}],"wp:featuredmedia":[{"embeddable":true,"href":"https:\/\/bozita.com\/se\/wp-json\/wp\/v2\/media\/2126"}],"wp:attachment":[{"href":"https:\/\/bozita.com\/se\/wp-json\/wp\/v2\/media?parent=1959"}],"curies":[{"name":"wp","href":"https:\/\/api.w.org\/{rel}","templated":true}]}}