{"id":2439,"date":"2021-07-07T09:09:07","date_gmt":"2021-07-07T09:09:07","guid":{"rendered":"https:\/\/bozita.com\/se\/?page_id=2439"},"modified":"2021-08-25T09:58:36","modified_gmt":"2021-08-25T09:58:36","slug":"sidan-hittades-inte-404","status":"publish","type":"page","link":"https:\/\/bozita.com\/se\/sidan-hittades-inte-404\/","title":{"rendered":"404 Sida"},"content":{"rendered":"\n<section class=\"notfound-page\">\n\t<div class=\"notfound-header\">\n\t\t<div class=\"container\">\n\t\t\t<div class=\"row\">\n\t\t\t\t<div class=\"col-md-6\">\n\t\t\t\t\t<div class=\"notfound-heading\">\n\t\t\t\t\t\t<h3>404 &#8211; \u00c4r du vilse? <\/h3>\n\t\t\t\t\t\t<h6>Vi kunde inte hitta sidan du letade efter. Du kanske har skrivit in en felaktig URL eller hittat en bruten l\u00e4nk.<\/h6>\n\t\t\t\t\t\t<p>Anv\u00e4nd webbplatsens menu eller s\u00f6k f\u00f6r att hitta informationen som du letar efter eller g\u00e5 till v\u00e5r <a href=\"https:\/\/bozita.com\/se\/\">Startsida<\/a>. Om du bara vill kika runt, kan du hitta n\u00e5gra intressanta artiklar h\u00e4r under.<\/p>\n\t\t\t\t\t<\/div>\n\t\t\t\t<\/div>\n\t\t\t\t<div class=\"col-md-6\">\n\t\t\t\t\t<div class=\"notfound-image\">\n\t\t\t\t\t\t<img decoding=\"async\" src=\"https:\/\/bozita.com\/se\/wp-content\/uploads\/sites\/5\/2021\/08\/Bozita_404-Page-Image-v1@2x_optimised-new.png\" alt=\"\">\n\t\t\t\t\t<\/div>\n\t\t\t\t<\/div>\n\t\t\t<\/div>\n\t\t<\/div>\n\t<\/div>\n<\/section>\n\n\n<div class=\"text-box section-heading\">\n\t<div class=\"container\">\n\t\t<h2 class=\"section-heading-title\">Intressanta artiklar fr\u00e5n Bozita <\/h2>\n\t<\/div>\n<\/div>\n<\/div>\n\n\n\t<section class=\"block section-promos\">\n\t\t<div class=\"container\">\n\t\t\t<div class=\"row\">\n\t\t\t\t\t\t\t\t\t\t<div class=\" col-md-6 condensed_V1\">\n\t\t\t\t\t\t\t<div class=\"card\">\n\t\t\t\t\t\t\t\t\t\t\t\t\t\t\t\t\t<img decoding=\"async\" class=\"card-img-top\" src=\"https:\/\/bozita.com\/se\/wp-content\/uploads\/sites\/5\/2021\/07\/maria-chernetskaya-gfcIwMXxHiM-unsplash-300x192-1.png\" alt=\"\">\n\t\t\t\t\t\t\t\t\t\t\t\t\t\t\t\t<div class=\"card-body\">\n\t\t\t\t\t\t\t\t\t<h5 class=\"card-title\">Introduktion till katt<\/h5>\n\t\t\t\t\t\t\t\t\t<p class=\"card-text\">Elin Hirsch, doktor i etologi och specialist p\u00e5 katters beteende, ber\u00e4ttar hur du lyckas n\u00e4r du ska introducera en ny katt.<\/p>\n\t\t\t\t\t\t\t\t\t\t\t\t\t\t\t\t\t\t\t<a target=\"\" href=\"#\" class=\"btn btn-white\">L\u00e4s mer<\/a>\n\t\t\t\t\t\t\t\t\t\t\t\t\t\t\t\t\t\t<\/div>\n\t\t\t\t\t\t\t<\/div>\n\t\t\t\t\t\t<\/div>\n\t\t\t\t\t\t\t\t\t\t\t\t<div class=\" col-md-6 condensed_V1\">\n\t\t\t\t\t\t\t<div class=\"card\">\n\t\t\t\t\t\t\t\t\t\t\t\t\t\t\t\t\t<img decoding=\"async\" class=\"card-img-top\" src=\"https:\/\/bozita.com\/se\/wp-content\/uploads\/sites\/5\/2021\/07\/sheep-300x192-1.jpg\" alt=\"\">\n\t\t\t\t\t\t\t\t\t\t\t\t\t\t\t\t<div class=\"card-body\">\n\t\t\t\t\t\t\t\t\t<h5 class=\"card-title\">H\u00e5llbarhet<\/h5>\n\t\t\t\t\t\t\t\t\t<p class=\"card-text\">Bozita tillverkas i Sverige av naturliga svenska r\u00e5varor, i ett livsmedelcertifierat k\u00f6k som drivs med 100% f\u00f6rnybar energi och packas i klimatsmarta f\u00f6rpackningar.<\/p>\n\t\t\t\t\t\t\t\t\t\t\t\t\t\t\t\t\t\t\t<a target=\"\" href=\"#\" class=\"btn btn-white\">L\u00e4s mer<\/a>\n\t\t\t\t\t\t\t\t\t\t\t\t\t\t\t\t\t\t<\/div>\n\t\t\t\t\t\t\t<\/div>\n\t\t\t\t\t\t<\/div>\n\t\t\t\t\t\t\t\t\t<\/div>\n\t\t<\/div>\n\t<\/section>\n","protected":false},"excerpt":{"rendered":"","protected":false},"author":1,"featured_media":0,"parent":0,"menu_order":0,"comment_status":"closed","ping_status":"closed","template":"404.php","meta":{"footnotes":""},"acf":[],"yoast_head":"<!-- This site is optimized with the Yoast SEO plugin v21.3 - https:\/\/yoast.com\/wordpress\/plugins\/seo\/ -->\n<title>404 Sida - Bozita Sverige<\/title>\n<meta name=\"robots\" content=\"index, follow, max-snippet:-1, max-image-preview:large, max-video-preview:-1\" \/>\n<link rel=\"canonical\" href=\"https:\/\/bozita.com\/se\/sidan-hittades-inte-404\/\" \/>\n<meta property=\"og:locale\" content=\"sv_SE\" \/>\n<meta property=\"og:type\" content=\"article\" \/>\n<meta property=\"og:title\" content=\"404 Sida - Bozita Sverige\" \/>\n<meta property=\"og:url\" content=\"https:\/\/bozita.com\/se\/sidan-hittades-inte-404\/\" \/>\n<meta property=\"og:site_name\" content=\"Bozita Sverige\" \/>\n<meta property=\"article:modified_time\" content=\"2021-08-25T09:58:36+00:00\" \/>\n<meta name=\"twitter:card\" content=\"summary_large_image\" \/>\n<!-- \/ Yoast SEO plugin. -->","yoast_head_json":{"title":"404 Sida - Bozita Sverige","robots":{"index":"index","follow":"follow","max-snippet":"max-snippet:-1","max-image-preview":"max-image-preview:large","max-video-preview":"max-video-preview:-1"},"canonical":"https:\/\/bozita.com\/se\/sidan-hittades-inte-404\/","og_locale":"sv_SE","og_type":"article","og_title":"404 Sida - Bozita Sverige","og_url":"https:\/\/bozita.com\/se\/sidan-hittades-inte-404\/","og_site_name":"Bozita Sverige","article_modified_time":"2021-08-25T09:58:36+00:00","twitter_card":"summary_large_image","schema":{"@context":"https:\/\/schema.org","@graph":[{"@type":"WebPage","@id":"https:\/\/bozita.com\/se\/sidan-hittades-inte-404\/","url":"https:\/\/bozita.com\/se\/sidan-hittades-inte-404\/","name":"404 Sida - Bozita Sverige","isPartOf":{"@id":"https:\/\/bozita.com\/se\/#website"},"datePublished":"2021-07-07T09:09:07+00:00","dateModified":"2021-08-25T09:58:36+00:00","breadcrumb":{"@id":"https:\/\/bozita.com\/se\/sidan-hittades-inte-404\/#breadcrumb"},"inLanguage":"sv-SE","potentialAction":[{"@type":"ReadAction","target":["https:\/\/bozita.com\/se\/sidan-hittades-inte-404\/"]}]},{"@type":"BreadcrumbList","@id":"https:\/\/bozita.com\/se\/sidan-hittades-inte-404\/#breadcrumb","itemListElement":[{"@type":"ListItem","position":1,"name":"Home","item":"https:\/\/bozita.com\/se\/"},{"@type":"ListItem","position":2,"name":"404 Sida"}]},{"@type":"WebSite","@id":"https:\/\/bozita.com\/se\/#website","url":"https:\/\/bozita.com\/se\/","name":"Bozita Sverige","description":"","potentialAction":[{"@type":"SearchAction","target":{"@type":"EntryPoint","urlTemplate":"https:\/\/bozita.com\/se\/?s={search_term_string}"},"query-input":"required name=search_term_string"}],"inLanguage":"sv-SE"}]}},"_links":{"self":[{"href":"https:\/\/bozita.com\/se\/wp-json\/wp\/v2\/pages\/2439"}],"collection":[{"href":"https:\/\/bozita.com\/se\/wp-json\/wp\/v2\/pages"}],"about":[{"href":"https:\/\/bozita.com\/se\/wp-json\/wp\/v2\/types\/page"}],"author":[{"embeddable":true,"href":"https:\/\/bozita.com\/se\/wp-json\/wp\/v2\/users\/1"}],"replies":[{"embeddable":true,"href":"https:\/\/bozita.com\/se\/wp-json\/wp\/v2\/comments?post=2439"}],"version-history":[{"count":16,"href":"https:\/\/bozita.com\/se\/wp-json\/wp\/v2\/pages\/2439\/revisions"}],"predecessor-version":[{"id":6334,"href":"https:\/\/bozita.com\/se\/wp-json\/wp\/v2\/pages\/2439\/revisions\/6334"}],"wp:attachment":[{"href":"https:\/\/bozita.com\/se\/wp-json\/wp\/v2\/media?parent=2439"}],"curies":[{"name":"wp","href":"https:\/\/api.w.org\/{rel}","templated":true}]}}