{"id":2639,"date":"2021-07-18T20:56:03","date_gmt":"2021-07-18T20:56:03","guid":{"rendered":"https:\/\/bozita.com\/se\/?page_id=2639"},"modified":"2021-07-20T16:54:27","modified_gmt":"2021-07-20T16:54:27","slug":"kort-naringslara-for-katter","status":"publish","type":"page","link":"https:\/\/bozita.com\/se\/kort-naringslara-for-katter\/","title":{"rendered":"Kort n\u00e4ringsl\u00e4ra f\u00f6r katter"},"content":{"rendered":"\t\t<section class=\"small-hero\">\n\t\t\t<div class=\"container\">\n\t\t\t\t<h1 class=\"small-hero-title\">Kort n\u00e4ringsl\u00e4ra om katter<\/h1>\t\t\t<\/div>\n\t\t\t<\/div>\n\t\t<\/section>\n\t\n\n\t<div class=\"text-box-warp\">\n\t\t<div class=\"container\">\n\t\t\t<div class=\"text-content\">\n\t\t\t\t<p>Katter \u00e4r i grunden rovdjur som \u00e4ter k\u00f6tt och beh\u00f6ver d\u00e4rf\u00f6r mycket protein f\u00f6r att m\u00e5 bra. Ett foder med f\u00f6r lite protein kan vara direkt skadligt f\u00f6r en katt. Dessutom beh\u00f6ver de f\u00e5 i sig den livsn\u00f6dv\u00e4ndiga aminosyran taurin som i tillr\u00e4cklig m\u00e4ngd bara hittas i animaliska produkter. Det \u00e4r d\u00e4rf\u00f6r inte l\u00e4mpligt att ge en katt en helt vegetarisk kost. Det betyder d\u00e4remot inte att katter enbart m\u00e5ste \u00e4ta k\u00f6tt. De har en god f\u00f6rm\u00e5ga att bryta ner v\u00e4l tillagade kolhydrater, exempelvis st\u00e4rkelse som \u00e4r en utm\u00e4rkt energik\u00e4lla. Med st\u00e4rkelse som kompletterande energik\u00e4lla f\u00e5r proteinet utrymme att bygga upp och reparera v\u00e4vnad. Fibrerna som finns i kolhydrater \u00e4r dessutom bra f\u00f6r att h\u00e5lla ig\u00e5ng tarmarna. Fett bidrar med energi och essentiella fettsyror, som omega-3 och omega-6, \u00e4r v\u00e4sentliga f\u00f6r kattens hud och p\u00e4ls. Vitaminer och mineraler som fosfor och kalcium \u00e4r viktiga f\u00f6r ett starkt skelett och v\u00e4lm\u00e5ende t\u00e4nder. T\u00e4nk ocks\u00e5 p\u00e5 att din katt alltid ska ha tillg\u00e5ng till f\u00e4rskt och friskt vatten.<\/p>\n\t\t\t<\/div>\n\t\t<\/div>\n\t<\/div>\n","protected":false},"excerpt":{"rendered":"","protected":false},"author":1,"featured_media":0,"parent":0,"menu_order":0,"comment_status":"closed","ping_status":"closed","template":"guternberg.php","meta":{"footnotes":""},"acf":[],"yoast_head":"<!-- This site is optimized with the Yoast SEO plugin v21.3 - https:\/\/yoast.com\/wordpress\/plugins\/seo\/ -->\n<title>Kort n\u00e4ringsl\u00e4ra f\u00f6r katter - Bozita Sverige<\/title>\n<meta name=\"robots\" content=\"index, follow, max-snippet:-1, max-image-preview:large, max-video-preview:-1\" \/>\n<link rel=\"canonical\" href=\"https:\/\/bozita.com\/se\/kort-naringslara-for-katter\/\" \/>\n<meta property=\"og:locale\" content=\"sv_SE\" \/>\n<meta property=\"og:type\" content=\"article\" \/>\n<meta property=\"og:title\" content=\"Kort n\u00e4ringsl\u00e4ra f\u00f6r katter - Bozita Sverige\" \/>\n<meta property=\"og:url\" content=\"https:\/\/bozita.com\/se\/kort-naringslara-for-katter\/\" \/>\n<meta property=\"og:site_name\" content=\"Bozita Sverige\" \/>\n<meta property=\"article:modified_time\" content=\"2021-07-20T16:54:27+00:00\" \/>\n<meta name=\"twitter:card\" content=\"summary_large_image\" \/>\n<!-- \/ Yoast SEO plugin. -->","yoast_head_json":{"title":"Kort n\u00e4ringsl\u00e4ra f\u00f6r katter - Bozita Sverige","robots":{"index":"index","follow":"follow","max-snippet":"max-snippet:-1","max-image-preview":"max-image-preview:large","max-video-preview":"max-video-preview:-1"},"canonical":"https:\/\/bozita.com\/se\/kort-naringslara-for-katter\/","og_locale":"sv_SE","og_type":"article","og_title":"Kort n\u00e4ringsl\u00e4ra f\u00f6r katter - Bozita Sverige","og_url":"https:\/\/bozita.com\/se\/kort-naringslara-for-katter\/","og_site_name":"Bozita Sverige","article_modified_time":"2021-07-20T16:54:27+00:00","twitter_card":"summary_large_image","schema":{"@context":"https:\/\/schema.org","@graph":[{"@type":"WebPage","@id":"https:\/\/bozita.com\/se\/kort-naringslara-for-katter\/","url":"https:\/\/bozita.com\/se\/kort-naringslara-for-katter\/","name":"Kort n\u00e4ringsl\u00e4ra f\u00f6r katter - Bozita Sverige","isPartOf":{"@id":"https:\/\/bozita.com\/se\/#website"},"datePublished":"2021-07-18T20:56:03+00:00","dateModified":"2021-07-20T16:54:27+00:00","breadcrumb":{"@id":"https:\/\/bozita.com\/se\/kort-naringslara-for-katter\/#breadcrumb"},"inLanguage":"sv-SE","potentialAction":[{"@type":"ReadAction","target":["https:\/\/bozita.com\/se\/kort-naringslara-for-katter\/"]}]},{"@type":"BreadcrumbList","@id":"https:\/\/bozita.com\/se\/kort-naringslara-for-katter\/#breadcrumb","itemListElement":[{"@type":"ListItem","position":1,"name":"Home","item":"https:\/\/bozita.com\/se\/"},{"@type":"ListItem","position":2,"name":"Kort n\u00e4ringsl\u00e4ra f\u00f6r katter"}]},{"@type":"WebSite","@id":"https:\/\/bozita.com\/se\/#website","url":"https:\/\/bozita.com\/se\/","name":"Bozita Sverige","description":"","potentialAction":[{"@type":"SearchAction","target":{"@type":"EntryPoint","urlTemplate":"https:\/\/bozita.com\/se\/?s={search_term_string}"},"query-input":"required name=search_term_string"}],"inLanguage":"sv-SE"}]}},"_links":{"self":[{"href":"https:\/\/bozita.com\/se\/wp-json\/wp\/v2\/pages\/2639"}],"collection":[{"href":"https:\/\/bozita.com\/se\/wp-json\/wp\/v2\/pages"}],"about":[{"href":"https:\/\/bozita.com\/se\/wp-json\/wp\/v2\/types\/page"}],"author":[{"embeddable":true,"href":"https:\/\/bozita.com\/se\/wp-json\/wp\/v2\/users\/1"}],"replies":[{"embeddable":true,"href":"https:\/\/bozita.com\/se\/wp-json\/wp\/v2\/comments?post=2639"}],"version-history":[{"count":5,"href":"https:\/\/bozita.com\/se\/wp-json\/wp\/v2\/pages\/2639\/revisions"}],"predecessor-version":[{"id":2842,"href":"https:\/\/bozita.com\/se\/wp-json\/wp\/v2\/pages\/2639\/revisions\/2842"}],"wp:attachment":[{"href":"https:\/\/bozita.com\/se\/wp-json\/wp\/v2\/media?parent=2639"}],"curies":[{"name":"wp","href":"https:\/\/api.w.org\/{rel}","templated":true}]}}