{"id":2643,"date":"2021-07-18T21:08:57","date_gmt":"2021-07-18T21:08:57","guid":{"rendered":"https:\/\/bozita.com\/se\/?page_id=2643"},"modified":"2021-07-20T16:55:50","modified_gmt":"2021-07-20T16:55:50","slug":"kanslig-mage-och-foderallergi-for-katter","status":"publish","type":"page","link":"https:\/\/bozita.com\/se\/kanslig-mage-och-foderallergi-for-katter\/","title":{"rendered":"K\u00e4nslig mage och foderallergi f\u00f6r katter"},"content":{"rendered":"\t\t<section class=\"small-hero\">\n\t\t\t<div class=\"container\">\n\t\t\t\t<h1 class=\"small-hero-title\">K\u00e4nslig mage och foderallergi f\u00f6r katter<\/h1>\t\t\t<\/div>\n\t\t\t<\/div>\n\t\t<\/section>\n\t\n\n\t<div class=\"text-box-warp\">\n\t\t<div class=\"container\">\n\t\t\t<div class=\"text-content\">\n\t\t\t\t<p>Vissa katter har k\u00e4nsligare mage \u00e4n andra och beh\u00f6ver d\u00e5 ett lite mer l\u00e4ttsm\u00e4lt foder. F\u00f6r att underl\u00e4tta kattens matsm\u00e4ltningsprocess b\u00f6r du ge den extra fiberrik mat. FOS (fruktooligosackarider) och MOS (mannanoligosackarider) \u00e4r naturliga prebiotiska fibrer som fr\u00e4mjar en god och funktionell tarmflora samt skapar balans i en k\u00e4nslig mage. FOS hj\u00e4lper tarmens gynnsamma bakterier att v\u00e4xa och MOS hj\u00e4lper till att h\u00e4mma tillv\u00e4xten av de icke gynnsamma bakterierna. En orolig mage kan ocks\u00e5 bero p\u00e5 foderallergi och vanliga symptom p\u00e5 det kan vara \u00e5terkommande problem med diarr\u00e9, kr\u00e4kningar, kl\u00e5da och andra hudproblem. Det kan vara ett visst protein som din katt inte t\u00e5l, men den kan ocks\u00e5 vara k\u00e4nslig mot vete eller andra spannm\u00e5l (majs och ris). Eftersom katter i grunden \u00e4r k\u00f6tt\u00e4tare \u00e4r deras matsm\u00e4ltningskanal utformad f\u00f6r att behandla mycket protein och f\u00e4rre kolhydrater och det \u00e4r d\u00e4rf\u00f6r inte ovanligt att katter \u00e4r k\u00e4nsliga mot vete och spannm\u00e5l. Det betyder d\u00e4remot inte att katter enbart ska \u00e4ta k\u00f6tt. St\u00e4rkelse \u00e4r en utm\u00e4rkt energik\u00e4lla och fungerar som ett bra komplement till proteinet d\u00e4r det f\u00e5r utrymme att bygga upp och reparera v\u00e4vnad. Vi har d\u00e4rf\u00f6r tillsatt potatis i v\u00e5ra spannm\u00e5lsfria foder och erbjuder \u00e4ven vetefritt foder f\u00f6r katter som \u00e4r k\u00e4nsliga mot vete. En k\u00e4nslig mage beh\u00f6ver inte bero p\u00e5 fodret och kan uppkomma av andra orsaker s\u00e5som stress eller sjukdom och ska i de fallen l\u00f6sas p\u00e5 andra s\u00e4tt. Kontakta din veterin\u00e4r f\u00f6r att f\u00e5 hj\u00e4lp att fastst\u00e4lla orsaken till problemen.<\/p>\n\t\t\t<\/div>\n\t\t<\/div>\n\t<\/div>\n","protected":false},"excerpt":{"rendered":"","protected":false},"author":1,"featured_media":0,"parent":0,"menu_order":0,"comment_status":"closed","ping_status":"closed","template":"guternberg.php","meta":{"footnotes":""},"acf":[],"yoast_head":"<!-- This site is optimized with the Yoast SEO plugin v21.3 - https:\/\/yoast.com\/wordpress\/plugins\/seo\/ -->\n<title>K\u00e4nslig mage och foderallergi f\u00f6r katter - Bozita Sverige<\/title>\n<meta name=\"robots\" content=\"index, follow, max-snippet:-1, max-image-preview:large, max-video-preview:-1\" \/>\n<link rel=\"canonical\" href=\"https:\/\/bozita.com\/se\/kanslig-mage-och-foderallergi-for-katter\/\" \/>\n<meta property=\"og:locale\" content=\"sv_SE\" \/>\n<meta property=\"og:type\" content=\"article\" \/>\n<meta property=\"og:title\" content=\"K\u00e4nslig mage och foderallergi f\u00f6r katter - Bozita Sverige\" \/>\n<meta property=\"og:url\" content=\"https:\/\/bozita.com\/se\/kanslig-mage-och-foderallergi-for-katter\/\" \/>\n<meta property=\"og:site_name\" content=\"Bozita Sverige\" \/>\n<meta property=\"article:modified_time\" content=\"2021-07-20T16:55:50+00:00\" \/>\n<meta name=\"twitter:card\" content=\"summary_large_image\" \/>\n<!-- \/ Yoast SEO plugin. -->","yoast_head_json":{"title":"K\u00e4nslig mage och foderallergi f\u00f6r katter - Bozita Sverige","robots":{"index":"index","follow":"follow","max-snippet":"max-snippet:-1","max-image-preview":"max-image-preview:large","max-video-preview":"max-video-preview:-1"},"canonical":"https:\/\/bozita.com\/se\/kanslig-mage-och-foderallergi-for-katter\/","og_locale":"sv_SE","og_type":"article","og_title":"K\u00e4nslig mage och foderallergi f\u00f6r katter - Bozita Sverige","og_url":"https:\/\/bozita.com\/se\/kanslig-mage-och-foderallergi-for-katter\/","og_site_name":"Bozita Sverige","article_modified_time":"2021-07-20T16:55:50+00:00","twitter_card":"summary_large_image","schema":{"@context":"https:\/\/schema.org","@graph":[{"@type":"WebPage","@id":"https:\/\/bozita.com\/se\/kanslig-mage-och-foderallergi-for-katter\/","url":"https:\/\/bozita.com\/se\/kanslig-mage-och-foderallergi-for-katter\/","name":"K\u00e4nslig mage och foderallergi f\u00f6r katter - Bozita Sverige","isPartOf":{"@id":"https:\/\/bozita.com\/se\/#website"},"datePublished":"2021-07-18T21:08:57+00:00","dateModified":"2021-07-20T16:55:50+00:00","breadcrumb":{"@id":"https:\/\/bozita.com\/se\/kanslig-mage-och-foderallergi-for-katter\/#breadcrumb"},"inLanguage":"sv-SE","potentialAction":[{"@type":"ReadAction","target":["https:\/\/bozita.com\/se\/kanslig-mage-och-foderallergi-for-katter\/"]}]},{"@type":"BreadcrumbList","@id":"https:\/\/bozita.com\/se\/kanslig-mage-och-foderallergi-for-katter\/#breadcrumb","itemListElement":[{"@type":"ListItem","position":1,"name":"Home","item":"https:\/\/bozita.com\/se\/"},{"@type":"ListItem","position":2,"name":"K\u00e4nslig mage och foderallergi f\u00f6r katter"}]},{"@type":"WebSite","@id":"https:\/\/bozita.com\/se\/#website","url":"https:\/\/bozita.com\/se\/","name":"Bozita Sverige","description":"","potentialAction":[{"@type":"SearchAction","target":{"@type":"EntryPoint","urlTemplate":"https:\/\/bozita.com\/se\/?s={search_term_string}"},"query-input":"required name=search_term_string"}],"inLanguage":"sv-SE"}]}},"_links":{"self":[{"href":"https:\/\/bozita.com\/se\/wp-json\/wp\/v2\/pages\/2643"}],"collection":[{"href":"https:\/\/bozita.com\/se\/wp-json\/wp\/v2\/pages"}],"about":[{"href":"https:\/\/bozita.com\/se\/wp-json\/wp\/v2\/types\/page"}],"author":[{"embeddable":true,"href":"https:\/\/bozita.com\/se\/wp-json\/wp\/v2\/users\/1"}],"replies":[{"embeddable":true,"href":"https:\/\/bozita.com\/se\/wp-json\/wp\/v2\/comments?post=2643"}],"version-history":[{"count":5,"href":"https:\/\/bozita.com\/se\/wp-json\/wp\/v2\/pages\/2643\/revisions"}],"predecessor-version":[{"id":2845,"href":"https:\/\/bozita.com\/se\/wp-json\/wp\/v2\/pages\/2643\/revisions\/2845"}],"wp:attachment":[{"href":"https:\/\/bozita.com\/se\/wp-json\/wp\/v2\/media?parent=2643"}],"curies":[{"name":"wp","href":"https:\/\/api.w.org\/{rel}","templated":true}]}}