{"id":2646,"date":"2021-07-18T21:17:48","date_gmt":"2021-07-18T21:17:48","guid":{"rendered":"https:\/\/bozita.com\/se\/?page_id=2646"},"modified":"2021-07-20T16:56:27","modified_gmt":"2021-07-20T16:56:27","slug":"glanslos-pals-for-katter","status":"publish","type":"page","link":"https:\/\/bozita.com\/se\/glanslos-pals-for-katter\/","title":{"rendered":"Glansl\u00f6s p\u00e4ls f\u00f6r katter"},"content":{"rendered":"\t\t<section class=\"small-hero\">\n\t\t\t<div class=\"container\">\n\t\t\t\t<h1 class=\"small-hero-title\">Glansl\u00f6s p\u00e4ls f\u00f6r katter<\/h1>\t\t\t<\/div>\n\t\t\t<\/div>\n\t\t<\/section>\n\t\n\n\t<div class=\"text-box-warp\">\n\t\t<div class=\"container\">\n\t\t\t<div class=\"text-content\">\n\t\t\t\t<p>Hud och p\u00e4ls kan ber\u00e4tta mycket om kattens h\u00e4lsa och matt p\u00e4ls \u00e4r ett tydligt tecken p\u00e5 att n\u00e5gonting inte st\u00e5r r\u00e4tt till. Det kan bero p\u00e5 sjukdom eller stress, s\u00e5 det \u00e4r d\u00e4rf\u00f6r viktigt att f\u00f6rst och fr\u00e4mst s\u00e4kerst\u00e4lla att s\u00e5 inte \u00e4r fallet. En katt som precis genomg\u00e5tt en graviditet och m\u00e5nga upprepade l\u00f6p kan till exempel ofta bli stressad och det \u00e4r d\u00e5 inte ovanligt att p\u00e4lskvaliteten p\u00e5verkas. Om man har uteslutit sjukdom och stress kan man ofta komma till r\u00e4tta med problemet genom att byta till ett foder som kompletterar behovet av viktiga vitaminer, antioxidanter och fettsyror. Vitaminer som B-vitamin kan bidra till att stimulera p\u00e4lss\u00e4ttning och p\u00e4lskvalitet och den essentiella fettsyran omega-3 inneh\u00e5ller h\u00f6ga halter av EPA och DHA som f\u00f6rb\u00e4ttrar p\u00e4lskvaliteten och lindrar kl\u00e5da. Omega-3 kan kattens kropp inte tillverka sj\u00e4lv s\u00e5 det m\u00e5ste tillf\u00f6ras via f\u00f6dan.<\/p>\n\t\t\t<\/div>\n\t\t<\/div>\n\t<\/div>\n","protected":false},"excerpt":{"rendered":"","protected":false},"author":1,"featured_media":0,"parent":0,"menu_order":0,"comment_status":"closed","ping_status":"closed","template":"guternberg.php","meta":{"footnotes":""},"acf":[],"yoast_head":"<!-- This site is optimized with the Yoast SEO plugin v21.3 - https:\/\/yoast.com\/wordpress\/plugins\/seo\/ -->\n<title>Glansl\u00f6s p\u00e4ls f\u00f6r katter - Bozita Sverige<\/title>\n<meta name=\"robots\" content=\"index, follow, max-snippet:-1, max-image-preview:large, max-video-preview:-1\" \/>\n<link rel=\"canonical\" href=\"https:\/\/bozita.com\/se\/glanslos-pals-for-katter\/\" \/>\n<meta property=\"og:locale\" content=\"sv_SE\" \/>\n<meta property=\"og:type\" content=\"article\" \/>\n<meta property=\"og:title\" content=\"Glansl\u00f6s p\u00e4ls f\u00f6r katter - Bozita Sverige\" \/>\n<meta property=\"og:url\" content=\"https:\/\/bozita.com\/se\/glanslos-pals-for-katter\/\" \/>\n<meta property=\"og:site_name\" content=\"Bozita Sverige\" \/>\n<meta property=\"article:modified_time\" content=\"2021-07-20T16:56:27+00:00\" \/>\n<meta name=\"twitter:card\" content=\"summary_large_image\" \/>\n<!-- \/ Yoast SEO plugin. -->","yoast_head_json":{"title":"Glansl\u00f6s p\u00e4ls f\u00f6r katter - Bozita Sverige","robots":{"index":"index","follow":"follow","max-snippet":"max-snippet:-1","max-image-preview":"max-image-preview:large","max-video-preview":"max-video-preview:-1"},"canonical":"https:\/\/bozita.com\/se\/glanslos-pals-for-katter\/","og_locale":"sv_SE","og_type":"article","og_title":"Glansl\u00f6s p\u00e4ls f\u00f6r katter - Bozita Sverige","og_url":"https:\/\/bozita.com\/se\/glanslos-pals-for-katter\/","og_site_name":"Bozita Sverige","article_modified_time":"2021-07-20T16:56:27+00:00","twitter_card":"summary_large_image","schema":{"@context":"https:\/\/schema.org","@graph":[{"@type":"WebPage","@id":"https:\/\/bozita.com\/se\/glanslos-pals-for-katter\/","url":"https:\/\/bozita.com\/se\/glanslos-pals-for-katter\/","name":"Glansl\u00f6s p\u00e4ls f\u00f6r katter - Bozita Sverige","isPartOf":{"@id":"https:\/\/bozita.com\/se\/#website"},"datePublished":"2021-07-18T21:17:48+00:00","dateModified":"2021-07-20T16:56:27+00:00","breadcrumb":{"@id":"https:\/\/bozita.com\/se\/glanslos-pals-for-katter\/#breadcrumb"},"inLanguage":"sv-SE","potentialAction":[{"@type":"ReadAction","target":["https:\/\/bozita.com\/se\/glanslos-pals-for-katter\/"]}]},{"@type":"BreadcrumbList","@id":"https:\/\/bozita.com\/se\/glanslos-pals-for-katter\/#breadcrumb","itemListElement":[{"@type":"ListItem","position":1,"name":"Home","item":"https:\/\/bozita.com\/se\/"},{"@type":"ListItem","position":2,"name":"Glansl\u00f6s p\u00e4ls f\u00f6r katter"}]},{"@type":"WebSite","@id":"https:\/\/bozita.com\/se\/#website","url":"https:\/\/bozita.com\/se\/","name":"Bozita Sverige","description":"","potentialAction":[{"@type":"SearchAction","target":{"@type":"EntryPoint","urlTemplate":"https:\/\/bozita.com\/se\/?s={search_term_string}"},"query-input":"required name=search_term_string"}],"inLanguage":"sv-SE"}]}},"_links":{"self":[{"href":"https:\/\/bozita.com\/se\/wp-json\/wp\/v2\/pages\/2646"}],"collection":[{"href":"https:\/\/bozita.com\/se\/wp-json\/wp\/v2\/pages"}],"about":[{"href":"https:\/\/bozita.com\/se\/wp-json\/wp\/v2\/types\/page"}],"author":[{"embeddable":true,"href":"https:\/\/bozita.com\/se\/wp-json\/wp\/v2\/users\/1"}],"replies":[{"embeddable":true,"href":"https:\/\/bozita.com\/se\/wp-json\/wp\/v2\/comments?post=2646"}],"version-history":[{"count":5,"href":"https:\/\/bozita.com\/se\/wp-json\/wp\/v2\/pages\/2646\/revisions"}],"predecessor-version":[{"id":2848,"href":"https:\/\/bozita.com\/se\/wp-json\/wp\/v2\/pages\/2646\/revisions\/2848"}],"wp:attachment":[{"href":"https:\/\/bozita.com\/se\/wp-json\/wp\/v2\/media?parent=2646"}],"curies":[{"name":"wp","href":"https:\/\/api.w.org\/{rel}","templated":true}]}}