{"id":2649,"date":"2021-07-18T21:23:39","date_gmt":"2021-07-18T21:23:39","guid":{"rendered":"https:\/\/bozita.com\/se\/?page_id=2649"},"modified":"2021-08-12T06:45:04","modified_gmt":"2021-08-12T06:45:04","slug":"kastrering-och-hur-det-paverkar-kattens-halsa","status":"publish","type":"page","link":"https:\/\/bozita.com\/se\/kastrering-och-hur-det-paverkar-kattens-halsa\/","title":{"rendered":"Kastrering och hur det p\u00e5verkar kattens h\u00e4lsa"},"content":{"rendered":"\t\t<section class=\"small-hero\">\n\t\t\t<div class=\"container\">\n\t\t\t\t<h1 class=\"small-hero-title\">Kastrering och hur det p\u00e5verkar kattens h\u00e4lsa<\/h1>\t\t\t<\/div>\n\t\t\t<\/div>\n\t\t<\/section>\n\t\n\n\t<div class=\"text-box-warp\">\n\t\t<div class=\"container\">\n\t\t\t<div class=\"text-content\">\n\t\t\t\t<p><strong>Har du inga planer att anv\u00e4nda din katt i avel b\u00f6r du, enligt <a href=\"https:\/\/jordbruksverket.se\/djur\/smittskydd-djurskydd-djurhalsa-och-folkhalsa\/djurskyddet-i-sverige\">Jordbruksverkets nya djurskyddsregler<\/a>, kastrera den. Kastrering har, f\u00f6rutom att du undviker o\u00f6nskade kattungar och bidrar till minskad heml\u00f6shet bland katter, m\u00e5nga h\u00e4lsof\u00f6rdelar.<\/strong><\/p>\n<p>Risken f\u00f6r att katten urinmarkerar inomhus minskar efter kastrering. Dessutom g\u00e5r utomhuskatter kortare str\u00e4ckor fr\u00e5n hemmet samt interagerar mindre med andra katter, vilket i sin tur minskar risken f\u00f6r smittor och skador fr\u00e5n slagsm\u00e5l. Kastrerade katter blir dessutom lugnare och mindre stressade.<\/p>\n<p>En kastrerad katt minskar \u00e4mnesoms\u00e4ttningen med omkring 30%. Detta g\u00f6r att den har l\u00e4ttare f\u00f6r att g\u00e5 upp i vikt om den forts\u00e4tter \u00e4ta som den gjort tidigare. Ist\u00e4llet f\u00f6r att justera m\u00e4ngden mat kan du byta till ett foder med ett l\u00e4gre energiinneh\u00e5ll som \u00e4r speciellt anpassat f\u00f6r kastrerade katter.<\/p>\n<p><strong>Vidare l\u00e4sning<\/strong> <br \/>\n<a title=\"Kastrera katt\" href=\"https:\/\/bozita.com\/se\/katt\/kattens-halsa\/att-kastrera-katten-har-manga-fordelar\/\">Att kastrera katten har m\u00e5nga f\u00f6rdelar<\/a><\/p>\n\t\t\t<\/div>\n\t\t<\/div>\n\t<\/div>\n","protected":false},"excerpt":{"rendered":"","protected":false},"author":1,"featured_media":0,"parent":0,"menu_order":0,"comment_status":"closed","ping_status":"closed","template":"guternberg.php","meta":{"footnotes":""},"acf":[],"yoast_head":"<!-- This site is optimized with the Yoast SEO plugin v21.3 - https:\/\/yoast.com\/wordpress\/plugins\/seo\/ -->\n<title>Kastrering och hur det p\u00e5verkar kattens h\u00e4lsa - Bozita Sverige<\/title>\n<meta name=\"robots\" content=\"index, follow, max-snippet:-1, max-image-preview:large, max-video-preview:-1\" \/>\n<link rel=\"canonical\" href=\"https:\/\/bozita.com\/se\/kastrering-och-hur-det-paverkar-kattens-halsa\/\" \/>\n<meta property=\"og:locale\" content=\"sv_SE\" \/>\n<meta property=\"og:type\" content=\"article\" \/>\n<meta property=\"og:title\" content=\"Kastrering och hur det p\u00e5verkar kattens h\u00e4lsa - Bozita Sverige\" \/>\n<meta property=\"og:url\" content=\"https:\/\/bozita.com\/se\/kastrering-och-hur-det-paverkar-kattens-halsa\/\" \/>\n<meta property=\"og:site_name\" content=\"Bozita Sverige\" \/>\n<meta property=\"article:modified_time\" content=\"2021-08-12T06:45:04+00:00\" \/>\n<meta name=\"twitter:card\" content=\"summary_large_image\" \/>\n<!-- \/ Yoast SEO plugin. -->","yoast_head_json":{"title":"Kastrering och hur det p\u00e5verkar kattens h\u00e4lsa - Bozita Sverige","robots":{"index":"index","follow":"follow","max-snippet":"max-snippet:-1","max-image-preview":"max-image-preview:large","max-video-preview":"max-video-preview:-1"},"canonical":"https:\/\/bozita.com\/se\/kastrering-och-hur-det-paverkar-kattens-halsa\/","og_locale":"sv_SE","og_type":"article","og_title":"Kastrering och hur det p\u00e5verkar kattens h\u00e4lsa - Bozita Sverige","og_url":"https:\/\/bozita.com\/se\/kastrering-och-hur-det-paverkar-kattens-halsa\/","og_site_name":"Bozita Sverige","article_modified_time":"2021-08-12T06:45:04+00:00","twitter_card":"summary_large_image","schema":{"@context":"https:\/\/schema.org","@graph":[{"@type":"WebPage","@id":"https:\/\/bozita.com\/se\/kastrering-och-hur-det-paverkar-kattens-halsa\/","url":"https:\/\/bozita.com\/se\/kastrering-och-hur-det-paverkar-kattens-halsa\/","name":"Kastrering och hur det p\u00e5verkar kattens h\u00e4lsa - Bozita Sverige","isPartOf":{"@id":"https:\/\/bozita.com\/se\/#website"},"datePublished":"2021-07-18T21:23:39+00:00","dateModified":"2021-08-12T06:45:04+00:00","breadcrumb":{"@id":"https:\/\/bozita.com\/se\/kastrering-och-hur-det-paverkar-kattens-halsa\/#breadcrumb"},"inLanguage":"sv-SE","potentialAction":[{"@type":"ReadAction","target":["https:\/\/bozita.com\/se\/kastrering-och-hur-det-paverkar-kattens-halsa\/"]}]},{"@type":"BreadcrumbList","@id":"https:\/\/bozita.com\/se\/kastrering-och-hur-det-paverkar-kattens-halsa\/#breadcrumb","itemListElement":[{"@type":"ListItem","position":1,"name":"Home","item":"https:\/\/bozita.com\/se\/"},{"@type":"ListItem","position":2,"name":"Kastrering och hur det p\u00e5verkar kattens h\u00e4lsa"}]},{"@type":"WebSite","@id":"https:\/\/bozita.com\/se\/#website","url":"https:\/\/bozita.com\/se\/","name":"Bozita Sverige","description":"","potentialAction":[{"@type":"SearchAction","target":{"@type":"EntryPoint","urlTemplate":"https:\/\/bozita.com\/se\/?s={search_term_string}"},"query-input":"required name=search_term_string"}],"inLanguage":"sv-SE"}]}},"_links":{"self":[{"href":"https:\/\/bozita.com\/se\/wp-json\/wp\/v2\/pages\/2649"}],"collection":[{"href":"https:\/\/bozita.com\/se\/wp-json\/wp\/v2\/pages"}],"about":[{"href":"https:\/\/bozita.com\/se\/wp-json\/wp\/v2\/types\/page"}],"author":[{"embeddable":true,"href":"https:\/\/bozita.com\/se\/wp-json\/wp\/v2\/users\/1"}],"replies":[{"embeddable":true,"href":"https:\/\/bozita.com\/se\/wp-json\/wp\/v2\/comments?post=2649"}],"version-history":[{"count":17,"href":"https:\/\/bozita.com\/se\/wp-json\/wp\/v2\/pages\/2649\/revisions"}],"predecessor-version":[{"id":10520,"href":"https:\/\/bozita.com\/se\/wp-json\/wp\/v2\/pages\/2649\/revisions\/10520"}],"wp:attachment":[{"href":"https:\/\/bozita.com\/se\/wp-json\/wp\/v2\/media?parent=2649"}],"curies":[{"name":"wp","href":"https:\/\/api.w.org\/{rel}","templated":true}]}}