{"id":51,"date":"2021-05-25T23:37:48","date_gmt":"2021-05-25T23:37:48","guid":{"rendered":"https:\/\/bozita.com\/se\/?page_id=51"},"modified":"2021-08-26T13:49:23","modified_gmt":"2021-08-26T13:49:23","slug":"nutrition-och-kost","status":"publish","type":"page","link":"https:\/\/bozita.com\/se\/hundfoder\/nutrition-och-kost\/","title":{"rendered":"Nutrition och kost"},"content":{"rendered":"\n\t\t<section class=\"small-hero-with-image\">\n\t\t\t\t\t\t\t<img decoding=\"async\" class=\"background-image\" src=\"https:\/\/bozita.com\/se\/wp-content\/uploads\/sites\/5\/2021\/08\/bozita-nutrition-kost-3.jpg\" alt=\"\">\n\t\t\t\t\t\t\t<div class=\"overlay-v1 \">\n\t\t\t\t<div class=\"container\">\n\t\t\t\t\t<div class=\"row\">\n\t\t\t\t\t\t<div class=\"col-md-6 col-lg-5\">\n\t\t\t\t\t\t\t<h5>V\u00e4lm\u00e5ende<\/h5><h1>Nutrition &#038; kost<\/h1><p><p>Vad ska hundar \u00e4ta? Ett bra hundfoder ska vara v\u00e4l sammansatt och inneh\u00e5lla allt din hund beh\u00f6ver. Protein, fett, mineraler och vitaminer i r\u00e4tt proportioner.<\/p>\n<\/p>\t\t\t\t\t\t<\/div>\n\t\t\t\t\t<\/div>\n\t\t\t\t<\/div>\n\t\t\t<\/div>\n\t\t<\/section>\n\t\t\n\n\t<div class=\"text-box-warp\">\n\t\t<div class=\"container\">\n\t\t\t<div class=\"text-content\">\n\t\t\t\t<p>Vad hundar ska \u00e4ta, och hur mycket, avg\u00f6rs ocks\u00e5 av deras ras och storlek, \u00e5lder och aktivitetsniv\u00e5. Det finns speciella foder som \u00e4r anpassade f\u00f6r valpar, dr\u00e4ktiga och digivande tikar, unghundar, vuxna hundar och gamla hundar. Hur din hund m\u00e5r kan ocks\u00e5 p\u00e5verka vad hunden ska \u00e4ta. Kanske har din hund k\u00e4nslig mage eller hud och beh\u00f6ver en anpassad kost? Bland <a title=\"Hundfoder\" href=\"https:\/\/bozita.com\/se\/hundfoder\/\"><u>Bozitas hundfoder och hundmat<\/u><\/a>\u00a0kan du filtrera fram produkter som passar just din hund.<\/p>\n<h2><a href=\"https:\/\/bozita.com\/se\/hundfoder\/nutrition-och-kost\/hundfoder-for-kanslig-mage\/\">Hundfoder f\u00f6r k\u00e4nslig mage<\/a><\/h2>\n<p>Artikeln skriven av Cecilia Hjelm<\/p>\n<p>Precis som oss m\u00e4nniskor kan hundar ha k\u00e4nslig mage. Har hunden en k\u00e4nslig mage \u00e4r det viktigt att den f\u00e5r r\u00e4tt foder f\u00f6r att ha en bra balanserad mage, kunna ta upp n\u00e4rings\u00e4mnena optimalt och h\u00e5lla sig frisk och kry. En obalanserad mage under en l\u00e4ngre period kan leda till andra symptom och problem \u00e4n de v\u00e4ldigt uppenbara. Detta d\u00e5 motst\u00e5ndet hos immunf\u00f6rsvaret minskar om din hund har en obalanserad mage.<\/p>\n<h2><a href=\"https:\/\/bozita.com\/se\/hundfoder\/nutrition-och-kost\/draktiga-och-digivande-tikar\/\">Foder till dr\u00e4ktiga och digivande tikar<\/a><\/h2>\n<p>Mycket fokus l\u00e4ggs ofta p\u00e5 vad hundvalparna ska \u00e4ta f\u00f6r att kunna \u00f6verleva och v\u00e4xa upp till friska hundar. Minst lika viktigt \u00e4r det att ge r\u00e4tt foder till en dr\u00e4ktig tik. Som hund\u00e4gare vill man se till att tiken f\u00e5r r\u00e4tt utfodring och h\u00e5ller r\u00e4tt hull inf\u00f6r parning, under dr\u00e4ktigheten och under digivningen. En frisk tik \u00e4r en f\u00f6ruts\u00e4ttning f\u00f6r friska och sunda valpar. Men vilken mat ska man d\u00e5 ge en dr\u00e4ktig tik?<\/p>\n<h2><a href=\"https:\/\/bozita.com\/se\/hundfoder\/nutrition-och-kost\/utfodring-av-valp\/\">Hur mycket ska en valp \u00e4ta och vad \u00e4r b\u00e4sta valpfodret?<\/a><\/h2>\n<p>Hur mycket ska en valp \u00e4ta? Hur v\u00e4ljer jag b\u00e4sta valpfodret till min valp? Hur ofta ska valpen \u00e4ta? Ja, detta \u00e4r n\u00e5gra av de m\u00e5nga saker som du beh\u00f6ver t\u00e4nka p\u00e5 som ny hund\u00e4gare. En v\u00e4xande hundvalp ska ha ett foder som \u00e4r anpassat f\u00f6r dess fas i livet, ett bra valpfoder helt enkelt. D\u00e5 kan du vara s\u00e4ker p\u00e5 att den f\u00e5r i sig allt den beh\u00f6ver, i r\u00e4tt m\u00e4ngd.<\/p>\n<h2><a href=\"https:\/\/bozita.com\/se\/hundfoder\/nutrition-och-kost\/byta-fran-valpfoder-till-vuxenfoder\/\">Byta fr\u00e5n valpfoder till vuxenfoder<\/a><\/h2>\n<p>N\u00e4r ska man byta foder till sin hund? N\u00e4r hunden uppn\u00e5tt sin fulla mankh\u00f6jd och vikt r\u00e4knas den som vuxen rent fysiskt och d\u00e5 \u00e4r det dags att byta fr\u00e5n valpfoder till vuxenfoder. \u00d6verg\u00e5ngen m\u00e5ste g\u00f6ras l\u00e5ngsamt f\u00f6r att inte st\u00f6ra hundens matsm\u00e4ltningsapparat.<\/p>\n<h2><a href=\"https:\/\/bozita.com\/se\/hundfoder\/nutrition-och-kost\/vad-och-hur-mycket-ska-en-hund-ata-per-dag\/\">Vad och hur mycket ska en hund \u00e4ta per dag<\/a><\/h2>\n<p>Artikeln skriven av Cecilia Hjelm<\/p>\n<p>Ett bra och v\u00e4lbalanserat hundfoder \u00e4r viktigt f\u00f6r att din hund ska m\u00e5 bra. Precis som vi m\u00e4nniskor beh\u00f6ver hunden en bra och v\u00e4l sammansatt kost och det \u00e4r viktigt att den f\u00e5r i sig alla n\u00e4rings\u00e4mnen den beh\u00f6ver i olika stadier i livet.<\/p>\n<h2><a href=\"https:\/\/bozita.com\/se\/hundfoder\/nutrition-och-kost\/vad-far-hundar-inte-ata\/\">Vad f\u00e5r hundar inte \u00e4ta<\/a><\/h2>\n<p>Artikeln skriven av Cecilia Hjelm<\/p>\n<p>Hundar b\u00f6r egentligen bara utfodras med hundfoder anpassat f\u00f6r dem och deras livsstil. Men det kanske h\u00e4nder d\u00e5 och d\u00e5 att din hund f\u00e5r en liten smakbit av dig n\u00e5gon g\u00e5ng som du v\u00e4ljer ut bland din egen mat eller vanliga livsmedel i k\u00f6ket. Men d\u00e5 m\u00e5ste du vara observant p\u00e5 att vissa vanliga livsmedel kan g\u00f6ra din hund sjuk och vara direkt giftiga. D\u00e4rf\u00f6r \u00e4r det viktigt att du har koll p\u00e5 vad hundar inte f\u00e5r \u00e4ta och vad som \u00e4r direkt farligt f\u00f6r dem. Bozitas nutritionist Cecilia Hjelm som \u00e4r utbildad husdjursagronom och produktutvecklare med specialistkompetens inom nutrition hj\u00e4lper dig h\u00e5lla koll.<\/p>\n<h2><a href=\"https:\/\/bozita.com\/se\/hundfoder\/nutrition-och-kost\/spannmalsfritt-hundfoder-allt-du-behover-veta\/\">Spannm\u00e5lsfritt hundfoder &#8211; allt du beh\u00f6ver veta<\/a><\/h2>\n<p>Artikeln skriven av Cecilia Hjelm<\/p>\n<p>Samtidigt som vi m\u00e4nniskor blir allt mer medvetna om vad vi stoppar i oss, t\u00e4nker vi p\u00e5 samma s\u00e4tt med v\u00e5ra hundar och det hundfoder vi ger dem. P\u00e5 senare \u00e5r har efterfr\u00e5gan p\u00e5 h\u00f6gkvalitativt spannm\u00e5lsfritt hundfoder \u00f6kat kraftigt. Men varf\u00f6r ger man det till sin hund, vilka \u00e4r f\u00f6rdelarna och vad ska man t\u00e4nka p\u00e5? Bozitas nutritionist Cecilia Hjelm reder ut begreppen. Cecilia \u00e4r produktutvecklare med specialistkompetens inom nutrition och utbildad husdjursagronom. Med sitt brinnande intresse f\u00f6r hundar och djupa kunskaper inom djurens behov av olika n\u00e4rings\u00e4mnen, r\u00e5varor och lagkrav vet Cecilia hur du b\u00e4st utfodrar din hund.<\/p>\n\t\t\t<\/div>\n\t\t<\/div>\n\t<\/div>\n\n\n<section class=\"block product-promos\">\n\t<div class=\"container\">\n\t\t<div class=\"row align-items-center\">\n\t\t\t<div class=\"col-md-5\">\n\t\t\t\t<div class=\"prdt__promos-heading\">\n\t\t\t\t\t<h3>\n\t\t\t\t\t\tBra foder f\u00f6r valpar och dr\u00e4ktiga eller digivande tikar\t\t\t\t\t<\/h3>\n\t\t\t\t\t\t\t\t\t<\/div>\n\t\t\t<\/div>\n\t\t\t<div class=\"col-md-7\">\n\t\t\t\t\t\t\t\t\t<div class=\"owl-carousel owl-theme product-promo-carousel\">\n\t\t\t\t\t\t\t\t\t\t\t\t\t<a href=\"https:\/\/bozita.com\/se\/?post_type=products&#038;p=708\">\n\t\t\t\t\t\t\t\t<div class=\"blk__prdt-item\">\n\t\t\t\t\t\t\t\t\t<figure>\n\t\t\t\t\t\t\t\t\t\t<img loading=\"lazy\" decoding=\"async\" width=\"400\" height=\"457\" src=\"https:\/\/bozita.com\/se\/wp-content\/uploads\/sites\/5\/2021\/06\/2035-bozita-robur-mother-puppy.png\" class=\"attachment-post-thumbnail size-post-thumbnail wp-post-image\" alt=\"ACTIVE &amp; STERILISERAD MED LAMM\" srcset=\"https:\/\/bozita.com\/se\/wp-content\/uploads\/sites\/5\/2021\/06\/2035-bozita-robur-mother-puppy.png 400w, https:\/\/bozita.com\/se\/wp-content\/uploads\/sites\/5\/2021\/06\/2035-bozita-robur-mother-puppy-263x300.png 263w\" sizes=\"(max-width: 400px) 100vw, 400px\" \/>\t\t\t\t\t\t\t\t\t\t\t\t\t\t\t\t\t\t\t<\/figure>\n\t\t\t\t\t\t\t\t\t<h4 class=\"carousel-title\"><\/h4>\n\t\t\t\t\t\t\t\t\t<span class=\"carousel-category\">ROBUR MOTHER &#038; PUPPY<\/span>\n\t\t\t\t\t\t\t\t\t  \n\t\t\t\t\t\t\t\t\t<ul class=\"category-list\">\n\t\t\t\t\t\t\t\t\t\t\t\t\t\t\t\t\t\t\t\t\t\t\t<li class=\"svg-image\">\n\t\t\t\t\t\t\t\t\t\t\t\t\t\t<img decoding=\"async\" src=\"https:\/\/bozita.com\/se\/wp-content\/uploads\/sites\/5\/2021\/06\/icon-wheat-free.svg\" \/>\n\t\t\t\t\t\t\t\t\t\t\t\t\t<\/li>\n\t\t\t\t\t\t\t\t\t\t\t\t\t\t\t\t\t\t\t\t\t\t\t\t\t\t\t\t\t\t\t\t\t\t\t\t<li class=\"svg-image\">\n\t\t\t\t\t\t\t\t\t\t\t\t\t\t<img decoding=\"async\" src=\"https:\/\/bozita.com\/se\/wp-content\/uploads\/sites\/5\/2021\/06\/icon-flavour-chicken.svg\" \/>\n\t\t\t\t\t\t\t\t\t\t\t\t\t<\/li>\n\t\t\t\t\t\t\t\t\t\t\t\t\t\t\t\t\t\t\t\t\t\t<\/ul>       \n\n\t\t\t\t\t\t\t\t<\/div>\n\t\t\t\t\t\t\t<\/a>\n\t\t\t\t\t\t\t\t\t\t\t\t\t\t\t\t\t\t\t\t<a href=\"https:\/\/bozita.com\/se\/hundfoder\/bozita-robur-mother-puppy-xl-old\/\">\n\t\t\t\t\t\t\t\t<div class=\"blk__prdt-item\">\n\t\t\t\t\t\t\t\t\t<figure>\n\t\t\t\t\t\t\t\t\t\t<img loading=\"lazy\" decoding=\"async\" width=\"400\" height=\"457\" src=\"https:\/\/bozita.com\/se\/wp-content\/uploads\/sites\/5\/2021\/06\/2036-bozita-robur-mother-puppy-xl.png\" class=\"attachment-post-thumbnail size-post-thumbnail wp-post-image\" alt=\"ACTIVE &amp; STERILISERAD MED LAMM\" srcset=\"https:\/\/bozita.com\/se\/wp-content\/uploads\/sites\/5\/2021\/06\/2036-bozita-robur-mother-puppy-xl.png 400w, https:\/\/bozita.com\/se\/wp-content\/uploads\/sites\/5\/2021\/06\/2036-bozita-robur-mother-puppy-xl-263x300.png 263w\" sizes=\"(max-width: 400px) 100vw, 400px\" \/>\t\t\t\t\t\t\t\t\t\t\t\t\t\t\t\t\t\t\t<\/figure>\n\t\t\t\t\t\t\t\t\t<h4 class=\"carousel-title\"><\/h4>\n\t\t\t\t\t\t\t\t\t<span class=\"carousel-category\">ROBUR MOTHER &#038; PUPPY XL<\/span>\n\t\t\t\t\t\t\t\t\t  \n\t\t\t\t\t\t\t\t\t<ul class=\"category-list\">\n\t\t\t\t\t\t\t\t\t\t\t\t\t\t\t\t\t\t\t\t\t\t\t<li class=\"svg-image\">\n\t\t\t\t\t\t\t\t\t\t\t\t\t\t<img decoding=\"async\" src=\"https:\/\/bozita.com\/se\/wp-content\/uploads\/sites\/5\/2021\/06\/icon-wheat-free.svg\" \/>\n\t\t\t\t\t\t\t\t\t\t\t\t\t<\/li>\n\t\t\t\t\t\t\t\t\t\t\t\t\t\t\t\t\t\t\t\t\t\t\t\t\t\t\t\t\t\t\t\t\t\t\t\t<li class=\"svg-image\">\n\t\t\t\t\t\t\t\t\t\t\t\t\t\t<img decoding=\"async\" src=\"https:\/\/bozita.com\/se\/wp-content\/uploads\/sites\/5\/2021\/06\/icon-flavour-chicken.svg\" \/>\n\t\t\t\t\t\t\t\t\t\t\t\t\t<\/li>\n\t\t\t\t\t\t\t\t\t\t\t\t\t\t\t\t\t\t\t\t\t\t<\/ul>       \n\n\t\t\t\t\t\t\t\t<\/div>\n\t\t\t\t\t\t\t<\/a>\n\t\t\t\t\t\t\t\t\t\t\t\t\t\t\t\t\t\t\t\t\t\t\t\t\t\t\t<a href=\"https:\/\/bozita.com\/se\/hundfoder\/bozita-puppy-junior-wheat-free\/\">\n\t\t\t\t\t\t\t\t<div class=\"blk__prdt-item\">\n\t\t\t\t\t\t\t\t\t<figure>\n\t\t\t\t\t\t\t\t\t\t<img loading=\"lazy\" decoding=\"async\" width=\"400\" height=\"400\" src=\"https:\/\/bozita.com\/se\/wp-content\/uploads\/sites\/5\/2021\/06\/4043-bozita-puppy-junior-wheat-free-12-5-kg.png\" class=\"attachment-post-thumbnail size-post-thumbnail wp-post-image\" alt=\"ACTIVE &amp; STERILISERAD MED LAMM\" srcset=\"https:\/\/bozita.com\/se\/wp-content\/uploads\/sites\/5\/2021\/06\/4043-bozita-puppy-junior-wheat-free-12-5-kg.png 400w, https:\/\/bozita.com\/se\/wp-content\/uploads\/sites\/5\/2021\/06\/4043-bozita-puppy-junior-wheat-free-12-5-kg-300x300.png 300w, https:\/\/bozita.com\/se\/wp-content\/uploads\/sites\/5\/2021\/06\/4043-bozita-puppy-junior-wheat-free-12-5-kg-150x150.png 150w\" sizes=\"(max-width: 400px) 100vw, 400px\" \/>\t\t\t\t\t\t\t\t\t\t\t\t\t\t\t\t\t\t\t<\/figure>\n\t\t\t\t\t\t\t\t\t<h4 class=\"carousel-title\"><\/h4>\n\t\t\t\t\t\t\t\t\t<span class=\"carousel-category\">BOZITA PUPPY &#038; JUNIOR WHEAT FREE<\/span>\n\t\t\t\t\t\t\t\t\t  \n\t\t\t\t\t\t\t\t\t<ul class=\"category-list\">\n\t\t\t\t\t\t\t\t\t\t\t\t\t\t\t\t\t\t\t\t\t\t\t<li class=\"svg-image\">\n\t\t\t\t\t\t\t\t\t\t\t\t\t\t<img decoding=\"async\" src=\"https:\/\/bozita.com\/se\/wp-content\/uploads\/sites\/5\/2021\/06\/icon-wheat-free.svg\" \/>\n\t\t\t\t\t\t\t\t\t\t\t\t\t<\/li>\n\t\t\t\t\t\t\t\t\t\t\t\t\t\t\t\t\t\t\t\t\t\t\t\t\t\t\t\t\t\t\t\t\t\t\t\t<li class=\"svg-image\">\n\t\t\t\t\t\t\t\t\t\t\t\t\t\t<img decoding=\"async\" src=\"https:\/\/bozita.com\/se\/wp-content\/uploads\/sites\/5\/2021\/06\/icon-flavour-chicken.svg\" \/>\n\t\t\t\t\t\t\t\t\t\t\t\t\t<\/li>\n\t\t\t\t\t\t\t\t\t\t\t\t\t\t\t\t\t\t\t\t\t\t<\/ul>       \n\n\t\t\t\t\t\t\t\t<\/div>\n\t\t\t\t\t\t\t<\/a>\n\t\t\t\t\t\t\t\t\t\t\t\t\t\t\t\t\t\t<\/div>\n\t\t\t\t\t\t\t<\/div>\n\t\t<\/div>\n\t<\/div>\n<\/section>\n<script>\njQuery(document).ready(function($) {\n\tjQuery('.product-promo-carousel').owlCarousel({\n\tloop: true,\n\tmargin: 10,\n\tresponsiveClass: true,\n\tresponsive: {\n\t\t0: {\n\t\titems: 1,\n\t\tnav: true\n\t\t},\n\t\t600: {\n\t\titems: 1,\n\t\tnav: true\n\t\t},\n\t\t1000: {\n\t\titems: 2,\n\t\tnav: true,\n\t\t}\n\t}\n\t})\n\tjQuery(\".owl-prev\").html('<span><<\/span>');\n\tjQuery(\".owl-next\").html('<span>><\/span>');\n\n\tvar slider = jQuery('.promo-slider-list');\n\tslider.owlCarousel();\n\tjQuery('.nextbtn-a').click(function() {\n\tslider.trigger('next.owl.carousel');\n\t})\n\t\/\/ Go to the previous item\n\tjQuery('.prebtn-a').click(function() {\n\tslider.trigger('prev.owl.carousel', [300]);\n\t})\n});\n<\/script>\n\n\n\n\t<section class=\"block explore-other-topics\">\n\t<div class=\"container\">\n\t\t<h2>Utforska andra \u00e4mnen<\/h2>\n\t\t<div class=\"row\">\n\t\t\t\t\t\t\t\t<div class=\"col-md-6 col-lg-3\">\n\t\t\t\t\t\t\t\t\t\t\t\t\t<h6>K\u00f6pa hund<\/h6>\n\t\t\t\t\t\t\t\t\t\t\t\t\t<div class=\"card \">\n\t\t\t\t\t\t\t<img loading=\"lazy\" decoding=\"async\" width=\"800\" height=\"532\" src=\"https:\/\/bozita.com\/se\/wp-content\/uploads\/sites\/5\/2021\/06\/bozita-kopa-hund.jpg\" class=\"attachment-post-thumbnail size-post-thumbnail wp-post-image\" alt=\"Livet med hund\" srcset=\"https:\/\/bozita.com\/se\/wp-content\/uploads\/sites\/5\/2021\/06\/bozita-kopa-hund.jpg 800w, https:\/\/bozita.com\/se\/wp-content\/uploads\/sites\/5\/2021\/06\/bozita-kopa-hund-300x200.jpg 300w, https:\/\/bozita.com\/se\/wp-content\/uploads\/sites\/5\/2021\/06\/bozita-kopa-hund-768x511.jpg 768w\" sizes=\"(max-width: 800px) 100vw, 800px\" \/>\n\t\t\t\t\t\t\t\t\t\t\t\t\t\t<div class=\"card-body\">\n\t\t\t\t\t\t\t\t\n\t\t\t\t\t\t\t\t\t\t\t\t\t\t\t\t\t<ul>\n\t\t\t\t\t\t\t\t\t\t\t\t\t\t\t\t\t\t\t\t\t<li><a href=\"https:\/\/bozita.com\/se\/hund\/kopa-hund\/valj-hundras\/\">Olika hundraser &#8211; vilken hundras ska jag v\u00e4lja?<\/a><\/li>\n\t\t\t\t\t\t\t\t\t\t\t\t\t\t\t\t\t\t\t\t<\/ul>\n\t\t\t\t\t\t\t\t\t\t\t\t\t\t\t\t<a target=\"\" href=\"https:\/\/bozita.com\/se\/hund\/kopa-hund\/\" class=\"btn btn-primary\">Se alla artiklar<\/a>\n\t\t\t\t\t\t\t<\/div>\n\t\t\t\t\t\t<\/div>\n\t\t\t\t\t<\/div>\n\t\t\t\t\t\t\t\t\t\t<div class=\"col-md-6 col-lg-3\">\n\t\t\t\t\t\t\t\t\t\t\t\t\t<h6>Hundens utveckling<\/h6>\n\t\t\t\t\t\t\t\t\t\t\t\t\t<div class=\"card \">\n\t\t\t\t\t\t\t<img loading=\"lazy\" decoding=\"async\" width=\"800\" height=\"536\" src=\"https:\/\/bozita.com\/se\/wp-content\/uploads\/sites\/5\/2021\/06\/bozita-hundens-utveckling.jpg\" class=\"attachment-post-thumbnail size-post-thumbnail wp-post-image\" alt=\"Livet med hund\" srcset=\"https:\/\/bozita.com\/se\/wp-content\/uploads\/sites\/5\/2021\/06\/bozita-hundens-utveckling.jpg 800w, https:\/\/bozita.com\/se\/wp-content\/uploads\/sites\/5\/2021\/06\/bozita-hundens-utveckling-300x201.jpg 300w, https:\/\/bozita.com\/se\/wp-content\/uploads\/sites\/5\/2021\/06\/bozita-hundens-utveckling-768x515.jpg 768w\" sizes=\"(max-width: 800px) 100vw, 800px\" \/>\n\t\t\t\t\t\t\t\t\t\t\t\t\t\t<div class=\"card-body\">\n\t\t\t\t\t\t\t\t\n\t\t\t\t\t\t\t\t\t\t\t\t\t\t\t\t\t<ul>\n\t\t\t\t\t\t\t\t\t\t\t\t\t\t\t\t\t\t\t\t\t<li><a href=\"https:\/\/bozita.com\/se\/hund\/hundens-utveckling\/valpens-utveckling-fran-valp-till-vuxen-hund\/\">Valpens utveckling &#8211; fr\u00e5n valp till vuxen hund<\/a><\/li>\n\t\t\t\t\t\t\t\t\t\t\t\t\t\t\t\t\t\t\t\t\t\t<li><a href=\"https:\/\/bozita.com\/se\/hund\/hundens-utveckling\/miljotrana-hund\/\">Socialisera valpen &#8211; milj\u00f6tr\u00e4na din hund<\/a><\/li>\n\t\t\t\t\t\t\t\t\t\t\t\t\t\t\t\t\t\t\t\t\t\t<li><a href=\"https:\/\/bozita.com\/se\/hund\/hundens-utveckling\/lara-hund-vara-ensam\/\">Ensamhetstr\u00e4ning valp &#8211; l\u00e4ra hunden vara ensam<\/a><\/li>\n\t\t\t\t\t\t\t\t\t\t\t\t\t\t\t\t\t\t\t\t<\/ul>\n\t\t\t\t\t\t\t\t\t\t\t\t\t\t\t\t<a target=\"\" href=\"https:\/\/bozita.com\/se\/hund\/hundens-utveckling\/\" class=\"btn btn-primary\">Se alla artiklar<\/a>\n\t\t\t\t\t\t\t<\/div>\n\t\t\t\t\t\t<\/div>\n\t\t\t\t\t<\/div>\n\t\t\t\t\t\t\t\t\t\t<div class=\"col-md-6 col-lg-3\">\n\t\t\t\t\t\t\t\t\t\t\t\t\t<h6>Hundens h\u00e4lsa<\/h6>\n\t\t\t\t\t\t\t\t\t\t\t\t\t<div class=\"card \">\n\t\t\t\t\t\t\t<img loading=\"lazy\" decoding=\"async\" width=\"2560\" height=\"1707\" src=\"https:\/\/bozita.com\/se\/wp-content\/uploads\/sites\/5\/2025\/10\/doggyinomhus-scaled.jpg\" class=\"attachment-post-thumbnail size-post-thumbnail wp-post-image\" alt=\"Hundens h\u00e4lsa\" srcset=\"https:\/\/bozita.com\/se\/wp-content\/uploads\/sites\/5\/2025\/10\/doggyinomhus-scaled.jpg 2560w, https:\/\/bozita.com\/se\/wp-content\/uploads\/sites\/5\/2025\/10\/doggyinomhus-300x200.jpg 300w, https:\/\/bozita.com\/se\/wp-content\/uploads\/sites\/5\/2025\/10\/doggyinomhus-1024x683.jpg 1024w, https:\/\/bozita.com\/se\/wp-content\/uploads\/sites\/5\/2025\/10\/doggyinomhus-768x512.jpg 768w, https:\/\/bozita.com\/se\/wp-content\/uploads\/sites\/5\/2025\/10\/doggyinomhus-1536x1024.jpg 1536w, https:\/\/bozita.com\/se\/wp-content\/uploads\/sites\/5\/2025\/10\/doggyinomhus-2048x1365.jpg 2048w\" sizes=\"(max-width: 2560px) 100vw, 2560px\" \/>\n\t\t\t\t\t\t\t\t\t\t\t\t\t\t<div class=\"card-body\">\n\t\t\t\t\t\t\t\t\n\t\t\t\t\t\t\t\t\t\t\t\t\t\t\t\t\t<ul>\n\t\t\t\t\t\t\t\t\t\t\t\t\t\t\t\t\t\t\t\t\t<li><a href=\"https:\/\/bozita.com\/se\/hund\/hundens-halsa\/algblomning\/\">Algblomning hund &#8211; det h\u00e4r beh\u00f6ver du veta<\/a><\/li>\n\t\t\t\t\t\t\t\t\t\t\t\t\t\t\t\t\t\t\t\t\t\t<li><a href=\"https:\/\/bozita.com\/se\/hund\/hundens-halsa\/nar-tappar-valpar-tander\/\">N\u00e4r tappar valpar t\u00e4nder?<\/a><\/li>\n\t\t\t\t\t\t\t\t\t\t\t\t\t\t\t\t\t\t\t\t\t\t<li><a href=\"https:\/\/bozita.com\/se\/hund\/hundens-halsa\/valpning\/\">Valpning<\/a><\/li>\n\t\t\t\t\t\t\t\t\t\t\t\t\t\t\t\t\t\t\t\t<\/ul>\n\t\t\t\t\t\t\t\t\t\t\t\t\t\t\t\t<a target=\"\" href=\"https:\/\/bozita.com\/se\/hund\/hundens-halsa\/\" class=\"btn btn-primary\">Se alla artiklar<\/a>\n\t\t\t\t\t\t\t<\/div>\n\t\t\t\t\t\t<\/div>\n\t\t\t\t\t<\/div>\n\t\t\t\t\t\t\t\t\t\t<div class=\"col-md-6 col-lg-3\">\n\t\t\t\t\t\t\t\t\t\t\t\t\t<h6>Aktivera din hund<\/h6>\n\t\t\t\t\t\t\t\t\t\t\t\t\t<div class=\"card \">\n\t\t\t\t\t\t\t<img loading=\"lazy\" decoding=\"async\" width=\"800\" height=\"531\" src=\"https:\/\/bozita.com\/se\/wp-content\/uploads\/sites\/5\/2021\/06\/bozita-aktivera-hund.jpg\" class=\"attachment-post-thumbnail size-post-thumbnail wp-post-image\" alt=\"Livet med hund\" srcset=\"https:\/\/bozita.com\/se\/wp-content\/uploads\/sites\/5\/2021\/06\/bozita-aktivera-hund.jpg 800w, https:\/\/bozita.com\/se\/wp-content\/uploads\/sites\/5\/2021\/06\/bozita-aktivera-hund-300x199.jpg 300w, https:\/\/bozita.com\/se\/wp-content\/uploads\/sites\/5\/2021\/06\/bozita-aktivera-hund-768x510.jpg 768w\" sizes=\"(max-width: 800px) 100vw, 800px\" \/>\n\t\t\t\t\t\t\t\t\t\t\t\t\t\t<div class=\"card-body\">\n\t\t\t\t\t\t\t\t\n\t\t\t\t\t\t\t\t\t\t\t\t\t\t\t\t\t<ul>\n\t\t\t\t\t\t\t\t\t\t\t\t\t\t\t\t\t\t\t\t\t<li><a href=\"https:\/\/bozita.com\/se\/hund\/aktivera-hunden\/forbattra-samspelet-med-din-hund-med-hjalp-av-aktiviteter-och-kurser\/\">Hundkurser och aktiviteter<\/a><\/li>\n\t\t\t\t\t\t\t\t\t\t\t\t\t\t\t\t\t\t\t\t\t\t<li><a href=\"https:\/\/bozita.com\/se\/hund\/aktivera-hunden\/syns-i-morkret-med-reflexer\/\">Reflexer hund &#8211; en billig livf\u00f6rs\u00e4kring<\/a><\/li>\n\t\t\t\t\t\t\t\t\t\t\t\t\t\t\t\t\t\t\t\t\t\t<li><a href=\"https:\/\/bozita.com\/se\/hund\/aktivera-hunden\/balanstrana-med-hund\/\">Balanstr\u00e4ning med hund<\/a><\/li>\n\t\t\t\t\t\t\t\t\t\t\t\t\t\t\t\t\t\t\t\t<\/ul>\n\t\t\t\t\t\t\t\t\t\t\t\t\t\t\t\t<a target=\"\" href=\"https:\/\/bozita.com\/se\/hund\/aktivera-hunden\/\" class=\"btn btn-primary\">Se alla artiklar<\/a>\n\t\t\t\t\t\t\t<\/div>\n\t\t\t\t\t\t<\/div>\n\t\t\t\t\t<\/div>\n\t\t\t\t\t\t\t<\/div>\n\t<\/div>\n<\/section>\n","protected":false},"excerpt":{"rendered":"","protected":false},"author":4,"featured_media":1110,"parent":43,"menu_order":0,"comment_status":"closed","ping_status":"closed","template":"guternberg.php","meta":{"footnotes":""},"acf":[],"yoast_head":"<!-- This site is optimized with the Yoast SEO plugin v21.3 - https:\/\/yoast.com\/wordpress\/plugins\/seo\/ -->\n<title>Vad ska hundar \u00e4ta - nutrition och kost f\u00f6r hundar | Bozita<\/title>\n<meta name=\"description\" content=\"Vad ska hundar \u00e4ta? Hundar har olika n\u00e4ringsbehov beroende p\u00e5 bl.a. stadie i livet och hur aktiva de \u00e4r. L\u00e4r dig mer om nutrition och kost f\u00f6r hundar.\" \/>\n<meta name=\"robots\" content=\"index, follow, max-snippet:-1, max-image-preview:large, max-video-preview:-1\" \/>\n<link rel=\"canonical\" href=\"https:\/\/bozita.com\/se\/hundfoder\/nutrition-och-kost\/\" \/>\n<meta property=\"og:locale\" content=\"sv_SE\" \/>\n<meta property=\"og:type\" content=\"article\" \/>\n<meta property=\"og:title\" content=\"Vad ska hundar \u00e4ta - nutrition och kost f\u00f6r hundar | Bozita\" \/>\n<meta property=\"og:description\" content=\"Vad ska hundar \u00e4ta? Hundar har olika n\u00e4ringsbehov beroende p\u00e5 bl.a. stadie i livet och hur aktiva de \u00e4r. L\u00e4r dig mer om nutrition och kost f\u00f6r hundar.\" \/>\n<meta property=\"og:url\" content=\"https:\/\/bozita.com\/se\/hundfoder\/nutrition-och-kost\/\" \/>\n<meta property=\"og:site_name\" content=\"Bozita Sverige\" \/>\n<meta property=\"article:modified_time\" content=\"2021-08-26T13:49:23+00:00\" \/>\n<meta property=\"og:image\" content=\"https:\/\/bozita.com\/se\/wp-content\/uploads\/sites\/5\/2021\/06\/bozita-nutrition-kost.jpg\" \/>\n\t<meta property=\"og:image:width\" content=\"800\" \/>\n\t<meta property=\"og:image:height\" content=\"537\" \/>\n\t<meta property=\"og:image:type\" content=\"image\/jpeg\" \/>\n<meta name=\"twitter:card\" content=\"summary_large_image\" \/>\n<!-- \/ Yoast SEO plugin. -->","yoast_head_json":{"title":"Vad ska hundar \u00e4ta - nutrition och kost f\u00f6r hundar | Bozita","description":"Vad ska hundar \u00e4ta? Hundar har olika n\u00e4ringsbehov beroende p\u00e5 bl.a. stadie i livet och hur aktiva de \u00e4r. L\u00e4r dig mer om nutrition och kost f\u00f6r hundar.","robots":{"index":"index","follow":"follow","max-snippet":"max-snippet:-1","max-image-preview":"max-image-preview:large","max-video-preview":"max-video-preview:-1"},"canonical":"https:\/\/bozita.com\/se\/hundfoder\/nutrition-och-kost\/","og_locale":"sv_SE","og_type":"article","og_title":"Vad ska hundar \u00e4ta - nutrition och kost f\u00f6r hundar | Bozita","og_description":"Vad ska hundar \u00e4ta? Hundar har olika n\u00e4ringsbehov beroende p\u00e5 bl.a. stadie i livet och hur aktiva de \u00e4r. L\u00e4r dig mer om nutrition och kost f\u00f6r hundar.","og_url":"https:\/\/bozita.com\/se\/hundfoder\/nutrition-och-kost\/","og_site_name":"Bozita Sverige","article_modified_time":"2021-08-26T13:49:23+00:00","og_image":[{"width":800,"height":537,"url":"https:\/\/bozita.com\/se\/wp-content\/uploads\/sites\/5\/2021\/06\/bozita-nutrition-kost.jpg","type":"image\/jpeg"}],"twitter_card":"summary_large_image","schema":{"@context":"https:\/\/schema.org","@graph":[{"@type":"WebPage","@id":"https:\/\/bozita.com\/se\/hundfoder\/nutrition-och-kost\/","url":"https:\/\/bozita.com\/se\/hundfoder\/nutrition-och-kost\/","name":"Vad ska hundar \u00e4ta - nutrition och kost f\u00f6r hundar | Bozita","isPartOf":{"@id":"https:\/\/bozita.com\/se\/#website"},"datePublished":"2021-05-25T23:37:48+00:00","dateModified":"2021-08-26T13:49:23+00:00","description":"Vad ska hundar \u00e4ta? Hundar har olika n\u00e4ringsbehov beroende p\u00e5 bl.a. stadie i livet och hur aktiva de \u00e4r. L\u00e4r dig mer om nutrition och kost f\u00f6r hundar.","breadcrumb":{"@id":"https:\/\/bozita.com\/se\/hundfoder\/nutrition-och-kost\/#breadcrumb"},"inLanguage":"sv-SE","potentialAction":[{"@type":"ReadAction","target":["https:\/\/bozita.com\/se\/hundfoder\/nutrition-och-kost\/"]}]},{"@type":"BreadcrumbList","@id":"https:\/\/bozita.com\/se\/hundfoder\/nutrition-och-kost\/#breadcrumb","itemListElement":[{"@type":"ListItem","position":1,"name":"Home","item":"https:\/\/bozita.com\/se\/"},{"@type":"ListItem","position":2,"name":"Hundfoder","item":"https:\/\/bozita.com\/se\/hundfoder\/"},{"@type":"ListItem","position":3,"name":"Nutrition och kost"}]},{"@type":"WebSite","@id":"https:\/\/bozita.com\/se\/#website","url":"https:\/\/bozita.com\/se\/","name":"Bozita Sverige","description":"","potentialAction":[{"@type":"SearchAction","target":{"@type":"EntryPoint","urlTemplate":"https:\/\/bozita.com\/se\/?s={search_term_string}"},"query-input":"required name=search_term_string"}],"inLanguage":"sv-SE"}]}},"_links":{"self":[{"href":"https:\/\/bozita.com\/se\/wp-json\/wp\/v2\/pages\/51"}],"collection":[{"href":"https:\/\/bozita.com\/se\/wp-json\/wp\/v2\/pages"}],"about":[{"href":"https:\/\/bozita.com\/se\/wp-json\/wp\/v2\/types\/page"}],"author":[{"embeddable":true,"href":"https:\/\/bozita.com\/se\/wp-json\/wp\/v2\/users\/4"}],"replies":[{"embeddable":true,"href":"https:\/\/bozita.com\/se\/wp-json\/wp\/v2\/comments?post=51"}],"version-history":[{"count":68,"href":"https:\/\/bozita.com\/se\/wp-json\/wp\/v2\/pages\/51\/revisions"}],"predecessor-version":[{"id":9590,"href":"https:\/\/bozita.com\/se\/wp-json\/wp\/v2\/pages\/51\/revisions\/9590"}],"up":[{"embeddable":true,"href":"https:\/\/bozita.com\/se\/wp-json\/wp\/v2\/pages\/43"}],"wp:featuredmedia":[{"embeddable":true,"href":"https:\/\/bozita.com\/se\/wp-json\/wp\/v2\/media\/1110"}],"wp:attachment":[{"href":"https:\/\/bozita.com\/se\/wp-json\/wp\/v2\/media?parent=51"}],"curies":[{"name":"wp","href":"https:\/\/api.w.org\/{rel}","templated":true}]}}