{"id":53,"date":"2021-05-25T23:39:50","date_gmt":"2021-05-25T23:39:50","guid":{"rendered":"https:\/\/bozita.com\/se\/?page_id=53"},"modified":"2025-05-08T12:12:13","modified_gmt":"2025-05-08T12:12:13","slug":"hund","status":"publish","type":"page","link":"https:\/\/bozita.com\/se\/hund\/","title":{"rendered":"Livet med hund"},"content":{"rendered":"\n\t\t<section class=\"small-hero-with-image\">\n\t\t\t\t\t\t\t<img decoding=\"async\" class=\"background-image\" src=\"https:\/\/bozita.com\/se\/wp-content\/uploads\/sites\/5\/2024\/04\/2404-bozita-dog-tollare-girl-sitting-mountain-2560.jpg\" alt=\"En tollare och en tjej sitter p\u00e5 ett berg\">\n\t\t\t\t\t\t\t<div class=\"overlay-v1 overlay-bg\">\n\t\t\t\t<div class=\"container\">\n\t\t\t\t\t<div class=\"row\">\n\t\t\t\t\t\t<div class=\"col-md-6 col-lg-5\">\n\t\t\t\t\t\t\t<h5>Hund<\/h5><h1>Livet med hund<\/h1><p><p>Funderar du p\u00e5 att skaffa hund? S\u00e5 underbart &#8211; att skaffa hund \u00e4r ju att bli med en familjemedlem till.<\/p>\n<\/p>\t\t\t\t\t\t<\/div>\n\t\t\t\t\t<\/div>\n\t\t\t\t<\/div>\n\t\t\t<\/div>\n\t\t<\/section>\n\t\t\n\n\t<div class=\"text-box-warp\">\n\t\t<div class=\"container\">\n\t\t\t<div class=\"text-content\">\n\t\t\t\t<p>Att vara hund\u00e4gare och ha hund i familjen \u00e4r n\u00e5got av det b\u00e4sta vi kan t\u00e4nka oss. Det \u00e4r dock viktigt att du t\u00e4nker p\u00e5 att den lilla valpen, som snart blir till vuxen hund, kommer att finnas vid din sida i m\u00e5nga \u00e5r. Som hund\u00e4gare har du en ny v\u00e4n f\u00f6r livet, men det finns ocks\u00e5 en del saker att t\u00e4nka p\u00e5. Det \u00e4r helt enkelt viktigt att t\u00e4nka igenom beslutet ordentligt innan du skaffar hund.<\/p>\n<ul>\n<li><a title=\"K\u00f6pa hund\" href=\"https:\/\/bozita.com\/se\/hund\/kopa-hund\/\"><u>T\u00e4nk p\u00e5 det h\u00e4r innan du skaffar hund<\/u><\/a><\/li>\n<\/ul>\n<p>Livet med hund kan verka l\u00e4tt och h\u00e4rligt, men ibland \u00e4r det bra att ha koll p\u00e5 \u00e4ven de sm\u00e5 detaljerna. En hund beh\u00f6ver k\u00e4rlek, ett anpassat foder och regelbunden tr\u00e4ning.\u00a0Bozita hj\u00e4lper dig reda ut vad man b\u00f6r t\u00e4nka p\u00e5 i livet med hund.<\/p>\n<ul>\n<li><a title=\"Hundens h\u00e4lsa\" href=\"https:\/\/bozita.com\/se\/hund\/hundens-halsa\/\"><u>Tips och r\u00e5d &#8211; ta hand om din hund<\/u><\/a><\/li>\n<li><a title=\"Fr\u00e5n valp till vuxen hund\" href=\"https:\/\/bozita.com\/se\/hund\/hundens-utveckling\/valpens-utveckling-fran-valp-till-vuxen-hund\/\"><u>Valpens utveckling &#8211; fr\u00e5n valp till vuxen hund<\/u><\/a><\/li>\n<li><a title=\"Hundfoder\" href=\"https:\/\/bozita.com\/se\/hundfoder\/\"><u>Bozita hundmat &amp; hundfoder<\/u><\/a> &#8211; torrfoder och v\u00e5tfoder f\u00f6r hund<\/li>\n<li><a title=\"Valpfoder\" href=\"https:\/\/bozita.com\/se\/hundfoder\/valpfoder\/\"><u>Bozita valpfoder<\/u><\/a><\/li>\n<\/ul>\n\t\t\t<\/div>\n\t\t<\/div>\n\t<\/div>\n\n\n\t<section class=\"block section-promos\">\n\t\t<div class=\"container\">\n\t\t\t<div class=\"row\">\n\t\t\t\t\t\t\t\t\t\t<div class=\"col-md-6\">\n\t\t\t\t\t\t\t<div class=\"card\">\n\t\t\t\t\t\t\t\t\t\t\t\t\t\t\t\t\t<img decoding=\"async\" class=\"card-img-top\" src=\"https:\/\/bozita.com\/se\/wp-content\/uploads\/sites\/5\/2021\/06\/bozita-hundens-utveckling.jpg\" alt=\"\">\n\t\t\t\t\t\t\t\t\t\t\t\t\t\t\t\t<div class=\"card-body\">\n\t\t\t\t\t\t\t\t\t<h5 class=\"card-title\">UTVECKLING<\/h5>\n\t\t\t\t\t\t\t\t\t<p class=\"card-text\">Fr\u00e5n valp till vuxen till senior\r\n<\/p>\n\t\t\t\t\t\t\t\t\t\t\t\t\t\t\t\t\t\t\t<a target=\"\" href=\"https:\/\/bozita.com\/se\/hund\/hundens-utveckling\/\" class=\"btn btn-white\">Hundens utveckling<\/a>\n\t\t\t\t\t\t\t\t\t\t\t\t\t\t\t\t\t\t<\/div>\n\t\t\t\t\t\t\t<\/div>\n\t\t\t\t\t\t<\/div>\n\t\t\t\t\t\t\t\t\t\t\t\t<div class=\"col-md-6\">\n\t\t\t\t\t\t\t<div class=\"card\">\n\t\t\t\t\t\t\t\t\t\t\t\t\t\t\t\t\t<img decoding=\"async\" class=\"card-img-top\" src=\"https:\/\/bozita.com\/se\/wp-content\/uploads\/sites\/5\/2021\/06\/bozita-avmaska-hundvalp-hund.jpg\" alt=\"\">\n\t\t\t\t\t\t\t\t\t\t\t\t\t\t\t\t<div class=\"card-body\">\n\t\t\t\t\t\t\t\t\t<h5 class=\"card-title\">H\u00c4LSA<\/h5>\n\t\t\t\t\t\t\t\t\t<p class=\"card-text\">Hundens h\u00e4lsa, alltid h\u00f6gsta prio<\/p>\n\t\t\t\t\t\t\t\t\t\t\t\t\t\t\t\t\t\t\t<a target=\"\" href=\"https:\/\/bozita.com\/se\/hund\/hundens-halsa\/\" class=\"btn btn-white\">Hundens h\u00e4lsa<\/a>\n\t\t\t\t\t\t\t\t\t\t\t\t\t\t\t\t\t\t<\/div>\n\t\t\t\t\t\t\t<\/div>\n\t\t\t\t\t\t<\/div>\n\t\t\t\t\t\t\t\t\t\t\t\t<div class=\"col-md-6\">\n\t\t\t\t\t\t\t<div class=\"card\">\n\t\t\t\t\t\t\t\t\t\t\t\t\t\t\t\t\t<img decoding=\"async\" class=\"card-img-top\" src=\"https:\/\/bozita.com\/se\/wp-content\/uploads\/sites\/5\/2021\/06\/bozita-aktivera-hund.jpg\" alt=\"\">\n\t\t\t\t\t\t\t\t\t\t\t\t\t\t\t\t<div class=\"card-body\">\n\t\t\t\t\t\t\t\t\t<h5 class=\"card-title\">AKTIVERING<\/h5>\n\t\t\t\t\t\t\t\t\t<p class=\"card-text\">Aktivering \u00e4r viktigt, b\u00e5de f\u00f6r hundens kropp och hj\u00e4rna<\/p>\n\t\t\t\t\t\t\t\t\t\t\t\t\t\t\t\t\t\t\t<a target=\"\" href=\"https:\/\/bozita.com\/se\/hund\/aktivera-hunden\/\" class=\"btn btn-white\">Aktivera hunden<\/a>\n\t\t\t\t\t\t\t\t\t\t\t\t\t\t\t\t\t\t<\/div>\n\t\t\t\t\t\t\t<\/div>\n\t\t\t\t\t\t<\/div>\n\t\t\t\t\t\t\t\t\t\t\t\t<div class=\"col-md-6\">\n\t\t\t\t\t\t\t<div class=\"card\">\n\t\t\t\t\t\t\t\t\t\t\t\t\t\t\t\t\t<img decoding=\"async\" class=\"card-img-top\" src=\"https:\/\/bozita.com\/se\/wp-content\/uploads\/sites\/5\/2021\/06\/bozita-nutrition-kost.jpg\" alt=\"Springande f\u00e5gelhund\">\n\t\t\t\t\t\t\t\t\t\t\t\t\t\t\t\t<div class=\"card-body\">\n\t\t\t\t\t\t\t\t\t<h5 class=\"card-title\">NUTRITION<\/h5>\n\t\t\t\t\t\t\t\t\t<p class=\"card-text\">Mer \u00e4n bara mat i magen<\/p>\n\t\t\t\t\t\t\t\t\t\t\t\t\t\t\t\t\t\t\t<a target=\"\" href=\"https:\/\/bozita.com\/se\/hundfoder\/nutrition-och-kost\/\" class=\"btn btn-white\">Nutrition &amp; kost<\/a>\n\t\t\t\t\t\t\t\t\t\t\t\t\t\t\t\t\t\t<\/div>\n\t\t\t\t\t\t\t<\/div>\n\t\t\t\t\t\t<\/div>\n\t\t\t\t\t\t\t\t\t\t\t\t<div class=\"col-md-6\">\n\t\t\t\t\t\t\t<div class=\"card\">\n\t\t\t\t\t\t\t\t\t\t\t\t\t\t\t\t\t<img decoding=\"async\" class=\"card-img-top\" src=\"https:\/\/bozita.com\/se\/wp-content\/uploads\/sites\/5\/2024\/04\/2404-bozita-ambassador-magdalena-hagge-2.jpg\" alt=\"Magdalena H\u00e4gge med sina tre agilityhundar\">\n\t\t\t\t\t\t\t\t\t\t\t\t\t\t\t\t<div class=\"card-body\">\n\t\t\t\t\t\t\t\t\t<h5 class=\"card-title\">AMBASSAD\u00d6RER<\/h5>\n\t\t\t\t\t\t\t\t\t<p class=\"card-text\">D\u00e4rf\u00f6r v\u00e4ljer v\u00e5ra ambassad\u00f6rer Bozita<\/p>\n\t\t\t\t\t\t\t\t\t\t\t\t\t\t\t\t\t\t\t<a target=\"\" href=\"https:\/\/bozita.com\/se\/var-filosofi\/ambassadorer\/\" class=\"btn btn-white\">Tr\u00e4ffa v\u00e5r ambassad\u00f6rer<\/a>\n\t\t\t\t\t\t\t\t\t\t\t\t\t\t\t\t\t\t<\/div>\n\t\t\t\t\t\t\t<\/div>\n\t\t\t\t\t\t<\/div>\n\t\t\t\t\t\t\t\t\t\t\t\t<div class=\"col-md-6\">\n\t\t\t\t\t\t\t<div class=\"card\">\n\t\t\t\t\t\t\t\t\t\t\t\t\t\t\t\t\t<img decoding=\"async\" class=\"card-img-top\" src=\"https:\/\/bozita.com\/se\/wp-content\/uploads\/sites\/5\/2021\/06\/bozita-kopa-hund.jpg\" alt=\"\">\n\t\t\t\t\t\t\t\t\t\t\t\t\t\t\t\t<div class=\"card-body\">\n\t\t\t\t\t\t\t\t\t<h5 class=\"card-title\">V\u00c4LJA HUND<\/h5>\n\t\t\t\t\t\t\t\t\t<p class=\"card-text\">Funderar du p\u00e5 att k\u00f6pa hund eller hundvalp?<\/p>\n\t\t\t\t\t\t\t\t\t\t\t\t\t\t\t\t\t\t\t<a target=\"\" href=\"https:\/\/bozita.com\/se\/hund\/kopa-hund\/\" class=\"btn btn-white\">K\u00f6pa hund<\/a>\n\t\t\t\t\t\t\t\t\t\t\t\t\t\t\t\t\t\t<\/div>\n\t\t\t\t\t\t\t<\/div>\n\t\t\t\t\t\t<\/div>\n\t\t\t\t\t\t\t\t\t\t\t\t<div class=\"col-md-6\">\n\t\t\t\t\t\t\t<div class=\"card\">\n\t\t\t\t\t\t\t\t\t\t\t\t\t\t\t\t\t<img decoding=\"async\" class=\"card-img-top\" src=\"https:\/\/bozita.com\/se\/wp-content\/uploads\/sites\/5\/2025\/05\/faktahund-scaled.jpg\" alt=\"Dog face - cute happy jack russell pet puppy looking in the grass, web banner with copy space\">\n\t\t\t\t\t\t\t\t\t\t\t\t\t\t\t\t<div class=\"card-body\">\n\t\t\t\t\t\t\t\t\t<h5 class=\"card-title\">Fakta &amp; info hund<\/h5>\n\t\t\t\t\t\t\t\t\t<p class=\"card-text\">Fakta och information f\u00f6r dig som \u00e4r eller ska bli hund\u00e4gare<\/p>\n\t\t\t\t\t\t\t\t\t\t\t\t\t\t\t\t\t\t\t<a target=\"\" href=\"https:\/\/bozita.com\/se\/hund\/fakta-info\/\" class=\"btn btn-white\">Fakta info <\/a>\n\t\t\t\t\t\t\t\t\t\t\t\t\t\t\t\t\t\t<\/div>\n\t\t\t\t\t\t\t<\/div>\n\t\t\t\t\t\t<\/div>\n\t\t\t\t\t\t\t\t\t<\/div>\n\t\t<\/div>\n\t<\/section>\n\n\n\t\t<section class=\"block full-width-promo \">\n\t\t<div class=\"overlay-v1\">\n\t\t\t\t\t\t\t\t<img decoding=\"async\" class=\"background-image-v1\" src=\"https:\/\/bozita.com\/se\/wp-content\/uploads\/sites\/5\/2021\/06\/small-hero-image-dog-forest-lingon-scaled.jpg\" alt=\"\">\n\t\t\t\t\t\t\t\t<div class=\"container\">\n\t\t\t\t<div class=\"row\">\n\t\t\t\t\t<div class=\"col-md-6 col-lg-5\">\n\t\t\t\t\t\t<h5>BOZITA BREEDER CLUB<\/h5><h1>\u00c4r du hunduppf\u00f6dare?<\/h1><p>D\u00e5 kan du g\u00e5 med i Bozita Breeders Club<\/p>\t\t\t\t\t\t<a class=\"btn btn-white\" href=\"https:\/\/bozita.com\/se\/bozita-breeders-club\/\">L\u00e4s mer om f\u00f6rm\u00e5ner och \u00e5taganden<\/a>\t\t\t\t\t<\/div>\n\t\t\t\t<\/div>\n\t\t\t<\/div>\n\t\t<\/div>\n\t<\/section>\n","protected":false},"excerpt":{"rendered":"","protected":false},"author":4,"featured_media":1058,"parent":0,"menu_order":0,"comment_status":"closed","ping_status":"closed","template":"guternberg.php","meta":{"footnotes":""},"acf":[],"yoast_head":"<!-- This site is optimized with the Yoast SEO plugin v21.3 - https:\/\/yoast.com\/wordpress\/plugins\/seo\/ -->\n<title>Tips och r\u00e5d om att skaffa hund och ha hund | Bozita<\/title>\n<meta name=\"description\" content=\"Livet med hund - hur \u00e4r det egentligen att skaffa hund och att ha hund? H\u00e4r samlar vi tips och r\u00e5d om s\u00e5dant som \u00e4r bra f\u00f6r hund\u00e4gare att k\u00e4nna till.\" \/>\n<meta name=\"robots\" content=\"index, follow, max-snippet:-1, max-image-preview:large, max-video-preview:-1\" \/>\n<link rel=\"canonical\" href=\"https:\/\/bozita.com\/se\/hund\/\" \/>\n<meta property=\"og:locale\" content=\"sv_SE\" \/>\n<meta property=\"og:type\" content=\"article\" \/>\n<meta property=\"og:title\" content=\"Tips och r\u00e5d om att skaffa hund och ha hund | Bozita\" \/>\n<meta property=\"og:description\" content=\"Livet med hund - hur \u00e4r det egentligen att skaffa hund och att ha hund? H\u00e4r samlar vi tips och r\u00e5d om s\u00e5dant som \u00e4r bra f\u00f6r hund\u00e4gare att k\u00e4nna till.\" \/>\n<meta property=\"og:url\" content=\"https:\/\/bozita.com\/se\/hund\/\" \/>\n<meta property=\"og:site_name\" content=\"Bozita Sverige\" \/>\n<meta property=\"article:modified_time\" content=\"2025-05-08T12:12:13+00:00\" \/>\n<meta property=\"og:image\" content=\"https:\/\/bozita.com\/se\/wp-content\/uploads\/sites\/5\/2021\/06\/bozita-livet-med-hund.jpg\" \/>\n\t<meta property=\"og:image:width\" content=\"1600\" \/>\n\t<meta property=\"og:image:height\" content=\"578\" \/>\n\t<meta property=\"og:image:type\" content=\"image\/jpeg\" \/>\n<meta name=\"twitter:card\" content=\"summary_large_image\" \/>\n<!-- \/ Yoast SEO plugin. -->","yoast_head_json":{"title":"Tips och r\u00e5d om att skaffa hund och ha hund | Bozita","description":"Livet med hund - hur \u00e4r det egentligen att skaffa hund och att ha hund? H\u00e4r samlar vi tips och r\u00e5d om s\u00e5dant som \u00e4r bra f\u00f6r hund\u00e4gare att k\u00e4nna till.","robots":{"index":"index","follow":"follow","max-snippet":"max-snippet:-1","max-image-preview":"max-image-preview:large","max-video-preview":"max-video-preview:-1"},"canonical":"https:\/\/bozita.com\/se\/hund\/","og_locale":"sv_SE","og_type":"article","og_title":"Tips och r\u00e5d om att skaffa hund och ha hund | Bozita","og_description":"Livet med hund - hur \u00e4r det egentligen att skaffa hund och att ha hund? H\u00e4r samlar vi tips och r\u00e5d om s\u00e5dant som \u00e4r bra f\u00f6r hund\u00e4gare att k\u00e4nna till.","og_url":"https:\/\/bozita.com\/se\/hund\/","og_site_name":"Bozita Sverige","article_modified_time":"2025-05-08T12:12:13+00:00","og_image":[{"width":1600,"height":578,"url":"https:\/\/bozita.com\/se\/wp-content\/uploads\/sites\/5\/2021\/06\/bozita-livet-med-hund.jpg","type":"image\/jpeg"}],"twitter_card":"summary_large_image","schema":{"@context":"https:\/\/schema.org","@graph":[{"@type":"WebPage","@id":"https:\/\/bozita.com\/se\/hund\/","url":"https:\/\/bozita.com\/se\/hund\/","name":"Tips och r\u00e5d om att skaffa hund och ha hund | Bozita","isPartOf":{"@id":"https:\/\/bozita.com\/se\/#website"},"datePublished":"2021-05-25T23:39:50+00:00","dateModified":"2025-05-08T12:12:13+00:00","description":"Livet med hund - hur \u00e4r det egentligen att skaffa hund och att ha hund? H\u00e4r samlar vi tips och r\u00e5d om s\u00e5dant som \u00e4r bra f\u00f6r hund\u00e4gare att k\u00e4nna till.","breadcrumb":{"@id":"https:\/\/bozita.com\/se\/hund\/#breadcrumb"},"inLanguage":"sv-SE","potentialAction":[{"@type":"ReadAction","target":["https:\/\/bozita.com\/se\/hund\/"]}]},{"@type":"BreadcrumbList","@id":"https:\/\/bozita.com\/se\/hund\/#breadcrumb","itemListElement":[{"@type":"ListItem","position":1,"name":"Home","item":"https:\/\/bozita.com\/se\/"},{"@type":"ListItem","position":2,"name":"Livet med hund"}]},{"@type":"WebSite","@id":"https:\/\/bozita.com\/se\/#website","url":"https:\/\/bozita.com\/se\/","name":"Bozita Sverige","description":"","potentialAction":[{"@type":"SearchAction","target":{"@type":"EntryPoint","urlTemplate":"https:\/\/bozita.com\/se\/?s={search_term_string}"},"query-input":"required name=search_term_string"}],"inLanguage":"sv-SE"}]}},"_links":{"self":[{"href":"https:\/\/bozita.com\/se\/wp-json\/wp\/v2\/pages\/53"}],"collection":[{"href":"https:\/\/bozita.com\/se\/wp-json\/wp\/v2\/pages"}],"about":[{"href":"https:\/\/bozita.com\/se\/wp-json\/wp\/v2\/types\/page"}],"author":[{"embeddable":true,"href":"https:\/\/bozita.com\/se\/wp-json\/wp\/v2\/users\/4"}],"replies":[{"embeddable":true,"href":"https:\/\/bozita.com\/se\/wp-json\/wp\/v2\/comments?post=53"}],"version-history":[{"count":103,"href":"https:\/\/bozita.com\/se\/wp-json\/wp\/v2\/pages\/53\/revisions"}],"predecessor-version":[{"id":11509,"href":"https:\/\/bozita.com\/se\/wp-json\/wp\/v2\/pages\/53\/revisions\/11509"}],"wp:featuredmedia":[{"embeddable":true,"href":"https:\/\/bozita.com\/se\/wp-json\/wp\/v2\/media\/1058"}],"wp:attachment":[{"href":"https:\/\/bozita.com\/se\/wp-json\/wp\/v2\/media?parent=53"}],"curies":[{"name":"wp","href":"https:\/\/api.w.org\/{rel}","templated":true}]}}