{"id":57,"date":"2021-05-25T23:40:26","date_gmt":"2021-05-25T23:40:26","guid":{"rendered":"https:\/\/bozita.com\/se\/?page_id=57"},"modified":"2025-10-15T12:52:43","modified_gmt":"2025-10-15T12:52:43","slug":"hundens-utveckling","status":"publish","type":"page","link":"https:\/\/bozita.com\/se\/hund\/hundens-utveckling\/","title":{"rendered":"Hundens utveckling"},"content":{"rendered":"\n\t\t<section class=\"small-hero-with-image\">\n\t\t\t\t\t\t\t<img decoding=\"async\" class=\"background-image\" src=\"https:\/\/bozita.com\/se\/wp-content\/uploads\/sites\/5\/2021\/08\/bozita-hundens-utveckling-3.jpg\" alt=\"\">\n\t\t\t\t\t\t\t<div class=\"overlay-v1 \">\n\t\t\t\t<div class=\"container\">\n\t\t\t\t\t<div class=\"row\">\n\t\t\t\t\t\t<div class=\"col-md-6 col-lg-5\">\n\t\t\t\t\t\t\t<h5>Kunskap<\/h5><h1>Hundens utveckling<\/h1><p><p>Hundens utveckling \u00e4r sp\u00e4nnande att f\u00f6lja. Det kan vara sk\u00f6nt att vara p\u00e5l\u00e4st kring vilka hundens olika utvecklingsfaser \u00e4r och vad man kan f\u00f6rv\u00e4nta sig under hundens olika utvecklingsstadier.<\/p>\n<\/p>\t\t\t\t\t\t<\/div>\n\t\t\t\t\t<\/div>\n\t\t\t\t<\/div>\n\t\t\t<\/div>\n\t\t<\/section>\n\t\t\n\n\t<div class=\"text-box-warp\">\n\t\t<div class=\"container\">\n\t\t\t<div class=\"text-content\">\n\t\t\t\t<p>H\u00e4r har vi samlat en m\u00e4ngd intressant information kring hundens utveckling, vad som sker vad g\u00e4ller b\u00e5de f\u00f6r\u00e4ndringar i beteende och den fysiska utvecklingen, och hur du kan tr\u00e4na din hund p\u00e5 olika s\u00e4tt.<\/p>\n<h2><a href=\"https:\/\/bozita.com\/se\/hund\/hundens-utveckling\/lara-hund-vara-ensam\/\">Ensamhetstr\u00e4ning valp &#8211; l\u00e4ra hunden vara ensam<\/a><\/h2>\n<p>Alla hund\u00e4gare beh\u00f6ver kunna l\u00e4mna sin hund ensam ibland, men eftersom hunden \u00e4r ett flockdjur som trivs b\u00e4st i s\u00e4llskap med andra kan det ta tid att v\u00e4nja den vid att klara sig p\u00e5 egen hand. D\u00e4rf\u00f6r beh\u00f6ver du ensamhetstr\u00e4na din valp och hund. V\u00e5rt r\u00e5d \u00e4r att b\u00f6rja ensamhetstr\u00e4ningen redan n\u00e4r hunden \u00e4r valp och att sakta men s\u00e4kert \u00f6ka sv\u00e5righetsgraden i en takt som passar din valp. D\u00e5 minskar risken f\u00f6r att hunden utvecklar destruktiva beteenden som att sk\u00e4lla eller tugga s\u00f6nder saker n\u00e4r den \u00e4r ensam.<\/p>\n<h2><a href=\"https:\/\/bozita.com\/se\/hund\/hundens-utveckling\/plotsliga-radslor-hundens-spokalder\/\">Sp\u00f6k\u00e5lder hund &#8211; blir din hund pl\u00f6tsligt r\u00e4dd f\u00f6r allt?<\/a><\/h2>\n<p>Om du n\u00e4r valpen \u00e4r runt 5 m\u00e5nader gammal upplever att den helt utan egentlig orsak pl\u00f6tsligt blir r\u00e4dd f\u00f6r saker som den tidigare varit helt ok med s\u00e5 beror det antagligen p\u00e5 att den kommit in i den s\u00e5 kallade sp\u00f6k\u00e5ldern. Sp\u00f6k\u00e5ldern hos hund intr\u00e4ffar samtidigt som hunden n\u00e4rmar sig ton\u00e5ren och k\u00f6nsmognaden, men varar inte lika l\u00e4nge. Med r\u00e4tt kunskaper kan du lotsa din hund genom sp\u00f6k\u00e5ldern utan att riskera kvarvarande problem i vuxen \u00e5lder.<\/p>\n<h2><a href=\"https:\/\/bozita.com\/se\/hund\/hundens-utveckling\/miljotrana-hund\/\">Socialisera valpen &#8211; milj\u00f6tr\u00e4na din hund<\/a><\/h2>\n<p>N\u00e4r och hur ska du b\u00f6rja socialisera din valp och milj\u00f6tr\u00e4na din hund? I tidig \u00e5lder \u00e4r hundvalpar extremt mottagliga f\u00f6r social stimuli vilket g\u00f6r det till en perfekt tid f\u00f6r milj\u00f6tr\u00e4ning, det vill s\u00e4ga att v\u00e4nja valpen vid v\u00e4rlden omkring oss. N\u00e4r du milj\u00f6tr\u00e4nar din valp l\u00e4gger du grunden f\u00f6r att forma en harmonisk vuxen hund som fungerar bra i olika milj\u00f6er och med olika m\u00e4nniskor. Bozita har satt ihop en praktisk \u201cchecklista\u201d \u00f6ver n\u00e5gra vanliga f\u00f6reteelser som det \u00e4r bra att uts\u00e4tta en valp f\u00f6r under socialiseringen och milj\u00f6tr\u00e4ningen.<\/p>\n<h2><a href=\"https:\/\/bozita.com\/se\/hund\/hundens-utveckling\/hund-tonaring\/\">Slyngel\u00e5ldern hund &#8211; tips f\u00f6r hundens ton\u00e5rsperiod<\/a><\/h2>\n<p>Den gulliga valpen v\u00e4xer upp och f\u00f6r\u00e4ndras helt pl\u00f6tsligt till en strulig ton\u00e5rshund som inte lyssnar p\u00e5 dig. B\u00e4sta s\u00e4ttet att hantera en hund som kommit in i vad som brukar kallas trots\u00e5ldern eller slyngel\u00e5ldern \u00e4r att f\u00f6rst\u00e5 att hunden inte \u00e4r vuxen \u00e4nnu och forts\u00e4tta bygga p\u00e5 den relation ni redan skapat. H\u00e4r \u00e4r tipsen f\u00f6r hur du kan hantera slyngel\u00e5ldern hos din hund.<\/p>\n<h2><a href=\"https:\/\/bozita.com\/se\/hund\/hundens-utveckling\/valpens-utveckling-fran-valp-till-vuxen-hund\/\">Valpens utveckling &#8211; fr\u00e5n valp till vuxen hund<\/a><\/h2>\n<p>Hundvalpar f\u00f6ds relativt hj\u00e4lpl\u00f6sa men v\u00e4xer snabbt upp till sj\u00e4lvst\u00e4ndiga individer med en alldeles unik personlighet. Det \u00e4r en omtumlande resa d\u00e4r hunden g\u00e5r igenom m\u00e5nga faser. Genom att f\u00f6rst\u00e5 valpens utveckling och hundens olika utvecklingsstadier kan vi l\u00e4ttare f\u00f6rst\u00e5 dess beteenden och hur vi ska bem\u00f6ta dem.<\/p>\n\t\t\t<\/div>\n\t\t<\/div>\n\t<\/div>\n\n\n\n\t<section class=\"block explore-other-topics\">\n\t<div class=\"container\">\n\t\t<h2>UTFORSKA ANDRA KATEGORIER<\/h2>\n\t\t<div class=\"row\">\n\t\t\t\t\t\t\t\t<div class=\"col-md-6 col-lg-3\">\n\t\t\t\t\t\t\t\t\t\t\t\t\t<h6>Nutrition och kost<\/h6>\n\t\t\t\t\t\t\t\t\t\t\t\t\t<div class=\"card \">\n\t\t\t\t\t\t\t<img loading=\"lazy\" decoding=\"async\" width=\"800\" height=\"537\" src=\"https:\/\/bozita.com\/se\/wp-content\/uploads\/sites\/5\/2021\/06\/bozita-nutrition-kost.jpg\" class=\"attachment-post-thumbnail size-post-thumbnail wp-post-image\" alt=\"Springande f\u00e5gelhund\" srcset=\"https:\/\/bozita.com\/se\/wp-content\/uploads\/sites\/5\/2021\/06\/bozita-nutrition-kost.jpg 800w, https:\/\/bozita.com\/se\/wp-content\/uploads\/sites\/5\/2021\/06\/bozita-nutrition-kost-300x201.jpg 300w, https:\/\/bozita.com\/se\/wp-content\/uploads\/sites\/5\/2021\/06\/bozita-nutrition-kost-768x516.jpg 768w\" sizes=\"(max-width: 800px) 100vw, 800px\" \/>\n\t\t\t\t\t\t\t\t\t\t\t\t\t\t<div class=\"card-body\">\n\t\t\t\t\t\t\t\t\n\t\t\t\t\t\t\t\t\t\t\t\t\t\t\t\t\t<ul>\n\t\t\t\t\t\t\t\t\t\t\t\t\t\t\t\t\t\t\t\t\t<li><a href=\"https:\/\/bozita.com\/se\/hundfoder\/nutrition-och-kost\/byta-fran-valpfoder-till-vuxenfoder\/\">Byta fr\u00e5n valpfoder till vuxenfoder<\/a><\/li>\n\t\t\t\t\t\t\t\t\t\t\t\t\t\t\t\t\t\t\t\t\t\t<li><a href=\"https:\/\/bozita.com\/se\/hundfoder\/nutrition-och-kost\/draktiga-och-digivande-tikar\/\">Foder till dr\u00e4ktiga och digivande tikar<\/a><\/li>\n\t\t\t\t\t\t\t\t\t\t\t\t\t\t\t\t\t\t\t\t\t\t<li><a href=\"https:\/\/bozita.com\/se\/hundfoder\/nutrition-och-kost\/utfodring-av-valp\/\">Hur mycket ska en valp \u00e4ta och vad \u00e4r b\u00e4sta valpfodret?<\/a><\/li>\n\t\t\t\t\t\t\t\t\t\t\t\t\t\t\t\t\t\t\t\t<\/ul>\n\t\t\t\t\t\t\t\t\t\t\t\t\t\t\t\t<a target=\"\" href=\"https:\/\/bozita.com\/se\/hundfoder\/nutrition-och-kost\/\" class=\"btn btn-primary\">Se alla artiklar<\/a>\n\t\t\t\t\t\t\t<\/div>\n\t\t\t\t\t\t<\/div>\n\t\t\t\t\t<\/div>\n\t\t\t\t\t\t\t\t\t\t<div class=\"col-md-6 col-lg-3\">\n\t\t\t\t\t\t\t\t\t\t\t\t\t<h6>Hundens h\u00e4lsa<\/h6>\n\t\t\t\t\t\t\t\t\t\t\t\t\t<div class=\"card \">\n\t\t\t\t\t\t\t<img loading=\"lazy\" decoding=\"async\" width=\"2560\" height=\"1707\" src=\"https:\/\/bozita.com\/se\/wp-content\/uploads\/sites\/5\/2025\/10\/doggyinomhus-scaled.jpg\" class=\"attachment-post-thumbnail size-post-thumbnail wp-post-image\" alt=\"Hundens h\u00e4lsa\" srcset=\"https:\/\/bozita.com\/se\/wp-content\/uploads\/sites\/5\/2025\/10\/doggyinomhus-scaled.jpg 2560w, https:\/\/bozita.com\/se\/wp-content\/uploads\/sites\/5\/2025\/10\/doggyinomhus-300x200.jpg 300w, https:\/\/bozita.com\/se\/wp-content\/uploads\/sites\/5\/2025\/10\/doggyinomhus-1024x683.jpg 1024w, https:\/\/bozita.com\/se\/wp-content\/uploads\/sites\/5\/2025\/10\/doggyinomhus-768x512.jpg 768w, https:\/\/bozita.com\/se\/wp-content\/uploads\/sites\/5\/2025\/10\/doggyinomhus-1536x1024.jpg 1536w, https:\/\/bozita.com\/se\/wp-content\/uploads\/sites\/5\/2025\/10\/doggyinomhus-2048x1365.jpg 2048w\" sizes=\"(max-width: 2560px) 100vw, 2560px\" \/>\n\t\t\t\t\t\t\t\t\t\t\t\t\t\t<div class=\"card-body\">\n\t\t\t\t\t\t\t\t\n\t\t\t\t\t\t\t\t\t\t\t\t\t\t\t\t\t<ul>\n\t\t\t\t\t\t\t\t\t\t\t\t\t\t\t\t\t\t\t\t\t<li><a href=\"https:\/\/bozita.com\/se\/hund\/hundens-halsa\/algblomning\/\">Algblomning hund &#8211; det h\u00e4r beh\u00f6ver du veta<\/a><\/li>\n\t\t\t\t\t\t\t\t\t\t\t\t\t\t\t\t\t\t\t\t\t\t<li><a href=\"https:\/\/bozita.com\/se\/hund\/hundens-halsa\/nar-tappar-valpar-tander\/\">N\u00e4r tappar valpar t\u00e4nder?<\/a><\/li>\n\t\t\t\t\t\t\t\t\t\t\t\t\t\t\t\t\t\t\t\t\t\t<li><a href=\"https:\/\/bozita.com\/se\/hund\/hundens-halsa\/valpning\/\">Valpning<\/a><\/li>\n\t\t\t\t\t\t\t\t\t\t\t\t\t\t\t\t\t\t\t\t<\/ul>\n\t\t\t\t\t\t\t\t\t\t\t\t\t\t\t\t<a target=\"\" href=\"https:\/\/bozita.com\/se\/hund\/hundens-halsa\/\" class=\"btn btn-primary\">Se alla artiklar<\/a>\n\t\t\t\t\t\t\t<\/div>\n\t\t\t\t\t\t<\/div>\n\t\t\t\t\t<\/div>\n\t\t\t\t\t\t\t\t\t\t<div class=\"col-md-6 col-lg-3\">\n\t\t\t\t\t\t\t\t\t\t\t\t\t<h6>Aktivera din hund<\/h6>\n\t\t\t\t\t\t\t\t\t\t\t\t\t<div class=\"card \">\n\t\t\t\t\t\t\t<img loading=\"lazy\" decoding=\"async\" width=\"800\" height=\"531\" src=\"https:\/\/bozita.com\/se\/wp-content\/uploads\/sites\/5\/2021\/06\/bozita-aktivera-hund.jpg\" class=\"attachment-post-thumbnail size-post-thumbnail wp-post-image\" alt=\"Livet med hund\" srcset=\"https:\/\/bozita.com\/se\/wp-content\/uploads\/sites\/5\/2021\/06\/bozita-aktivera-hund.jpg 800w, https:\/\/bozita.com\/se\/wp-content\/uploads\/sites\/5\/2021\/06\/bozita-aktivera-hund-300x199.jpg 300w, https:\/\/bozita.com\/se\/wp-content\/uploads\/sites\/5\/2021\/06\/bozita-aktivera-hund-768x510.jpg 768w\" sizes=\"(max-width: 800px) 100vw, 800px\" \/>\n\t\t\t\t\t\t\t\t\t\t\t\t\t\t<div class=\"card-body\">\n\t\t\t\t\t\t\t\t\n\t\t\t\t\t\t\t\t\t\t\t\t\t\t\t\t\t<ul>\n\t\t\t\t\t\t\t\t\t\t\t\t\t\t\t\t\t\t\t\t\t<li><a href=\"https:\/\/bozita.com\/se\/hund\/aktivera-hunden\/forbattra-samspelet-med-din-hund-med-hjalp-av-aktiviteter-och-kurser\/\">Hundkurser och aktiviteter<\/a><\/li>\n\t\t\t\t\t\t\t\t\t\t\t\t\t\t\t\t\t\t\t\t\t\t<li><a href=\"https:\/\/bozita.com\/se\/hund\/aktivera-hunden\/syns-i-morkret-med-reflexer\/\">Reflexer hund &#8211; en billig livf\u00f6rs\u00e4kring<\/a><\/li>\n\t\t\t\t\t\t\t\t\t\t\t\t\t\t\t\t\t\t\t\t\t\t<li><a href=\"https:\/\/bozita.com\/se\/hund\/aktivera-hunden\/balanstrana-med-hund\/\">Balanstr\u00e4ning med hund<\/a><\/li>\n\t\t\t\t\t\t\t\t\t\t\t\t\t\t\t\t\t\t\t\t<\/ul>\n\t\t\t\t\t\t\t\t\t\t\t\t\t\t\t\t<a target=\"\" href=\"https:\/\/bozita.com\/se\/hund\/aktivera-hunden\/\" class=\"btn btn-primary\">Se alla artiklar<\/a>\n\t\t\t\t\t\t\t<\/div>\n\t\t\t\t\t\t<\/div>\n\t\t\t\t\t<\/div>\n\t\t\t\t\t\t\t\t\t\t<div class=\"col-md-6 col-lg-3\">\n\t\t\t\t\t\t\t\t\t\t\t\t\t<h6>K\u00f6pa hund<\/h6>\n\t\t\t\t\t\t\t\t\t\t\t\t\t<div class=\"card \">\n\t\t\t\t\t\t\t<img loading=\"lazy\" decoding=\"async\" width=\"800\" height=\"532\" src=\"https:\/\/bozita.com\/se\/wp-content\/uploads\/sites\/5\/2021\/06\/bozita-kopa-hund.jpg\" class=\"attachment-post-thumbnail size-post-thumbnail wp-post-image\" alt=\"Livet med hund\" srcset=\"https:\/\/bozita.com\/se\/wp-content\/uploads\/sites\/5\/2021\/06\/bozita-kopa-hund.jpg 800w, https:\/\/bozita.com\/se\/wp-content\/uploads\/sites\/5\/2021\/06\/bozita-kopa-hund-300x200.jpg 300w, https:\/\/bozita.com\/se\/wp-content\/uploads\/sites\/5\/2021\/06\/bozita-kopa-hund-768x511.jpg 768w\" sizes=\"(max-width: 800px) 100vw, 800px\" \/>\n\t\t\t\t\t\t\t\t\t\t\t\t\t\t<div class=\"card-body\">\n\t\t\t\t\t\t\t\t\n\t\t\t\t\t\t\t\t\t\t\t\t\t\t\t\t\t<ul>\n\t\t\t\t\t\t\t\t\t\t\t\t\t\t\t\t\t\t\t\t\t<li><a href=\"https:\/\/bozita.com\/se\/hund\/kopa-hund\/valj-hundras\/\">Olika hundraser &#8211; vilken hundras ska jag v\u00e4lja?<\/a><\/li>\n\t\t\t\t\t\t\t\t\t\t\t\t\t\t\t\t\t\t\t\t<\/ul>\n\t\t\t\t\t\t\t\t\t\t\t\t\t\t\t\t<a target=\"\" href=\"https:\/\/bozita.com\/se\/hund\/kopa-hund\/\" class=\"btn btn-primary\">Se alla artiklar<\/a>\n\t\t\t\t\t\t\t<\/div>\n\t\t\t\t\t\t<\/div>\n\t\t\t\t\t<\/div>\n\t\t\t\t\t\t\t<\/div>\n\t<\/div>\n<\/section>\n","protected":false},"excerpt":{"rendered":"","protected":false},"author":4,"featured_media":1097,"parent":53,"menu_order":0,"comment_status":"closed","ping_status":"closed","template":"guternberg.php","meta":{"footnotes":""},"acf":[],"yoast_head":"<!-- This site is optimized with the Yoast SEO plugin v21.3 - https:\/\/yoast.com\/wordpress\/plugins\/seo\/ -->\n<title>Hundens utveckling och utvecklingsfaser | Bozita<\/title>\n<meta name=\"description\" content=\"L\u00e4r dig mer om hundens utveckling och utvecklingsstadier. F\u00e5 tips om hur du b\u00e4st bem\u00f6ter valpens och den v\u00e4xande hundens behov i olika perioder i livet.\" \/>\n<meta name=\"robots\" content=\"index, follow, max-snippet:-1, max-image-preview:large, max-video-preview:-1\" \/>\n<link rel=\"canonical\" href=\"https:\/\/bozita.com\/se\/hund\/hundens-utveckling\/\" \/>\n<meta property=\"og:locale\" content=\"sv_SE\" \/>\n<meta property=\"og:type\" content=\"article\" \/>\n<meta property=\"og:title\" content=\"Hundens utveckling och utvecklingsfaser | Bozita\" \/>\n<meta property=\"og:description\" content=\"L\u00e4r dig mer om hundens utveckling och utvecklingsstadier. F\u00e5 tips om hur du b\u00e4st bem\u00f6ter valpens och den v\u00e4xande hundens behov i olika perioder i livet.\" \/>\n<meta property=\"og:url\" content=\"https:\/\/bozita.com\/se\/hund\/hundens-utveckling\/\" \/>\n<meta property=\"og:site_name\" content=\"Bozita Sverige\" \/>\n<meta property=\"article:modified_time\" content=\"2025-10-15T12:52:43+00:00\" \/>\n<meta property=\"og:image\" content=\"https:\/\/bozita.com\/se\/wp-content\/uploads\/sites\/5\/2021\/06\/bozita-hundens-utveckling.jpg\" \/>\n\t<meta property=\"og:image:width\" content=\"800\" \/>\n\t<meta property=\"og:image:height\" content=\"536\" \/>\n\t<meta property=\"og:image:type\" content=\"image\/jpeg\" \/>\n<meta name=\"twitter:card\" content=\"summary_large_image\" \/>\n<!-- \/ Yoast SEO plugin. -->","yoast_head_json":{"title":"Hundens utveckling och utvecklingsfaser | Bozita","description":"L\u00e4r dig mer om hundens utveckling och utvecklingsstadier. F\u00e5 tips om hur du b\u00e4st bem\u00f6ter valpens och den v\u00e4xande hundens behov i olika perioder i livet.","robots":{"index":"index","follow":"follow","max-snippet":"max-snippet:-1","max-image-preview":"max-image-preview:large","max-video-preview":"max-video-preview:-1"},"canonical":"https:\/\/bozita.com\/se\/hund\/hundens-utveckling\/","og_locale":"sv_SE","og_type":"article","og_title":"Hundens utveckling och utvecklingsfaser | Bozita","og_description":"L\u00e4r dig mer om hundens utveckling och utvecklingsstadier. F\u00e5 tips om hur du b\u00e4st bem\u00f6ter valpens och den v\u00e4xande hundens behov i olika perioder i livet.","og_url":"https:\/\/bozita.com\/se\/hund\/hundens-utveckling\/","og_site_name":"Bozita Sverige","article_modified_time":"2025-10-15T12:52:43+00:00","og_image":[{"width":800,"height":536,"url":"https:\/\/bozita.com\/se\/wp-content\/uploads\/sites\/5\/2021\/06\/bozita-hundens-utveckling.jpg","type":"image\/jpeg"}],"twitter_card":"summary_large_image","schema":{"@context":"https:\/\/schema.org","@graph":[{"@type":"WebPage","@id":"https:\/\/bozita.com\/se\/hund\/hundens-utveckling\/","url":"https:\/\/bozita.com\/se\/hund\/hundens-utveckling\/","name":"Hundens utveckling och utvecklingsfaser | Bozita","isPartOf":{"@id":"https:\/\/bozita.com\/se\/#website"},"datePublished":"2021-05-25T23:40:26+00:00","dateModified":"2025-10-15T12:52:43+00:00","description":"L\u00e4r dig mer om hundens utveckling och utvecklingsstadier. F\u00e5 tips om hur du b\u00e4st bem\u00f6ter valpens och den v\u00e4xande hundens behov i olika perioder i livet.","breadcrumb":{"@id":"https:\/\/bozita.com\/se\/hund\/hundens-utveckling\/#breadcrumb"},"inLanguage":"sv-SE","potentialAction":[{"@type":"ReadAction","target":["https:\/\/bozita.com\/se\/hund\/hundens-utveckling\/"]}]},{"@type":"BreadcrumbList","@id":"https:\/\/bozita.com\/se\/hund\/hundens-utveckling\/#breadcrumb","itemListElement":[{"@type":"ListItem","position":1,"name":"Home","item":"https:\/\/bozita.com\/se\/"},{"@type":"ListItem","position":2,"name":"Livet med hund","item":"https:\/\/bozita.com\/se\/hund\/"},{"@type":"ListItem","position":3,"name":"Hundens utveckling"}]},{"@type":"WebSite","@id":"https:\/\/bozita.com\/se\/#website","url":"https:\/\/bozita.com\/se\/","name":"Bozita Sverige","description":"","potentialAction":[{"@type":"SearchAction","target":{"@type":"EntryPoint","urlTemplate":"https:\/\/bozita.com\/se\/?s={search_term_string}"},"query-input":"required name=search_term_string"}],"inLanguage":"sv-SE"}]}},"_links":{"self":[{"href":"https:\/\/bozita.com\/se\/wp-json\/wp\/v2\/pages\/57"}],"collection":[{"href":"https:\/\/bozita.com\/se\/wp-json\/wp\/v2\/pages"}],"about":[{"href":"https:\/\/bozita.com\/se\/wp-json\/wp\/v2\/types\/page"}],"author":[{"embeddable":true,"href":"https:\/\/bozita.com\/se\/wp-json\/wp\/v2\/users\/4"}],"replies":[{"embeddable":true,"href":"https:\/\/bozita.com\/se\/wp-json\/wp\/v2\/comments?post=57"}],"version-history":[{"count":58,"href":"https:\/\/bozita.com\/se\/wp-json\/wp\/v2\/pages\/57\/revisions"}],"predecessor-version":[{"id":11975,"href":"https:\/\/bozita.com\/se\/wp-json\/wp\/v2\/pages\/57\/revisions\/11975"}],"up":[{"embeddable":true,"href":"https:\/\/bozita.com\/se\/wp-json\/wp\/v2\/pages\/53"}],"wp:featuredmedia":[{"embeddable":true,"href":"https:\/\/bozita.com\/se\/wp-json\/wp\/v2\/media\/1097"}],"wp:attachment":[{"href":"https:\/\/bozita.com\/se\/wp-json\/wp\/v2\/media?parent=57"}],"curies":[{"name":"wp","href":"https:\/\/api.w.org\/{rel}","templated":true}]}}