{"id":61,"date":"2021-05-25T23:40:59","date_gmt":"2021-05-25T23:40:59","guid":{"rendered":"https:\/\/bozita.com\/se\/?page_id=61"},"modified":"2022-06-20T09:36:12","modified_gmt":"2022-06-20T09:36:12","slug":"aktivera-hunden","status":"publish","type":"page","link":"https:\/\/bozita.com\/se\/hund\/aktivera-hunden\/","title":{"rendered":"Aktivera din hund"},"content":{"rendered":"\n\t\t<section class=\"small-hero-with-image\">\n\t\t\t\t\t\t\t<img decoding=\"async\" class=\"background-image\" src=\"https:\/\/bozita.com\/se\/wp-content\/uploads\/sites\/5\/2021\/08\/bozita-aktivera-hund-3.jpg\" alt=\"\">\n\t\t\t\t\t\t\t<div class=\"overlay-v1 overlay-bg\">\n\t\t\t\t<div class=\"container\">\n\t\t\t\t\t<div class=\"row\">\n\t\t\t\t\t\t<div class=\"col-md-6 col-lg-5\">\n\t\t\t\t\t\t\t<h5>Kunskap<\/h5><h1>Aktivera hunden<\/h1><p><p>En hund beh\u00f6ver aktivering av b\u00e5de kropp och huvud f\u00f6r att m\u00e5 bra. H\u00e4r har vi samlat tips om hur du kan aktivera din hund och samtidigt st\u00e4rka banden mellan er.<\/p>\n<\/p>\t\t\t\t\t\t<\/div>\n\t\t\t\t\t<\/div>\n\t\t\t\t<\/div>\n\t\t\t<\/div>\n\t\t<\/section>\n\t\t\n\n\t<div class=\"text-box-warp\">\n\t\t<div class=\"container\">\n\t\t\t<div class=\"text-content\">\n\t\t\t\t<p>Hundaktivering &#8211; det finns en m\u00e4ngd roliga aktiviteter du kan g\u00f6ra med din hund. T\u00e4nk p\u00e5 att aktivera hunden b\u00e5de inomhus och utomhus. Och t\u00e4nk ocks\u00e5 p\u00e5 att det handlar om s\u00e5 mycket mer \u00e4n fysiska hundaktiviteter och promenader &#8211; det handlar precis lika mycket om mental stimulans. Att aktivera sin hund g\u00f6r den gladare och mer n\u00f6jd, och samtidigt \u00e4r det roligt att prova p\u00e5 olika aktiviteter tillsammans med sin hund.<\/p>\n<h2><a href=\"https:\/\/bozita.com\/se\/hund\/aktivera-hunden\/forbattra-samspelet-med-din-hund-med-hjalp-av-aktiviteter-och-kurser\/\">Hundkurser och aktiviteter<\/a><\/h2>\n<p>Vare sig du har t\u00e4nkt dig att t\u00e4vla\/delta i prov med din hund eller inte \u00e4r hundkurser och utbildningar ett bra s\u00e4tt att arbeta fram ett harmoniskt samspel mellan dig och din hund och hitta aktiviteter som \u00e4r b\u00e5de fysiskt och mentalt stimulerande. Kanske vill du prova p\u00e5 agility eller rallylydnad med din hund, eller s\u00e5 fokuserar du p\u00e5 koppeltr\u00e4ning och allm\u00e4nlydnad. H\u00e4r f\u00f6ljer n\u00e5gra aktivitetsid\u00e9er och information om var du kan hitta l\u00e4mpliga hundkurser.<\/p>\n<h2><a href=\"https:\/\/bozita.com\/se\/hund\/aktivera-hunden\/ta-med-hunden-pa-baten\/\">Hund p\u00e5 b\u00e5t \u2013\u00a04 s\u00e4kerhetstips<\/a><\/h2>\n<p>Om en sommar ute p\u00e5 b\u00f6ljan den bl\u00e5 \u00e4r vad som v\u00e4ntar och du planerar att ta med din hund ombord p\u00e5 b\u00e5ten g\u00e4ller det att h\u00e5lla tungan r\u00e4tt i mun \u2013 h\u00e4r finns mycket att ha koll p\u00e5 innan ni ger er av!<\/p>\n<h2><a href=\"https:\/\/bozita.com\/se\/hund\/aktivera-hunden\/syns-i-morkret-med-reflexer\/\">Reflexer hund &#8211; en billig livf\u00f6rs\u00e4kring<\/a><\/h2>\n<p>H\u00f6sten f\u00f6r med sig allt m\u00f6rkare hundpromenader. Enligt Agria d\u00f6das eller skadas minst en hund dagligen i trafiken. Detta hade ofta g\u00e5tt att undvika \u2013 bara genom en enkel reflex p\u00e5 hunden.<\/p>\n<h2><a href=\"https:\/\/bozita.com\/se\/hund\/aktivera-hunden\/balanstrana-med-hund\/\">Balanstr\u00e4ning med hund<\/a><\/h2>\n<p>Mellanpudeln Astrid bor hos en av v\u00e5ra produktutvecklare h\u00e4r p\u00e5 Bozita. Som valp fick Astrid diagnosen patellaluxation, ett tillst\u00e5nd d\u00e4r hundens kn\u00e4n hoppar ur led. I Astrids fall var en operation n\u00f6dv\u00e4ndig. Med hj\u00e4lp av koordinations- och balanstr\u00e4ning f\u00f6r hundar \u00e4r Astrid idag en frisk hund som \u00e4lskar skogspromenader.<\/p>\n<h2><a href=\"https:\/\/bozita.com\/se\/hund\/aktivera-hunden\/att-tanka-pa-nar-du-vandrar-med-hunden\/\">Vandra med hund<\/a><\/h2>\n<p>Det finns m\u00e5nga olika s\u00e4tt att vara aktiv med sin hund och ett s\u00e4tt som har blivit v\u00e4ldigt popul\u00e4rt den senaste tiden \u00e4r att vandra med sin hund. Det finns m\u00e5nga leder runt om i Sverige och man beh\u00f6ver inte \u00e5ka s\u00e5 l\u00e5ngt f\u00f6r att hitta trevliga turer. Men det finns n\u00e5gra saker att t\u00e4nka p\u00e5 innan ni ger er iv\u00e4g.<\/p>\n<h2><a href=\"https:\/\/bozita.com\/se\/hund\/aktivera-hunden\/att-tanka-pa-nar-du-tar-med-hunden-pa-fjallsemester\/\">Semester med hund i fj\u00e4llen<\/a><\/h2>\n<p>\u00c4r du en av dem som njuter av sn\u00f6 och vinter och g\u00e4rna packar bilen full med varma kl\u00e4der och pj\u00e4xor f\u00f6r att \u00e5ka till fj\u00e4llen? Kanske planerar du f\u00f6r en semester tillsammans med din hund men funderar p\u00e5 hur det \u00e4r att ha med sin hund i fj\u00e4llen. En fj\u00e4llsemester tillsammans med din hund bjuder in till m\u00e5nga h\u00e4rliga upplevelser. Men det finns ett par saker att ha koll p\u00e5 innan ni beger er mot kallare breddgrader.<\/p>\n\t\t\t<\/div>\n\t\t<\/div>\n\t<\/div>\n\n\n<section class=\"block product-promos\">\n\t<div class=\"container\">\n\t\t<div class=\"row align-items-center\">\n\t\t\t<div class=\"col-md-5\">\n\t\t\t\t<div class=\"prdt__promos-heading\">\n\t\t\t\t\t<h3>\n\t\t\t\t\t\tV\u00e5tfoder ger extra energi och v\u00e4tska\t\t\t\t\t<\/h3>\n\t\t\t\t\t\t\t\t\t<\/div>\n\t\t\t<\/div>\n\t\t\t<div class=\"col-md-7\">\n\t\t\t\t\t\t\t\t\t<div class=\"owl-carousel owl-theme product-promo-carousel\">\n\t\t\t\t\t\t\t\t\t\t\t\t\t<a href=\"https:\/\/bozita.com\/se\/hundfoder\/bozita-pate-med-ren\/\">\n\t\t\t\t\t\t\t\t<div class=\"blk__prdt-item\">\n\t\t\t\t\t\t\t\t\t<figure>\n\t\t\t\t\t\t\t\t\t\t<img loading=\"lazy\" decoding=\"async\" width=\"400\" height=\"400\" src=\"https:\/\/bozita.com\/se\/wp-content\/uploads\/sites\/5\/2021\/06\/4044-bozita-reindeer-can-625-g.png\" class=\"attachment-post-thumbnail size-post-thumbnail wp-post-image\" alt=\"ACTIVE &amp; STERILISERAD MED LAMM\" srcset=\"https:\/\/bozita.com\/se\/wp-content\/uploads\/sites\/5\/2021\/06\/4044-bozita-reindeer-can-625-g.png 400w, https:\/\/bozita.com\/se\/wp-content\/uploads\/sites\/5\/2021\/06\/4044-bozita-reindeer-can-625-g-300x300.png 300w, https:\/\/bozita.com\/se\/wp-content\/uploads\/sites\/5\/2021\/06\/4044-bozita-reindeer-can-625-g-150x150.png 150w\" sizes=\"(max-width: 400px) 100vw, 400px\" \/>\t\t\t\t\t\t\t\t\t\t\t\t\t\t\t\t\t\t\t<\/figure>\n\t\t\t\t\t\t\t\t\t<h4 class=\"carousel-title\"><\/h4>\n\t\t\t\t\t\t\t\t\t<span class=\"carousel-category\">PAT\u00c9 MED REN<\/span>\n\t\t\t\t\t\t\t\t\t  \n\t\t\t\t\t\t\t\t\t<ul class=\"category-list\">\n\t\t\t\t\t\t\t\t\t\t\t\t\t\t\t\t\t\t\t\t\t\t\t<li class=\"svg-image\">\n\t\t\t\t\t\t\t\t\t\t\t\t\t\t<img decoding=\"async\" src=\"https:\/\/bozita.com\/se\/wp-content\/uploads\/sites\/5\/2021\/06\/icon-grain-free.svg\" \/>\n\t\t\t\t\t\t\t\t\t\t\t\t\t<\/li>\n\t\t\t\t\t\t\t\t\t\t\t\t\t\t\t\t\t\t\t\t\t\t\t\t\t\t\t\t\t\t\t\t\t\t\t\t<li class=\"svg-image\">\n\t\t\t\t\t\t\t\t\t\t\t\t\t\t<img decoding=\"async\" src=\"https:\/\/bozita.com\/se\/wp-content\/uploads\/sites\/5\/2021\/06\/icon-flavour-reindeer.svg\" \/>\n\t\t\t\t\t\t\t\t\t\t\t\t\t<\/li>\n\t\t\t\t\t\t\t\t\t\t\t\t\t\t\t\t\t\t\t\t\t\t<\/ul>       \n\n\t\t\t\t\t\t\t\t<\/div>\n\t\t\t\t\t\t\t<\/a>\n\t\t\t\t\t\t\t\t\t\t\t\t\t\t\t\t\t\t\t\t<a href=\"https:\/\/bozita.com\/se\/hundfoder\/bozita-pate-med-lamm\/\">\n\t\t\t\t\t\t\t\t<div class=\"blk__prdt-item\">\n\t\t\t\t\t\t\t\t\t<figure>\n\t\t\t\t\t\t\t\t\t\t<img loading=\"lazy\" decoding=\"async\" width=\"400\" height=\"400\" src=\"https:\/\/bozita.com\/se\/wp-content\/uploads\/sites\/5\/2021\/06\/4057-bozita-lamb-can-625-g.png\" class=\"attachment-post-thumbnail size-post-thumbnail wp-post-image\" alt=\"ACTIVE &amp; STERILISERAD MED LAMM\" srcset=\"https:\/\/bozita.com\/se\/wp-content\/uploads\/sites\/5\/2021\/06\/4057-bozita-lamb-can-625-g.png 400w, https:\/\/bozita.com\/se\/wp-content\/uploads\/sites\/5\/2021\/06\/4057-bozita-lamb-can-625-g-300x300.png 300w, https:\/\/bozita.com\/se\/wp-content\/uploads\/sites\/5\/2021\/06\/4057-bozita-lamb-can-625-g-150x150.png 150w\" sizes=\"(max-width: 400px) 100vw, 400px\" \/>\t\t\t\t\t\t\t\t\t\t\t\t\t\t\t\t\t\t\t<\/figure>\n\t\t\t\t\t\t\t\t\t<h4 class=\"carousel-title\"><\/h4>\n\t\t\t\t\t\t\t\t\t<span class=\"carousel-category\">PAT\u00c9 MED LAMM<\/span>\n\t\t\t\t\t\t\t\t\t  \n\t\t\t\t\t\t\t\t\t<ul class=\"category-list\">\n\t\t\t\t\t\t\t\t\t\t\t\t\t\t\t\t\t\t\t\t\t\t\t<li class=\"svg-image\">\n\t\t\t\t\t\t\t\t\t\t\t\t\t\t<img decoding=\"async\" src=\"https:\/\/bozita.com\/se\/wp-content\/uploads\/sites\/5\/2021\/06\/icon-grain-free.svg\" \/>\n\t\t\t\t\t\t\t\t\t\t\t\t\t<\/li>\n\t\t\t\t\t\t\t\t\t\t\t\t\t\t\t\t\t\t\t\t\t\t\t\t\t\t\t\t\t\t\t\t\t\t\t\t<li class=\"svg-image\">\n\t\t\t\t\t\t\t\t\t\t\t\t\t\t<img decoding=\"async\" src=\"https:\/\/bozita.com\/se\/wp-content\/uploads\/sites\/5\/2021\/06\/icon-flavour-lamb.svg\" \/>\n\t\t\t\t\t\t\t\t\t\t\t\t\t<\/li>\n\t\t\t\t\t\t\t\t\t\t\t\t\t\t\t\t\t\t\t\t\t\t<\/ul>       \n\n\t\t\t\t\t\t\t\t<\/div>\n\t\t\t\t\t\t\t<\/a>\n\t\t\t\t\t\t\t\t\t\t\t\t\t\t\t\t\t\t\t\t\t\t\t\t\t\t\t<a href=\"https:\/\/bozita.com\/se\/hundfoder\/bozita-bitar-i-gele-med-lax-2\/\">\n\t\t\t\t\t\t\t\t<div class=\"blk__prdt-item\">\n\t\t\t\t\t\t\t\t\t<figure>\n\t\t\t\t\t\t\t\t\t\t<img loading=\"lazy\" decoding=\"async\" width=\"800\" height=\"800\" src=\"https:\/\/bozita.com\/se\/wp-content\/uploads\/sites\/5\/2021\/06\/Bozita_Salmon_370g_Tetra_Collabra.jpg\" class=\"attachment-post-thumbnail size-post-thumbnail wp-post-image\" alt=\"Bitar i gel\u00e9 med lax\" srcset=\"https:\/\/bozita.com\/se\/wp-content\/uploads\/sites\/5\/2021\/06\/Bozita_Salmon_370g_Tetra_Collabra.jpg 800w, https:\/\/bozita.com\/se\/wp-content\/uploads\/sites\/5\/2021\/06\/Bozita_Salmon_370g_Tetra_Collabra-300x300.jpg 300w, https:\/\/bozita.com\/se\/wp-content\/uploads\/sites\/5\/2021\/06\/Bozita_Salmon_370g_Tetra_Collabra-150x150.jpg 150w, https:\/\/bozita.com\/se\/wp-content\/uploads\/sites\/5\/2021\/06\/Bozita_Salmon_370g_Tetra_Collabra-768x768.jpg 768w\" sizes=\"(max-width: 800px) 100vw, 800px\" \/>\t\t\t\t\t\t\t\t\t\t\t\t\t\t\t\t\t\t\t<\/figure>\n\t\t\t\t\t\t\t\t\t<h4 class=\"carousel-title\"><\/h4>\n\t\t\t\t\t\t\t\t\t<span class=\"carousel-category\">Bitar i gel\u00e9 med lax<\/span>\n\t\t\t\t\t\t\t\t\t  \n\t\t\t\t\t\t\t\t\t<ul class=\"category-list\">\n\t\t\t\t\t\t\t\t\t\t\t\t\t\t\t\t\t\t\t\t\t\t\t<li class=\"svg-image\">\n\t\t\t\t\t\t\t\t\t\t\t\t\t\t<img decoding=\"async\" src=\"https:\/\/bozita.com\/se\/wp-content\/uploads\/sites\/5\/2021\/06\/icon-grain-free.svg\" \/>\n\t\t\t\t\t\t\t\t\t\t\t\t\t<\/li>\n\t\t\t\t\t\t\t\t\t\t\t\t\t\t\t\t\t\t\t\t\t\t\t\t\t\t\t\t\t\t\t\t\t\t\t\t<li class=\"svg-image\">\n\t\t\t\t\t\t\t\t\t\t\t\t\t\t<img decoding=\"async\" src=\"https:\/\/bozita.com\/se\/wp-content\/uploads\/sites\/5\/2021\/06\/icon-flavour-salmon.svg\" \/>\n\t\t\t\t\t\t\t\t\t\t\t\t\t<\/li>\n\t\t\t\t\t\t\t\t\t\t\t\t\t\t\t\t\t\t\t\t\t\t<\/ul>       \n\n\t\t\t\t\t\t\t\t<\/div>\n\t\t\t\t\t\t\t<\/a>\n\t\t\t\t\t\t\t\t\t\t\t\t\t\t\t\t\t\t\t\t<a href=\"https:\/\/bozita.com\/se\/hundfoder\/bozita-bitar-i-gele-med-kyckling-och-ris\/\">\n\t\t\t\t\t\t\t\t<div class=\"blk__prdt-item\">\n\t\t\t\t\t\t\t\t\t<figure>\n\t\t\t\t\t\t\t\t\t\t<img loading=\"lazy\" decoding=\"async\" width=\"800\" height=\"800\" src=\"https:\/\/bozita.com\/se\/wp-content\/uploads\/sites\/5\/2021\/06\/Bozita_Chicken-Rice_370g_Tetra_Collabra.jpg\" class=\"attachment-post-thumbnail size-post-thumbnail wp-post-image\" alt=\"BITAR I GEL\u00c9 MED KYCKLING OCH RIS\" srcset=\"https:\/\/bozita.com\/se\/wp-content\/uploads\/sites\/5\/2021\/06\/Bozita_Chicken-Rice_370g_Tetra_Collabra.jpg 800w, https:\/\/bozita.com\/se\/wp-content\/uploads\/sites\/5\/2021\/06\/Bozita_Chicken-Rice_370g_Tetra_Collabra-300x300.jpg 300w, https:\/\/bozita.com\/se\/wp-content\/uploads\/sites\/5\/2021\/06\/Bozita_Chicken-Rice_370g_Tetra_Collabra-150x150.jpg 150w, https:\/\/bozita.com\/se\/wp-content\/uploads\/sites\/5\/2021\/06\/Bozita_Chicken-Rice_370g_Tetra_Collabra-768x768.jpg 768w\" sizes=\"(max-width: 800px) 100vw, 800px\" \/>\t\t\t\t\t\t\t\t\t\t\t\t\t\t\t\t\t\t\t<\/figure>\n\t\t\t\t\t\t\t\t\t<h4 class=\"carousel-title\"><\/h4>\n\t\t\t\t\t\t\t\t\t<span class=\"carousel-category\">BITAR I GEL\u00c9 MED KYCKLING OCH RIS<\/span>\n\t\t\t\t\t\t\t\t\t  \n\t\t\t\t\t\t\t\t\t<ul class=\"category-list\">\n\t\t\t\t\t\t\t\t\t\t\t\t\t\t\t\t\t\t\t\t\t\t\t<li class=\"svg-image\">\n\t\t\t\t\t\t\t\t\t\t\t\t\t\t<img decoding=\"async\" src=\"https:\/\/bozita.com\/se\/wp-content\/uploads\/sites\/5\/2021\/06\/icon-wheat-free.svg\" \/>\n\t\t\t\t\t\t\t\t\t\t\t\t\t<\/li>\n\t\t\t\t\t\t\t\t\t\t\t\t\t\t\t\t\t\t\t\t\t\t\t\t\t\t\t\t\t\t\t\t\t\t\t\t<li class=\"svg-image\">\n\t\t\t\t\t\t\t\t\t\t\t\t\t\t<img decoding=\"async\" src=\"https:\/\/bozita.com\/se\/wp-content\/uploads\/sites\/5\/2021\/06\/icon-flavour-chicken.svg\" \/>\n\t\t\t\t\t\t\t\t\t\t\t\t\t<\/li>\n\t\t\t\t\t\t\t\t\t\t\t\t\t\t\t\t\t\t\t\t\t\t<\/ul>       \n\n\t\t\t\t\t\t\t\t<\/div>\n\t\t\t\t\t\t\t<\/a>\n\t\t\t\t\t\t\t\t\t\t\t\t\t\t\t\t\t\t<\/div>\n\t\t\t\t\t\t\t<\/div>\n\t\t<\/div>\n\t<\/div>\n<\/section>\n<script>\njQuery(document).ready(function($) {\n\tjQuery('.product-promo-carousel').owlCarousel({\n\tloop: true,\n\tmargin: 10,\n\tresponsiveClass: true,\n\tresponsive: {\n\t\t0: {\n\t\titems: 1,\n\t\tnav: true\n\t\t},\n\t\t600: {\n\t\titems: 1,\n\t\tnav: true\n\t\t},\n\t\t1000: {\n\t\titems: 2,\n\t\tnav: true,\n\t\t}\n\t}\n\t})\n\tjQuery(\".owl-prev\").html('<span><<\/span>');\n\tjQuery(\".owl-next\").html('<span>><\/span>');\n\n\tvar slider = jQuery('.promo-slider-list');\n\tslider.owlCarousel();\n\tjQuery('.nextbtn-a').click(function() {\n\tslider.trigger('next.owl.carousel');\n\t})\n\t\/\/ Go to the previous item\n\tjQuery('.prebtn-a').click(function() {\n\tslider.trigger('prev.owl.carousel', [300]);\n\t})\n});\n<\/script>\n\n\n\n\t<section class=\"block explore-other-topics\">\n\t<div class=\"container\">\n\t\t<h2>Utforska andra kategorier<\/h2>\n\t\t<div class=\"row\">\n\t\t\t\t\t\t\t\t<div class=\"col-md-6 col-lg-3\">\n\t\t\t\t\t\t\t\t\t\t\t\t\t<h6>Hundens h\u00e4lsa<\/h6>\n\t\t\t\t\t\t\t\t\t\t\t\t\t<div class=\"card \">\n\t\t\t\t\t\t\t<img loading=\"lazy\" decoding=\"async\" width=\"2560\" height=\"1707\" src=\"https:\/\/bozita.com\/se\/wp-content\/uploads\/sites\/5\/2025\/10\/doggyinomhus-scaled.jpg\" class=\"attachment-post-thumbnail size-post-thumbnail wp-post-image\" alt=\"Hundens h\u00e4lsa\" srcset=\"https:\/\/bozita.com\/se\/wp-content\/uploads\/sites\/5\/2025\/10\/doggyinomhus-scaled.jpg 2560w, https:\/\/bozita.com\/se\/wp-content\/uploads\/sites\/5\/2025\/10\/doggyinomhus-300x200.jpg 300w, https:\/\/bozita.com\/se\/wp-content\/uploads\/sites\/5\/2025\/10\/doggyinomhus-1024x683.jpg 1024w, https:\/\/bozita.com\/se\/wp-content\/uploads\/sites\/5\/2025\/10\/doggyinomhus-768x512.jpg 768w, https:\/\/bozita.com\/se\/wp-content\/uploads\/sites\/5\/2025\/10\/doggyinomhus-1536x1024.jpg 1536w, https:\/\/bozita.com\/se\/wp-content\/uploads\/sites\/5\/2025\/10\/doggyinomhus-2048x1365.jpg 2048w\" sizes=\"(max-width: 2560px) 100vw, 2560px\" \/>\n\t\t\t\t\t\t\t\t\t\t\t\t\t\t<div class=\"card-body\">\n\t\t\t\t\t\t\t\t\n\t\t\t\t\t\t\t\t\t\t\t\t\t\t\t\t\t<ul>\n\t\t\t\t\t\t\t\t\t\t\t\t\t\t\t\t\t\t\t\t\t<li><a href=\"https:\/\/bozita.com\/se\/hund\/hundens-halsa\/algblomning\/\">Algblomning hund &#8211; det h\u00e4r beh\u00f6ver du veta<\/a><\/li>\n\t\t\t\t\t\t\t\t\t\t\t\t\t\t\t\t\t\t\t\t\t\t<li><a href=\"https:\/\/bozita.com\/se\/hund\/hundens-halsa\/nar-tappar-valpar-tander\/\">N\u00e4r tappar valpar t\u00e4nder?<\/a><\/li>\n\t\t\t\t\t\t\t\t\t\t\t\t\t\t\t\t\t\t\t\t\t\t<li><a href=\"https:\/\/bozita.com\/se\/hund\/hundens-halsa\/valpning\/\">Valpning<\/a><\/li>\n\t\t\t\t\t\t\t\t\t\t\t\t\t\t\t\t\t\t\t\t<\/ul>\n\t\t\t\t\t\t\t\t\t\t\t\t\t\t\t\t<a target=\"\" href=\"https:\/\/bozita.com\/se\/hund\/hundens-halsa\/\" class=\"btn btn-primary\">Se alla artiklar<\/a>\n\t\t\t\t\t\t\t<\/div>\n\t\t\t\t\t\t<\/div>\n\t\t\t\t\t<\/div>\n\t\t\t\t\t\t\t\t\t\t<div class=\"col-md-6 col-lg-3\">\n\t\t\t\t\t\t\t\t\t\t\t\t\t<h6>Nutrition och kost<\/h6>\n\t\t\t\t\t\t\t\t\t\t\t\t\t<div class=\"card \">\n\t\t\t\t\t\t\t<img loading=\"lazy\" decoding=\"async\" width=\"800\" height=\"537\" src=\"https:\/\/bozita.com\/se\/wp-content\/uploads\/sites\/5\/2021\/06\/bozita-nutrition-kost.jpg\" class=\"attachment-post-thumbnail size-post-thumbnail wp-post-image\" alt=\"Springande f\u00e5gelhund\" srcset=\"https:\/\/bozita.com\/se\/wp-content\/uploads\/sites\/5\/2021\/06\/bozita-nutrition-kost.jpg 800w, https:\/\/bozita.com\/se\/wp-content\/uploads\/sites\/5\/2021\/06\/bozita-nutrition-kost-300x201.jpg 300w, https:\/\/bozita.com\/se\/wp-content\/uploads\/sites\/5\/2021\/06\/bozita-nutrition-kost-768x516.jpg 768w\" sizes=\"(max-width: 800px) 100vw, 800px\" \/>\n\t\t\t\t\t\t\t\t\t\t\t\t\t\t<div class=\"card-body\">\n\t\t\t\t\t\t\t\t\n\t\t\t\t\t\t\t\t\t\t\t\t\t\t\t\t\t<ul>\n\t\t\t\t\t\t\t\t\t\t\t\t\t\t\t\t\t\t\t\t\t<li><a href=\"https:\/\/bozita.com\/se\/hundfoder\/nutrition-och-kost\/byta-fran-valpfoder-till-vuxenfoder\/\">Byta fr\u00e5n valpfoder till vuxenfoder<\/a><\/li>\n\t\t\t\t\t\t\t\t\t\t\t\t\t\t\t\t\t\t\t\t\t\t<li><a href=\"https:\/\/bozita.com\/se\/hundfoder\/nutrition-och-kost\/draktiga-och-digivande-tikar\/\">Foder till dr\u00e4ktiga och digivande tikar<\/a><\/li>\n\t\t\t\t\t\t\t\t\t\t\t\t\t\t\t\t\t\t\t\t\t\t<li><a href=\"https:\/\/bozita.com\/se\/hundfoder\/nutrition-och-kost\/utfodring-av-valp\/\">Hur mycket ska en valp \u00e4ta och vad \u00e4r b\u00e4sta valpfodret?<\/a><\/li>\n\t\t\t\t\t\t\t\t\t\t\t\t\t\t\t\t\t\t\t\t<\/ul>\n\t\t\t\t\t\t\t\t\t\t\t\t\t\t\t\t<a target=\"\" href=\"https:\/\/bozita.com\/se\/hundfoder\/nutrition-och-kost\/\" class=\"btn btn-primary\">Se alla artiklar<\/a>\n\t\t\t\t\t\t\t<\/div>\n\t\t\t\t\t\t<\/div>\n\t\t\t\t\t<\/div>\n\t\t\t\t\t\t\t\t\t\t<div class=\"col-md-6 col-lg-3\">\n\t\t\t\t\t\t\t\t\t\t\t\t\t<h6>Hundens utveckling<\/h6>\n\t\t\t\t\t\t\t\t\t\t\t\t\t<div class=\"card \">\n\t\t\t\t\t\t\t<img loading=\"lazy\" decoding=\"async\" width=\"800\" height=\"536\" src=\"https:\/\/bozita.com\/se\/wp-content\/uploads\/sites\/5\/2021\/06\/bozita-hundens-utveckling.jpg\" class=\"attachment-post-thumbnail size-post-thumbnail wp-post-image\" alt=\"Livet med hund\" srcset=\"https:\/\/bozita.com\/se\/wp-content\/uploads\/sites\/5\/2021\/06\/bozita-hundens-utveckling.jpg 800w, https:\/\/bozita.com\/se\/wp-content\/uploads\/sites\/5\/2021\/06\/bozita-hundens-utveckling-300x201.jpg 300w, https:\/\/bozita.com\/se\/wp-content\/uploads\/sites\/5\/2021\/06\/bozita-hundens-utveckling-768x515.jpg 768w\" sizes=\"(max-width: 800px) 100vw, 800px\" \/>\n\t\t\t\t\t\t\t\t\t\t\t\t\t\t<div class=\"card-body\">\n\t\t\t\t\t\t\t\t\n\t\t\t\t\t\t\t\t\t\t\t\t\t\t\t\t\t<ul>\n\t\t\t\t\t\t\t\t\t\t\t\t\t\t\t\t\t\t\t\t\t<li><a href=\"https:\/\/bozita.com\/se\/hund\/hundens-utveckling\/valpens-utveckling-fran-valp-till-vuxen-hund\/\">Valpens utveckling &#8211; fr\u00e5n valp till vuxen hund<\/a><\/li>\n\t\t\t\t\t\t\t\t\t\t\t\t\t\t\t\t\t\t\t\t\t\t<li><a href=\"https:\/\/bozita.com\/se\/hund\/hundens-utveckling\/miljotrana-hund\/\">Socialisera valpen &#8211; milj\u00f6tr\u00e4na din hund<\/a><\/li>\n\t\t\t\t\t\t\t\t\t\t\t\t\t\t\t\t\t\t\t\t\t\t<li><a href=\"https:\/\/bozita.com\/se\/hund\/hundens-utveckling\/lara-hund-vara-ensam\/\">Ensamhetstr\u00e4ning valp &#8211; l\u00e4ra hunden vara ensam<\/a><\/li>\n\t\t\t\t\t\t\t\t\t\t\t\t\t\t\t\t\t\t\t\t<\/ul>\n\t\t\t\t\t\t\t\t\t\t\t\t\t\t\t\t<a target=\"\" href=\"https:\/\/bozita.com\/se\/hund\/hundens-utveckling\/\" class=\"btn btn-primary\">Se alla artiklar<\/a>\n\t\t\t\t\t\t\t<\/div>\n\t\t\t\t\t\t<\/div>\n\t\t\t\t\t<\/div>\n\t\t\t\t\t\t\t\t\t\t<div class=\"col-md-6 col-lg-3\">\n\t\t\t\t\t\t\t\t\t\t\t\t\t<h6>K\u00f6pa hund<\/h6>\n\t\t\t\t\t\t\t\t\t\t\t\t\t<div class=\"card \">\n\t\t\t\t\t\t\t<img loading=\"lazy\" decoding=\"async\" width=\"800\" height=\"532\" src=\"https:\/\/bozita.com\/se\/wp-content\/uploads\/sites\/5\/2021\/06\/bozita-kopa-hund.jpg\" class=\"attachment-post-thumbnail size-post-thumbnail wp-post-image\" alt=\"Livet med hund\" srcset=\"https:\/\/bozita.com\/se\/wp-content\/uploads\/sites\/5\/2021\/06\/bozita-kopa-hund.jpg 800w, https:\/\/bozita.com\/se\/wp-content\/uploads\/sites\/5\/2021\/06\/bozita-kopa-hund-300x200.jpg 300w, https:\/\/bozita.com\/se\/wp-content\/uploads\/sites\/5\/2021\/06\/bozita-kopa-hund-768x511.jpg 768w\" sizes=\"(max-width: 800px) 100vw, 800px\" \/>\n\t\t\t\t\t\t\t\t\t\t\t\t\t\t<div class=\"card-body\">\n\t\t\t\t\t\t\t\t\n\t\t\t\t\t\t\t\t\t\t\t\t\t\t\t\t\t<ul>\n\t\t\t\t\t\t\t\t\t\t\t\t\t\t\t\t\t\t\t\t\t<li><a href=\"https:\/\/bozita.com\/se\/hund\/kopa-hund\/valj-hundras\/\">Olika hundraser &#8211; vilken hundras ska jag v\u00e4lja?<\/a><\/li>\n\t\t\t\t\t\t\t\t\t\t\t\t\t\t\t\t\t\t\t\t<\/ul>\n\t\t\t\t\t\t\t\t\t\t\t\t\t\t\t\t<a target=\"\" href=\"https:\/\/bozita.com\/se\/hund\/kopa-hund\/\" class=\"btn btn-primary\">Se alla artiklar<\/a>\n\t\t\t\t\t\t\t<\/div>\n\t\t\t\t\t\t<\/div>\n\t\t\t\t\t<\/div>\n\t\t\t\t\t\t\t<\/div>\n\t<\/div>\n<\/section>\n","protected":false},"excerpt":{"rendered":"","protected":false},"author":4,"featured_media":1106,"parent":53,"menu_order":0,"comment_status":"closed","ping_status":"closed","template":"guternberg.php","meta":{"footnotes":""},"acf":[],"yoast_head":"<!-- This site is optimized with the Yoast SEO plugin v21.3 - https:\/\/yoast.com\/wordpress\/plugins\/seo\/ -->\n<title>Aktivera hunden inomhus och utomhus, tips och r\u00e5d | Bozita<\/title>\n<meta name=\"description\" content=\"H\u00e4r f\u00e5r du tips om hur du kan aktivera hunden och samtidigt st\u00e4rka banden mellan er. En hund beh\u00f6ver aktivering av b\u00e5de kropp och huvud f\u00f6r att m\u00e5 bra.\" \/>\n<meta name=\"robots\" content=\"index, follow, max-snippet:-1, max-image-preview:large, max-video-preview:-1\" \/>\n<link rel=\"canonical\" href=\"https:\/\/bozita.com\/se\/hund\/aktivera-hunden\/\" \/>\n<meta property=\"og:locale\" content=\"sv_SE\" \/>\n<meta property=\"og:type\" content=\"article\" \/>\n<meta property=\"og:title\" content=\"Aktivera hunden inomhus och utomhus, tips och r\u00e5d | Bozita\" \/>\n<meta property=\"og:description\" content=\"H\u00e4r f\u00e5r du tips om hur du kan aktivera hunden och samtidigt st\u00e4rka banden mellan er. En hund beh\u00f6ver aktivering av b\u00e5de kropp och huvud f\u00f6r att m\u00e5 bra.\" \/>\n<meta property=\"og:url\" content=\"https:\/\/bozita.com\/se\/hund\/aktivera-hunden\/\" \/>\n<meta property=\"og:site_name\" content=\"Bozita Sverige\" \/>\n<meta property=\"article:modified_time\" content=\"2022-06-20T09:36:12+00:00\" \/>\n<meta property=\"og:image\" content=\"https:\/\/bozita.com\/se\/wp-content\/uploads\/sites\/5\/2021\/06\/bozita-aktivera-hund.jpg\" \/>\n\t<meta property=\"og:image:width\" content=\"800\" \/>\n\t<meta property=\"og:image:height\" content=\"531\" \/>\n\t<meta property=\"og:image:type\" content=\"image\/jpeg\" \/>\n<meta name=\"twitter:card\" content=\"summary_large_image\" \/>\n<!-- \/ Yoast SEO plugin. -->","yoast_head_json":{"title":"Aktivera hunden inomhus och utomhus, tips och r\u00e5d | Bozita","description":"H\u00e4r f\u00e5r du tips om hur du kan aktivera hunden och samtidigt st\u00e4rka banden mellan er. En hund beh\u00f6ver aktivering av b\u00e5de kropp och huvud f\u00f6r att m\u00e5 bra.","robots":{"index":"index","follow":"follow","max-snippet":"max-snippet:-1","max-image-preview":"max-image-preview:large","max-video-preview":"max-video-preview:-1"},"canonical":"https:\/\/bozita.com\/se\/hund\/aktivera-hunden\/","og_locale":"sv_SE","og_type":"article","og_title":"Aktivera hunden inomhus och utomhus, tips och r\u00e5d | Bozita","og_description":"H\u00e4r f\u00e5r du tips om hur du kan aktivera hunden och samtidigt st\u00e4rka banden mellan er. En hund beh\u00f6ver aktivering av b\u00e5de kropp och huvud f\u00f6r att m\u00e5 bra.","og_url":"https:\/\/bozita.com\/se\/hund\/aktivera-hunden\/","og_site_name":"Bozita Sverige","article_modified_time":"2022-06-20T09:36:12+00:00","og_image":[{"width":800,"height":531,"url":"https:\/\/bozita.com\/se\/wp-content\/uploads\/sites\/5\/2021\/06\/bozita-aktivera-hund.jpg","type":"image\/jpeg"}],"twitter_card":"summary_large_image","schema":{"@context":"https:\/\/schema.org","@graph":[{"@type":"WebPage","@id":"https:\/\/bozita.com\/se\/hund\/aktivera-hunden\/","url":"https:\/\/bozita.com\/se\/hund\/aktivera-hunden\/","name":"Aktivera hunden inomhus och utomhus, tips och r\u00e5d | Bozita","isPartOf":{"@id":"https:\/\/bozita.com\/se\/#website"},"datePublished":"2021-05-25T23:40:59+00:00","dateModified":"2022-06-20T09:36:12+00:00","description":"H\u00e4r f\u00e5r du tips om hur du kan aktivera hunden och samtidigt st\u00e4rka banden mellan er. En hund beh\u00f6ver aktivering av b\u00e5de kropp och huvud f\u00f6r att m\u00e5 bra.","breadcrumb":{"@id":"https:\/\/bozita.com\/se\/hund\/aktivera-hunden\/#breadcrumb"},"inLanguage":"sv-SE","potentialAction":[{"@type":"ReadAction","target":["https:\/\/bozita.com\/se\/hund\/aktivera-hunden\/"]}]},{"@type":"BreadcrumbList","@id":"https:\/\/bozita.com\/se\/hund\/aktivera-hunden\/#breadcrumb","itemListElement":[{"@type":"ListItem","position":1,"name":"Home","item":"https:\/\/bozita.com\/se\/"},{"@type":"ListItem","position":2,"name":"Livet med hund","item":"https:\/\/bozita.com\/se\/hund\/"},{"@type":"ListItem","position":3,"name":"Aktivera din hund"}]},{"@type":"WebSite","@id":"https:\/\/bozita.com\/se\/#website","url":"https:\/\/bozita.com\/se\/","name":"Bozita Sverige","description":"","potentialAction":[{"@type":"SearchAction","target":{"@type":"EntryPoint","urlTemplate":"https:\/\/bozita.com\/se\/?s={search_term_string}"},"query-input":"required name=search_term_string"}],"inLanguage":"sv-SE"}]}},"_links":{"self":[{"href":"https:\/\/bozita.com\/se\/wp-json\/wp\/v2\/pages\/61"}],"collection":[{"href":"https:\/\/bozita.com\/se\/wp-json\/wp\/v2\/pages"}],"about":[{"href":"https:\/\/bozita.com\/se\/wp-json\/wp\/v2\/types\/page"}],"author":[{"embeddable":true,"href":"https:\/\/bozita.com\/se\/wp-json\/wp\/v2\/users\/4"}],"replies":[{"embeddable":true,"href":"https:\/\/bozita.com\/se\/wp-json\/wp\/v2\/comments?post=61"}],"version-history":[{"count":58,"href":"https:\/\/bozita.com\/se\/wp-json\/wp\/v2\/pages\/61\/revisions"}],"predecessor-version":[{"id":7749,"href":"https:\/\/bozita.com\/se\/wp-json\/wp\/v2\/pages\/61\/revisions\/7749"}],"up":[{"embeddable":true,"href":"https:\/\/bozita.com\/se\/wp-json\/wp\/v2\/pages\/53"}],"wp:featuredmedia":[{"embeddable":true,"href":"https:\/\/bozita.com\/se\/wp-json\/wp\/v2\/media\/1106"}],"wp:attachment":[{"href":"https:\/\/bozita.com\/se\/wp-json\/wp\/v2\/media?parent=61"}],"curies":[{"name":"wp","href":"https:\/\/api.w.org\/{rel}","templated":true}]}}