{"id":6471,"date":"2021-09-01T09:33:21","date_gmt":"2021-09-01T09:33:21","guid":{"rendered":"https:\/\/bozita.com\/se\/?page_id=6471"},"modified":"2021-09-01T09:37:26","modified_gmt":"2021-09-01T09:37:26","slug":"provabozita","status":"publish","type":"page","link":"https:\/\/bozita.com\/se\/provabozita\/","title":{"rendered":"Provp\u00e5se &#8211; Utv\u00e4rdering &#8211; Katt &#8211; Torrfoder"},"content":{"rendered":"\t\t<section class=\"small-hero\">\n\t\t\t<div class=\"container\">\n\t\t\t\t<h5>Provp\u00e5se<\/h5><h1 class=\"small-hero-title\">Tack f\u00f6r att du provade Bozita<\/h1><p><p>Vi str\u00e4var hela tiden efter att f\u00e5 fler katter att provsmaka v\u00e5rt fantastiska svenskproducerade kattfoder. Skulle du kunna t\u00e4nka dig att hj\u00e4lpa oss att bli \u00e4nnu b\u00e4ttre? Svara d\u00e5 p\u00e5 fr\u00e5gorna i formul\u00e4ret.<\/p>\n<\/p>\t\t\t<\/div>\n\t\t\t<\/div>\n\t\t<\/section>\n\t\n\n\t<div class=\"text-box-warp\">\n\t\t<div class=\"container\">\n\t\t\t<div class=\"text-content\">\n\t\t\t\t<p>Tusen tack f\u00f6r din feedback!<br \/>\nH\u00e4lsningar Bozita<\/p>\n<p><iframe loading=\"lazy\" style=\"width: 100%; min-height: 500px; height: 100%;\" src=\"https:\/\/www.surveymonkey.com\/r\/2NMHR55?embedded=1\" width=\"100%\" height=\"100%\" frameborder=\"0\" data-gtm-yt-inspected-6238778_43=\"true\"><\/iframe><\/p>\n\t\t\t<\/div>\n\t\t<\/div>\n\t<\/div>\n","protected":false},"excerpt":{"rendered":"","protected":false},"author":4,"featured_media":0,"parent":0,"menu_order":0,"comment_status":"closed","ping_status":"closed","template":"guternberg.php","meta":{"footnotes":""},"acf":[],"yoast_head":"<!-- This site is optimized with the Yoast SEO plugin v21.3 - https:\/\/yoast.com\/wordpress\/plugins\/seo\/ -->\n<title>Provp\u00e5se - Utv\u00e4rdering - Katt - Torrfoder - Bozita Sverige<\/title>\n<meta name=\"robots\" content=\"index, follow, max-snippet:-1, max-image-preview:large, max-video-preview:-1\" \/>\n<link rel=\"canonical\" href=\"https:\/\/bozita.com\/se\/provabozita\/\" \/>\n<meta property=\"og:locale\" content=\"sv_SE\" \/>\n<meta property=\"og:type\" content=\"article\" \/>\n<meta property=\"og:title\" content=\"Provp\u00e5se - Utv\u00e4rdering - Katt - Torrfoder - Bozita Sverige\" \/>\n<meta property=\"og:url\" content=\"https:\/\/bozita.com\/se\/provabozita\/\" \/>\n<meta property=\"og:site_name\" content=\"Bozita Sverige\" \/>\n<meta property=\"article:modified_time\" content=\"2021-09-01T09:37:26+00:00\" \/>\n<meta name=\"twitter:card\" content=\"summary_large_image\" \/>\n<!-- \/ Yoast SEO plugin. -->","yoast_head_json":{"title":"Provp\u00e5se - Utv\u00e4rdering - Katt - Torrfoder - Bozita Sverige","robots":{"index":"index","follow":"follow","max-snippet":"max-snippet:-1","max-image-preview":"max-image-preview:large","max-video-preview":"max-video-preview:-1"},"canonical":"https:\/\/bozita.com\/se\/provabozita\/","og_locale":"sv_SE","og_type":"article","og_title":"Provp\u00e5se - Utv\u00e4rdering - Katt - Torrfoder - Bozita Sverige","og_url":"https:\/\/bozita.com\/se\/provabozita\/","og_site_name":"Bozita Sverige","article_modified_time":"2021-09-01T09:37:26+00:00","twitter_card":"summary_large_image","schema":{"@context":"https:\/\/schema.org","@graph":[{"@type":"WebPage","@id":"https:\/\/bozita.com\/se\/provabozita\/","url":"https:\/\/bozita.com\/se\/provabozita\/","name":"Provp\u00e5se - Utv\u00e4rdering - Katt - Torrfoder - Bozita Sverige","isPartOf":{"@id":"https:\/\/bozita.com\/se\/#website"},"datePublished":"2021-09-01T09:33:21+00:00","dateModified":"2021-09-01T09:37:26+00:00","breadcrumb":{"@id":"https:\/\/bozita.com\/se\/provabozita\/#breadcrumb"},"inLanguage":"sv-SE","potentialAction":[{"@type":"ReadAction","target":["https:\/\/bozita.com\/se\/provabozita\/"]}]},{"@type":"BreadcrumbList","@id":"https:\/\/bozita.com\/se\/provabozita\/#breadcrumb","itemListElement":[{"@type":"ListItem","position":1,"name":"Home","item":"https:\/\/bozita.com\/se\/"},{"@type":"ListItem","position":2,"name":"Provp\u00e5se &#8211; Utv\u00e4rdering &#8211; Katt &#8211; Torrfoder"}]},{"@type":"WebSite","@id":"https:\/\/bozita.com\/se\/#website","url":"https:\/\/bozita.com\/se\/","name":"Bozita Sverige","description":"","potentialAction":[{"@type":"SearchAction","target":{"@type":"EntryPoint","urlTemplate":"https:\/\/bozita.com\/se\/?s={search_term_string}"},"query-input":"required name=search_term_string"}],"inLanguage":"sv-SE"}]}},"_links":{"self":[{"href":"https:\/\/bozita.com\/se\/wp-json\/wp\/v2\/pages\/6471"}],"collection":[{"href":"https:\/\/bozita.com\/se\/wp-json\/wp\/v2\/pages"}],"about":[{"href":"https:\/\/bozita.com\/se\/wp-json\/wp\/v2\/types\/page"}],"author":[{"embeddable":true,"href":"https:\/\/bozita.com\/se\/wp-json\/wp\/v2\/users\/4"}],"replies":[{"embeddable":true,"href":"https:\/\/bozita.com\/se\/wp-json\/wp\/v2\/comments?post=6471"}],"version-history":[{"count":8,"href":"https:\/\/bozita.com\/se\/wp-json\/wp\/v2\/pages\/6471\/revisions"}],"predecessor-version":[{"id":6487,"href":"https:\/\/bozita.com\/se\/wp-json\/wp\/v2\/pages\/6471\/revisions\/6487"}],"wp:attachment":[{"href":"https:\/\/bozita.com\/se\/wp-json\/wp\/v2\/media?parent=6471"}],"curies":[{"name":"wp","href":"https:\/\/api.w.org\/{rel}","templated":true}]}}