{"id":69,"date":"2021-05-25T23:42:55","date_gmt":"2021-05-25T23:42:55","guid":{"rendered":"https:\/\/bozita.com\/se\/?page_id=69"},"modified":"2021-08-26T21:32:20","modified_gmt":"2021-08-26T21:32:20","slug":"nutrition-och-kost","status":"publish","type":"page","link":"https:\/\/bozita.com\/se\/kattfoder\/nutrition-och-kost\/","title":{"rendered":"Nutrition och kost"},"content":{"rendered":"\n\t\t<section class=\"small-hero-with-image\">\n\t\t\t\t\t\t\t<img decoding=\"async\" class=\"background-image\" src=\"https:\/\/bozita.com\/se\/wp-content\/uploads\/sites\/5\/2021\/08\/bozita-nutrition-kost-katt-2.jpg\" alt=\"\">\n\t\t\t\t\t\t\t<div class=\"overlay-v1 \">\n\t\t\t\t<div class=\"container\">\n\t\t\t\t\t<div class=\"row\">\n\t\t\t\t\t\t<div class=\"col-md-6 col-lg-5\">\n\t\t\t\t\t\t\t<h5>Kunskap<\/h5><h1>Nutrition och kost<\/h1>\t\t\t\t\t\t<\/div>\n\t\t\t\t\t<\/div>\n\t\t\t\t<\/div>\n\t\t\t<\/div>\n\t\t<\/section>\n\t\t\n\n\t<div class=\"text-box-warp\">\n\t\t<div class=\"container\">\n\t\t\t<div class=\"text-content\">\n\t\t\t\t<h2><a href=\"https:\/\/bozita.com\/se\/kattfoder\/nutrition-och-kost\/hur-byter-man-foder-till-en-vuxen-katt\/\">Hur byter man foder till sin katt?<\/a><\/h2>\n<p>Av olika anledningar kan det bli aktuellt att byta foder till din katt eller kattunge. Till exempel f\u00f6r att den g\u00e5r in i en ny livsfas eller har blivit kastrerad. Kanske har din katt f\u00e5tt en diagnos som kr\u00e4ver en annan typ av foder? Oavsett anledning \u00e4r det viktigt att foderbytet g\u00f6rs p\u00e5 r\u00e4tt s\u00e4tt. H\u00e4r f\u00e5r du n\u00e5gra tips fr\u00e5n v\u00e5r expert \u00c5sa L\u00f6fstrand, nutritionist och husdjursagronom.<\/p>\n<h2><a href=\"https:\/\/bozita.com\/se\/kattfoder\/nutrition-och-kost\/protein-och-starkelse-ar-viktiga-komponenter-i-en-katts-diet\/\">Vad \u00e4ter katter?<\/a><\/h2>\n<p>Katter \u00e4r strikta k\u00f6tt\u00e4tare och beh\u00f6ver en h\u00f6g andel animaliskt protein och animaliskt fett i sin diet f\u00f6r att m\u00e5 bra. Men det betyder inte att de bara m\u00e5ste \u00e4ta k\u00f6tt. St\u00e4rkelse \u00e4r en bra kompletterande energik\u00e4lla som dessutom ger proteinet utrymme att bygga upp och reparera v\u00e4vnad.<\/p>\n<h2><a href=\"https:\/\/bozita.com\/se\/kattfoder\/nutrition-och-kost\/fordelarna-med-att-ge-katten-vatmat-varje-dag\/\">F\u00f6rdelarna med att ge katten v\u00e5tmat varje dag<\/a><\/h2>\n<p>Vissa katt\u00e4gare kan dra sig fr\u00e5n att ge sin katt v\u00e5tmat eftersom det kan upplevas kladdigt och besv\u00e4rligt att en \u00f6ppnad f\u00f6rpackning m\u00e5ste f\u00f6rvaras kylt. Dock finns det m\u00e5nga f\u00f6rdelar med att utfodra katten med just v\u00e5tmat. Inte minst \u00e4r det v\u00e4ldigt gott!<\/p>\n<h2><a href=\"https:\/\/bozita.com\/se\/kattfoder\/nutrition-och-kost\/vad-ska-man-gora-med-en-katt-som-inte-ater-eller-dricker\/\">Katt som inte \u00e4ter eller dricker?<\/a><\/h2>\n<p>Om du har en kattunge eller vuxen katt som inte \u00e4ter eller dricker tillr\u00e4ckligt beh\u00f6ver du hitta roten till problemet. Det \u00e4r viktigt att skilja p\u00e5 om den d\u00e5liga aptiten beror p\u00e5 att den inte vill \u00e4ta eller p\u00e5 att den helt enkelt inte kan.<\/p>\n<h2><a href=\"https:\/\/bozita.com\/se\/kattfoder\/nutrition-och-kost\/bra-mat-till-kattungar-kattungfoder\/\">Bra mat till kattungar = kattungefoder<\/a><\/h2>\n<p>Vad en katt \u00e4ter har stor betydelse f\u00f6r dess h\u00e4lsa och v\u00e4xande kattungar har ett betydligt st\u00f6rre energibehov \u00e4n vuxna katter. D\u00e4rf\u00f6r \u00e4r det viktigt att du ge din kattunge mat som \u00e4r speciellt framtaget f\u00f6r att t\u00e4cka behoven hos aktiva, v\u00e4xande kattungar. D\u00e5 vet du med s\u00e4kerhet att din kattunge f\u00e5r i sig allt den beh\u00f6ver och i r\u00e4tt m\u00e4ngd.<\/p>\n\t\t\t<\/div>\n\t\t<\/div>\n\t<\/div>\n\n\n\n\t<section class=\"block explore-other-topics\">\n\t<div class=\"container\">\n\t\t<h2>Utforska andra kategorier<\/h2>\n\t\t<div class=\"row\">\n\t\t\t\t\t\t\t\t<div class=\"col-md-6 col-lg-3\">\n\t\t\t\t\t\t\t\t\t\t\t\t\t<h6>H\u00e5ll katten frisk<\/h6>\n\t\t\t\t\t\t\t\t\t\t\t\t\t<div class=\"card \">\n\t\t\t\t\t\t\t<img loading=\"lazy\" decoding=\"async\" width=\"800\" height=\"533\" src=\"https:\/\/bozita.com\/se\/wp-content\/uploads\/sites\/5\/2021\/06\/bozita-katt-halsa.jpg\" class=\"attachment-post-thumbnail size-post-thumbnail wp-post-image\" alt=\"Livet med katt\" srcset=\"https:\/\/bozita.com\/se\/wp-content\/uploads\/sites\/5\/2021\/06\/bozita-katt-halsa.jpg 800w, https:\/\/bozita.com\/se\/wp-content\/uploads\/sites\/5\/2021\/06\/bozita-katt-halsa-300x200.jpg 300w, https:\/\/bozita.com\/se\/wp-content\/uploads\/sites\/5\/2021\/06\/bozita-katt-halsa-768x512.jpg 768w\" sizes=\"(max-width: 800px) 100vw, 800px\" \/>\n\t\t\t\t\t\t\t\t\t\t\t\t\t\t<div class=\"card-body\">\n\t\t\t\t\t\t\t\t\n\t\t\t\t\t\t\t\t\t\t\t\t\t\t\t\t\t<ul>\n\t\t\t\t\t\t\t\t\t\t\t\t\t\t\t\t\t\t\t\t\t<li><a href=\"https:\/\/bozita.com\/se\/katt\/kattens-halsa\/vaccinera-din-katt-for-att-minska-risken-for-vanliga-sjukdomar\/\">Vaccinera din katt<\/a><\/li>\n\t\t\t\t\t\t\t\t\t\t\t\t\t\t\t\t\t\t\t\t\t\t<li><a href=\"https:\/\/bozita.com\/se\/katt\/kattens-halsa\/att-kastrera-katten-har-manga-fordelar\/\">Att kastrera katten har m\u00e5nga f\u00f6rdelar<\/a><\/li>\n\t\t\t\t\t\t\t\t\t\t\t\t\t\t\t\t\t\t\t\t\t\t<li><a href=\"https:\/\/bozita.com\/se\/katt\/kattens-halsa\/haller-din-katt-ratt-vikt-ta-hjalp-av-var-bedomningsguide\/\">Hur mycket ska en katt v\u00e4ga?<\/a><\/li>\n\t\t\t\t\t\t\t\t\t\t\t\t\t\t\t\t\t\t\t\t<\/ul>\n\t\t\t\t\t\t\t\t\t\t\t\t\t\t\t\t<a target=\"\" href=\"https:\/\/bozita.com\/se\/katt\/kattens-halsa\/\" class=\"btn btn-primary\">Se alla artiklar<\/a>\n\t\t\t\t\t\t\t<\/div>\n\t\t\t\t\t\t<\/div>\n\t\t\t\t\t<\/div>\n\t\t\t\t\t\t\t\t\t\t<div class=\"col-md-6 col-lg-3\">\n\t\t\t\t\t\t\t\t\t\t\t\t\t<h6>Aktivera katten<\/h6>\n\t\t\t\t\t\t\t\t\t\t\t\t\t<div class=\"card \">\n\t\t\t\t\t\t\t<img loading=\"lazy\" decoding=\"async\" width=\"1600\" height=\"578\" src=\"https:\/\/bozita.com\/se\/wp-content\/uploads\/sites\/5\/2021\/06\/bozita-aktivera-katt.jpg\" class=\"attachment-post-thumbnail size-post-thumbnail wp-post-image\" alt=\"Aktivera katten\" srcset=\"https:\/\/bozita.com\/se\/wp-content\/uploads\/sites\/5\/2021\/06\/bozita-aktivera-katt.jpg 1600w, https:\/\/bozita.com\/se\/wp-content\/uploads\/sites\/5\/2021\/06\/bozita-aktivera-katt-300x108.jpg 300w, https:\/\/bozita.com\/se\/wp-content\/uploads\/sites\/5\/2021\/06\/bozita-aktivera-katt-1024x370.jpg 1024w, https:\/\/bozita.com\/se\/wp-content\/uploads\/sites\/5\/2021\/06\/bozita-aktivera-katt-768x277.jpg 768w, https:\/\/bozita.com\/se\/wp-content\/uploads\/sites\/5\/2021\/06\/bozita-aktivera-katt-1536x555.jpg 1536w\" sizes=\"(max-width: 1600px) 100vw, 1600px\" \/>\n\t\t\t\t\t\t\t\t\t\t\t\t\t\t<div class=\"card-body\">\n\t\t\t\t\t\t\t\t\n\t\t\t\t\t\t\t\t\t\t\t\t\t\t\t\t\t<ul>\n\t\t\t\t\t\t\t\t\t\t\t\t\t\t\t\t\t\t\t\t\t<li><a href=\"https:\/\/bozita.com\/se\/katt\/aktivera-katten\/aktivera-katten-for-att-den-ska-ma-bra\/\">Aktivera din katt<\/a><\/li>\n\t\t\t\t\t\t\t\t\t\t\t\t\t\t\t\t\t\t\t\t<\/ul>\n\t\t\t\t\t\t\t\t\t\t\t\t\t\t\t\t<a target=\"\" href=\"https:\/\/bozita.com\/se\/katt\/aktivera-katten\/\" class=\"btn btn-primary\">Se alla artiklar<\/a>\n\t\t\t\t\t\t\t<\/div>\n\t\t\t\t\t\t<\/div>\n\t\t\t\t\t<\/div>\n\t\t\t\t\t\t\t\t\t\t<div class=\"col-md-6 col-lg-3\">\n\t\t\t\t\t\t\t\t\t\t\t\t\t<h6>Kattens utveckling<\/h6>\n\t\t\t\t\t\t\t\t\t\t\t\t\t<div class=\"card \">\n\t\t\t\t\t\t\t<img loading=\"lazy\" decoding=\"async\" width=\"800\" height=\"533\" src=\"https:\/\/bozita.com\/se\/wp-content\/uploads\/sites\/5\/2021\/06\/bozita-katt-utveckling.jpg\" class=\"attachment-post-thumbnail size-post-thumbnail wp-post-image\" alt=\"Livet med katt\" srcset=\"https:\/\/bozita.com\/se\/wp-content\/uploads\/sites\/5\/2021\/06\/bozita-katt-utveckling.jpg 800w, https:\/\/bozita.com\/se\/wp-content\/uploads\/sites\/5\/2021\/06\/bozita-katt-utveckling-300x200.jpg 300w, https:\/\/bozita.com\/se\/wp-content\/uploads\/sites\/5\/2021\/06\/bozita-katt-utveckling-768x512.jpg 768w\" sizes=\"(max-width: 800px) 100vw, 800px\" \/>\n\t\t\t\t\t\t\t\t\t\t\t\t\t\t<div class=\"card-body\">\n\t\t\t\t\t\t\t\t\n\t\t\t\t\t\t\t\t\t\t\t\t\t\t\t\t\t<ul>\n\t\t\t\t\t\t\t\t\t\t\t\t\t\t\t\t\t\t\t\t\t<li><a href=\"https:\/\/bozita.com\/se\/katt\/kattens-utveckling\/kan-man-trana-sin-katt-eller-kattunge\/\">Kan man tr\u00e4na sin katt eller kattunge?<\/a><\/li>\n\t\t\t\t\t\t\t\t\t\t\t\t\t\t\t\t\t\t\t\t\t\t<li><a href=\"https:\/\/bozita.com\/se\/katt\/kattens-utveckling\/hur-ska-jag-bast-resa-med-min-katt\/\">Hur ska jag b\u00e4st resa med min katt?<\/a><\/li>\n\t\t\t\t\t\t\t\t\t\t\t\t\t\t\t\t\t\t\t\t\t\t<li><a href=\"https:\/\/bozita.com\/se\/katt\/kattens-utveckling\/kattens-utveckling-pa-vag-mot-vuxenlivet\/\">Kattens utveckling p\u00e5 v\u00e4g mot vuxenlivet<\/a><\/li>\n\t\t\t\t\t\t\t\t\t\t\t\t\t\t\t\t\t\t\t\t<\/ul>\n\t\t\t\t\t\t\t\t\t\t\t\t\t\t\t\t<a target=\"\" href=\"https:\/\/bozita.com\/se\/katt\/kattens-utveckling\/\" class=\"btn btn-primary\">Se alla artiklar<\/a>\n\t\t\t\t\t\t\t<\/div>\n\t\t\t\t\t\t<\/div>\n\t\t\t\t\t<\/div>\n\t\t\t\t\t\t\t\t\t\t<div class=\"col-md-6 col-lg-3\">\n\t\t\t\t\t\t\t\t\t\t\t\t\t<h6>Till dig som ska skaffa katt<\/h6>\n\t\t\t\t\t\t\t\t\t\t\t\t\t<div class=\"card \">\n\t\t\t\t\t\t\t<img loading=\"lazy\" decoding=\"async\" width=\"700\" height=\"469\" src=\"https:\/\/bozita.com\/se\/wp-content\/uploads\/sites\/5\/2021\/08\/Bozita_Kitten_lax_optimized-new-a.png\" class=\"attachment-post-thumbnail size-post-thumbnail wp-post-image\" alt=\"Kattungeresan &#8211; nyhetsbrev f\u00f6r nyblivna kattunge\u00e4gare\" srcset=\"https:\/\/bozita.com\/se\/wp-content\/uploads\/sites\/5\/2021\/08\/Bozita_Kitten_lax_optimized-new-a.png 700w, https:\/\/bozita.com\/se\/wp-content\/uploads\/sites\/5\/2021\/08\/Bozita_Kitten_lax_optimized-new-a-300x201.png 300w\" sizes=\"(max-width: 700px) 100vw, 700px\" \/>\n\t\t\t\t\t\t\t\t\t\t\t\t\t\t<div class=\"card-body\">\n\t\t\t\t\t\t\t\t\n\t\t\t\t\t\t\t\t\t\t\t\t\t\t\t\t\t<ul>\n\t\t\t\t\t\t\t\t\t\t\t\t\t\t\t\t\t\t\t\t\t<li><a href=\"https:\/\/bozita.com\/se\/katt\/kopa-katt\/hur-lange-kan-man-lamna-en-katt-ensam\/\">Hur l\u00e4nge kan man l\u00e4mna en katt ensam?<\/a><\/li>\n\t\t\t\t\t\t\t\t\t\t\t\t\t\t\t\t\t\t\t\t\t\t<li><a href=\"https:\/\/bozita.com\/se\/katt\/kopa-katt\/darfor-bor-du-ha-id-markning-pa-din-katt\/\">D\u00e4rf\u00f6r b\u00f6r du ha ID-m\u00e4rkning p\u00e5 din katt<\/a><\/li>\n\t\t\t\t\t\t\t\t\t\t\t\t\t\t\t\t\t\t\t\t\t\t<li><a href=\"https:\/\/bozita.com\/se\/katt\/kopa-katt\/introducera-en-kattunge-eller-vuxen-katt-till-ett-nytt-hem\/\">Introducera en katt till ett nytt hem<\/a><\/li>\n\t\t\t\t\t\t\t\t\t\t\t\t\t\t\t\t\t\t\t\t<\/ul>\n\t\t\t\t\t\t\t\t\t\t\t\t\t\t\t\t<a target=\"\" href=\"https:\/\/bozita.com\/se\/katt\/kopa-katt\/\" class=\"btn btn-primary\">Se alla artiklar<\/a>\n\t\t\t\t\t\t\t<\/div>\n\t\t\t\t\t\t<\/div>\n\t\t\t\t\t<\/div>\n\t\t\t\t\t\t\t<\/div>\n\t<\/div>\n<\/section>\n","protected":false},"excerpt":{"rendered":"","protected":false},"author":4,"featured_media":1560,"parent":63,"menu_order":0,"comment_status":"closed","ping_status":"closed","template":"guternberg.php","meta":{"footnotes":""},"acf":[],"yoast_head":"<!-- This site is optimized with the Yoast SEO plugin v21.3 - https:\/\/yoast.com\/wordpress\/plugins\/seo\/ -->\n<title>Nutrition och kost f\u00f6r katter | Bozita<\/title>\n<meta name=\"description\" content=\"Om katters kosth\u00e5llning och hur maten p\u00e5verkar h\u00e4lsan; n\u00e4ringsbehov, utfodring, foderbyte, ingredienser, v\u00e4tskeintag, aptit, idealvikt\" \/>\n<meta name=\"robots\" content=\"index, follow, max-snippet:-1, max-image-preview:large, max-video-preview:-1\" \/>\n<link rel=\"canonical\" href=\"https:\/\/bozita.com\/se\/kattfoder\/nutrition-och-kost\/\" \/>\n<meta property=\"og:locale\" content=\"sv_SE\" \/>\n<meta property=\"og:type\" content=\"article\" \/>\n<meta property=\"og:title\" content=\"Nutrition och kost f\u00f6r katter | Bozita\" \/>\n<meta property=\"og:description\" content=\"Om katters kosth\u00e5llning och hur maten p\u00e5verkar h\u00e4lsan; n\u00e4ringsbehov, utfodring, foderbyte, ingredienser, v\u00e4tskeintag, aptit, idealvikt\" \/>\n<meta property=\"og:url\" content=\"https:\/\/bozita.com\/se\/kattfoder\/nutrition-och-kost\/\" \/>\n<meta property=\"og:site_name\" content=\"Bozita Sverige\" \/>\n<meta property=\"article:modified_time\" content=\"2021-08-26T21:32:20+00:00\" \/>\n<meta property=\"og:image\" content=\"https:\/\/bozita.com\/se\/wp-content\/uploads\/sites\/5\/2021\/06\/bozita-nutrition-kost-katt.jpg\" \/>\n\t<meta property=\"og:image:width\" content=\"800\" \/>\n\t<meta property=\"og:image:height\" content=\"533\" \/>\n\t<meta property=\"og:image:type\" content=\"image\/jpeg\" \/>\n<meta name=\"twitter:card\" content=\"summary_large_image\" \/>\n<!-- \/ Yoast SEO plugin. -->","yoast_head_json":{"title":"Nutrition och kost f\u00f6r katter | Bozita","description":"Om katters kosth\u00e5llning och hur maten p\u00e5verkar h\u00e4lsan; n\u00e4ringsbehov, utfodring, foderbyte, ingredienser, v\u00e4tskeintag, aptit, idealvikt","robots":{"index":"index","follow":"follow","max-snippet":"max-snippet:-1","max-image-preview":"max-image-preview:large","max-video-preview":"max-video-preview:-1"},"canonical":"https:\/\/bozita.com\/se\/kattfoder\/nutrition-och-kost\/","og_locale":"sv_SE","og_type":"article","og_title":"Nutrition och kost f\u00f6r katter | Bozita","og_description":"Om katters kosth\u00e5llning och hur maten p\u00e5verkar h\u00e4lsan; n\u00e4ringsbehov, utfodring, foderbyte, ingredienser, v\u00e4tskeintag, aptit, idealvikt","og_url":"https:\/\/bozita.com\/se\/kattfoder\/nutrition-och-kost\/","og_site_name":"Bozita Sverige","article_modified_time":"2021-08-26T21:32:20+00:00","og_image":[{"width":800,"height":533,"url":"https:\/\/bozita.com\/se\/wp-content\/uploads\/sites\/5\/2021\/06\/bozita-nutrition-kost-katt.jpg","type":"image\/jpeg"}],"twitter_card":"summary_large_image","schema":{"@context":"https:\/\/schema.org","@graph":[{"@type":"WebPage","@id":"https:\/\/bozita.com\/se\/kattfoder\/nutrition-och-kost\/","url":"https:\/\/bozita.com\/se\/kattfoder\/nutrition-och-kost\/","name":"Nutrition och kost f\u00f6r katter | Bozita","isPartOf":{"@id":"https:\/\/bozita.com\/se\/#website"},"datePublished":"2021-05-25T23:42:55+00:00","dateModified":"2021-08-26T21:32:20+00:00","description":"Om katters kosth\u00e5llning och hur maten p\u00e5verkar h\u00e4lsan; n\u00e4ringsbehov, utfodring, foderbyte, ingredienser, v\u00e4tskeintag, aptit, idealvikt","breadcrumb":{"@id":"https:\/\/bozita.com\/se\/kattfoder\/nutrition-och-kost\/#breadcrumb"},"inLanguage":"sv-SE","potentialAction":[{"@type":"ReadAction","target":["https:\/\/bozita.com\/se\/kattfoder\/nutrition-och-kost\/"]}]},{"@type":"BreadcrumbList","@id":"https:\/\/bozita.com\/se\/kattfoder\/nutrition-och-kost\/#breadcrumb","itemListElement":[{"@type":"ListItem","position":1,"name":"Home","item":"https:\/\/bozita.com\/se\/"},{"@type":"ListItem","position":2,"name":"Kattfoder","item":"https:\/\/bozita.com\/se\/kattfoder\/"},{"@type":"ListItem","position":3,"name":"Nutrition och kost"}]},{"@type":"WebSite","@id":"https:\/\/bozita.com\/se\/#website","url":"https:\/\/bozita.com\/se\/","name":"Bozita Sverige","description":"","potentialAction":[{"@type":"SearchAction","target":{"@type":"EntryPoint","urlTemplate":"https:\/\/bozita.com\/se\/?s={search_term_string}"},"query-input":"required name=search_term_string"}],"inLanguage":"sv-SE"}]}},"_links":{"self":[{"href":"https:\/\/bozita.com\/se\/wp-json\/wp\/v2\/pages\/69"}],"collection":[{"href":"https:\/\/bozita.com\/se\/wp-json\/wp\/v2\/pages"}],"about":[{"href":"https:\/\/bozita.com\/se\/wp-json\/wp\/v2\/types\/page"}],"author":[{"embeddable":true,"href":"https:\/\/bozita.com\/se\/wp-json\/wp\/v2\/users\/4"}],"replies":[{"embeddable":true,"href":"https:\/\/bozita.com\/se\/wp-json\/wp\/v2\/comments?post=69"}],"version-history":[{"count":32,"href":"https:\/\/bozita.com\/se\/wp-json\/wp\/v2\/pages\/69\/revisions"}],"predecessor-version":[{"id":3957,"href":"https:\/\/bozita.com\/se\/wp-json\/wp\/v2\/pages\/69\/revisions\/3957"}],"up":[{"embeddable":true,"href":"https:\/\/bozita.com\/se\/wp-json\/wp\/v2\/pages\/63"}],"wp:featuredmedia":[{"embeddable":true,"href":"https:\/\/bozita.com\/se\/wp-json\/wp\/v2\/media\/1560"}],"wp:attachment":[{"href":"https:\/\/bozita.com\/se\/wp-json\/wp\/v2\/media?parent=69"}],"curies":[{"name":"wp","href":"https:\/\/api.w.org\/{rel}","templated":true}]}}