{"id":75,"date":"2021-05-25T23:45:26","date_gmt":"2021-05-25T23:45:26","guid":{"rendered":"https:\/\/bozita.com\/se\/?page_id=75"},"modified":"2023-03-02T13:17:06","modified_gmt":"2023-03-02T13:17:06","slug":"kopa-katt","status":"publish","type":"page","link":"https:\/\/bozita.com\/se\/katt\/kopa-katt\/","title":{"rendered":"Till dig som ska skaffa katt"},"content":{"rendered":"\n\t\t<section class=\"small-hero-with-image\">\n\t\t\t\t\t\t\t<img decoding=\"async\" class=\"background-image\" src=\"https:\/\/bozita.com\/se\/wp-content\/uploads\/sites\/5\/2021\/08\/Bozita_Kitten_lax_optimized-new-a.png\" alt=\"\">\n\t\t\t\t\t\t\t<div class=\"overlay-v1 \">\n\t\t\t\t<div class=\"container\">\n\t\t\t\t\t<div class=\"row\">\n\t\t\t\t\t\t<div class=\"col-md-6 col-lg-5\">\n\t\t\t\t\t\t\t<h5>Kunskap<\/h5><h1>Till dig som ska skaffa katt<\/h1><p><p>Funderar du p\u00e5 att k\u00f6pa eller adoptera katt? T\u00e4nk igenom beslutet att skaffa katt noga och l\u00e4s p\u00e5 om hur du b\u00e4st <a title=\"Kattens h\u00e4lsa\" href=\"https:\/\/bozita.com\/se\/katt\/kattens-halsa\/\" ><u>tar hand om din katt<\/u><\/a>.<\/p>\n<\/p>\t\t\t\t\t\t<\/div>\n\t\t\t\t\t<\/div>\n\t\t\t\t<\/div>\n\t\t\t<\/div>\n\t\t<\/section>\n\t\t\n\n\t<div class=\"text-box-warp\">\n\t\t<div class=\"container\">\n\t\t\t<div class=\"text-content\">\n\t\t\t\t<p>\u00c4r du beredd p\u00e5 att ta ansvar f\u00f6r din katt m\u00e5nga \u00e5r fram\u00f6ver? Den lilla s\u00f6ta kattungen v\u00e4xer upp och blir stor och kan \u2013 om den \u00e4r frisk \u2013 leva i mer \u00e4n 15 \u00e5r. Har du tid och ekonomiska m\u00f6jligheter att ha katt? En katt ska ha tillsyn minst tv\u00e5 g\u00e5nger om dagen och ut\u00f6ver kattmat och kattsand tillkommer f\u00f6rs\u00e4kring, veterin\u00e4rkostnader med mera. N\u00e4r du har t\u00e4nkt igenom och best\u00e4mt dig kan det finnas flera fr\u00e5gor: hur du f\u00e5r tag i en uppf\u00f6dare, om du ska v\u00e4lja hane eller hona, kattunge eller vuxen katt.<\/p>\n<p>\u00c4r du redo att skaffa katt eller \u00e4r nybliven katt\u00e4gare? F\u00f6rbered dig inf\u00f6r livet med katt s\u00e5 att ni f\u00e5r en s\u00e5 bra start som m\u00f6jligt p\u00e5 ert liv tillsammans.<\/p>\n<h2><a href=\"https:\/\/bozita.com\/se\/katt\/kopa-katt\/introducera-en-kattunge-eller-vuxen-katt-till-ett-nytt-hem\/\">Introducera en katt till ett nytt hem<\/a><\/h2>\n<p>N\u00e4r du planerar f\u00f6r att ta hem din katt eller kattunge \u00e4r det mycket att t\u00e4nka p\u00e5. Som katt\u00e4gare \u00e4r du ansvarig f\u00f6r att ha den kunskap om kattens naturliga beteenden och behov som kr\u00e4vs enligt det djur\u00e4garansvar som finns i Sverige*. F\u00f6r att det ska blir lite enklare att introducera katten till sitt nya hem har vi skapat tv\u00e5 checklistor, en med praktiska f\u00f6rberedelser och en med tips p\u00e5 hur du bem\u00f6ter katten f\u00f6r att f\u00e5 den att k\u00e4nna sig hemma.<\/p>\n<h2><a href=\"https:\/\/bozita.com\/se\/katt\/kopa-katt\/hur-far-man-en-katt-rumsren\/\">Hur f\u00e5r man en katt rumsren?<\/a><\/h2>\n<p>Katter \u00e4r k\u00e4nda f\u00f6r att vara renliga djur och att l\u00e4ra sin katt eller kattunge att g\u00e5 p\u00e5 l\u00e5dan brukar d\u00e4rf\u00f6r inte vara alltf\u00f6r sv\u00e5rt. Det finns \u00e4nd\u00e5 n\u00e5gra saker som kan vara bra att t\u00e4nka p\u00e5 f\u00f6r att f\u00e5 en katt rumsren, att anv\u00e4nda kattl\u00e5dan eller att utr\u00e4tta sina behov p\u00e5 r\u00e4tt plats i sitt nya hem.<\/p>\n<h2><a href=\"https:\/\/bozita.com\/se\/katt\/kopa-katt\/hur-lange-kan-man-lamna-en-katt-ensam\/\">Hur l\u00e4nge kan man l\u00e4mna en katt ensam?<\/a><\/h2>\n<p>Ibland kan du som katt\u00e4gare beh\u00f6va l\u00e4mna din katt ensam n\u00e4r du ska resa bort, men en katt klarar sig inte sj\u00e4lv i f\u00f6r l\u00e5nga perioder. Faktum \u00e4r att tillsyn \u00e4r reglerat i svensk lag och att det d\u00e4rmed \u00e4r olagligt att l\u00e4mna sin katt ensam utan omsorg f\u00f6r l\u00e4nge. En frisk katt ska ses till minst tv\u00e5 g\u00e5nger per dygn och beh\u00f6ver d\u00e5 inte bara mat och vatten utan \u00e4ven social kontakt.<\/p>\n<h2><a href=\"https:\/\/bozita.com\/se\/katt\/kopa-katt\/darfor-bor-du-ha-id-markning-pa-din-katt\/\">D\u00e4rf\u00f6r b\u00f6r du ha id-m\u00e4rkning p\u00e5 din katt<\/a><\/h2>\n<p>Genom att id-m\u00e4rka din katt med chip eller tatuering och \u00e4garregistrera den \u00f6kar du chansen att katten hittar hem till dig igen om den skulle springa bort eller r\u00e5ka ut f\u00f6r en olycka. B\u00e5da id-m\u00e4rkningsmetoderna har b\u00e5de f\u00f6r- och nackdelar. Om du ska resa utomlands med din katt m\u00e5ste den enligt lag vara chipm\u00e4rkt.<\/p>\n<h2><a href=\"https:\/\/bozita.com\/se\/katt\/kopa-katt\/nar-kan-man-slappa-ut-kattungen-forsta-gangen\/\">N\u00e4r kan man sl\u00e4ppa ut kattungen f\u00f6rsta g\u00e5ngen?<\/a><\/h2>\n<p>Om du har t\u00e4nkt att din katt ska f\u00e5 vara ute ibland \u00e4r det viktigt att du inte sl\u00e4pper ut katten innan den \u00e4r mogen f\u00f6r det och att du s\u00e4kerst\u00e4ller att du bor i en milj\u00f6 d\u00e4r det \u00e4r s\u00e4kert f\u00f6r en katt att vistas ute. L\u00e4r katten att vara ute i l\u00e5ngsam takt.<\/p>\n\t\t\t<\/div>\n\t\t<\/div>\n\t<\/div>\n\n\n\n\t<section class=\"block explore-other-topics\">\n\t<div class=\"container\">\n\t\t<h2>Utforska andra kategorier<\/h2>\n\t\t<div class=\"row\">\n\t\t\t\t\t\t\t\t<div class=\"col-md-6 col-lg-3\">\n\t\t\t\t\t\t\t\t\t\t\t\t\t<h6>Kattens utveckling<\/h6>\n\t\t\t\t\t\t\t\t\t\t\t\t\t<div class=\"card \">\n\t\t\t\t\t\t\t<img loading=\"lazy\" decoding=\"async\" width=\"800\" height=\"533\" src=\"https:\/\/bozita.com\/se\/wp-content\/uploads\/sites\/5\/2021\/06\/bozita-katt-utveckling.jpg\" class=\"attachment-post-thumbnail size-post-thumbnail wp-post-image\" alt=\"Livet med katt\" srcset=\"https:\/\/bozita.com\/se\/wp-content\/uploads\/sites\/5\/2021\/06\/bozita-katt-utveckling.jpg 800w, https:\/\/bozita.com\/se\/wp-content\/uploads\/sites\/5\/2021\/06\/bozita-katt-utveckling-300x200.jpg 300w, https:\/\/bozita.com\/se\/wp-content\/uploads\/sites\/5\/2021\/06\/bozita-katt-utveckling-768x512.jpg 768w\" sizes=\"(max-width: 800px) 100vw, 800px\" \/>\n\t\t\t\t\t\t\t\t\t\t\t\t\t\t<div class=\"card-body\">\n\t\t\t\t\t\t\t\t\n\t\t\t\t\t\t\t\t\t\t\t\t\t\t\t\t\t<ul>\n\t\t\t\t\t\t\t\t\t\t\t\t\t\t\t\t\t\t\t\t\t<li><a href=\"https:\/\/bozita.com\/se\/katt\/kattens-utveckling\/kan-man-trana-sin-katt-eller-kattunge\/\">Kan man tr\u00e4na sin katt eller kattunge?<\/a><\/li>\n\t\t\t\t\t\t\t\t\t\t\t\t\t\t\t\t\t\t\t\t\t\t<li><a href=\"https:\/\/bozita.com\/se\/katt\/kattens-utveckling\/hur-ska-jag-bast-resa-med-min-katt\/\">Hur ska jag b\u00e4st resa med min katt?<\/a><\/li>\n\t\t\t\t\t\t\t\t\t\t\t\t\t\t\t\t\t\t\t\t\t\t<li><a href=\"https:\/\/bozita.com\/se\/katt\/kattens-utveckling\/kattens-utveckling-pa-vag-mot-vuxenlivet\/\">Kattens utveckling p\u00e5 v\u00e4g mot vuxenlivet<\/a><\/li>\n\t\t\t\t\t\t\t\t\t\t\t\t\t\t\t\t\t\t\t\t<\/ul>\n\t\t\t\t\t\t\t\t\t\t\t\t\t\t\t\t<a target=\"\" href=\"https:\/\/bozita.com\/se\/katt\/kattens-utveckling\/\" class=\"btn btn-primary\">Se alla artiklar<\/a>\n\t\t\t\t\t\t\t<\/div>\n\t\t\t\t\t\t<\/div>\n\t\t\t\t\t<\/div>\n\t\t\t\t\t\t\t\t\t\t<div class=\"col-md-6 col-lg-3\">\n\t\t\t\t\t\t\t\t\t\t\t\t\t<h6>Nutrition och kost<\/h6>\n\t\t\t\t\t\t\t\t\t\t\t\t\t<div class=\"card \">\n\t\t\t\t\t\t\t<img loading=\"lazy\" decoding=\"async\" width=\"800\" height=\"533\" src=\"https:\/\/bozita.com\/se\/wp-content\/uploads\/sites\/5\/2021\/06\/bozita-nutrition-kost-katt.jpg\" class=\"attachment-post-thumbnail size-post-thumbnail wp-post-image\" alt=\"Livet med katt\" srcset=\"https:\/\/bozita.com\/se\/wp-content\/uploads\/sites\/5\/2021\/06\/bozita-nutrition-kost-katt.jpg 800w, https:\/\/bozita.com\/se\/wp-content\/uploads\/sites\/5\/2021\/06\/bozita-nutrition-kost-katt-300x200.jpg 300w, https:\/\/bozita.com\/se\/wp-content\/uploads\/sites\/5\/2021\/06\/bozita-nutrition-kost-katt-768x512.jpg 768w\" sizes=\"(max-width: 800px) 100vw, 800px\" \/>\n\t\t\t\t\t\t\t\t\t\t\t\t\t\t<div class=\"card-body\">\n\t\t\t\t\t\t\t\t\n\t\t\t\t\t\t\t\t\t\t\t\t\t\t\t\t\t<ul>\n\t\t\t\t\t\t\t\t\t\t\t\t\t\t\t\t\t\t\t\t\t<li><a href=\"https:\/\/bozita.com\/se\/kattfoder\/nutrition-och-kost\/vad-ska-man-gora-med-en-katt-som-inte-ater-eller-dricker\/\">Katt som inte \u00e4ter eller dricker?<\/a><\/li>\n\t\t\t\t\t\t\t\t\t\t\t\t\t\t\t\t\t\t\t\t\t\t<li><a href=\"https:\/\/bozita.com\/se\/kattfoder\/nutrition-och-kost\/hur-byter-man-foder-till-en-vuxen-katt\/\">Hur byter man foder till sin katt?<\/a><\/li>\n\t\t\t\t\t\t\t\t\t\t\t\t\t\t\t\t\t\t\t\t\t\t<li><a href=\"https:\/\/bozita.com\/se\/kattfoder\/nutrition-och-kost\/protein-och-starkelse-ar-viktiga-komponenter-i-en-katts-diet\/\">Vad \u00e4ter katter?<\/a><\/li>\n\t\t\t\t\t\t\t\t\t\t\t\t\t\t\t\t\t\t\t\t<\/ul>\n\t\t\t\t\t\t\t\t\t\t\t\t\t\t\t\t<a target=\"\" href=\"https:\/\/bozita.com\/se\/kattfoder\/nutrition-och-kost\/\" class=\"btn btn-primary\">Se alla artiklar<\/a>\n\t\t\t\t\t\t\t<\/div>\n\t\t\t\t\t\t<\/div>\n\t\t\t\t\t<\/div>\n\t\t\t\t\t\t\t\t\t\t<div class=\"col-md-6 col-lg-3\">\n\t\t\t\t\t\t\t\t\t\t\t\t\t<h6>H\u00e5ll katten frisk<\/h6>\n\t\t\t\t\t\t\t\t\t\t\t\t\t<div class=\"card \">\n\t\t\t\t\t\t\t<img loading=\"lazy\" decoding=\"async\" width=\"800\" height=\"533\" src=\"https:\/\/bozita.com\/se\/wp-content\/uploads\/sites\/5\/2021\/06\/bozita-katt-halsa.jpg\" class=\"attachment-post-thumbnail size-post-thumbnail wp-post-image\" alt=\"Livet med katt\" srcset=\"https:\/\/bozita.com\/se\/wp-content\/uploads\/sites\/5\/2021\/06\/bozita-katt-halsa.jpg 800w, https:\/\/bozita.com\/se\/wp-content\/uploads\/sites\/5\/2021\/06\/bozita-katt-halsa-300x200.jpg 300w, https:\/\/bozita.com\/se\/wp-content\/uploads\/sites\/5\/2021\/06\/bozita-katt-halsa-768x512.jpg 768w\" sizes=\"(max-width: 800px) 100vw, 800px\" \/>\n\t\t\t\t\t\t\t\t\t\t\t\t\t\t<div class=\"card-body\">\n\t\t\t\t\t\t\t\t\n\t\t\t\t\t\t\t\t\t\t\t\t\t\t\t\t\t<ul>\n\t\t\t\t\t\t\t\t\t\t\t\t\t\t\t\t\t\t\t\t\t<li><a href=\"https:\/\/bozita.com\/se\/katt\/kattens-halsa\/vaccinera-din-katt-for-att-minska-risken-for-vanliga-sjukdomar\/\">Vaccinera din katt<\/a><\/li>\n\t\t\t\t\t\t\t\t\t\t\t\t\t\t\t\t\t\t\t\t\t\t<li><a href=\"https:\/\/bozita.com\/se\/katt\/kattens-halsa\/att-kastrera-katten-har-manga-fordelar\/\">Att kastrera katten har m\u00e5nga f\u00f6rdelar<\/a><\/li>\n\t\t\t\t\t\t\t\t\t\t\t\t\t\t\t\t\t\t\t\t\t\t<li><a href=\"https:\/\/bozita.com\/se\/katt\/kattens-halsa\/haller-din-katt-ratt-vikt-ta-hjalp-av-var-bedomningsguide\/\">Hur mycket ska en katt v\u00e4ga?<\/a><\/li>\n\t\t\t\t\t\t\t\t\t\t\t\t\t\t\t\t\t\t\t\t<\/ul>\n\t\t\t\t\t\t\t\t\t\t\t\t\t\t\t\t<a target=\"\" href=\"https:\/\/bozita.com\/se\/katt\/kattens-halsa\/\" class=\"btn btn-primary\">Se alla artiklar<\/a>\n\t\t\t\t\t\t\t<\/div>\n\t\t\t\t\t\t<\/div>\n\t\t\t\t\t<\/div>\n\t\t\t\t\t\t\t\t\t\t<div class=\"col-md-6 col-lg-3\">\n\t\t\t\t\t\t\t\t\t\t\t\t\t<h6>Aktivera katten<\/h6>\n\t\t\t\t\t\t\t\t\t\t\t\t\t<div class=\"card \">\n\t\t\t\t\t\t\t<img loading=\"lazy\" decoding=\"async\" width=\"1600\" height=\"578\" src=\"https:\/\/bozita.com\/se\/wp-content\/uploads\/sites\/5\/2021\/06\/bozita-aktivera-katt.jpg\" class=\"attachment-post-thumbnail size-post-thumbnail wp-post-image\" alt=\"Aktivera katten\" srcset=\"https:\/\/bozita.com\/se\/wp-content\/uploads\/sites\/5\/2021\/06\/bozita-aktivera-katt.jpg 1600w, https:\/\/bozita.com\/se\/wp-content\/uploads\/sites\/5\/2021\/06\/bozita-aktivera-katt-300x108.jpg 300w, https:\/\/bozita.com\/se\/wp-content\/uploads\/sites\/5\/2021\/06\/bozita-aktivera-katt-1024x370.jpg 1024w, https:\/\/bozita.com\/se\/wp-content\/uploads\/sites\/5\/2021\/06\/bozita-aktivera-katt-768x277.jpg 768w, https:\/\/bozita.com\/se\/wp-content\/uploads\/sites\/5\/2021\/06\/bozita-aktivera-katt-1536x555.jpg 1536w\" sizes=\"(max-width: 1600px) 100vw, 1600px\" \/>\n\t\t\t\t\t\t\t\t\t\t\t\t\t\t<div class=\"card-body\">\n\t\t\t\t\t\t\t\t\n\t\t\t\t\t\t\t\t\t\t\t\t\t\t\t\t\t<ul>\n\t\t\t\t\t\t\t\t\t\t\t\t\t\t\t\t\t\t\t\t\t<li><a href=\"https:\/\/bozita.com\/se\/katt\/aktivera-katten\/aktivera-katten-for-att-den-ska-ma-bra\/\">Aktivera din katt<\/a><\/li>\n\t\t\t\t\t\t\t\t\t\t\t\t\t\t\t\t\t\t\t\t<\/ul>\n\t\t\t\t\t\t\t\t\t\t\t\t\t\t\t\t<a target=\"\" href=\"https:\/\/bozita.com\/se\/katt\/aktivera-katten\/\" class=\"btn btn-primary\">Se alla artiklar<\/a>\n\t\t\t\t\t\t\t<\/div>\n\t\t\t\t\t\t<\/div>\n\t\t\t\t\t<\/div>\n\t\t\t\t\t\t\t<\/div>\n\t<\/div>\n<\/section>\n","protected":false},"excerpt":{"rendered":"","protected":false},"author":4,"featured_media":6282,"parent":73,"menu_order":0,"comment_status":"closed","ping_status":"closed","template":"guternberg.php","meta":{"footnotes":""},"acf":[],"yoast_head":"<!-- This site is optimized with the Yoast SEO plugin v21.3 - https:\/\/yoast.com\/wordpress\/plugins\/seo\/ -->\n<title>Skaffa katt eller k\u00f6pa katt - vad ska du t\u00e4nka p\u00e5 | Bozita<\/title>\n<meta name=\"description\" content=\"Att k\u00f6pa eller adoptera en katt eller kattunge kr\u00e4ver lite f\u00f6rberedelse. Bozita v\u00e4gleder dig i vad du beh\u00f6ver t\u00e4nka p\u00e5.\" \/>\n<meta name=\"robots\" content=\"index, follow, max-snippet:-1, max-image-preview:large, max-video-preview:-1\" \/>\n<link rel=\"canonical\" href=\"https:\/\/bozita.com\/se\/katt\/kopa-katt\/\" \/>\n<meta property=\"og:locale\" content=\"sv_SE\" \/>\n<meta property=\"og:type\" content=\"article\" \/>\n<meta property=\"og:title\" content=\"Skaffa katt eller k\u00f6pa katt - vad ska du t\u00e4nka p\u00e5 | Bozita\" \/>\n<meta property=\"og:description\" content=\"Att k\u00f6pa eller adoptera en katt eller kattunge kr\u00e4ver lite f\u00f6rberedelse. Bozita v\u00e4gleder dig i vad du beh\u00f6ver t\u00e4nka p\u00e5.\" \/>\n<meta property=\"og:url\" content=\"https:\/\/bozita.com\/se\/katt\/kopa-katt\/\" \/>\n<meta property=\"og:site_name\" content=\"Bozita Sverige\" \/>\n<meta property=\"article:modified_time\" content=\"2023-03-02T13:17:06+00:00\" \/>\n<meta property=\"og:image\" content=\"https:\/\/bozita.com\/se\/wp-content\/uploads\/sites\/5\/2021\/08\/Bozita_Kitten_lax_optimized-new-a.png\" \/>\n\t<meta property=\"og:image:width\" content=\"700\" \/>\n\t<meta property=\"og:image:height\" content=\"469\" \/>\n\t<meta property=\"og:image:type\" content=\"image\/png\" \/>\n<meta name=\"twitter:card\" content=\"summary_large_image\" \/>\n<!-- \/ Yoast SEO plugin. -->","yoast_head_json":{"title":"Skaffa katt eller k\u00f6pa katt - vad ska du t\u00e4nka p\u00e5 | Bozita","description":"Att k\u00f6pa eller adoptera en katt eller kattunge kr\u00e4ver lite f\u00f6rberedelse. Bozita v\u00e4gleder dig i vad du beh\u00f6ver t\u00e4nka p\u00e5.","robots":{"index":"index","follow":"follow","max-snippet":"max-snippet:-1","max-image-preview":"max-image-preview:large","max-video-preview":"max-video-preview:-1"},"canonical":"https:\/\/bozita.com\/se\/katt\/kopa-katt\/","og_locale":"sv_SE","og_type":"article","og_title":"Skaffa katt eller k\u00f6pa katt - vad ska du t\u00e4nka p\u00e5 | Bozita","og_description":"Att k\u00f6pa eller adoptera en katt eller kattunge kr\u00e4ver lite f\u00f6rberedelse. Bozita v\u00e4gleder dig i vad du beh\u00f6ver t\u00e4nka p\u00e5.","og_url":"https:\/\/bozita.com\/se\/katt\/kopa-katt\/","og_site_name":"Bozita Sverige","article_modified_time":"2023-03-02T13:17:06+00:00","og_image":[{"width":700,"height":469,"url":"https:\/\/bozita.com\/se\/wp-content\/uploads\/sites\/5\/2021\/08\/Bozita_Kitten_lax_optimized-new-a.png","type":"image\/png"}],"twitter_card":"summary_large_image","schema":{"@context":"https:\/\/schema.org","@graph":[{"@type":"WebPage","@id":"https:\/\/bozita.com\/se\/katt\/kopa-katt\/","url":"https:\/\/bozita.com\/se\/katt\/kopa-katt\/","name":"Skaffa katt eller k\u00f6pa katt - vad ska du t\u00e4nka p\u00e5 | Bozita","isPartOf":{"@id":"https:\/\/bozita.com\/se\/#website"},"datePublished":"2021-05-25T23:45:26+00:00","dateModified":"2023-03-02T13:17:06+00:00","description":"Att k\u00f6pa eller adoptera en katt eller kattunge kr\u00e4ver lite f\u00f6rberedelse. Bozita v\u00e4gleder dig i vad du beh\u00f6ver t\u00e4nka p\u00e5.","breadcrumb":{"@id":"https:\/\/bozita.com\/se\/katt\/kopa-katt\/#breadcrumb"},"inLanguage":"sv-SE","potentialAction":[{"@type":"ReadAction","target":["https:\/\/bozita.com\/se\/katt\/kopa-katt\/"]}]},{"@type":"BreadcrumbList","@id":"https:\/\/bozita.com\/se\/katt\/kopa-katt\/#breadcrumb","itemListElement":[{"@type":"ListItem","position":1,"name":"Home","item":"https:\/\/bozita.com\/se\/"},{"@type":"ListItem","position":2,"name":"Livet med katt","item":"https:\/\/bozita.com\/se\/katt\/"},{"@type":"ListItem","position":3,"name":"Till dig som ska skaffa katt"}]},{"@type":"WebSite","@id":"https:\/\/bozita.com\/se\/#website","url":"https:\/\/bozita.com\/se\/","name":"Bozita Sverige","description":"","potentialAction":[{"@type":"SearchAction","target":{"@type":"EntryPoint","urlTemplate":"https:\/\/bozita.com\/se\/?s={search_term_string}"},"query-input":"required name=search_term_string"}],"inLanguage":"sv-SE"}]}},"_links":{"self":[{"href":"https:\/\/bozita.com\/se\/wp-json\/wp\/v2\/pages\/75"}],"collection":[{"href":"https:\/\/bozita.com\/se\/wp-json\/wp\/v2\/pages"}],"about":[{"href":"https:\/\/bozita.com\/se\/wp-json\/wp\/v2\/types\/page"}],"author":[{"embeddable":true,"href":"https:\/\/bozita.com\/se\/wp-json\/wp\/v2\/users\/4"}],"replies":[{"embeddable":true,"href":"https:\/\/bozita.com\/se\/wp-json\/wp\/v2\/comments?post=75"}],"version-history":[{"count":36,"href":"https:\/\/bozita.com\/se\/wp-json\/wp\/v2\/pages\/75\/revisions"}],"predecessor-version":[{"id":9219,"href":"https:\/\/bozita.com\/se\/wp-json\/wp\/v2\/pages\/75\/revisions\/9219"}],"up":[{"embeddable":true,"href":"https:\/\/bozita.com\/se\/wp-json\/wp\/v2\/pages\/73"}],"wp:featuredmedia":[{"embeddable":true,"href":"https:\/\/bozita.com\/se\/wp-json\/wp\/v2\/media\/6282"}],"wp:attachment":[{"href":"https:\/\/bozita.com\/se\/wp-json\/wp\/v2\/media?parent=75"}],"curies":[{"name":"wp","href":"https:\/\/api.w.org\/{rel}","templated":true}]}}