{"id":77,"date":"2021-05-25T23:45:41","date_gmt":"2021-05-25T23:45:41","guid":{"rendered":"https:\/\/bozita.com\/se\/?page_id=77"},"modified":"2021-08-26T20:43:08","modified_gmt":"2021-08-26T20:43:08","slug":"kattens-halsa","status":"publish","type":"page","link":"https:\/\/bozita.com\/se\/katt\/kattens-halsa\/","title":{"rendered":"H\u00e5ll katten frisk"},"content":{"rendered":"\n\t\t<section class=\"small-hero-with-image\">\n\t\t\t\t\t\t\t<img decoding=\"async\" class=\"background-image\" src=\"https:\/\/bozita.com\/se\/wp-content\/uploads\/sites\/5\/2021\/08\/bozita-katt-halsa-3.jpg\" alt=\"\">\n\t\t\t\t\t\t\t<div class=\"overlay-v1 \">\n\t\t\t\t<div class=\"container\">\n\t\t\t\t\t<div class=\"row\">\n\t\t\t\t\t\t<div class=\"col-md-6 col-lg-5\">\n\t\t\t\t\t\t\t<h5>Kunskap<\/h5><h1>H\u00e5ll katten frisk<\/h1><p><p>Som katt\u00e4gare vill du s\u00e5klart ta hand om din katt p\u00e5 b\u00e4sta s\u00e4tt. Varje katt \u00e4r en egen individ som beh\u00f6ver b\u00e5de k\u00e4rlek och omv\u00e5rdnad.<\/p>\n<\/p>\t\t\t\t\t\t<\/div>\n\t\t\t\t\t<\/div>\n\t\t\t\t<\/div>\n\t\t\t<\/div>\n\t\t<\/section>\n\t\t\n\n\t<div class=\"text-box-warp\">\n\t\t<div class=\"container\">\n\t\t\t<div class=\"text-content\">\n\t\t\t\t<p>F\u00f6r att sk\u00f6ta om din katt s\u00e5 att den h\u00e5ller sig frisk \u00e4r det viktigt att du har koll p\u00e5 saker som vaccination, kastrering och om den \u00e4ter lagom mycket. D\u00e5 ger du din katt b\u00e4st f\u00f6ruts\u00e4ttningar f\u00f6r att m\u00e5 bra och leva ett l\u00e5ngt och aktivt liv.<\/p>\n<h2><a href=\"https:\/\/bozita.com\/se\/katt\/kattens-halsa\/vaccinera-din-katt-for-att-minska-risken-for-vanliga-sjukdomar\/\">Vaccinera din katt<\/a><\/h2>\n<p>Vaccination \u00e4r viktigt b\u00e5de f\u00f6r din och andra katters skull. Genom att vaccinera din katt minskar du risken f\u00f6r spridning av vanliga sjukdomar s\u00e5som kattpest och kattsnuva, \u00e4ven kallat kattinfluensa.<\/p>\n<h2><a href=\"https:\/\/bozita.com\/se\/katt\/kattens-halsa\/att-kastrera-katten-har-manga-fordelar\/\">Att kastrera katten har m\u00e5nga f\u00f6rdelar<\/a><\/h2>\n<p>Enligt statens nya djurskyddsregler ska djurh\u00e5llare f\u00f6rhindra att katter som r\u00f6r sig fritt utomhus f\u00f6r\u00f6kar sig oplanerat, o\u00f6nskat eller \u00f6verdrivet. Detta kan uppn\u00e5s genom att katten \u00e4r kastrerad, steriliserad eller p\u00e5 annat s\u00e4tt f\u00f6rhindrade fr\u00e5n att kunna f\u00f6r\u00f6ka sig okontrollerat. Om du inte ska anv\u00e4nda din katt till avel finns det m\u00e5nga f\u00f6rdelar med att kastrera din katt &#8211; b\u00e5de honkatt och hankatt.<\/p>\n<h2><a href=\"https:\/\/bozita.com\/se\/katt\/kattens-halsa\/haller-din-katt-ratt-vikt-ta-hjalp-av-var-bedomningsguide\/\">Hur mycket ska en katt v\u00e4ga?<\/a><\/h2>\n<p>Hur mycket en vuxen katt ska v\u00e4ga \u00e4r h\u00f6gst individuellt. D\u00e4remot kan man genom att titta p\u00e5 kattens kropp bed\u00f6ma om den h\u00e5ller ett bra hull \u2013 n\u00e5got som \u00e4r mycket viktigt f\u00f6r dess v\u00e4lm\u00e5ende \u2013 eller om den beh\u00f6ver g\u00e5 upp i vikt eller ner i vikt. Anv\u00e4nd Bozitas hullbed\u00f6mningsguide f\u00f6r att svara p\u00e5 fr\u00e5gan hur mycket din katt ska v\u00e4ga. Med hj\u00e4lp av den kan du avg\u00f6ra om din katt har det perfekta hullet f\u00f6r ett h\u00e4lsosamt och r\u00f6rligt liv.<\/p>\n<h2><a href=\"https:\/\/bozita.com\/se\/katt\/kattens-halsa\/fibrer-i-maten-och-palsvard-forebygger-harbollar\/\">Har du en katt som kr\u00e4ks h\u00e5rbollar?<\/a><\/h2>\n<p>N\u00e4r katten putsar sig f\u00f6ljer l\u00f6st sittande p\u00e4ls med ner i mags\u00e4cken och bildar h\u00e5rbollar. Katten f\u00f6rs\u00f6ker d\u00e5 kr\u00e4kas upp h\u00e5ret den svalt, men om inte det lyckas m\u00e5ste h\u00e5ret passera ut genom kroppen. Med hj\u00e4lp av p\u00e4lsv\u00e5rd och en fiberrik kost kan du hj\u00e4lpa din katt att minska eventuella besv\u00e4r med h\u00e5rbollar.<\/p>\n<h2><a href=\"https:\/\/bozita.com\/se\/katt\/kattens-halsa\/julsaker-som-ar-farliga-for-en-katt\/\">Julsaker som \u00e4r farliga f\u00f6r en katt<\/a><\/h2>\n<p>Julen \u00e4r en supermysig tid med v\u00e4xter, pynt och ljus, men den inneb\u00e4r ocks\u00e5 en hel del risker f\u00f6r din katt. H\u00e4r har vi samlat n\u00e5gra av julens vanligaste farligheter med f\u00f6reslagna l\u00f6sningar \u2013 allt f\u00f6r att ge b\u00e4ttre f\u00f6ruts\u00e4ttningar f\u00f6r ett riktigt mysigt helgfirande med din katt.<\/p>\n<h2><a href=\"https:\/\/bozita.com\/se\/katt\/kattens-halsa\/hur-ofta-ska-man-klippa-klorna-pa-en-katt\/\">Hur ofta ska man klippa klorna p\u00e5 en katt?<\/a><\/h2>\n<p>Att klippa klorna p\u00e5 en katt kan kr\u00e4va lite t\u00e5lamod, s\u00e4rskilt de f\u00f6rsta g\u00e5ngerna d\u00e5 katten \u00e4nnu inte hunnit v\u00e4nja sig. Hur ofta du sedan beh\u00f6ver klippa din katts klor beror p\u00e5 hur den lever. En innekatt beh\u00f6ver st\u00f6rre underh\u00e5ll \u00e4n en utekatt, som sliter ner klorna p\u00e5 ett naturligt s\u00e4tt n\u00e4r den r\u00f6r sig ute i naturen.<\/p>\n<h2><a href=\"https:\/\/bozita.com\/se\/katt\/kattens-halsa\/avmaskning-katt-och-kattunge\/\">Avmaskning katt och kattunge<\/a><\/h2>\n<p>Hur ofta du beh\u00f6ver avmaska din katt beror p\u00e5 om den \u00e4r vuxen eller kattunge och om den \u00e4r innekatt eller utekatt. Rekommendationen \u00e4r att bara avmaska katten om den uppvisar symptom och du d\u00e4rf\u00f6r misst\u00e4nker att den drabbats av mask. De vanligaste maskar som katter brukar drabbas av \u00e4r spolmask och bandmask.<\/p>\n\t\t\t<\/div>\n\t\t<\/div>\n\t<\/div>\n\n\n\n\t<section class=\"block explore-other-topics\">\n\t<div class=\"container\">\n\t\t<h2>Utforska andra kategorier<\/h2>\n\t\t<div class=\"row\">\n\t\t\t\t\t\t\t\t<div class=\"col-md-6 col-lg-3\">\n\t\t\t\t\t\t\t\t\t\t\t\t\t<h6>Nutrition och kost<\/h6>\n\t\t\t\t\t\t\t\t\t\t\t\t\t<div class=\"card \">\n\t\t\t\t\t\t\t<img loading=\"lazy\" decoding=\"async\" width=\"800\" height=\"533\" src=\"https:\/\/bozita.com\/se\/wp-content\/uploads\/sites\/5\/2021\/06\/bozita-nutrition-kost-katt.jpg\" class=\"attachment-post-thumbnail size-post-thumbnail wp-post-image\" alt=\"Livet med katt\" srcset=\"https:\/\/bozita.com\/se\/wp-content\/uploads\/sites\/5\/2021\/06\/bozita-nutrition-kost-katt.jpg 800w, https:\/\/bozita.com\/se\/wp-content\/uploads\/sites\/5\/2021\/06\/bozita-nutrition-kost-katt-300x200.jpg 300w, https:\/\/bozita.com\/se\/wp-content\/uploads\/sites\/5\/2021\/06\/bozita-nutrition-kost-katt-768x512.jpg 768w\" sizes=\"(max-width: 800px) 100vw, 800px\" \/>\n\t\t\t\t\t\t\t\t\t\t\t\t\t\t<div class=\"card-body\">\n\t\t\t\t\t\t\t\t\n\t\t\t\t\t\t\t\t\t\t\t\t\t\t\t\t\t<ul>\n\t\t\t\t\t\t\t\t\t\t\t\t\t\t\t\t\t\t\t\t\t<li><a href=\"https:\/\/bozita.com\/se\/kattfoder\/nutrition-och-kost\/vad-ska-man-gora-med-en-katt-som-inte-ater-eller-dricker\/\">Katt som inte \u00e4ter eller dricker?<\/a><\/li>\n\t\t\t\t\t\t\t\t\t\t\t\t\t\t\t\t\t\t\t\t\t\t<li><a href=\"https:\/\/bozita.com\/se\/kattfoder\/nutrition-och-kost\/hur-byter-man-foder-till-en-vuxen-katt\/\">Hur byter man foder till sin katt?<\/a><\/li>\n\t\t\t\t\t\t\t\t\t\t\t\t\t\t\t\t\t\t\t\t\t\t<li><a href=\"https:\/\/bozita.com\/se\/kattfoder\/nutrition-och-kost\/protein-och-starkelse-ar-viktiga-komponenter-i-en-katts-diet\/\">Vad \u00e4ter katter?<\/a><\/li>\n\t\t\t\t\t\t\t\t\t\t\t\t\t\t\t\t\t\t\t\t<\/ul>\n\t\t\t\t\t\t\t\t\t\t\t\t\t\t\t\t<a target=\"\" href=\"https:\/\/bozita.com\/se\/kattfoder\/nutrition-och-kost\/\" class=\"btn btn-primary\">Se alla artiklar<\/a>\n\t\t\t\t\t\t\t<\/div>\n\t\t\t\t\t\t<\/div>\n\t\t\t\t\t<\/div>\n\t\t\t\t\t\t\t\t\t\t<div class=\"col-md-6 col-lg-3\">\n\t\t\t\t\t\t\t\t\t\t\t\t\t<h6>Aktivera katten<\/h6>\n\t\t\t\t\t\t\t\t\t\t\t\t\t<div class=\"card \">\n\t\t\t\t\t\t\t<img loading=\"lazy\" decoding=\"async\" width=\"1600\" height=\"578\" src=\"https:\/\/bozita.com\/se\/wp-content\/uploads\/sites\/5\/2021\/06\/bozita-aktivera-katt.jpg\" class=\"attachment-post-thumbnail size-post-thumbnail wp-post-image\" alt=\"Aktivera katten\" srcset=\"https:\/\/bozita.com\/se\/wp-content\/uploads\/sites\/5\/2021\/06\/bozita-aktivera-katt.jpg 1600w, https:\/\/bozita.com\/se\/wp-content\/uploads\/sites\/5\/2021\/06\/bozita-aktivera-katt-300x108.jpg 300w, https:\/\/bozita.com\/se\/wp-content\/uploads\/sites\/5\/2021\/06\/bozita-aktivera-katt-1024x370.jpg 1024w, https:\/\/bozita.com\/se\/wp-content\/uploads\/sites\/5\/2021\/06\/bozita-aktivera-katt-768x277.jpg 768w, https:\/\/bozita.com\/se\/wp-content\/uploads\/sites\/5\/2021\/06\/bozita-aktivera-katt-1536x555.jpg 1536w\" sizes=\"(max-width: 1600px) 100vw, 1600px\" \/>\n\t\t\t\t\t\t\t\t\t\t\t\t\t\t<div class=\"card-body\">\n\t\t\t\t\t\t\t\t\n\t\t\t\t\t\t\t\t\t\t\t\t\t\t\t\t\t<ul>\n\t\t\t\t\t\t\t\t\t\t\t\t\t\t\t\t\t\t\t\t\t<li><a href=\"https:\/\/bozita.com\/se\/katt\/aktivera-katten\/aktivera-katten-for-att-den-ska-ma-bra\/\">Aktivera din katt<\/a><\/li>\n\t\t\t\t\t\t\t\t\t\t\t\t\t\t\t\t\t\t\t\t<\/ul>\n\t\t\t\t\t\t\t\t\t\t\t\t\t\t\t\t<a target=\"\" href=\"https:\/\/bozita.com\/se\/katt\/aktivera-katten\/\" class=\"btn btn-primary\">Se alla artiklar<\/a>\n\t\t\t\t\t\t\t<\/div>\n\t\t\t\t\t\t<\/div>\n\t\t\t\t\t<\/div>\n\t\t\t\t\t\t\t\t\t\t<div class=\"col-md-6 col-lg-3\">\n\t\t\t\t\t\t\t\t\t\t\t\t\t<h6>Kattens utveckling<\/h6>\n\t\t\t\t\t\t\t\t\t\t\t\t\t<div class=\"card \">\n\t\t\t\t\t\t\t<img loading=\"lazy\" decoding=\"async\" width=\"800\" height=\"533\" src=\"https:\/\/bozita.com\/se\/wp-content\/uploads\/sites\/5\/2021\/06\/bozita-katt-utveckling.jpg\" class=\"attachment-post-thumbnail size-post-thumbnail wp-post-image\" alt=\"Livet med katt\" srcset=\"https:\/\/bozita.com\/se\/wp-content\/uploads\/sites\/5\/2021\/06\/bozita-katt-utveckling.jpg 800w, https:\/\/bozita.com\/se\/wp-content\/uploads\/sites\/5\/2021\/06\/bozita-katt-utveckling-300x200.jpg 300w, https:\/\/bozita.com\/se\/wp-content\/uploads\/sites\/5\/2021\/06\/bozita-katt-utveckling-768x512.jpg 768w\" sizes=\"(max-width: 800px) 100vw, 800px\" \/>\n\t\t\t\t\t\t\t\t\t\t\t\t\t\t<div class=\"card-body\">\n\t\t\t\t\t\t\t\t\n\t\t\t\t\t\t\t\t\t\t\t\t\t\t\t\t\t<ul>\n\t\t\t\t\t\t\t\t\t\t\t\t\t\t\t\t\t\t\t\t\t<li><a href=\"https:\/\/bozita.com\/se\/katt\/kattens-utveckling\/kan-man-trana-sin-katt-eller-kattunge\/\">Kan man tr\u00e4na sin katt eller kattunge?<\/a><\/li>\n\t\t\t\t\t\t\t\t\t\t\t\t\t\t\t\t\t\t\t\t\t\t<li><a href=\"https:\/\/bozita.com\/se\/katt\/kattens-utveckling\/hur-ska-jag-bast-resa-med-min-katt\/\">Hur ska jag b\u00e4st resa med min katt?<\/a><\/li>\n\t\t\t\t\t\t\t\t\t\t\t\t\t\t\t\t\t\t\t\t\t\t<li><a href=\"https:\/\/bozita.com\/se\/katt\/kattens-utveckling\/kattens-utveckling-pa-vag-mot-vuxenlivet\/\">Kattens utveckling p\u00e5 v\u00e4g mot vuxenlivet<\/a><\/li>\n\t\t\t\t\t\t\t\t\t\t\t\t\t\t\t\t\t\t\t\t<\/ul>\n\t\t\t\t\t\t\t\t\t\t\t\t\t\t\t\t<a target=\"\" href=\"https:\/\/bozita.com\/se\/katt\/kattens-utveckling\/\" class=\"btn btn-primary\">Se alla artiklar<\/a>\n\t\t\t\t\t\t\t<\/div>\n\t\t\t\t\t\t<\/div>\n\t\t\t\t\t<\/div>\n\t\t\t\t\t\t\t\t\t\t<div class=\"col-md-6 col-lg-3\">\n\t\t\t\t\t\t\t\t\t\t\t\t\t<h6>Till dig som ska skaffa katt<\/h6>\n\t\t\t\t\t\t\t\t\t\t\t\t\t<div class=\"card \">\n\t\t\t\t\t\t\t<img loading=\"lazy\" decoding=\"async\" width=\"700\" height=\"469\" src=\"https:\/\/bozita.com\/se\/wp-content\/uploads\/sites\/5\/2021\/08\/Bozita_Kitten_lax_optimized-new-a.png\" class=\"attachment-post-thumbnail size-post-thumbnail wp-post-image\" alt=\"Kattungeresan &#8211; nyhetsbrev f\u00f6r nyblivna kattunge\u00e4gare\" srcset=\"https:\/\/bozita.com\/se\/wp-content\/uploads\/sites\/5\/2021\/08\/Bozita_Kitten_lax_optimized-new-a.png 700w, https:\/\/bozita.com\/se\/wp-content\/uploads\/sites\/5\/2021\/08\/Bozita_Kitten_lax_optimized-new-a-300x201.png 300w\" sizes=\"(max-width: 700px) 100vw, 700px\" \/>\n\t\t\t\t\t\t\t\t\t\t\t\t\t\t<div class=\"card-body\">\n\t\t\t\t\t\t\t\t\n\t\t\t\t\t\t\t\t\t\t\t\t\t\t\t\t\t<ul>\n\t\t\t\t\t\t\t\t\t\t\t\t\t\t\t\t\t\t\t\t\t<li><a href=\"https:\/\/bozita.com\/se\/katt\/kopa-katt\/hur-lange-kan-man-lamna-en-katt-ensam\/\">Hur l\u00e4nge kan man l\u00e4mna en katt ensam?<\/a><\/li>\n\t\t\t\t\t\t\t\t\t\t\t\t\t\t\t\t\t\t\t\t\t\t<li><a href=\"https:\/\/bozita.com\/se\/katt\/kopa-katt\/darfor-bor-du-ha-id-markning-pa-din-katt\/\">D\u00e4rf\u00f6r b\u00f6r du ha ID-m\u00e4rkning p\u00e5 din katt<\/a><\/li>\n\t\t\t\t\t\t\t\t\t\t\t\t\t\t\t\t\t\t\t\t\t\t<li><a href=\"https:\/\/bozita.com\/se\/katt\/kopa-katt\/introducera-en-kattunge-eller-vuxen-katt-till-ett-nytt-hem\/\">Introducera en katt till ett nytt hem<\/a><\/li>\n\t\t\t\t\t\t\t\t\t\t\t\t\t\t\t\t\t\t\t\t<\/ul>\n\t\t\t\t\t\t\t\t\t\t\t\t\t\t\t\t<a target=\"\" href=\"https:\/\/bozita.com\/se\/katt\/kopa-katt\/\" class=\"btn btn-primary\">Se alla artiklar<\/a>\n\t\t\t\t\t\t\t<\/div>\n\t\t\t\t\t\t<\/div>\n\t\t\t\t\t<\/div>\n\t\t\t\t\t\t\t<\/div>\n\t<\/div>\n<\/section>\n","protected":false},"excerpt":{"rendered":"","protected":false},"author":4,"featured_media":1568,"parent":73,"menu_order":0,"comment_status":"closed","ping_status":"closed","template":"guternberg.php","meta":{"footnotes":""},"acf":[],"yoast_head":"<!-- This site is optimized with the Yoast SEO plugin v21.3 - https:\/\/yoast.com\/wordpress\/plugins\/seo\/ -->\n<title>Ta hand om din katt - kattens h\u00e4lsa | Bozita<\/title>\n<meta name=\"description\" content=\"Tips och r\u00e5d om hur du tar hand om din katt: vaccination av katter, kastrering och sterilisering, vad katten ska v\u00e4ga, p\u00e4lsv\u00e5rd och s\u00e4kerhet.\" \/>\n<meta name=\"robots\" content=\"index, follow, max-snippet:-1, max-image-preview:large, max-video-preview:-1\" \/>\n<link rel=\"canonical\" href=\"https:\/\/bozita.com\/se\/katt\/kattens-halsa\/\" \/>\n<meta property=\"og:locale\" content=\"sv_SE\" \/>\n<meta property=\"og:type\" content=\"article\" \/>\n<meta property=\"og:title\" content=\"Ta hand om din katt - kattens h\u00e4lsa | Bozita\" \/>\n<meta property=\"og:description\" content=\"Tips och r\u00e5d om hur du tar hand om din katt: vaccination av katter, kastrering och sterilisering, vad katten ska v\u00e4ga, p\u00e4lsv\u00e5rd och s\u00e4kerhet.\" \/>\n<meta property=\"og:url\" content=\"https:\/\/bozita.com\/se\/katt\/kattens-halsa\/\" \/>\n<meta property=\"og:site_name\" content=\"Bozita Sverige\" \/>\n<meta property=\"article:modified_time\" content=\"2021-08-26T20:43:08+00:00\" \/>\n<meta property=\"og:image\" content=\"https:\/\/bozita.com\/se\/wp-content\/uploads\/sites\/5\/2021\/06\/bozita-katt-halsa.jpg\" \/>\n\t<meta property=\"og:image:width\" content=\"800\" \/>\n\t<meta property=\"og:image:height\" content=\"533\" \/>\n\t<meta property=\"og:image:type\" content=\"image\/jpeg\" \/>\n<meta name=\"twitter:card\" content=\"summary_large_image\" \/>\n<!-- \/ Yoast SEO plugin. -->","yoast_head_json":{"title":"Ta hand om din katt - kattens h\u00e4lsa | Bozita","description":"Tips och r\u00e5d om hur du tar hand om din katt: vaccination av katter, kastrering och sterilisering, vad katten ska v\u00e4ga, p\u00e4lsv\u00e5rd och s\u00e4kerhet.","robots":{"index":"index","follow":"follow","max-snippet":"max-snippet:-1","max-image-preview":"max-image-preview:large","max-video-preview":"max-video-preview:-1"},"canonical":"https:\/\/bozita.com\/se\/katt\/kattens-halsa\/","og_locale":"sv_SE","og_type":"article","og_title":"Ta hand om din katt - kattens h\u00e4lsa | Bozita","og_description":"Tips och r\u00e5d om hur du tar hand om din katt: vaccination av katter, kastrering och sterilisering, vad katten ska v\u00e4ga, p\u00e4lsv\u00e5rd och s\u00e4kerhet.","og_url":"https:\/\/bozita.com\/se\/katt\/kattens-halsa\/","og_site_name":"Bozita Sverige","article_modified_time":"2021-08-26T20:43:08+00:00","og_image":[{"width":800,"height":533,"url":"https:\/\/bozita.com\/se\/wp-content\/uploads\/sites\/5\/2021\/06\/bozita-katt-halsa.jpg","type":"image\/jpeg"}],"twitter_card":"summary_large_image","schema":{"@context":"https:\/\/schema.org","@graph":[{"@type":"WebPage","@id":"https:\/\/bozita.com\/se\/katt\/kattens-halsa\/","url":"https:\/\/bozita.com\/se\/katt\/kattens-halsa\/","name":"Ta hand om din katt - kattens h\u00e4lsa | Bozita","isPartOf":{"@id":"https:\/\/bozita.com\/se\/#website"},"datePublished":"2021-05-25T23:45:41+00:00","dateModified":"2021-08-26T20:43:08+00:00","description":"Tips och r\u00e5d om hur du tar hand om din katt: vaccination av katter, kastrering och sterilisering, vad katten ska v\u00e4ga, p\u00e4lsv\u00e5rd och s\u00e4kerhet.","breadcrumb":{"@id":"https:\/\/bozita.com\/se\/katt\/kattens-halsa\/#breadcrumb"},"inLanguage":"sv-SE","potentialAction":[{"@type":"ReadAction","target":["https:\/\/bozita.com\/se\/katt\/kattens-halsa\/"]}]},{"@type":"BreadcrumbList","@id":"https:\/\/bozita.com\/se\/katt\/kattens-halsa\/#breadcrumb","itemListElement":[{"@type":"ListItem","position":1,"name":"Home","item":"https:\/\/bozita.com\/se\/"},{"@type":"ListItem","position":2,"name":"Livet med katt","item":"https:\/\/bozita.com\/se\/katt\/"},{"@type":"ListItem","position":3,"name":"H\u00e5ll katten frisk"}]},{"@type":"WebSite","@id":"https:\/\/bozita.com\/se\/#website","url":"https:\/\/bozita.com\/se\/","name":"Bozita Sverige","description":"","potentialAction":[{"@type":"SearchAction","target":{"@type":"EntryPoint","urlTemplate":"https:\/\/bozita.com\/se\/?s={search_term_string}"},"query-input":"required name=search_term_string"}],"inLanguage":"sv-SE"}]}},"_links":{"self":[{"href":"https:\/\/bozita.com\/se\/wp-json\/wp\/v2\/pages\/77"}],"collection":[{"href":"https:\/\/bozita.com\/se\/wp-json\/wp\/v2\/pages"}],"about":[{"href":"https:\/\/bozita.com\/se\/wp-json\/wp\/v2\/types\/page"}],"author":[{"embeddable":true,"href":"https:\/\/bozita.com\/se\/wp-json\/wp\/v2\/users\/4"}],"replies":[{"embeddable":true,"href":"https:\/\/bozita.com\/se\/wp-json\/wp\/v2\/comments?post=77"}],"version-history":[{"count":43,"href":"https:\/\/bozita.com\/se\/wp-json\/wp\/v2\/pages\/77\/revisions"}],"predecessor-version":[{"id":3910,"href":"https:\/\/bozita.com\/se\/wp-json\/wp\/v2\/pages\/77\/revisions\/3910"}],"up":[{"embeddable":true,"href":"https:\/\/bozita.com\/se\/wp-json\/wp\/v2\/pages\/73"}],"wp:featuredmedia":[{"embeddable":true,"href":"https:\/\/bozita.com\/se\/wp-json\/wp\/v2\/media\/1568"}],"wp:attachment":[{"href":"https:\/\/bozita.com\/se\/wp-json\/wp\/v2\/media?parent=77"}],"curies":[{"name":"wp","href":"https:\/\/api.w.org\/{rel}","templated":true}]}}