{"id":79,"date":"2021-05-25T23:45:58","date_gmt":"2021-05-25T23:45:58","guid":{"rendered":"https:\/\/bozita.com\/se\/?page_id=79"},"modified":"2021-08-26T20:56:12","modified_gmt":"2021-08-26T20:56:12","slug":"kattens-utveckling","status":"publish","type":"page","link":"https:\/\/bozita.com\/se\/katt\/kattens-utveckling\/","title":{"rendered":"Kattens utveckling"},"content":{"rendered":"\n\t\t<section class=\"small-hero-with-image\">\n\t\t\t\t\t\t\t<img decoding=\"async\" class=\"background-image\" src=\"https:\/\/bozita.com\/se\/wp-content\/uploads\/sites\/5\/2021\/08\/bozita-katt-utveckling-3.jpg\" alt=\"\">\n\t\t\t\t\t\t\t<div class=\"overlay-v1 \">\n\t\t\t\t<div class=\"container\">\n\t\t\t\t\t<div class=\"row\">\n\t\t\t\t\t\t<div class=\"col-md-6 col-lg-5\">\n\t\t\t\t\t\t\t<h5>Kunskap<\/h5><h1>Kattens utveckling<\/h1><p><p>Att vara katt\u00e4gare \u00e4r b\u00e5de h\u00e4rligt, underh\u00e5llande och ibland lite knepigt. Som katt\u00e4gare fr\u00e5gar du dig ibland vad kattens beteende betyder, om du kan skaffa en katt till och hur du b\u00e4st g\u00f6r f\u00f6r att f\u00e5 kattungen att trivas i ert hem och med er familj.<\/p>\n<\/p>\t\t\t\t\t\t<\/div>\n\t\t\t\t\t<\/div>\n\t\t\t\t<\/div>\n\t\t\t<\/div>\n\t\t<\/section>\n\t\t\n\n\t<div class=\"text-box-warp\">\n\t\t<div class=\"container\">\n\t\t\t<div class=\"text-content\">\n\t\t\t\t<p>H\u00e4r f\u00e5r du svar p\u00e5 en del av dina fr\u00e5gor och kan l\u00e4ra dig mer om kattens utveckling, kattens historia och f\u00e5 f\u00f6rst\u00e5else f\u00f6r varf\u00f6r katter g\u00f6r som de g\u00f6r. V\u00e5ra experter p\u00e5 Bozita ger sina b\u00e4sta r\u00e5d kring hur du hj\u00e4lper din katt att trivas med m\u00e4nniskor, hundar och andra katter &#8211; och mycket mer.<\/p>\n<h2><a href=\"https:\/\/bozita.com\/se\/katt\/kattens-utveckling\/socialisering-under-kattungetiden-har-stor-betydelse-for-den-vuxna-kattens-beteende-och-relationen-till-manniskor\/\">Kattungar &#8211; utveckling och socialisering<\/a><\/h2>\n<p>N\u00e4r man skaffar katt \u00e4r det mycket man ska t\u00e4nka p\u00e5 f\u00f6rsta tiden. Framf\u00f6rallt vad g\u00e4ller kattungar och deras utveckling. Upplevelser under kattungens f\u00f6rsta tid i livet har stor betydelse f\u00f6r kattens utveckling, hur den kommer bete sig som vuxen, dess stresst\u00e5lighet och dess f\u00f6rm\u00e5ga att hantera nya situationer. Framf\u00f6rallt h\u00e4ndelser som kattungen upplever under den s\u00e5 kallade socialiseringsperioden har en stark p\u00e5verkan p\u00e5 dess sociala beteende senare i livet. F\u00f6r kattungens utveckling \u00e4r det d\u00e4rf\u00f6r viktigt att denna period omfattar s\u00e5 mycket positiva upplevelser som m\u00f6jligt, \u00e4ven om kattungens relation till m\u00e4nniskor forts\u00e4tter att utvecklas tills den \u00e4r fyra m\u00e5nader gammal.<\/p>\n<h2><a href=\"https:\/\/bozita.com\/se\/katt\/kattens-utveckling\/introducera-en-ny-katt-for-andra-katter\/\">Introducera en ny katt f\u00f6r andra katter<\/a><\/h2>\n<p>Bozitas egen kattexpert Elin Hirsch \u00e4r doktor i etologi med inriktning katters beteende. Ska du skaffa en till katt? I den h\u00e4r artikeln f\u00e5r du tips och r\u00e5d kring hur du lyckas med introduktionen av en ny katt.<\/p>\n<h2><a href=\"https:\/\/bozita.com\/se\/katt\/kattens-utveckling\/introducera-din-katt-for-en-hund-i-tre-enkla-steg\/\">Introducera din katt f\u00f6r en hund i tre steg<\/a><\/h2>\n<p>Att introducera hund f\u00f6r katt och tv\u00e4rt om s\u00e5 att de kan trivas ihop och leva tillsammans brukar oftast g\u00e5 bra, men det kr\u00e4ver tr\u00e4ning och t\u00e5lamod. Det viktigaste du beh\u00f6ver t\u00e4nka p\u00e5 \u00e4r s\u00e4kerheten och att de f\u00e5r r\u00e4tt f\u00f6ruts\u00e4ttningar s\u00e5 att m\u00f6tet blir en s\u00e5 positiv upplevelse som m\u00f6jligt och att de slutligen accepterar varandra. H\u00e4r f\u00f6ljer tre enkla steg du kan f\u00f6lja om du t\u00e4nker skaffa katt och redan har hund.<\/p>\n<h2><a href=\"https:\/\/bozita.com\/se\/katt\/kattens-utveckling\/lar-dig-tolka-din-katts-kroppssprak-och-beteenden\/\">Katters beteende och kroppsspr\u00e5k<\/a><\/h2>\n<p>Som katt\u00e4gare \u00e4r det alltid roligt att l\u00e4ra dig tolka din katts kroppsspr\u00e5k och beteende. Kattens kroppsspr\u00e5k s\u00e4ger mer \u00e4n tusen ord och en katt har m\u00e5nga olika sinnesst\u00e4mningar. Oavsett om du \u00e4r en rutinerad eller ny katt\u00e4gare kan det vara sv\u00e5rt att tolka vad din katt k\u00e4nner och t\u00e4nker \u2013 vissa tecken \u00e4r tydliga medan andra \u00e4r mer subtila. Du kan genom att titta p\u00e5 din katts svans, \u00f6ron och ansikte f\u00f6rst\u00e5 dess signaler och hur den uppfattar vissa situationer.<\/p>\n<h2><a href=\"https:\/\/bozita.com\/se\/katt\/kattens-utveckling\/kattens-historia\/\">Kattens historia<\/a><\/h2>\n<p>Katten har varit domesticerad i flera tusen \u00e5r och har med tiden g\u00e5tt fr\u00e5n att vara skadedjursbek\u00e4mpare till att bli en h\u00f6gt uppskattad familjemedlem.<\/p>\n<h2><a href=\"https:\/\/bozita.com\/se\/katt\/kattens-utveckling\/nagra-snabba-fakta-om-kattens-anatomi-och-fysiologi\/\">Kattens anatomi och fysiologi<\/a><\/h2>\n<p>Katter finns i flera olika raser och typer, men trots detta fungerar deras kroppar p\u00e5 ungef\u00e4r samma s\u00e4tt. De \u00e4r uppbyggda som andra rovdjur med snabba reflexer och smidiga kroppar f\u00f6r att l\u00e4tt kunna smita undan farliga djur eller f\u00e5nga sitt byte under jakt. F\u00f6r att f\u00f6rst\u00e5 din katts beteende och hur kroppen fungerar \u00e4r det bra att ta reda p\u00e5 fakta om kattens anatomi (hur den \u00e4r uppbyggd) och fysiologi (hur den fungerar).<\/p>\n<h2><a href=\"https:\/\/bozita.com\/se\/katt\/kattens-utveckling\/kan-man-trana-sin-katt-eller-kattunge\/\">Kan man tr\u00e4na sin katt eller kattunge?<\/a><\/h2>\n<p>Dags att \u00e5ka till veterin\u00e4ren eller sommarstugan? F\u00f6r m\u00e5nga katter, och katt\u00e4gare, inneb\u00e4r detta en stress d\u00e5 katter \u00e4r vanedjur och finner trygghet i sin k\u00e4nda milj\u00f6. Men resor eller veterin\u00e4rbes\u00f6k beh\u00f6ver inte n\u00f6dv\u00e4ndigtvis kopplas till oro och stress. Det finns metoder som du kan ta hj\u00e4lp av f\u00f6r att tr\u00e4na din katt och kattunge att v\u00e4nja den vid nya saker. P\u00e5 s\u00e5 s\u00e4tt minskar du risken f\u00f6r att dessa situationer upplevs negativt av katten.<\/p>\n<h2><a href=\"https:\/\/bozita.com\/se\/katt\/kattens-utveckling\/kattens-utveckling-pa-vag-mot-vuxenlivet\/\">Kattens utveckling p\u00e5 v\u00e4g mot vuxenlivet<\/a><\/h2>\n<p>Genom att k\u00e4nna till viktiga delar i kattungens utveckling p\u00e5 v\u00e4g mot vuxenlivet kan du som djur\u00e4gare f\u00f6rbereda dig p\u00e5 f\u00f6r\u00e4ndringar som kan ske och anpassa kattens milj\u00f6 efter detta. F\u00f6rberedelser av kattens milj\u00f6 och att se till att denna \u00e4r anpassad efter kattens aktuella behov kommer \u00e4ven \u00f6ka chansen f\u00f6r en fortsatt god relation.<\/p>\n<h2><a href=\"https:\/\/bozita.com\/se\/katt\/kattens-utveckling\/hur-ska-jag-bast-resa-med-min-katt\/\">Hur ska jag b\u00e4st resa med min katt?<\/a><\/h2>\n<p>Att resa med en katt kr\u00e4ver f\u00f6rberedelser oavsett hur l\u00e5ng str\u00e4ckan \u00e4r, hur l\u00e4nge ni ska vara borta och om ni ska resa med bil, t\u00e5g, buss eller flyg. Om du ska resa utomlands med din katt m\u00e5ste du ocks\u00e5 ha koll vilka regler som g\u00e4ller i det land ni ska resa till, till exempel vilka vaccinationer din katt m\u00e5ste ha.<\/p>\n<h2><a href=\"https:\/\/bozita.com\/se\/katt\/kattens-utveckling\/hur-mycket-sover-en-katt\/\">Hur mycket sover en katt?<\/a><\/h2>\n<p>Hur m\u00e5nga timmar en katt sover per dygn \u00e4r individuellt och beror p\u00e5 faktorer som \u00e5lder, aktivitetsniv\u00e5 och personlighet. En \u00e4ldre katt och en aktiv kattunge kan till exempel beh\u00f6va mer s\u00f6mn \u00e4n en stillsam innekatt. M\u00e5nga \u00e4r oroliga f\u00f6r att deras katt sover f\u00f6r l\u00e4nge eller f\u00f6r mycket, men faktum \u00e4r att det \u00e4r v\u00e4ldigt ovanligt att en katt sover f\u00f6r mycket.<\/p>\n\t\t\t<\/div>\n\t\t<\/div>\n\t<\/div>\n\n\n\n\t<section class=\"block explore-other-topics\">\n\t<div class=\"container\">\n\t\t<h2>Utforska andra kategorier<\/h2>\n\t\t<div class=\"row\">\n\t\t\t\t\t\t\t\t<div class=\"col-md-6 col-lg-3\">\n\t\t\t\t\t\t\t\t\t\t\t\t\t<h6>Nutrition och kost<\/h6>\n\t\t\t\t\t\t\t\t\t\t\t\t\t<div class=\"card \">\n\t\t\t\t\t\t\t<img loading=\"lazy\" decoding=\"async\" width=\"800\" height=\"533\" src=\"https:\/\/bozita.com\/se\/wp-content\/uploads\/sites\/5\/2021\/06\/bozita-nutrition-kost-katt.jpg\" class=\"attachment-post-thumbnail size-post-thumbnail wp-post-image\" alt=\"Livet med katt\" srcset=\"https:\/\/bozita.com\/se\/wp-content\/uploads\/sites\/5\/2021\/06\/bozita-nutrition-kost-katt.jpg 800w, https:\/\/bozita.com\/se\/wp-content\/uploads\/sites\/5\/2021\/06\/bozita-nutrition-kost-katt-300x200.jpg 300w, https:\/\/bozita.com\/se\/wp-content\/uploads\/sites\/5\/2021\/06\/bozita-nutrition-kost-katt-768x512.jpg 768w\" sizes=\"(max-width: 800px) 100vw, 800px\" \/>\n\t\t\t\t\t\t\t\t\t\t\t\t\t\t<div class=\"card-body\">\n\t\t\t\t\t\t\t\t\n\t\t\t\t\t\t\t\t\t\t\t\t\t\t\t\t\t<ul>\n\t\t\t\t\t\t\t\t\t\t\t\t\t\t\t\t\t\t\t\t\t<li><a href=\"https:\/\/bozita.com\/se\/kattfoder\/nutrition-och-kost\/vad-ska-man-gora-med-en-katt-som-inte-ater-eller-dricker\/\">Katt som inte \u00e4ter eller dricker?<\/a><\/li>\n\t\t\t\t\t\t\t\t\t\t\t\t\t\t\t\t\t\t\t\t\t\t<li><a href=\"https:\/\/bozita.com\/se\/kattfoder\/nutrition-och-kost\/hur-byter-man-foder-till-en-vuxen-katt\/\">Hur byter man foder till sin katt?<\/a><\/li>\n\t\t\t\t\t\t\t\t\t\t\t\t\t\t\t\t\t\t\t\t\t\t<li><a href=\"https:\/\/bozita.com\/se\/kattfoder\/nutrition-och-kost\/protein-och-starkelse-ar-viktiga-komponenter-i-en-katts-diet\/\">Vad \u00e4ter katter?<\/a><\/li>\n\t\t\t\t\t\t\t\t\t\t\t\t\t\t\t\t\t\t\t\t<\/ul>\n\t\t\t\t\t\t\t\t\t\t\t\t\t\t\t\t<a target=\"\" href=\"https:\/\/bozita.com\/se\/kattfoder\/nutrition-och-kost\/\" class=\"btn btn-primary\">Se alla artiklar<\/a>\n\t\t\t\t\t\t\t<\/div>\n\t\t\t\t\t\t<\/div>\n\t\t\t\t\t<\/div>\n\t\t\t\t\t\t\t\t\t\t<div class=\"col-md-6 col-lg-3\">\n\t\t\t\t\t\t\t\t\t\t\t\t\t<h6>H\u00e5ll katten frisk<\/h6>\n\t\t\t\t\t\t\t\t\t\t\t\t\t<div class=\"card \">\n\t\t\t\t\t\t\t<img loading=\"lazy\" decoding=\"async\" width=\"800\" height=\"533\" src=\"https:\/\/bozita.com\/se\/wp-content\/uploads\/sites\/5\/2021\/06\/bozita-katt-halsa.jpg\" class=\"attachment-post-thumbnail size-post-thumbnail wp-post-image\" alt=\"Livet med katt\" srcset=\"https:\/\/bozita.com\/se\/wp-content\/uploads\/sites\/5\/2021\/06\/bozita-katt-halsa.jpg 800w, https:\/\/bozita.com\/se\/wp-content\/uploads\/sites\/5\/2021\/06\/bozita-katt-halsa-300x200.jpg 300w, https:\/\/bozita.com\/se\/wp-content\/uploads\/sites\/5\/2021\/06\/bozita-katt-halsa-768x512.jpg 768w\" sizes=\"(max-width: 800px) 100vw, 800px\" \/>\n\t\t\t\t\t\t\t\t\t\t\t\t\t\t<div class=\"card-body\">\n\t\t\t\t\t\t\t\t\n\t\t\t\t\t\t\t\t\t\t\t\t\t\t\t\t\t<ul>\n\t\t\t\t\t\t\t\t\t\t\t\t\t\t\t\t\t\t\t\t\t<li><a href=\"https:\/\/bozita.com\/se\/katt\/kattens-halsa\/vaccinera-din-katt-for-att-minska-risken-for-vanliga-sjukdomar\/\">Vaccinera din katt<\/a><\/li>\n\t\t\t\t\t\t\t\t\t\t\t\t\t\t\t\t\t\t\t\t\t\t<li><a href=\"https:\/\/bozita.com\/se\/katt\/kattens-halsa\/att-kastrera-katten-har-manga-fordelar\/\">Att kastrera katten har m\u00e5nga f\u00f6rdelar<\/a><\/li>\n\t\t\t\t\t\t\t\t\t\t\t\t\t\t\t\t\t\t\t\t\t\t<li><a href=\"https:\/\/bozita.com\/se\/katt\/kattens-halsa\/haller-din-katt-ratt-vikt-ta-hjalp-av-var-bedomningsguide\/\">Hur mycket ska en katt v\u00e4ga?<\/a><\/li>\n\t\t\t\t\t\t\t\t\t\t\t\t\t\t\t\t\t\t\t\t<\/ul>\n\t\t\t\t\t\t\t\t\t\t\t\t\t\t\t\t<a target=\"\" href=\"https:\/\/bozita.com\/se\/katt\/kattens-halsa\/\" class=\"btn btn-primary\">Se alla artiklar<\/a>\n\t\t\t\t\t\t\t<\/div>\n\t\t\t\t\t\t<\/div>\n\t\t\t\t\t<\/div>\n\t\t\t\t\t\t\t\t\t\t<div class=\"col-md-6 col-lg-3\">\n\t\t\t\t\t\t\t\t\t\t\t\t\t<h6>Aktivera katten<\/h6>\n\t\t\t\t\t\t\t\t\t\t\t\t\t<div class=\"card \">\n\t\t\t\t\t\t\t<img loading=\"lazy\" decoding=\"async\" width=\"1600\" height=\"578\" src=\"https:\/\/bozita.com\/se\/wp-content\/uploads\/sites\/5\/2021\/06\/bozita-aktivera-katt.jpg\" class=\"attachment-post-thumbnail size-post-thumbnail wp-post-image\" alt=\"Aktivera katten\" srcset=\"https:\/\/bozita.com\/se\/wp-content\/uploads\/sites\/5\/2021\/06\/bozita-aktivera-katt.jpg 1600w, https:\/\/bozita.com\/se\/wp-content\/uploads\/sites\/5\/2021\/06\/bozita-aktivera-katt-300x108.jpg 300w, https:\/\/bozita.com\/se\/wp-content\/uploads\/sites\/5\/2021\/06\/bozita-aktivera-katt-1024x370.jpg 1024w, https:\/\/bozita.com\/se\/wp-content\/uploads\/sites\/5\/2021\/06\/bozita-aktivera-katt-768x277.jpg 768w, https:\/\/bozita.com\/se\/wp-content\/uploads\/sites\/5\/2021\/06\/bozita-aktivera-katt-1536x555.jpg 1536w\" sizes=\"(max-width: 1600px) 100vw, 1600px\" \/>\n\t\t\t\t\t\t\t\t\t\t\t\t\t\t<div class=\"card-body\">\n\t\t\t\t\t\t\t\t\n\t\t\t\t\t\t\t\t\t\t\t\t\t\t\t\t\t<ul>\n\t\t\t\t\t\t\t\t\t\t\t\t\t\t\t\t\t\t\t\t\t<li><a href=\"https:\/\/bozita.com\/se\/katt\/aktivera-katten\/aktivera-katten-for-att-den-ska-ma-bra\/\">Aktivera din katt<\/a><\/li>\n\t\t\t\t\t\t\t\t\t\t\t\t\t\t\t\t\t\t\t\t<\/ul>\n\t\t\t\t\t\t\t\t\t\t\t\t\t\t\t\t<a target=\"\" href=\"https:\/\/bozita.com\/se\/katt\/aktivera-katten\/\" class=\"btn btn-primary\">Se alla artiklar<\/a>\n\t\t\t\t\t\t\t<\/div>\n\t\t\t\t\t\t<\/div>\n\t\t\t\t\t<\/div>\n\t\t\t\t\t\t\t\t\t\t<div class=\"col-md-6 col-lg-3\">\n\t\t\t\t\t\t\t\t\t\t\t\t\t<h6>Till dig som ska skaffa katt<\/h6>\n\t\t\t\t\t\t\t\t\t\t\t\t\t<div class=\"card \">\n\t\t\t\t\t\t\t<img loading=\"lazy\" decoding=\"async\" width=\"700\" height=\"469\" src=\"https:\/\/bozita.com\/se\/wp-content\/uploads\/sites\/5\/2021\/08\/Bozita_Kitten_lax_optimized-new-a.png\" class=\"attachment-post-thumbnail size-post-thumbnail wp-post-image\" alt=\"Kattungeresan &#8211; nyhetsbrev f\u00f6r nyblivna kattunge\u00e4gare\" srcset=\"https:\/\/bozita.com\/se\/wp-content\/uploads\/sites\/5\/2021\/08\/Bozita_Kitten_lax_optimized-new-a.png 700w, https:\/\/bozita.com\/se\/wp-content\/uploads\/sites\/5\/2021\/08\/Bozita_Kitten_lax_optimized-new-a-300x201.png 300w\" sizes=\"(max-width: 700px) 100vw, 700px\" \/>\n\t\t\t\t\t\t\t\t\t\t\t\t\t\t<div class=\"card-body\">\n\t\t\t\t\t\t\t\t\n\t\t\t\t\t\t\t\t\t\t\t\t\t\t\t\t\t<ul>\n\t\t\t\t\t\t\t\t\t\t\t\t\t\t\t\t\t\t\t\t\t<li><a href=\"https:\/\/bozita.com\/se\/katt\/kopa-katt\/hur-lange-kan-man-lamna-en-katt-ensam\/\">Hur l\u00e4nge kan man l\u00e4mna en katt ensam?<\/a><\/li>\n\t\t\t\t\t\t\t\t\t\t\t\t\t\t\t\t\t\t\t\t\t\t<li><a href=\"https:\/\/bozita.com\/se\/katt\/kopa-katt\/darfor-bor-du-ha-id-markning-pa-din-katt\/\">D\u00e4rf\u00f6r b\u00f6r du ha ID-m\u00e4rkning p\u00e5 din katt<\/a><\/li>\n\t\t\t\t\t\t\t\t\t\t\t\t\t\t\t\t\t\t\t\t\t\t<li><a href=\"https:\/\/bozita.com\/se\/katt\/kopa-katt\/introducera-en-kattunge-eller-vuxen-katt-till-ett-nytt-hem\/\">Introducera en katt till ett nytt hem<\/a><\/li>\n\t\t\t\t\t\t\t\t\t\t\t\t\t\t\t\t\t\t\t\t<\/ul>\n\t\t\t\t\t\t\t\t\t\t\t\t\t\t\t\t<a target=\"\" href=\"https:\/\/bozita.com\/se\/katt\/kopa-katt\/\" class=\"btn btn-primary\">Se alla artiklar<\/a>\n\t\t\t\t\t\t\t<\/div>\n\t\t\t\t\t\t<\/div>\n\t\t\t\t\t<\/div>\n\t\t\t\t\t\t\t<\/div>\n\t<\/div>\n<\/section>\n","protected":false},"excerpt":{"rendered":"","protected":false},"author":4,"featured_media":1564,"parent":73,"menu_order":0,"comment_status":"closed","ping_status":"closed","template":"guternberg.php","meta":{"footnotes":""},"acf":[],"yoast_head":"<!-- This site is optimized with the Yoast SEO plugin v21.3 - https:\/\/yoast.com\/wordpress\/plugins\/seo\/ -->\n<title>L\u00e4s om kattens utveckling och bli en bra katt\u00e4gare | Bozita<\/title>\n<meta name=\"description\" content=\"L\u00e4r dig mer om kattens historia, varf\u00f6r katter g\u00f6r som de g\u00f6r, hur du hj\u00e4lper din katt att trivas med m\u00e4nniskor, katter, hundar och andra djur - och mycket mer.\" \/>\n<meta name=\"robots\" content=\"index, follow, max-snippet:-1, max-image-preview:large, max-video-preview:-1\" \/>\n<link rel=\"canonical\" href=\"https:\/\/bozita.com\/se\/katt\/kattens-utveckling\/\" \/>\n<meta property=\"og:locale\" content=\"sv_SE\" \/>\n<meta property=\"og:type\" content=\"article\" \/>\n<meta property=\"og:title\" content=\"L\u00e4s om kattens utveckling och bli en bra katt\u00e4gare | Bozita\" \/>\n<meta property=\"og:description\" content=\"L\u00e4r dig mer om kattens historia, varf\u00f6r katter g\u00f6r som de g\u00f6r, hur du hj\u00e4lper din katt att trivas med m\u00e4nniskor, katter, hundar och andra djur - och mycket mer.\" \/>\n<meta property=\"og:url\" content=\"https:\/\/bozita.com\/se\/katt\/kattens-utveckling\/\" \/>\n<meta property=\"og:site_name\" content=\"Bozita Sverige\" \/>\n<meta property=\"article:modified_time\" content=\"2021-08-26T20:56:12+00:00\" \/>\n<meta property=\"og:image\" content=\"https:\/\/bozita.com\/se\/wp-content\/uploads\/sites\/5\/2021\/06\/bozita-katt-utveckling.jpg\" \/>\n\t<meta property=\"og:image:width\" content=\"800\" \/>\n\t<meta property=\"og:image:height\" content=\"533\" \/>\n\t<meta property=\"og:image:type\" content=\"image\/jpeg\" \/>\n<meta name=\"twitter:card\" content=\"summary_large_image\" \/>\n<!-- \/ Yoast SEO plugin. -->","yoast_head_json":{"title":"L\u00e4s om kattens utveckling och bli en bra katt\u00e4gare | Bozita","description":"L\u00e4r dig mer om kattens historia, varf\u00f6r katter g\u00f6r som de g\u00f6r, hur du hj\u00e4lper din katt att trivas med m\u00e4nniskor, katter, hundar och andra djur - och mycket mer.","robots":{"index":"index","follow":"follow","max-snippet":"max-snippet:-1","max-image-preview":"max-image-preview:large","max-video-preview":"max-video-preview:-1"},"canonical":"https:\/\/bozita.com\/se\/katt\/kattens-utveckling\/","og_locale":"sv_SE","og_type":"article","og_title":"L\u00e4s om kattens utveckling och bli en bra katt\u00e4gare | Bozita","og_description":"L\u00e4r dig mer om kattens historia, varf\u00f6r katter g\u00f6r som de g\u00f6r, hur du hj\u00e4lper din katt att trivas med m\u00e4nniskor, katter, hundar och andra djur - och mycket mer.","og_url":"https:\/\/bozita.com\/se\/katt\/kattens-utveckling\/","og_site_name":"Bozita Sverige","article_modified_time":"2021-08-26T20:56:12+00:00","og_image":[{"width":800,"height":533,"url":"https:\/\/bozita.com\/se\/wp-content\/uploads\/sites\/5\/2021\/06\/bozita-katt-utveckling.jpg","type":"image\/jpeg"}],"twitter_card":"summary_large_image","schema":{"@context":"https:\/\/schema.org","@graph":[{"@type":"WebPage","@id":"https:\/\/bozita.com\/se\/katt\/kattens-utveckling\/","url":"https:\/\/bozita.com\/se\/katt\/kattens-utveckling\/","name":"L\u00e4s om kattens utveckling och bli en bra katt\u00e4gare | Bozita","isPartOf":{"@id":"https:\/\/bozita.com\/se\/#website"},"datePublished":"2021-05-25T23:45:58+00:00","dateModified":"2021-08-26T20:56:12+00:00","description":"L\u00e4r dig mer om kattens historia, varf\u00f6r katter g\u00f6r som de g\u00f6r, hur du hj\u00e4lper din katt att trivas med m\u00e4nniskor, katter, hundar och andra djur - och mycket mer.","breadcrumb":{"@id":"https:\/\/bozita.com\/se\/katt\/kattens-utveckling\/#breadcrumb"},"inLanguage":"sv-SE","potentialAction":[{"@type":"ReadAction","target":["https:\/\/bozita.com\/se\/katt\/kattens-utveckling\/"]}]},{"@type":"BreadcrumbList","@id":"https:\/\/bozita.com\/se\/katt\/kattens-utveckling\/#breadcrumb","itemListElement":[{"@type":"ListItem","position":1,"name":"Home","item":"https:\/\/bozita.com\/se\/"},{"@type":"ListItem","position":2,"name":"Livet med katt","item":"https:\/\/bozita.com\/se\/katt\/"},{"@type":"ListItem","position":3,"name":"Kattens utveckling"}]},{"@type":"WebSite","@id":"https:\/\/bozita.com\/se\/#website","url":"https:\/\/bozita.com\/se\/","name":"Bozita Sverige","description":"","potentialAction":[{"@type":"SearchAction","target":{"@type":"EntryPoint","urlTemplate":"https:\/\/bozita.com\/se\/?s={search_term_string}"},"query-input":"required name=search_term_string"}],"inLanguage":"sv-SE"}]}},"_links":{"self":[{"href":"https:\/\/bozita.com\/se\/wp-json\/wp\/v2\/pages\/79"}],"collection":[{"href":"https:\/\/bozita.com\/se\/wp-json\/wp\/v2\/pages"}],"about":[{"href":"https:\/\/bozita.com\/se\/wp-json\/wp\/v2\/types\/page"}],"author":[{"embeddable":true,"href":"https:\/\/bozita.com\/se\/wp-json\/wp\/v2\/users\/4"}],"replies":[{"embeddable":true,"href":"https:\/\/bozita.com\/se\/wp-json\/wp\/v2\/comments?post=79"}],"version-history":[{"count":39,"href":"https:\/\/bozita.com\/se\/wp-json\/wp\/v2\/pages\/79\/revisions"}],"predecessor-version":[{"id":3900,"href":"https:\/\/bozita.com\/se\/wp-json\/wp\/v2\/pages\/79\/revisions\/3900"}],"up":[{"embeddable":true,"href":"https:\/\/bozita.com\/se\/wp-json\/wp\/v2\/pages\/73"}],"wp:featuredmedia":[{"embeddable":true,"href":"https:\/\/bozita.com\/se\/wp-json\/wp\/v2\/media\/1564"}],"wp:attachment":[{"href":"https:\/\/bozita.com\/se\/wp-json\/wp\/v2\/media?parent=79"}],"curies":[{"name":"wp","href":"https:\/\/api.w.org\/{rel}","templated":true}]}}