{"id":8897,"date":"2023-01-03T10:32:23","date_gmt":"2023-01-03T10:32:23","guid":{"rendered":"https:\/\/bozita.com\/se\/?page_id=8897"},"modified":"2025-01-17T06:17:48","modified_gmt":"2025-01-17T06:17:48","slug":"vi-fyller-120-ar","status":"publish","type":"page","link":"https:\/\/bozita.com\/se\/vi-fyller-120-ar\/","title":{"rendered":"Vi fyller 120 \u00e5r!"},"content":{"rendered":"\t<section class=\"small-hero-with-image-v2\">\n\t\t\t\t\t<img decoding=\"async\" class=\"background-image\" src=\"https:\/\/bozita.com\/se\/wp-content\/uploads\/sites\/5\/2023\/01\/bozita-120-year-background-2.png\" alt=\"\">\n\t\t\t\t\t<div class=\"overlay-v1\">\n\t\t\t<div class=\"container\">\n\t\t\t\t<div class=\"row flex-column-reverse flex-md-row\">\n\t\t\t\t\t<div class=\"col-md-6 col-lg-5\">\n\t\t\t\t\t\t<h5>DAGS ATT FIRA<\/h5><h1>Vi fyller 120 \u00e5r!<\/h1><p><p>P\u00e5 Partner in Pet Food Nordics AB har vi en historia att vara stolta \u00f6ver. I \u00e5r har vi tillverkat h\u00e5llbar djurmat i 120 \u00e5r \u2013 \u00e4nda sedan 1903.<\/p>\n<p>Tillsammans firar vi\u00a0120 \u00e5r av djurfoderhistoria under jubileums\u00e5ret 2023!<\/p>\n<\/p>\t\t\t\t\t<\/div>\n\t\t\t\t\t<div class=\"col-md-6 col-lg-7\">\n\t\t\t\t\t\t\t\t\t\t\t\t\t<img decoding=\"async\" class=\"image\" src=\"https:\/\/bozita.com\/se\/wp-content\/uploads\/sites\/5\/2024\/03\/bozita-compass-600x598-1.png\" alt=\"Bozitas kompass som visar sin vision\">\n\t\t\t\t\t\t\t\t\t\t\t\t<\/div>\n\t\t\t\t<\/div>\n\t\t\t<\/div>\n\t\t<\/div>\n\t<\/section>\n\t\n\n\t<section class=\"block image-text-wrap  image-background\t\">\n\t\t\t\t\t\t<img decoding=\"async\" class=\"background-image\" src=\"https:\/\/bozita.com\/se\/wp-content\/uploads\/sites\/5\/2023\/02\/Grynkvarnen-scaled.jpeg\" alt=\"Grynkvarn i V\u00e5rg\u00e5rda\">\n\t\t\t\t\t\t\t\t<div class=\"overlay\">\n\t\n\t\t\t<div class=\"container\">\n\t\t\t\t<div class=\"row gx-lg-4 \">\n\t\t\t\t\t<div class=\"col-lg-6\">\n\t\t\t\t\t<\/div>\n\t\t\t\t\t<div class=\"col-lg-6\">\n\t\t\t\t\t\t<h6>HUR DET B\u00d6RJADE <\/h6><h2>Fyra generationer senare <\/h2><p><p>V\u00e5r historia tar sin b\u00f6rjan en dag i mitten av 1800-talet, n\u00e4r den unge Aron Heyman g\u00e5r av t\u00e5get p\u00e5 V\u00e5rg\u00e5rda station. P\u00e5 den b\u00f6rdiga V\u00e4stg\u00f6tasl\u00e4tten startade han \u00e5r 1871 en havregrynskvarn.<\/p>\n<p>Tack vare en resa till Skottland, d\u00e4r Aron l\u00e4rde sig att g\u00f6ra \u00e5ngpreparerade havregryn och ta vara p\u00e5 spillet fr\u00e5n kvarnen, kunde v\u00e5rt allra f\u00f6rsta hundfoder V\u00e5rg\u00e5rda Hundmj\u00f6l presenteras \u00e5r 1903.<\/p>\n<p>Detta blev det f\u00f6rsta klivet mot det som idag \u00e4r Partner in Pet Food Nordics AB. Aron Heymans id\u00e9er och vision har f\u00f6rvaltats och f\u00f6rfinats av fyra generationer Heyman till det som k\u00e4nnetecknar f\u00f6retaget \u00e4n idag, mer \u00e4n ett och ett halvt sekel senare, n\u00e4mligen hund- och kattmat av allra h\u00f6gsta kvalitet.<\/p>\n <\/p>\t\t\t\t\t<\/div>\n\t\t\t\t<\/div>\n\t\t\t<\/div>\n\t\t<\/div>\n\t<\/section>\n\n\n\t<section class=\"block image-text-wrap inverse-image-text image-background\t\">\n\t\t\t\t\t\t<img decoding=\"async\" class=\"background-image\" src=\"https:\/\/bozita.com\/se\/wp-content\/uploads\/sites\/5\/2023\/01\/bozita-vargarda.jpg\" alt=\"Landskapsbild med utsikt mot havet\">\n\t\t\t\t\t\t\t\t<div class=\"overlay\">\n\t\n\t\t\t<div class=\"container\">\n\t\t\t\t<div class=\"row gx-lg-4 flex-row-reverse\">\n\t\t\t\t\t<div class=\"col-lg-6\">\n\t\t\t\t\t<\/div>\n\t\t\t\t\t<div class=\"col-lg-6\">\n\t\t\t\t\t\t<h6>KUNSKAP <\/h6><h2>V\u00e5rg\u00e5rda \u00e4r speciellt <\/h2><p><p>H\u00e4r i V\u00e5rg\u00e5rda finns all kunskap vi beh\u00f6ver f\u00f6r att tillaga h\u00f6gkvalitativ mat till fyrbenta v\u00e4nner. Denna lilla ort i V\u00e4sterg\u00f6tlands hj\u00e4rta pr\u00e4glas av fram\u00e5tanda, handlingskraft och gemenskap, som \u00e4ven genomsyrar verksamheten Partner in Pet Food Nordics AB.<\/p>\n<p>Vi utmanar st\u00e4ndigt oss sj\u00e4lva att t\u00e4nka nytt och bli b\u00e4ttre \u00e4n vad vi var ig\u00e5r, inte minst vad g\u00e4ller att g\u00f6ra h\u00e5llbara val i tillverkning, transport och f\u00f6rpackning.<\/p>\n<p>Samtidigt v\u00e4rnar vi om v\u00e5rt ursprung och h\u00e5ller h\u00e5rt p\u00e5 traditionen att det b\u00e4sta djurfodret tillverkas i V\u00e5rg\u00e5rda.<\/p>\n <\/p>\t\t\t\t\t<\/div>\n\t\t\t\t<\/div>\n\t\t\t<\/div>\n\t\t<\/div>\n\t<\/section>\n\n\n\t<section class=\"block image-text-wrap  image-background\t\">\n\t\t\t\t\t\t<img decoding=\"async\" class=\"background-image\" src=\"https:\/\/bozita.com\/se\/wp-content\/uploads\/sites\/5\/2023\/01\/bozita-miljo.jpg\" alt=\"Kossor i h\u00f6stsolen\">\n\t\t\t\t\t\t\t\t<div class=\"overlay\">\n\t\n\t\t\t<div class=\"container\">\n\t\t\t\t<div class=\"row gx-lg-4 \">\n\t\t\t\t\t<div class=\"col-lg-6\">\n\t\t\t\t\t<\/div>\n\t\t\t\t\t<div class=\"col-lg-6\">\n\t\t\t\t\t\t<h6>VARUM\u00c4RKEN <\/h6><h2>K\u00e4rlek fr\u00e5n V\u00e5rg\u00e5rda i varje matsk\u00e5l <\/h2><p><p>Med v\u00e5ra v\u00e4letablerade varum\u00e4rken Doggy, Mjau och Bozita \u00e4r Partner in Pet Food Nordics AB Sveriges st\u00f6rsta tillverkare av hund- och kattmat.<\/p>\n<p>Med de b\u00e4sta r\u00e5varorna, och med omsorg f\u00f6r milj\u00f6n, st\u00e5r vi f\u00f6r naturlig och p\u00e5litlig djurmatstillverkning av h\u00f6g kvalitet. \u201dK\u00e4rlek fr\u00e5n V\u00e5rg\u00e5rda i varje matsk\u00e5l\u201d \u00e4r v\u00e5r sj\u00e4lvklara vision, och den f\u00f6rverkligas varje dag av v\u00e5ra 200 engagerade medarbetare med hj\u00e4rtan som klappar f\u00f6r djurens b\u00e4sta.<\/p>\n<p>Det \u00e4r en vision som varit v\u00e5r ledstj\u00e4rna i 120 \u00e5r och som forts\u00e4tter vara det varje dag, \u00e5ret om.<\/p>\n <\/p>\t\t\t\t\t<\/div>\n\t\t\t\t<\/div>\n\t\t\t<\/div>\n\t\t<\/div>\n\t<\/section>\n","protected":false},"excerpt":{"rendered":"","protected":false},"author":4,"featured_media":0,"parent":0,"menu_order":0,"comment_status":"closed","ping_status":"closed","template":"guternberg.php","meta":{"footnotes":""},"acf":[],"yoast_head":"<!-- This site is optimized with the Yoast SEO plugin v21.3 - https:\/\/yoast.com\/wordpress\/plugins\/seo\/ -->\n<title>Vi fyller 120 \u00e5r! - Bozita Sverige<\/title>\n<meta name=\"robots\" content=\"index, follow, max-snippet:-1, max-image-preview:large, max-video-preview:-1\" \/>\n<link rel=\"canonical\" href=\"https:\/\/bozita.com\/se\/vi-fyller-120-ar\/\" \/>\n<meta property=\"og:locale\" content=\"sv_SE\" \/>\n<meta property=\"og:type\" content=\"article\" \/>\n<meta property=\"og:title\" content=\"Vi fyller 120 \u00e5r! - Bozita Sverige\" \/>\n<meta property=\"og:url\" content=\"https:\/\/bozita.com\/se\/vi-fyller-120-ar\/\" \/>\n<meta property=\"og:site_name\" content=\"Bozita Sverige\" \/>\n<meta property=\"article:modified_time\" content=\"2025-01-17T06:17:48+00:00\" \/>\n<meta name=\"twitter:card\" content=\"summary_large_image\" \/>\n<!-- \/ Yoast SEO plugin. -->","yoast_head_json":{"title":"Vi fyller 120 \u00e5r! - Bozita Sverige","robots":{"index":"index","follow":"follow","max-snippet":"max-snippet:-1","max-image-preview":"max-image-preview:large","max-video-preview":"max-video-preview:-1"},"canonical":"https:\/\/bozita.com\/se\/vi-fyller-120-ar\/","og_locale":"sv_SE","og_type":"article","og_title":"Vi fyller 120 \u00e5r! - Bozita Sverige","og_url":"https:\/\/bozita.com\/se\/vi-fyller-120-ar\/","og_site_name":"Bozita Sverige","article_modified_time":"2025-01-17T06:17:48+00:00","twitter_card":"summary_large_image","schema":{"@context":"https:\/\/schema.org","@graph":[{"@type":"WebPage","@id":"https:\/\/bozita.com\/se\/vi-fyller-120-ar\/","url":"https:\/\/bozita.com\/se\/vi-fyller-120-ar\/","name":"Vi fyller 120 \u00e5r! - Bozita Sverige","isPartOf":{"@id":"https:\/\/bozita.com\/se\/#website"},"datePublished":"2023-01-03T10:32:23+00:00","dateModified":"2025-01-17T06:17:48+00:00","breadcrumb":{"@id":"https:\/\/bozita.com\/se\/vi-fyller-120-ar\/#breadcrumb"},"inLanguage":"sv-SE","potentialAction":[{"@type":"ReadAction","target":["https:\/\/bozita.com\/se\/vi-fyller-120-ar\/"]}]},{"@type":"BreadcrumbList","@id":"https:\/\/bozita.com\/se\/vi-fyller-120-ar\/#breadcrumb","itemListElement":[{"@type":"ListItem","position":1,"name":"Home","item":"https:\/\/bozita.com\/se\/"},{"@type":"ListItem","position":2,"name":"Vi fyller 120 \u00e5r!"}]},{"@type":"WebSite","@id":"https:\/\/bozita.com\/se\/#website","url":"https:\/\/bozita.com\/se\/","name":"Bozita Sverige","description":"","potentialAction":[{"@type":"SearchAction","target":{"@type":"EntryPoint","urlTemplate":"https:\/\/bozita.com\/se\/?s={search_term_string}"},"query-input":"required name=search_term_string"}],"inLanguage":"sv-SE"}]}},"_links":{"self":[{"href":"https:\/\/bozita.com\/se\/wp-json\/wp\/v2\/pages\/8897"}],"collection":[{"href":"https:\/\/bozita.com\/se\/wp-json\/wp\/v2\/pages"}],"about":[{"href":"https:\/\/bozita.com\/se\/wp-json\/wp\/v2\/types\/page"}],"author":[{"embeddable":true,"href":"https:\/\/bozita.com\/se\/wp-json\/wp\/v2\/users\/4"}],"replies":[{"embeddable":true,"href":"https:\/\/bozita.com\/se\/wp-json\/wp\/v2\/comments?post=8897"}],"version-history":[{"count":21,"href":"https:\/\/bozita.com\/se\/wp-json\/wp\/v2\/pages\/8897\/revisions"}],"predecessor-version":[{"id":11095,"href":"https:\/\/bozita.com\/se\/wp-json\/wp\/v2\/pages\/8897\/revisions\/11095"}],"wp:attachment":[{"href":"https:\/\/bozita.com\/se\/wp-json\/wp\/v2\/media?parent=8897"}],"curies":[{"name":"wp","href":"https:\/\/api.w.org\/{rel}","templated":true}]}}