{"id":891,"date":"2021-06-09T22:34:46","date_gmt":"2021-06-09T22:34:46","guid":{"rendered":"https:\/\/bozita.com\/se\/?page_id=891"},"modified":"2024-02-05T13:40:02","modified_gmt":"2024-02-05T13:40:02","slug":"byta-fran-valpfoder-till-vuxenfoder","status":"publish","type":"page","link":"https:\/\/bozita.com\/se\/hundfoder\/nutrition-och-kost\/byta-fran-valpfoder-till-vuxenfoder\/","title":{"rendered":"Byta fr\u00e5n valpfoder till vuxenfoder"},"content":{"rendered":"\t\t<section class=\"small-hero\">\n\t\t\t<div class=\"container\">\n\t\t\t\t<h1 class=\"small-hero-title\">Byta fr\u00e5n valpfoder till vuxenfoder<\/h1>\t\t\t<\/div>\n\t\t\t<\/div>\n\t\t<\/section>\n\t\n\n\t<div class=\"text-box-warp\">\n\t\t<div class=\"container\">\n\t\t\t<div class=\"text-content\">\n\t\t\t\t<p><strong><span style=\"font-size: 16px;\">N\u00e4r ska man byta foder till sin hund? N\u00e4r hunden uppn\u00e5tt sin fulla mankh\u00f6jd och vikt r\u00e4knas den som vuxen rent fysiskt och d\u00e5 \u00e4r det dags att byta fr\u00e5n valpfoder till vuxenfoder. \u00d6verg\u00e5ngen m\u00e5ste g\u00f6ras l\u00e5ngsamt f\u00f6r att inte st\u00f6ra hundens matsm\u00e4ltningsapparat.<\/span><\/strong><\/p>\n<div>\n<h2>N\u00c4R SKA MAN BYTA FR\u00c5N VALPFODER TILL VUXENFODER?<\/h2>\n<p>Bytet fr\u00e5n valpfoder till vuxenfoder b\u00f6r ske n\u00e4r hunden \u00e4r vuxen. En hund r\u00e4knas som vuxen (fysiskt, inte mentalt) n\u00e4r den n\u00e5tt full mankh\u00f6jd och vikt. N\u00e4r det intr\u00e4ffar beror p\u00e5 vilken ras den \u00e4r. Det skiljer m\u00e5nga m\u00e5nader mellan n\u00e4r en riktigt liten hund och en riktigt stor hund n\u00e5r vuxen storlek.<\/p>\n<p>Dv\u00e4rg-, sm\u00e5 och medelstora hundar s\u00e5som chihuahua och springer spaniel n\u00e5r full mankh\u00f6jd och vuxenvikt n\u00e5gonstans runt 8\u201312 m\u00e5naders \u00e5lder. Stora raser som labrador retriever och golden retriever n\u00e5r vuxen storlek n\u00e5got senare, ungef\u00e4r vid 12\u201315 m\u00e5naders \u00e5lder. De riktigt stora raserna \u2013 grand danois, newfoundlandhund med flera \u2013 som ska v\u00e4xa betydligt mer beh\u00f6ver 18\u201324 m\u00e5nader p\u00e5 sig f\u00f6r att n\u00e5 full mankh\u00f6jd och vuxenvikt.<\/p>\n<p><strong>Vidare l\u00e4sning<\/strong><\/p>\n<ul>\n<li><a title=\"Fr\u00e5n valp till vuxen hund\" href=\"https:\/\/bozita.com\/se\/hund\/hundens-utveckling\/valpens-utveckling-fran-valp-till-vuxen-hund\/\">Hundens utveckling fr\u00e5n valp till vuxen \u00e5lder<\/a><\/li>\n<li><a title=\"Utfodring av valp\" href=\"https:\/\/bozita.com\/se\/hundfoder\/nutrition-och-kost\/utfodring-av-valp\/\">Hur mycket ska en valp \u00e4ta, hur ofta och vad \u00e4r b\u00e4sta valpfodret?<\/a><\/li>\n<\/ul>\n<h2>BYTA FODER &#8211; V\u00c4NJ HUNDEN STEG F\u00d6R STEG<\/h2>\n<p>F\u00f6r att undvika problem med magen, exempelvis diarr\u00e9, m\u00e5ste \u00f6verg\u00e5ngen fr\u00e5n valpfoder till vuxenfoder ske gradvis s\u00e5 att hundens matsm\u00e4ltningsapparat hinner v\u00e4nja sig vid det nya fodret. Byt d\u00e4rf\u00f6r ut delar av valpfodret mot vuxenfoder under en period p\u00e5 14\u201328 dagar. \u00d6ka andelen vuxenfoder varannan dag tills du slutligen ger enbart vuxenfoder.<\/p>\n<h2>V\u00c5TFODER GER NYA SMAKUPPLEVELSER OCH \u00c4R EN BRA K\u00c4LLA TILL V\u00c4TSKA<\/h2>\n<p>Hundar har inget st\u00f6rre behov av en varierad kost och om din hund \u00e4r pigg och frisk finns det oftast ingen st\u00f6rre anledning att byta foder. Om du vill ge den nya smak- och konsistensupplevelser kan du ers\u00e4tta delar av torrfodret med v\u00e5tfoder i olika smaker. V\u00e5tfoder \u00e4r dessutom en bra k\u00e4lla till v\u00e4tska och kan med f\u00f6rdel anv\u00e4ndas n\u00e4r du beh\u00f6ver tillf\u00f6ra extra v\u00e4tska, till exempel i samband med h\u00e5rda arbetspass eller varma temperaturer.<\/p>\n<h2>HITTA R\u00c4TT FODER TILL DIN VALP OCH HUND<\/h2>\n<ul>\n<li><a title=\"Hundfoder\" href=\"https:\/\/bozita.com\/se\/hundfoder\/\">Bozita hundfoder<\/a>\u00a0&#8211; se hela v\u00e5rt sortiment av svensktillverkat hundfoder<\/li>\n<li><a title=\"V\u00e5tfoder\" href=\"https:\/\/bozita.com\/se\/hundfoder\/vatfoder\/\">Bozita v\u00e5tfoder hund<\/a><\/li>\n<li><a title=\"Torrfoder\" href=\"https:\/\/bozita.com\/se\/hundfoder\/torrfoder\/\">Bozita torrfoder hund<\/a><\/li>\n<li><a title=\"Valpfoder\" href=\"https:\/\/bozita.com\/se\/hundfoder\/nutrition-och-kost\/draktiga-och-digivande-tikar\/\">Bozita valpfoder och foder f\u00f6r dr\u00e4ktiga och digivande tikar<\/a><\/li>\n<\/ul>\n<\/div>\n\t\t\t<\/div>\n\t\t<\/div>\n\t<\/div>\n\n\n\n\t<section class=\"block related-articles\">\n\t\t<div class=\"container\">\n\t\t\t<h2>Relaterade artiklar<\/h2>\n\t\t\t<div class=\"row justify-content-center\">\n\t\t\t\t\t\t\t\t\t\t<div class=\"col-sm-6 col-md-6 col-lg-3\">\n\t\t\t\t\t\t\t\t\t\t\t\t\t\t<div class=\"card \">\n\t\t\t\t\t\t\t\t\t\t\t\t\t\t\t\t\t<img decoding=\"async\"  src=\"https:\/\/bozita.com\/se\/wp-content\/uploads\/sites\/5\/2021\/07\/bozita-hundens-utveckling-stadier.jpeg\" alt=\"\">\n\t\t\t\t\t\t\t\t\t\t\t\t\t\t\t\t\t<!-- <img decoding=\"async\" src=\"\n\t\t\t\t\t\t\t\t\t\t\t\t\t\t\t\t\t\t\t\t\" alt=\"\n\t\t\t\t\t\t\t\t\t\t\t\t\t\t\t\t\t\t\t\t\t\t\t\t\t\t\t\"> -->\n\t\t\t\t\t\t\t\t<div class=\"card-body\">\n\t\t\t\t\t\t\t\t\t\t\t\t\t\t\t\t\t\t\t<h6>Valpens utveckling &#8211; fr\u00e5n valp till vuxen hund<\/h6>\n\t\t\t\t\t\t\t\t\t\t\t\t\t\t\t\t\t\t\t<a href=\"https:\/\/bozita.com\/se\/hund\/hundens-utveckling\/valpens-utveckling-fran-valp-till-vuxen-hund\/\">L\u00e4s mer &nbsp; ><\/a>\n\t\t\t\t\t\t\t\t<\/div>\n\t\t\t\t\t\t\t<\/div>\n\t\t\t\t\t\t<\/div>\n\n\t\t\t\t\t\t\t\t\t\t\t<div class=\"col-sm-6 col-md-6 col-lg-3\">\n\t\t\t\t\t\t\t\t\t\t\t\t\t\t<div class=\"card \">\n\t\t\t\t\t\t\t\t\t\t\t\t\t\t\t\t\t<img decoding=\"async\"  src=\"https:\/\/bozita.com\/se\/wp-content\/uploads\/sites\/5\/2021\/07\/bozita-hund-tonaring.jpeg\" alt=\"\">\n\t\t\t\t\t\t\t\t\t\t\t\t\t\t\t\t\t<!-- <img decoding=\"async\" src=\"\n\t\t\t\t\t\t\t\t\t\t\t\t\t\t\t\t\t\t\t\t\" alt=\"\n\t\t\t\t\t\t\t\t\t\t\t\t\t\t\t\t\t\t\t\t\t\t\t\t\t\t\t\"> -->\n\t\t\t\t\t\t\t\t<div class=\"card-body\">\n\t\t\t\t\t\t\t\t\t\t\t\t\t\t\t\t\t\t\t<h6>Slyngel\u00e5ldern hund &#8211; tips f\u00f6r hundens ton\u00e5rsperiod<\/h6>\n\t\t\t\t\t\t\t\t\t\t\t\t\t\t\t\t\t\t\t<a href=\"https:\/\/bozita.com\/se\/hund\/hundens-utveckling\/hund-tonaring\/\">L\u00e4s mer &nbsp; ><\/a>\n\t\t\t\t\t\t\t\t<\/div>\n\t\t\t\t\t\t\t<\/div>\n\t\t\t\t\t\t<\/div>\n\n\t\t\t\t\t\t\t\t\t\t\t<div class=\"col-sm-6 col-md-6 col-lg-3\">\n\t\t\t\t\t\t\t\t\t\t\t\t\t\t<div class=\"card \">\n\t\t\t\t\t\t\t\t\t\t\t\t\t\t\t\t\t<img decoding=\"async\"  src=\"https:\/\/bozita.com\/se\/wp-content\/uploads\/sites\/5\/2021\/07\/bozita-hund-borsta-tander-hygien.jpeg\" alt=\"\">\n\t\t\t\t\t\t\t\t\t\t\t\t\t\t\t\t\t<!-- <img decoding=\"async\" src=\"\n\t\t\t\t\t\t\t\t\t\t\t\t\t\t\t\t\t\t\t\t\" alt=\"\n\t\t\t\t\t\t\t\t\t\t\t\t\t\t\t\t\t\t\t\t\t\t\t\t\t\t\t\"> -->\n\t\t\t\t\t\t\t\t<div class=\"card-body\">\n\t\t\t\t\t\t\t\t\t\t\t\t\t\t\t\t\t\t\t<h6>Tandsten hos hund &#8211; hundens t\u00e4nder<\/h6>\n\t\t\t\t\t\t\t\t\t\t\t\t\t\t\t\t\t\t\t<a href=\"https:\/\/bozita.com\/se\/hund\/hundens-halsa\/hundens-munhygien-tander-tandborstning\/\">L\u00e4s mer &nbsp; ><\/a>\n\t\t\t\t\t\t\t\t<\/div>\n\t\t\t\t\t\t\t<\/div>\n\t\t\t\t\t\t<\/div>\n\n\t\t\t\t\t\t\t\t\t\t\t\t<\/div>\n\t\t<\/div>\n\t<\/section>\n","protected":false},"excerpt":{"rendered":"","protected":false},"author":1,"featured_media":3272,"parent":51,"menu_order":0,"comment_status":"closed","ping_status":"closed","template":"guternberg.php","meta":{"footnotes":""},"acf":[],"yoast_head":"<!-- This site is optimized with the Yoast SEO plugin v21.3 - https:\/\/yoast.com\/wordpress\/plugins\/seo\/ -->\n<title>Byta fr\u00e5n valpfoder till vuxenfoder - s\u00e5h\u00e4r g\u00f6r du | Bozita<\/title>\n<meta name=\"description\" content=\"N\u00e4r ska man byta fr\u00e5n valpfoder till vuxenfoder? Byt foder till din valp eller hund steg f\u00f6r steg f\u00f6r att inte st\u00f6ra hundens matsm\u00e4ltningsapparat.\" \/>\n<meta name=\"robots\" content=\"index, follow, max-snippet:-1, max-image-preview:large, max-video-preview:-1\" \/>\n<link rel=\"canonical\" href=\"https:\/\/bozita.com\/se\/hundfoder\/nutrition-och-kost\/byta-fran-valpfoder-till-vuxenfoder\/\" \/>\n<meta property=\"og:locale\" content=\"sv_SE\" \/>\n<meta property=\"og:type\" content=\"article\" \/>\n<meta property=\"og:title\" content=\"Byta fr\u00e5n valpfoder till vuxenfoder - s\u00e5h\u00e4r g\u00f6r du | Bozita\" \/>\n<meta property=\"og:description\" content=\"N\u00e4r ska man byta fr\u00e5n valpfoder till vuxenfoder? Byt foder till din valp eller hund steg f\u00f6r steg f\u00f6r att inte st\u00f6ra hundens matsm\u00e4ltningsapparat.\" \/>\n<meta property=\"og:url\" content=\"https:\/\/bozita.com\/se\/hundfoder\/nutrition-och-kost\/byta-fran-valpfoder-till-vuxenfoder\/\" \/>\n<meta property=\"og:site_name\" content=\"Bozita Sverige\" \/>\n<meta property=\"article:modified_time\" content=\"2024-02-05T13:40:02+00:00\" \/>\n<meta property=\"og:image\" content=\"https:\/\/bozita.com\/se\/wp-content\/uploads\/sites\/5\/2021\/07\/bozita-hund-byta-valpfoder-vuxenfoder.jpeg\" \/>\n\t<meta property=\"og:image:width\" content=\"800\" \/>\n\t<meta property=\"og:image:height\" content=\"532\" \/>\n\t<meta property=\"og:image:type\" content=\"image\/jpeg\" \/>\n<meta name=\"twitter:card\" content=\"summary_large_image\" \/>\n<!-- \/ Yoast SEO plugin. -->","yoast_head_json":{"title":"Byta fr\u00e5n valpfoder till vuxenfoder - s\u00e5h\u00e4r g\u00f6r du | Bozita","description":"N\u00e4r ska man byta fr\u00e5n valpfoder till vuxenfoder? Byt foder till din valp eller hund steg f\u00f6r steg f\u00f6r att inte st\u00f6ra hundens matsm\u00e4ltningsapparat.","robots":{"index":"index","follow":"follow","max-snippet":"max-snippet:-1","max-image-preview":"max-image-preview:large","max-video-preview":"max-video-preview:-1"},"canonical":"https:\/\/bozita.com\/se\/hundfoder\/nutrition-och-kost\/byta-fran-valpfoder-till-vuxenfoder\/","og_locale":"sv_SE","og_type":"article","og_title":"Byta fr\u00e5n valpfoder till vuxenfoder - s\u00e5h\u00e4r g\u00f6r du | Bozita","og_description":"N\u00e4r ska man byta fr\u00e5n valpfoder till vuxenfoder? Byt foder till din valp eller hund steg f\u00f6r steg f\u00f6r att inte st\u00f6ra hundens matsm\u00e4ltningsapparat.","og_url":"https:\/\/bozita.com\/se\/hundfoder\/nutrition-och-kost\/byta-fran-valpfoder-till-vuxenfoder\/","og_site_name":"Bozita Sverige","article_modified_time":"2024-02-05T13:40:02+00:00","og_image":[{"width":800,"height":532,"url":"https:\/\/bozita.com\/se\/wp-content\/uploads\/sites\/5\/2021\/07\/bozita-hund-byta-valpfoder-vuxenfoder.jpeg","type":"image\/jpeg"}],"twitter_card":"summary_large_image","schema":{"@context":"https:\/\/schema.org","@graph":[{"@type":"WebPage","@id":"https:\/\/bozita.com\/se\/hundfoder\/nutrition-och-kost\/byta-fran-valpfoder-till-vuxenfoder\/","url":"https:\/\/bozita.com\/se\/hundfoder\/nutrition-och-kost\/byta-fran-valpfoder-till-vuxenfoder\/","name":"Byta fr\u00e5n valpfoder till vuxenfoder - s\u00e5h\u00e4r g\u00f6r du | Bozita","isPartOf":{"@id":"https:\/\/bozita.com\/se\/#website"},"datePublished":"2021-06-09T22:34:46+00:00","dateModified":"2024-02-05T13:40:02+00:00","description":"N\u00e4r ska man byta fr\u00e5n valpfoder till vuxenfoder? Byt foder till din valp eller hund steg f\u00f6r steg f\u00f6r att inte st\u00f6ra hundens matsm\u00e4ltningsapparat.","breadcrumb":{"@id":"https:\/\/bozita.com\/se\/hundfoder\/nutrition-och-kost\/byta-fran-valpfoder-till-vuxenfoder\/#breadcrumb"},"inLanguage":"sv-SE","potentialAction":[{"@type":"ReadAction","target":["https:\/\/bozita.com\/se\/hundfoder\/nutrition-och-kost\/byta-fran-valpfoder-till-vuxenfoder\/"]}]},{"@type":"BreadcrumbList","@id":"https:\/\/bozita.com\/se\/hundfoder\/nutrition-och-kost\/byta-fran-valpfoder-till-vuxenfoder\/#breadcrumb","itemListElement":[{"@type":"ListItem","position":1,"name":"Home","item":"https:\/\/bozita.com\/se\/"},{"@type":"ListItem","position":2,"name":"Hundfoder","item":"https:\/\/bozita.com\/se\/hundfoder\/"},{"@type":"ListItem","position":3,"name":"Nutrition och kost","item":"https:\/\/bozita.com\/se\/hundfoder\/nutrition-och-kost\/"},{"@type":"ListItem","position":4,"name":"Byta fr\u00e5n valpfoder till vuxenfoder"}]},{"@type":"WebSite","@id":"https:\/\/bozita.com\/se\/#website","url":"https:\/\/bozita.com\/se\/","name":"Bozita Sverige","description":"","potentialAction":[{"@type":"SearchAction","target":{"@type":"EntryPoint","urlTemplate":"https:\/\/bozita.com\/se\/?s={search_term_string}"},"query-input":"required name=search_term_string"}],"inLanguage":"sv-SE"}]}},"_links":{"self":[{"href":"https:\/\/bozita.com\/se\/wp-json\/wp\/v2\/pages\/891"}],"collection":[{"href":"https:\/\/bozita.com\/se\/wp-json\/wp\/v2\/pages"}],"about":[{"href":"https:\/\/bozita.com\/se\/wp-json\/wp\/v2\/types\/page"}],"author":[{"embeddable":true,"href":"https:\/\/bozita.com\/se\/wp-json\/wp\/v2\/users\/1"}],"replies":[{"embeddable":true,"href":"https:\/\/bozita.com\/se\/wp-json\/wp\/v2\/comments?post=891"}],"version-history":[{"count":56,"href":"https:\/\/bozita.com\/se\/wp-json\/wp\/v2\/pages\/891\/revisions"}],"predecessor-version":[{"id":10097,"href":"https:\/\/bozita.com\/se\/wp-json\/wp\/v2\/pages\/891\/revisions\/10097"}],"up":[{"embeddable":true,"href":"https:\/\/bozita.com\/se\/wp-json\/wp\/v2\/pages\/51"}],"wp:featuredmedia":[{"embeddable":true,"href":"https:\/\/bozita.com\/se\/wp-json\/wp\/v2\/media\/3272"}],"wp:attachment":[{"href":"https:\/\/bozita.com\/se\/wp-json\/wp\/v2\/media?parent=891"}],"curies":[{"name":"wp","href":"https:\/\/api.w.org\/{rel}","templated":true}]}}