{"id":8919,"date":"2023-01-04T13:58:44","date_gmt":"2023-01-04T13:58:44","guid":{"rendered":"https:\/\/bozita.com\/se\/?page_id=8919"},"modified":"2025-11-20T10:23:43","modified_gmt":"2025-11-20T10:23:43","slug":"var-filosofi","status":"publish","type":"page","link":"https:\/\/bozita.com\/se\/var-filosofi\/","title":{"rendered":"V\u00e5r filosofi"},"content":{"rendered":"<section class=\"small-hero-with-gradient-overlay version-1\">\n\t\t\t\t\t\t\t\t<img decoding=\"async\" class=\"background-image\" src=\"https:\/\/bozita.com\/se\/wp-content\/uploads\/sites\/5\/2023\/01\/bozita-our-philosophy-hero.jpg\" alt=\"Landskapsbild\">\n\t\t\t\t\t\t\t\n\t\t<div class=\"overlay\">\n\t\t\t<div class=\"container\">\n\t\t\t\t<div class=\"row\">\n\t\t\t\t<div class=\"col-md-6 col-lg-4 text-center\">\n\t\t\t\t\t\t\t\t\t\t\t\t\t<img decoding=\"async\" class=\"image\" src=\"https:\/\/bozita.com\/se\/wp-content\/uploads\/sites\/5\/2023\/01\/Our-Philosophy-Compass_Complete.svg\" alt=\"\">\n\t\t\t\t\t\t\t\t\t\t\t\t<\/div>\n\t\t\t\t\t<div class=\"col-md-6 col-lg-8\">\n\t\t\t\t\t\t<h5>THE BOZITA COMPASS<\/h5><h1>V\u00e5r filosofi<\/h1><p><h4>Vi har samlat hela v\u00e5r filosofi i kompassen<\/h4>\n<p>V\u00e5r filosofi \u00e4r att Bozita ska vara lika bra f\u00f6r djuren som f\u00f6r v\u00e5r omv\u00e4rld. F\u00f6r att du enkelt ska hitta v\u00e4gen till produkter som \u00e4r lika bra f\u00f6r b\u00e5de djur och natur skapade vi v\u00e5r kompass. Den inneh\u00e5ller de fem saker som g\u00f6r mat fr\u00e5n Bozita oslagbar; h\u00f6gkvalitativ och n\u00e4ringsrik mat producerad i Sverige av f\u00f6rstklassiga, naturliga r\u00e5varor och utan on\u00f6diga tillsatser. Lika bra f\u00f6r din hund eller katt som f\u00f6r omv\u00e4rlden.<\/p>\n<p>LET BOZITA LEAD THE WAY<\/p>\n<\/p>\t\t\t\t\t<\/div>               \n\t\t\t\t<\/div>\n\t\t\t<\/div>\n\t\t<\/div>\n\t<\/section>\n\t\t\n\n\n\t<section class=\"block two-column-image-with-textbox \">\n\t\t<div class=\"container\">\n\t\t\t\t\t\t\t\t<div class=\"mb-5 no-gutters row align-items-center \n\t\t\t\t\t\t\t\t\t\t\t\t\t\t\t\t\t\t\t\t\t\t\t\">\n\t\t\t\t\t\t<div class=\"col-md-6\">\n\t\t\t\t\t\t\t\t\t\t\t\t\t\t\t\t<figure>\n\t\t\t\t\t\t\t\t\t\t\t\t\t\t\t\t\t\t\t\t\t<img decoding=\"async\" class=\"\" src=\"https:\/\/bozita.com\/se\/wp-content\/uploads\/sites\/5\/2023\/01\/bozita-our-philosophy-made-in-sweden.jpg\" alt=\"Vinterlandskap\">\n\t\t\t\t\t\t\t\t\t\t\t\t\t\t\t\t\t\t\t\t\t\t\t\t\t\t\t\t\t\t\t<img decoding=\"async\" class=\"logo\" src=\"https:\/\/bozita.com\/se\/wp-content\/uploads\/sites\/5\/2023\/01\/Our-Philosophy-Compass_Made-In-Sweden.svg\" alt=\"\">\n\t\t\t\t\t\t\t\t\t\t\t\t\t\t\t\t\t\t\t<\/figure>\n\t\t\t\t\t\t\t\t\t\t\t\t\t\t\t<\/div>\n\t\t\t\t\t\t<div class=\"col-md-6\">\n\t\t\t\t\t\t\t<div class=\"content-wrap\">\n\t\t\t\t\t\t\t\t<h2>Made in Sweden <\/h2><p><p><strong>N\u00e4stan all v\u00e5r djurmat \u00e4r producerad i V\u00e5rg\u00e5rda, och v\u00e5r produktion har varit kvalitetscertifierad sedan l\u00e4nge.<\/strong><\/p>\n<p>Ingredienserna kommer fr\u00e5n svenska lantbrukare, s\u00e5 l\u00e5ngt det \u00e4r m\u00f6jligt, och fr\u00e5n leverant\u00f6rer vi k\u00e4nner och litar p\u00e5. Vi v\u00e4rdes\u00e4tter h\u00f6gkvalitativa ingredienser eftersom vi f\u00f6rst\u00e5r vikten av att ge din lurviga f\u00f6ljeslagare det b\u00e4sta.<\/p>\n <\/p>\t\t\t\t\t\t\t\t\t<a target=\"\" href=\"https:\/\/bozita.com\/se\/var-filosofi\/made-in-sweden\/\" class=\"btn btn-white\">L\u00c4S MER<\/a>\n\t\t\t\t\t\t\t\t\t\t\t\t\t\t\t\t<\/div>\n\t\t\t\t\t\t<\/div>\n\t\t\t\t\t<\/div>\n\t\t\t\t\t\t\t\t\t\t<div class=\"mb-5 no-gutters row align-items-center \n\t\t\t\t\tflex-row-reverse\t\t\t\t\t\t\t\t\t\t\t\t\t\t\t\t\t\t\">\n\t\t\t\t\t\t<div class=\"col-md-6\">\n\t\t\t\t\t\t\t\t\t\t\t\t\t\t\t\t<figure>\n\t\t\t\t\t\t\t\t\t\t\t\t\t\t\t\t\t\t\t\t\t<img decoding=\"async\" class=\"\" src=\"https:\/\/bozita.com\/se\/wp-content\/uploads\/sites\/5\/2024\/01\/bozita-blueberries-sweden-our-philosophy.jpg\" alt=\"Bl\u00e5b\u00e4r p\u00e5 en buske\">\n\t\t\t\t\t\t\t\t\t\t\t\t\t\t\t\t\t\t\t\t\t\t\t\t\t\t\t\t\t\t\t<img decoding=\"async\" class=\"logo\" src=\"https:\/\/bozita.com\/se\/wp-content\/uploads\/sites\/5\/2023\/01\/Our-Philosophy-Compass_Pure-Ingredients.svg\" alt=\"\">\n\t\t\t\t\t\t\t\t\t\t\t\t\t\t\t\t\t\t\t<\/figure>\n\t\t\t\t\t\t\t\t\t\t\t\t\t\t\t<\/div>\n\t\t\t\t\t\t<div class=\"col-md-6\">\n\t\t\t\t\t\t\t<div class=\"content-wrap\">\n\t\t\t\t\t\t\t\t<h2>Naturliga r\u00e5varor <\/h2><p><p><strong>100 % h\u00f6g kvalitet och tillverkat med naturliga ingredienser.<\/strong><\/p>\n<p>Vi anv\u00e4nder smakrika och f\u00e4rskt f\u00f6rberedda ingredienser i v\u00e5r mat, utan tillsatt socker. V\u00e5ra husdjur f\u00f6rtj\u00e4nar lika god mat som vi, d\u00e4rf\u00f6r anv\u00e4nder vi endast k\u00f6ttprotein godk\u00e4nda f\u00f6r m\u00e4nsklig konsumtion.<\/p>\n <\/p>\t\t\t\t\t\t\t\t\t<a target=\"\" href=\"https:\/\/bozita.com\/se\/var-filosofi\/naturliga-ravaror\/\" class=\"btn btn-white\">L\u00c4S MER<\/a>\n\t\t\t\t\t\t\t\t\t\t\t\t\t\t\t\t<\/div>\n\t\t\t\t\t\t<\/div>\n\t\t\t\t\t<\/div>\n\t\t\t\t\t\t\t\t\t\t<div class=\"mb-5 no-gutters row align-items-center \n\t\t\t\t\t\t\t\t\t\t\t\t\t\t\t\t\t\t\t\t\t\t\t\">\n\t\t\t\t\t\t<div class=\"col-md-6\">\n\t\t\t\t\t\t\t\t\t\t\t\t\t\t\t\t<figure>\n\t\t\t\t\t\t\t\t\t\t\t\t\t\t\t\t\t\t\t\t\t<img decoding=\"async\" class=\"\" src=\"https:\/\/bozita.com\/se\/wp-content\/uploads\/sites\/5\/2023\/01\/bozita-our-philosophy-sustainable-at-heart.jpg\" alt=\"Vindkraftverk i dimma\">\n\t\t\t\t\t\t\t\t\t\t\t\t\t\t\t\t\t\t\t\t\t\t\t\t\t\t\t\t\t\t\t<img decoding=\"async\" class=\"logo\" src=\"https:\/\/bozita.com\/se\/wp-content\/uploads\/sites\/5\/2023\/01\/Our-Philosophy-Compass_Sustainable-At-Heart.svg\" alt=\"\">\n\t\t\t\t\t\t\t\t\t\t\t\t\t\t\t\t\t\t\t<\/figure>\n\t\t\t\t\t\t\t\t\t\t\t\t\t\t\t<\/div>\n\t\t\t\t\t\t<div class=\"col-md-6\">\n\t\t\t\t\t\t\t<div class=\"content-wrap\">\n\t\t\t\t\t\t\t\t<h2>H\u00e5llbart f\u00f6r djur och natur <\/h2><p><p><strong>V\u00e5r produktion drivs till 100 % av energi fr\u00e5n f\u00f6rnyelsebara k\u00e4llor.<\/strong><\/p>\n<p>Vi har byggt v\u00e5r verksamhet genom l\u00e5ngvariga relationer &#8211; och detta str\u00e4cker sig till v\u00e5rt f\u00f6rh\u00e5llande till naturen. Eventuellt avfall omvandlas till biogas och vi har ett m\u00e5l att g\u00f6ra allt v\u00e5rt f\u00f6rpackningsmaterial \u00e5tervinningsbart.<\/p>\n <\/p>\t\t\t\t\t\t\t\t\t<a target=\"\" href=\"https:\/\/bozita.com\/se\/var-filosofi\/hallbart-for-djur-och-natur\/\" class=\"btn btn-white\">L\u00c4S MER<\/a>\n\t\t\t\t\t\t\t\t\t\t\t\t\t\t\t\t<\/div>\n\t\t\t\t\t\t<\/div>\n\t\t\t\t\t<\/div>\n\t\t\t\t\t\t\t\t\t\t<div class=\"mb-5 no-gutters row align-items-center \n\t\t\t\t\tflex-row-reverse\t\t\t\t\t\t\t\t\t\t\t\t\t\t\t\t\t\t\">\n\t\t\t\t\t\t<div class=\"col-md-6\">\n\t\t\t\t\t\t\t\t\t\t\t\t\t\t\t\t<figure>\n\t\t\t\t\t\t\t\t\t\t\t\t\t\t\t\t\t\t\t\t\t<img decoding=\"async\" class=\"\" src=\"https:\/\/bozita.com\/se\/wp-content\/uploads\/sites\/5\/2024\/01\/bozita-sheltie-forest-sweden-our-philosophy-v1.jpg\" alt=\"Sheltievalp i skogen\">\n\t\t\t\t\t\t\t\t\t\t\t\t\t\t\t\t\t\t\t\t\t\t\t\t\t\t\t\t\t\t\t<img decoding=\"async\" class=\"logo\" src=\"https:\/\/bozita.com\/se\/wp-content\/uploads\/sites\/5\/2023\/01\/Our-Philosophy-Compass_Wholesome-Nutrition.svg\" alt=\"\">\n\t\t\t\t\t\t\t\t\t\t\t\t\t\t\t\t\t\t\t<\/figure>\n\t\t\t\t\t\t\t\t\t\t\t\t\t\t\t<\/div>\n\t\t\t\t\t\t<div class=\"col-md-6\">\n\t\t\t\t\t\t\t<div class=\"content-wrap\">\n\t\t\t\t\t\t\t\t<h2>N\u00e4ringsrik mat <\/h2><p><p><strong>R\u00e4tt n\u00e4ring \u00e4r avg\u00f6rande f\u00f6r v\u00e5rt v\u00e4lbefinnande, och samma g\u00e4ller f\u00f6r v\u00e5ra hundar och katter.<\/strong><\/p>\n<p>Alla v\u00e5ra recept utvecklas av nutritionister som specialiserar sig p\u00e5 hundar och katter. S\u00e5 du kan vara s\u00e4ker p\u00e5 att din lurviga v\u00e4n f\u00e5r r\u00e4tt protein, fett, mineraler och vitaminer &#8211; allt i r\u00e4tt proportioner.<\/p>\n <\/p>\t\t\t\t\t\t\t\t\t<a target=\"\" href=\"https:\/\/bozita.com\/se\/var-filosofi\/naringsrik-mat\/\" class=\"btn btn-white\">L\u00c4S MER<\/a>\n\t\t\t\t\t\t\t\t\t\t\t\t\t\t\t\t<\/div>\n\t\t\t\t\t\t<\/div>\n\t\t\t\t\t<\/div>\n\t\t\t\t\t\t\t\t\t\t<div class=\"mb-5 no-gutters row align-items-center \n\t\t\t\t\t\t\t\t\t\t\t\t\t\t\t\t\t\t\t\t\t\t\t\">\n\t\t\t\t\t\t<div class=\"col-md-6\">\n\t\t\t\t\t\t\t\t\t\t\t\t\t\t\t\t<figure>\n\t\t\t\t\t\t\t\t\t\t\t\t\t\t\t\t\t\t\t\t\t<img decoding=\"async\" class=\"\" src=\"https:\/\/bozita.com\/se\/wp-content\/uploads\/sites\/5\/2023\/01\/bozita-our-philosophy-respect-for-animals.jpg\" alt=\"Ren i dimma\">\n\t\t\t\t\t\t\t\t\t\t\t\t\t\t\t\t\t\t\t\t\t\t\t\t\t\t\t\t\t\t\t<img decoding=\"async\" class=\"logo\" src=\"https:\/\/bozita.com\/se\/wp-content\/uploads\/sites\/5\/2023\/01\/Our-Philosophy-Compass_Respect-For-Animals.svg\" alt=\"\">\n\t\t\t\t\t\t\t\t\t\t\t\t\t\t\t\t\t\t\t<\/figure>\n\t\t\t\t\t\t\t\t\t\t\t\t\t\t\t<\/div>\n\t\t\t\t\t\t<div class=\"col-md-6\">\n\t\t\t\t\t\t\t<div class=\"content-wrap\">\n\t\t\t\t\t\t\t\t<h2>Respekt f\u00f6r djur <\/h2><p><p><strong>Vi f\u00f6rst\u00e5r hur v\u00e4rdefulla djur \u00e4r: v\u00e5r verksamhet skulle inte kunna existera utan dem.<\/strong><\/p>\n<p>D\u00e4rf\u00f6r anv\u00e4nder vi ingredienser fr\u00e5n den svenska naturen i v\u00e5ra produkter, s\u00e5 l\u00e5ngt det \u00e4r m\u00f6jligt, och samarbetar med producenter som delar v\u00e5r filosofi. F\u00f6r att s\u00e4kerst\u00e4lla att allt vi g\u00f6r skyddar djurens v\u00e4rdighet och ger dem den n\u00e4ring de beh\u00f6ver.<\/p>\n <\/p>\t\t\t\t\t\t\t\t\t<a target=\"\" href=\"https:\/\/bozita.com\/se\/var-filosofi\/respekt-for-djur\/\" class=\"btn btn-white\">L\u00c4S MER<\/a>\n\t\t\t\t\t\t\t\t\t\t\t\t\t\t\t\t<\/div>\n\t\t\t\t\t\t<\/div>\n\t\t\t\t\t<\/div>\n\t\t\t\t\t\t\t<\/div>\n\t<\/section>\n\n\n\t<section class=\"block discover-our-product\">\n\t\t<div class=\"container\">\n\t\t\t\t\t\t\t<h5>\n\t\t\t\t\tSWEDISH NATURAL QUALITY\t\t\t\t<\/h5>\n\t\t\t\t\t\t\t\t\t\t\t<h2>\n\t\t\t\t\tUppt\u00e4ck v\u00e5ra produkter\t\t\t\t<\/h2>\n\n\t\t\t\t\t\t\t\n\t\t\t<div class=\"row align-items-center\">\n\t\t\t\t<div class=\"col-md-6\">\n\t\t\t\t\t<div class=\"\">\n\t\t\t\t\t\t\t\t\t\t\t\t<img decoding=\"async\" src=\"https:\/\/bozita.com\/se\/wp-content\/uploads\/sites\/5\/2025\/11\/CatDogCompass.png\" alt=\"\">\n\t\t\t\t\t\t\t\t\t\t\t<\/div>\n\t\t\t\t<\/div>\n\t\t\t\t<div class=\"col-md-6\">\n\t\t\t\t\t<p><strong>Svensk Natural Quality handlar om mer \u00e4n maten i sk\u00e5len. Det p\u00e5verkar varje del av v\u00e5r process, fr\u00e5n de ingredienser vi anv\u00e4nder till k\u00f6ket vi lagar maten i.<\/strong><\/p>\n<p>Efter mer \u00e4n 100 \u00e5r har vi l\u00e4rt oss att sj\u00e4lva tillverkningen av v\u00e5rt katt- och hundfoder \u00e4r minst lika viktigt som hur det smakar. Genom att anv\u00e4nda naturliga ingredienser och tillverkningsmetoder noggrant f\u00f6rfinade genom decennier av k\u00e4rleksfullt arbete, s\u00e5 producerar vi katt- och hundfoder som verkligen \u00e5terspeglar den svenska vildmarken \u2013 och det \u00e4r d\u00e4rf\u00f6r vi kallar det Swedish Natural Quality.<\/p>\n\t\t\t\t\t<div class=\"cta-button\">\n\t\t\t\t\t\t\t\t\t\t\t\t\t<a target=\"\" href=\"https:\/\/bozita.com\/se\/hundfoder\/\" class=\"btn btn-primary\">\n\t\t\t\t\t\t\t\tUPPT\u00c4CK V\u00c5R HUNDMAT\t\t\t\t\t\t\t<\/a>\n\t\t\t\t\t\t\t\t\t\t\t\t\t\t\t\t\t\t\t\t<a target=\"\" href=\"https:\/\/bozita.com\/se\/kattfoder\/\" class=\"btn btn-primary\">\n\t\t\t\t\t\t\t\tUPPT\u00c4CK V\u00c5R KATTMAT\t\t\t\t\t\t\t<\/a>\n\t\t\t\t\t\t\t\t\t\t\t\t<\/div>\n\t\t\t\t<\/div>\n\t\t\t<\/div>\n\t\t<\/div>\n\t<\/section>\n","protected":false},"excerpt":{"rendered":"","protected":false},"author":4,"featured_media":0,"parent":0,"menu_order":0,"comment_status":"closed","ping_status":"closed","template":"guternberg.php","meta":{"footnotes":""},"acf":[],"yoast_head":"<!-- This site is optimized with the Yoast SEO plugin v21.3 - https:\/\/yoast.com\/wordpress\/plugins\/seo\/ -->\n<title>V\u00e5r filosofi - Bozita Sverige<\/title>\n<meta name=\"robots\" content=\"index, follow, max-snippet:-1, max-image-preview:large, max-video-preview:-1\" \/>\n<link rel=\"canonical\" href=\"https:\/\/bozita.com\/se\/var-filosofi\/\" \/>\n<meta property=\"og:locale\" content=\"sv_SE\" \/>\n<meta property=\"og:type\" content=\"article\" \/>\n<meta property=\"og:title\" content=\"V\u00e5r filosofi - Bozita Sverige\" \/>\n<meta property=\"og:url\" content=\"https:\/\/bozita.com\/se\/var-filosofi\/\" \/>\n<meta property=\"og:site_name\" content=\"Bozita Sverige\" \/>\n<meta property=\"article:modified_time\" content=\"2025-11-20T10:23:43+00:00\" \/>\n<meta name=\"twitter:card\" content=\"summary_large_image\" \/>\n<!-- \/ Yoast SEO plugin. -->","yoast_head_json":{"title":"V\u00e5r filosofi - Bozita Sverige","robots":{"index":"index","follow":"follow","max-snippet":"max-snippet:-1","max-image-preview":"max-image-preview:large","max-video-preview":"max-video-preview:-1"},"canonical":"https:\/\/bozita.com\/se\/var-filosofi\/","og_locale":"sv_SE","og_type":"article","og_title":"V\u00e5r filosofi - Bozita Sverige","og_url":"https:\/\/bozita.com\/se\/var-filosofi\/","og_site_name":"Bozita Sverige","article_modified_time":"2025-11-20T10:23:43+00:00","twitter_card":"summary_large_image","schema":{"@context":"https:\/\/schema.org","@graph":[{"@type":"WebPage","@id":"https:\/\/bozita.com\/se\/var-filosofi\/","url":"https:\/\/bozita.com\/se\/var-filosofi\/","name":"V\u00e5r filosofi - Bozita Sverige","isPartOf":{"@id":"https:\/\/bozita.com\/se\/#website"},"datePublished":"2023-01-04T13:58:44+00:00","dateModified":"2025-11-20T10:23:43+00:00","breadcrumb":{"@id":"https:\/\/bozita.com\/se\/var-filosofi\/#breadcrumb"},"inLanguage":"sv-SE","potentialAction":[{"@type":"ReadAction","target":["https:\/\/bozita.com\/se\/var-filosofi\/"]}]},{"@type":"BreadcrumbList","@id":"https:\/\/bozita.com\/se\/var-filosofi\/#breadcrumb","itemListElement":[{"@type":"ListItem","position":1,"name":"Home","item":"https:\/\/bozita.com\/se\/"},{"@type":"ListItem","position":2,"name":"V\u00e5r filosofi"}]},{"@type":"WebSite","@id":"https:\/\/bozita.com\/se\/#website","url":"https:\/\/bozita.com\/se\/","name":"Bozita Sverige","description":"","potentialAction":[{"@type":"SearchAction","target":{"@type":"EntryPoint","urlTemplate":"https:\/\/bozita.com\/se\/?s={search_term_string}"},"query-input":"required name=search_term_string"}],"inLanguage":"sv-SE"}]}},"_links":{"self":[{"href":"https:\/\/bozita.com\/se\/wp-json\/wp\/v2\/pages\/8919"}],"collection":[{"href":"https:\/\/bozita.com\/se\/wp-json\/wp\/v2\/pages"}],"about":[{"href":"https:\/\/bozita.com\/se\/wp-json\/wp\/v2\/types\/page"}],"author":[{"embeddable":true,"href":"https:\/\/bozita.com\/se\/wp-json\/wp\/v2\/users\/4"}],"replies":[{"embeddable":true,"href":"https:\/\/bozita.com\/se\/wp-json\/wp\/v2\/comments?post=8919"}],"version-history":[{"count":41,"href":"https:\/\/bozita.com\/se\/wp-json\/wp\/v2\/pages\/8919\/revisions"}],"predecessor-version":[{"id":12067,"href":"https:\/\/bozita.com\/se\/wp-json\/wp\/v2\/pages\/8919\/revisions\/12067"}],"wp:attachment":[{"href":"https:\/\/bozita.com\/se\/wp-json\/wp\/v2\/media?parent=8919"}],"curies":[{"name":"wp","href":"https:\/\/api.w.org\/{rel}","templated":true}]}}