{"id":8929,"date":"2023-01-04T14:02:23","date_gmt":"2023-01-04T14:02:23","guid":{"rendered":"https:\/\/bozita.com\/se\/?page_id=8929"},"modified":"2026-02-11T12:36:27","modified_gmt":"2026-02-11T12:36:27","slug":"made-in-sweden","status":"publish","type":"page","link":"https:\/\/bozita.com\/se\/var-filosofi\/made-in-sweden\/","title":{"rendered":"Made in Sweden"},"content":{"rendered":"\t<section class=\"small-hero-with-gradient-overlay\">\n\t\t\t\t\t\t\t\t<img decoding=\"async\" class=\"background-image\" src=\"https:\/\/bozita.com\/se\/wp-content\/uploads\/sites\/5\/2023\/01\/bozita-our-philosophy-made-in-sweden-hero.jpg\" alt=\"Ett vinterlandskap\">\n\t\t\t\t\t\t\t\n\t\t<div class=\"overlay\">\n\t\t\t<div class=\"container\">\n\t\t\t\t<div class=\"row flex-column-reverse flex-md-row\">\n\t\t\t\t\t<div class=\"col-md-6 col-lg-6\">\n\t\t\t\t\t\t<h5>THE BOZITA COMPASS<\/h5><h1>Made in Sweden<\/h1><p><p><strong>V\u00e5rt k\u00f6k i V\u00e5rg\u00e5rda drivs i harmoni med naturen och v\u00e5r tillverkning \u00e4r sedan<\/strong><br \/>\n<strong>l\u00e4nge kvalitetscertifierad i enlighet med livsmedelsstandard.<\/strong><\/p>\n<p>Det betyder att du som djur\u00e4gare kan lita p\u00e5 att v\u00e5ra produkter inte inneh\u00e5ller n\u00e5got som \u00e4r skadligt f\u00f6r ditt s\u00e4llskapsdjur och att maten tillagas under goda f\u00f6rh\u00e5llanden. Vi \u00e4lskar djur och varje dag kommer v\u00e5ra s\u00e4llskapsdjur med oss till kontoret och fungerar som v\u00e5r inspiration f\u00f6r att ta fram de b\u00e4sta, godaste och mest smakrika m\u00e5ltiderna till dem.<\/p>\n<\/p>\t\t\t\t\t<\/div>\n\t\t\t\t\t<div class=\"d-none d-lg-block col-lg-1\"><\/div>\n\t\t\t\t\t<div class=\"col-md-6 col-lg-5 text-center\">\n\t\t\t\t\t\t\t\t\t\t\t\t\t<img decoding=\"async\" class=\"image\" src=\"https:\/\/bozita.com\/se\/wp-content\/uploads\/sites\/5\/2023\/01\/Our-Philosophy-Compass_Made-In-Sweden.svg\" alt=\"\">\n\t\t\t\t\t\t\t\t\t\t\t\t<\/div>\n\t\t\t\t<\/div>\n\t\t\t<\/div>\n\t\t<\/div>\n\t<\/section>\n\t\t\n\n\n\t<section class=\"block two-column-image-with-textbox \">\n\t\t<div class=\"container\">\n\t\t\t\t\t\t\t\t<div class=\"mb-5 no-gutters row align-items-center \n\t\t\t\t\t\t\t\t\t\t\t\t\t\t\t\t\t\t\t\t\t\t\t\">\n\t\t\t\t\t\t<div class=\"col-md-6\">\n\t\t\t\t\t\t\t\t\t\t\t\t\t\t\t\t<figure>\n\t\t\t\t\t\t\t\t\t\t\t\t\t\t\t\t\t\t\t\t\t<img decoding=\"async\" class=\"clear-opacity\" src=\"https:\/\/bozita.com\/se\/wp-content\/uploads\/sites\/5\/2024\/01\/23-doggyab-fabriken-vargarda-sommar.jpg\" alt=\"Bozitas fabrik i V\u00e5rg\u00e5rda\">\n\t\t\t\t\t\t\t\t\t\t\t\t\t\t\t\t\t\t\t\t\t\t\t\t\t\t\t\t\t<\/figure>\n\t\t\t\t\t\t\t\t\t\t\t\t\t\t\t<\/div>\n\t\t\t\t\t\t<div class=\"col-md-6\">\n\t\t\t\t\t\t\t<div class=\"content-wrap\">\n\t\t\t\t\t\t\t\t<p><h3>V\u00e5rg\u00e5rda sedan 1903<\/h3>\n<p>Vi tycker alla att v\u00e5ra husdjur f\u00f6rtj\u00e4nar det b\u00e4sta. D\u00e4rf\u00f6r har vi \u00e4gnat oss \u00e5t att producera djurfoder som inte bara ger n\u00e4ring utan ocks\u00e5 \u00f6verensst\u00e4mmer med v\u00e5ra v\u00e4rderingar om h\u00e5llbarhet. N\u00e4stan allt v\u00e5rt husdjursfoder tillverkas i V\u00e5rg\u00e5rda, en av de \u00e4ldsta och mest ansedda djurfodertillverkningarna i Europa, med en historia som str\u00e4cker sig tillbaka till 1903. Detta l\u00e5ngvariga \u00e5tagande f\u00f6r kvalitet s\u00e4kerst\u00e4ller att varje produkt h\u00e5ller h\u00f6gsta standard.<\/p>\n<p>Vi \u00e4r stolta \u00f6ver att st\u00f6dja lokala svenska lantbrukare och leverant\u00f6rer n\u00e4r det \u00e4r m\u00f6jligt. Detta fr\u00e4mjar inte bara gemenskapen utan minskar ocks\u00e5 avsev\u00e4rt transportstr\u00e4ckorna.<\/p>\n <\/p>\t\t\t\t\t\t\t<\/div>\n\t\t\t\t\t\t<\/div>\n\t\t\t\t\t<\/div>\n\t\t\t\t\t\t\t\t\t\t<div class=\"mb-5 no-gutters row align-items-center \n\t\t\t\t\tflex-row-reverse\t\t\t\t\t\t\t\t\t\t\t\t\t\t\t\t\t\t\">\n\t\t\t\t\t\t<div class=\"col-md-6\">\n\t\t\t\t\t\t\t\t\t\t\t\t\t\t\t\t<figure>\n\t\t\t\t\t\t\t\t\t\t\t\t\t\t\t\t\t\t\t\t\t<img decoding=\"async\" class=\"clear-opacity\" src=\"https:\/\/bozita.com\/se\/wp-content\/uploads\/sites\/5\/2023\/01\/bozita-our-philosophy-made-in-sweden-why-sweden.jpg\" alt=\"Ren som \u00e4ter\">\n\t\t\t\t\t\t\t\t\t\t\t\t\t\t\t\t\t\t\t\t\t\t\t\t\t\t\t\t\t<\/figure>\n\t\t\t\t\t\t\t\t\t\t\t\t\t\t\t<\/div>\n\t\t\t\t\t\t<div class=\"col-md-6\">\n\t\t\t\t\t\t\t<div class=\"content-wrap\">\n\t\t\t\t\t\t\t\t<p><h3>Varf\u00f6r Sverige?<\/h3>\n<p>Det finns inget annat som Sverige. Landet \u00e4r rikt p\u00e5 vildmark med en unik fauna tillsammans med exceptionellt ren luft och vatten. Genom att producera v\u00e5r mat h\u00e4r kan vi f\u00e5nga lite av den essensen. Vi tror att ditt husdjur till och med kan smaka det.<\/p>\n<p>I Sverige f\u00f6ljer vi EU:s djurskyddslag, och djurens v\u00e4lbefinnande \u00e4r h\u00f6gsta prioritet. Sedan 1986 har Sverige varit en f\u00f6reg\u00e5ngare genom att f\u00f6rbjuda f\u00f6rebyggande anv\u00e4ndning av antibiotika inom djuruppf\u00f6dning. Vi vet att varje djur f\u00f6rtj\u00e4nar utrymme att str\u00f6va p\u00e5. D\u00e4rf\u00f6r tillhandah\u00e5ller vi i Sverige st\u00f6rre levnadsutrymmen och konstant tillg\u00e5ng till str\u00f6 och djur transporteras aldrig mer \u00e4n 8 timmar.<\/p>\n <\/p>\t\t\t\t\t\t\t<\/div>\n\t\t\t\t\t\t<\/div>\n\t\t\t\t\t<\/div>\n\t\t\t\t\t\t\t<\/div>\n\t<\/section>\n\n\n\t<section class=\"block discover-our-product\">\n\t\t<div class=\"container\">\n\t\t\t\t\t\t\t<h5>\n\t\t\t\t\tSWEDISH NATURAL QUALITY\t\t\t\t<\/h5>\n\t\t\t\t\t\t\t\t\t\t\t<h2>\n\t\t\t\t\tUppt\u00e4ck v\u00e5ra produkter\t\t\t\t<\/h2>\n\n\t\t\t\t\t\t\t\n\t\t\t<div class=\"row align-items-center\">\n\t\t\t\t<div class=\"col-md-6\">\n\t\t\t\t\t<div class=\"\">\n\t\t\t\t\t\t\t\t\t\t\t\t<img decoding=\"async\" src=\"https:\/\/bozita.com\/se\/wp-content\/uploads\/sites\/5\/2025\/11\/CatDogCompass.png\" alt=\"\">\n\t\t\t\t\t\t\t\t\t\t\t<\/div>\n\t\t\t\t<\/div>\n\t\t\t\t<div class=\"col-md-6\">\n\t\t\t\t\t<p><strong>Svensk Natural Quality handlar om mer \u00e4n maten i sk\u00e5len. Det p\u00e5verkar varje del av v\u00e5r process, fr\u00e5n de ingredienser vi anv\u00e4nder till k\u00f6ket vi lagar maten i.<\/strong><\/p>\n<p>Efter mer \u00e4n 100 \u00e5r har vi l\u00e4rt oss att sj\u00e4lva tillverkningen av v\u00e5r katt- och hundmat \u00e4r minst lika viktigt som hur det smakar. Genom att anv\u00e4nda naturliga ingredienser fr\u00e5n v\u00e4rldsber\u00f6mda svenska bondg\u00e5rdar och tillverkningsmetoder noggrant f\u00f6rfinade genom decennier av k\u00e4rleksfullt arbete, s\u00e5 producerar vi katt- och hundmat som verkligen \u00e5terspeglar den svenska vildmarken \u2013 det \u00e4r d\u00e4rf\u00f6r vi kallar det Swedish Natural Quality.<\/p>\n\t\t\t\t\t<div class=\"cta-button\">\n\t\t\t\t\t\t\t\t\t\t\t\t\t<a target=\"\" href=\"https:\/\/bozita.com\/se\/hundfoder\/\" class=\"btn btn-primary\">\n\t\t\t\t\t\t\t\tUPPT\u00c4CK V\u00c5R HUNDMAT\t\t\t\t\t\t\t<\/a>\n\t\t\t\t\t\t\t\t\t\t\t\t\t\t\t\t\t\t\t\t<a target=\"\" href=\"https:\/\/bozita.com\/se\/kattfoder\/\" class=\"btn btn-primary\">\n\t\t\t\t\t\t\t\tUPPT\u00c4CK V\u00c5R KATTMAT\t\t\t\t\t\t\t<\/a>\n\t\t\t\t\t\t\t\t\t\t\t\t<\/div>\n\t\t\t\t<\/div>\n\t\t\t<\/div>\n\t\t<\/div>\n\t<\/section>\n","protected":false},"excerpt":{"rendered":"","protected":false},"author":4,"featured_media":0,"parent":8919,"menu_order":0,"comment_status":"closed","ping_status":"closed","template":"guternberg.php","meta":{"footnotes":""},"acf":[],"yoast_head":"<!-- This site is optimized with the Yoast SEO plugin v21.3 - https:\/\/yoast.com\/wordpress\/plugins\/seo\/ -->\n<title>Made in Sweden - Bozita Sverige<\/title>\n<meta name=\"robots\" content=\"index, follow, max-snippet:-1, max-image-preview:large, max-video-preview:-1\" \/>\n<link rel=\"canonical\" href=\"https:\/\/bozita.com\/se\/var-filosofi\/made-in-sweden\/\" \/>\n<meta property=\"og:locale\" content=\"sv_SE\" \/>\n<meta property=\"og:type\" content=\"article\" \/>\n<meta property=\"og:title\" content=\"Made in Sweden - Bozita Sverige\" \/>\n<meta property=\"og:url\" content=\"https:\/\/bozita.com\/se\/var-filosofi\/made-in-sweden\/\" \/>\n<meta property=\"og:site_name\" content=\"Bozita Sverige\" \/>\n<meta property=\"article:modified_time\" content=\"2026-02-11T12:36:27+00:00\" \/>\n<meta name=\"twitter:card\" content=\"summary_large_image\" \/>\n<!-- \/ Yoast SEO plugin. -->","yoast_head_json":{"title":"Made in Sweden - Bozita Sverige","robots":{"index":"index","follow":"follow","max-snippet":"max-snippet:-1","max-image-preview":"max-image-preview:large","max-video-preview":"max-video-preview:-1"},"canonical":"https:\/\/bozita.com\/se\/var-filosofi\/made-in-sweden\/","og_locale":"sv_SE","og_type":"article","og_title":"Made in Sweden - Bozita Sverige","og_url":"https:\/\/bozita.com\/se\/var-filosofi\/made-in-sweden\/","og_site_name":"Bozita Sverige","article_modified_time":"2026-02-11T12:36:27+00:00","twitter_card":"summary_large_image","schema":{"@context":"https:\/\/schema.org","@graph":[{"@type":"WebPage","@id":"https:\/\/bozita.com\/se\/var-filosofi\/made-in-sweden\/","url":"https:\/\/bozita.com\/se\/var-filosofi\/made-in-sweden\/","name":"Made in Sweden - Bozita Sverige","isPartOf":{"@id":"https:\/\/bozita.com\/se\/#website"},"datePublished":"2023-01-04T14:02:23+00:00","dateModified":"2026-02-11T12:36:27+00:00","breadcrumb":{"@id":"https:\/\/bozita.com\/se\/var-filosofi\/made-in-sweden\/#breadcrumb"},"inLanguage":"sv-SE","potentialAction":[{"@type":"ReadAction","target":["https:\/\/bozita.com\/se\/var-filosofi\/made-in-sweden\/"]}]},{"@type":"BreadcrumbList","@id":"https:\/\/bozita.com\/se\/var-filosofi\/made-in-sweden\/#breadcrumb","itemListElement":[{"@type":"ListItem","position":1,"name":"Home","item":"https:\/\/bozita.com\/se\/"},{"@type":"ListItem","position":2,"name":"V\u00e5r filosofi","item":"https:\/\/bozita.com\/se\/var-filosofi\/"},{"@type":"ListItem","position":3,"name":"Made in Sweden"}]},{"@type":"WebSite","@id":"https:\/\/bozita.com\/se\/#website","url":"https:\/\/bozita.com\/se\/","name":"Bozita Sverige","description":"","potentialAction":[{"@type":"SearchAction","target":{"@type":"EntryPoint","urlTemplate":"https:\/\/bozita.com\/se\/?s={search_term_string}"},"query-input":"required name=search_term_string"}],"inLanguage":"sv-SE"}]}},"_links":{"self":[{"href":"https:\/\/bozita.com\/se\/wp-json\/wp\/v2\/pages\/8929"}],"collection":[{"href":"https:\/\/bozita.com\/se\/wp-json\/wp\/v2\/pages"}],"about":[{"href":"https:\/\/bozita.com\/se\/wp-json\/wp\/v2\/types\/page"}],"author":[{"embeddable":true,"href":"https:\/\/bozita.com\/se\/wp-json\/wp\/v2\/users\/4"}],"replies":[{"embeddable":true,"href":"https:\/\/bozita.com\/se\/wp-json\/wp\/v2\/comments?post=8929"}],"version-history":[{"count":18,"href":"https:\/\/bozita.com\/se\/wp-json\/wp\/v2\/pages\/8929\/revisions"}],"predecessor-version":[{"id":12438,"href":"https:\/\/bozita.com\/se\/wp-json\/wp\/v2\/pages\/8929\/revisions\/12438"}],"up":[{"embeddable":true,"href":"https:\/\/bozita.com\/se\/wp-json\/wp\/v2\/pages\/8919"}],"wp:attachment":[{"href":"https:\/\/bozita.com\/se\/wp-json\/wp\/v2\/media?parent=8929"}],"curies":[{"name":"wp","href":"https:\/\/api.w.org\/{rel}","templated":true}]}}