{"id":8931,"date":"2023-01-04T14:03:20","date_gmt":"2023-01-04T14:03:20","guid":{"rendered":"https:\/\/bozita.com\/se\/?page_id=8931"},"modified":"2024-01-17T10:01:46","modified_gmt":"2024-01-17T10:01:46","slug":"naturliga-ravaror","status":"publish","type":"page","link":"https:\/\/bozita.com\/se\/var-filosofi\/naturliga-ravaror\/","title":{"rendered":"Naturliga r\u00e5varor"},"content":{"rendered":"\t<section class=\"small-hero-with-gradient-overlay\">\n\t\t\t\t\t\t\t\t<img decoding=\"async\" class=\"background-image\" src=\"https:\/\/bozita.com\/se\/wp-content\/uploads\/sites\/5\/2024\/01\/bozita-blueberries-bush-our-philosophy-1200px.jpg\" alt=\"Bl\u00e5b\u00e4r p\u00e5 en buske\">\n\t\t\t\t\t\t\t\n\t\t<div class=\"overlay\">\n\t\t\t<div class=\"container\">\n\t\t\t\t<div class=\"row flex-column-reverse flex-md-row\">\n\t\t\t\t\t<div class=\"col-md-6 col-lg-6\">\n\t\t\t\t\t\t<h5>THE BOZITA COMPASS<\/h5><h1>Naturliga r\u00e5varor<\/h1><p><p><strong>N\u00e4r vi s\u00e4ger naturliga r\u00e5varor, menar vi 100 % h\u00f6gkvalitativ mat tillverkad av noggrant utvalda naturliga ingredienser, eftersom vi vill ha det b\u00e4sta f\u00f6r ditt husdjur.<\/strong><\/p>\n<\/p>\t\t\t\t\t<\/div>\n\t\t\t\t\t<div class=\"d-none d-lg-block col-lg-1\"><\/div>\n\t\t\t\t\t<div class=\"col-md-6 col-lg-5 text-center\">\n\t\t\t\t\t\t\t\t\t\t\t\t\t<img decoding=\"async\" class=\"image\" src=\"https:\/\/bozita.com\/se\/wp-content\/uploads\/sites\/5\/2023\/01\/Our-Philosophy-Compass_Pure-Ingredients.svg\" alt=\"\">\n\t\t\t\t\t\t\t\t\t\t\t\t<\/div>\n\t\t\t\t<\/div>\n\t\t\t<\/div>\n\t\t<\/div>\n\t<\/section>\n\t\t\n\n\n\t<section class=\"block two-column-image-with-textbox \">\n\t\t<div class=\"container\">\n\t\t\t\t\t<\/div>\n\t<\/section>\n\n\n\n\t<section class=\"block two-column-image-with-textbox \">\n\t\t<div class=\"container\">\n\t\t\t\t\t\t\t\t<div class=\"mb-5 no-gutters row align-items-center \n\t\t\t\t\t\t\t\t\t\t\t\t\t\t\t\t\t\t\t\t\t\t\t\">\n\t\t\t\t\t\t<div class=\"col-md-6\">\n\t\t\t\t\t\t\t\t\t\t\t\t\t\t\t\t\t\t\t\t\t<\/div>\n\t\t\t\t\t\t<div class=\"col-md-6\">\n\t\t\t\t\t\t\t<div class=\"content-wrap\">\n\t\t\t\t\t\t\t\t<p><h3>Vi var tvungna att pixla den h\u00e4r hundens \u00f6gon\u2026<\/h3>\n<p><strong>&#8230; s\u00e5 att du kan fokusera p\u00e5 det som \u00e4r viktigt. Naturliga ingredienser till exempel.<\/strong><\/p>\n<p>Ingredienserna spelar roll. D\u00e4rf\u00f6r kommer v\u00e5ra animaliska r\u00e5varor uteslutande fr\u00e5n k\u00e4llor godk\u00e4nda f\u00f6r m\u00e4nsklig konsumtion. Det garanterar att ditt husdjur f\u00e5r samma kvalitetsstandard som du kr\u00e4ver f\u00f6r dig sj\u00e4lv. Och v\u00e5ra recept \u00e4r noga utformade f\u00f6r att s\u00e4kerst\u00e4lla att de inte inneh\u00e5ller tillsatt socker f\u00f6r ditt husdjurs v\u00e4lbefinnande.<\/p>\n <\/p>\t\t\t\t\t\t\t<\/div>\n\t\t\t\t\t\t<\/div>\n\t\t\t\t\t<\/div>\n\t\t\t\t\t\t\t\t\t\t<div class=\"mb-5 no-gutters row align-items-center \n\t\t\t\t\tflex-row-reverse\t\t\t\t\t\t\t\t\t\t\t\t\t\t\t\t\t\t\">\n\t\t\t\t\t\t<div class=\"col-md-6\">\n\t\t\t\t\t\t\t\t\t\t\t\t\t\t\t\t<figure>\n\t\t\t\t\t\t\t\t\t\t\t\t\t\t\t\t\t\t\t\t\t<img decoding=\"async\" class=\"clear-opacity\" src=\"https:\/\/bozita.com\/se\/wp-content\/uploads\/sites\/5\/2024\/01\/23-bozita-pure-ingredients-rosehips.jpg\" alt=\"Nypon p\u00e5 en buske\">\n\t\t\t\t\t\t\t\t\t\t\t\t\t\t\t\t\t\t\t\t\t\t\t\t\t\t\t\t\t<\/figure>\n\t\t\t\t\t\t\t\t\t\t\t\t\t\t\t<\/div>\n\t\t\t\t\t\t<div class=\"col-md-6\">\n\t\t\t\t\t\t\t<div class=\"content-wrap\">\n\t\t\t\t\t\t\t\t<p><h3>F\u00e4rskt och smakrikt<\/h3>\n<p>Vi f\u00f6rst\u00e5r att f\u00e4rskhet \u00e4r avg\u00f6rande. D\u00e4rf\u00f6r anv\u00e4nder f\u00e4rska ingredienser i v\u00e5ra recept. Detta f\u00f6rb\u00e4ttrar inte bara sm\u00e4ltbarheten utan s\u00e4kerst\u00e4ller ocks\u00e5 en smak som ditt husdjur kommer att l\u00e4ngta efter.<\/p>\n <\/p>\t\t\t\t\t\t\t<\/div>\n\t\t\t\t\t\t<\/div>\n\t\t\t\t\t<\/div>\n\t\t\t\t\t\t\t<\/div>\n\t<\/section>\n\n\n<section class=\"block how-we-make-it-matters\">\n\t<div class=\"container\">\n\t\t<h5>\n\t\t\tTHE BOZITA COMPASS\t\t<\/h5>\n\t\t<h2> \n\t\t\tNaturliga ingredienser\t\t<\/h2>\n\n\t\t\n\t\t<div class=\"d-md-none d-lg-block\">\n\t\t\t<div class=\"row\">\n\t\t\t\t<div class=\"col-md-6\">\n\t\t\t\t\t<div class=\"how_we_make_it_matters-img\">\n\t\t\t\t\t\t\t\t\t\t\t\t<img decoding=\"async\" src=\"https:\/\/bozita.com\/se\/wp-content\/uploads\/sites\/5\/2023\/01\/bozita-our-philosophy-pure-ingredients-carefully-selected.jpg\" alt=\"F\u00e5r som betar\">\n\t\t\t\t\t\t\t\t\t\t\t<\/div>\n\t\t\t\t<\/div>\n\t\t\t\t<div class=\"col-md-6\">\n\t\t\t\t\t\t\t\t\t\t\t\t<div class=\"media\">\n\t\t\t\t\t\t\t\t<div class=\"icon-warp\">\n\t\t\t\t\t\t\t\t\t\t\t\t\t\t\t\t\t\t\t<img decoding=\"async\" class=\"mr-3\" src=\"https:\/\/bozita.com\/se\/wp-content\/uploads\/sites\/5\/2023\/01\/FeatureIcon-Dark-RenewableEnergy.svg\" alt=\"\">\n\t\t\t\t\t\t\t\t\t\t\t\t\t\t\t\t\t<\/div>\n\t\t\t\t\t\t\t\t<div class=\"media-body\">\n\t\t\t\t\t\t\t\t\t<h6 class=\"mt-0\">\n\t\t\t\t\t\t\t\t\t\t100 % h\u00f6g kvalitet\t\t\t\t\t\t\t\t\t<\/h6>\n\t\t\t\t\t\t\t\t\t<p>\n\t\t\t\t\t\t\t\t\t\t100 % h\u00f6g kvalitet och med naturliga ingredienser.\t\t\t\t\t\t\t\t\t<\/p>\n\t\t\t\t\t\t\t\t<\/div>\n\t\t\t\t\t\t\t<\/div>\n\t\t\t\t\t\t\t\t\t\t\t\t\t\t<div class=\"media\">\n\t\t\t\t\t\t\t\t<div class=\"icon-warp\">\n\t\t\t\t\t\t\t\t\t\t\t\t\t\t\t\t\t\t\t<img decoding=\"async\" class=\"mr-3\" src=\"https:\/\/bozita.com\/se\/wp-content\/uploads\/sites\/5\/2023\/01\/FeatureIcon-Dark-RenewableEnergy.svg\" alt=\"\">\n\t\t\t\t\t\t\t\t\t\t\t\t\t\t\t\t\t<\/div>\n\t\t\t\t\t\t\t\t<div class=\"media-body\">\n\t\t\t\t\t\t\t\t\t<h6 class=\"mt-0\">\n\t\t\t\t\t\t\t\t\t\tUtan tillsatt socker\t\t\t\t\t\t\t\t\t<\/h6>\n\t\t\t\t\t\t\t\t\t<p>\n\t\t\t\t\t\t\t\t\t\tGivetvis inget tillsatt socker i maten.\t\t\t\t\t\t\t\t\t<\/p>\n\t\t\t\t\t\t\t\t<\/div>\n\t\t\t\t\t\t\t<\/div>\n\t\t\t\t\t\t\t\t\t\t\t\t\t\t<div class=\"media\">\n\t\t\t\t\t\t\t\t<div class=\"icon-warp\">\n\t\t\t\t\t\t\t\t\t\t\t\t\t\t\t\t\t\t\t<img decoding=\"async\" class=\"mr-3\" src=\"https:\/\/bozita.com\/se\/wp-content\/uploads\/sites\/5\/2023\/01\/FeatureIcon-Dark-RenewableEnergy.svg\" alt=\"\">\n\t\t\t\t\t\t\t\t\t\t\t\t\t\t\t\t\t<\/div>\n\t\t\t\t\t\t\t\t<div class=\"media-body\">\n\t\t\t\t\t\t\t\t\t<h6 class=\"mt-0\">\n\t\t\t\t\t\t\t\t\t\tF\u00e4rsklagat och gott\t\t\t\t\t\t\t\t\t<\/h6>\n\t\t\t\t\t\t\t\t\t<p>\n\t\t\t\t\t\t\t\t\t\tVi anv\u00e4nder bara f\u00e4rsklagade ingredienser i v\u00e5r mat.\t\t\t\t\t\t\t\t\t<\/p>\n\t\t\t\t\t\t\t\t<\/div>\n\t\t\t\t\t\t\t<\/div>\n\t\t\t\t\t\t\t\t\t\t\t<\/div>\n\t\t\t<\/div>\n\t\t<\/div>\n\n\t\t<div class=\"d-none d-md-block d-lg-none\">\n\t\t\t<div class=\"row\">\n\t\t\t\t<div class=\"col-md-12 d-flex justify-content-center\">\n\t\t\t\t\t<div class=\"how_we_make_it_matters-img-md\">\n\t\t\t\t\t\t\t\t\t\t\t\t\t<img decoding=\"async\" src=\"https:\/\/bozita.com\/se\/wp-content\/uploads\/sites\/5\/2023\/01\/bozita-our-philosophy-pure-ingredients-carefully-selected.jpg\" alt=\"F\u00e5r som betar\">\n\t\t\t\t\t\t\t\t\t\t\t<\/div>\n\t\t\t\t<\/div>\n\t\t\t\t<div class=\"col-md-12\">\n\t\t\t\t\t\t\t\t\t\t\t\t<div class=\"media\">\n\t\t\t\t\t\t\t\t<div class=\"icon-warp\">\n\t\t\t\t\t\t\t\t\t\t\t\t\t\t\t\t\t\t\t<img decoding=\"async\" class=\"mr-3\" src=\"https:\/\/bozita.com\/se\/wp-content\/uploads\/sites\/5\/2023\/01\/FeatureIcon-Dark-RenewableEnergy.svg\" alt=\"\">\n\t\t\t\t\t\t\t\t\t\t\t\t\t\t\t\t\t<\/div>\n\t\t\t\t\t\t\t\t<div class=\"media-body\">\n\t\t\t\t\t\t\t\t\t<h6 class=\"mt-0\">\n\t\t\t\t\t\t\t\t\t\t100 % h\u00f6g kvalitet\t\t\t\t\t\t\t\t\t<\/h6>\n\t\t\t\t\t\t\t\t\t<p>\n\t\t\t\t\t\t\t\t\t\t100 % h\u00f6g kvalitet och med naturliga ingredienser.\t\t\t\t\t\t\t\t\t<\/p>\n\t\t\t\t\t\t\t\t<\/div>\n\t\t\t\t\t\t\t<\/div>\n\t\t\t\t\t\t\t\t\t\t\t\t\t\t<div class=\"media\">\n\t\t\t\t\t\t\t\t<div class=\"icon-warp\">\n\t\t\t\t\t\t\t\t\t\t\t\t\t\t\t\t\t\t\t<img decoding=\"async\" class=\"mr-3\" src=\"https:\/\/bozita.com\/se\/wp-content\/uploads\/sites\/5\/2023\/01\/FeatureIcon-Dark-RenewableEnergy.svg\" alt=\"\">\n\t\t\t\t\t\t\t\t\t\t\t\t\t\t\t\t\t<\/div>\n\t\t\t\t\t\t\t\t<div class=\"media-body\">\n\t\t\t\t\t\t\t\t\t<h6 class=\"mt-0\">\n\t\t\t\t\t\t\t\t\t\tUtan tillsatt socker\t\t\t\t\t\t\t\t\t<\/h6>\n\t\t\t\t\t\t\t\t\t<p>\n\t\t\t\t\t\t\t\t\t\tGivetvis inget tillsatt socker i maten.\t\t\t\t\t\t\t\t\t<\/p>\n\t\t\t\t\t\t\t\t<\/div>\n\t\t\t\t\t\t\t<\/div>\n\t\t\t\t\t\t\t\t\t\t\t\t\t\t<div class=\"media\">\n\t\t\t\t\t\t\t\t<div class=\"icon-warp\">\n\t\t\t\t\t\t\t\t\t\t\t\t\t\t\t\t\t\t\t<img decoding=\"async\" class=\"mr-3\" src=\"https:\/\/bozita.com\/se\/wp-content\/uploads\/sites\/5\/2023\/01\/FeatureIcon-Dark-RenewableEnergy.svg\" alt=\"\">\n\t\t\t\t\t\t\t\t\t\t\t\t\t\t\t\t\t<\/div>\n\t\t\t\t\t\t\t\t<div class=\"media-body\">\n\t\t\t\t\t\t\t\t\t<h6 class=\"mt-0\">\n\t\t\t\t\t\t\t\t\t\tF\u00e4rsklagat och gott\t\t\t\t\t\t\t\t\t<\/h6>\n\t\t\t\t\t\t\t\t\t<p>\n\t\t\t\t\t\t\t\t\t\tVi anv\u00e4nder bara f\u00e4rsklagade ingredienser i v\u00e5r mat.\t\t\t\t\t\t\t\t\t<\/p>\n\t\t\t\t\t\t\t\t<\/div>\n\t\t\t\t\t\t\t<\/div>\n\t\t\t\t\t\t\t\t\t\t\t<\/div>\n\t\t\t<\/div>\n\t\t<\/div>\n\t\t\n\t\t<div class=\"text-center cta-button\">\n\t\t\t\t\t<\/div>\n\t<\/div>\n<\/section>\n\n\n\t<section class=\"block discover-our-product\">\n\t\t<div class=\"container\">\n\t\t\t\t\t\t\t<h5>\n\t\t\t\t\tSWEDISH NATURAL QUALITY\t\t\t\t<\/h5>\n\t\t\t\t\t\t\t\t\t\t\t<h2>\n\t\t\t\t\tUppt\u00e4ck v\u00e5ra produkter\t\t\t\t<\/h2>\n\n\t\t\t\t\t\t\t\n\t\t\t<div class=\"row align-items-center\">\n\t\t\t\t<div class=\"col-md-6\">\n\t\t\t\t\t<div class=\"\">\n\t\t\t\t\t\t\t\t\t\t\t\t<img decoding=\"async\" src=\"https:\/\/bozita.com\/se\/wp-content\/uploads\/sites\/5\/2023\/08\/2308-bozita-hund-kattmat-compass-900x793px.png\" alt=\"torrfoder f\u00f6r hund\">\n\t\t\t\t\t\t\t\t\t\t\t<\/div>\n\t\t\t\t<\/div>\n\t\t\t\t<div class=\"col-md-6\">\n\t\t\t\t\t<p><strong>Svensk Natural Quality handlar om mer \u00e4n maten i sk\u00e5len. Det p\u00e5verkar varje del av v\u00e5r process, fr\u00e5n de ingredienser vi anv\u00e4nder till k\u00f6ket vi lagar maten i.<\/strong><\/p>\n<p>Efter mer \u00e4n 100 \u00e5r har vi l\u00e4rt oss att sj\u00e4lva tillverkningen av v\u00e5r katt- och hundmat \u00e4r minst lika viktigt som hur det smakar. Genom att anv\u00e4nda naturliga ingredienser fr\u00e5n v\u00e4rldsber\u00f6mda svenska bondg\u00e5rdar och tillverkningsmetoder noggrant f\u00f6rfinade genom decennier av k\u00e4rleksfullt arbete, s\u00e5 producerar vi katt- och hundmat som verkligen \u00e5terspeglar den svenska vildmarken \u2013 det \u00e4r d\u00e4rf\u00f6r vi kallar det Swedish Natural Quality.<\/p>\n\t\t\t\t\t<div class=\"cta-button\">\n\t\t\t\t\t\t\t\t\t\t\t\t\t<a target=\"\" href=\"https:\/\/bozita.com\/se\/hundfoder\/\" class=\"btn btn-primary\">\n\t\t\t\t\t\t\t\tUPPT\u00c4CK V\u00c5R HUNDMAT\t\t\t\t\t\t\t<\/a>\n\t\t\t\t\t\t\t\t\t\t\t\t\t\t\t\t\t\t\t\t<a target=\"\" href=\"https:\/\/bozita.com\/se\/kattfoder\/\" class=\"btn btn-primary\">\n\t\t\t\t\t\t\t\tUPPT\u00c4CK V\u00c5R KATTMAT\t\t\t\t\t\t\t<\/a>\n\t\t\t\t\t\t\t\t\t\t\t\t<\/div>\n\t\t\t\t<\/div>\n\t\t\t<\/div>\n\t\t<\/div>\n\t<\/section>\n","protected":false},"excerpt":{"rendered":"","protected":false},"author":4,"featured_media":0,"parent":8919,"menu_order":0,"comment_status":"closed","ping_status":"closed","template":"guternberg.php","meta":{"footnotes":""},"acf":[],"yoast_head":"<!-- This site is optimized with the Yoast SEO plugin v21.3 - https:\/\/yoast.com\/wordpress\/plugins\/seo\/ -->\n<title>Naturliga r\u00e5varor - Bozita Sverige<\/title>\n<meta name=\"robots\" content=\"index, follow, max-snippet:-1, max-image-preview:large, max-video-preview:-1\" \/>\n<link rel=\"canonical\" href=\"https:\/\/bozita.com\/se\/var-filosofi\/naturliga-ravaror\/\" \/>\n<meta property=\"og:locale\" content=\"sv_SE\" \/>\n<meta property=\"og:type\" content=\"article\" \/>\n<meta property=\"og:title\" content=\"Naturliga r\u00e5varor - Bozita Sverige\" \/>\n<meta property=\"og:url\" content=\"https:\/\/bozita.com\/se\/var-filosofi\/naturliga-ravaror\/\" \/>\n<meta property=\"og:site_name\" content=\"Bozita Sverige\" \/>\n<meta property=\"article:modified_time\" content=\"2024-01-17T10:01:46+00:00\" \/>\n<meta name=\"twitter:card\" content=\"summary_large_image\" \/>\n<!-- \/ Yoast SEO plugin. -->","yoast_head_json":{"title":"Naturliga r\u00e5varor - Bozita Sverige","robots":{"index":"index","follow":"follow","max-snippet":"max-snippet:-1","max-image-preview":"max-image-preview:large","max-video-preview":"max-video-preview:-1"},"canonical":"https:\/\/bozita.com\/se\/var-filosofi\/naturliga-ravaror\/","og_locale":"sv_SE","og_type":"article","og_title":"Naturliga r\u00e5varor - Bozita Sverige","og_url":"https:\/\/bozita.com\/se\/var-filosofi\/naturliga-ravaror\/","og_site_name":"Bozita Sverige","article_modified_time":"2024-01-17T10:01:46+00:00","twitter_card":"summary_large_image","schema":{"@context":"https:\/\/schema.org","@graph":[{"@type":"WebPage","@id":"https:\/\/bozita.com\/se\/var-filosofi\/naturliga-ravaror\/","url":"https:\/\/bozita.com\/se\/var-filosofi\/naturliga-ravaror\/","name":"Naturliga r\u00e5varor - Bozita Sverige","isPartOf":{"@id":"https:\/\/bozita.com\/se\/#website"},"datePublished":"2023-01-04T14:03:20+00:00","dateModified":"2024-01-17T10:01:46+00:00","breadcrumb":{"@id":"https:\/\/bozita.com\/se\/var-filosofi\/naturliga-ravaror\/#breadcrumb"},"inLanguage":"sv-SE","potentialAction":[{"@type":"ReadAction","target":["https:\/\/bozita.com\/se\/var-filosofi\/naturliga-ravaror\/"]}]},{"@type":"BreadcrumbList","@id":"https:\/\/bozita.com\/se\/var-filosofi\/naturliga-ravaror\/#breadcrumb","itemListElement":[{"@type":"ListItem","position":1,"name":"Home","item":"https:\/\/bozita.com\/se\/"},{"@type":"ListItem","position":2,"name":"V\u00e5r filosofi","item":"https:\/\/bozita.com\/se\/var-filosofi\/"},{"@type":"ListItem","position":3,"name":"Naturliga r\u00e5varor"}]},{"@type":"WebSite","@id":"https:\/\/bozita.com\/se\/#website","url":"https:\/\/bozita.com\/se\/","name":"Bozita Sverige","description":"","potentialAction":[{"@type":"SearchAction","target":{"@type":"EntryPoint","urlTemplate":"https:\/\/bozita.com\/se\/?s={search_term_string}"},"query-input":"required name=search_term_string"}],"inLanguage":"sv-SE"}]}},"_links":{"self":[{"href":"https:\/\/bozita.com\/se\/wp-json\/wp\/v2\/pages\/8931"}],"collection":[{"href":"https:\/\/bozita.com\/se\/wp-json\/wp\/v2\/pages"}],"about":[{"href":"https:\/\/bozita.com\/se\/wp-json\/wp\/v2\/types\/page"}],"author":[{"embeddable":true,"href":"https:\/\/bozita.com\/se\/wp-json\/wp\/v2\/users\/4"}],"replies":[{"embeddable":true,"href":"https:\/\/bozita.com\/se\/wp-json\/wp\/v2\/comments?post=8931"}],"version-history":[{"count":23,"href":"https:\/\/bozita.com\/se\/wp-json\/wp\/v2\/pages\/8931\/revisions"}],"predecessor-version":[{"id":9888,"href":"https:\/\/bozita.com\/se\/wp-json\/wp\/v2\/pages\/8931\/revisions\/9888"}],"up":[{"embeddable":true,"href":"https:\/\/bozita.com\/se\/wp-json\/wp\/v2\/pages\/8919"}],"wp:attachment":[{"href":"https:\/\/bozita.com\/se\/wp-json\/wp\/v2\/media?parent=8931"}],"curies":[{"name":"wp","href":"https:\/\/api.w.org\/{rel}","templated":true}]}}