{"id":8935,"date":"2023-01-04T14:04:12","date_gmt":"2023-01-04T14:04:12","guid":{"rendered":"https:\/\/bozita.com\/se\/?page_id=8935"},"modified":"2026-01-15T08:07:09","modified_gmt":"2026-01-15T08:07:09","slug":"naringsrik-mat","status":"publish","type":"page","link":"https:\/\/bozita.com\/se\/var-filosofi\/naringsrik-mat\/","title":{"rendered":"N\u00e4ringsrik mat"},"content":{"rendered":"\t<section class=\"small-hero-with-gradient-overlay\">\n\t\t\t\t\t\t\t\t<img decoding=\"async\" class=\"background-image\" src=\"https:\/\/bozita.com\/se\/wp-content\/uploads\/sites\/5\/2024\/01\/240117-boita-sheltie-forest-blueberries-v1.jpg\" alt=\"Sheltievalp i skogen\">\n\t\t\t\t\t\t\t\n\t\t<div class=\"overlay\">\n\t\t\t<div class=\"container\">\n\t\t\t\t<div class=\"row flex-column-reverse flex-md-row\">\n\t\t\t\t\t<div class=\"col-md-6 col-lg-6\">\n\t\t\t\t\t\t<h5>THE BOZITA COMPASS<\/h5><h1>N\u00e4ringsrik mat<\/h1><p><p><strong>R\u00e4tt n\u00e4ring \u00e4r avg\u00f6rande f\u00f6r v\u00e5rt v\u00e4lbefinnande och detsamma g\u00e4ller f\u00f6r djur.<\/strong><\/p>\n<p>Vi samarbetar med husdjurs\u00e4gare och djur\u00e4lskare f\u00f6r att f\u00f6rst\u00e5 hur deras husdjur reagerar &#8211; och vad vi kan g\u00f6ra b\u00e4ttre. Det inneb\u00e4r att v\u00e5r mat inte bara \u00e4r resultatet av v\u00e5ra experter: det \u00e4r faktiskt ett samarbete mellan tusentals olika djur\u00e4lskare.<\/p>\n<\/p>\t\t\t\t\t<\/div>\n\t\t\t\t\t<div class=\"d-none d-lg-block col-lg-1\"><\/div>\n\t\t\t\t\t<div class=\"col-md-6 col-lg-5 text-center\">\n\t\t\t\t\t\t\t\t\t\t\t\t\t<img decoding=\"async\" class=\"image\" src=\"https:\/\/bozita.com\/se\/wp-content\/uploads\/sites\/5\/2023\/01\/Our-Philosophy-Compass_Wholesome-Nutrition.svg\" alt=\"\">\n\t\t\t\t\t\t\t\t\t\t\t\t<\/div>\n\t\t\t\t<\/div>\n\t\t\t<\/div>\n\t\t<\/div>\n\t<\/section>\n\t\t\n\n\n\t<section class=\"block two-column-image-with-textbox \">\n\t\t<div class=\"container\">\n\t\t\t\t\t\t\t\t<div class=\"mb-5 no-gutters row align-items-center \n\t\t\t\t\t\t\t\t\t\t\t\t\t\t\t\t\t\t\t\t\t\t\t\">\n\t\t\t\t\t\t<div class=\"col-md-6\">\n\t\t\t\t\t\t\t\t\t\t\t\t\t\t\t\t\t\t\t\t\t\t\t\t<video id=\"my-player\" class=\"video-js vjs-default-skin vjs-4-3\" playsinline muted loop  autoplay  data-setup='{}'>\n\t\t\t\t\t\t\t\t\t\t<source src=\"https:\/\/bozita.com\/se\/wp-content\/uploads\/sites\/5\/2024\/01\/240108-bozita-kitten-blurred-eyes-16x9-v2.mp4\" type=\"video\/mp4\">\n\t\t\t\t\t\t\t\t\t\t<\/source>\n\t\t\t\t\t\t\t\t\t<\/video>\n\t\t\t\t\t\t\t\t\t\t\t\t\t\t\t<\/div>\n\t\t\t\t\t\t<div class=\"col-md-6\">\n\t\t\t\t\t\t\t<div class=\"content-wrap\">\n\t\t\t\t\t\t\t\t<p><h3>Vi var tvungna att pixla dessa kattungars \u00f6gon&#8230;<\/h3>\n<p>&#8230; s\u00e5 att du kan fokusera p\u00e5 det som \u00e4r viktigt. N\u00e4ringsrik mat till exempel.<\/p>\n<p>Med ett team av n\u00e4ringsexperter och en fabrik som \u00e4r certifierad enligt ISO 22000 och IFS Food Standards kan du vara s\u00e4ker p\u00e5 att ditt husdjur kommer att f\u00e5 en m\u00e5ltid som \u00e4r komplett, balanserad och s\u00e4ker. Vi \u00e4r engagerade i att leverera hund- och kattmat som inte bara uppfyller h\u00f6ga standarder, utan \u00f6vertr\u00e4ffar dem. Detta s\u00e4kerst\u00e4ller att varje produkt som l\u00e4mnar v\u00e5r anl\u00e4ggning h\u00e5ller h\u00f6gsta kvalitet.<\/p>\n <\/p>\t\t\t\t\t\t\t<\/div>\n\t\t\t\t\t\t<\/div>\n\t\t\t\t\t<\/div>\n\t\t\t\t\t\t\t\t\t\t<div class=\"mb-5 no-gutters row align-items-center \n\t\t\t\t\tflex-row-reverse\t\t\t\t\t\t\t\t\t\t\t\t\t\t\t\t\t\t\">\n\t\t\t\t\t\t<div class=\"col-md-6\">\n\t\t\t\t\t\t\t\t\t\t\t\t\t\t\t\t<figure>\n\t\t\t\t\t\t\t\t\t\t\t\t\t\t\t\t\t\t\t\t\t<img decoding=\"async\" class=\"clear-opacity\" src=\"https:\/\/bozita.com\/se\/wp-content\/uploads\/sites\/5\/2024\/01\/240108-bozita-produktutvecklare-cecilia-therese.jpg\" alt=\"Tv\u00e5 n\u00e4ringsexperter fr\u00e5n Bozita\">\n\t\t\t\t\t\t\t\t\t\t\t\t\t\t\t\t\t\t\t\t\t\t\t\t\t\t\t\t\t<\/figure>\n\t\t\t\t\t\t\t\t\t\t\t\t\t\t\t<\/div>\n\t\t\t\t\t\t<div class=\"col-md-6\">\n\t\t\t\t\t\t\t<div class=\"content-wrap\">\n\t\t\t\t\t\t\t\t<p><h3>Perfekt balanserad mat<\/h3>\n<p>V\u00e5ra recept \u00e4r skapade av ett specialiserat team av husdjursnutritionister som f\u00f6rst\u00e5r dina husdjurs unika kostbehov. De arbetar f\u00f6r att s\u00e4kerst\u00e4lla att varje recept \u00e4r balanserad och anpassad f\u00f6r optimal h\u00e4lsa och v\u00e4lbefinnande.<\/p>\n <\/p>\t\t\t\t\t\t\t<\/div>\n\t\t\t\t\t\t<\/div>\n\t\t\t\t\t<\/div>\n\t\t\t\t\t\t\t<\/div>\n\t<\/section>\n\n\n<section class=\"block how-we-make-it-matters\">\n\t<div class=\"container\">\n\t\t<h5>\n\t\t\tTHE BOZITA COMPASS\t\t<\/h5>\n\t\t<h2> \n\t\t\tN\u00e4ringsrik mat\t\t<\/h2>\n\n\t\t\n\t\t<div class=\"d-md-none d-lg-block\">\n\t\t\t<div class=\"row\">\n\t\t\t\t<div class=\"col-md-6\">\n\t\t\t\t\t<div class=\"how_we_make_it_matters-img\">\n\t\t\t\t\t\t\t\t\t\t\t\t<img decoding=\"async\" src=\"https:\/\/bozita.com\/se\/wp-content\/uploads\/sites\/5\/2024\/01\/bozita-sheltie-forest-sweden-our-philosophy.jpg\" alt=\"Sheltievalp i skogen\">\n\t\t\t\t\t\t\t\t\t\t\t<\/div>\n\t\t\t\t<\/div>\n\t\t\t\t<div class=\"col-md-6\">\n\t\t\t\t\t\t\t\t\t\t\t\t<div class=\"media\">\n\t\t\t\t\t\t\t\t<div class=\"icon-warp\">\n\t\t\t\t\t\t\t\t\t\t\t\t\t\t\t\t\t\t\t<img decoding=\"async\" class=\"mr-3\" src=\"https:\/\/bozita.com\/se\/wp-content\/uploads\/sites\/5\/2023\/01\/FeatureIcon-Dark-RenewableEnergy.svg\" alt=\"\">\n\t\t\t\t\t\t\t\t\t\t\t\t\t\t\t\t\t<\/div>\n\t\t\t\t\t\t\t\t<div class=\"media-body\">\n\t\t\t\t\t\t\t\t\t<h6 class=\"mt-0\">\n\t\t\t\t\t\t\t\t\t\tStandarder och certifieringar\t\t\t\t\t\t\t\t\t<\/h6>\n\t\t\t\t\t\t\t\t\t<p>\n\t\t\t\t\t\t\t\t\t\tV\u00e5r fabrik \u00e4r certifierad enligt ISO 22000 och IFS Food Standards.\t\t\t\t\t\t\t\t\t<\/p>\n\t\t\t\t\t\t\t\t<\/div>\n\t\t\t\t\t\t\t<\/div>\n\t\t\t\t\t\t\t\t\t\t\t\t\t\t<div class=\"media\">\n\t\t\t\t\t\t\t\t<div class=\"icon-warp\">\n\t\t\t\t\t\t\t\t\t\t\t\t\t\t\t\t\t\t\t<img decoding=\"async\" class=\"mr-3\" src=\"https:\/\/bozita.com\/se\/wp-content\/uploads\/sites\/5\/2023\/01\/FeatureIcon-Dark-RenewableEnergy.svg\" alt=\"\">\n\t\t\t\t\t\t\t\t\t\t\t\t\t\t\t\t\t<\/div>\n\t\t\t\t\t\t\t\t<div class=\"media-body\">\n\t\t\t\t\t\t\t\t\t<h6 class=\"mt-0\">\n\t\t\t\t\t\t\t\t\t\tMat utvecklad av n\u00e4ringsexperter\t\t\t\t\t\t\t\t\t<\/h6>\n\t\t\t\t\t\t\t\t\t<p>\n\t\t\t\t\t\t\t\t\t\tAlla v\u00e5ra recept \u00e4r utvecklade av v\u00e5rt specialiserade team av nutritionister.\t\t\t\t\t\t\t\t\t<\/p>\n\t\t\t\t\t\t\t\t<\/div>\n\t\t\t\t\t\t\t<\/div>\n\t\t\t\t\t\t\t\t\t\t\t\t\t\t<div class=\"media\">\n\t\t\t\t\t\t\t\t<div class=\"icon-warp\">\n\t\t\t\t\t\t\t\t\t\t\t\t\t\t\t\t\t\t\t<img decoding=\"async\" class=\"mr-3\" src=\"https:\/\/bozita.com\/se\/wp-content\/uploads\/sites\/5\/2023\/01\/FeatureIcon-Dark-RenewableEnergy.svg\" alt=\"\">\n\t\t\t\t\t\t\t\t\t\t\t\t\t\t\t\t\t<\/div>\n\t\t\t\t\t\t\t\t<div class=\"media-body\">\n\t\t\t\t\t\t\t\t\t<h6 class=\"mt-0\">\n\t\t\t\t\t\t\t\t\t\tBalanserad hund- och kattmat\t\t\t\t\t\t\t\t\t<\/h6>\n\t\t\t\t\t\t\t\t\t<p>\n\t\t\t\t\t\t\t\t\t\tV\u00e5ra husdjursfoder \u00e4r kompletta och balanserade, med en smak som v\u00e5ra katter och hundar \u00e4lskar.\t\t\t\t\t\t\t\t\t<\/p>\n\t\t\t\t\t\t\t\t<\/div>\n\t\t\t\t\t\t\t<\/div>\n\t\t\t\t\t\t\t\t\t\t\t<\/div>\n\t\t\t<\/div>\n\t\t<\/div>\n\n\t\t<div class=\"d-none d-md-block d-lg-none\">\n\t\t\t<div class=\"row\">\n\t\t\t\t<div class=\"col-md-12 d-flex justify-content-center\">\n\t\t\t\t\t<div class=\"how_we_make_it_matters-img-md\">\n\t\t\t\t\t\t\t\t\t\t\t\t\t<img decoding=\"async\" src=\"https:\/\/bozita.com\/se\/wp-content\/uploads\/sites\/5\/2024\/01\/bozita-sheltie-forest-sweden-our-philosophy.jpg\" alt=\"Sheltievalp i skogen\">\n\t\t\t\t\t\t\t\t\t\t\t<\/div>\n\t\t\t\t<\/div>\n\t\t\t\t<div class=\"col-md-12\">\n\t\t\t\t\t\t\t\t\t\t\t\t<div class=\"media\">\n\t\t\t\t\t\t\t\t<div class=\"icon-warp\">\n\t\t\t\t\t\t\t\t\t\t\t\t\t\t\t\t\t\t\t<img decoding=\"async\" class=\"mr-3\" src=\"https:\/\/bozita.com\/se\/wp-content\/uploads\/sites\/5\/2023\/01\/FeatureIcon-Dark-RenewableEnergy.svg\" alt=\"\">\n\t\t\t\t\t\t\t\t\t\t\t\t\t\t\t\t\t<\/div>\n\t\t\t\t\t\t\t\t<div class=\"media-body\">\n\t\t\t\t\t\t\t\t\t<h6 class=\"mt-0\">\n\t\t\t\t\t\t\t\t\t\tStandarder och certifieringar\t\t\t\t\t\t\t\t\t<\/h6>\n\t\t\t\t\t\t\t\t\t<p>\n\t\t\t\t\t\t\t\t\t\tV\u00e5r fabrik \u00e4r certifierad enligt ISO 22000 och IFS Food Standards.\t\t\t\t\t\t\t\t\t<\/p>\n\t\t\t\t\t\t\t\t<\/div>\n\t\t\t\t\t\t\t<\/div>\n\t\t\t\t\t\t\t\t\t\t\t\t\t\t<div class=\"media\">\n\t\t\t\t\t\t\t\t<div class=\"icon-warp\">\n\t\t\t\t\t\t\t\t\t\t\t\t\t\t\t\t\t\t\t<img decoding=\"async\" class=\"mr-3\" src=\"https:\/\/bozita.com\/se\/wp-content\/uploads\/sites\/5\/2023\/01\/FeatureIcon-Dark-RenewableEnergy.svg\" alt=\"\">\n\t\t\t\t\t\t\t\t\t\t\t\t\t\t\t\t\t<\/div>\n\t\t\t\t\t\t\t\t<div class=\"media-body\">\n\t\t\t\t\t\t\t\t\t<h6 class=\"mt-0\">\n\t\t\t\t\t\t\t\t\t\tMat utvecklad av n\u00e4ringsexperter\t\t\t\t\t\t\t\t\t<\/h6>\n\t\t\t\t\t\t\t\t\t<p>\n\t\t\t\t\t\t\t\t\t\tAlla v\u00e5ra recept \u00e4r utvecklade av v\u00e5rt specialiserade team av nutritionister.\t\t\t\t\t\t\t\t\t<\/p>\n\t\t\t\t\t\t\t\t<\/div>\n\t\t\t\t\t\t\t<\/div>\n\t\t\t\t\t\t\t\t\t\t\t\t\t\t<div class=\"media\">\n\t\t\t\t\t\t\t\t<div class=\"icon-warp\">\n\t\t\t\t\t\t\t\t\t\t\t\t\t\t\t\t\t\t\t<img decoding=\"async\" class=\"mr-3\" src=\"https:\/\/bozita.com\/se\/wp-content\/uploads\/sites\/5\/2023\/01\/FeatureIcon-Dark-RenewableEnergy.svg\" alt=\"\">\n\t\t\t\t\t\t\t\t\t\t\t\t\t\t\t\t\t<\/div>\n\t\t\t\t\t\t\t\t<div class=\"media-body\">\n\t\t\t\t\t\t\t\t\t<h6 class=\"mt-0\">\n\t\t\t\t\t\t\t\t\t\tBalanserad hund- och kattmat\t\t\t\t\t\t\t\t\t<\/h6>\n\t\t\t\t\t\t\t\t\t<p>\n\t\t\t\t\t\t\t\t\t\tV\u00e5ra husdjursfoder \u00e4r kompletta och balanserade, med en smak som v\u00e5ra katter och hundar \u00e4lskar.\t\t\t\t\t\t\t\t\t<\/p>\n\t\t\t\t\t\t\t\t<\/div>\n\t\t\t\t\t\t\t<\/div>\n\t\t\t\t\t\t\t\t\t\t\t<\/div>\n\t\t\t<\/div>\n\t\t<\/div>\n\t\t\n\t\t<div class=\"text-center cta-button\">\n\t\t\t\t\t<\/div>\n\t<\/div>\n<\/section>\n\n\n\t<section class=\"block discover-our-product\">\n\t\t<div class=\"container\">\n\t\t\t\t\t\t\t<h5>\n\t\t\t\t\tSWEDISH NATURAL QUALITY\t\t\t\t<\/h5>\n\t\t\t\t\t\t\t\t\t\t\t<h2>\n\t\t\t\t\tUppt\u00e4ck v\u00e5ra produkter\t\t\t\t<\/h2>\n\n\t\t\t\t\t\t\t\n\t\t\t<div class=\"row align-items-center\">\n\t\t\t\t<div class=\"col-md-6\">\n\t\t\t\t\t<div class=\"\">\n\t\t\t\t\t\t\t\t\t\t\t\t<img decoding=\"async\" src=\"https:\/\/bozita.com\/se\/wp-content\/uploads\/sites\/5\/2025\/11\/CatDogCompass.png\" alt=\"\">\n\t\t\t\t\t\t\t\t\t\t\t<\/div>\n\t\t\t\t<\/div>\n\t\t\t\t<div class=\"col-md-6\">\n\t\t\t\t\t<p><strong>Svensk Natural Quality handlar om mer \u00e4n maten i sk\u00e5len. Det p\u00e5verkar varje del av v\u00e5r process, fr\u00e5n de ingredienser vi anv\u00e4nder till k\u00f6ket vi lagar maten i.<\/strong><\/p>\n<p>Svensk Natural Quality handlar om mer \u00e4n maten i sk\u00e5len. Det p\u00e5verkar varje del av v\u00e5r process, fr\u00e5n de ingredienser vi anv\u00e4nder till k\u00f6ket vi lagar maten i. Efter mer \u00e4n 100 \u00e5r har vi l\u00e4rt oss att sj\u00e4lva tillverkningen av v\u00e5rt katt- och hundfoder \u00e4r minst lika viktigt som hur det smakar. Genom att i m\u00f6jligaste m\u00e5n anv\u00e4nda naturliga ingredienser och tillverkningsmetoder noggrant f\u00f6rfinade genom decennier av k\u00e4rleksfullt arbete, s\u00e5 producerar vi katt- och hundfoder som verkligen \u00e5terspeglar det svenska intresset f\u00f6r naturen \u2013 och det \u00e4r d\u00e4rf\u00f6r vi kallar det Swedish Natural Quality.<\/p>\n\t\t\t\t\t<div class=\"cta-button\">\n\t\t\t\t\t\t\t\t\t\t\t\t\t<a target=\"\" href=\"https:\/\/bozita.com\/se\/hundfoder\/\" class=\"btn btn-primary\">\n\t\t\t\t\t\t\t\tUPPT\u00c4CK V\u00c5R HUNDMAT\t\t\t\t\t\t\t<\/a>\n\t\t\t\t\t\t\t\t\t\t\t\t\t\t\t\t\t\t\t\t<a target=\"\" href=\"https:\/\/bozita.com\/se\/kattfoder\/\" class=\"btn btn-primary\">\n\t\t\t\t\t\t\t\tUPPT\u00c4CK V\u00c5R KATTMAT\t\t\t\t\t\t\t<\/a>\n\t\t\t\t\t\t\t\t\t\t\t\t<\/div>\n\t\t\t\t<\/div>\n\t\t\t<\/div>\n\t\t<\/div>\n\t<\/section>\n","protected":false},"excerpt":{"rendered":"","protected":false},"author":4,"featured_media":0,"parent":8919,"menu_order":0,"comment_status":"closed","ping_status":"closed","template":"guternberg.php","meta":{"footnotes":""},"acf":[],"yoast_head":"<!-- This site is optimized with the Yoast SEO plugin v21.3 - https:\/\/yoast.com\/wordpress\/plugins\/seo\/ -->\n<title>N\u00e4ringsrik mat - Bozita Sverige<\/title>\n<meta name=\"robots\" content=\"index, follow, max-snippet:-1, max-image-preview:large, max-video-preview:-1\" \/>\n<link rel=\"canonical\" href=\"https:\/\/bozita.com\/se\/var-filosofi\/naringsrik-mat\/\" \/>\n<meta property=\"og:locale\" content=\"sv_SE\" \/>\n<meta property=\"og:type\" content=\"article\" \/>\n<meta property=\"og:title\" content=\"N\u00e4ringsrik mat - Bozita Sverige\" \/>\n<meta property=\"og:url\" content=\"https:\/\/bozita.com\/se\/var-filosofi\/naringsrik-mat\/\" \/>\n<meta property=\"og:site_name\" content=\"Bozita Sverige\" \/>\n<meta property=\"article:modified_time\" content=\"2026-01-15T08:07:09+00:00\" \/>\n<meta name=\"twitter:card\" content=\"summary_large_image\" \/>\n<!-- \/ Yoast SEO plugin. -->","yoast_head_json":{"title":"N\u00e4ringsrik mat - Bozita Sverige","robots":{"index":"index","follow":"follow","max-snippet":"max-snippet:-1","max-image-preview":"max-image-preview:large","max-video-preview":"max-video-preview:-1"},"canonical":"https:\/\/bozita.com\/se\/var-filosofi\/naringsrik-mat\/","og_locale":"sv_SE","og_type":"article","og_title":"N\u00e4ringsrik mat - Bozita Sverige","og_url":"https:\/\/bozita.com\/se\/var-filosofi\/naringsrik-mat\/","og_site_name":"Bozita Sverige","article_modified_time":"2026-01-15T08:07:09+00:00","twitter_card":"summary_large_image","schema":{"@context":"https:\/\/schema.org","@graph":[{"@type":"WebPage","@id":"https:\/\/bozita.com\/se\/var-filosofi\/naringsrik-mat\/","url":"https:\/\/bozita.com\/se\/var-filosofi\/naringsrik-mat\/","name":"N\u00e4ringsrik mat - Bozita Sverige","isPartOf":{"@id":"https:\/\/bozita.com\/se\/#website"},"datePublished":"2023-01-04T14:04:12+00:00","dateModified":"2026-01-15T08:07:09+00:00","breadcrumb":{"@id":"https:\/\/bozita.com\/se\/var-filosofi\/naringsrik-mat\/#breadcrumb"},"inLanguage":"sv-SE","potentialAction":[{"@type":"ReadAction","target":["https:\/\/bozita.com\/se\/var-filosofi\/naringsrik-mat\/"]}]},{"@type":"BreadcrumbList","@id":"https:\/\/bozita.com\/se\/var-filosofi\/naringsrik-mat\/#breadcrumb","itemListElement":[{"@type":"ListItem","position":1,"name":"Home","item":"https:\/\/bozita.com\/se\/"},{"@type":"ListItem","position":2,"name":"V\u00e5r filosofi","item":"https:\/\/bozita.com\/se\/var-filosofi\/"},{"@type":"ListItem","position":3,"name":"N\u00e4ringsrik mat"}]},{"@type":"WebSite","@id":"https:\/\/bozita.com\/se\/#website","url":"https:\/\/bozita.com\/se\/","name":"Bozita Sverige","description":"","potentialAction":[{"@type":"SearchAction","target":{"@type":"EntryPoint","urlTemplate":"https:\/\/bozita.com\/se\/?s={search_term_string}"},"query-input":"required name=search_term_string"}],"inLanguage":"sv-SE"}]}},"_links":{"self":[{"href":"https:\/\/bozita.com\/se\/wp-json\/wp\/v2\/pages\/8935"}],"collection":[{"href":"https:\/\/bozita.com\/se\/wp-json\/wp\/v2\/pages"}],"about":[{"href":"https:\/\/bozita.com\/se\/wp-json\/wp\/v2\/types\/page"}],"author":[{"embeddable":true,"href":"https:\/\/bozita.com\/se\/wp-json\/wp\/v2\/users\/4"}],"replies":[{"embeddable":true,"href":"https:\/\/bozita.com\/se\/wp-json\/wp\/v2\/comments?post=8935"}],"version-history":[{"count":16,"href":"https:\/\/bozita.com\/se\/wp-json\/wp\/v2\/pages\/8935\/revisions"}],"predecessor-version":[{"id":12318,"href":"https:\/\/bozita.com\/se\/wp-json\/wp\/v2\/pages\/8935\/revisions\/12318"}],"up":[{"embeddable":true,"href":"https:\/\/bozita.com\/se\/wp-json\/wp\/v2\/pages\/8919"}],"wp:attachment":[{"href":"https:\/\/bozita.com\/se\/wp-json\/wp\/v2\/media?parent=8935"}],"curies":[{"name":"wp","href":"https:\/\/api.w.org\/{rel}","templated":true}]}}