{"id":95,"date":"2021-05-25T23:52:35","date_gmt":"2021-05-25T23:52:35","guid":{"rendered":"https:\/\/bozita.com\/se\/?page_id=95"},"modified":"2025-11-13T09:23:10","modified_gmt":"2025-11-13T09:23:10","slug":"bozita-breeders-club","status":"publish","type":"page","link":"https:\/\/bozita.com\/se\/bozita-breeders-club\/","title":{"rendered":"Bozita Breeders Club"},"content":{"rendered":"\t\t<section class=\"block full-width-promo \">\n\t\t<div class=\"overlay-v2\">\n\t\t\t\t\t\t\t\t<img decoding=\"async\" class=\"background-image-v2\" src=\"https:\/\/bozita.com\/se\/wp-content\/uploads\/sites\/5\/2024\/01\/bozita-ambassadors-header-logo-v1.jpg\" alt=\"Jakthund med logotyp f\u00f6r Bozita Breeders Club\">\n\t\t\t\t\t\t\t\t<div class=\"container\">\n\t\t\t\t<div class=\"row\">\n\t\t\t\t\t<div class=\"col-md-6 col-lg-5\">\n\t\t\t\t\t\t<h5>Bozita Breeders Club<\/h5><h1>\u00c4r du katt- eller hunduppf\u00f6dare?<\/h1><p>V\u00e4lkommen till v\u00e5r uppf\u00f6darklubb, d\u00e4r passion f\u00f6r hundar och katter m\u00f6ter omtanke f\u00f6r uppf\u00f6dare. Tillsammans g\u00f6r vi skillnad och skapar en framtid d\u00e4r varje liten tass och svans \u00e4r omgiven av k\u00e4rlek och omtanke. <\/p>\t\t\t\t\t\t\t\t\t\t\t<\/div>\n\t\t\t\t<\/div>\n\t\t\t<\/div>\n\t\t<\/div>\n\t<\/section>\n\n\n<section class=\"block card-block\">\n\t<div class=\"overlay\">\n\t\t<div class=\"container\">\n\t\t\t<div class=\"row\">\n\t\t\t\t\t\t\t\t\t\t<div class=\"col-md-6\">\n\t\t\t\t\t\t\t<div class=\"card\">\n\t\t\t\t\t\t\t\t\t\t\t\t\t\t\t\t\t<img decoding=\"async\" class=\"card-img-top\" src=\"https:\/\/bozita.com\/se\/wp-content\/uploads\/sites\/5\/2024\/01\/bozita-grey-cat-lookingup-1200x800-1.jpg\" alt=\"Grey kitten looking up\">\n\t\t\t\t\t\t\t\t\t\t\t\t\t\t\t\t<div class=\"card-body\">\n\t\t\t\t\t\t\t\t\t<h5 class=\"sub-headline\"> Bozita Breeders Club<\/h5>\n\t\t\t\t\t\t\t\t\t<h3 class=\"headline\">Kattuppf\u00f6dare<\/h3>\n\t\t\t\t\t\t\t\t\t<p class=\"card-text\"><div class=\"card__intro\">\n<ul>\n<li>Du beh\u00f6ver ha ett godk\u00e4nt stamnamn i SVERAK och vara bosatt i Sverige.<\/li>\n<li>Du skall vara en aktiv uppf\u00f6dare och ta minst en kattungekull vart tredje \u00e5r.<\/li>\n<li>Du skall i huvudsak anv\u00e4nda Bozita torrfoder och v\u00e5tfoder till dina egna katter.<\/li>\n<li>Du f\u00e5r ej \u00e5terf\u00f6rs\u00e4lja produkter du k\u00f6pt fr\u00e5n oss.<\/li>\n<\/ul>\n<h3>F\u00f6rm\u00e5ner<\/h3>\n<ul>\n<li>Kostnadsfritt medlemskap.<\/li>\n<li>20% rabatt p\u00e5 Bozita torrfoder via <a href=\"https:\/\/bozita.com\/se\/bonuscard\/\">Bonuscard<\/a>. G\u00e4ller p\u00e5 ordinarie pris.<\/li>\n<li>7% rabatt p\u00e5 Bozita v\u00e5tfoder via <a href=\"https:\/\/bozita.com\/se\/bonuscard\/\">Bonuscard.<\/a> G\u00e4ller p\u00e5 ordinarie pris.<\/li>\n<li>Kattungepaket att skicka med din kattunge vid leverans. Dessa paket levereras till dig som uppf\u00f6dare.<\/li>\n<li>R\u00e5d i utfodringsfr\u00e5gor.<\/li>\n<\/ul>\n<h3>\u00c5taganden<\/h3>\n<p>Medlem i Bozita Breeders Club \u00e5tar sig att:<\/p>\n<ul>\n<li>Anv\u00e4nda och rekommendera Bozita torrfoder och v\u00e5tfoder.<\/li>\n<li>\u00d6verl\u00e4mna kattungepaket till kattungek\u00f6pare i sin helhet.<\/li>\n<\/ul>\n<h3>Inga kvitton<\/h3>\n<p>Vi \u00e4r anslutna till <a href=\"https:\/\/bozita.com\/se\/bonuscard\/\">Bonuscard<\/a> som \u00e4r ett digitalt bonussystem d\u00e4r allt samlas i en busenkel app. Man kan nyttja sin uppf\u00f6darrabatt i alla de butiker som \u00e4r anslutna till Bonuscard, du f\u00e5r din rabatt direkt i butiken.<\/p>\n<ul>\n<li>Du beh\u00f6ver f\u00f6rst bli medlem i v\u00e5r uppf\u00f6darklubb Bozita Breeders Club.<\/li>\n<li>Efter godk\u00e4nnande ans\u00f6ker du om klubbmedlemskap i Bonuscard.<\/li>\n<li>Sedan kan du nyttja rabatten.<\/li>\n<\/ul>\n<\/div>\n<\/p>\n\t\t\t\t\t\t\t\t\t<a target=\"_self\" href=\"https:\/\/online.superoffice.com\/Cust20588\/CS\/scripts\/customer.fcgi?action=formFrame&#038;formId=F-EVx0i8aw\" class=\"btn btn-primary\">G\u00e5 med i Bozita Breeders Club<\/a>\n\t\t\t\t\t\t\t\t<\/div>\n\t\t\t\t\t\t\t<\/div>\n\t\t\t\t\t\t<\/div>\n\t\t\t\t\t\t\t\t\t\t\t\t<div class=\"col-md-6\">\n\t\t\t\t\t\t\t<div class=\"card\">\n\t\t\t\t\t\t\t\t\t\t\t\t\t\t\t\t\t<img decoding=\"async\" class=\"card-img-top\" src=\"https:\/\/bozita.com\/se\/wp-content\/uploads\/sites\/5\/2024\/01\/bozita-dog-puppy-running-on-gras-1200x800-1.jpg\" alt=\"Running puppy on gras\">\n\t\t\t\t\t\t\t\t\t\t\t\t\t\t\t\t<div class=\"card-body\">\n\t\t\t\t\t\t\t\t\t<h5 class=\"sub-headline\"> Bozita Breeders Club<\/h5>\n\t\t\t\t\t\t\t\t\t<h3 class=\"headline\">Hunduppf\u00f6dare<\/h3>\n\t\t\t\t\t\t\t\t\t<p class=\"card-text\"><ul>\n<li>Du beh\u00f6ver ha ett godk\u00e4nt registrerat kennelnamn i Svenska Kennelklubben (SKK) och vara bosatt i Sverige.<\/li>\n<li>Du skall vara en aktiv uppf\u00f6dare och ta minst en valpkull vart tredje \u00e5r.<\/li>\n<li>Du skall i huvudsak anv\u00e4nda Bozita Robur och Bozita v\u00e5tfoder till dina egna hundar.<\/li>\n<li>Du f\u00e5r ej \u00e5terf\u00f6rs\u00e4lja produkter du k\u00f6pt fr\u00e5n oss.<\/li>\n<\/ul>\n<h3>F\u00f6rm\u00e5ner<\/h3>\n<ul>\n<li>Kostnadsfritt medlemskap.<\/li>\n<li>20% rabatt p\u00e5 Bozita Robur torrfoder via <a href=\"https:\/\/bozita.com\/se\/bonuscard\/\">Bonuscard<\/a>. G\u00e4ller p\u00e5 ordinarie pris.<\/li>\n<li>7% rabatt p\u00e5 Bozita v\u00e5tfoder via <a href=\"https:\/\/bozita.com\/se\/bonuscard\/\">Bonuscard<\/a>. G\u00e4ller p\u00e5 ordinarie pris.<\/li>\n<li>Valppaket att skicka med din valp vid leverans. Dessa paket levereras till dig som uppf\u00f6dare.<\/li>\n<li>R\u00e5d i utfodringsfr\u00e5gor.<\/li>\n<\/ul>\n<h3>\u00c5taganden<\/h3>\n<p>Medlem i Bozita Breeders Club \u00e5tar sig att:<\/p>\n<ul>\n<li>Anv\u00e4nda och rekommendera Bozita v\u00e5tfoder och\/eller Bozita Robur.<\/li>\n<li>\u00d6verl\u00e4mna valppaket till valpk\u00f6pare i sin helhet.<\/li>\n<\/ul>\n<h3>Inga kvitton<\/h3>\n<p>Vi \u00e4r anslutna till <a href=\"https:\/\/bozita.com\/se\/bonuscard\/\">Bonuscard<\/a> som \u00e4r ett digitalt bonussystem d\u00e4r allt samlas i en busenkel app. Man kan nyttja sin uppf\u00f6darrabatt i alla de butiker som \u00e4r anslutna till Bonuscard, du f\u00e5r din rabatt direkt i butiken.<\/p>\n<ul>\n<li>Du beh\u00f6ver f\u00f6rst bli medlem i v\u00e5r uppf\u00f6darklubb Bozita Breeders Club.<\/li>\n<li>Efter godk\u00e4nnande ans\u00f6ker du om klubbmedlemskap i Bonuscard.<\/li>\n<li>Sedan kan du nyttja rabatten.<\/li>\n<\/ul>\n<\/p>\n\t\t\t\t\t\t\t\t\t<a target=\"_self\" href=\"https:\/\/online.superoffice.com\/Cust20588\/CS\/scripts\/customer.fcgi?action=formFrame&#038;formId=F-vncRTBwQ\" class=\"btn btn-primary\">G\u00e5 med i Bozita Breeders Club<\/a>\n\t\t\t\t\t\t\t\t<\/div>\n\t\t\t\t\t\t\t<\/div>\n\t\t\t\t\t\t<\/div>\n\t\t\t\t\t\t\t\t\t<\/div>\n\t\t<\/div>\n\t<\/div>\n<\/section>\n\n\n\n\t<section class=\"block two-column-image-with-textbox overflow-disable\">\n\t\t<div class=\"container\">\n\t\t\t\t\t\t\t\t<div class=\"mb-5 no-gutters row align-items-center \n\t\t\t\t\tflex-row-reverse\t\t\t\t\t\t\t\t\t\t\t\t\t\t\t\t\t\t\">\n\t\t\t\t\t\t<div class=\"col-md-6\">\n\t\t\t\t\t\t\t\t\t\t\t\t\t\t\t\t<figure>\n\t\t\t\t\t\t\t\t\t\t\t\t\t\t\t\t\t\t\t\t\t<img decoding=\"async\" class=\"clear-opacity\" src=\"https:\/\/bozita.com\/se\/wp-content\/uploads\/sites\/5\/2024\/02\/bonuscard-bozita-logotyp-1200x800-1.jpg\" alt=\"Bonuscard och Bozita logotyp\">\n\t\t\t\t\t\t\t\t\t\t\t\t\t\t\t\t\t\t\t\t\t\t\t\t\t\t\t\t\t<\/figure>\n\t\t\t\t\t\t\t\t\t\t\t\t\t\t\t<\/div>\n\t\t\t\t\t\t<div class=\"col-md-6\">\n\t\t\t\t\t\t\t<div class=\"content-wrap\">\n\t\t\t\t\t\t\t\t<h2>S\u00e5 h\u00e4r f\u00e5r du din uppf\u00f6darrabatt <\/h2><p><p>Du beh\u00f6ver registrera dig som uppf\u00f6dare i Bonuscard, som \u00e4r ett digitalt bonussystem d\u00e4r allt samlas i en busenkel app. Man kan nyttja sin uppf\u00f6darrabatt i alla de butiker som \u00e4r anslutna till Bonuscard. H\u00e4r kan du se om <a href=\"https:\/\/web.bonuscard.com\/Store\/ExternalList?brand=bozita\">din butik \u00e4r ansluten till Bonuscard<\/a>.<\/p>\n <\/p>\t\t\t\t\t\t\t\t\t<a target=\"\" href=\"https:\/\/bozita.com\/se\/bonuscard\/\" class=\"btn btn-white\">L\u00e4s mer om Bonuscard<\/a>\n\t\t\t\t\t\t\t\t\t\t\t\t\t\t\t\t<\/div>\n\t\t\t\t\t\t<\/div>\n\t\t\t\t\t<\/div>\n\t\t\t\t\t\t\t\t\t\t<div class=\"mb-5 no-gutters row align-items-center \n\t\t\t\t\t\t\t\t\t\t\t\t\t\t\t\t\t\t\t\t\t\t\t\">\n\t\t\t\t\t\t<div class=\"col-md-6\">\n\t\t\t\t\t\t\t\t\t\t\t\t\t\t\t\t<figure>\n\t\t\t\t\t\t\t\t\t\t\t\t\t\t\t\t\t\t\t\t\t<img decoding=\"async\" class=\"clear-opacity\" src=\"https:\/\/bozita.com\/se\/wp-content\/uploads\/sites\/5\/2023\/07\/2307-puff-bozita-uppfodarklubb-valppase-1200x800-1.jpg\" alt=\"En border collie valp tittar ner i en valpkasse\">\n\t\t\t\t\t\t\t\t\t\t\t\t\t\t\t\t\t\t\t\t\t\t\t\t\t\t\t\t\t<\/figure>\n\t\t\t\t\t\t\t\t\t\t\t\t\t\t\t<\/div>\n\t\t\t\t\t\t<div class=\"col-md-6\">\n\t\t\t\t\t\t\t<div class=\"content-wrap\">\n\t\t\t\t\t\t\t\t<h2>Best\u00e4ll valp- eller kattungepaket <\/h2><p><p>H\u00e4r best\u00e4ller du som \u00e4r medlem i Bozitas uppf\u00f6darklubb dina valp- eller kattungepaket.<\/p>\n <\/p>\t\t\t\t\t\t\t\t\t<a target=\"\" href=\"https:\/\/bozita.com\/se\/valp-kattunge-paket\/\" class=\"btn btn-white\">Best\u00e4ll h\u00e4r<\/a>\n\t\t\t\t\t\t\t\t\t\t\t\t\t\t\t\t<\/div>\n\t\t\t\t\t\t<\/div>\n\t\t\t\t\t<\/div>\n\t\t\t\t\t\t\t<\/div>\n\t<\/section>\n\n\n\t<section class=\"media-object-wrap\">\n\t\t<div class=\"container\">\n\t\t\t<div class=\"media-object\">\n\t\t\t\t<div class=\"row row-eq-height align-items-stretch\">\n\t\t\t\t\t<div class=\"col-md-5\">\n\t\t\t\t\t\t\t\t\t\t\t\t\t<img decoding=\"async\" src=\"https:\/\/bozita.com\/se\/wp-content\/uploads\/sites\/5\/2021\/06\/bozita-breeders-club-dog-cat.jpeg\" alt=\"\">\n\t\t\t\t\t\t\t\t\t\t\t\t<\/div>\n\t\t\t\t\t<div class=\"col-md-7 d-flex align-items-center\">\n\t\t\t\t\t\t<div class=\"media-content\">\n\t\t\t\t\t\t<h3>Har du fr\u00e5gor? <\/h3><p>\u00d6vriga fr\u00e5gor g\u00e4llande uppf\u00f6darklubben f\u00e5r du svar p\u00e5 genom att kontakta oss p\u00e5:<\/p>\n<p><a href=\"mailto:bozita.breedersclub.se@ppfeurope.com\">bozita.breedersclub.se@ppfeurope.com<\/a><\/p>\n<p>&nbsp;<\/p>\n\t\t\t\t\t\t<\/div>\n\t\t\t\t\t<\/div>\n\t\t\t\t<\/div>\n\t\t\t<\/div>\n\t\t<\/div>\n\t<\/section>\n   \n","protected":false},"excerpt":{"rendered":"","protected":false},"author":4,"featured_media":535,"parent":0,"menu_order":0,"comment_status":"closed","ping_status":"closed","template":"guternberg.php","meta":{"footnotes":""},"acf":[],"yoast_head":"<!-- This site is optimized with the Yoast SEO plugin v21.3 - https:\/\/yoast.com\/wordpress\/plugins\/seo\/ -->\n<title>Bozitas uppf\u00f6darklubb f\u00f6r katt- och hunduppf\u00f6dare \u2013 g\u00e5 med idag | Bozita<\/title>\n<meta name=\"description\" content=\"F\u00f6r att g\u00e5 med i Bozita Breeders Club m\u00e5ste du vara en kattuppf\u00f6dare med ett godk\u00e4nt stamnamn eller hunduppf\u00f6dare med ett godk\u00e4nt kennelnamn som \u00e4r registrerat hos Svenska kennelklubben (SKK). Medlemsskapet inneb\u00e4r vissa \u00e5taganden, men \u00e4r kostnadsfritt.\" \/>\n<meta name=\"robots\" content=\"index, follow, max-snippet:-1, max-image-preview:large, max-video-preview:-1\" \/>\n<link rel=\"canonical\" href=\"https:\/\/bozita.com\/se\/bozita-breeders-club\/\" \/>\n<meta property=\"og:locale\" content=\"sv_SE\" \/>\n<meta property=\"og:type\" content=\"article\" \/>\n<meta property=\"og:title\" content=\"Bozitas uppf\u00f6darklubb f\u00f6r katt- och hunduppf\u00f6dare \u2013 g\u00e5 med idag | Bozita\" \/>\n<meta property=\"og:description\" content=\"F\u00f6r att g\u00e5 med i Bozita Breeders Club m\u00e5ste du vara en kattuppf\u00f6dare med ett godk\u00e4nt stamnamn eller hunduppf\u00f6dare med ett godk\u00e4nt kennelnamn som \u00e4r registrerat hos Svenska kennelklubben (SKK). Medlemsskapet inneb\u00e4r vissa \u00e5taganden, men \u00e4r kostnadsfritt.\" \/>\n<meta property=\"og:url\" content=\"https:\/\/bozita.com\/se\/bozita-breeders-club\/\" \/>\n<meta property=\"og:site_name\" content=\"Bozita Sverige\" \/>\n<meta property=\"article:modified_time\" content=\"2025-11-13T09:23:10+00:00\" \/>\n<meta property=\"og:image\" content=\"https:\/\/bozita.com\/se\/wp-content\/uploads\/sites\/5\/2021\/05\/Breeders-Club-Header-Image@2x-scaled.jpg\" \/>\n\t<meta property=\"og:image:width\" content=\"2560\" \/>\n\t<meta property=\"og:image:height\" content=\"1056\" \/>\n\t<meta property=\"og:image:type\" content=\"image\/jpeg\" \/>\n<meta name=\"twitter:card\" content=\"summary_large_image\" \/>\n<!-- \/ Yoast SEO plugin. -->","yoast_head_json":{"title":"Bozitas uppf\u00f6darklubb f\u00f6r katt- och hunduppf\u00f6dare \u2013 g\u00e5 med idag | Bozita","description":"F\u00f6r att g\u00e5 med i Bozita Breeders Club m\u00e5ste du vara en kattuppf\u00f6dare med ett godk\u00e4nt stamnamn eller hunduppf\u00f6dare med ett godk\u00e4nt kennelnamn som \u00e4r registrerat hos Svenska kennelklubben (SKK). Medlemsskapet inneb\u00e4r vissa \u00e5taganden, men \u00e4r kostnadsfritt.","robots":{"index":"index","follow":"follow","max-snippet":"max-snippet:-1","max-image-preview":"max-image-preview:large","max-video-preview":"max-video-preview:-1"},"canonical":"https:\/\/bozita.com\/se\/bozita-breeders-club\/","og_locale":"sv_SE","og_type":"article","og_title":"Bozitas uppf\u00f6darklubb f\u00f6r katt- och hunduppf\u00f6dare \u2013 g\u00e5 med idag | Bozita","og_description":"F\u00f6r att g\u00e5 med i Bozita Breeders Club m\u00e5ste du vara en kattuppf\u00f6dare med ett godk\u00e4nt stamnamn eller hunduppf\u00f6dare med ett godk\u00e4nt kennelnamn som \u00e4r registrerat hos Svenska kennelklubben (SKK). Medlemsskapet inneb\u00e4r vissa \u00e5taganden, men \u00e4r kostnadsfritt.","og_url":"https:\/\/bozita.com\/se\/bozita-breeders-club\/","og_site_name":"Bozita Sverige","article_modified_time":"2025-11-13T09:23:10+00:00","og_image":[{"width":2560,"height":1056,"url":"https:\/\/bozita.com\/se\/wp-content\/uploads\/sites\/5\/2021\/05\/Breeders-Club-Header-Image@2x-scaled.jpg","type":"image\/jpeg"}],"twitter_card":"summary_large_image","schema":{"@context":"https:\/\/schema.org","@graph":[{"@type":"WebPage","@id":"https:\/\/bozita.com\/se\/bozita-breeders-club\/","url":"https:\/\/bozita.com\/se\/bozita-breeders-club\/","name":"Bozitas uppf\u00f6darklubb f\u00f6r katt- och hunduppf\u00f6dare \u2013 g\u00e5 med idag | Bozita","isPartOf":{"@id":"https:\/\/bozita.com\/se\/#website"},"datePublished":"2021-05-25T23:52:35+00:00","dateModified":"2025-11-13T09:23:10+00:00","description":"F\u00f6r att g\u00e5 med i Bozita Breeders Club m\u00e5ste du vara en kattuppf\u00f6dare med ett godk\u00e4nt stamnamn eller hunduppf\u00f6dare med ett godk\u00e4nt kennelnamn som \u00e4r registrerat hos Svenska kennelklubben (SKK). Medlemsskapet inneb\u00e4r vissa \u00e5taganden, men \u00e4r kostnadsfritt.","breadcrumb":{"@id":"https:\/\/bozita.com\/se\/bozita-breeders-club\/#breadcrumb"},"inLanguage":"sv-SE","potentialAction":[{"@type":"ReadAction","target":["https:\/\/bozita.com\/se\/bozita-breeders-club\/"]}]},{"@type":"BreadcrumbList","@id":"https:\/\/bozita.com\/se\/bozita-breeders-club\/#breadcrumb","itemListElement":[{"@type":"ListItem","position":1,"name":"Home","item":"https:\/\/bozita.com\/se\/"},{"@type":"ListItem","position":2,"name":"Bozita Breeders Club"}]},{"@type":"WebSite","@id":"https:\/\/bozita.com\/se\/#website","url":"https:\/\/bozita.com\/se\/","name":"Bozita Sverige","description":"","potentialAction":[{"@type":"SearchAction","target":{"@type":"EntryPoint","urlTemplate":"https:\/\/bozita.com\/se\/?s={search_term_string}"},"query-input":"required name=search_term_string"}],"inLanguage":"sv-SE"}]}},"_links":{"self":[{"href":"https:\/\/bozita.com\/se\/wp-json\/wp\/v2\/pages\/95"}],"collection":[{"href":"https:\/\/bozita.com\/se\/wp-json\/wp\/v2\/pages"}],"about":[{"href":"https:\/\/bozita.com\/se\/wp-json\/wp\/v2\/types\/page"}],"author":[{"embeddable":true,"href":"https:\/\/bozita.com\/se\/wp-json\/wp\/v2\/users\/4"}],"replies":[{"embeddable":true,"href":"https:\/\/bozita.com\/se\/wp-json\/wp\/v2\/comments?post=95"}],"version-history":[{"count":71,"href":"https:\/\/bozita.com\/se\/wp-json\/wp\/v2\/pages\/95\/revisions"}],"predecessor-version":[{"id":12056,"href":"https:\/\/bozita.com\/se\/wp-json\/wp\/v2\/pages\/95\/revisions\/12056"}],"wp:featuredmedia":[{"embeddable":true,"href":"https:\/\/bozita.com\/se\/wp-json\/wp\/v2\/media\/535"}],"wp:attachment":[{"href":"https:\/\/bozita.com\/se\/wp-json\/wp\/v2\/media?parent=95"}],"curies":[{"name":"wp","href":"https:\/\/api.w.org\/{rel}","templated":true}]}}