{"id":9817,"date":"2024-01-15T13:01:08","date_gmt":"2024-01-15T13:01:08","guid":{"rendered":"https:\/\/bozita.com\/se\/?page_id=9817"},"modified":"2025-03-12T09:58:44","modified_gmt":"2025-03-12T09:58:44","slug":"bonuscard","status":"publish","type":"page","link":"https:\/\/bozita.com\/se\/bonuscard\/","title":{"rendered":"Bonuscard"},"content":{"rendered":"\t\t<section class=\"small-hero\">\n\t\t\t<div class=\"container\">\n\t\t\t\t<h5>Inga fler kvitton<\/h5><h1 class=\"small-hero-title\">Bonuscard \u2013 digitalt bonuskortsystem<\/h1><p><p>Vi \u00e4r anslutna till Bonuscard som \u00e4r ett smidigt digitalt bonuskortsystem. Genom att registrera dina k\u00f6p i en app n\u00e4r du handlar, kan du granska din k\u00f6phistorik och alltid ha tillg\u00e5ng till dina rabatter via ditt digitala medlemskap (butiken m\u00e5ste vara ansluten till Bonuscard).<\/p>\n<h3>Inga fler kvitton eller st\u00e4mpelkort<\/h3>\n<p>Det betyder att du som har ett st\u00e4mpelkort i butik kommer anv\u00e4nda dig av detta system (f\u00e5 40% rabatt p\u00e5 var 6:e s\u00e4ck du k\u00f6per!) och som uppf\u00f6dare och medlem i v\u00e5r uppf\u00f6darklubb \u00e4r det detta s\u00e4tt du f\u00e5r ut din rabatt, det \u00e4r samma rabatt som tidigare: 20 % p\u00e5 torrfoder och 7 % p\u00e5 v\u00e5tfoder fr\u00e5n Bozita.<\/p>\n<p>&nbsp;<\/p>\n<\/p>\t\t\t<\/div>\n\t\t\t<\/div>\n\t\t<\/section>\n\t\n\n\n\t<section class=\"block two-column-image-with-textbox overflow-disable\">\n\t\t<div class=\"container\">\n\t\t\t\t\t\t\t\t<div class=\"mb-5 no-gutters row align-items-center \n\t\t\t\t\tflex-row-reverse\t\t\t\t\t\t\t\t\t\t\t\t\t\t\t\t\t\t\">\n\t\t\t\t\t\t<div class=\"col-md-6\">\n\t\t\t\t\t\t\t\t\t\t\t\t\t\t\t\t<figure>\n\t\t\t\t\t\t\t\t\t\t\t\t\t\t\t\t\t\t\t\t\t<img decoding=\"async\" class=\"clear-opacity\" src=\"https:\/\/bozita.com\/se\/wp-content\/uploads\/sites\/5\/2024\/01\/bonuscard-app-mobile-1200x800-1.jpg\" alt=\"Bonusccard appen visualiserad i en mobil\">\n\t\t\t\t\t\t\t\t\t\t\t\t\t\t\t\t\t\t\t\t\t\t\t\t\t\t\t\t\t<\/figure>\n\t\t\t\t\t\t\t\t\t\t\t\t\t\t\t<\/div>\n\t\t\t\t\t\t<div class=\"col-md-6\">\n\t\t\t\t\t\t\t<div class=\"content-wrap\">\n\t\t\t\t\t\t\t\t<h2>Steg 1 <\/h2><p><ul>\n<li>Ladda ner Bonuscard-appen till din telefon.<\/li>\n<li>Skapa konto och anv\u00e4nd.<\/li>\n<\/ul>\n<p>\u00c4r du med i Bozita Breeders Club, d\u00e5 ska du \u00e4ven ans\u00f6ka om medlemskap i v\u00e5r uppf\u00f6darklubb. Du hittar en f\u00f6r katt och en f\u00f6r hund om du s\u00f6ker p\u00e5 Bozita.<\/p>\n<p>&nbsp;<\/p>\n <\/p>\t\t\t\t\t\t\t<\/div>\n\t\t\t\t\t\t<\/div>\n\t\t\t\t\t<\/div>\n\t\t\t\t\t\t\t\t\t\t<div class=\"mb-5 no-gutters row align-items-center \n\t\t\t\t\t\t\t\t\t\t\t\t\t\t\t\t\t\t\t\t\t\t\t\">\n\t\t\t\t\t\t<div class=\"col-md-6\">\n\t\t\t\t\t\t\t\t\t\t\t\t\t\t\t\t<figure>\n\t\t\t\t\t\t\t\t\t\t\t\t\t\t\t\t\t\t\t\t\t<img decoding=\"async\" class=\"clear-opacity\" src=\"https:\/\/bozita.com\/se\/wp-content\/uploads\/sites\/5\/2024\/01\/bonuscard-logo-pink-background-1200x800-1.jpg\" alt=\"Bonuscard and Bozita\">\n\t\t\t\t\t\t\t\t\t\t\t\t\t\t\t\t\t\t\t\t\t\t\t\t\t\t\t\t\t<\/figure>\n\t\t\t\t\t\t\t\t\t\t\t\t\t\t\t<\/div>\n\t\t\t\t\t\t<div class=\"col-md-6\">\n\t\t\t\t\t\t\t<div class=\"content-wrap\">\n\t\t\t\t\t\t\t\t<h2>Steg 2 <\/h2><p><ul>\n<li>Handla maten i en butik eller n\u00e4tbutik som \u00e4r ansluten till Bonuscard, hitta dem via appen.<\/li>\n<li>Uppge i kassan att du \u00e4r medlem i v\u00e5r klubb p\u00e5 Bonuscard f\u00f6r att ta del av eventuell rabatt.<\/li>\n<li>Du beh\u00f6ver inte spara n\u00e5gra fysiska kvitton.<\/li>\n<\/ul>\n <\/p>\t\t\t\t\t\t\t<\/div>\n\t\t\t\t\t\t<\/div>\n\t\t\t\t\t<\/div>\n\t\t\t\t\t\t\t<\/div>\n\t<\/section>\n\n\n<div class=\"text-box section-heading\">\n\t<div class=\"container\">\n\t\t<h2 class=\"section-heading-title\">Vanliga fr\u00e5gor om Bonuscard<\/h2>\n\t<\/div>\n<\/div>\n<\/div>\n\n\n\n<section class=\"block faq\">\n\t<div class=\"container\">\n\n\t\t\t\t\t<div id=\"accordion\" class=\"py-5\">\n\t\t\t\t\n\t\t\t\t\t<div class=\"acc-card border-0 \" style=\"\">\n\t\t\t\t\t\t<div class=\"acc-card-header p-0 border-0\" id=\"heading-1\">\n\t\t\t\t\t\t\t<button class=\"btn btn-link accordion-title collapse\" data-toggle=\"collapse\" data-target=\"#collapse-1\" aria-expanded=\"true\" aria-controls=\"#collapse-{{$cnt}}\">\n\t\t\t\t\t\t\t\t<i class=\"fas fa-sort-down text-center d-flex align-items-center justify-content-center h-100\"><\/i>\n\t\t\t\t\t\t\t\tHur fort kan jag bli medlem?\t\t\t\t\t\t\t<\/button>\n\t\t\t\t\t\t<\/div>\n\t\t\t\t\t\t<div id=\"collapse-1\" class=\"collapse show collapse-content\" aria-labelledby=\"heading-1\" data-parent=\"#accordion\">\n\t\t\t\t\t\t\t<div class=\"acc-card-body accordion-body\">\n\t\t\t\t\t\t\t\t<p>\n\t\t\t\t\t\t\t\t\tVi behandlar ans\u00f6kningar l\u00f6pande under kontorstider p\u00e5 vardagar. Du kommer att f\u00e5 ett bekr\u00e4ftelsemejl n\u00e4r din ans\u00f6kan \u00e4r godk\u00e4nd. Observera att ditt medlemskap blir giltigt f\u00f6rst efter att du har mottagit bekr\u00e4ftelsemejlet. Vid eventuella problem med registreringen, kontakta Bonuscard via <a href=\"mailto:info@bonuscard.com\">info@bonuscard.com<\/a>\t\t\t\t\t\t\t\t<\/p>\n\t\t\t\t\t\t\t<\/div>\n\t\t\t\t\t\t<\/div>\n\t\t\t\t\t<\/div>\n\n\t\t\t\t\t\n\t\t\t\t\t<div class=\"acc-card border-0 wow fadeInUp\" style=\"visibility: visible; animation-name: fadeInUp;\">\n\t\t\t\t\t\t<div class=\"acc-card-header p-0 border-0\" id=\"heading-2\">\n\t\t\t\t\t\t\t<button class=\"btn btn-link accordion-title border-0 collapsed\" data-toggle=\"collapse\" data-target=\"#collapse-2\" aria-expanded=\"false\" aria-controls=\"#collapse-{{$cnt}}\">\n\t\t\t\t\t\t\t\t<i class=\"fas fa-sort-down text-center d-flex align-items-center justify-content-center h-100\"><\/i>\n\t\t\t\t\t\t\t\tFungerar Bonuscard i alla butiker?\t\t\t\t\t\t\t<\/button>\n\t\t\t\t\t\t<\/div>\n\t\t\t\t\t\t<div id=\"collapse-2\" class=\"collapse  collapse-content\" aria-labelledby=\"heading-2\" data-parent=\"#accordion\">\n\t\t\t\t\t\t\t<div class=\"acc-card-body accordion-body\">\n\t\t\t\t\t\t\t\t<p>\n\t\t\t\t\t\t\t\t\tNej, butiken m\u00e5ste vara ansluten till Bonuscard. Du hittar alla butiker som \u00e4r anslutna, via appen, s\u00f6k efter Bozita under fliken Karta. Eller klicka h\u00e4r f\u00f6r att se <a href=\"https:\/\/web.bonuscard.com\/Store\/ExternalList?brand=bozita\">alla butiker anslutna till Bonuscard som s\u00e4ljer Bozitafoder.<\/a>\r\n\r\n\t\t\t\t\t\t\t\t<\/p>\n\t\t\t\t\t\t\t<\/div>\n\t\t\t\t\t\t<\/div>\n\t\t\t\t\t<\/div>\n\n\t\t\t\t\t\n\t\t\t\t\t<div class=\"acc-card border-0 wow fadeInUp\" style=\"visibility: visible; animation-name: fadeInUp;\">\n\t\t\t\t\t\t<div class=\"acc-card-header p-0 border-0\" id=\"heading-3\">\n\t\t\t\t\t\t\t<button class=\"btn btn-link accordion-title border-0 collapsed\" data-toggle=\"collapse\" data-target=\"#collapse-3\" aria-expanded=\"false\" aria-controls=\"#collapse-{{$cnt}}\">\n\t\t\t\t\t\t\t\t<i class=\"fas fa-sort-down text-center d-flex align-items-center justify-content-center h-100\"><\/i>\n\t\t\t\t\t\t\t\tHur vet jag vilka butiker som s\u00e4ljer Bozita och \u00e4r anslutna till Bonuscard?\t\t\t\t\t\t\t<\/button>\n\t\t\t\t\t\t<\/div>\n\t\t\t\t\t\t<div id=\"collapse-3\" class=\"collapse  collapse-content\" aria-labelledby=\"heading-3\" data-parent=\"#accordion\">\n\t\t\t\t\t\t\t<div class=\"acc-card-body accordion-body\">\n\t\t\t\t\t\t\t\t<p>\n\t\t\t\t\t\t\t\t\tI appen Bonuscard kan du klicka p\u00e5 fliken &#8221;karta&#8221; d\u00e4r s\u00f6ker du p\u00e5 Bozita. Du kan \u00e4ven hitta dem via l\u00e4nkarna h\u00e4r: \r\n<br\/><a href=\"https:\/\/web.bonuscard.com\/Store\/ExternalList?brand=bozita katt\">Butiker som s\u00e4ljer Bozita kattmat och \u00e4r anslutna till Bonuscard.<\/a>\r\n<br\/><a href=\"https:\/\/web.bonuscard.com\/Store\/ExternalList?brand=bozita hund\">Butiker som s\u00e4ljer Bozita hundmat och \u00e4r anslutna till Bonuscard.<\/a>\r\n\t\t\t\t\t\t\t\t<\/p>\n\t\t\t\t\t\t\t<\/div>\n\t\t\t\t\t\t<\/div>\n\t\t\t\t\t<\/div>\n\n\t\t\t\t\t\n\t\t\t\t\t<div class=\"acc-card border-0 wow fadeInUp\" style=\"visibility: visible; animation-name: fadeInUp;\">\n\t\t\t\t\t\t<div class=\"acc-card-header p-0 border-0\" id=\"heading-4\">\n\t\t\t\t\t\t\t<button class=\"btn btn-link accordion-title border-0 collapsed\" data-toggle=\"collapse\" data-target=\"#collapse-4\" aria-expanded=\"false\" aria-controls=\"#collapse-{{$cnt}}\">\n\t\t\t\t\t\t\t\t<i class=\"fas fa-sort-down text-center d-flex align-items-center justify-content-center h-100\"><\/i>\n\t\t\t\t\t\t\t\tHur ans\u00f6ker jag som uppf\u00f6dare om klubbmedlemskap i appen?\t\t\t\t\t\t\t<\/button>\n\t\t\t\t\t\t<\/div>\n\t\t\t\t\t\t<div id=\"collapse-4\" class=\"collapse  collapse-content\" aria-labelledby=\"heading-4\" data-parent=\"#accordion\">\n\t\t\t\t\t\t\t<div class=\"acc-card-body accordion-body\">\n\t\t\t\t\t\t\t\t<p>\n\t\t\t\t\t\t\t\t\t1. Logga in i appen med ditt telefonnummer\r\n<br\/>2. G\u00e5 till din profil h\u00f6gst upp till h\u00f6ger.\r\n<br\/>3. V\u00e4lj klubbmedlemskap och sedan Registrera.\r\n<br\/>4. S\u00f6k efter Bozita och v\u00e4lj hund eller katt.\r\n<br\/>5. D\u00e5 skickas ans\u00f6kan till oss som vi ska godk\u00e4nna. Du f\u00e5r svar inom 5 arbetsdagar.\r\n\r\n\r\n\t\t\t\t\t\t\t\t<\/p>\n\t\t\t\t\t\t\t<\/div>\n\t\t\t\t\t\t<\/div>\n\t\t\t\t\t<\/div>\n\n\t\t\t\t\t\n\t\t\t\t\t<div class=\"acc-card border-0 wow fadeInUp\" style=\"visibility: visible; animation-name: fadeInUp;\">\n\t\t\t\t\t\t<div class=\"acc-card-header p-0 border-0\" id=\"heading-5\">\n\t\t\t\t\t\t\t<button class=\"btn btn-link accordion-title border-0 collapsed\" data-toggle=\"collapse\" data-target=\"#collapse-5\" aria-expanded=\"false\" aria-controls=\"#collapse-{{$cnt}}\">\n\t\t\t\t\t\t\t\t<i class=\"fas fa-sort-down text-center d-flex align-items-center justify-content-center h-100\"><\/i>\n\t\t\t\t\t\t\t\tVad g\u00f6r jag med de kvitton jag har kvar?\t\t\t\t\t\t\t<\/button>\n\t\t\t\t\t\t<\/div>\n\t\t\t\t\t\t<div id=\"collapse-5\" class=\"collapse  collapse-content\" aria-labelledby=\"heading-5\" data-parent=\"#accordion\">\n\t\t\t\t\t\t\t<div class=\"acc-card-body accordion-body\">\n\t\t\t\t\t\t\t\t<p>\n\t\t\t\t\t\t\t\t\tDu har m\u00f6jlighet att skicka in fysiska kvitton till oss senast 30 april 2024. Sedan kommer all ers\u00e4ttning g\u00e5 via Bonuscard. \t\t\t\t\t\t\t\t<\/p>\n\t\t\t\t\t\t\t<\/div>\n\t\t\t\t\t\t<\/div>\n\t\t\t\t\t<\/div>\n\n\t\t\t\t\t\n\t\t\t\t\t<div class=\"acc-card border-0 wow fadeInUp\" style=\"visibility: visible; animation-name: fadeInUp;\">\n\t\t\t\t\t\t<div class=\"acc-card-header p-0 border-0\" id=\"heading-6\">\n\t\t\t\t\t\t\t<button class=\"btn btn-link accordion-title border-0 collapsed\" data-toggle=\"collapse\" data-target=\"#collapse-6\" aria-expanded=\"false\" aria-controls=\"#collapse-{{$cnt}}\">\n\t\t\t\t\t\t\t\t<i class=\"fas fa-sort-down text-center d-flex align-items-center justify-content-center h-100\"><\/i>\n\t\t\t\t\t\t\t\tM\u00e5ste butiken vara ansluten till Bonuscard f\u00f6r att jag ska f\u00e5 rabatten? \t\t\t\t\t\t\t<\/button>\n\t\t\t\t\t\t<\/div>\n\t\t\t\t\t\t<div id=\"collapse-6\" class=\"collapse  collapse-content\" aria-labelledby=\"heading-6\" data-parent=\"#accordion\">\n\t\t\t\t\t\t\t<div class=\"acc-card-body accordion-body\">\n\t\t\t\t\t\t\t\t<p>\n\t\t\t\t\t\t\t\t\tJa butiken m\u00e5ste vara ansluten till Bonuscard. Vi har inte m\u00f6jlighet att ers\u00e4tta med rabatten f\u00f6r de butiker som inte \u00e4r anslutna till Bonuscard. Men alla butiker har m\u00f6jlighet att kostnadsfritt ansluta till Bonuscard. \r\n\t\t\t\t\t\t\t\t<\/p>\n\t\t\t\t\t\t\t<\/div>\n\t\t\t\t\t\t<\/div>\n\t\t\t\t\t<\/div>\n\n\t\t\t\t\t\t\t\t<\/div>\n\t\t\t<\/div>\n<\/section>\n\n\n\n\t\t<section class=\"cta-image-wrap\">\n\t\t\t\t\t\t<img decoding=\"async\" class=\"background-image\" src=\"https:\/\/bozita.com\/se\/wp-content\/uploads\/sites\/5\/2023\/07\/2307-puff-bozita-uppfodarklubb-valppase-1200x800-1.jpg\" alt=\"En border collie valp tittar ner i en valpkasse\">\n\t\t\t\t\t\t\t<div class=\"overlay\">\n\t\t\t\t<div class=\"container text-center\">\n\t\t\t\t\t<div class=\"row\">\n\n\n\t\t\t\t\t\t<div class=\"col-sm-1\"><\/div>\n\t\t\t\t\t\t<div class=\"col-sm-10\">\n\t\t\t\t\t\t<h3>\u00c4r du inte med i v\u00e5r uppf\u00f6darklubb?<\/h3><p>Det \u00e4r kostnadsfritt och du ans\u00f6ker direkt p\u00e5 v\u00e5r websida, varmt v\u00e4lkommen med din ans\u00f6kan.<\/p>\n\t\t\t\t\t\t\t\t<a target=\"\" href=\"https:\/\/bozita.com\/se\/bozita-breeders-club\/\" class=\"btn btn-white\">\n\t\t\t\t\t\t\t\tG\u00e5 med i v\u00e5r uppf\u00f6darklubb\t\t\t\t\t\t\t\t<\/a>\n\t\t\t\t\t\t\t\t\t\t\t\t\t\t<\/div>\n\t\t\t\t\t<\/div>\n\t\t\t\t<\/div>\n\t\t\t<\/div>\n\t\t<\/section>\n\n\t\t","protected":false},"excerpt":{"rendered":"","protected":false},"author":31,"featured_media":0,"parent":0,"menu_order":0,"comment_status":"closed","ping_status":"closed","template":"guternberg.php","meta":{"footnotes":""},"acf":[],"yoast_head":"<!-- This site is optimized with the Yoast SEO plugin v21.3 - https:\/\/yoast.com\/wordpress\/plugins\/seo\/ -->\n<title>Bonuscard - Digitalt bonuskortsystem f\u00f6r uppf\u00f6dare Bonuscard - Bozita Sverige<\/title>\n<meta name=\"description\" content=\"Du som hunduppf\u00f6dare och medlem i Bozita Breeders Club, f\u00e5r ta del av uppf\u00f6darrabatten via Bonuscard.\" \/>\n<meta name=\"robots\" content=\"index, follow, max-snippet:-1, max-image-preview:large, max-video-preview:-1\" \/>\n<link rel=\"canonical\" href=\"https:\/\/bozita.com\/se\/bonuscard\/\" \/>\n<meta property=\"og:locale\" content=\"sv_SE\" \/>\n<meta property=\"og:type\" content=\"article\" \/>\n<meta property=\"og:title\" content=\"Bonuscard - Digitalt bonuskortsystem f\u00f6r uppf\u00f6dare Bonuscard - Bozita Sverige\" \/>\n<meta property=\"og:description\" content=\"Du som hunduppf\u00f6dare och medlem i Bozita Breeders Club, f\u00e5r ta del av uppf\u00f6darrabatten via Bonuscard.\" \/>\n<meta property=\"og:url\" content=\"https:\/\/bozita.com\/se\/bonuscard\/\" \/>\n<meta property=\"og:site_name\" content=\"Bozita Sverige\" \/>\n<meta property=\"article:modified_time\" content=\"2025-03-12T09:58:44+00:00\" \/>\n<meta name=\"twitter:card\" content=\"summary_large_image\" \/>\n<!-- \/ Yoast SEO plugin. -->","yoast_head_json":{"title":"Bonuscard - Digitalt bonuskortsystem f\u00f6r uppf\u00f6dare Bonuscard - Bozita Sverige","description":"Du som hunduppf\u00f6dare och medlem i Bozita Breeders Club, f\u00e5r ta del av uppf\u00f6darrabatten via Bonuscard.","robots":{"index":"index","follow":"follow","max-snippet":"max-snippet:-1","max-image-preview":"max-image-preview:large","max-video-preview":"max-video-preview:-1"},"canonical":"https:\/\/bozita.com\/se\/bonuscard\/","og_locale":"sv_SE","og_type":"article","og_title":"Bonuscard - Digitalt bonuskortsystem f\u00f6r uppf\u00f6dare Bonuscard - Bozita Sverige","og_description":"Du som hunduppf\u00f6dare och medlem i Bozita Breeders Club, f\u00e5r ta del av uppf\u00f6darrabatten via Bonuscard.","og_url":"https:\/\/bozita.com\/se\/bonuscard\/","og_site_name":"Bozita Sverige","article_modified_time":"2025-03-12T09:58:44+00:00","twitter_card":"summary_large_image","schema":{"@context":"https:\/\/schema.org","@graph":[{"@type":"WebPage","@id":"https:\/\/bozita.com\/se\/bonuscard\/","url":"https:\/\/bozita.com\/se\/bonuscard\/","name":"Bonuscard - Digitalt bonuskortsystem f\u00f6r uppf\u00f6dare Bonuscard - Bozita Sverige","isPartOf":{"@id":"https:\/\/bozita.com\/se\/#website"},"datePublished":"2024-01-15T13:01:08+00:00","dateModified":"2025-03-12T09:58:44+00:00","description":"Du som hunduppf\u00f6dare och medlem i Bozita Breeders Club, f\u00e5r ta del av uppf\u00f6darrabatten via Bonuscard.","breadcrumb":{"@id":"https:\/\/bozita.com\/se\/bonuscard\/#breadcrumb"},"inLanguage":"sv-SE","potentialAction":[{"@type":"ReadAction","target":["https:\/\/bozita.com\/se\/bonuscard\/"]}]},{"@type":"BreadcrumbList","@id":"https:\/\/bozita.com\/se\/bonuscard\/#breadcrumb","itemListElement":[{"@type":"ListItem","position":1,"name":"Home","item":"https:\/\/bozita.com\/se\/"},{"@type":"ListItem","position":2,"name":"Bonuscard"}]},{"@type":"WebSite","@id":"https:\/\/bozita.com\/se\/#website","url":"https:\/\/bozita.com\/se\/","name":"Bozita Sverige","description":"","potentialAction":[{"@type":"SearchAction","target":{"@type":"EntryPoint","urlTemplate":"https:\/\/bozita.com\/se\/?s={search_term_string}"},"query-input":"required name=search_term_string"}],"inLanguage":"sv-SE"}]}},"_links":{"self":[{"href":"https:\/\/bozita.com\/se\/wp-json\/wp\/v2\/pages\/9817"}],"collection":[{"href":"https:\/\/bozita.com\/se\/wp-json\/wp\/v2\/pages"}],"about":[{"href":"https:\/\/bozita.com\/se\/wp-json\/wp\/v2\/types\/page"}],"author":[{"embeddable":true,"href":"https:\/\/bozita.com\/se\/wp-json\/wp\/v2\/users\/31"}],"replies":[{"embeddable":true,"href":"https:\/\/bozita.com\/se\/wp-json\/wp\/v2\/comments?post=9817"}],"version-history":[{"count":83,"href":"https:\/\/bozita.com\/se\/wp-json\/wp\/v2\/pages\/9817\/revisions"}],"predecessor-version":[{"id":11167,"href":"https:\/\/bozita.com\/se\/wp-json\/wp\/v2\/pages\/9817\/revisions\/11167"}],"wp:attachment":[{"href":"https:\/\/bozita.com\/se\/wp-json\/wp\/v2\/media?parent=9817"}],"curies":[{"name":"wp","href":"https:\/\/api.w.org\/{rel}","templated":true}]}}